{"id":10669,"date":"2024-03-29T02:18:34","date_gmt":"2024-03-29T00:18:34","guid":{"rendered":"http:\/\/www.silverflame.eu\/?post_type=product&#038;p=10669"},"modified":"2026-01-15T07:46:30","modified_gmt":"2026-01-15T05:46:30","slug":"patio-umbrella-comfort","status":"publish","type":"product","link":"https:\/\/www.silverflame.eu\/et\/toode\/patio-umbrella-comfort\/","title":{"rendered":"Terrassivari \u00abCOMFORT\u00bb"},"content":{"rendered":"<h5><strong>Toote kohta:<\/strong><\/h5>\n<p>&nbsp;<\/p>\n<h5><strong>Terrassivari \u00abCOMFORT\u00bb<\/strong><\/h5>\n<p>Kvaliteetsed ja vastupidavad \u00abCOMFORT\u00bb p\u00e4ikesevarjud sobivad ideaalselt igap\u00e4evaseks kasutamiseks restoranides ja koduaedades. Sobivad ideaalselt p\u00e4ikese ja vihma kaitseks ning v\u00e4lisruumide kaunistamiseks.<\/p>\n<p>&nbsp;<\/p>\n<h5><\/h5>\n<h5><strong>\u00abCOMFORT\u00bb - k\u00f5ige populaarsem terassivarjude klass<\/strong><\/h5>\n<p>\u00abCOMFORT\u00bb p\u00e4ikesevarjud kuuluvad k\u00f5ige populaarsemate p\u00e4ikesevarjude hulka, sest nende hinna ja kvaliteedi suhe on v\u00e4ga hea.<\/p>\n<p>Paljud inimesed on juba proovinud ja v\u00e4ga nautinud nende p\u00e4ikesevarjude funktsionaalsust ja kvaliteetseid materjale. Stiilne disain sobib ideaalselt erinevatele v\u00e4literrassidele v\u00f5i teistesse v\u00e4listingimustesse.<\/p>\n<p>&nbsp;<\/p>\n<h5><\/h5>\n<h5><strong>Kvaliteetne p\u00e4ikesevarju katuse materjal<\/strong><\/h5>\n<p>Kvaliteetsed \u00abCOMFORT\u00bb p\u00e4ikesevarjud on vastupidavad kahjulikule UV-kiirgusele (UV 40+) ja kate on valmistatud 100% veekindlast pol\u00fcestermaterjalist (200 g\/m2). Need omadused ei paku mitte ainult soovitud varju v\u00f5i vihmakaitset, vaid muudavad katte ka kergesti hooldatavaks ja puhastatavaks ning v\u00e4rvi kauakestvaks.<\/p>\n<h5><\/h5>\n<h5><\/h5>\n<h5><strong>\u00abCOMFORT\u00bb on m\u00f5eldud neile, kes soovivad parimat<\/strong><\/h5>\n<p>See on meie k\u00f5ige luksuslikum ja vastupidavam p\u00e4ikesevarjude klass, mis on disainitud kasutades parimaid tehniliste omadustega materjale, et tagada nende p\u00e4ikesevarjude usaldusv\u00e4\u00e4rsus ja silmapaistev kuvand. Kvaliteetne alumiiniumraam ja terasest katusekonstruktsioon. \u00abCOMFORT\u00bb p\u00e4ikesevarju valmistamisel on kasutatud k\u00f5ige kaasaegsemaid tehnoloogiaid struktuuriprofiilide tootmiseks. Alumiiniumraam m\u00f5\u00f5tmetega 64x45 mm on t\u00f6\u00f6stuslikult kaetud korrosioonikindla v\u00e4rviga, mis muudab selle vastupidavaks ja silmale kauniks ka p\u00e4rast pikka kasutamist, ning profiilid on \u00fchendatud tugevate metall\u00fchendustega. Katusekonstruktsioon koosneb kaheksast alumiiniumvardast (22x13 mm) ja on seet\u00f5ttu tugev ja stabiilne.<\/p>\n<h5><\/h5>\n<h5><\/h5>\n<h5><strong>Niiskuskindel - kasutage seda nii vihmase kui ka p\u00e4ikesepaistelise ilmaga<\/strong><\/h5>\n<p>Niiskuskindel p\u00e4ikesevarju kangas on \u00abCOMFORT\u00bb kollektsiooni erip\u00e4ra. Seet\u00f5ttu saad p\u00e4ikesevarje kasutada nii vihma kui ka p\u00e4ikese k\u00e4es.<\/p>\n<p>&nbsp;<\/p>\n<p>&nbsp;<\/p>\n<h5><strong>Tuulekindlus<\/strong><\/h5>\n<p>Nendel p\u00e4ikesevarjudel on tugev jalg ja eriti tugev katusekonstruktsioon, mis muudab need vastupidavamaks kui paljude teiste tootjate p\u00e4ikesevarjud. Maksimaalse stabiilsuse saavutamiseks on vaja t\u00e4iendavat raskusplaati.<\/p>\n<h5><\/h5>\n<h5><\/h5>\n<h5><strong>Reguleeritav p\u00e4ikesevarju asend<\/strong><\/h5>\n<p>See on ka \u00fcks meie k\u00f5ige funktsionaalsem p\u00e4ikesevari! Saad \u00abCOMFORT\u00bb p\u00e4ikesevarju asendit reguleerida isegi kolmes suunas: vertikaalselt, horisontaalselt ja 360 kraadi. See funktsioon v\u00f5imaldab Sul kaitsta end p\u00e4ikese ja vihma eest ilma asukohta muutmata ning saavutada maksimaalne mugavus - saad katta erinevaid piirkondi ilma p\u00e4ikesevarju asukohta muutmata, vastavalt p\u00e4ikesekiirte suunale. Tippkvaliteediga lahtitegemise ja kokkupanemise mehhanism ja asendi reguleerimismehhanismid v\u00f5imaldavad h\u00f5lpsasti muuta p\u00e4ikesevarju asendit vastavalt Sinu vajadustele.<\/p>\n<h5><\/h5>\n<h5><\/h5>\n<h5><strong>Kaasaegne disain ja populaarsed v\u00e4rvid<\/strong><\/h5>\n<p>Kvaliteetseid p\u00e4ikesevarjusid ei iseloomusta mitte ainult kvaliteetsed materjalid ja moodne tootmistehnoloogia, vaid ka kaasaegne disain. Toode sobib ideaalselt neile, kes otsivad p\u00e4ikesevarju, mis t\u00e4idab oma otsest funktsiooni, kuid on \u00fchtlasi stiilne element \u00f5uealal. \u00abCOMFORT\u00bb p\u00e4ikesevarjud on populaarsed ja neid kasutatakse sageli kodude v\u00e4literrassidel, kuid need sobivad suurep\u00e4raselt ka kohvikutesse. Saad valida lausa kolme populaarse v\u00e4rvi vahel: Antratsiit, Hall ja Taupe. Need pehmed toonid sobivad ideaalselt nii loodusesse kui ka linnakeskkonda.<\/p>\n<p>&nbsp;<\/p>\n<p>&nbsp;<\/p>\n<h5><strong>Suur, kuid kompaktne<\/strong><\/h5>\n<p>P\u00e4ikesevari katab lahti tehtuna kuni 7,5 m2 suuruse ala (2,7\u04452,7 m), kuid kokkupanduna on see kompaktne ja v\u00f5tab minimaalselt ruumi, nii et see ei sega, kui Sa ei soovi seda kasutada. See omadus muudab p\u00e4ikesevarju ideaalseks v\u00e4ikeste terrasside ja kohvikute jaoks. Kui soovid tagada oma p\u00e4ikesevarjule maksimaalse kaitse, soovitame osta kaitsekatte, mille saab varjule peale t\u00f5mmata, kui Sa p\u00e4ikesevarju ei kasuta.<\/p>\n<p>&nbsp;<\/p>\n<p>&nbsp;<\/p>\n<p><strong><em>Loe meie toodete kohta veel palju huvitavaid fakte <a href=\"http:\/\/www.silverflame.eu\/et\/blog\/\">blogist!<\/a><\/em><\/strong><\/p>","protected":false},"excerpt":{"rendered":"<p><strong>Shipping time:<\/strong>\u00a03-6 days<\/p>\n<table dir=\"ltr\" border=\"1\" cellspacing=\"0\" cellpadding=\"0\" data-sheets-root=\"1\">\n<colgroup>\n<col width=\"209\" \/>\n<col width=\"455\" \/><\/colgroup>\n<tbody>\n<tr>\n<td data-sheets-value=\"{&quot;1&quot;:2,&quot;2&quot;:&quot;Color&quot;}\">Color<\/td>\n<td data-sheets-value=\"{&quot;1&quot;:2,&quot;2&quot;:&quot;Gray&quot;}\"><span data-sheets-root=\"1\" data-sheets-value=\"{&quot;1&quot;:2,&quot;2&quot;:&quot;Anthracite&quot;}\" data-sheets-userformat=\"{&quot;2&quot;:573,&quot;3&quot;:{&quot;1&quot;:0},&quot;5&quot;:{&quot;1&quot;:[{&quot;1&quot;:2,&quot;2&quot;:0,&quot;5&quot;:{&quot;1&quot;:2,&quot;2&quot;:0}},{&quot;1&quot;:0,&quot;2&quot;:0,&quot;3&quot;:3},{&quot;1&quot;:1,&quot;2&quot;:0,&quot;4&quot;:1}]},&quot;6&quot;:{&quot;1&quot;:[{&quot;1&quot;:2,&quot;2&quot;:0,&quot;5&quot;:{&quot;1&quot;:2,&quot;2&quot;:0}},{&quot;1&quot;:0,&quot;2&quot;:0,&quot;3&quot;:3},{&quot;1&quot;:1,&quot;2&quot;:0,&quot;4&quot;:1}]},&quot;7&quot;:{&quot;1&quot;:[{&quot;1&quot;:2,&quot;2&quot;:0,&quot;5&quot;:{&quot;1&quot;:2,&quot;2&quot;:0}},{&quot;1&quot;:0,&quot;2&quot;:0,&amp;quot;3&quot;:3},{&quot;1&quot;:1,&quot;2&quot;:0,&quot;4&quot;:1}]},&quot;8&quot;:{&quot;1&quot;:[{&quot;1&quot;:2,&quot;2&quot;:0,&quot;5&quot;:{&quot;1&quot;:2,&quot;2&quot;:0}},{&quot;1&quot;:0,&quot;2&quot;:0,&quot;3&quot;:3},{&quot;1&quot;:1,&quot;2&quot;:0,&quot;4&quot;:1}]},&quot;12&quot;:0}\">Anthracite, Gray or Taupe<\/span><\/td>\n<\/tr>\n<tr>\n<td data-sheets-value=\"{&quot;1&quot;:2,&quot;2&quot;:&quot;Size (m)&quot;}\">Size (m)<\/td>\n<td data-sheets-value=\"{&quot;1&quot;:2,&quot;2&quot;:&quot;3 x 3&quot;}\">2,7 x 2,7<\/td>\n<\/tr>\n<tr>\n<td data-sheets-value=\"{&quot;1&quot;:2,&quot;2&quot;:&quot;Durability&quot;}\">Durability<\/td>\n<td data-sheets-value=\"{&quot;1&quot;:2,&quot;2&quot;:&quot;Resistant to rain, sunlight (UV40+)&quot;}\">Resistant to rain, sunlight (UV40+)<\/td>\n<\/tr>\n<tr>\n<td data-sheets-value=\"{&quot;1&quot;:2,&quot;2&quot;:&quot;Profile connections&quot;}\">Profile connections<\/td>\n<td data-sheets-value=\"{&quot;1&quot;:2,&quot;2&quot;:&quot;Metal is designed for extremely frequent use and can withstand heavy loads&quot;}\">Metal is designed for extremely frequent use and can withstand heavy loads<\/td>\n<\/tr>\n<tr>\n<td data-sheets-value=\"{&quot;1&quot;:2,&quot;2&quot;:&quot;Construction features&quot;}\">Construction features<\/td>\n<td data-sheets-value=\"{&quot;1&quot;:2,&quot;2&quot;:&quot;Durable, strong, certified. Manufactured using the most modern construction profile manufacturing technology&quot;}\">\n<div>\n<div>Durable, strong, certified. Manufactured using the most modern construction profile manufacturing technology<\/div>\n<\/div>\n<\/td>\n<\/tr>\n<tr>\n<td data-sheets-value=\"{&quot;1&quot;:2,&quot;2&quot;:&quot;Shaft construction&quot;}\">Frame construction<\/td>\n<td data-sheets-value=\"{&quot;1&quot;:2,&quot;2&quot;:&quot;Round metal shaft (\u230048 mm, color layer thickness 1 mm), industrially coated with corrosion-resistant paint. Profiles are connected to each other with strong metal joints&quot;}\">\n<div>\n<div>Aluminum frame (64\u00d745 mm, thickness of the coating layer 1.5 mm), industrially coated with corrosion-resistant paint. Profiles are connected to each other with strong metal joints<\/div>\n<\/div>\n<\/td>\n<\/tr>\n<tr>\n<td data-sheets-value=\"{&quot;1&quot;:2,&quot;2&quot;:&quot;Roof construction&quot;}\">Roof construction<\/td>\n<td data-sheets-value=\"{&quot;1&quot;:2,&quot;2&quot;:&quot;8 Steel rods (22\u00d713 mm)&quot;}\">8 Aluminum rods (22\u00d713 mm)<\/td>\n<\/tr>\n<tr>\n<td data-sheets-value=\"{&quot;1&quot;:2,&quot;2&quot;:&quot;Sunshade fabric thickness&quot;}\">Thickness of the umbrella fabric<\/td>\n<td data-sheets-value=\"{&quot;1&quot;:2,&quot;2&quot;:&quot;180 g\/m2 100% polyester&quot;}\">200 g\/m2 100% polyester<\/td>\n<\/tr>\n<tr>\n<td data-sheets-value=\"{&quot;1&quot;:2,&quot;2&quot;:&quot;Additional features of the umbrella&quot;}\">Additional features of the umbrella<\/td>\n<td data-sheets-value=\"{&quot;1&quot;:2,&quot;2&quot;:&quot;Rotates 360 degrees\\\\ adjustable horizontally&quot;}\">Rotates 360 degrees\\ adjustable horizontally<\/td>\n<\/tr>\n<tr>\n<td data-sheets-value=\"{&quot;1&quot;:2,&quot;2&quot;:&quot;Umbrella set&quot;}\">Kit<\/td>\n<td data-sheets-value=\"{&quot;1&quot;:2,&quot;2&quot;:&quot;Umbrella structure, roof, guide, cross-shaped metal base&quot;}\">Umbrella structure, roof, guide, cross-shaped metal base<\/td>\n<\/tr>\n<tr>\n<td data-sheets-value=\"{&quot;1&quot;:2,&quot;2&quot;:&quot;Packaging&quot;}\">Packaging<\/td>\n<td data-sheets-value=\"{&quot;1&quot;:2,&quot;2&quot;:&quot;32 x 14 x 172 cm (13.8 kg)&quot;}\">33 x 15 x 200 cm (18.2 kg)<\/td>\n<\/tr>\n<\/tbody>\n<\/table>\n","protected":false},"featured_media":10686,"template":"","meta":{"_monsterinsights_skip_tracking":false,"_monsterinsights_sitenote_active":false,"_monsterinsights_sitenote_note":"","_monsterinsights_sitenote_category":0},"product_brand":[],"product_cat":[172],"product_tag":[229],"class_list":{"0":"post-10669","1":"product","2":"type-product","3":"status-publish","4":"has-post-thumbnail","6":"product_cat-patio-umbrellas","7":"product_tag-patio-umbrella","8":"product_shipping_class-heatum","9":"pa_color-anthracite-color","10":"pa_color-gray-color","11":"pa_color-taupe-color","12":"aux-has-gallery","14":"first","15":"instock","16":"sale","17":"taxable","18":"shipping-taxable","19":"purchasable","20":"product-type-variable"},"yoast_head":"<!-- This site is optimized with the Yoast SEO Premium plugin v24.1 (Yoast SEO v27.4) - https:\/\/yoast.com\/product\/yoast-seo-premium-wordpress\/ -->\n<title>Patio umbrella \u00abCOMFORT\u00bb | SilverFlame<\/title>\n<meta name=\"description\" content=\"The high-quality and durable patio umbrella \u00abCOMFORT\u00bb is ideal for everyday use in restaurants and gardens. They are ideal for protection from sun and rain\" \/>\n<meta name=\"robots\" content=\"index, follow, max-snippet:-1, max-image-preview:large, max-video-preview:-1\" \/>\n<link rel=\"canonical\" href=\"https:\/\/www.silverflame.eu\/et\/toode\/patio-umbrella-comfort\/\" \/>\n<meta property=\"og:locale\" content=\"et_EE\" \/>\n<meta property=\"og:type\" content=\"article\" \/>\n<meta property=\"og:title\" content=\"Patio umbrella \u00abCOMFORT\u00bb\" \/>\n<meta property=\"og:description\" content=\"The high-quality and durable patio umbrella \u00abCOMFORT\u00bb is ideal for everyday use in restaurants and gardens. They are ideal for protection from sun and rain\" \/>\n<meta property=\"og:url\" content=\"https:\/\/www.silverflame.eu\/et\/toode\/patio-umbrella-comfort\/\" \/>\n<meta property=\"og:site_name\" content=\"SilverFlame\" \/>\n<meta property=\"article:publisher\" content=\"https:\/\/www.facebook.com\/SilverFlameEurope\" \/>\n<meta property=\"article:modified_time\" content=\"2026-01-15T05:46:30+00:00\" \/>\n<meta property=\"og:image\" content=\"https:\/\/www.silverflame.eu\/wp-content\/uploads\/2024\/03\/patio-umbrella-taupe-silverflame-comfort.png\" \/>\n\t<meta property=\"og:image:width\" content=\"733\" \/>\n\t<meta property=\"og:image:height\" content=\"734\" \/>\n\t<meta property=\"og:image:type\" content=\"image\/png\" \/>\n<meta name=\"twitter:card\" content=\"summary_large_image\" \/>\n<meta name=\"twitter:label1\" content=\"Est. reading time\" \/>\n\t<meta name=\"twitter:data1\" content=\"3 minutit\" \/>\n<script type=\"application\/ld+json\" class=\"yoast-schema-graph\">{\"@context\":\"https:\\\/\\\/schema.org\",\"@graph\":[{\"@type\":\"WebPage\",\"@id\":\"https:\\\/\\\/www.silverflame.eu\\\/et\\\/toode\\\/patio-umbrella-comfort\\\/\",\"url\":\"https:\\\/\\\/www.silverflame.eu\\\/et\\\/toode\\\/patio-umbrella-comfort\\\/\",\"name\":\"Patio umbrella \u00abCOMFORT\u00bb | SilverFlame\",\"isPartOf\":{\"@id\":\"https:\\\/\\\/www.silverflame.eu\\\/ru\\\/#website\"},\"primaryImageOfPage\":{\"@id\":\"https:\\\/\\\/www.silverflame.eu\\\/et\\\/toode\\\/patio-umbrella-comfort\\\/#primaryimage\"},\"image\":{\"@id\":\"https:\\\/\\\/www.silverflame.eu\\\/et\\\/toode\\\/patio-umbrella-comfort\\\/#primaryimage\"},\"thumbnailUrl\":\"https:\\\/\\\/www.silverflame.eu\\\/wp-content\\\/uploads\\\/2024\\\/03\\\/patio-umbrella-taupe-silverflame-comfort.png\",\"datePublished\":\"2024-03-29T00:18:34+00:00\",\"dateModified\":\"2026-01-15T05:46:30+00:00\",\"description\":\"The high-quality and durable patio umbrella \u00abCOMFORT\u00bb is ideal for everyday use in restaurants and gardens. They are ideal for protection from sun and rain\",\"breadcrumb\":{\"@id\":\"https:\\\/\\\/www.silverflame.eu\\\/et\\\/toode\\\/patio-umbrella-comfort\\\/#breadcrumb\"},\"inLanguage\":\"et\",\"potentialAction\":[{\"@type\":\"ReadAction\",\"target\":[\"https:\\\/\\\/www.silverflame.eu\\\/et\\\/toode\\\/patio-umbrella-comfort\\\/\"]}]},{\"@type\":\"ImageObject\",\"inLanguage\":\"et\",\"@id\":\"https:\\\/\\\/www.silverflame.eu\\\/et\\\/toode\\\/patio-umbrella-comfort\\\/#primaryimage\",\"url\":\"https:\\\/\\\/www.silverflame.eu\\\/wp-content\\\/uploads\\\/2024\\\/03\\\/patio-umbrella-taupe-silverflame-comfort.png\",\"contentUrl\":\"https:\\\/\\\/www.silverflame.eu\\\/wp-content\\\/uploads\\\/2024\\\/03\\\/patio-umbrella-taupe-silverflame-comfort.png\",\"width\":733,\"height\":734,\"caption\":\"patio-umbrella-taupe-silverflame-comfort\"},{\"@type\":\"BreadcrumbList\",\"@id\":\"https:\\\/\\\/www.silverflame.eu\\\/et\\\/toode\\\/patio-umbrella-comfort\\\/#breadcrumb\",\"itemListElement\":[{\"@type\":\"ListItem\",\"position\":1,\"name\":\"Home page\",\"item\":\"https:\\\/\\\/www.silverflame.eu\\\/ru\\\/\"},{\"@type\":\"ListItem\",\"position\":2,\"name\":\"Shop\",\"item\":\"https:\\\/\\\/www.silverflame.eu\\\/ru\\\/shop\\\/\"},{\"@type\":\"ListItem\",\"position\":3,\"name\":\"Patio umbrella \u00abCOMFORT\u00bb\"}]},{\"@type\":\"WebSite\",\"@id\":\"https:\\\/\\\/www.silverflame.eu\\\/ru\\\/#website\",\"url\":\"https:\\\/\\\/www.silverflame.eu\\\/ru\\\/\",\"name\":\"SilverFlame\",\"description\":\"Biofireplaces | biokaminad | biotakat | bioeldst\u00e4der\",\"publisher\":{\"@id\":\"https:\\\/\\\/www.silverflame.eu\\\/ru\\\/#organization\"},\"potentialAction\":[{\"@type\":\"SearchAction\",\"target\":{\"@type\":\"EntryPoint\",\"urlTemplate\":\"https:\\\/\\\/www.silverflame.eu\\\/ru\\\/?s={search_term_string}\"},\"query-input\":{\"@type\":\"PropertyValueSpecification\",\"valueRequired\":true,\"valueName\":\"search_term_string\"}}],\"inLanguage\":\"et\"},{\"@type\":\"Organization\",\"@id\":\"https:\\\/\\\/www.silverflame.eu\\\/ru\\\/#organization\",\"name\":\"Silsev O\u00dc\",\"url\":\"https:\\\/\\\/www.silverflame.eu\\\/ru\\\/\",\"logo\":{\"@type\":\"ImageObject\",\"inLanguage\":\"et\",\"@id\":\"https:\\\/\\\/www.silverflame.eu\\\/ru\\\/#\\\/schema\\\/logo\\\/image\\\/\",\"url\":\"http:\\\/\\\/www.silverflame.eu\\\/wp-content\\\/uploads\\\/2021\\\/11\\\/SilverFlame_Biofireplaces-shop-in-EU_Big-logo.png\",\"contentUrl\":\"http:\\\/\\\/www.silverflame.eu\\\/wp-content\\\/uploads\\\/2021\\\/11\\\/SilverFlame_Biofireplaces-shop-in-EU_Big-logo.png\",\"width\":349,\"height\":478,\"caption\":\"Silsev O\u00dc\"},\"image\":{\"@id\":\"https:\\\/\\\/www.silverflame.eu\\\/ru\\\/#\\\/schema\\\/logo\\\/image\\\/\"},\"sameAs\":[\"https:\\\/\\\/www.facebook.com\\\/SilverFlameEurope\",\"https:\\\/\\\/www.instagram.com\\\/silverflame.eu\\\/\",\"https:\\\/\\\/www.youtube.com\\\/@SilverFlame-Biofireplaces\"],\"description\":\"Welcome to our online store, your one-stop destination for high-quality bioethanol fireplaces, gas heaters, infrared heaters, pop-up tents, patio umbrellas, and more. We specialize in delivering eco-friendly heating solutions and outdoor living products across Europe. Our selection is designed for comfort, style, and sustainability, ensuring that your home and outdoor spaces are both cozy and modern. Enjoy fast shipping, competitive prices, and exceptional customer service with every purchase.\",\"email\":\"info@silverflame.eu\",\"legalName\":\"Silsev O\u00dc\",\"publishingPrinciples\":\"https:\\\/\\\/www.silverflame.eu\\\/ru\\\/about-us\\\/\"}]}<\/script>\n<!-- \/ Yoast SEO Premium plugin. -->","yoast_head_json":{"title":"Patio umbrella \u00abCOMFORT\u00bb | SilverFlame","description":"The high-quality and durable patio umbrella \u00abCOMFORT\u00bb is ideal for everyday use in restaurants and gardens. They are ideal for protection from sun and rain","robots":{"index":"index","follow":"follow","max-snippet":"max-snippet:-1","max-image-preview":"max-image-preview:large","max-video-preview":"max-video-preview:-1"},"canonical":"https:\/\/www.silverflame.eu\/et\/toode\/patio-umbrella-comfort\/","og_locale":"et_EE","og_type":"article","og_title":"Patio umbrella \u00abCOMFORT\u00bb","og_description":"The high-quality and durable patio umbrella \u00abCOMFORT\u00bb is ideal for everyday use in restaurants and gardens. They are ideal for protection from sun and rain","og_url":"https:\/\/www.silverflame.eu\/et\/toode\/patio-umbrella-comfort\/","og_site_name":"SilverFlame","article_publisher":"https:\/\/www.facebook.com\/SilverFlameEurope","article_modified_time":"2026-01-15T05:46:30+00:00","og_image":[{"width":733,"height":734,"url":"https:\/\/www.silverflame.eu\/wp-content\/uploads\/2024\/03\/patio-umbrella-taupe-silverflame-comfort.png","type":"image\/png"}],"twitter_card":"summary_large_image","twitter_misc":{"Est. reading time":"3 minutit"},"schema":{"@context":"https:\/\/schema.org","@graph":[{"@type":"WebPage","@id":"https:\/\/www.silverflame.eu\/et\/toode\/patio-umbrella-comfort\/","url":"https:\/\/www.silverflame.eu\/et\/toode\/patio-umbrella-comfort\/","name":"Patio umbrella \u00abCOMFORT\u00bb | SilverFlame","isPartOf":{"@id":"https:\/\/www.silverflame.eu\/ru\/#website"},"primaryImageOfPage":{"@id":"https:\/\/www.silverflame.eu\/et\/toode\/patio-umbrella-comfort\/#primaryimage"},"image":{"@id":"https:\/\/www.silverflame.eu\/et\/toode\/patio-umbrella-comfort\/#primaryimage"},"thumbnailUrl":"https:\/\/www.silverflame.eu\/wp-content\/uploads\/2024\/03\/patio-umbrella-taupe-silverflame-comfort.png","datePublished":"2024-03-29T00:18:34+00:00","dateModified":"2026-01-15T05:46:30+00:00","description":"The high-quality and durable patio umbrella \u00abCOMFORT\u00bb is ideal for everyday use in restaurants and gardens. They are ideal for protection from sun and rain","breadcrumb":{"@id":"https:\/\/www.silverflame.eu\/et\/toode\/patio-umbrella-comfort\/#breadcrumb"},"inLanguage":"et","potentialAction":[{"@type":"ReadAction","target":["https:\/\/www.silverflame.eu\/et\/toode\/patio-umbrella-comfort\/"]}]},{"@type":"ImageObject","inLanguage":"et","@id":"https:\/\/www.silverflame.eu\/et\/toode\/patio-umbrella-comfort\/#primaryimage","url":"https:\/\/www.silverflame.eu\/wp-content\/uploads\/2024\/03\/patio-umbrella-taupe-silverflame-comfort.png","contentUrl":"https:\/\/www.silverflame.eu\/wp-content\/uploads\/2024\/03\/patio-umbrella-taupe-silverflame-comfort.png","width":733,"height":734,"caption":"patio-umbrella-taupe-silverflame-comfort"},{"@type":"BreadcrumbList","@id":"https:\/\/www.silverflame.eu\/et\/toode\/patio-umbrella-comfort\/#breadcrumb","itemListElement":[{"@type":"ListItem","position":1,"name":"Home page","item":"https:\/\/www.silverflame.eu\/ru\/"},{"@type":"ListItem","position":2,"name":"Shop","item":"https:\/\/www.silverflame.eu\/ru\/shop\/"},{"@type":"ListItem","position":3,"name":"Patio umbrella \u00abCOMFORT\u00bb"}]},{"@type":"WebSite","@id":"https:\/\/www.silverflame.eu\/ru\/#website","url":"https:\/\/www.silverflame.eu\/ru\/","name":"SilverFlame","description":"Biofireplaces | biokaminad | biotakat | bioeldst\u00e4der","publisher":{"@id":"https:\/\/www.silverflame.eu\/ru\/#organization"},"potentialAction":[{"@type":"SearchAction","target":{"@type":"EntryPoint","urlTemplate":"https:\/\/www.silverflame.eu\/ru\/?s={search_term_string}"},"query-input":{"@type":"PropertyValueSpecification","valueRequired":true,"valueName":"search_term_string"}}],"inLanguage":"et"},{"@type":"Organization","@id":"https:\/\/www.silverflame.eu\/ru\/#organization","name":"Silsev O\u00dc","url":"https:\/\/www.silverflame.eu\/ru\/","logo":{"@type":"ImageObject","inLanguage":"et","@id":"https:\/\/www.silverflame.eu\/ru\/#\/schema\/logo\/image\/","url":"http:\/\/www.silverflame.eu\/wp-content\/uploads\/2021\/11\/SilverFlame_Biofireplaces-shop-in-EU_Big-logo.png","contentUrl":"http:\/\/www.silverflame.eu\/wp-content\/uploads\/2021\/11\/SilverFlame_Biofireplaces-shop-in-EU_Big-logo.png","width":349,"height":478,"caption":"Silsev O\u00dc"},"image":{"@id":"https:\/\/www.silverflame.eu\/ru\/#\/schema\/logo\/image\/"},"sameAs":["https:\/\/www.facebook.com\/SilverFlameEurope","https:\/\/www.instagram.com\/silverflame.eu\/","https:\/\/www.youtube.com\/@SilverFlame-Biofireplaces"],"description":"Welcome to our online store, your one-stop destination for high-quality bioethanol fireplaces, gas heaters, infrared heaters, pop-up tents, patio umbrellas, and more. We specialize in delivering eco-friendly heating solutions and outdoor living products across Europe. Our selection is designed for comfort, style, and sustainability, ensuring that your home and outdoor spaces are both cozy and modern. Enjoy fast shipping, competitive prices, and exceptional customer service with every purchase.","email":"info@silverflame.eu","legalName":"Silsev O\u00dc","publishingPrinciples":"https:\/\/www.silverflame.eu\/ru\/about-us\/"}]}},"_links":{"self":[{"href":"https:\/\/www.silverflame.eu\/et\/wp-json\/wp\/v2\/product\/10669","targetHints":{"allow":["GET"]}}],"collection":[{"href":"https:\/\/www.silverflame.eu\/et\/wp-json\/wp\/v2\/product"}],"about":[{"href":"https:\/\/www.silverflame.eu\/et\/wp-json\/wp\/v2\/types\/product"}],"wp:featuredmedia":[{"embeddable":true,"href":"https:\/\/www.silverflame.eu\/et\/wp-json\/wp\/v2\/media\/10686"}],"wp:attachment":[{"href":"https:\/\/www.silverflame.eu\/et\/wp-json\/wp\/v2\/media?parent=10669"}],"wp:term":[{"taxonomy":"product_brand","embeddable":true,"href":"https:\/\/www.silverflame.eu\/et\/wp-json\/wp\/v2\/product_brand?post=10669"},{"taxonomy":"product_cat","embeddable":true,"href":"https:\/\/www.silverflame.eu\/et\/wp-json\/wp\/v2\/product_cat?post=10669"},{"taxonomy":"product_tag","embeddable":true,"href":"https:\/\/www.silverflame.eu\/et\/wp-json\/wp\/v2\/product_tag?post=10669"}],"curies":[{"name":"wp","href":"https:\/\/api.w.org\/{rel}","templated":true}]}}