{"id":10796,"date":"2024-03-31T01:34:31","date_gmt":"2024-03-30T23:34:31","guid":{"rendered":"http:\/\/www.silverflame.eu\/?post_type=product&#038;p=10796"},"modified":"2024-10-22T12:59:08","modified_gmt":"2024-10-22T09:59:08","slug":"gas-heater-alonzo","status":"publish","type":"product","link":"https:\/\/www.silverflame.eu\/et\/toode\/gas-heater-alonzo\/","title":{"rendered":"Gaasisoojendi \u00abALONZO\u00bb"},"content":{"rendered":"<h5><strong>Toote kohta:<\/strong><\/h5>\n<p><strong>Gaasisoojendi \u00abALONZO\u00bb<\/strong><\/p>\n<p>&nbsp;<\/p>\n<p>See soojendi pakub parimat kvaliteedi, hinna ja disaini kombinatsiooni. Need soojendid on valmistatud \u00e4\u00e4rmiselt vastupidavast, kauakestvast ja kuumakindlast roostevabast terasest materjalist, seega kestavad need aastaid ja aastaid ilma oma esteetilist v\u00e4limust kaotamata. Soojendi p\u00f5hjas olevad rattad v\u00f5imaldavad seda h\u00f5lpsasti \u00fcmber paigutada. Kui k\u00fcttekeha sisse l\u00fclitada, hakkab see koheselt meeldivat soojust kiirgama ning s\u00f5ltuvalt ilmastikutingimustest saad soojuse seadistust juhtpaneeliga h\u00f5lpsasti reguleerida. Lisaks oma otsesele funktsioonile loovad soojendid ka hubase tunde ja silmale meeldiva valguse.<\/p>\n<p>&nbsp;<\/p>\n<p>&nbsp;<\/p>\n<h5><strong>Gaasisoojendi \u00abALONZO\u00bb on kasutusvalmis<\/strong><\/h5>\n<p>Soojendi valimisel p\u00f6\u00f6ra t\u00e4helepanu selle komponentidele. Kui Sa ei ole varem soojendit ostnud, v\u00f5id teistest kauplustest soetades pettuda, sest teatud tarvikud ei pruugi soojendi hinnas sisalduda. K\u00f5ige tavalisemad osad on regulaator ja gaasivoolik - ilma nende osadeta soojendi ei t\u00f6\u00f6ta. Soovime r\u00f5hutada, et meie soojendi on komplektne ja sisaldab k\u00f5iki seadmeid, mida soojendi kasutamiseks vajad. Pole vaja teha muud, kui osta lisaks gaasiballoon.<\/p>\n<p>&nbsp;<\/p>\n<p>&nbsp;<\/p>\n<h5><strong>Parem kui sarnase kujuga konkurendid<\/strong><\/h5>\n<p>Meie gaasisoojendil on teiste sarnase kujuga gaasisoojendite ees palju eeliseid. Soojendi on juba populaarne ja meie klientide poolt hinnatud. Siin on m\u00f5ned omadused, mis muudavad selle soojendi eriliseks:<\/p>\n<p>&nbsp;<\/p>\n<ul>\n<li>Sellel soojendil on v\u00e4ga vastupidavad ja kvaliteetsed transpordirattad, mis muudavad soojendi teise kohta \u00fcmberpaigutamise lihtsaks ja muretuteks. See on v\u00e4ga mugav, kui sinu soojendit kasutatakse erinevates kohtades. N\u00e4iteks restoranis valitakse selle asukoht see s\u00f5ltuvalt sellest, kus kliendid istuvad, v\u00f5i kodus, kui soovid soojendi garaa\u017ei v\u00f5i mujale paigutada, kui seda parasjagu ei kasuta.<\/li>\n<li>Selle soojendi konstruktsioon on t\u00e4iendavalt tugevdatud ja seda on lihtne kokku panna. Soojendi valmistamiseks kasutatud roostevaba teras on paksem kui enamikel sellisel kujul m\u00fc\u00fcdavate soojenditel. Seet\u00f5ttu v\u00f5ivad meie m\u00fc\u00fcdavad soojendid olla mitu kilogrammi raskemad kui teistel tootjatel. Kaaluerinevus pole transportimisel v\u00f5i \u00fclesseadmisel m\u00e4rgatav, kuid see m\u00f5jutab oluliselt k\u00fcttekeha enda vastupidavust, eriti tuulisel p\u00e4eval.<\/li>\n<li>Soojendi on korrosioonikindel. Seet\u00f5ttu v\u00f5id olla kindel, et saad vastupidava ja usaldusv\u00e4\u00e4rse k\u00fcttelahenduse.<\/li>\n<\/ul>\n<p>&nbsp;<\/p>\n<p>&nbsp;<\/p>\n<h5><strong>Loodud kasutusmugavuse tagamiseks<\/strong><\/h5>\n<p>Selle soojendi v\u00e4ljat\u00f6\u00f6tamisel on arvesse v\u00f5etud tootja aastatepikkust kogemust k\u00fctteseadmete turul. See soojendi sisaldab palju elemente, mis pole k\u00fcll n\u00e4htavad, kuid on kasutajale kasulikud:<\/p>\n<ul>\n<li>\u00c4\u00e4rmiselt lihtne kasutada. Soojendi sissel\u00fclitamiseks piisab gaasiballooni \u00fchendamisest, gaasi v\u00e4ljal\u00fclitamisest ja s\u00fc\u00fctenupu vajutamisest. K\u00fctte intensiivsust saab reguleerida hoova abil.<\/li>\n<li>Uue p\u00f5lvkonna niiskuskindel PIEZO s\u00fc\u00fcteelement. Seda s\u00fc\u00fcteelementi toidab patarei, mida saab osta igast poest. Vaid \u00fche patarei toel kestab k\u00fctteseade pikka aega ja kui oled sellele kord patarei sisse pannud, v\u00f5id selle t\u00e4iesti \u00e4ra unustada.<\/li>\n<\/ul>\n<p>&nbsp;<\/p>\n<p>&nbsp;<\/p>\n<h5><strong>Turvaline soojendi. Ideaalne nii koduseks kui ka kaubanduslikuks kasutamiseks<\/strong><\/h5>\n<ul>\n<li>Soojendi kustutab automaatselt tule ja katkestab gaasivarustuse, kui soojendi on kallutatud 45-kraadise v\u00f5i suurema nurga all.<\/li>\n<li>K\u00fctteseade on konstrueeritud nii, et see takistab lahtise leegi levikut.<\/li>\n<li>Gaasiballoonil on integreeritud balloonikinnitused gaasiballooni mahuti jaoks. Kui soojendi on kallutatud v\u00f5i kukub \u00fcmber, j\u00e4\u00e4b gaasiballoon mahutisse ja ei kuku v\u00e4lja.<\/li>\n<\/ul>\n<p>&nbsp;<\/p>\n<p><strong><em>Loe meie toodete kohta veel palju huvitavaid fakte <a href=\"http:\/\/www.silverflame.eu\/et\/blog\/\">blogist!<\/a><\/em><\/strong><\/p>","protected":false},"excerpt":{"rendered":"<p><strong>Tarne aeg:<\/strong>\u00a03-6 p\u00e4eva<\/p>\n<table dir=\"ltr\" border=\"1\" cellspacing=\"0\" cellpadding=\"0\" data-sheets-root=\"1\">\n<colgroup>\n<col width=\"182\" \/>\n<col width=\"380\" \/><\/colgroup>\n<tbody>\n<tr>\n<td data-sheets-value=\"{&quot;1&quot;:2,&quot;2&quot;:&quot;Heated area (m\u00b2)&quot;}\">K\u00f6etav pind (m\u00b2)<\/td>\n<td data-sheets-value=\"{&quot;1&quot;:3,&quot;3&quot;:24}\">24<\/td>\n<\/tr>\n<tr>\n<td data-sheets-value=\"{&quot;1&quot;:2,&quot;2&quot;:&quot;Heating power&quot;}\">K\u00fcttev\u00f5imsus<\/td>\n<td data-sheets-value=\"{&quot;1&quot;:2,&quot;2&quot;:&quot;Up to 13500 W&quot;}\">Kuni 13500 W<\/td>\n<\/tr>\n<tr>\n<td data-sheets-value=\"{&quot;1&quot;:2,&quot;2&quot;:&quot;Gas type&quot;}\">Gaasi t\u00fc\u00fcp<\/td>\n<td data-sheets-value=\"{&quot;1&quot;:2,&quot;2&quot;:&quot;Butane\/propane or their mixture&quot;}\">Butaan\/propaan v\u00f5i nende segu<\/td>\n<\/tr>\n<tr>\n<td data-sheets-value=\"{&quot;1&quot;:2,&quot;2&quot;:&quot;Gas consumption&quot;}\">Gaasi kulu<\/td>\n<td data-sheets-value=\"{&quot;1&quot;:2,&quot;2&quot;:&quot;0.45 kg\/h - 0.87 kg\/h&quot;}\">0.45 kg\/h &#8211; 0.87 kg\/h<\/td>\n<\/tr>\n<tr>\n<td data-sheets-value=\"{&quot;1&quot;:2,&quot;2&quot;:&quot;Automatic shutdown&quot;}\">Automaatne v\u00e4ljal\u00fclitamine<\/td>\n<td data-sheets-value=\"{&quot;1&quot;:2,&quot;2&quot;:&quot;Yes. If the gas heater tips over, it automatically shuts off&quot;}\">Jah. Kui gaasisoojendi \u00fcmber l\u00e4heb, l\u00fclitub see automaatselt v\u00e4lja<\/td>\n<\/tr>\n<tr>\n<td data-sheets-value=\"{&quot;1&quot;:2,&quot;2&quot;:&quot;Protection against gas leaks&quot;}\">Kaitse gaasilekke eest<\/td>\n<td data-sheets-value=\"{&quot;1&quot;:2,&quot;2&quot;:&quot;Yes&quot;}\">Jah<\/td>\n<\/tr>\n<tr>\n<td data-sheets-value=\"{&quot;1&quot;:2,&quot;2&quot;:&quot;Heater set&quot;}\">Soojendi komplekt<\/td>\n<td data-sheets-value=\"{&quot;1&quot;:2,&quot;2&quot;:&quot;Heater, gas pressure regulator, reducer, hose, transport wheels&quot;}\">Soojendi, gaasir\u00f5hu regulaator, reduktor, voolik, transpordirattad<\/td>\n<\/tr>\n<tr>\n<td data-sheets-value=\"{&quot;1&quot;:2,&quot;2&quot;:&quot;Heater body&quot;}\">Soojendi korpus<\/td>\n<td data-sheets-value=\"{&quot;1&quot;:2,&quot;2&quot;:&quot;Stainless steel&quot;}\">Roostevaba teras<\/td>\n<\/tr>\n<tr>\n<td data-sheets-value=\"{&quot;1&quot;:2,&quot;2&quot;:&quot;Height (cm)&quot;}\">K\u00f5rgus (cm)<\/td>\n<td data-sheets-value=\"{&quot;1&quot;:3,&quot;3&quot;:225}\">225<\/td>\n<\/tr>\n<tr>\n<td data-sheets-value=\"{&quot;1&quot;:2,&quot;2&quot;:&quot;Base diameter (cm)&quot;}\">Aluse l\u00e4bim\u00f5\u00f5t<\/td>\n<td data-sheets-value=\"{&quot;1&quot;:3,&quot;3&quot;:46}\">46<\/td>\n<\/tr>\n<tr>\n<td data-sheets-value=\"{&quot;1&quot;:2,&quot;2&quot;:&quot;Weight (kg)&quot;}\">Kaal (kg)<\/td>\n<td data-sheets-value=\"{&quot;1&quot;:3,&quot;3&quot;:18}\">18<\/td>\n<\/tr>\n<tr>\n<td data-sheets-value=\"{&quot;1&quot;:2,&quot;2&quot;:&quot;Color&quot;}\">V\u00e4rv<\/td>\n<td data-sheets-value=\"{&quot;1&quot;:2,&quot;2&quot;:&quot;Silver&quot;}\">H\u00f5bedane<\/td>\n<\/tr>\n<tr>\n<td data-sheets-value=\"{&quot;1&quot;:2,&quot;2&quot;:&quot;Packaging&quot;}\">Pakend<\/td>\n<td data-sheets-value=\"{&quot;1&quot;:2,&quot;2&quot;:&quot;30 x 30 x 120 cm (16,3 kg)&quot;}\">45 x 88 x 45 cm (18 kg)<\/td>\n<\/tr>\n<\/tbody>\n<\/table>\n<p>&nbsp;<\/p>","protected":false},"featured_media":10812,"template":"","meta":{"_monsterinsights_skip_tracking":false,"_monsterinsights_sitenote_active":false,"_monsterinsights_sitenote_note":"","_monsterinsights_sitenote_category":0},"product_brand":[],"product_cat":[123],"product_tag":[230],"class_list":{"0":"post-10796","1":"product","2":"type-product","3":"status-publish","4":"has-post-thumbnail","6":"product_cat-gas-and-infrared-heaters","7":"product_tag-gas-heater","8":"product_shipping_class-heatum","9":"pa_color-silver-color","10":"aux-has-gallery","12":"first","13":"instock","14":"sale","15":"taxable","16":"shipping-taxable","17":"purchasable","18":"product-type-simple"},"yoast_head":"<!-- This site is optimized with the Yoast SEO Premium plugin v24.1 (Yoast SEO v27.4) - https:\/\/yoast.com\/product\/yoast-seo-premium-wordpress\/ -->\n<title>Gas heater \u00abALONZO\u00bb | SilverFlame<\/title>\n<meta name=\"description\" content=\"Gas heater \u00abALONZO\u00bbThis heater offers the best combination of quality, price, and design. These heaters are made of extremely durable, long-lasting, and ...\" \/>\n<meta name=\"robots\" content=\"index, follow, max-snippet:-1, max-image-preview:large, max-video-preview:-1\" \/>\n<link rel=\"canonical\" href=\"https:\/\/www.silverflame.eu\/et\/toode\/gas-heater-alonzo\/\" \/>\n<meta property=\"og:locale\" content=\"et_EE\" \/>\n<meta property=\"og:type\" content=\"article\" \/>\n<meta property=\"og:title\" content=\"Gas heater \u00abALONZO\u00bb\" \/>\n<meta property=\"og:description\" content=\"Gas heater \u00abALONZO\u00bbThis heater offers the best combination of quality, price, and design. These heaters are made of extremely durable, long-lasting, and ...\" \/>\n<meta property=\"og:url\" content=\"https:\/\/www.silverflame.eu\/et\/toode\/gas-heater-alonzo\/\" \/>\n<meta property=\"og:site_name\" content=\"SilverFlame\" \/>\n<meta property=\"article:publisher\" content=\"https:\/\/www.facebook.com\/SilverFlameEurope\" \/>\n<meta property=\"article:modified_time\" content=\"2024-10-22T09:59:08+00:00\" \/>\n<meta property=\"og:image\" content=\"https:\/\/www.silverflame.eu\/wp-content\/uploads\/2024\/03\/gas-heater-silverflame-alonzo.png\" \/>\n\t<meta property=\"og:image:width\" content=\"733\" \/>\n\t<meta property=\"og:image:height\" content=\"734\" \/>\n\t<meta property=\"og:image:type\" content=\"image\/png\" \/>\n<meta name=\"twitter:card\" content=\"summary_large_image\" \/>\n<meta name=\"twitter:label1\" content=\"Est. reading time\" \/>\n\t<meta name=\"twitter:data1\" content=\"3 minutit\" \/>\n<script type=\"application\/ld+json\" class=\"yoast-schema-graph\">{\"@context\":\"https:\\\/\\\/schema.org\",\"@graph\":[{\"@type\":\"WebPage\",\"@id\":\"https:\\\/\\\/www.silverflame.eu\\\/et\\\/toode\\\/gas-heater-alonzo\\\/\",\"url\":\"https:\\\/\\\/www.silverflame.eu\\\/et\\\/toode\\\/gas-heater-alonzo\\\/\",\"name\":\"Gas heater \u00abALONZO\u00bb | SilverFlame\",\"isPartOf\":{\"@id\":\"https:\\\/\\\/www.silverflame.eu\\\/ru\\\/#website\"},\"primaryImageOfPage\":{\"@id\":\"https:\\\/\\\/www.silverflame.eu\\\/et\\\/toode\\\/gas-heater-alonzo\\\/#primaryimage\"},\"image\":{\"@id\":\"https:\\\/\\\/www.silverflame.eu\\\/et\\\/toode\\\/gas-heater-alonzo\\\/#primaryimage\"},\"thumbnailUrl\":\"https:\\\/\\\/www.silverflame.eu\\\/wp-content\\\/uploads\\\/2024\\\/03\\\/gas-heater-silverflame-alonzo.png\",\"datePublished\":\"2024-03-30T23:34:31+00:00\",\"dateModified\":\"2024-10-22T09:59:08+00:00\",\"description\":\"Gas heater \u00abALONZO\u00bbThis heater offers the best combination of quality, price, and design. These heaters are made of extremely durable, long-lasting, and ...\",\"breadcrumb\":{\"@id\":\"https:\\\/\\\/www.silverflame.eu\\\/et\\\/toode\\\/gas-heater-alonzo\\\/#breadcrumb\"},\"inLanguage\":\"et\",\"potentialAction\":[{\"@type\":\"ReadAction\",\"target\":[\"https:\\\/\\\/www.silverflame.eu\\\/et\\\/toode\\\/gas-heater-alonzo\\\/\"]}]},{\"@type\":\"ImageObject\",\"inLanguage\":\"et\",\"@id\":\"https:\\\/\\\/www.silverflame.eu\\\/et\\\/toode\\\/gas-heater-alonzo\\\/#primaryimage\",\"url\":\"https:\\\/\\\/www.silverflame.eu\\\/wp-content\\\/uploads\\\/2024\\\/03\\\/gas-heater-silverflame-alonzo.png\",\"contentUrl\":\"https:\\\/\\\/www.silverflame.eu\\\/wp-content\\\/uploads\\\/2024\\\/03\\\/gas-heater-silverflame-alonzo.png\",\"width\":733,\"height\":734,\"caption\":\"Portable gas heater Alonzo with adjustable height and high power output, ideal for indoor heating solutions.\"},{\"@type\":\"BreadcrumbList\",\"@id\":\"https:\\\/\\\/www.silverflame.eu\\\/et\\\/toode\\\/gas-heater-alonzo\\\/#breadcrumb\",\"itemListElement\":[{\"@type\":\"ListItem\",\"position\":1,\"name\":\"Home page\",\"item\":\"https:\\\/\\\/www.silverflame.eu\\\/ru\\\/\"},{\"@type\":\"ListItem\",\"position\":2,\"name\":\"Shop\",\"item\":\"https:\\\/\\\/www.silverflame.eu\\\/ru\\\/shop\\\/\"},{\"@type\":\"ListItem\",\"position\":3,\"name\":\"Gas heater \u00abALONZO\u00bb\"}]},{\"@type\":\"WebSite\",\"@id\":\"https:\\\/\\\/www.silverflame.eu\\\/ru\\\/#website\",\"url\":\"https:\\\/\\\/www.silverflame.eu\\\/ru\\\/\",\"name\":\"SilverFlame\",\"description\":\"Biofireplaces | biokaminad | biotakat | bioeldst\u00e4der\",\"publisher\":{\"@id\":\"https:\\\/\\\/www.silverflame.eu\\\/ru\\\/#organization\"},\"potentialAction\":[{\"@type\":\"SearchAction\",\"target\":{\"@type\":\"EntryPoint\",\"urlTemplate\":\"https:\\\/\\\/www.silverflame.eu\\\/ru\\\/?s={search_term_string}\"},\"query-input\":{\"@type\":\"PropertyValueSpecification\",\"valueRequired\":true,\"valueName\":\"search_term_string\"}}],\"inLanguage\":\"et\"},{\"@type\":\"Organization\",\"@id\":\"https:\\\/\\\/www.silverflame.eu\\\/ru\\\/#organization\",\"name\":\"Silsev O\u00dc\",\"url\":\"https:\\\/\\\/www.silverflame.eu\\\/ru\\\/\",\"logo\":{\"@type\":\"ImageObject\",\"inLanguage\":\"et\",\"@id\":\"https:\\\/\\\/www.silverflame.eu\\\/ru\\\/#\\\/schema\\\/logo\\\/image\\\/\",\"url\":\"http:\\\/\\\/www.silverflame.eu\\\/wp-content\\\/uploads\\\/2021\\\/11\\\/SilverFlame_Biofireplaces-shop-in-EU_Big-logo.png\",\"contentUrl\":\"http:\\\/\\\/www.silverflame.eu\\\/wp-content\\\/uploads\\\/2021\\\/11\\\/SilverFlame_Biofireplaces-shop-in-EU_Big-logo.png\",\"width\":349,\"height\":478,\"caption\":\"Silsev O\u00dc\"},\"image\":{\"@id\":\"https:\\\/\\\/www.silverflame.eu\\\/ru\\\/#\\\/schema\\\/logo\\\/image\\\/\"},\"sameAs\":[\"https:\\\/\\\/www.facebook.com\\\/SilverFlameEurope\",\"https:\\\/\\\/www.instagram.com\\\/silverflame.eu\\\/\",\"https:\\\/\\\/www.youtube.com\\\/@SilverFlame-Biofireplaces\"],\"description\":\"Welcome to our online store, your one-stop destination for high-quality bioethanol fireplaces, gas heaters, infrared heaters, pop-up tents, patio umbrellas, and more. We specialize in delivering eco-friendly heating solutions and outdoor living products across Europe. Our selection is designed for comfort, style, and sustainability, ensuring that your home and outdoor spaces are both cozy and modern. Enjoy fast shipping, competitive prices, and exceptional customer service with every purchase.\",\"email\":\"info@silverflame.eu\",\"legalName\":\"Silsev O\u00dc\",\"publishingPrinciples\":\"https:\\\/\\\/www.silverflame.eu\\\/ru\\\/about-us\\\/\"}]}<\/script>\n<!-- \/ Yoast SEO Premium plugin. -->","yoast_head_json":{"title":"Gas heater \u00abALONZO\u00bb | SilverFlame","description":"Gas heater \u00abALONZO\u00bbThis heater offers the best combination of quality, price, and design. These heaters are made of extremely durable, long-lasting, and ...","robots":{"index":"index","follow":"follow","max-snippet":"max-snippet:-1","max-image-preview":"max-image-preview:large","max-video-preview":"max-video-preview:-1"},"canonical":"https:\/\/www.silverflame.eu\/et\/toode\/gas-heater-alonzo\/","og_locale":"et_EE","og_type":"article","og_title":"Gas heater \u00abALONZO\u00bb","og_description":"Gas heater \u00abALONZO\u00bbThis heater offers the best combination of quality, price, and design. These heaters are made of extremely durable, long-lasting, and ...","og_url":"https:\/\/www.silverflame.eu\/et\/toode\/gas-heater-alonzo\/","og_site_name":"SilverFlame","article_publisher":"https:\/\/www.facebook.com\/SilverFlameEurope","article_modified_time":"2024-10-22T09:59:08+00:00","og_image":[{"width":733,"height":734,"url":"https:\/\/www.silverflame.eu\/wp-content\/uploads\/2024\/03\/gas-heater-silverflame-alonzo.png","type":"image\/png"}],"twitter_card":"summary_large_image","twitter_misc":{"Est. reading time":"3 minutit"},"schema":{"@context":"https:\/\/schema.org","@graph":[{"@type":"WebPage","@id":"https:\/\/www.silverflame.eu\/et\/toode\/gas-heater-alonzo\/","url":"https:\/\/www.silverflame.eu\/et\/toode\/gas-heater-alonzo\/","name":"Gas heater \u00abALONZO\u00bb | SilverFlame","isPartOf":{"@id":"https:\/\/www.silverflame.eu\/ru\/#website"},"primaryImageOfPage":{"@id":"https:\/\/www.silverflame.eu\/et\/toode\/gas-heater-alonzo\/#primaryimage"},"image":{"@id":"https:\/\/www.silverflame.eu\/et\/toode\/gas-heater-alonzo\/#primaryimage"},"thumbnailUrl":"https:\/\/www.silverflame.eu\/wp-content\/uploads\/2024\/03\/gas-heater-silverflame-alonzo.png","datePublished":"2024-03-30T23:34:31+00:00","dateModified":"2024-10-22T09:59:08+00:00","description":"Gas heater \u00abALONZO\u00bbThis heater offers the best combination of quality, price, and design. These heaters are made of extremely durable, long-lasting, and ...","breadcrumb":{"@id":"https:\/\/www.silverflame.eu\/et\/toode\/gas-heater-alonzo\/#breadcrumb"},"inLanguage":"et","potentialAction":[{"@type":"ReadAction","target":["https:\/\/www.silverflame.eu\/et\/toode\/gas-heater-alonzo\/"]}]},{"@type":"ImageObject","inLanguage":"et","@id":"https:\/\/www.silverflame.eu\/et\/toode\/gas-heater-alonzo\/#primaryimage","url":"https:\/\/www.silverflame.eu\/wp-content\/uploads\/2024\/03\/gas-heater-silverflame-alonzo.png","contentUrl":"https:\/\/www.silverflame.eu\/wp-content\/uploads\/2024\/03\/gas-heater-silverflame-alonzo.png","width":733,"height":734,"caption":"Portable gas heater Alonzo with adjustable height and high power output, ideal for indoor heating solutions."},{"@type":"BreadcrumbList","@id":"https:\/\/www.silverflame.eu\/et\/toode\/gas-heater-alonzo\/#breadcrumb","itemListElement":[{"@type":"ListItem","position":1,"name":"Home page","item":"https:\/\/www.silverflame.eu\/ru\/"},{"@type":"ListItem","position":2,"name":"Shop","item":"https:\/\/www.silverflame.eu\/ru\/shop\/"},{"@type":"ListItem","position":3,"name":"Gas heater \u00abALONZO\u00bb"}]},{"@type":"WebSite","@id":"https:\/\/www.silverflame.eu\/ru\/#website","url":"https:\/\/www.silverflame.eu\/ru\/","name":"SilverFlame","description":"Biofireplaces | biokaminad | biotakat | bioeldst\u00e4der","publisher":{"@id":"https:\/\/www.silverflame.eu\/ru\/#organization"},"potentialAction":[{"@type":"SearchAction","target":{"@type":"EntryPoint","urlTemplate":"https:\/\/www.silverflame.eu\/ru\/?s={search_term_string}"},"query-input":{"@type":"PropertyValueSpecification","valueRequired":true,"valueName":"search_term_string"}}],"inLanguage":"et"},{"@type":"Organization","@id":"https:\/\/www.silverflame.eu\/ru\/#organization","name":"Silsev O\u00dc","url":"https:\/\/www.silverflame.eu\/ru\/","logo":{"@type":"ImageObject","inLanguage":"et","@id":"https:\/\/www.silverflame.eu\/ru\/#\/schema\/logo\/image\/","url":"http:\/\/www.silverflame.eu\/wp-content\/uploads\/2021\/11\/SilverFlame_Biofireplaces-shop-in-EU_Big-logo.png","contentUrl":"http:\/\/www.silverflame.eu\/wp-content\/uploads\/2021\/11\/SilverFlame_Biofireplaces-shop-in-EU_Big-logo.png","width":349,"height":478,"caption":"Silsev O\u00dc"},"image":{"@id":"https:\/\/www.silverflame.eu\/ru\/#\/schema\/logo\/image\/"},"sameAs":["https:\/\/www.facebook.com\/SilverFlameEurope","https:\/\/www.instagram.com\/silverflame.eu\/","https:\/\/www.youtube.com\/@SilverFlame-Biofireplaces"],"description":"Welcome to our online store, your one-stop destination for high-quality bioethanol fireplaces, gas heaters, infrared heaters, pop-up tents, patio umbrellas, and more. We specialize in delivering eco-friendly heating solutions and outdoor living products across Europe. Our selection is designed for comfort, style, and sustainability, ensuring that your home and outdoor spaces are both cozy and modern. Enjoy fast shipping, competitive prices, and exceptional customer service with every purchase.","email":"info@silverflame.eu","legalName":"Silsev O\u00dc","publishingPrinciples":"https:\/\/www.silverflame.eu\/ru\/about-us\/"}]}},"_links":{"self":[{"href":"https:\/\/www.silverflame.eu\/et\/wp-json\/wp\/v2\/product\/10796","targetHints":{"allow":["GET"]}}],"collection":[{"href":"https:\/\/www.silverflame.eu\/et\/wp-json\/wp\/v2\/product"}],"about":[{"href":"https:\/\/www.silverflame.eu\/et\/wp-json\/wp\/v2\/types\/product"}],"wp:featuredmedia":[{"embeddable":true,"href":"https:\/\/www.silverflame.eu\/et\/wp-json\/wp\/v2\/media\/10812"}],"wp:attachment":[{"href":"https:\/\/www.silverflame.eu\/et\/wp-json\/wp\/v2\/media?parent=10796"}],"wp:term":[{"taxonomy":"product_brand","embeddable":true,"href":"https:\/\/www.silverflame.eu\/et\/wp-json\/wp\/v2\/product_brand?post=10796"},{"taxonomy":"product_cat","embeddable":true,"href":"https:\/\/www.silverflame.eu\/et\/wp-json\/wp\/v2\/product_cat?post=10796"},{"taxonomy":"product_tag","embeddable":true,"href":"https:\/\/www.silverflame.eu\/et\/wp-json\/wp\/v2\/product_tag?post=10796"}],"curies":[{"name":"wp","href":"https:\/\/api.w.org\/{rel}","templated":true}]}}