{"id":10838,"date":"2024-03-31T17:51:11","date_gmt":"2024-03-31T14:51:11","guid":{"rendered":"http:\/\/www.silverflame.eu\/?post_type=product&#038;p=10838"},"modified":"2026-01-15T07:46:29","modified_gmt":"2026-01-15T05:46:29","slug":"infrared-heater-core-black","status":"publish","type":"product","link":"https:\/\/www.silverflame.eu\/et\/toode\/infrared-heater-core-black\/","title":{"rendered":"Infrapuna k\u00fctteseade \u00abCORE\u00bb must"},"content":{"rendered":"<h5><strong>Toote kohta:<\/strong><\/h5>\n<p>Usaldusv\u00e4\u00e4rse tootja tipptasemel infrapuna soojuskiirgur sobib ideaalselt nii sise- kui ka v\u00e4litingimustes kasutamiseks. Soojuskiirgur on oma analoogidega v\u00f5rreldes k\u00f5ige efektiivsemad, seega saad selle abil raha s\u00e4\u00e4sta. Soojuskiirgur CORE must on k\u00f5ige populaarsem ja enimm\u00fc\u00fcdud infrapuna k\u00fctteseade. Ainulaadne, pilkup\u00fc\u00fcdev disain teeb sellest esimese valiku v\u00e4literrassidele, restoranidele ja hotellidele.<\/p>\n<p>&nbsp;<\/p>\n<p>&nbsp;<\/p>\n<h5><strong>S\u00e4\u00e4stab elektrikuludelt kuni 30-40%!<\/strong><\/h5>\n<p>Meie infrapuna soojuskiirgurid on valmistatud kaasaegsetest, kvaliteetsetest materjalidest. Tootmisprotsessis kasutatavad lahendused ja materjalid v\u00f5imaldavad s\u00e4\u00e4sta kuni 30-40% elektrikuludelt v\u00f5rreldes teiste tootjate analoogidega.<\/p>\n<p>&nbsp;<\/p>\n<p>&nbsp;<\/p>\n<h5><strong>K\u00f6etav pind on kuni 24 m\u00b2!<\/strong><\/h5>\n<p>URBAN infrapuna k\u00fctteseade soojendab kuni 24 m2 suurust pinda. K\u00fcte on reguleeritav ja valikus on 4 soojusastet alates maksimaalsest soojendusest kuni meeldiva, kerge soojendamiseni.<\/p>\n<p>&nbsp;<\/p>\n<p>&nbsp;<\/p>\n<h5><strong>Sobib v\u00e4litingimustes kasutamiseks<\/strong><\/h5>\n<p>Sellel infrapuna k\u00fctteseadmel on IP55 niiskuskindlus. See t\u00e4hendab, et saad k\u00fctteseadet julgelt v\u00e4litingimustes kasutada. Sobib ideaalselt terrasside ja muude v\u00e4lisruumide k\u00fctmiseks.<\/p>\n<p>&nbsp;<\/p>\n<p>&nbsp;<\/p>\n<h5><strong>Lihtne kasutada. Kaugjuhtimispuldi ja taimeriga!<\/strong><\/h5>\n<p>Meie soojuskiirgurid on loodud nii lihtsaks seadistamiseks kui ka kasutamiseks. CORE k\u00fctteseadmetega on kaasas kergesti j\u00e4rgitav kasutusjuhend. K\u00fctteseade on varustatud ka seinakinnitustega. K\u00fctteseade on varustatud kaugjuhtimispuldiga, mis muudab k\u00fctteseadme k\u00e4sitsemise veelgi lihtsamaks. K\u00fctteseadet saab \u00fche puudutusega sisse\/v\u00e4lja l\u00fclitada ja soojuse seadistust muuta. K\u00fctteseadmel on ka taimer, seega saad seadistada, kui kaua soovid, et k\u00fctteseade oleks sisse l\u00fclitatud. K\u00fctteseade on varustatud ka seinakinnitustega. \u00dche kaugjuhtimispuldiga saab juhtida \u00fcht v\u00f5i mitut Core k\u00fctteseadet korraga. K\u00fctteseadme k\u00f5iki funktsioone saab kasutada ka k\u00fctteseadme juhtpaneeli abil (kaugjuhtimispulti ei ole vaja).<\/p>\n<p>&nbsp;<\/p>\n<p>&nbsp;<\/p>\n<h5><strong>Turvalisus<\/strong><\/h5>\n<p>Infrapuna k\u00fcttekehad on ohutud ja nende korpus ei l\u00e4he kuumaks. K\u00fctteseadmel on mitmeid ohutussertifikaate (vt tehnilisi andmeid). K\u00fctteseade on sertifitseeritud niiskuskindluse standardiga IP55 ja seega v\u00f5ib seda kasutada v\u00e4litingimustes.<\/p>\n<p>&nbsp;<\/p>\n<p>&nbsp;<\/p>\n<h5><strong>Madal heledus - ei koorma silmi<\/strong><\/h5>\n<p>Sellel infrapuna k\u00fctteseadmel on integreeritud s\u00fcsinikkiust k\u00fcttekeha, mis kiirgab keskmise pikkusega infrapunakiirgust. T\u00e4nu k\u00fctteseadme ainulaadsele konstruktsioonile on kogu kiirgus suunatud soojendatavale alale v\u00f5i tsoonile. K\u00fctteelement helendab h\u00e4maralt oran\u017ei v\u00e4rvi. K\u00fctteseade ei pimesta ega v\u00e4sita silmi, seega on selle \u00fcmber mugav olla.<\/p>\n<p>&nbsp;<\/p>\n<p>&nbsp;<\/p>\n<h5><strong>Paigaldus<\/strong><\/h5>\n<p>Neid infrapuna soojuskiirgureid saab h\u00f5lpsasti ja vaevata seinale v\u00f5i lakke paigaldada. Kinnitusdetailid ja paigaldusjuhised kuuluvad k\u00fctteseadme pakendisse. Vajadusel saab k\u00fctteseadme paigaldada alusele.<\/p>\n<p>&nbsp;<\/p>\n<p><strong><em>Loe meie toodete kohta veel palju huvitavaid fakte <a href=\"http:\/\/www.silverflame.eu\/et\/blog\/\">blogist!<\/a><\/em><\/strong><\/p>\n<p>&nbsp;<\/p>\n<p>Vajadusel v\u00f5id meiega k\u00fctteseadme valikut tehes \u00fchendust v\u00f5tta. N\u00f5ustame ja aitame Sul valida k\u00f5ige sobivama k\u00fctteseadme, mis vastab Sinu eelarvele, k\u00f6etavale alale, asukohale ja kujundusele.<\/p>","protected":false},"excerpt":{"rendered":"<p><strong>Tarne aeg:<\/strong>\u00a03-6 p\u00e4eva<\/p>\n<table dir=\"ltr\" border=\"1\" cellspacing=\"0\" cellpadding=\"0\" data-sheets-root=\"1\">\n<colgroup>\n<col width=\"182\" \/>\n<col width=\"260\" \/><\/colgroup>\n<tbody>\n<tr>\n<td data-sheets-value=\"{&quot;1&quot;:2,&quot;2&quot;:&quot;Heated area (m\u00b2)&quot;}\">K\u00f6etav pind (m\u00b2)<\/td>\n<td data-sheets-value=\"{&quot;1&quot;:3,&quot;3&quot;:16}\">24<\/td>\n<\/tr>\n<tr>\n<td data-sheets-value=\"{&quot;1&quot;:2,&quot;2&quot;:&quot;Heating power&quot;}\">K\u00fcttev\u00f5imsus<\/td>\n<td data-sheets-value=\"{&quot;1&quot;:2,&quot;2&quot;:&quot;2000 W&quot;}\">2500 W<\/td>\n<\/tr>\n<tr>\n<td data-sheets-value=\"{&quot;1&quot;:2,&quot;2&quot;:&quot;Heating element&quot;}\">K\u00fctteelement<\/td>\n<td data-sheets-value=\"{&quot;1&quot;:2,&quot;2&quot;:&quot;Halogen lamp&quot;}\">S\u00fcsinikkiust lamp<\/td>\n<\/tr>\n<tr>\n<td data-sheets-value=\"{&quot;1&quot;:2,&quot;2&quot;:&quot;Certificates of Infrared Heater&quot;}\">Sertifikaadid<\/td>\n<td data-sheets-value=\"{&quot;1&quot;:2,&quot;2&quot;:&quot;CE, cETL, ETL, IP34, ROHS&quot;}\">CB, CE, cETL, ERP, ETL, GS, IP55, ROHS, SAA<\/td>\n<\/tr>\n<tr>\n<td data-sheets-value=\"{&quot;1&quot;:2,&quot;2&quot;:&quot;Heat levels&quot;}\">Soojusastmed<\/td>\n<td data-sheets-value=\"{&quot;1&quot;:2,&quot;2&quot;:&quot;2 heat levels (1000W, 2000W)&quot;}\">4 soojusastet (600W, 1200W, 1800W, 2500W)<\/td>\n<\/tr>\n<tr>\n<td data-sheets-value=\"{&quot;1&quot;:2,&quot;2&quot;:&quot;Infrared heater protection&quot;}\">Kaitse<\/td>\n<td data-sheets-value=\"{&quot;1&quot;:2,&quot;2&quot;:&quot;Tip-over protection, Overheating protection&quot;}\">\u00dclekuumenemise kaitse<\/td>\n<\/tr>\n<tr>\n<td data-sheets-value=\"{&quot;1&quot;:2,&quot;2&quot;:&quot;Moisture resistance&quot;}\">Niiskuskindlus<\/td>\n<td data-sheets-value=\"{&quot;1&quot;:2,&quot;2&quot;:&quot;IP34&quot;}\">IP55<\/td>\n<\/tr>\n<tr>\n<td data-sheets-value=\"{&quot;1&quot;:2,&quot;2&quot;:&quot;Heater size (cm)&quot;}\">K\u00fctteseadme suurus (cm)<\/td>\n<td data-sheets-value=\"{&quot;1&quot;:2,&quot;2&quot;:&quot;50 x 230&quot;}\">88 x 13 x 9<\/td>\n<\/tr>\n<tr>\n<td data-sheets-value=\"{&quot;1&quot;:2,&quot;2&quot;:&quot;Color&quot;}\">V\u00e4rv<\/td>\n<td data-sheets-value=\"{&quot;1&quot;:2,&quot;2&quot;:&quot;Black&quot;}\">Must<\/td>\n<\/tr>\n<tr>\n<td data-sheets-value=\"{&quot;1&quot;:2,&quot;2&quot;:&quot;Heat regulator&quot;}\">Soojusregulaator<\/td>\n<td data-sheets-value=\"{&quot;1&quot;:2,&quot;2&quot;:&quot;Available&quot;}\">Olemas<\/td>\n<\/tr>\n<tr>\n<td data-sheets-value=\"{&quot;1&quot;:2,&quot;2&quot;:&quot;Weight (kg)&quot;}\">Kaal (kg)<\/td>\n<td data-sheets-value=\"{&quot;1&quot;:3,&quot;3&quot;:10.5}\">2,8<\/td>\n<\/tr>\n<tr>\n<td data-sheets-value=\"{&quot;1&quot;:2,&quot;2&quot;:&quot;Heater set&quot;}\">Soojendi komplekt<\/td>\n<td data-sheets-value=\"{&quot;1&quot;:2,&quot;2&quot;:&quot;Infrared heater, infrared heater leg, base&quot;}\">Soojuskiirgur koos kaugjuhtimispuldiga, paigalduskomponendid<\/td>\n<\/tr>\n<tr>\n<td data-sheets-value=\"{&quot;1&quot;:2,&quot;2&quot;:&quot;Heater body&quot;}\">Lisafunktsioonid<\/td>\n<td data-sheets-value=\"{&quot;1&quot;:2,&quot;2&quot;:&quot;Stainless steel&quot;}\">Seadistatav taimer, kaugjuhtimisega sisse\/v\u00e4lja l\u00fclitamine, 4 erinevat soojuse astet saab muuta kaugjuhtimise teel<\/td>\n<\/tr>\n<tr>\n<td data-sheets-value=\"{&quot;1&quot;:2,&quot;2&quot;:&quot;Packaging&quot;}\">Pakend<\/td>\n<td data-sheets-value=\"{&quot;1&quot;:2,&quot;2&quot;:&quot;30 x 30 x 120 cm (16,3 kg)&quot;}\">20 x 20 x 90 cm (4,9 kg)<\/td>\n<\/tr>\n<\/tbody>\n<\/table>\n<p>&nbsp;<\/p>","protected":false},"featured_media":10842,"template":"","meta":{"_monsterinsights_skip_tracking":false,"_monsterinsights_sitenote_active":false,"_monsterinsights_sitenote_note":"","_monsterinsights_sitenote_category":0},"product_brand":[],"product_cat":[123],"product_tag":[231],"class_list":{"0":"post-10838","1":"product","2":"type-product","3":"status-publish","4":"has-post-thumbnail","6":"product_cat-gas-and-infrared-heaters","7":"product_tag-infrared-heater","8":"product_shipping_class-heatum","9":"pa_color-black-color","10":"aux-has-gallery","12":"first","13":"instock","14":"sale","15":"taxable","16":"shipping-taxable","17":"purchasable","18":"product-type-variable"},"yoast_head":"<!-- This site is optimized with the Yoast SEO Premium plugin v24.1 (Yoast SEO v27.5) - https:\/\/yoast.com\/product\/yoast-seo-premium-wordpress\/ -->\n<title>Infrared heater \u00abCORE\u00bb black | SilverFlame<\/title>\n<meta name=\"description\" content=\"Infrared heater \u00abCORE\u00bb black is the most popular and best-selling heating device. Its unique, eye-catching design makes it the first choice for outdoor t...\" \/>\n<meta name=\"robots\" content=\"index, follow, max-snippet:-1, max-image-preview:large, max-video-preview:-1\" \/>\n<link rel=\"canonical\" href=\"https:\/\/www.silverflame.eu\/et\/tuote\/infrared-heater-core-black\/\" \/>\n<meta property=\"og:locale\" content=\"et_EE\" \/>\n<meta property=\"og:type\" content=\"article\" \/>\n<meta property=\"og:title\" content=\"Infrared heater \u00abCORE\u00bb black\" \/>\n<meta property=\"og:description\" content=\"Infrared heater \u00abCORE\u00bb black is the most popular and best-selling heating device. Its unique, eye-catching design makes it the first choice for outdoor t...\" \/>\n<meta property=\"og:url\" content=\"https:\/\/www.silverflame.eu\/et\/tuote\/infrared-heater-core-black\/\" \/>\n<meta property=\"og:site_name\" content=\"SilverFlame\" \/>\n<meta property=\"article:publisher\" content=\"https:\/\/www.facebook.com\/SilverFlameEurope\" \/>\n<meta property=\"article:modified_time\" content=\"2026-01-15T05:46:29+00:00\" \/>\n<meta property=\"og:image\" content=\"https:\/\/www.silverflame.eu\/wp-content\/uploads\/2024\/03\/infrared-heater-silverflame-core-hanging-black.png\" \/>\n\t<meta property=\"og:image:width\" content=\"733\" \/>\n\t<meta property=\"og:image:height\" content=\"734\" \/>\n\t<meta property=\"og:image:type\" content=\"image\/png\" \/>\n<meta name=\"twitter:card\" content=\"summary_large_image\" \/>\n<meta name=\"twitter:label1\" content=\"Est. reading time\" \/>\n\t<meta name=\"twitter:data1\" content=\"2 minutit\" \/>\n<script type=\"application\/ld+json\" class=\"yoast-schema-graph\">{\"@context\":\"https:\\\/\\\/schema.org\",\"@graph\":[{\"@type\":\"WebPage\",\"@id\":\"https:\\\/\\\/www.silverflame.eu\\\/fi\\\/tuote\\\/infrared-heater-core-black\\\/\",\"url\":\"https:\\\/\\\/www.silverflame.eu\\\/fi\\\/tuote\\\/infrared-heater-core-black\\\/\",\"name\":\"Infrared heater \u00abCORE\u00bb black | SilverFlame\",\"isPartOf\":{\"@id\":\"https:\\\/\\\/www.silverflame.eu\\\/ru\\\/#website\"},\"primaryImageOfPage\":{\"@id\":\"https:\\\/\\\/www.silverflame.eu\\\/fi\\\/tuote\\\/infrared-heater-core-black\\\/#primaryimage\"},\"image\":{\"@id\":\"https:\\\/\\\/www.silverflame.eu\\\/fi\\\/tuote\\\/infrared-heater-core-black\\\/#primaryimage\"},\"thumbnailUrl\":\"https:\\\/\\\/www.silverflame.eu\\\/wp-content\\\/uploads\\\/2024\\\/03\\\/infrared-heater-silverflame-core-hanging-black.png\",\"datePublished\":\"2024-03-31T14:51:11+00:00\",\"dateModified\":\"2026-01-15T05:46:29+00:00\",\"description\":\"Infrared heater \u00abCORE\u00bb black is the most popular and best-selling heating device. Its unique, eye-catching design makes it the first choice for outdoor t...\",\"breadcrumb\":{\"@id\":\"https:\\\/\\\/www.silverflame.eu\\\/fi\\\/tuote\\\/infrared-heater-core-black\\\/#breadcrumb\"},\"inLanguage\":\"et\",\"potentialAction\":[{\"@type\":\"ReadAction\",\"target\":[\"https:\\\/\\\/www.silverflame.eu\\\/fi\\\/tuote\\\/infrared-heater-core-black\\\/\"]}]},{\"@type\":\"ImageObject\",\"inLanguage\":\"et\",\"@id\":\"https:\\\/\\\/www.silverflame.eu\\\/fi\\\/tuote\\\/infrared-heater-core-black\\\/#primaryimage\",\"url\":\"https:\\\/\\\/www.silverflame.eu\\\/wp-content\\\/uploads\\\/2024\\\/03\\\/infrared-heater-silverflame-core-hanging-black.png\",\"contentUrl\":\"https:\\\/\\\/www.silverflame.eu\\\/wp-content\\\/uploads\\\/2024\\\/03\\\/infrared-heater-silverflame-core-hanging-black.png\",\"width\":733,\"height\":734,\"caption\":\"Modern infrared heater \\\"CORE\\\" black with remote, 55 IP, 4 heating levels, ideal for home or office heating solutions.\"},{\"@type\":\"BreadcrumbList\",\"@id\":\"https:\\\/\\\/www.silverflame.eu\\\/fi\\\/tuote\\\/infrared-heater-core-black\\\/#breadcrumb\",\"itemListElement\":[{\"@type\":\"ListItem\",\"position\":1,\"name\":\"Home page\",\"item\":\"https:\\\/\\\/www.silverflame.eu\\\/ru\\\/\"},{\"@type\":\"ListItem\",\"position\":2,\"name\":\"Shop\",\"item\":\"https:\\\/\\\/www.silverflame.eu\\\/ru\\\/shop\\\/\"},{\"@type\":\"ListItem\",\"position\":3,\"name\":\"Infrared heater \u00abCORE\u00bb black\"}]},{\"@type\":\"WebSite\",\"@id\":\"https:\\\/\\\/www.silverflame.eu\\\/ru\\\/#website\",\"url\":\"https:\\\/\\\/www.silverflame.eu\\\/ru\\\/\",\"name\":\"SilverFlame\",\"description\":\"Biofireplaces | biokaminad | biotakat | bioeldst\u00e4der\",\"publisher\":{\"@id\":\"https:\\\/\\\/www.silverflame.eu\\\/ru\\\/#organization\"},\"potentialAction\":[{\"@type\":\"SearchAction\",\"target\":{\"@type\":\"EntryPoint\",\"urlTemplate\":\"https:\\\/\\\/www.silverflame.eu\\\/ru\\\/?s={search_term_string}\"},\"query-input\":{\"@type\":\"PropertyValueSpecification\",\"valueRequired\":true,\"valueName\":\"search_term_string\"}}],\"inLanguage\":\"et\"},{\"@type\":\"Organization\",\"@id\":\"https:\\\/\\\/www.silverflame.eu\\\/ru\\\/#organization\",\"name\":\"Silsev O\u00dc\",\"url\":\"https:\\\/\\\/www.silverflame.eu\\\/ru\\\/\",\"logo\":{\"@type\":\"ImageObject\",\"inLanguage\":\"et\",\"@id\":\"https:\\\/\\\/www.silverflame.eu\\\/ru\\\/#\\\/schema\\\/logo\\\/image\\\/\",\"url\":\"http:\\\/\\\/www.silverflame.eu\\\/wp-content\\\/uploads\\\/2021\\\/11\\\/SilverFlame_Biofireplaces-shop-in-EU_Big-logo.png\",\"contentUrl\":\"http:\\\/\\\/www.silverflame.eu\\\/wp-content\\\/uploads\\\/2021\\\/11\\\/SilverFlame_Biofireplaces-shop-in-EU_Big-logo.png\",\"width\":349,\"height\":478,\"caption\":\"Silsev O\u00dc\"},\"image\":{\"@id\":\"https:\\\/\\\/www.silverflame.eu\\\/ru\\\/#\\\/schema\\\/logo\\\/image\\\/\"},\"sameAs\":[\"https:\\\/\\\/www.facebook.com\\\/SilverFlameEurope\",\"https:\\\/\\\/www.instagram.com\\\/silverflame.eu\\\/\",\"https:\\\/\\\/www.youtube.com\\\/@SilverFlame-Biofireplaces\"],\"description\":\"Welcome to our online store, your one-stop destination for high-quality bioethanol fireplaces, gas heaters, infrared heaters, pop-up tents, patio umbrellas, and more. We specialize in delivering eco-friendly heating solutions and outdoor living products across Europe. Our selection is designed for comfort, style, and sustainability, ensuring that your home and outdoor spaces are both cozy and modern. Enjoy fast shipping, competitive prices, and exceptional customer service with every purchase.\",\"email\":\"info@silverflame.eu\",\"legalName\":\"Silsev O\u00dc\",\"publishingPrinciples\":\"https:\\\/\\\/www.silverflame.eu\\\/ru\\\/about-us\\\/\"}]}<\/script>\n<!-- \/ Yoast SEO Premium plugin. -->","yoast_head_json":{"title":"Infrared heater \u00abCORE\u00bb black | SilverFlame","description":"Infrared heater \u00abCORE\u00bb black is the most popular and best-selling heating device. Its unique, eye-catching design makes it the first choice for outdoor t...","robots":{"index":"index","follow":"follow","max-snippet":"max-snippet:-1","max-image-preview":"max-image-preview:large","max-video-preview":"max-video-preview:-1"},"canonical":"https:\/\/www.silverflame.eu\/et\/tuote\/infrared-heater-core-black\/","og_locale":"et_EE","og_type":"article","og_title":"Infrared heater \u00abCORE\u00bb black","og_description":"Infrared heater \u00abCORE\u00bb black is the most popular and best-selling heating device. Its unique, eye-catching design makes it the first choice for outdoor t...","og_url":"https:\/\/www.silverflame.eu\/et\/tuote\/infrared-heater-core-black\/","og_site_name":"SilverFlame","article_publisher":"https:\/\/www.facebook.com\/SilverFlameEurope","article_modified_time":"2026-01-15T05:46:29+00:00","og_image":[{"width":733,"height":734,"url":"https:\/\/www.silverflame.eu\/wp-content\/uploads\/2024\/03\/infrared-heater-silverflame-core-hanging-black.png","type":"image\/png"}],"twitter_card":"summary_large_image","twitter_misc":{"Est. reading time":"2 minutit"},"schema":{"@context":"https:\/\/schema.org","@graph":[{"@type":"WebPage","@id":"https:\/\/www.silverflame.eu\/fi\/tuote\/infrared-heater-core-black\/","url":"https:\/\/www.silverflame.eu\/fi\/tuote\/infrared-heater-core-black\/","name":"Infrared heater \u00abCORE\u00bb black | SilverFlame","isPartOf":{"@id":"https:\/\/www.silverflame.eu\/ru\/#website"},"primaryImageOfPage":{"@id":"https:\/\/www.silverflame.eu\/fi\/tuote\/infrared-heater-core-black\/#primaryimage"},"image":{"@id":"https:\/\/www.silverflame.eu\/fi\/tuote\/infrared-heater-core-black\/#primaryimage"},"thumbnailUrl":"https:\/\/www.silverflame.eu\/wp-content\/uploads\/2024\/03\/infrared-heater-silverflame-core-hanging-black.png","datePublished":"2024-03-31T14:51:11+00:00","dateModified":"2026-01-15T05:46:29+00:00","description":"Infrared heater \u00abCORE\u00bb black is the most popular and best-selling heating device. Its unique, eye-catching design makes it the first choice for outdoor t...","breadcrumb":{"@id":"https:\/\/www.silverflame.eu\/fi\/tuote\/infrared-heater-core-black\/#breadcrumb"},"inLanguage":"et","potentialAction":[{"@type":"ReadAction","target":["https:\/\/www.silverflame.eu\/fi\/tuote\/infrared-heater-core-black\/"]}]},{"@type":"ImageObject","inLanguage":"et","@id":"https:\/\/www.silverflame.eu\/fi\/tuote\/infrared-heater-core-black\/#primaryimage","url":"https:\/\/www.silverflame.eu\/wp-content\/uploads\/2024\/03\/infrared-heater-silverflame-core-hanging-black.png","contentUrl":"https:\/\/www.silverflame.eu\/wp-content\/uploads\/2024\/03\/infrared-heater-silverflame-core-hanging-black.png","width":733,"height":734,"caption":"Modern infrared heater \"CORE\" black with remote, 55 IP, 4 heating levels, ideal for home or office heating solutions."},{"@type":"BreadcrumbList","@id":"https:\/\/www.silverflame.eu\/fi\/tuote\/infrared-heater-core-black\/#breadcrumb","itemListElement":[{"@type":"ListItem","position":1,"name":"Home page","item":"https:\/\/www.silverflame.eu\/ru\/"},{"@type":"ListItem","position":2,"name":"Shop","item":"https:\/\/www.silverflame.eu\/ru\/shop\/"},{"@type":"ListItem","position":3,"name":"Infrared heater \u00abCORE\u00bb black"}]},{"@type":"WebSite","@id":"https:\/\/www.silverflame.eu\/ru\/#website","url":"https:\/\/www.silverflame.eu\/ru\/","name":"SilverFlame","description":"Biofireplaces | biokaminad | biotakat | bioeldst\u00e4der","publisher":{"@id":"https:\/\/www.silverflame.eu\/ru\/#organization"},"potentialAction":[{"@type":"SearchAction","target":{"@type":"EntryPoint","urlTemplate":"https:\/\/www.silverflame.eu\/ru\/?s={search_term_string}"},"query-input":{"@type":"PropertyValueSpecification","valueRequired":true,"valueName":"search_term_string"}}],"inLanguage":"et"},{"@type":"Organization","@id":"https:\/\/www.silverflame.eu\/ru\/#organization","name":"Silsev O\u00dc","url":"https:\/\/www.silverflame.eu\/ru\/","logo":{"@type":"ImageObject","inLanguage":"et","@id":"https:\/\/www.silverflame.eu\/ru\/#\/schema\/logo\/image\/","url":"http:\/\/www.silverflame.eu\/wp-content\/uploads\/2021\/11\/SilverFlame_Biofireplaces-shop-in-EU_Big-logo.png","contentUrl":"http:\/\/www.silverflame.eu\/wp-content\/uploads\/2021\/11\/SilverFlame_Biofireplaces-shop-in-EU_Big-logo.png","width":349,"height":478,"caption":"Silsev O\u00dc"},"image":{"@id":"https:\/\/www.silverflame.eu\/ru\/#\/schema\/logo\/image\/"},"sameAs":["https:\/\/www.facebook.com\/SilverFlameEurope","https:\/\/www.instagram.com\/silverflame.eu\/","https:\/\/www.youtube.com\/@SilverFlame-Biofireplaces"],"description":"Welcome to our online store, your one-stop destination for high-quality bioethanol fireplaces, gas heaters, infrared heaters, pop-up tents, patio umbrellas, and more. We specialize in delivering eco-friendly heating solutions and outdoor living products across Europe. Our selection is designed for comfort, style, and sustainability, ensuring that your home and outdoor spaces are both cozy and modern. Enjoy fast shipping, competitive prices, and exceptional customer service with every purchase.","email":"info@silverflame.eu","legalName":"Silsev O\u00dc","publishingPrinciples":"https:\/\/www.silverflame.eu\/ru\/about-us\/"}]}},"_links":{"self":[{"href":"https:\/\/www.silverflame.eu\/et\/wp-json\/wp\/v2\/product\/10838","targetHints":{"allow":["GET"]}}],"collection":[{"href":"https:\/\/www.silverflame.eu\/et\/wp-json\/wp\/v2\/product"}],"about":[{"href":"https:\/\/www.silverflame.eu\/et\/wp-json\/wp\/v2\/types\/product"}],"wp:featuredmedia":[{"embeddable":true,"href":"https:\/\/www.silverflame.eu\/et\/wp-json\/wp\/v2\/media\/10842"}],"wp:attachment":[{"href":"https:\/\/www.silverflame.eu\/et\/wp-json\/wp\/v2\/media?parent=10838"}],"wp:term":[{"taxonomy":"product_brand","embeddable":true,"href":"https:\/\/www.silverflame.eu\/et\/wp-json\/wp\/v2\/product_brand?post=10838"},{"taxonomy":"product_cat","embeddable":true,"href":"https:\/\/www.silverflame.eu\/et\/wp-json\/wp\/v2\/product_cat?post=10838"},{"taxonomy":"product_tag","embeddable":true,"href":"https:\/\/www.silverflame.eu\/et\/wp-json\/wp\/v2\/product_tag?post=10838"}],"curies":[{"name":"wp","href":"https:\/\/api.w.org\/{rel}","templated":true}]}}