{"id":10883,"date":"2024-03-31T20:25:56","date_gmt":"2024-03-31T17:25:56","guid":{"rendered":"http:\/\/www.silverflame.eu\/?post_type=product&#038;p=10883"},"modified":"2026-01-15T07:43:38","modified_gmt":"2026-01-15T05:43:38","slug":"infrared-heater-optim","status":"publish","type":"product","link":"https:\/\/www.silverflame.eu\/et\/toode\/infrared-heater-optim\/","title":{"rendered":"Infrapuna k\u00fctteseade \u00abOPTIM\u00bb"},"content":{"rendered":"<h5><strong>Toote kohta:<\/strong><\/h5>\n<p>Usaldusv\u00e4\u00e4rse tootja tipptasemel infrapuna soojuskiirgur sobib ideaalselt nii sise- kui ka v\u00e4litingimustes kasutamiseks. Soojuskiirgur on oma analoogidega v\u00f5rreldes k\u00f5ige efektiivsemad, seega saad selle abil raha s\u00e4\u00e4sta.  Soojuskiirgur OPTIM on ainulaadne, hubane, eraldiseisev seisev infrapuna k\u00fctteseade, mis mitte ainult ei kaunista sinu \u00fcmbruskonda, vaid loob sulle ka sooja ja hubase tunde.<\/p>\n<p>&nbsp;<\/p>\n<p>&nbsp;<\/p>\n<h5><strong>S\u00e4\u00e4stab elektrikuludelt kuni 30-40%!<\/strong><\/h5>\n<p>Meie infrapuna soojuskiirgurid on valmistatud kaasaegsetest, kvaliteetsetest materjalidest. Tootmisprotsessis kasutatavad lahendused ja materjalid v\u00f5imaldavad s\u00e4\u00e4sta kuni 30-40% elektrikuludelt v\u00f5rreldes teiste tootjate analoogidega.<\/p>\n<p>&nbsp;<\/p>\n<p>&nbsp;<\/p>\n<h5><strong>K\u00f6etav pind on kuni 18 m\u00b2!<\/strong><\/h5>\n<p>OPTIM infrapuna k\u00fctteseade soojendab kuni 18 m\u00b2 suurust pinda.<\/p>\n<p>&nbsp;<\/p>\n<p>&nbsp;<\/p>\n<h5><strong>Mugav kasutada. V\u00f5imalus reguleerida k\u00fctte intensiivsust!<\/strong><\/h5>\n<p>Meie k\u00fctteseadmeid on lihtne ette valmistada ja kasutada. K\u00fctteseadet saab sisse\/v\u00e4lja l\u00fclitada \u00fche nupuvajutusega. Kui Sul tekib k\u00fcsimusi, siis OPTIM soojuskiirguriga on kaasas ka lihtne kasutusjuhed. Kui teil on vaja k\u00fctteseade seinale kinnitada, ei pea te millegi p\u00e4rast muretsema, sest k\u00fctteseade on varustatud seinakinnitustega. Sellel k\u00fctteseadmel on integreeritud termostaat, t\u00e4nu millele saate reguleerida k\u00fctte intensiivsust. K\u00fctteseadme k\u00fctteintensiivsus on reguleeritav, saate muuta k\u00fctteintensiivsust maksimaalsest k\u00fctmisest 2 kW kuni meeldiva, m\u00f5nesaja vatise kerge k\u00fctteni.<\/p>\n<p>&nbsp;<\/p>\n<p>&nbsp;<\/p>\n<h5><strong>Turvalisus<\/strong><\/h5>\n<p>Infrapuna k\u00fcttekehad on ohutud ja nende korpus ei l\u00e4he kuumaks. K\u00fctteseadmel on mitmeid ohutussertifikaate (vt tehnilisi andmeid). K\u00fctteseade on sertifitseeritud niiskuskindluse standardiga IP24 ja seega v\u00f5ib seda kasutada v\u00e4litingimustes.<\/p>\n<p>&nbsp;<\/p>\n<p>&nbsp;<\/p>\n<h5><strong>Paigaldus<\/strong><\/h5>\n<p>Neid infrapuna soojuskiirgureid saab h\u00f5lpsasti ja vaevata seinale v\u00f5i lakke paigaldada. Kinnitusdetailid ja paigaldusjuhised kuuluvad k\u00fctteseadme pakendisse. Vajadusel saab k\u00fctteseadme paigaldada alusele.<\/p>\n<p>&nbsp;<\/p>\n<p>&nbsp;<\/p>\n<p><strong><em>Loe meie toodete kohta veel palju huvitavaid fakte <a href=\"http:\/\/www.silverflame.eu\/et\/blog\/\">blogist!<\/a><\/em><\/strong><\/p>\n<p>&nbsp;<\/p>\n<p>Vajadusel v\u00f5id meiega k\u00fctteseadme valikut tehes \u00fchendust v\u00f5tta. N\u00f5ustame ja aitame Sul valida k\u00f5ige sobivama k\u00fctteseadme, mis vastab Sinu eelarvele, k\u00f6etavale alale, asukohale ja kujundusele.<\/p>","protected":false},"excerpt":{"rendered":"<p><strong>Tarne aeg:<\/strong>\u00a03-6 p\u00e4eva<\/p>\n<table dir=\"ltr\" border=\"1\" cellspacing=\"0\" cellpadding=\"0\" data-sheets-root=\"1\">\n<colgroup>\n<col width=\"182\" \/>\n<col width=\"260\" \/><\/colgroup>\n<tbody>\n<tr>\n<td data-sheets-value=\"{&quot;1&quot;:2,&quot;2&quot;:&quot;Heated area (m\u00b2)&quot;}\">K\u00f6etav pind (m\u00b2)<\/td>\n<td data-sheets-value=\"{&quot;1&quot;:3,&quot;3&quot;:16}\">18<\/td>\n<\/tr>\n<tr>\n<td data-sheets-value=\"{&quot;1&quot;:2,&quot;2&quot;:&quot;Heating power&quot;}\">K\u00fcttev\u00f5imsus<\/td>\n<td data-sheets-value=\"{&quot;1&quot;:2,&quot;2&quot;:&quot;2000 W&quot;}\">2000 W<\/td>\n<\/tr>\n<tr>\n<td data-sheets-value=\"{&quot;1&quot;:2,&quot;2&quot;:&quot;Heating element&quot;}\">K\u00fctteelement<\/td>\n<td data-sheets-value=\"{&quot;1&quot;:2,&quot;2&quot;:&quot;Halogen lamp&quot;}\">Kvartslamp<\/td>\n<\/tr>\n<tr>\n<td data-sheets-value=\"{&quot;1&quot;:2,&quot;2&quot;:&quot;Certificates&quot;}\">Sertifikaadid<\/td>\n<td data-sheets-value=\"{&quot;1&quot;:2,&quot;2&quot;:&quot;CE, cETL, ETL, IP34, ROHS&quot;}\">CB, CE, cETL, ETL, ROHS<\/td>\n<\/tr>\n<tr>\n<td data-sheets-value=\"{&quot;1&quot;:2,&quot;2&quot;:&quot;Heat levels&quot;}\">Soojusastmed<\/td>\n<td data-sheets-value=\"{&quot;1&quot;:2,&quot;2&quot;:&quot;2 heat levels (1000W, 2000W)&quot;}\">2 soojusastet (1000W, 2000W)<\/td>\n<\/tr>\n<tr>\n<td data-sheets-value=\"{&quot;1&quot;:2,&quot;2&quot;:&quot;Protection&quot;}\">Kaitse<\/td>\n<td data-sheets-value=\"{&quot;1&quot;:2,&quot;2&quot;:&quot;Tip-over protection, Overheating protection&quot;}\">\u00dclekuumenemise kaitse<\/td>\n<\/tr>\n<tr>\n<td data-sheets-value=\"{&quot;1&quot;:2,&quot;2&quot;:&quot;Moisture resistance&quot;}\">Niiskuskindlus<\/td>\n<td data-sheets-value=\"{&quot;1&quot;:2,&quot;2&quot;:&quot;IP34&quot;}\">IP24<\/td>\n<\/tr>\n<tr>\n<td data-sheets-value=\"{&quot;1&quot;:2,&quot;2&quot;:&quot;Heater size (cm)&quot;}\">K\u00fctteseadme suurus (cm)<\/td>\n<td data-sheets-value=\"{&quot;1&quot;:2,&quot;2&quot;:&quot;50 x 230&quot;}\">75x19x10<\/td>\n<\/tr>\n<tr>\n<td data-sheets-value=\"{&quot;1&quot;:2,&quot;2&quot;:&quot;Color&quot;}\">V\u00e4rv<\/td>\n<td data-sheets-value=\"{&quot;1&quot;:2,&quot;2&quot;:&quot;Black&quot;}\">H\u00f5bedane<\/td>\n<\/tr>\n<tr>\n<td data-sheets-value=\"{&quot;1&quot;:2,&quot;2&quot;:&quot;Heat regulator&quot;}\">Soojusregulaator<\/td>\n<td data-sheets-value=\"{&quot;1&quot;:2,&quot;2&quot;:&quot;Available&quot;}\">Olemas<\/td>\n<\/tr>\n<tr>\n<td data-sheets-value=\"{&quot;1&quot;:2,&quot;2&quot;:&quot;Weight (kg)&quot;}\">Kaal (kg)<\/td>\n<td data-sheets-value=\"{&quot;1&quot;:3,&quot;3&quot;:10.5}\">10,5<\/td>\n<\/tr>\n<tr>\n<td data-sheets-value=\"{&quot;1&quot;:2,&quot;2&quot;:&quot;Heater set&quot;}\">Soojendi komplekt<\/td>\n<td data-sheets-value=\"{&quot;1&quot;:2,&quot;2&quot;:&quot;Infrared heater, infrared heater leg, base&quot;}\">Soojuskiirgur, paigalduskomponendid<\/td>\n<\/tr>\n<tr>\n<td data-sheets-value=\"{&quot;1&quot;:2,&quot;2&quot;:&quot;Heater body&quot;}\">Lisafunktsioonid<\/td>\n<td data-sheets-value=\"{&quot;1&quot;:2,&quot;2&quot;:&quot;Stainless steel&quot;}\">K\u00fcttev\u00f5imsust saab reguleerida, on olemas termostaat<\/td>\n<\/tr>\n<tr>\n<td data-sheets-value=\"{&quot;1&quot;:2,&quot;2&quot;:&quot;Packaging&quot;}\">Pakend<\/td>\n<td data-sheets-value=\"{&quot;1&quot;:2,&quot;2&quot;:&quot;30 x 30 x 120 cm (16,3 kg)&quot;}\">25 x 20 x 80 cm (3.4 kg)<\/td>\n<\/tr>\n<\/tbody>\n<\/table>","protected":false},"featured_media":10887,"template":"","meta":{"_monsterinsights_skip_tracking":false,"_monsterinsights_sitenote_active":false,"_monsterinsights_sitenote_note":"","_monsterinsights_sitenote_category":0},"product_brand":[],"product_cat":[123],"product_tag":[231],"class_list":{"0":"post-10883","1":"product","2":"type-product","3":"status-publish","4":"has-post-thumbnail","6":"product_cat-gas-and-infrared-heaters","7":"product_tag-infrared-heater","8":"product_shipping_class-heatum","9":"pa_color-black-color","10":"aux-has-gallery","12":"first","13":"instock","14":"sale","15":"taxable","16":"shipping-taxable","17":"purchasable","18":"product-type-variable"},"yoast_head":"<!-- This site is optimized with the Yoast SEO Premium plugin v24.1 (Yoast SEO v27.5) - https:\/\/yoast.com\/product\/yoast-seo-premium-wordpress\/ -->\n<title>Infrared heater \u00abOPTIM\u00bb | SilverFlame<\/title>\n<meta name=\"description\" content=\"The OPTIM infrared heater is a unique, cozy, standalone heating device that not only enhances your surroundings but also creates a warm and inviting atmo...\" \/>\n<meta name=\"robots\" content=\"index, follow, max-snippet:-1, max-image-preview:large, max-video-preview:-1\" \/>\n<link rel=\"canonical\" href=\"https:\/\/www.silverflame.eu\/et\/toode\/infrared-heater-optim\/\" \/>\n<meta property=\"og:locale\" content=\"et_EE\" \/>\n<meta property=\"og:type\" content=\"article\" \/>\n<meta property=\"og:title\" content=\"Infrared heater \u00abOPTIM\u00bb\" \/>\n<meta property=\"og:description\" content=\"The OPTIM infrared heater is a unique, cozy, standalone heating device that not only enhances your surroundings but also creates a warm and inviting atmo...\" \/>\n<meta property=\"og:url\" content=\"https:\/\/www.silverflame.eu\/et\/toode\/infrared-heater-optim\/\" \/>\n<meta property=\"og:site_name\" content=\"SilverFlame\" \/>\n<meta property=\"article:publisher\" content=\"https:\/\/www.facebook.com\/SilverFlameEurope\" \/>\n<meta property=\"article:modified_time\" content=\"2026-01-15T05:43:38+00:00\" \/>\n<meta property=\"og:image\" content=\"https:\/\/www.silverflame.eu\/wp-content\/uploads\/2024\/03\/infrared-heater-silverflame-optim-hanging.png\" \/>\n\t<meta property=\"og:image:width\" content=\"829\" \/>\n\t<meta property=\"og:image:height\" content=\"829\" \/>\n\t<meta property=\"og:image:type\" content=\"image\/png\" \/>\n<meta name=\"twitter:card\" content=\"summary_large_image\" \/>\n<meta name=\"twitter:label1\" content=\"Est. reading time\" \/>\n\t<meta name=\"twitter:data1\" content=\"2 minutit\" \/>\n<script type=\"application\/ld+json\" class=\"yoast-schema-graph\">{\"@context\":\"https:\\\/\\\/schema.org\",\"@graph\":[{\"@type\":\"WebPage\",\"@id\":\"https:\\\/\\\/www.silverflame.eu\\\/ru\\\/product\\\/infrared-heater-optim\\\/\",\"url\":\"https:\\\/\\\/www.silverflame.eu\\\/ru\\\/product\\\/infrared-heater-optim\\\/\",\"name\":\"Infrared heater \u00abOPTIM\u00bb | SilverFlame\",\"isPartOf\":{\"@id\":\"https:\\\/\\\/www.silverflame.eu\\\/ru\\\/#website\"},\"primaryImageOfPage\":{\"@id\":\"https:\\\/\\\/www.silverflame.eu\\\/ru\\\/product\\\/infrared-heater-optim\\\/#primaryimage\"},\"image\":{\"@id\":\"https:\\\/\\\/www.silverflame.eu\\\/ru\\\/product\\\/infrared-heater-optim\\\/#primaryimage\"},\"thumbnailUrl\":\"https:\\\/\\\/www.silverflame.eu\\\/wp-content\\\/uploads\\\/2024\\\/03\\\/infrared-heater-silverflame-optim-hanging.png\",\"datePublished\":\"2024-03-31T17:25:56+00:00\",\"dateModified\":\"2026-01-15T05:43:38+00:00\",\"description\":\"The OPTIM infrared heater is a unique, cozy, standalone heating device that not only enhances your surroundings but also creates a warm and inviting atmo...\",\"breadcrumb\":{\"@id\":\"https:\\\/\\\/www.silverflame.eu\\\/ru\\\/product\\\/infrared-heater-optim\\\/#breadcrumb\"},\"inLanguage\":\"et\",\"potentialAction\":[{\"@type\":\"ReadAction\",\"target\":[\"https:\\\/\\\/www.silverflame.eu\\\/ru\\\/product\\\/infrared-heater-optim\\\/\"]}]},{\"@type\":\"ImageObject\",\"inLanguage\":\"et\",\"@id\":\"https:\\\/\\\/www.silverflame.eu\\\/ru\\\/product\\\/infrared-heater-optim\\\/#primaryimage\",\"url\":\"https:\\\/\\\/www.silverflame.eu\\\/wp-content\\\/uploads\\\/2024\\\/03\\\/infrared-heater-silverflame-optim-hanging.png\",\"contentUrl\":\"https:\\\/\\\/www.silverflame.eu\\\/wp-content\\\/uploads\\\/2024\\\/03\\\/infrared-heater-silverflame-optim-hanging.png\",\"width\":829,\"height\":829,\"caption\":\"Modern infrared heater \u00abOPTIM\u00bb designed for effective warmth and energy savings.\"},{\"@type\":\"BreadcrumbList\",\"@id\":\"https:\\\/\\\/www.silverflame.eu\\\/ru\\\/product\\\/infrared-heater-optim\\\/#breadcrumb\",\"itemListElement\":[{\"@type\":\"ListItem\",\"position\":1,\"name\":\"Home page\",\"item\":\"https:\\\/\\\/www.silverflame.eu\\\/ru\\\/\"},{\"@type\":\"ListItem\",\"position\":2,\"name\":\"Shop\",\"item\":\"https:\\\/\\\/www.silverflame.eu\\\/ru\\\/shop\\\/\"},{\"@type\":\"ListItem\",\"position\":3,\"name\":\"Infrared heater \u00abOPTIM\u00bb\"}]},{\"@type\":\"WebSite\",\"@id\":\"https:\\\/\\\/www.silverflame.eu\\\/ru\\\/#website\",\"url\":\"https:\\\/\\\/www.silverflame.eu\\\/ru\\\/\",\"name\":\"SilverFlame\",\"description\":\"Biofireplaces | biokaminad | biotakat | bioeldst\u00e4der\",\"publisher\":{\"@id\":\"https:\\\/\\\/www.silverflame.eu\\\/ru\\\/#organization\"},\"potentialAction\":[{\"@type\":\"SearchAction\",\"target\":{\"@type\":\"EntryPoint\",\"urlTemplate\":\"https:\\\/\\\/www.silverflame.eu\\\/ru\\\/?s={search_term_string}\"},\"query-input\":{\"@type\":\"PropertyValueSpecification\",\"valueRequired\":true,\"valueName\":\"search_term_string\"}}],\"inLanguage\":\"et\"},{\"@type\":\"Organization\",\"@id\":\"https:\\\/\\\/www.silverflame.eu\\\/ru\\\/#organization\",\"name\":\"Silsev O\u00dc\",\"url\":\"https:\\\/\\\/www.silverflame.eu\\\/ru\\\/\",\"logo\":{\"@type\":\"ImageObject\",\"inLanguage\":\"et\",\"@id\":\"https:\\\/\\\/www.silverflame.eu\\\/ru\\\/#\\\/schema\\\/logo\\\/image\\\/\",\"url\":\"http:\\\/\\\/www.silverflame.eu\\\/wp-content\\\/uploads\\\/2021\\\/11\\\/SilverFlame_Biofireplaces-shop-in-EU_Big-logo.png\",\"contentUrl\":\"http:\\\/\\\/www.silverflame.eu\\\/wp-content\\\/uploads\\\/2021\\\/11\\\/SilverFlame_Biofireplaces-shop-in-EU_Big-logo.png\",\"width\":349,\"height\":478,\"caption\":\"Silsev O\u00dc\"},\"image\":{\"@id\":\"https:\\\/\\\/www.silverflame.eu\\\/ru\\\/#\\\/schema\\\/logo\\\/image\\\/\"},\"sameAs\":[\"https:\\\/\\\/www.facebook.com\\\/SilverFlameEurope\",\"https:\\\/\\\/www.instagram.com\\\/silverflame.eu\\\/\",\"https:\\\/\\\/www.youtube.com\\\/@SilverFlame-Biofireplaces\"],\"description\":\"Welcome to our online store, your one-stop destination for high-quality bioethanol fireplaces, gas heaters, infrared heaters, pop-up tents, patio umbrellas, and more. We specialize in delivering eco-friendly heating solutions and outdoor living products across Europe. Our selection is designed for comfort, style, and sustainability, ensuring that your home and outdoor spaces are both cozy and modern. Enjoy fast shipping, competitive prices, and exceptional customer service with every purchase.\",\"email\":\"info@silverflame.eu\",\"legalName\":\"Silsev O\u00dc\",\"publishingPrinciples\":\"https:\\\/\\\/www.silverflame.eu\\\/ru\\\/about-us\\\/\"}]}<\/script>\n<!-- \/ Yoast SEO Premium plugin. -->","yoast_head_json":{"title":"Infrared heater \u00abOPTIM\u00bb | SilverFlame","description":"The OPTIM infrared heater is a unique, cozy, standalone heating device that not only enhances your surroundings but also creates a warm and inviting atmo...","robots":{"index":"index","follow":"follow","max-snippet":"max-snippet:-1","max-image-preview":"max-image-preview:large","max-video-preview":"max-video-preview:-1"},"canonical":"https:\/\/www.silverflame.eu\/et\/toode\/infrared-heater-optim\/","og_locale":"et_EE","og_type":"article","og_title":"Infrared heater \u00abOPTIM\u00bb","og_description":"The OPTIM infrared heater is a unique, cozy, standalone heating device that not only enhances your surroundings but also creates a warm and inviting atmo...","og_url":"https:\/\/www.silverflame.eu\/et\/toode\/infrared-heater-optim\/","og_site_name":"SilverFlame","article_publisher":"https:\/\/www.facebook.com\/SilverFlameEurope","article_modified_time":"2026-01-15T05:43:38+00:00","og_image":[{"width":829,"height":829,"url":"https:\/\/www.silverflame.eu\/wp-content\/uploads\/2024\/03\/infrared-heater-silverflame-optim-hanging.png","type":"image\/png"}],"twitter_card":"summary_large_image","twitter_misc":{"Est. reading time":"2 minutit"},"schema":{"@context":"https:\/\/schema.org","@graph":[{"@type":"WebPage","@id":"https:\/\/www.silverflame.eu\/ru\/product\/infrared-heater-optim\/","url":"https:\/\/www.silverflame.eu\/ru\/product\/infrared-heater-optim\/","name":"Infrared heater \u00abOPTIM\u00bb | SilverFlame","isPartOf":{"@id":"https:\/\/www.silverflame.eu\/ru\/#website"},"primaryImageOfPage":{"@id":"https:\/\/www.silverflame.eu\/ru\/product\/infrared-heater-optim\/#primaryimage"},"image":{"@id":"https:\/\/www.silverflame.eu\/ru\/product\/infrared-heater-optim\/#primaryimage"},"thumbnailUrl":"https:\/\/www.silverflame.eu\/wp-content\/uploads\/2024\/03\/infrared-heater-silverflame-optim-hanging.png","datePublished":"2024-03-31T17:25:56+00:00","dateModified":"2026-01-15T05:43:38+00:00","description":"The OPTIM infrared heater is a unique, cozy, standalone heating device that not only enhances your surroundings but also creates a warm and inviting atmo...","breadcrumb":{"@id":"https:\/\/www.silverflame.eu\/ru\/product\/infrared-heater-optim\/#breadcrumb"},"inLanguage":"et","potentialAction":[{"@type":"ReadAction","target":["https:\/\/www.silverflame.eu\/ru\/product\/infrared-heater-optim\/"]}]},{"@type":"ImageObject","inLanguage":"et","@id":"https:\/\/www.silverflame.eu\/ru\/product\/infrared-heater-optim\/#primaryimage","url":"https:\/\/www.silverflame.eu\/wp-content\/uploads\/2024\/03\/infrared-heater-silverflame-optim-hanging.png","contentUrl":"https:\/\/www.silverflame.eu\/wp-content\/uploads\/2024\/03\/infrared-heater-silverflame-optim-hanging.png","width":829,"height":829,"caption":"Modern infrared heater \u00abOPTIM\u00bb designed for effective warmth and energy savings."},{"@type":"BreadcrumbList","@id":"https:\/\/www.silverflame.eu\/ru\/product\/infrared-heater-optim\/#breadcrumb","itemListElement":[{"@type":"ListItem","position":1,"name":"Home page","item":"https:\/\/www.silverflame.eu\/ru\/"},{"@type":"ListItem","position":2,"name":"Shop","item":"https:\/\/www.silverflame.eu\/ru\/shop\/"},{"@type":"ListItem","position":3,"name":"Infrared heater \u00abOPTIM\u00bb"}]},{"@type":"WebSite","@id":"https:\/\/www.silverflame.eu\/ru\/#website","url":"https:\/\/www.silverflame.eu\/ru\/","name":"SilverFlame","description":"Biofireplaces | biokaminad | biotakat | bioeldst\u00e4der","publisher":{"@id":"https:\/\/www.silverflame.eu\/ru\/#organization"},"potentialAction":[{"@type":"SearchAction","target":{"@type":"EntryPoint","urlTemplate":"https:\/\/www.silverflame.eu\/ru\/?s={search_term_string}"},"query-input":{"@type":"PropertyValueSpecification","valueRequired":true,"valueName":"search_term_string"}}],"inLanguage":"et"},{"@type":"Organization","@id":"https:\/\/www.silverflame.eu\/ru\/#organization","name":"Silsev O\u00dc","url":"https:\/\/www.silverflame.eu\/ru\/","logo":{"@type":"ImageObject","inLanguage":"et","@id":"https:\/\/www.silverflame.eu\/ru\/#\/schema\/logo\/image\/","url":"http:\/\/www.silverflame.eu\/wp-content\/uploads\/2021\/11\/SilverFlame_Biofireplaces-shop-in-EU_Big-logo.png","contentUrl":"http:\/\/www.silverflame.eu\/wp-content\/uploads\/2021\/11\/SilverFlame_Biofireplaces-shop-in-EU_Big-logo.png","width":349,"height":478,"caption":"Silsev O\u00dc"},"image":{"@id":"https:\/\/www.silverflame.eu\/ru\/#\/schema\/logo\/image\/"},"sameAs":["https:\/\/www.facebook.com\/SilverFlameEurope","https:\/\/www.instagram.com\/silverflame.eu\/","https:\/\/www.youtube.com\/@SilverFlame-Biofireplaces"],"description":"Welcome to our online store, your one-stop destination for high-quality bioethanol fireplaces, gas heaters, infrared heaters, pop-up tents, patio umbrellas, and more. We specialize in delivering eco-friendly heating solutions and outdoor living products across Europe. Our selection is designed for comfort, style, and sustainability, ensuring that your home and outdoor spaces are both cozy and modern. Enjoy fast shipping, competitive prices, and exceptional customer service with every purchase.","email":"info@silverflame.eu","legalName":"Silsev O\u00dc","publishingPrinciples":"https:\/\/www.silverflame.eu\/ru\/about-us\/"}]}},"_links":{"self":[{"href":"https:\/\/www.silverflame.eu\/et\/wp-json\/wp\/v2\/product\/10883","targetHints":{"allow":["GET"]}}],"collection":[{"href":"https:\/\/www.silverflame.eu\/et\/wp-json\/wp\/v2\/product"}],"about":[{"href":"https:\/\/www.silverflame.eu\/et\/wp-json\/wp\/v2\/types\/product"}],"wp:featuredmedia":[{"embeddable":true,"href":"https:\/\/www.silverflame.eu\/et\/wp-json\/wp\/v2\/media\/10887"}],"wp:attachment":[{"href":"https:\/\/www.silverflame.eu\/et\/wp-json\/wp\/v2\/media?parent=10883"}],"wp:term":[{"taxonomy":"product_brand","embeddable":true,"href":"https:\/\/www.silverflame.eu\/et\/wp-json\/wp\/v2\/product_brand?post=10883"},{"taxonomy":"product_cat","embeddable":true,"href":"https:\/\/www.silverflame.eu\/et\/wp-json\/wp\/v2\/product_cat?post=10883"},{"taxonomy":"product_tag","embeddable":true,"href":"https:\/\/www.silverflame.eu\/et\/wp-json\/wp\/v2\/product_tag?post=10883"}],"curies":[{"name":"wp","href":"https:\/\/api.w.org\/{rel}","templated":true}]}}