{"id":11268,"date":"2024-06-10T23:21:52","date_gmt":"2024-06-10T20:21:52","guid":{"rendered":"http:\/\/www.silverflame.eu\/?post_type=product&#038;p=11268"},"modified":"2026-01-15T07:43:37","modified_gmt":"2026-01-15T05:43:37","slug":"fire-pit-viking","status":"publish","type":"product","link":"https:\/\/www.silverflame.eu\/et\/toode\/fire-pit-viking\/","title":{"rendered":"L\u00f5kkealus \u00abVIKING\u00bb"},"content":{"rendered":"<h5><strong>Toote kohta:<\/strong><\/h5>\n<p><strong>L\u00f5kkealus \u00abVIKING\u00bb<\/strong> on Euroopas toodetud kvaliteetne toode. Seda iseloomustab detailne viimistlus ja paksust terasest valmistatud suur kauss. Kogu konstruktsioon on v\u00e4ga stabiilne ja vastupidav. K\u00f5ik elemendid on omavahel kokku keevitatud, mille tulemusel on loodud erakordselt stabiilne toode. Saadaval 60 cm, 70 cm, 80 cm v\u00f5i 100 cm suuruses.<\/p>\n<p>&nbsp;<\/p>\n<p>&nbsp;<\/p>\n<h5><strong>Ohutu kasutamine:<\/strong><\/h5>\n<p>L\u00f5kkealus on ideaalne lahendus k\u00f5igile, kes hindavad tule s\u00fc\u00fctamisel ohutust.<strong> L\u00f5kkealus \u00abVIKING\u00bb<\/strong> v\u00f5ib olla praktiline koht tule s\u00fc\u00fctamiseks, kaasaskantav grill, soojusallikas ja stiilne valgustus.<\/p>\n<p>&nbsp;<\/p>\n<p>Kaussi kuju takistab p\u00f5leva puidu levimist, n\u00e4iteks tugeva tuule korral. Tulekaussi keevitatud r\u00f5ngas muudab toote kandmise palju lihtsamaks. Soovitame suitsetada kuiva puiduga ja kasutada ainult looduslikku s\u00fc\u00fcdet.<\/p>\n<p>&nbsp;<\/p>\n<p>&nbsp;<\/p>\n<h5><strong>\"K\u00c4SIT\u00d6\u00d6\" K\u00f5rge Tootekvaliteet \/ Valmistatud Euroopas<\/strong><\/h5>\n<p><strong>L\u00f5kkealus \u00abVIKING\u00bb <\/strong>on valmistatud t\u00f6\u00f6tlemata terasest, mist\u00f5ttu v\u00f5ib selle v\u00e4rvitoon erineda fotodel kujutatud tootest. See on terase loomulik omadus ja ei m\u00f5juta toote funktsionaalsust ega stabiilsust.<\/p>\n<p>&nbsp;<\/p>\n<p>&nbsp;<\/p>\n<h5><strong>Aksessuaarid:<\/strong><\/h5>\n<p>Samuti saate valida m\u00f5ned elegantsed ja kaunid lisatarvikud, mis muudavad teie l\u00f5kkealuse veelgi atraktiivsemaks.<a href=\"http:\/\/www.silverflame.eu\/et\/tootekategooria\/accessories\/\">\u00a0<a href=\"http:\/\/www.silverflame.eu\/et\/tootekategooria\/accessories\/\" target=\"_self\"> Vaata k\u00f5iki tarvikuid.<\/a><\/a><\/p>\n<p>&nbsp;<\/p>\n<p><strong><em>Loe meie toodete kohta veel palju huvitavaid fakte <a href=\"http:\/\/www.silverflame.eu\/et\/blog\/\">blogist!<\/a><\/em><\/strong><\/p>","protected":false},"excerpt":{"rendered":"<table dir=\"ltr\" border=\"1\" cellspacing=\"0\" cellpadding=\"0\" data-sheets-root=\"1\">\n<colgroup>\n<col width=\"286\" \/>\n<col width=\"100\" \/><\/colgroup>\n<tbody>\n<tr>\n<td data-sheets-value=\"{&quot;1&quot;:2,&quot;2&quot;:&quot;Steel thickness (mm)&quot;}\">Terase paksus (mm)<\/td>\n<td data-sheets-value=\"{&quot;1&quot;:3,&quot;3&quot;:2}\">2<\/td>\n<\/tr>\n<tr>\n<td data-sheets-value=\"{&quot;1&quot;:2,&quot;2&quot;:&quot;Material&quot;}\">Materjal<\/td>\n<td data-sheets-value=\"{&quot;1&quot;:2,&quot;2&quot;:&quot;natural steel&quot;}\">teras<\/td>\n<\/tr>\n<tr>\n<td data-sheets-value=\"{&quot;1&quot;:2,&quot;2&quot;:&quot;Shipping time&quot;}\">Tarne aeg<\/td>\n<td data-sheets-value=\"{&quot;1&quot;:2,&quot;2&quot;:&quot;7-14 days&quot;}\">7-14 p\u00e4eva<\/td>\n<\/tr>\n<\/tbody>\n<\/table>\n<p>&nbsp;<\/p>","protected":false},"featured_media":11307,"template":"","meta":{"_monsterinsights_skip_tracking":false,"_monsterinsights_sitenote_active":false,"_monsterinsights_sitenote_note":"","_monsterinsights_sitenote_category":0},"product_brand":[],"product_cat":[164],"product_tag":[232],"class_list":{"0":"post-11268","1":"product","2":"type-product","3":"status-publish","4":"has-post-thumbnail","6":"product_cat-fire-pits","7":"product_tag-fire-pit","8":"product_shipping_class-cook-king","9":"aux-has-gallery","11":"first","12":"instock","13":"sale","14":"taxable","15":"shipping-taxable","16":"purchasable","17":"product-type-variable"},"yoast_head":"<!-- This site is optimized with the Yoast SEO Premium plugin v24.1 (Yoast SEO v27.3) - https:\/\/yoast.com\/product\/yoast-seo-premium-wordpress\/ -->\n<title>Fire pit \u00abVIKING\u00bb | SilverFlame<\/title>\n<meta name=\"description\" content=\"Fire pit \u00abVIKING\u00bb is a high-quality product produced in Europe. It\u2019s characterized by detailed finishings and a large bowl made of thick steel. The whole...\" \/>\n<meta name=\"robots\" content=\"index, follow, max-snippet:-1, max-image-preview:large, max-video-preview:-1\" \/>\n<link rel=\"canonical\" href=\"http:\/\/www.silverflame.eu\/et\/produkt\/fire-pit-viking\/\" \/>\n<meta property=\"og:locale\" content=\"et_EE\" \/>\n<meta property=\"og:type\" content=\"article\" \/>\n<meta property=\"og:title\" content=\"Fire pit \u00abVIKING\u00bb\" \/>\n<meta property=\"og:description\" content=\"Fire pit \u00abVIKING\u00bb is a high-quality product produced in Europe. It\u2019s characterized by detailed finishings and a large bowl made of thick steel. The whole...\" \/>\n<meta property=\"og:url\" content=\"http:\/\/www.silverflame.eu\/et\/produkt\/fire-pit-viking\/\" \/>\n<meta property=\"og:site_name\" content=\"SilverFlame\" \/>\n<meta property=\"article:publisher\" content=\"https:\/\/www.facebook.com\/SilverFlameEurope\" \/>\n<meta property=\"article:modified_time\" content=\"2026-01-15T05:43:37+00:00\" \/>\n<meta property=\"og:image\" content=\"https:\/\/www.silverflame.eu\/wp-content\/uploads\/2024\/06\/fire_pit_viking_fire_1.jpg\" \/>\n\t<meta property=\"og:image:width\" content=\"600\" \/>\n\t<meta property=\"og:image:height\" content=\"720\" \/>\n\t<meta property=\"og:image:type\" content=\"image\/jpeg\" \/>\n<meta name=\"twitter:card\" content=\"summary_large_image\" \/>\n<meta name=\"twitter:label1\" content=\"Est. reading time\" \/>\n\t<meta name=\"twitter:data1\" content=\"1 minut\" \/>\n<script type=\"application\/ld+json\" class=\"yoast-schema-graph\">{\"@context\":\"https:\\\/\\\/schema.org\",\"@graph\":[{\"@type\":\"WebPage\",\"@id\":\"http:\\\/\\\/www.silverflame.eu\\\/sv\\\/produkt\\\/fire-pit-viking\\\/\",\"url\":\"http:\\\/\\\/www.silverflame.eu\\\/sv\\\/produkt\\\/fire-pit-viking\\\/\",\"name\":\"Fire pit \u00abVIKING\u00bb | SilverFlame\",\"isPartOf\":{\"@id\":\"https:\\\/\\\/www.silverflame.eu\\\/ru\\\/#website\"},\"primaryImageOfPage\":{\"@id\":\"http:\\\/\\\/www.silverflame.eu\\\/sv\\\/produkt\\\/fire-pit-viking\\\/#primaryimage\"},\"image\":{\"@id\":\"http:\\\/\\\/www.silverflame.eu\\\/sv\\\/produkt\\\/fire-pit-viking\\\/#primaryimage\"},\"thumbnailUrl\":\"https:\\\/\\\/www.silverflame.eu\\\/wp-content\\\/uploads\\\/2024\\\/06\\\/fire_pit_viking_fire_1.jpg\",\"datePublished\":\"2024-06-10T20:21:52+00:00\",\"dateModified\":\"2026-01-15T05:43:37+00:00\",\"description\":\"Fire pit \u00abVIKING\u00bb is a high-quality product produced in Europe. It\u2019s characterized by detailed finishings and a large bowl made of thick steel. The whole...\",\"breadcrumb\":{\"@id\":\"http:\\\/\\\/www.silverflame.eu\\\/sv\\\/produkt\\\/fire-pit-viking\\\/#breadcrumb\"},\"inLanguage\":\"et\",\"potentialAction\":[{\"@type\":\"ReadAction\",\"target\":[\"http:\\\/\\\/www.silverflame.eu\\\/sv\\\/produkt\\\/fire-pit-viking\\\/\"]}]},{\"@type\":\"ImageObject\",\"inLanguage\":\"et\",\"@id\":\"http:\\\/\\\/www.silverflame.eu\\\/sv\\\/produkt\\\/fire-pit-viking\\\/#primaryimage\",\"url\":\"https:\\\/\\\/www.silverflame.eu\\\/wp-content\\\/uploads\\\/2024\\\/06\\\/fire_pit_viking_fire_1.jpg\",\"contentUrl\":\"https:\\\/\\\/www.silverflame.eu\\\/wp-content\\\/uploads\\\/2024\\\/06\\\/fire_pit_viking_fire_1.jpg\",\"width\":600,\"height\":720,\"caption\":\"Stylish Viking fire pit featuring a modern design with wood logs, perfect for outdoor gatherings and cozy evenings.\"},{\"@type\":\"BreadcrumbList\",\"@id\":\"http:\\\/\\\/www.silverflame.eu\\\/sv\\\/produkt\\\/fire-pit-viking\\\/#breadcrumb\",\"itemListElement\":[{\"@type\":\"ListItem\",\"position\":1,\"name\":\"Home page\",\"item\":\"https:\\\/\\\/www.silverflame.eu\\\/ru\\\/\"},{\"@type\":\"ListItem\",\"position\":2,\"name\":\"Shop\",\"item\":\"https:\\\/\\\/www.silverflame.eu\\\/ru\\\/shop\\\/\"},{\"@type\":\"ListItem\",\"position\":3,\"name\":\"Fire pit \u00abVIKING\u00bb\"}]},{\"@type\":\"WebSite\",\"@id\":\"https:\\\/\\\/www.silverflame.eu\\\/ru\\\/#website\",\"url\":\"https:\\\/\\\/www.silverflame.eu\\\/ru\\\/\",\"name\":\"SilverFlame\",\"description\":\"Biofireplaces | biokaminad | biotakat | bioeldst\u00e4der\",\"publisher\":{\"@id\":\"https:\\\/\\\/www.silverflame.eu\\\/ru\\\/#organization\"},\"potentialAction\":[{\"@type\":\"SearchAction\",\"target\":{\"@type\":\"EntryPoint\",\"urlTemplate\":\"https:\\\/\\\/www.silverflame.eu\\\/ru\\\/?s={search_term_string}\"},\"query-input\":{\"@type\":\"PropertyValueSpecification\",\"valueRequired\":true,\"valueName\":\"search_term_string\"}}],\"inLanguage\":\"et\"},{\"@type\":\"Organization\",\"@id\":\"https:\\\/\\\/www.silverflame.eu\\\/ru\\\/#organization\",\"name\":\"Silsev O\u00dc\",\"url\":\"https:\\\/\\\/www.silverflame.eu\\\/ru\\\/\",\"logo\":{\"@type\":\"ImageObject\",\"inLanguage\":\"et\",\"@id\":\"https:\\\/\\\/www.silverflame.eu\\\/ru\\\/#\\\/schema\\\/logo\\\/image\\\/\",\"url\":\"http:\\\/\\\/www.silverflame.eu\\\/wp-content\\\/uploads\\\/2021\\\/11\\\/SilverFlame_Biofireplaces-shop-in-EU_Big-logo.png\",\"contentUrl\":\"http:\\\/\\\/www.silverflame.eu\\\/wp-content\\\/uploads\\\/2021\\\/11\\\/SilverFlame_Biofireplaces-shop-in-EU_Big-logo.png\",\"width\":349,\"height\":478,\"caption\":\"Silsev O\u00dc\"},\"image\":{\"@id\":\"https:\\\/\\\/www.silverflame.eu\\\/ru\\\/#\\\/schema\\\/logo\\\/image\\\/\"},\"sameAs\":[\"https:\\\/\\\/www.facebook.com\\\/SilverFlameEurope\",\"https:\\\/\\\/www.instagram.com\\\/silverflame.eu\\\/\",\"https:\\\/\\\/www.youtube.com\\\/@SilverFlame-Biofireplaces\"],\"description\":\"Welcome to our online store, your one-stop destination for high-quality bioethanol fireplaces, gas heaters, infrared heaters, pop-up tents, patio umbrellas, and more. We specialize in delivering eco-friendly heating solutions and outdoor living products across Europe. Our selection is designed for comfort, style, and sustainability, ensuring that your home and outdoor spaces are both cozy and modern. Enjoy fast shipping, competitive prices, and exceptional customer service with every purchase.\",\"email\":\"info@silverflame.eu\",\"legalName\":\"Silsev O\u00dc\",\"publishingPrinciples\":\"https:\\\/\\\/www.silverflame.eu\\\/ru\\\/about-us\\\/\"}]}<\/script>\n<!-- \/ Yoast SEO Premium plugin. -->","yoast_head_json":{"title":"Fire pit \u00abVIKING\u00bb | SilverFlame","description":"Fire pit \u00abVIKING\u00bb is a high-quality product produced in Europe. It\u2019s characterized by detailed finishings and a large bowl made of thick steel. The whole...","robots":{"index":"index","follow":"follow","max-snippet":"max-snippet:-1","max-image-preview":"max-image-preview:large","max-video-preview":"max-video-preview:-1"},"canonical":"http:\/\/www.silverflame.eu\/et\/produkt\/fire-pit-viking\/","og_locale":"et_EE","og_type":"article","og_title":"Fire pit \u00abVIKING\u00bb","og_description":"Fire pit \u00abVIKING\u00bb is a high-quality product produced in Europe. It\u2019s characterized by detailed finishings and a large bowl made of thick steel. The whole...","og_url":"http:\/\/www.silverflame.eu\/et\/produkt\/fire-pit-viking\/","og_site_name":"SilverFlame","article_publisher":"https:\/\/www.facebook.com\/SilverFlameEurope","article_modified_time":"2026-01-15T05:43:37+00:00","og_image":[{"width":600,"height":720,"url":"https:\/\/www.silverflame.eu\/wp-content\/uploads\/2024\/06\/fire_pit_viking_fire_1.jpg","type":"image\/jpeg"}],"twitter_card":"summary_large_image","twitter_misc":{"Est. reading time":"1 minut"},"schema":{"@context":"https:\/\/schema.org","@graph":[{"@type":"WebPage","@id":"http:\/\/www.silverflame.eu\/sv\/produkt\/fire-pit-viking\/","url":"http:\/\/www.silverflame.eu\/sv\/produkt\/fire-pit-viking\/","name":"Fire pit \u00abVIKING\u00bb | SilverFlame","isPartOf":{"@id":"https:\/\/www.silverflame.eu\/ru\/#website"},"primaryImageOfPage":{"@id":"http:\/\/www.silverflame.eu\/sv\/produkt\/fire-pit-viking\/#primaryimage"},"image":{"@id":"http:\/\/www.silverflame.eu\/sv\/produkt\/fire-pit-viking\/#primaryimage"},"thumbnailUrl":"https:\/\/www.silverflame.eu\/wp-content\/uploads\/2024\/06\/fire_pit_viking_fire_1.jpg","datePublished":"2024-06-10T20:21:52+00:00","dateModified":"2026-01-15T05:43:37+00:00","description":"Fire pit \u00abVIKING\u00bb is a high-quality product produced in Europe. It\u2019s characterized by detailed finishings and a large bowl made of thick steel. The whole...","breadcrumb":{"@id":"http:\/\/www.silverflame.eu\/sv\/produkt\/fire-pit-viking\/#breadcrumb"},"inLanguage":"et","potentialAction":[{"@type":"ReadAction","target":["http:\/\/www.silverflame.eu\/sv\/produkt\/fire-pit-viking\/"]}]},{"@type":"ImageObject","inLanguage":"et","@id":"http:\/\/www.silverflame.eu\/sv\/produkt\/fire-pit-viking\/#primaryimage","url":"https:\/\/www.silverflame.eu\/wp-content\/uploads\/2024\/06\/fire_pit_viking_fire_1.jpg","contentUrl":"https:\/\/www.silverflame.eu\/wp-content\/uploads\/2024\/06\/fire_pit_viking_fire_1.jpg","width":600,"height":720,"caption":"Stylish Viking fire pit featuring a modern design with wood logs, perfect for outdoor gatherings and cozy evenings."},{"@type":"BreadcrumbList","@id":"http:\/\/www.silverflame.eu\/sv\/produkt\/fire-pit-viking\/#breadcrumb","itemListElement":[{"@type":"ListItem","position":1,"name":"Home page","item":"https:\/\/www.silverflame.eu\/ru\/"},{"@type":"ListItem","position":2,"name":"Shop","item":"https:\/\/www.silverflame.eu\/ru\/shop\/"},{"@type":"ListItem","position":3,"name":"Fire pit \u00abVIKING\u00bb"}]},{"@type":"WebSite","@id":"https:\/\/www.silverflame.eu\/ru\/#website","url":"https:\/\/www.silverflame.eu\/ru\/","name":"SilverFlame","description":"Biofireplaces | biokaminad | biotakat | bioeldst\u00e4der","publisher":{"@id":"https:\/\/www.silverflame.eu\/ru\/#organization"},"potentialAction":[{"@type":"SearchAction","target":{"@type":"EntryPoint","urlTemplate":"https:\/\/www.silverflame.eu\/ru\/?s={search_term_string}"},"query-input":{"@type":"PropertyValueSpecification","valueRequired":true,"valueName":"search_term_string"}}],"inLanguage":"et"},{"@type":"Organization","@id":"https:\/\/www.silverflame.eu\/ru\/#organization","name":"Silsev O\u00dc","url":"https:\/\/www.silverflame.eu\/ru\/","logo":{"@type":"ImageObject","inLanguage":"et","@id":"https:\/\/www.silverflame.eu\/ru\/#\/schema\/logo\/image\/","url":"http:\/\/www.silverflame.eu\/wp-content\/uploads\/2021\/11\/SilverFlame_Biofireplaces-shop-in-EU_Big-logo.png","contentUrl":"http:\/\/www.silverflame.eu\/wp-content\/uploads\/2021\/11\/SilverFlame_Biofireplaces-shop-in-EU_Big-logo.png","width":349,"height":478,"caption":"Silsev O\u00dc"},"image":{"@id":"https:\/\/www.silverflame.eu\/ru\/#\/schema\/logo\/image\/"},"sameAs":["https:\/\/www.facebook.com\/SilverFlameEurope","https:\/\/www.instagram.com\/silverflame.eu\/","https:\/\/www.youtube.com\/@SilverFlame-Biofireplaces"],"description":"Welcome to our online store, your one-stop destination for high-quality bioethanol fireplaces, gas heaters, infrared heaters, pop-up tents, patio umbrellas, and more. We specialize in delivering eco-friendly heating solutions and outdoor living products across Europe. Our selection is designed for comfort, style, and sustainability, ensuring that your home and outdoor spaces are both cozy and modern. Enjoy fast shipping, competitive prices, and exceptional customer service with every purchase.","email":"info@silverflame.eu","legalName":"Silsev O\u00dc","publishingPrinciples":"https:\/\/www.silverflame.eu\/ru\/about-us\/"}]}},"_links":{"self":[{"href":"https:\/\/www.silverflame.eu\/et\/wp-json\/wp\/v2\/product\/11268","targetHints":{"allow":["GET"]}}],"collection":[{"href":"https:\/\/www.silverflame.eu\/et\/wp-json\/wp\/v2\/product"}],"about":[{"href":"https:\/\/www.silverflame.eu\/et\/wp-json\/wp\/v2\/types\/product"}],"wp:featuredmedia":[{"embeddable":true,"href":"https:\/\/www.silverflame.eu\/et\/wp-json\/wp\/v2\/media\/11307"}],"wp:attachment":[{"href":"https:\/\/www.silverflame.eu\/et\/wp-json\/wp\/v2\/media?parent=11268"}],"wp:term":[{"taxonomy":"product_brand","embeddable":true,"href":"https:\/\/www.silverflame.eu\/et\/wp-json\/wp\/v2\/product_brand?post=11268"},{"taxonomy":"product_cat","embeddable":true,"href":"https:\/\/www.silverflame.eu\/et\/wp-json\/wp\/v2\/product_cat?post=11268"},{"taxonomy":"product_tag","embeddable":true,"href":"https:\/\/www.silverflame.eu\/et\/wp-json\/wp\/v2\/product_tag?post=11268"}],"curies":[{"name":"wp","href":"https:\/\/api.w.org\/{rel}","templated":true}]}}