{"id":11697,"date":"2024-09-04T20:48:07","date_gmt":"2024-09-04T17:48:07","guid":{"rendered":"http:\/\/www.silverflame.eu\/?post_type=product&#038;p=11697"},"modified":"2024-09-04T22:24:00","modified_gmt":"2024-09-04T19:24:00","slug":"garden-stove-hawana","status":"publish","type":"product","link":"https:\/\/www.silverflame.eu\/et\/toode\/garden-stove-hawana\/","title":{"rendered":"Aiaahi \u00abHAWANA\u00bb"},"content":{"rendered":"<h5><strong>Toote kohta:<\/strong><\/h5>\n<p><strong>Aiaahi \u00abHAWANA\u00bb<\/strong>\u00a0aitab teil luua uskumatut atmosf\u00e4\u00e4ri nii oma aias kui ka n\u00e4dalavahetuse v\u00e4ljas\u00f5itudel kodust eemal. T\u00e4nu oma massiivsele paksust metalllehest valmistatud konstruktsioonile soojeneb ahi kiiresti k\u00f5rgetele temperatuuridele ja annab samal ajal soojust \u00fcmbritsevasse keskkonda; seet\u00f5ttu saate mugavalt sooja tunda, seistes selle l\u00e4hedal. Ahi serv on l\u00f5igatud paksust teraslehest CNC-laseriga. <strong><em>\"K\u00c4SIT\u00d6\u00d6\" K\u00d5RGE KVALITEEDIGA TOODE, VALMISTATUD EUROOPAS.<\/em><\/strong><\/p>\n<p>&nbsp;<\/p>\n<p>&nbsp;<\/p>\n<h5><strong>Atmosf\u00e4\u00e4r:<\/strong><\/h5>\n<p>Tuld tehes n\u00e4ete pliidist tulevat ainulaadset ja kordumatut kuma ning langev vari loob meeldiva \u00f5hkkonna. Pliidi valgus ja soojus m\u00e4\u00e4ravad teie aia keskpunkti ja loovad ainulaadse, hubase atmosf\u00e4\u00e4ri. <strong>Aiaahi \u00abHAWANA\u00bb<\/strong>\u00a0lisab alale stiili ja elegantsi, muutes selle veelgi kaunimaks.<\/p>\n<p>&nbsp;<\/p>\n<p>&nbsp;<\/p>\n<h5><strong>Ohutu kasutamine:<\/strong><\/h5>\n<p>Kogu konstruktsioon on v\u00e4ga stabiilne ja tugev. K\u00f5ik elemendid on omavahel kokku keevitatud, mille tulemusel on loodud uskumatult stabiilne toode. Ahi omab laia korstnaava, mis eemaldab ahju kasutamisel tekkinud gaasid. Samuti on v\u00f5imalik kasutada ahju \u00fclemist paneeli toidu valmistamiseks ja praadimiseks. Selleks v\u00f5ite kasutada panni, gulja\u0161ipotti v\u00f5i tavalist potti.<\/p>\n<p>&nbsp;<\/p>\n<p>&nbsp;<\/p>\n<h5><strong>Aksessuaarid:<\/strong><\/h5>\n<p>Samuti saate valida m\u00f5ned elegantsed ja kaunid lisatarvikud, mis muudavad teie l\u00f5kkealuse veelgi atraktiivsemaks.<a href=\"http:\/\/www.silverflame.eu\/et\/tootekategooria\/accessories\/\">\u00a0<a href=\"http:\/\/www.silverflame.eu\/et\/tootekategooria\/accessories\/\" target=\"_self\"> Vaata k\u00f5iki tarvikuid.<\/a><\/a><\/p>\n<p>&nbsp;<\/p>\n<p>Samuti v\u00f5ite vaadata <a class=\"sc-jTVQyt bhIRUc\" href=\"http:\/\/www.silverflame.eu\/et\/toode\/garden-stove-lima\/\" target=\"_blank\" rel=\"noopener\">Aiaahi \u00abLIMA\u00bb<\/a><\/p>\n<p>&nbsp;<\/p>\n<p>&nbsp;<\/p>\n<p><strong><em>Loe meie toodete kohta veel palju huvitavaid fakte <a href=\"http:\/\/www.silverflame.eu\/et\/blog\/\">blogist!<\/a><\/em><\/strong><\/p>","protected":false},"excerpt":{"rendered":"<table dir=\"ltr\" border=\"1\" cellspacing=\"0\" cellpadding=\"0\" data-sheets-root=\"1\">\n<colgroup>\n<col width=\"286\" \/>\n<col width=\"100\" \/><\/colgroup>\n<tbody>\n<tr>\n<td data-sheets-value=\"{&quot;1&quot;:2,&quot;2&quot;:&quot;Dimensions (cm): &quot;}\">M\u00f5\u00f5tmed (cm):<\/td>\n<td data-sheets-value=\"{&quot;1&quot;:2,&quot;2&quot;:&quot;70 x 70&quot;}\">50 x 33<\/td>\n<\/tr>\n<tr>\n<td data-sheets-value=\"{&quot;1&quot;:2,&quot;2&quot;:&quot;Weight (kg): &quot;}\">Kaal (kg):<\/td>\n<td data-sheets-value=\"{&quot;1&quot;:3,&quot;3&quot;:14.5}\">20<\/td>\n<\/tr>\n<tr>\n<td data-sheets-value=\"{&quot;1&quot;:2,&quot;2&quot;:&quot;Height (cm): &quot;}\">K\u00f5rgus (cm):<\/td>\n<td data-sheets-value=\"{&quot;1&quot;:3,&quot;3&quot;:30}\">108<\/td>\n<\/tr>\n<tr>\n<td data-sheets-value=\"{&quot;1&quot;:2,&quot;2&quot;:&quot;Steel thickness (mm)&quot;}\">Terase paksus (mm)<\/td>\n<td data-sheets-value=\"{&quot;1&quot;:3,&quot;3&quot;:2}\">1,5<\/td>\n<\/tr>\n<tr>\n<td data-sheets-value=\"{&quot;1&quot;:2,&quot;2&quot;:&quot;Material&quot;}\">Materjal<\/td>\n<td data-sheets-value=\"{&quot;1&quot;:2,&quot;2&quot;:&quot;natural steel&quot;}\">teras<\/td>\n<\/tr>\n<tr>\n<td data-sheets-value=\"{&quot;1&quot;:2,&quot;2&quot;:&quot;Shipping time&quot;}\">Tarne aeg<\/td>\n<td data-sheets-value=\"{&quot;1&quot;:2,&quot;2&quot;:&quot;7-14 days&quot;}\">7-14 p\u00e4eva<\/td>\n<\/tr>\n<\/tbody>\n<\/table>","protected":false},"featured_media":11701,"template":"","meta":{"_monsterinsights_skip_tracking":false,"_monsterinsights_sitenote_active":false,"_monsterinsights_sitenote_note":"","_monsterinsights_sitenote_category":0},"product_brand":[],"product_cat":[241],"product_tag":[240],"class_list":{"0":"post-11697","1":"product","2":"type-product","3":"status-publish","4":"has-post-thumbnail","6":"product_cat-garden-stoves","7":"product_tag-garden-stove","8":"product_shipping_class-cook-king","9":"aux-has-gallery","11":"first","12":"instock","13":"sale","14":"taxable","15":"shipping-taxable","16":"purchasable","17":"product-type-simple"},"yoast_head":"<!-- This site is optimized with the Yoast SEO Premium plugin v24.1 (Yoast SEO v27.3) - https:\/\/yoast.com\/product\/yoast-seo-premium-wordpress\/ -->\n<title>Garden stove \u00abHAWANA\u00bb | SilverFlame<\/title>\n<meta name=\"description\" content=\"Garden stove \u00abHAWANA\u00bb will help you create an incredible atmosphere both in your garden and during weekend excursions away from home. Thanks to its massi...\" \/>\n<meta name=\"robots\" content=\"index, follow, max-snippet:-1, max-image-preview:large, max-video-preview:-1\" \/>\n<link rel=\"canonical\" href=\"https:\/\/www.silverflame.eu\/et\/toode\/garden-stove-hawana\/\" \/>\n<meta property=\"og:locale\" content=\"et_EE\" \/>\n<meta property=\"og:type\" content=\"article\" \/>\n<meta property=\"og:title\" content=\"Garden stove \u00abHAWANA\u00bb\" \/>\n<meta property=\"og:description\" content=\"Garden stove \u00abHAWANA\u00bb will help you create an incredible atmosphere both in your garden and during weekend excursions away from home. Thanks to its massi...\" \/>\n<meta property=\"og:url\" content=\"https:\/\/www.silverflame.eu\/et\/toode\/garden-stove-hawana\/\" \/>\n<meta property=\"og:site_name\" content=\"SilverFlame\" \/>\n<meta property=\"article:publisher\" content=\"https:\/\/www.facebook.com\/SilverFlameEurope\" \/>\n<meta property=\"article:modified_time\" content=\"2024-09-04T19:24:00+00:00\" \/>\n<meta property=\"og:image\" content=\"https:\/\/www.silverflame.eu\/wp-content\/uploads\/2024\/09\/garden-stove-hawana.png\" \/>\n\t<meta property=\"og:image:width\" content=\"600\" \/>\n\t<meta property=\"og:image:height\" content=\"571\" \/>\n\t<meta property=\"og:image:type\" content=\"image\/png\" \/>\n<meta name=\"twitter:card\" content=\"summary_large_image\" \/>\n<meta name=\"twitter:label1\" content=\"Est. reading time\" \/>\n\t<meta name=\"twitter:data1\" content=\"1 minut\" \/>\n<script type=\"application\/ld+json\" class=\"yoast-schema-graph\">{\"@context\":\"https:\\\/\\\/schema.org\",\"@graph\":[{\"@type\":\"WebPage\",\"@id\":\"https:\\\/\\\/www.silverflame.eu\\\/product\\\/garden-stove-hawana\\\/\",\"url\":\"https:\\\/\\\/www.silverflame.eu\\\/product\\\/garden-stove-hawana\\\/\",\"name\":\"Garden stove \u00abHAWANA\u00bb | SilverFlame\",\"isPartOf\":{\"@id\":\"https:\\\/\\\/www.silverflame.eu\\\/ru\\\/#website\"},\"primaryImageOfPage\":{\"@id\":\"https:\\\/\\\/www.silverflame.eu\\\/product\\\/garden-stove-hawana\\\/#primaryimage\"},\"image\":{\"@id\":\"https:\\\/\\\/www.silverflame.eu\\\/product\\\/garden-stove-hawana\\\/#primaryimage\"},\"thumbnailUrl\":\"https:\\\/\\\/www.silverflame.eu\\\/wp-content\\\/uploads\\\/2024\\\/09\\\/garden-stove-hawana.png\",\"datePublished\":\"2024-09-04T17:48:07+00:00\",\"dateModified\":\"2024-09-04T19:24:00+00:00\",\"description\":\"Garden stove \u00abHAWANA\u00bb will help you create an incredible atmosphere both in your garden and during weekend excursions away from home. Thanks to its massi...\",\"breadcrumb\":{\"@id\":\"https:\\\/\\\/www.silverflame.eu\\\/product\\\/garden-stove-hawana\\\/#breadcrumb\"},\"inLanguage\":\"et\",\"potentialAction\":[{\"@type\":\"ReadAction\",\"target\":[\"https:\\\/\\\/www.silverflame.eu\\\/product\\\/garden-stove-hawana\\\/\"]}]},{\"@type\":\"ImageObject\",\"inLanguage\":\"et\",\"@id\":\"https:\\\/\\\/www.silverflame.eu\\\/product\\\/garden-stove-hawana\\\/#primaryimage\",\"url\":\"https:\\\/\\\/www.silverflame.eu\\\/wp-content\\\/uploads\\\/2024\\\/09\\\/garden-stove-hawana.png\",\"contentUrl\":\"https:\\\/\\\/www.silverflame.eu\\\/wp-content\\\/uploads\\\/2024\\\/09\\\/garden-stove-hawana.png\",\"width\":600,\"height\":571,\"caption\":\"The HAWANA garden stove adds warmth and style to any garden or patio setting, combining functionality with aesthetic appeal.\"},{\"@type\":\"BreadcrumbList\",\"@id\":\"https:\\\/\\\/www.silverflame.eu\\\/product\\\/garden-stove-hawana\\\/#breadcrumb\",\"itemListElement\":[{\"@type\":\"ListItem\",\"position\":1,\"name\":\"Home page\",\"item\":\"https:\\\/\\\/www.silverflame.eu\\\/ru\\\/\"},{\"@type\":\"ListItem\",\"position\":2,\"name\":\"Shop\",\"item\":\"https:\\\/\\\/www.silverflame.eu\\\/ru\\\/shop\\\/\"},{\"@type\":\"ListItem\",\"position\":3,\"name\":\"Garden stove \u00abHAWANA\u00bb\"}]},{\"@type\":\"WebSite\",\"@id\":\"https:\\\/\\\/www.silverflame.eu\\\/ru\\\/#website\",\"url\":\"https:\\\/\\\/www.silverflame.eu\\\/ru\\\/\",\"name\":\"SilverFlame\",\"description\":\"Biofireplaces | biokaminad | biotakat | bioeldst\u00e4der\",\"publisher\":{\"@id\":\"https:\\\/\\\/www.silverflame.eu\\\/ru\\\/#organization\"},\"potentialAction\":[{\"@type\":\"SearchAction\",\"target\":{\"@type\":\"EntryPoint\",\"urlTemplate\":\"https:\\\/\\\/www.silverflame.eu\\\/ru\\\/?s={search_term_string}\"},\"query-input\":{\"@type\":\"PropertyValueSpecification\",\"valueRequired\":true,\"valueName\":\"search_term_string\"}}],\"inLanguage\":\"et\"},{\"@type\":\"Organization\",\"@id\":\"https:\\\/\\\/www.silverflame.eu\\\/ru\\\/#organization\",\"name\":\"Silsev O\u00dc\",\"url\":\"https:\\\/\\\/www.silverflame.eu\\\/ru\\\/\",\"logo\":{\"@type\":\"ImageObject\",\"inLanguage\":\"et\",\"@id\":\"https:\\\/\\\/www.silverflame.eu\\\/ru\\\/#\\\/schema\\\/logo\\\/image\\\/\",\"url\":\"http:\\\/\\\/www.silverflame.eu\\\/wp-content\\\/uploads\\\/2021\\\/11\\\/SilverFlame_Biofireplaces-shop-in-EU_Big-logo.png\",\"contentUrl\":\"http:\\\/\\\/www.silverflame.eu\\\/wp-content\\\/uploads\\\/2021\\\/11\\\/SilverFlame_Biofireplaces-shop-in-EU_Big-logo.png\",\"width\":349,\"height\":478,\"caption\":\"Silsev O\u00dc\"},\"image\":{\"@id\":\"https:\\\/\\\/www.silverflame.eu\\\/ru\\\/#\\\/schema\\\/logo\\\/image\\\/\"},\"sameAs\":[\"https:\\\/\\\/www.facebook.com\\\/SilverFlameEurope\",\"https:\\\/\\\/www.instagram.com\\\/silverflame.eu\\\/\",\"https:\\\/\\\/www.youtube.com\\\/@SilverFlame-Biofireplaces\"],\"description\":\"Welcome to our online store, your one-stop destination for high-quality bioethanol fireplaces, gas heaters, infrared heaters, pop-up tents, patio umbrellas, and more. We specialize in delivering eco-friendly heating solutions and outdoor living products across Europe. Our selection is designed for comfort, style, and sustainability, ensuring that your home and outdoor spaces are both cozy and modern. Enjoy fast shipping, competitive prices, and exceptional customer service with every purchase.\",\"email\":\"info@silverflame.eu\",\"legalName\":\"Silsev O\u00dc\",\"publishingPrinciples\":\"https:\\\/\\\/www.silverflame.eu\\\/ru\\\/about-us\\\/\"}]}<\/script>\n<!-- \/ Yoast SEO Premium plugin. -->","yoast_head_json":{"title":"Garden stove \u00abHAWANA\u00bb | SilverFlame","description":"Garden stove \u00abHAWANA\u00bb will help you create an incredible atmosphere both in your garden and during weekend excursions away from home. Thanks to its massi...","robots":{"index":"index","follow":"follow","max-snippet":"max-snippet:-1","max-image-preview":"max-image-preview:large","max-video-preview":"max-video-preview:-1"},"canonical":"https:\/\/www.silverflame.eu\/et\/toode\/garden-stove-hawana\/","og_locale":"et_EE","og_type":"article","og_title":"Garden stove \u00abHAWANA\u00bb","og_description":"Garden stove \u00abHAWANA\u00bb will help you create an incredible atmosphere both in your garden and during weekend excursions away from home. Thanks to its massi...","og_url":"https:\/\/www.silverflame.eu\/et\/toode\/garden-stove-hawana\/","og_site_name":"SilverFlame","article_publisher":"https:\/\/www.facebook.com\/SilverFlameEurope","article_modified_time":"2024-09-04T19:24:00+00:00","og_image":[{"width":600,"height":571,"url":"https:\/\/www.silverflame.eu\/wp-content\/uploads\/2024\/09\/garden-stove-hawana.png","type":"image\/png"}],"twitter_card":"summary_large_image","twitter_misc":{"Est. reading time":"1 minut"},"schema":{"@context":"https:\/\/schema.org","@graph":[{"@type":"WebPage","@id":"https:\/\/www.silverflame.eu\/product\/garden-stove-hawana\/","url":"https:\/\/www.silverflame.eu\/product\/garden-stove-hawana\/","name":"Garden stove \u00abHAWANA\u00bb | SilverFlame","isPartOf":{"@id":"https:\/\/www.silverflame.eu\/ru\/#website"},"primaryImageOfPage":{"@id":"https:\/\/www.silverflame.eu\/product\/garden-stove-hawana\/#primaryimage"},"image":{"@id":"https:\/\/www.silverflame.eu\/product\/garden-stove-hawana\/#primaryimage"},"thumbnailUrl":"https:\/\/www.silverflame.eu\/wp-content\/uploads\/2024\/09\/garden-stove-hawana.png","datePublished":"2024-09-04T17:48:07+00:00","dateModified":"2024-09-04T19:24:00+00:00","description":"Garden stove \u00abHAWANA\u00bb will help you create an incredible atmosphere both in your garden and during weekend excursions away from home. Thanks to its massi...","breadcrumb":{"@id":"https:\/\/www.silverflame.eu\/product\/garden-stove-hawana\/#breadcrumb"},"inLanguage":"et","potentialAction":[{"@type":"ReadAction","target":["https:\/\/www.silverflame.eu\/product\/garden-stove-hawana\/"]}]},{"@type":"ImageObject","inLanguage":"et","@id":"https:\/\/www.silverflame.eu\/product\/garden-stove-hawana\/#primaryimage","url":"https:\/\/www.silverflame.eu\/wp-content\/uploads\/2024\/09\/garden-stove-hawana.png","contentUrl":"https:\/\/www.silverflame.eu\/wp-content\/uploads\/2024\/09\/garden-stove-hawana.png","width":600,"height":571,"caption":"The HAWANA garden stove adds warmth and style to any garden or patio setting, combining functionality with aesthetic appeal."},{"@type":"BreadcrumbList","@id":"https:\/\/www.silverflame.eu\/product\/garden-stove-hawana\/#breadcrumb","itemListElement":[{"@type":"ListItem","position":1,"name":"Home page","item":"https:\/\/www.silverflame.eu\/ru\/"},{"@type":"ListItem","position":2,"name":"Shop","item":"https:\/\/www.silverflame.eu\/ru\/shop\/"},{"@type":"ListItem","position":3,"name":"Garden stove \u00abHAWANA\u00bb"}]},{"@type":"WebSite","@id":"https:\/\/www.silverflame.eu\/ru\/#website","url":"https:\/\/www.silverflame.eu\/ru\/","name":"SilverFlame","description":"Biofireplaces | biokaminad | biotakat | bioeldst\u00e4der","publisher":{"@id":"https:\/\/www.silverflame.eu\/ru\/#organization"},"potentialAction":[{"@type":"SearchAction","target":{"@type":"EntryPoint","urlTemplate":"https:\/\/www.silverflame.eu\/ru\/?s={search_term_string}"},"query-input":{"@type":"PropertyValueSpecification","valueRequired":true,"valueName":"search_term_string"}}],"inLanguage":"et"},{"@type":"Organization","@id":"https:\/\/www.silverflame.eu\/ru\/#organization","name":"Silsev O\u00dc","url":"https:\/\/www.silverflame.eu\/ru\/","logo":{"@type":"ImageObject","inLanguage":"et","@id":"https:\/\/www.silverflame.eu\/ru\/#\/schema\/logo\/image\/","url":"http:\/\/www.silverflame.eu\/wp-content\/uploads\/2021\/11\/SilverFlame_Biofireplaces-shop-in-EU_Big-logo.png","contentUrl":"http:\/\/www.silverflame.eu\/wp-content\/uploads\/2021\/11\/SilverFlame_Biofireplaces-shop-in-EU_Big-logo.png","width":349,"height":478,"caption":"Silsev O\u00dc"},"image":{"@id":"https:\/\/www.silverflame.eu\/ru\/#\/schema\/logo\/image\/"},"sameAs":["https:\/\/www.facebook.com\/SilverFlameEurope","https:\/\/www.instagram.com\/silverflame.eu\/","https:\/\/www.youtube.com\/@SilverFlame-Biofireplaces"],"description":"Welcome to our online store, your one-stop destination for high-quality bioethanol fireplaces, gas heaters, infrared heaters, pop-up tents, patio umbrellas, and more. We specialize in delivering eco-friendly heating solutions and outdoor living products across Europe. Our selection is designed for comfort, style, and sustainability, ensuring that your home and outdoor spaces are both cozy and modern. Enjoy fast shipping, competitive prices, and exceptional customer service with every purchase.","email":"info@silverflame.eu","legalName":"Silsev O\u00dc","publishingPrinciples":"https:\/\/www.silverflame.eu\/ru\/about-us\/"}]}},"_links":{"self":[{"href":"https:\/\/www.silverflame.eu\/et\/wp-json\/wp\/v2\/product\/11697","targetHints":{"allow":["GET"]}}],"collection":[{"href":"https:\/\/www.silverflame.eu\/et\/wp-json\/wp\/v2\/product"}],"about":[{"href":"https:\/\/www.silverflame.eu\/et\/wp-json\/wp\/v2\/types\/product"}],"wp:featuredmedia":[{"embeddable":true,"href":"https:\/\/www.silverflame.eu\/et\/wp-json\/wp\/v2\/media\/11701"}],"wp:attachment":[{"href":"https:\/\/www.silverflame.eu\/et\/wp-json\/wp\/v2\/media?parent=11697"}],"wp:term":[{"taxonomy":"product_brand","embeddable":true,"href":"https:\/\/www.silverflame.eu\/et\/wp-json\/wp\/v2\/product_brand?post=11697"},{"taxonomy":"product_cat","embeddable":true,"href":"https:\/\/www.silverflame.eu\/et\/wp-json\/wp\/v2\/product_cat?post=11697"},{"taxonomy":"product_tag","embeddable":true,"href":"https:\/\/www.silverflame.eu\/et\/wp-json\/wp\/v2\/product_tag?post=11697"}],"curies":[{"name":"wp","href":"https:\/\/api.w.org\/{rel}","templated":true}]}}