{"id":2510,"date":"2022-02-07T20:59:56","date_gmt":"2022-02-07T18:59:56","guid":{"rendered":"http:\/\/www.silverflame.eu\/?post_type=product&#038;p=2510"},"modified":"2024-02-12T10:34:46","modified_gmt":"2024-02-12T08:34:46","slug":"biofireplace-delta-700-left","status":"publish","type":"product","link":"https:\/\/www.silverflame.eu\/et\/toode\/biofireplace-delta-700-left\/","title":{"rendered":"Biokamin \u00abDelta 700-Left\u00bb must"},"content":{"rendered":"<h5><strong>Toote kohta:<\/strong><\/h5>\n<p>Must horisontaalne nurga biokamin <strong><em>\u00abDelta 700-Left\u00bb<\/em><\/strong> (vasakul k\u00fcljel avatud) on ideaalne lahendus nurka paigaldamiseks. Selle inglise stiil, elegants ja modernsus annavad ruumile originaalse m\u00f5\u00f5tme. \u00d6koloogiline kamin annab t\u00f5elise tule, mis mitte ainult ei loo unikaalset atmosf\u00e4\u00e4ri, vaid ka soojendab. Ei vaja \u00fchendamist korstnaga. Lihtsalt asetage, valage biok\u00fctus konteinerisse m\u00e4rgitud tasemeni ja nautige soojust ja kaunist vaadet t\u00f5elisele tulele! Leeki on v\u00f5imalik igal ajal reguleerida ja kustutada. \u00c4rge unustage ventileerida ruumi, kus asub biokamin. Kui ilmastikutingimused on soodsad, v\u00f5ib see olla terrassi v\u00f5i aia kaunistus.<\/p>\n<p>&nbsp;<\/p>\n<h5 class=\"data-item-hidden\"><strong>Kaasaegne disain:<\/strong><\/h5>\n<p class=\"data-item-hidden\">T\u00e4nu kahepoolsele tulen\u00e4gemisele, panoraamvaatele ja \u00f5rnale esiraamile, sobib biokamin \u00abDelta 700-Left\u00bb suurep\u00e4raselt kaasaegse interj\u00f6\u00f6ri stiili.<\/p>\n<p class=\"data-item-hidden\">Seda t\u00fc\u00fcpi biokaminat valitakse sageli avatud ruumide puhul, kus on segatud erinevaid ruume nt. elutuba koos s\u00f6\u00f6gitoaga.<\/p>\n<h5><\/h5>\n<h5 class=\"data-item-hidden\"><strong>Paigaldusv\u00f5imalused:<br \/>\n<\/strong><\/h5>\n<p class=\"data-item-hidden\">Paigaldatav seinas\u00fcvendisse v\u00f5i spetsiaalselt ehitatud seinast v\u00e4ljaulatuvasse dekoratiivelemendisse.<\/p>\n<p>&nbsp;<\/p>\n<h5><strong>Kvaliteedi ja ohutuse garantii:<\/strong><\/h5>\n<ul>\n<li>\u2014 Biokaminad on valmistatud kvaliteetsetest materjalidest. Tootmisprotsess viiakse l\u00e4bi vastavalt maailma standarditele, mida kinnitab saadud ISO 9001:2015 sertifikaat.<\/li>\n<li>\u2013 Biokamin omab Saksa T\u00dcV ohutussertifikaati. <em>T\u00dcV-sertifikaadiga konteineril<\/em> on t\u00e4iendav spetsiaalne kamber, mis hoiab \u00e4ra k\u00fctuse mahavalgumise paagi juhuslikul \u00fclet\u00e4itumisel. Sellel on ka maksimaalse k\u00fctusetaseme n\u00e4idik. T\u00dcV kvaliteedisertifikaadi kohta saate l\u00e4hemalt lugeda <a href=\"http:\/\/www.silverflame.eu\/et\/german-tuv-quality-certificate\/\">meie blogist.<\/a>\n<p class=\"data-item-hidden\">Mahuti keskele asetatud imav vahet\u00fckk v\u00e4hendab k\u00fctusekulu ja kaitseb seadme kallutamise korral biok\u00fctuste mahavalgumise eest.<\/p>\n<\/li>\n<\/ul>\n<p><strong><em>M\u00c4RKUS!<\/em> \u00c4rge lisage biok\u00fctust t\u00f6\u00f6tavale v\u00f5i veel kuumale biokaminale!<br \/>\n<em>M\u00c4RKUS!<\/em><\/strong> P\u00f5lemisel ja peale kustutamist on biokonteiner v\u00e4ga kuum, seda ei tohi puudutada!<\/p>\n<p>&nbsp;<\/p>\n<h5><strong>\u00d6koloogiline soojus:<\/strong><\/h5>\n<p class=\"data-item-hidden\">Me k\u00f5ik oleme seotud \u00f6koloogiaga! Ostes meie biokamina, hoolite keskkonnast. Sa ei aita kaasa sudu tekkele. K\u00f5ik see on tingitud asjaolust, et biok\u00fctuste p\u00f5lemisproduktid on ainult: soojus, veeaur ja v\u00e4ike kogus s\u00fcsihappegaasi (nagu inimeste poolt v\u00e4ljahingatavas \u00f5hus).<\/p>\n<p>Biokamin t\u00f5stab temperatuuri kuni mitme Celsiuse kraadini, olenevalt leegi k\u00f5rgusest ja sisemuse suurusest. 100% tekkiv soojus kandub edasi tuppa, t\u00e4nu millele saab biokamin olla lisak\u00fctteallikaks!<\/p>\n<p>&nbsp;<\/p>\n<h5><strong>Aksessuaarid:<\/strong><\/h5>\n<p class=\"translation-block\">Samuti saate valida elegantsed ja uhked aksessuaarid, mis muudavad teie biokamina veelgi atraktiivsemaks.<a href=\"http:\/\/www.silverflame.eu\/et\/tootekategooria\/accessories\/\" target=\"_self\"> Vaata k\u00f5iki tarvikuid.<\/a><\/p>\n<p>&nbsp;<\/p>\n<h5><strong>Klaasimine:<\/strong><\/h5>\n<p>Vaata lisaks <a href=\"http:\/\/www.silverflame.eu\/et\/toode\/glazing-delta-700-left\/\">Klaasimine biokaminale \u00abDelta 700-Left\u00bb<\/a><\/p>","protected":false},"excerpt":{"rendered":"<table style=\"font-weight: 400;\" data-tablestyle=\"MsoTableGrid\" data-tablelook=\"1696\" aria-rowcount=\"8\">\n<tbody>\n<tr aria-rowindex=\"1\">\n<td data-celllook=\"0\"><span data-contrast=\"auto\">Kaal (kg)<\/span><span data-ccp-props=\"{&quot;201341983&quot;:0,&quot;335559740&quot;:259}\">\u00a0<\/span><\/td>\n<td data-celllook=\"0\"><span data-contrast=\"auto\">13<\/span><span data-ccp-props=\"{&quot;201341983&quot;:0,&quot;335551550&quot;:1,&quot;335551620&quot;:1,&quot;335559740&quot;:259}\">\u00a0<\/span><\/td>\n<\/tr>\n<tr aria-rowindex=\"2\">\n<td data-celllook=\"0\"><span data-contrast=\"auto\">K\u00f5rgus (cm)<\/span><span data-ccp-props=\"{&quot;201341983&quot;:0,&quot;335559740&quot;:259}\">\u00a0<\/span><\/td>\n<td data-celllook=\"0\"><span data-contrast=\"auto\">48<\/span><span data-ccp-props=\"{&quot;201341983&quot;:0,&quot;335551550&quot;:1,&quot;335551620&quot;:1,&quot;335559740&quot;:259}\">\u00a0<\/span><\/td>\n<\/tr>\n<tr aria-rowindex=\"3\">\n<td data-celllook=\"0\"><span data-contrast=\"auto\">Laius (cm)<\/span><span data-ccp-props=\"{&quot;201341983&quot;:0,&quot;335559740&quot;:259}\">\u00a0<\/span><\/td>\n<td data-celllook=\"0\"><span data-contrast=\"auto\">70<\/span><span data-ccp-props=\"{&quot;201341983&quot;:0,&quot;335551550&quot;:1,&quot;335551620&quot;:1,&quot;335559740&quot;:259}\">\u00a0<\/span><\/td>\n<\/tr>\n<tr aria-rowindex=\"4\">\n<td data-celllook=\"0\"><span data-contrast=\"auto\">S\u00fcgavus (cm)<\/span><span data-ccp-props=\"{&quot;201341983&quot;:0,&quot;335559740&quot;:259}\">\u00a0<\/span><\/td>\n<td data-celllook=\"0\"><span data-contrast=\"auto\">28<\/span><span data-ccp-props=\"{&quot;201341983&quot;:0,&quot;335551550&quot;:1,&quot;335551620&quot;:1,&quot;335559740&quot;:259}\">\u00a0<\/span><\/td>\n<\/tr>\n<tr aria-rowindex=\"5\">\n<td data-celllook=\"0\"><span data-contrast=\"auto\">Biomahuti maht (l)<\/span><span data-ccp-props=\"{&quot;201341983&quot;:0,&quot;335559740&quot;:259}\">\u00a0<\/span><\/td>\n<td data-celllook=\"0\"><span data-contrast=\"auto\">0,75<\/span><span data-ccp-props=\"{&quot;201341983&quot;:0,&quot;335551550&quot;:1,&quot;335551620&quot;:1,&quot;335559740&quot;:259}\">\u00a0<\/span><\/td>\n<\/tr>\n<tr aria-rowindex=\"6\">\n<td data-celllook=\"0\"><span data-contrast=\"auto\">Tulejoone pikkus (cm)<\/span><span data-ccp-props=\"{&quot;201341983&quot;:0,&quot;335559740&quot;:259}\">\u00a0<\/span><\/td>\n<td data-celllook=\"0\"><span data-contrast=\"auto\">35<\/span><span data-ccp-props=\"{&quot;201341983&quot;:0,&quot;335551550&quot;:1,&quot;335551620&quot;:1,&quot;335559740&quot;:259}\">\u00a0<\/span><\/td>\n<\/tr>\n<tr aria-rowindex=\"7\">\n<td data-celllook=\"0\"><span data-contrast=\"auto\">Biokonteineri m\u00f5\u00f5tmed (K x L x S) (cm)<\/span><\/td>\n<td data-celllook=\"0\"><span data-ccp-props=\"{&quot;201341983&quot;:0,&quot;335559740&quot;:259}\">5,2 x 41,1\u00a0x 11,1<\/span><\/td>\n<\/tr>\n<tr aria-rowindex=\"8\">\n<td data-celllook=\"0\"><span data-ccp-props=\"{&quot;201341983&quot;:0,&quot;335559740&quot;:259}\">Tarne aeg<\/span><\/td>\n<td data-celllook=\"0\"><span data-ccp-props=\"{&quot;201341983&quot;:0,&quot;335551550&quot;:1,&quot;335551620&quot;:1,&quot;335559740&quot;:259}\">10-20 p\u00e4eva<\/span><\/td>\n<\/tr>\n<\/tbody>\n<\/table>","protected":false},"featured_media":2513,"template":"","meta":{"_monsterinsights_skip_tracking":false,"_monsterinsights_sitenote_active":false,"_monsterinsights_sitenote_note":"","_monsterinsights_sitenote_category":0},"product_brand":[],"product_cat":[51],"product_tag":[55,54,57,89,87,17,90,81],"class_list":{"0":"post-2510","1":"product","2":"type-product","3":"status-publish","4":"has-post-thumbnail","6":"product_cat-corner-biofireplaces","7":"product_tag-bio-fireplace","8":"product_tag-biofireplace","9":"product_tag-black","10":"product_tag-corner","11":"product_tag-wall","12":"product_tag-17","13":"product_tag-90","14":"product_tag-81","15":"product_shipping_class-delivery-in-a-parcel","16":"pa_color-black-color","17":"pa_glass-not-included","18":"pa_tuv-yes","19":"pa_type-of-biofireplace-corner","20":"aux-has-gallery","22":"first","23":"instock","24":"taxable","25":"shipping-taxable","26":"purchasable","27":"product-type-simple"},"yoast_head":"<!-- This site is optimized with the Yoast SEO Premium plugin v24.1 (Yoast SEO v27.3) - https:\/\/yoast.com\/product\/yoast-seo-premium-wordpress\/ -->\n<title>Biofireplace \u00abDelta 700-Left\u00bb black | SilverFlame<\/title>\n<meta name=\"description\" content=\"The black horizontal, corner biofireplace \u00abDelta 700-Left\u00bb (open on the left side) is the ideal solution for installation in a corner. Its ...\" \/>\n<meta name=\"robots\" content=\"index, follow, max-snippet:-1, max-image-preview:large, max-video-preview:-1\" \/>\n<link rel=\"canonical\" href=\"https:\/\/www.silverflame.eu\/et\/toode\/biofireplace-delta-700-left\/\" \/>\n<meta property=\"og:locale\" content=\"et_EE\" \/>\n<meta property=\"og:type\" content=\"article\" \/>\n<meta property=\"og:title\" content=\"Biofireplace \u00abDelta 700-Left\u00bb black\" \/>\n<meta property=\"og:description\" content=\"The black horizontal, corner biofireplace \u00abDelta 700-Left\u00bb (open on the left side) is the ideal solution for installation in a corner. Its ...\" \/>\n<meta property=\"og:url\" content=\"https:\/\/www.silverflame.eu\/et\/toode\/biofireplace-delta-700-left\/\" \/>\n<meta property=\"og:site_name\" content=\"SilverFlame\" \/>\n<meta property=\"article:publisher\" content=\"https:\/\/www.facebook.com\/SilverFlameEurope\" \/>\n<meta property=\"article:modified_time\" content=\"2024-02-12T08:34:46+00:00\" \/>\n<meta property=\"og:image\" content=\"https:\/\/www.silverflame.eu\/wp-content\/uploads\/2022\/02\/silverflame-biofireplace-delta-700-left.png\" \/>\n\t<meta property=\"og:image:width\" content=\"600\" \/>\n\t<meta property=\"og:image:height\" content=\"600\" \/>\n\t<meta property=\"og:image:type\" content=\"image\/png\" \/>\n<meta name=\"twitter:card\" content=\"summary_large_image\" \/>\n<meta name=\"twitter:label1\" content=\"Est. reading time\" \/>\n\t<meta name=\"twitter:data1\" content=\"2 minutit\" \/>\n<script type=\"application\/ld+json\" class=\"yoast-schema-graph\">{\"@context\":\"https:\\\/\\\/schema.org\",\"@graph\":[{\"@type\":\"WebPage\",\"@id\":\"https:\\\/\\\/www.silverflame.eu\\\/et\\\/toode\\\/biofireplace-delta-700-left\\\/\",\"url\":\"https:\\\/\\\/www.silverflame.eu\\\/et\\\/toode\\\/biofireplace-delta-700-left\\\/\",\"name\":\"Biofireplace \u00abDelta 700-Left\u00bb black | SilverFlame\",\"isPartOf\":{\"@id\":\"https:\\\/\\\/www.silverflame.eu\\\/ru\\\/#website\"},\"primaryImageOfPage\":{\"@id\":\"https:\\\/\\\/www.silverflame.eu\\\/et\\\/toode\\\/biofireplace-delta-700-left\\\/#primaryimage\"},\"image\":{\"@id\":\"https:\\\/\\\/www.silverflame.eu\\\/et\\\/toode\\\/biofireplace-delta-700-left\\\/#primaryimage\"},\"thumbnailUrl\":\"https:\\\/\\\/www.silverflame.eu\\\/wp-content\\\/uploads\\\/2022\\\/02\\\/silverflame-biofireplace-delta-700-left.png\",\"datePublished\":\"2022-02-07T18:59:56+00:00\",\"dateModified\":\"2024-02-12T08:34:46+00:00\",\"description\":\"The black horizontal, corner biofireplace \u00abDelta 700-Left\u00bb (open on the left side) is the ideal solution for installation in a corner. Its ...\",\"breadcrumb\":{\"@id\":\"https:\\\/\\\/www.silverflame.eu\\\/et\\\/toode\\\/biofireplace-delta-700-left\\\/#breadcrumb\"},\"inLanguage\":\"et\",\"potentialAction\":[{\"@type\":\"ReadAction\",\"target\":[\"https:\\\/\\\/www.silverflame.eu\\\/et\\\/toode\\\/biofireplace-delta-700-left\\\/\"]}]},{\"@type\":\"ImageObject\",\"inLanguage\":\"et\",\"@id\":\"https:\\\/\\\/www.silverflame.eu\\\/et\\\/toode\\\/biofireplace-delta-700-left\\\/#primaryimage\",\"url\":\"https:\\\/\\\/www.silverflame.eu\\\/wp-content\\\/uploads\\\/2022\\\/02\\\/silverflame-biofireplace-delta-700-left.png\",\"contentUrl\":\"https:\\\/\\\/www.silverflame.eu\\\/wp-content\\\/uploads\\\/2022\\\/02\\\/silverflame-biofireplace-delta-700-left.png\",\"width\":600,\"height\":600,\"caption\":\"silverflame-biofireplace-delta-700-left\"},{\"@type\":\"BreadcrumbList\",\"@id\":\"https:\\\/\\\/www.silverflame.eu\\\/et\\\/toode\\\/biofireplace-delta-700-left\\\/#breadcrumb\",\"itemListElement\":[{\"@type\":\"ListItem\",\"position\":1,\"name\":\"Home page\",\"item\":\"https:\\\/\\\/www.silverflame.eu\\\/ru\\\/\"},{\"@type\":\"ListItem\",\"position\":2,\"name\":\"Shop\",\"item\":\"https:\\\/\\\/www.silverflame.eu\\\/ru\\\/shop\\\/\"},{\"@type\":\"ListItem\",\"position\":3,\"name\":\"Biofireplace \u00abDelta 700-Left\u00bb black\"}]},{\"@type\":\"WebSite\",\"@id\":\"https:\\\/\\\/www.silverflame.eu\\\/ru\\\/#website\",\"url\":\"https:\\\/\\\/www.silverflame.eu\\\/ru\\\/\",\"name\":\"SilverFlame\",\"description\":\"Biofireplaces | biokaminad | biotakat | bioeldst\u00e4der\",\"publisher\":{\"@id\":\"https:\\\/\\\/www.silverflame.eu\\\/ru\\\/#organization\"},\"potentialAction\":[{\"@type\":\"SearchAction\",\"target\":{\"@type\":\"EntryPoint\",\"urlTemplate\":\"https:\\\/\\\/www.silverflame.eu\\\/ru\\\/?s={search_term_string}\"},\"query-input\":{\"@type\":\"PropertyValueSpecification\",\"valueRequired\":true,\"valueName\":\"search_term_string\"}}],\"inLanguage\":\"et\"},{\"@type\":\"Organization\",\"@id\":\"https:\\\/\\\/www.silverflame.eu\\\/ru\\\/#organization\",\"name\":\"Silsev O\u00dc\",\"url\":\"https:\\\/\\\/www.silverflame.eu\\\/ru\\\/\",\"logo\":{\"@type\":\"ImageObject\",\"inLanguage\":\"et\",\"@id\":\"https:\\\/\\\/www.silverflame.eu\\\/ru\\\/#\\\/schema\\\/logo\\\/image\\\/\",\"url\":\"http:\\\/\\\/www.silverflame.eu\\\/wp-content\\\/uploads\\\/2021\\\/11\\\/SilverFlame_Biofireplaces-shop-in-EU_Big-logo.png\",\"contentUrl\":\"http:\\\/\\\/www.silverflame.eu\\\/wp-content\\\/uploads\\\/2021\\\/11\\\/SilverFlame_Biofireplaces-shop-in-EU_Big-logo.png\",\"width\":349,\"height\":478,\"caption\":\"Silsev O\u00dc\"},\"image\":{\"@id\":\"https:\\\/\\\/www.silverflame.eu\\\/ru\\\/#\\\/schema\\\/logo\\\/image\\\/\"},\"sameAs\":[\"https:\\\/\\\/www.facebook.com\\\/SilverFlameEurope\",\"https:\\\/\\\/www.instagram.com\\\/silverflame.eu\\\/\",\"https:\\\/\\\/www.youtube.com\\\/@SilverFlame-Biofireplaces\"],\"description\":\"Welcome to our online store, your one-stop destination for high-quality bioethanol fireplaces, gas heaters, infrared heaters, pop-up tents, patio umbrellas, and more. We specialize in delivering eco-friendly heating solutions and outdoor living products across Europe. Our selection is designed for comfort, style, and sustainability, ensuring that your home and outdoor spaces are both cozy and modern. Enjoy fast shipping, competitive prices, and exceptional customer service with every purchase.\",\"email\":\"info@silverflame.eu\",\"legalName\":\"Silsev O\u00dc\",\"publishingPrinciples\":\"https:\\\/\\\/www.silverflame.eu\\\/ru\\\/about-us\\\/\"}]}<\/script>\n<!-- \/ Yoast SEO Premium plugin. -->","yoast_head_json":{"title":"Biokamin \u00abDelta 700-Left\u00bb must | SilverFlame","description":"Must horisontaalne nurga biokamin \u00abDelta 700-Left\u00bb (vasakul k\u00fcljel avatud) on ideaalne lahendus nurka paigaldamiseks. Selle inglise stiil, elegants ja modernsus annavad ruumile originaalse m\u00f5\u00f5tme.","robots":{"index":"index","follow":"follow","max-snippet":"max-snippet:-1","max-image-preview":"max-image-preview:large","max-video-preview":"max-video-preview:-1"},"canonical":"https:\/\/www.silverflame.eu\/et\/toode\/biofireplace-delta-700-left\/","og_locale":"et_EE","og_type":"article","og_title":"Biofireplace \u00abDelta 700-Left\u00bb black","og_description":"The black horizontal, corner biofireplace \u00abDelta 700-Left\u00bb (open on the left side) is the ideal solution for installation in a corner. Its ...","og_url":"https:\/\/www.silverflame.eu\/et\/toode\/biofireplace-delta-700-left\/","og_site_name":"SilverFlame","article_publisher":"https:\/\/www.facebook.com\/SilverFlameEurope","article_modified_time":"2024-02-12T08:34:46+00:00","og_image":[{"width":600,"height":600,"url":"https:\/\/www.silverflame.eu\/wp-content\/uploads\/2022\/02\/silverflame-biofireplace-delta-700-left.png","type":"image\/png"}],"twitter_card":"summary_large_image","twitter_misc":{"Est. reading time":"2 minutit"},"schema":{"@context":"https:\/\/schema.org","@graph":[{"@type":"WebPage","@id":"https:\/\/www.silverflame.eu\/et\/toode\/biofireplace-delta-700-left\/","url":"https:\/\/www.silverflame.eu\/et\/toode\/biofireplace-delta-700-left\/","name":"Biokamin \u00abDelta 700-Left\u00bb must | SilverFlame","isPartOf":{"@id":"https:\/\/www.silverflame.eu\/ru\/#website"},"primaryImageOfPage":{"@id":"https:\/\/www.silverflame.eu\/et\/toode\/biofireplace-delta-700-left\/#primaryimage"},"image":{"@id":"https:\/\/www.silverflame.eu\/et\/toode\/biofireplace-delta-700-left\/#primaryimage"},"thumbnailUrl":"https:\/\/www.silverflame.eu\/wp-content\/uploads\/2022\/02\/silverflame-biofireplace-delta-700-left.png","datePublished":"2022-02-07T18:59:56+00:00","dateModified":"2024-02-12T08:34:46+00:00","description":"Must horisontaalne nurga biokamin \u00abDelta 700-Left\u00bb (vasakul k\u00fcljel avatud) on ideaalne lahendus nurka paigaldamiseks. Selle inglise stiil, elegants ja modernsus annavad ruumile originaalse m\u00f5\u00f5tme.","breadcrumb":{"@id":"https:\/\/www.silverflame.eu\/et\/toode\/biofireplace-delta-700-left\/#breadcrumb"},"inLanguage":"et","potentialAction":[{"@type":"ReadAction","target":["https:\/\/www.silverflame.eu\/et\/toode\/biofireplace-delta-700-left\/"]}]},{"@type":"ImageObject","inLanguage":"et","@id":"https:\/\/www.silverflame.eu\/et\/toode\/biofireplace-delta-700-left\/#primaryimage","url":"https:\/\/www.silverflame.eu\/wp-content\/uploads\/2022\/02\/silverflame-biofireplace-delta-700-left.png","contentUrl":"https:\/\/www.silverflame.eu\/wp-content\/uploads\/2022\/02\/silverflame-biofireplace-delta-700-left.png","width":600,"height":600,"caption":"silverflame-biofireplace-delta-700-left"},{"@type":"BreadcrumbList","@id":"https:\/\/www.silverflame.eu\/et\/toode\/biofireplace-delta-700-left\/#breadcrumb","itemListElement":[{"@type":"ListItem","position":1,"name":"Home page","item":"https:\/\/www.silverflame.eu\/ru\/"},{"@type":"ListItem","position":2,"name":"Shop","item":"https:\/\/www.silverflame.eu\/ru\/shop\/"},{"@type":"ListItem","position":3,"name":"Biofireplace \u00abDelta 700-Left\u00bb black"}]},{"@type":"WebSite","@id":"https:\/\/www.silverflame.eu\/ru\/#website","url":"https:\/\/www.silverflame.eu\/ru\/","name":"SilverFlame","description":"Biofireplaces | biokaminad | biotakat | bioeldst\u00e4der","publisher":{"@id":"https:\/\/www.silverflame.eu\/ru\/#organization"},"potentialAction":[{"@type":"SearchAction","target":{"@type":"EntryPoint","urlTemplate":"https:\/\/www.silverflame.eu\/ru\/?s={search_term_string}"},"query-input":{"@type":"PropertyValueSpecification","valueRequired":true,"valueName":"search_term_string"}}],"inLanguage":"et"},{"@type":"Organization","@id":"https:\/\/www.silverflame.eu\/ru\/#organization","name":"Silsev O\u00dc","url":"https:\/\/www.silverflame.eu\/ru\/","logo":{"@type":"ImageObject","inLanguage":"et","@id":"https:\/\/www.silverflame.eu\/ru\/#\/schema\/logo\/image\/","url":"http:\/\/www.silverflame.eu\/wp-content\/uploads\/2021\/11\/SilverFlame_Biofireplaces-shop-in-EU_Big-logo.png","contentUrl":"http:\/\/www.silverflame.eu\/wp-content\/uploads\/2021\/11\/SilverFlame_Biofireplaces-shop-in-EU_Big-logo.png","width":349,"height":478,"caption":"Silsev O\u00dc"},"image":{"@id":"https:\/\/www.silverflame.eu\/ru\/#\/schema\/logo\/image\/"},"sameAs":["https:\/\/www.facebook.com\/SilverFlameEurope","https:\/\/www.instagram.com\/silverflame.eu\/","https:\/\/www.youtube.com\/@SilverFlame-Biofireplaces"],"description":"Welcome to our online store, your one-stop destination for high-quality bioethanol fireplaces, gas heaters, infrared heaters, pop-up tents, patio umbrellas, and more. We specialize in delivering eco-friendly heating solutions and outdoor living products across Europe. Our selection is designed for comfort, style, and sustainability, ensuring that your home and outdoor spaces are both cozy and modern. Enjoy fast shipping, competitive prices, and exceptional customer service with every purchase.","email":"info@silverflame.eu","legalName":"Silsev O\u00dc","publishingPrinciples":"https:\/\/www.silverflame.eu\/ru\/about-us\/"}]}},"_links":{"self":[{"href":"https:\/\/www.silverflame.eu\/et\/wp-json\/wp\/v2\/product\/2510","targetHints":{"allow":["GET"]}}],"collection":[{"href":"https:\/\/www.silverflame.eu\/et\/wp-json\/wp\/v2\/product"}],"about":[{"href":"https:\/\/www.silverflame.eu\/et\/wp-json\/wp\/v2\/types\/product"}],"wp:featuredmedia":[{"embeddable":true,"href":"https:\/\/www.silverflame.eu\/et\/wp-json\/wp\/v2\/media\/2513"}],"wp:attachment":[{"href":"https:\/\/www.silverflame.eu\/et\/wp-json\/wp\/v2\/media?parent=2510"}],"wp:term":[{"taxonomy":"product_brand","embeddable":true,"href":"https:\/\/www.silverflame.eu\/et\/wp-json\/wp\/v2\/product_brand?post=2510"},{"taxonomy":"product_cat","embeddable":true,"href":"https:\/\/www.silverflame.eu\/et\/wp-json\/wp\/v2\/product_cat?post=2510"},{"taxonomy":"product_tag","embeddable":true,"href":"https:\/\/www.silverflame.eu\/et\/wp-json\/wp\/v2\/product_tag?post=2510"}],"curies":[{"name":"wp","href":"https:\/\/api.w.org\/{rel}","templated":true}]}}