{"id":3351,"date":"2022-05-12T03:01:48","date_gmt":"2022-05-12T00:01:48","guid":{"rendered":"http:\/\/www.silverflame.eu\/?post_type=product&#038;p=3351"},"modified":"2024-02-12T11:38:35","modified_gmt":"2024-02-12T09:38:35","slug":"decorative-stone-black-fire-glass","status":"publish","type":"product","link":"https:\/\/www.silverflame.eu\/et\/toode\/decorative-stone-black-fire-glass\/","title":{"rendered":"Dekoratiivkivi \u00abBlack fire glass\u00bb"},"content":{"rendered":"","protected":false},"excerpt":{"rendered":"<h5><strong>Toote kohta:<\/strong><\/h5>\n<p>Dekoratiivsed mustad klaaskivid loovad huvitava ja esteetilise viimistluse biokaminatele, gaasikaminatele ja gaasik\u00fcttekehadele.<\/p>\n<p>Neid saab h\u00f5lpsasti p\u00f5leti \u00fcmber paigutada.<\/p>\n<p>Need on temperatuurikindlad kuni 600\u00b0C.<\/p>\n<p>Komplekti kaal: 1 kg.<\/p>\n<h5>______________________________<\/h5>\n<h5><strong>Tarneaeg: 10-20 p\u00e4eva<\/strong><\/h5>","protected":false},"featured_media":3355,"template":"","meta":{"_monsterinsights_skip_tracking":false,"_monsterinsights_sitenote_active":false,"_monsterinsights_sitenote_note":"","_monsterinsights_sitenote_category":0},"product_brand":[],"product_cat":[53],"product_tag":[95,97],"class_list":{"0":"post-3351","1":"product","2":"type-product","3":"status-publish","4":"has-post-thumbnail","6":"product_cat-accessories","7":"product_tag-accessories","8":"product_tag-stones","9":"product_shipping_class-delivery-in-a-parcel-small-items","10":"aux-has-gallery","12":"first","13":"instock","14":"taxable","15":"shipping-taxable","16":"purchasable","17":"product-type-simple"},"yoast_head":"<!-- This site is optimized with the Yoast SEO Premium plugin v24.1 (Yoast SEO v27.4) - https:\/\/yoast.com\/product\/yoast-seo-premium-wordpress\/ -->\n<title>Decorative stone \u00abBlack fire glass\u00bb | SilverFlame<\/title>\n<meta name=\"description\" content=\"Decorative black glass stones create an interesting and aesthetic finish in the biofireplaces, gas fireplaces and gas heaters. They can be ...\" \/>\n<meta name=\"robots\" content=\"index, follow, max-snippet:-1, max-image-preview:large, max-video-preview:-1\" \/>\n<link rel=\"canonical\" href=\"https:\/\/www.silverflame.eu\/et\/toode\/decorative-stone-black-fire-glass\/\" \/>\n<meta property=\"og:locale\" content=\"et_EE\" \/>\n<meta property=\"og:type\" content=\"article\" \/>\n<meta property=\"og:title\" content=\"Decorative stone \u00abBlack fire glass\u00bb\" \/>\n<meta property=\"og:description\" content=\"Decorative black glass stones create an interesting and aesthetic finish in the biofireplaces, gas fireplaces and gas heaters. They can be ...\" \/>\n<meta property=\"og:url\" content=\"https:\/\/www.silverflame.eu\/et\/toode\/decorative-stone-black-fire-glass\/\" \/>\n<meta property=\"og:site_name\" content=\"SilverFlame\" \/>\n<meta property=\"article:publisher\" content=\"https:\/\/www.facebook.com\/SilverFlameEurope\" \/>\n<meta property=\"article:modified_time\" content=\"2024-02-12T09:38:35+00:00\" \/>\n<meta property=\"og:image\" content=\"https:\/\/www.silverflame.eu\/wp-content\/uploads\/2022\/05\/decorative-stones-black-fire-glass-silverflame-1.png\" \/>\n\t<meta property=\"og:image:width\" content=\"600\" \/>\n\t<meta property=\"og:image:height\" content=\"600\" \/>\n\t<meta property=\"og:image:type\" content=\"image\/png\" \/>\n<meta name=\"twitter:card\" content=\"summary_large_image\" \/>\n<script type=\"application\/ld+json\" class=\"yoast-schema-graph\">{\"@context\":\"https:\\\/\\\/schema.org\",\"@graph\":[{\"@type\":\"WebPage\",\"@id\":\"https:\\\/\\\/www.silverflame.eu\\\/et\\\/toode\\\/decorative-stone-black-fire-glass\\\/\",\"url\":\"https:\\\/\\\/www.silverflame.eu\\\/et\\\/toode\\\/decorative-stone-black-fire-glass\\\/\",\"name\":\"Decorative stone \u00abBlack fire glass\u00bb | SilverFlame\",\"isPartOf\":{\"@id\":\"https:\\\/\\\/www.silverflame.eu\\\/ru\\\/#website\"},\"primaryImageOfPage\":{\"@id\":\"https:\\\/\\\/www.silverflame.eu\\\/et\\\/toode\\\/decorative-stone-black-fire-glass\\\/#primaryimage\"},\"image\":{\"@id\":\"https:\\\/\\\/www.silverflame.eu\\\/et\\\/toode\\\/decorative-stone-black-fire-glass\\\/#primaryimage\"},\"thumbnailUrl\":\"https:\\\/\\\/www.silverflame.eu\\\/wp-content\\\/uploads\\\/2022\\\/05\\\/decorative-stones-black-fire-glass-silverflame-1.png\",\"datePublished\":\"2022-05-12T00:01:48+00:00\",\"dateModified\":\"2024-02-12T09:38:35+00:00\",\"description\":\"Decorative black glass stones create an interesting and aesthetic finish in the biofireplaces, gas fireplaces and gas heaters. They can be ...\",\"breadcrumb\":{\"@id\":\"https:\\\/\\\/www.silverflame.eu\\\/et\\\/toode\\\/decorative-stone-black-fire-glass\\\/#breadcrumb\"},\"inLanguage\":\"et\",\"potentialAction\":[{\"@type\":\"ReadAction\",\"target\":[\"https:\\\/\\\/www.silverflame.eu\\\/et\\\/toode\\\/decorative-stone-black-fire-glass\\\/\"]}]},{\"@type\":\"ImageObject\",\"inLanguage\":\"et\",\"@id\":\"https:\\\/\\\/www.silverflame.eu\\\/et\\\/toode\\\/decorative-stone-black-fire-glass\\\/#primaryimage\",\"url\":\"https:\\\/\\\/www.silverflame.eu\\\/wp-content\\\/uploads\\\/2022\\\/05\\\/decorative-stones-black-fire-glass-silverflame-1.png\",\"contentUrl\":\"https:\\\/\\\/www.silverflame.eu\\\/wp-content\\\/uploads\\\/2022\\\/05\\\/decorative-stones-black-fire-glass-silverflame-1.png\",\"width\":600,\"height\":600,\"caption\":\"decorative-stones-black-fire-glass-silverflame-1\"},{\"@type\":\"BreadcrumbList\",\"@id\":\"https:\\\/\\\/www.silverflame.eu\\\/et\\\/toode\\\/decorative-stone-black-fire-glass\\\/#breadcrumb\",\"itemListElement\":[{\"@type\":\"ListItem\",\"position\":1,\"name\":\"Home page\",\"item\":\"https:\\\/\\\/www.silverflame.eu\\\/ru\\\/\"},{\"@type\":\"ListItem\",\"position\":2,\"name\":\"Shop\",\"item\":\"https:\\\/\\\/www.silverflame.eu\\\/ru\\\/shop\\\/\"},{\"@type\":\"ListItem\",\"position\":3,\"name\":\"Decorative stone \u00abBlack fire glass\u00bb\"}]},{\"@type\":\"WebSite\",\"@id\":\"https:\\\/\\\/www.silverflame.eu\\\/ru\\\/#website\",\"url\":\"https:\\\/\\\/www.silverflame.eu\\\/ru\\\/\",\"name\":\"SilverFlame\",\"description\":\"Biofireplaces | biokaminad | biotakat | bioeldst\u00e4der\",\"publisher\":{\"@id\":\"https:\\\/\\\/www.silverflame.eu\\\/ru\\\/#organization\"},\"potentialAction\":[{\"@type\":\"SearchAction\",\"target\":{\"@type\":\"EntryPoint\",\"urlTemplate\":\"https:\\\/\\\/www.silverflame.eu\\\/ru\\\/?s={search_term_string}\"},\"query-input\":{\"@type\":\"PropertyValueSpecification\",\"valueRequired\":true,\"valueName\":\"search_term_string\"}}],\"inLanguage\":\"et\"},{\"@type\":\"Organization\",\"@id\":\"https:\\\/\\\/www.silverflame.eu\\\/ru\\\/#organization\",\"name\":\"Silsev O\u00dc\",\"url\":\"https:\\\/\\\/www.silverflame.eu\\\/ru\\\/\",\"logo\":{\"@type\":\"ImageObject\",\"inLanguage\":\"et\",\"@id\":\"https:\\\/\\\/www.silverflame.eu\\\/ru\\\/#\\\/schema\\\/logo\\\/image\\\/\",\"url\":\"http:\\\/\\\/www.silverflame.eu\\\/wp-content\\\/uploads\\\/2021\\\/11\\\/SilverFlame_Biofireplaces-shop-in-EU_Big-logo.png\",\"contentUrl\":\"http:\\\/\\\/www.silverflame.eu\\\/wp-content\\\/uploads\\\/2021\\\/11\\\/SilverFlame_Biofireplaces-shop-in-EU_Big-logo.png\",\"width\":349,\"height\":478,\"caption\":\"Silsev O\u00dc\"},\"image\":{\"@id\":\"https:\\\/\\\/www.silverflame.eu\\\/ru\\\/#\\\/schema\\\/logo\\\/image\\\/\"},\"sameAs\":[\"https:\\\/\\\/www.facebook.com\\\/SilverFlameEurope\",\"https:\\\/\\\/www.instagram.com\\\/silverflame.eu\\\/\",\"https:\\\/\\\/www.youtube.com\\\/@SilverFlame-Biofireplaces\"],\"description\":\"Welcome to our online store, your one-stop destination for high-quality bioethanol fireplaces, gas heaters, infrared heaters, pop-up tents, patio umbrellas, and more. We specialize in delivering eco-friendly heating solutions and outdoor living products across Europe. Our selection is designed for comfort, style, and sustainability, ensuring that your home and outdoor spaces are both cozy and modern. Enjoy fast shipping, competitive prices, and exceptional customer service with every purchase.\",\"email\":\"info@silverflame.eu\",\"legalName\":\"Silsev O\u00dc\",\"publishingPrinciples\":\"https:\\\/\\\/www.silverflame.eu\\\/ru\\\/about-us\\\/\"}]}<\/script>\n<!-- \/ Yoast SEO Premium plugin. -->","yoast_head_json":{"title":"Decorative stone \u00abBlack fire glass\u00bb | SilverFlame","description":"Decorative black glass stones create an interesting and aesthetic finish in the biofireplaces, gas fireplaces and gas heaters. They can be ...","robots":{"index":"index","follow":"follow","max-snippet":"max-snippet:-1","max-image-preview":"max-image-preview:large","max-video-preview":"max-video-preview:-1"},"canonical":"https:\/\/www.silverflame.eu\/et\/toode\/decorative-stone-black-fire-glass\/","og_locale":"et_EE","og_type":"article","og_title":"Decorative stone \u00abBlack fire glass\u00bb","og_description":"Decorative black glass stones create an interesting and aesthetic finish in the biofireplaces, gas fireplaces and gas heaters. They can be ...","og_url":"https:\/\/www.silverflame.eu\/et\/toode\/decorative-stone-black-fire-glass\/","og_site_name":"SilverFlame","article_publisher":"https:\/\/www.facebook.com\/SilverFlameEurope","article_modified_time":"2024-02-12T09:38:35+00:00","og_image":[{"width":600,"height":600,"url":"https:\/\/www.silverflame.eu\/wp-content\/uploads\/2022\/05\/decorative-stones-black-fire-glass-silverflame-1.png","type":"image\/png"}],"twitter_card":"summary_large_image","schema":{"@context":"https:\/\/schema.org","@graph":[{"@type":"WebPage","@id":"https:\/\/www.silverflame.eu\/et\/toode\/decorative-stone-black-fire-glass\/","url":"https:\/\/www.silverflame.eu\/et\/toode\/decorative-stone-black-fire-glass\/","name":"Decorative stone \u00abBlack fire glass\u00bb | SilverFlame","isPartOf":{"@id":"https:\/\/www.silverflame.eu\/ru\/#website"},"primaryImageOfPage":{"@id":"https:\/\/www.silverflame.eu\/et\/toode\/decorative-stone-black-fire-glass\/#primaryimage"},"image":{"@id":"https:\/\/www.silverflame.eu\/et\/toode\/decorative-stone-black-fire-glass\/#primaryimage"},"thumbnailUrl":"https:\/\/www.silverflame.eu\/wp-content\/uploads\/2022\/05\/decorative-stones-black-fire-glass-silverflame-1.png","datePublished":"2022-05-12T00:01:48+00:00","dateModified":"2024-02-12T09:38:35+00:00","description":"Decorative black glass stones create an interesting and aesthetic finish in the biofireplaces, gas fireplaces and gas heaters. They can be ...","breadcrumb":{"@id":"https:\/\/www.silverflame.eu\/et\/toode\/decorative-stone-black-fire-glass\/#breadcrumb"},"inLanguage":"et","potentialAction":[{"@type":"ReadAction","target":["https:\/\/www.silverflame.eu\/et\/toode\/decorative-stone-black-fire-glass\/"]}]},{"@type":"ImageObject","inLanguage":"et","@id":"https:\/\/www.silverflame.eu\/et\/toode\/decorative-stone-black-fire-glass\/#primaryimage","url":"https:\/\/www.silverflame.eu\/wp-content\/uploads\/2022\/05\/decorative-stones-black-fire-glass-silverflame-1.png","contentUrl":"https:\/\/www.silverflame.eu\/wp-content\/uploads\/2022\/05\/decorative-stones-black-fire-glass-silverflame-1.png","width":600,"height":600,"caption":"decorative-stones-black-fire-glass-silverflame-1"},{"@type":"BreadcrumbList","@id":"https:\/\/www.silverflame.eu\/et\/toode\/decorative-stone-black-fire-glass\/#breadcrumb","itemListElement":[{"@type":"ListItem","position":1,"name":"Home page","item":"https:\/\/www.silverflame.eu\/ru\/"},{"@type":"ListItem","position":2,"name":"Shop","item":"https:\/\/www.silverflame.eu\/ru\/shop\/"},{"@type":"ListItem","position":3,"name":"Decorative stone \u00abBlack fire glass\u00bb"}]},{"@type":"WebSite","@id":"https:\/\/www.silverflame.eu\/ru\/#website","url":"https:\/\/www.silverflame.eu\/ru\/","name":"SilverFlame","description":"Biofireplaces | biokaminad | biotakat | bioeldst\u00e4der","publisher":{"@id":"https:\/\/www.silverflame.eu\/ru\/#organization"},"potentialAction":[{"@type":"SearchAction","target":{"@type":"EntryPoint","urlTemplate":"https:\/\/www.silverflame.eu\/ru\/?s={search_term_string}"},"query-input":{"@type":"PropertyValueSpecification","valueRequired":true,"valueName":"search_term_string"}}],"inLanguage":"et"},{"@type":"Organization","@id":"https:\/\/www.silverflame.eu\/ru\/#organization","name":"Silsev O\u00dc","url":"https:\/\/www.silverflame.eu\/ru\/","logo":{"@type":"ImageObject","inLanguage":"et","@id":"https:\/\/www.silverflame.eu\/ru\/#\/schema\/logo\/image\/","url":"http:\/\/www.silverflame.eu\/wp-content\/uploads\/2021\/11\/SilverFlame_Biofireplaces-shop-in-EU_Big-logo.png","contentUrl":"http:\/\/www.silverflame.eu\/wp-content\/uploads\/2021\/11\/SilverFlame_Biofireplaces-shop-in-EU_Big-logo.png","width":349,"height":478,"caption":"Silsev O\u00dc"},"image":{"@id":"https:\/\/www.silverflame.eu\/ru\/#\/schema\/logo\/image\/"},"sameAs":["https:\/\/www.facebook.com\/SilverFlameEurope","https:\/\/www.instagram.com\/silverflame.eu\/","https:\/\/www.youtube.com\/@SilverFlame-Biofireplaces"],"description":"Welcome to our online store, your one-stop destination for high-quality bioethanol fireplaces, gas heaters, infrared heaters, pop-up tents, patio umbrellas, and more. We specialize in delivering eco-friendly heating solutions and outdoor living products across Europe. Our selection is designed for comfort, style, and sustainability, ensuring that your home and outdoor spaces are both cozy and modern. Enjoy fast shipping, competitive prices, and exceptional customer service with every purchase.","email":"info@silverflame.eu","legalName":"Silsev O\u00dc","publishingPrinciples":"https:\/\/www.silverflame.eu\/ru\/about-us\/"}]}},"_links":{"self":[{"href":"https:\/\/www.silverflame.eu\/et\/wp-json\/wp\/v2\/product\/3351","targetHints":{"allow":["GET"]}}],"collection":[{"href":"https:\/\/www.silverflame.eu\/et\/wp-json\/wp\/v2\/product"}],"about":[{"href":"https:\/\/www.silverflame.eu\/et\/wp-json\/wp\/v2\/types\/product"}],"wp:featuredmedia":[{"embeddable":true,"href":"https:\/\/www.silverflame.eu\/et\/wp-json\/wp\/v2\/media\/3355"}],"wp:attachment":[{"href":"https:\/\/www.silverflame.eu\/et\/wp-json\/wp\/v2\/media?parent=3351"}],"wp:term":[{"taxonomy":"product_brand","embeddable":true,"href":"https:\/\/www.silverflame.eu\/et\/wp-json\/wp\/v2\/product_brand?post=3351"},{"taxonomy":"product_cat","embeddable":true,"href":"https:\/\/www.silverflame.eu\/et\/wp-json\/wp\/v2\/product_cat?post=3351"},{"taxonomy":"product_tag","embeddable":true,"href":"https:\/\/www.silverflame.eu\/et\/wp-json\/wp\/v2\/product_tag?post=3351"}],"curies":[{"name":"wp","href":"https:\/\/api.w.org\/{rel}","templated":true}]}}