{"id":3368,"date":"2022-05-13T03:04:32","date_gmt":"2022-05-13T00:04:32","guid":{"rendered":"http:\/\/www.silverflame.eu\/?post_type=product&#038;p=3368"},"modified":"2024-02-12T11:42:34","modified_gmt":"2024-02-12T09:42:34","slug":"bioethanol-romance-1l","status":"publish","type":"product","link":"https:\/\/www.silverflame.eu\/et\/toode\/bioethanol-romance-1l\/","title":{"rendered":"Bioetanool \u00abRomance\u00bb 1L"},"content":{"rendered":"<h5><strong>Toote kohta:<\/strong><\/h5>\n<p>\u201cRomantika\u201d aroomiga bioetanool on spetsiaalne vedelik kasutamiseks biokaminates \u00f6koloogilise energiaallikana. Bioloogilisest alkoholist saadud, p\u00f5leb t\u00e4ielikult ilma suitsu tekitamata. P\u00f5lemissaadused on: veeaur ja s\u00fcsihappegaas inimese v\u00e4ljahingatavas koguses. Seet\u00f5ttu on see tervisele t\u00e4iesti ohutu. K\u00fctust on testinud ja Riiklik Rahvatervise Instituut on heaks kiitnud.<\/p>\n<p>&nbsp;<\/p>\n<p>&nbsp;<\/p>\n<h5><strong>Biok\u00fctuse p\u00f5letamine:<\/strong><\/h5>\n<p class=\"translation-block\">1 liiter \u00abRomance\u00bb aroomiga bioetanooli p\u00f5leb 2-5 tunni jooksul - s\u00f5ltuvalt leegi suurusest. See on t\u00f5hus ja suhteliselt odav energiaallikas. P\u00e4rast m\u00f5neminutilist kasutamist on ruumi temperatuur m\u00e4rgatavalt t\u00f5usnud. Biok\u00fctuste t\u00e4iendav eelis on traditsioonilistes kaminates p\u00f5letamisel tekkiva <strong>tahma ja tuha puudumine. Biok\u00fctuste p\u00f5letamiseks ei ole vaja korstnaid.<\/strong> K\u00f5ik, mis on vajalik, nagu ka teistes avatud tulega seadmetes, on igasugune v\u00f5imalik pidev \u00f5huvarustus. Biokamin saab kasutada ka aroomiteraapias. Biok\u00fctused ei kuivata \u00f5hku, vaid niisutavad seda. Biokamina leegi v\u00f5lu ja v\u00f5lu loob majas hubase atmosf\u00e4\u00e4ri ja on l\u00f5\u00f5gastumise allikas. Meie biok\u00fctus on p\u00e4rit Poolast ja see on 100% \u00f6koloogiline.<\/p>\n<p>&nbsp;<\/p>\n<p>&nbsp;<\/p>\n<h5><strong>Kasutusjuhend:<\/strong><\/h5>\n<ul>\n<li>\u2014 Valage vedelik p\u00f5letamiseks m\u00f5eldud metallmahutisse.<\/li>\n<li>\u2014 Mahutit saab t\u00e4ita ainult 2\/3 mahust.<\/li>\n<li>\u2013 Veenduge, et vedelik ei valguks mahutist v\u00e4lja, ja pange see p\u00f5lema.<\/li>\n<\/ul>\n<p><strong>M\u00c4RKUS: \u00c4rge lisage biok\u00fctust t\u00f6\u00f6tavale v\u00f5i veel kuumale biokaminale!<\/strong><\/p>","protected":false},"excerpt":{"rendered":"<p class=\"translation-block\">1 liiter \u00f6koloogilist bioetanooli <strong>\u00abRomance\u00bb aroomiga<\/strong> biokaminate jaoks. 1 liitri biok\u00fctuse ligikaudne p\u00f5lemisaeg on umbes 2-5 tundi (s\u00f5ltuvalt biokamina suurusest).<\/p>\n<p>&nbsp;<\/p>\n<p>Tarneaeg: 10-20 p\u00e4eva<\/p>\n<p>&nbsp;<\/p>\n<p>Toote kohta saate l\u00e4hemalt lugeda selle allolevast kirjeldusest.<\/p>","protected":false},"featured_media":3369,"template":"","meta":{"_monsterinsights_skip_tracking":false,"_monsterinsights_sitenote_active":false,"_monsterinsights_sitenote_note":"","_monsterinsights_sitenote_category":0},"product_brand":[],"product_cat":[52],"product_tag":[98,99],"class_list":{"0":"post-3368","1":"product","2":"type-product","3":"status-publish","4":"has-post-thumbnail","6":"product_cat-biofuel","7":"product_tag-bioethanol","8":"product_tag-biofuel","9":"product_shipping_class-delivery-in-a-parcel-small-items","11":"first","12":"instock","13":"taxable","14":"shipping-taxable","15":"purchasable","16":"product-type-simple"},"yoast_head":"<!-- This site is optimized with the Yoast SEO Premium plugin v24.1 (Yoast SEO v27.3) - https:\/\/yoast.com\/product\/yoast-seo-premium-wordpress\/ -->\n<title>Bioethanol \u00abRomance\u00bb 1L | SilverFlame<\/title>\n<meta name=\"description\" content=\"Bioethanol with &quot;Romance&quot; aroma is a special liquid for use in biofireplaces as an ecological source of energy. Derived from biological al...\" \/>\n<meta name=\"robots\" content=\"index, follow, max-snippet:-1, max-image-preview:large, max-video-preview:-1\" \/>\n<link rel=\"canonical\" href=\"https:\/\/www.silverflame.eu\/et\/tuote\/bioethanol-romance-1l\/\" \/>\n<meta property=\"og:locale\" content=\"et_EE\" \/>\n<meta property=\"og:type\" content=\"article\" \/>\n<meta property=\"og:title\" content=\"Bioethanol \u00abRomance\u00bb 1L\" \/>\n<meta property=\"og:description\" content=\"Bioethanol with &quot;Romance&quot; aroma is a special liquid for use in biofireplaces as an ecological source of energy. Derived from biological al...\" \/>\n<meta property=\"og:url\" content=\"https:\/\/www.silverflame.eu\/et\/tuote\/bioethanol-romance-1l\/\" \/>\n<meta property=\"og:site_name\" content=\"SilverFlame\" \/>\n<meta property=\"article:publisher\" content=\"https:\/\/www.facebook.com\/SilverFlameEurope\" \/>\n<meta property=\"article:modified_time\" content=\"2024-02-12T09:42:34+00:00\" \/>\n<meta property=\"og:image\" content=\"https:\/\/www.silverflame.eu\/wp-content\/uploads\/2022\/05\/bioethanol-romance-1l-silverflame.png\" \/>\n\t<meta property=\"og:image:width\" content=\"600\" \/>\n\t<meta property=\"og:image:height\" content=\"600\" \/>\n\t<meta property=\"og:image:type\" content=\"image\/png\" \/>\n<meta name=\"twitter:card\" content=\"summary_large_image\" \/>\n<meta name=\"twitter:label1\" content=\"Est. reading time\" \/>\n\t<meta name=\"twitter:data1\" content=\"1 minut\" \/>\n<script type=\"application\/ld+json\" class=\"yoast-schema-graph\">{\"@context\":\"https:\\\/\\\/schema.org\",\"@graph\":[{\"@type\":\"WebPage\",\"@id\":\"https:\\\/\\\/www.silverflame.eu\\\/fi\\\/tuote\\\/bioethanol-romance-1l\\\/\",\"url\":\"https:\\\/\\\/www.silverflame.eu\\\/fi\\\/tuote\\\/bioethanol-romance-1l\\\/\",\"name\":\"Bioethanol \u00abRomance\u00bb 1L | SilverFlame\",\"isPartOf\":{\"@id\":\"https:\\\/\\\/www.silverflame.eu\\\/ru\\\/#website\"},\"primaryImageOfPage\":{\"@id\":\"https:\\\/\\\/www.silverflame.eu\\\/fi\\\/tuote\\\/bioethanol-romance-1l\\\/#primaryimage\"},\"image\":{\"@id\":\"https:\\\/\\\/www.silverflame.eu\\\/fi\\\/tuote\\\/bioethanol-romance-1l\\\/#primaryimage\"},\"thumbnailUrl\":\"https:\\\/\\\/www.silverflame.eu\\\/wp-content\\\/uploads\\\/2022\\\/05\\\/bioethanol-romance-1l-silverflame.png\",\"datePublished\":\"2022-05-13T00:04:32+00:00\",\"dateModified\":\"2024-02-12T09:42:34+00:00\",\"description\":\"Bioethanol with \\\"Romance\\\" aroma is a special liquid for use in biofireplaces as an ecological source of energy. Derived from biological al...\",\"breadcrumb\":{\"@id\":\"https:\\\/\\\/www.silverflame.eu\\\/fi\\\/tuote\\\/bioethanol-romance-1l\\\/#breadcrumb\"},\"inLanguage\":\"et\",\"potentialAction\":[{\"@type\":\"ReadAction\",\"target\":[\"https:\\\/\\\/www.silverflame.eu\\\/fi\\\/tuote\\\/bioethanol-romance-1l\\\/\"]}]},{\"@type\":\"ImageObject\",\"inLanguage\":\"et\",\"@id\":\"https:\\\/\\\/www.silverflame.eu\\\/fi\\\/tuote\\\/bioethanol-romance-1l\\\/#primaryimage\",\"url\":\"https:\\\/\\\/www.silverflame.eu\\\/wp-content\\\/uploads\\\/2022\\\/05\\\/bioethanol-romance-1l-silverflame.png\",\"contentUrl\":\"https:\\\/\\\/www.silverflame.eu\\\/wp-content\\\/uploads\\\/2022\\\/05\\\/bioethanol-romance-1l-silverflame.png\",\"width\":600,\"height\":600,\"caption\":\"bioethanol-romance-1l-silverflame\"},{\"@type\":\"BreadcrumbList\",\"@id\":\"https:\\\/\\\/www.silverflame.eu\\\/fi\\\/tuote\\\/bioethanol-romance-1l\\\/#breadcrumb\",\"itemListElement\":[{\"@type\":\"ListItem\",\"position\":1,\"name\":\"Home page\",\"item\":\"https:\\\/\\\/www.silverflame.eu\\\/ru\\\/\"},{\"@type\":\"ListItem\",\"position\":2,\"name\":\"Shop\",\"item\":\"https:\\\/\\\/www.silverflame.eu\\\/ru\\\/shop\\\/\"},{\"@type\":\"ListItem\",\"position\":3,\"name\":\"Bioethanol \u00abRomance\u00bb 1L\"}]},{\"@type\":\"WebSite\",\"@id\":\"https:\\\/\\\/www.silverflame.eu\\\/ru\\\/#website\",\"url\":\"https:\\\/\\\/www.silverflame.eu\\\/ru\\\/\",\"name\":\"SilverFlame\",\"description\":\"Biofireplaces | biokaminad | biotakat | bioeldst\u00e4der\",\"publisher\":{\"@id\":\"https:\\\/\\\/www.silverflame.eu\\\/ru\\\/#organization\"},\"potentialAction\":[{\"@type\":\"SearchAction\",\"target\":{\"@type\":\"EntryPoint\",\"urlTemplate\":\"https:\\\/\\\/www.silverflame.eu\\\/ru\\\/?s={search_term_string}\"},\"query-input\":{\"@type\":\"PropertyValueSpecification\",\"valueRequired\":true,\"valueName\":\"search_term_string\"}}],\"inLanguage\":\"et\"},{\"@type\":\"Organization\",\"@id\":\"https:\\\/\\\/www.silverflame.eu\\\/ru\\\/#organization\",\"name\":\"Silsev O\u00dc\",\"url\":\"https:\\\/\\\/www.silverflame.eu\\\/ru\\\/\",\"logo\":{\"@type\":\"ImageObject\",\"inLanguage\":\"et\",\"@id\":\"https:\\\/\\\/www.silverflame.eu\\\/ru\\\/#\\\/schema\\\/logo\\\/image\\\/\",\"url\":\"http:\\\/\\\/www.silverflame.eu\\\/wp-content\\\/uploads\\\/2021\\\/11\\\/SilverFlame_Biofireplaces-shop-in-EU_Big-logo.png\",\"contentUrl\":\"http:\\\/\\\/www.silverflame.eu\\\/wp-content\\\/uploads\\\/2021\\\/11\\\/SilverFlame_Biofireplaces-shop-in-EU_Big-logo.png\",\"width\":349,\"height\":478,\"caption\":\"Silsev O\u00dc\"},\"image\":{\"@id\":\"https:\\\/\\\/www.silverflame.eu\\\/ru\\\/#\\\/schema\\\/logo\\\/image\\\/\"},\"sameAs\":[\"https:\\\/\\\/www.facebook.com\\\/SilverFlameEurope\",\"https:\\\/\\\/www.instagram.com\\\/silverflame.eu\\\/\",\"https:\\\/\\\/www.youtube.com\\\/@SilverFlame-Biofireplaces\"],\"description\":\"Welcome to our online store, your one-stop destination for high-quality bioethanol fireplaces, gas heaters, infrared heaters, pop-up tents, patio umbrellas, and more. We specialize in delivering eco-friendly heating solutions and outdoor living products across Europe. Our selection is designed for comfort, style, and sustainability, ensuring that your home and outdoor spaces are both cozy and modern. Enjoy fast shipping, competitive prices, and exceptional customer service with every purchase.\",\"email\":\"info@silverflame.eu\",\"legalName\":\"Silsev O\u00dc\",\"publishingPrinciples\":\"https:\\\/\\\/www.silverflame.eu\\\/ru\\\/about-us\\\/\"}]}<\/script>\n<!-- \/ Yoast SEO Premium plugin. -->","yoast_head_json":{"title":"Bioetanool \u00abRomance\u00bb 1L | SilverFlame","description":"1 liiter \u00f6koloogilist bioetanooli \u00abRomance\u00bb aroomiga biokaminate jaoks. 1 liitri biok\u00fctuse ligikaudne p\u00f5lemisaeg on umbes 2-5 tundi (s\u00f5ltuvalt biokamina suurusest).","robots":{"index":"index","follow":"follow","max-snippet":"max-snippet:-1","max-image-preview":"max-image-preview:large","max-video-preview":"max-video-preview:-1"},"canonical":"https:\/\/www.silverflame.eu\/et\/tuote\/bioethanol-romance-1l\/","og_locale":"et_EE","og_type":"article","og_title":"Bioethanol \u00abRomance\u00bb 1L","og_description":"Bioethanol with \"Romance\" aroma is a special liquid for use in biofireplaces as an ecological source of energy. Derived from biological al...","og_url":"https:\/\/www.silverflame.eu\/et\/tuote\/bioethanol-romance-1l\/","og_site_name":"SilverFlame","article_publisher":"https:\/\/www.facebook.com\/SilverFlameEurope","article_modified_time":"2024-02-12T09:42:34+00:00","og_image":[{"width":600,"height":600,"url":"https:\/\/www.silverflame.eu\/wp-content\/uploads\/2022\/05\/bioethanol-romance-1l-silverflame.png","type":"image\/png"}],"twitter_card":"summary_large_image","twitter_misc":{"Est. reading time":"1 minut"},"schema":{"@context":"https:\/\/schema.org","@graph":[{"@type":"WebPage","@id":"https:\/\/www.silverflame.eu\/fi\/tuote\/bioethanol-romance-1l\/","url":"https:\/\/www.silverflame.eu\/fi\/tuote\/bioethanol-romance-1l\/","name":"Bioetanool \u00abRomance\u00bb 1L | SilverFlame","isPartOf":{"@id":"https:\/\/www.silverflame.eu\/ru\/#website"},"primaryImageOfPage":{"@id":"https:\/\/www.silverflame.eu\/fi\/tuote\/bioethanol-romance-1l\/#primaryimage"},"image":{"@id":"https:\/\/www.silverflame.eu\/fi\/tuote\/bioethanol-romance-1l\/#primaryimage"},"thumbnailUrl":"https:\/\/www.silverflame.eu\/wp-content\/uploads\/2022\/05\/bioethanol-romance-1l-silverflame.png","datePublished":"2022-05-13T00:04:32+00:00","dateModified":"2024-02-12T09:42:34+00:00","description":"1 liiter \u00f6koloogilist bioetanooli \u00abRomance\u00bb aroomiga biokaminate jaoks. 1 liitri biok\u00fctuse ligikaudne p\u00f5lemisaeg on umbes 2-5 tundi (s\u00f5ltuvalt biokamina suurusest).","breadcrumb":{"@id":"https:\/\/www.silverflame.eu\/fi\/tuote\/bioethanol-romance-1l\/#breadcrumb"},"inLanguage":"et","potentialAction":[{"@type":"ReadAction","target":["https:\/\/www.silverflame.eu\/fi\/tuote\/bioethanol-romance-1l\/"]}]},{"@type":"ImageObject","inLanguage":"et","@id":"https:\/\/www.silverflame.eu\/fi\/tuote\/bioethanol-romance-1l\/#primaryimage","url":"https:\/\/www.silverflame.eu\/wp-content\/uploads\/2022\/05\/bioethanol-romance-1l-silverflame.png","contentUrl":"https:\/\/www.silverflame.eu\/wp-content\/uploads\/2022\/05\/bioethanol-romance-1l-silverflame.png","width":600,"height":600,"caption":"bioethanol-romance-1l-silverflame"},{"@type":"BreadcrumbList","@id":"https:\/\/www.silverflame.eu\/fi\/tuote\/bioethanol-romance-1l\/#breadcrumb","itemListElement":[{"@type":"ListItem","position":1,"name":"Home page","item":"https:\/\/www.silverflame.eu\/ru\/"},{"@type":"ListItem","position":2,"name":"Shop","item":"https:\/\/www.silverflame.eu\/ru\/shop\/"},{"@type":"ListItem","position":3,"name":"Bioethanol \u00abRomance\u00bb 1L"}]},{"@type":"WebSite","@id":"https:\/\/www.silverflame.eu\/ru\/#website","url":"https:\/\/www.silverflame.eu\/ru\/","name":"SilverFlame","description":"Biofireplaces | biokaminad | biotakat | bioeldst\u00e4der","publisher":{"@id":"https:\/\/www.silverflame.eu\/ru\/#organization"},"potentialAction":[{"@type":"SearchAction","target":{"@type":"EntryPoint","urlTemplate":"https:\/\/www.silverflame.eu\/ru\/?s={search_term_string}"},"query-input":{"@type":"PropertyValueSpecification","valueRequired":true,"valueName":"search_term_string"}}],"inLanguage":"et"},{"@type":"Organization","@id":"https:\/\/www.silverflame.eu\/ru\/#organization","name":"Silsev O\u00dc","url":"https:\/\/www.silverflame.eu\/ru\/","logo":{"@type":"ImageObject","inLanguage":"et","@id":"https:\/\/www.silverflame.eu\/ru\/#\/schema\/logo\/image\/","url":"http:\/\/www.silverflame.eu\/wp-content\/uploads\/2021\/11\/SilverFlame_Biofireplaces-shop-in-EU_Big-logo.png","contentUrl":"http:\/\/www.silverflame.eu\/wp-content\/uploads\/2021\/11\/SilverFlame_Biofireplaces-shop-in-EU_Big-logo.png","width":349,"height":478,"caption":"Silsev O\u00dc"},"image":{"@id":"https:\/\/www.silverflame.eu\/ru\/#\/schema\/logo\/image\/"},"sameAs":["https:\/\/www.facebook.com\/SilverFlameEurope","https:\/\/www.instagram.com\/silverflame.eu\/","https:\/\/www.youtube.com\/@SilverFlame-Biofireplaces"],"description":"Welcome to our online store, your one-stop destination for high-quality bioethanol fireplaces, gas heaters, infrared heaters, pop-up tents, patio umbrellas, and more. We specialize in delivering eco-friendly heating solutions and outdoor living products across Europe. Our selection is designed for comfort, style, and sustainability, ensuring that your home and outdoor spaces are both cozy and modern. Enjoy fast shipping, competitive prices, and exceptional customer service with every purchase.","email":"info@silverflame.eu","legalName":"Silsev O\u00dc","publishingPrinciples":"https:\/\/www.silverflame.eu\/ru\/about-us\/"}]}},"_links":{"self":[{"href":"https:\/\/www.silverflame.eu\/et\/wp-json\/wp\/v2\/product\/3368","targetHints":{"allow":["GET"]}}],"collection":[{"href":"https:\/\/www.silverflame.eu\/et\/wp-json\/wp\/v2\/product"}],"about":[{"href":"https:\/\/www.silverflame.eu\/et\/wp-json\/wp\/v2\/types\/product"}],"wp:featuredmedia":[{"embeddable":true,"href":"https:\/\/www.silverflame.eu\/et\/wp-json\/wp\/v2\/media\/3369"}],"wp:attachment":[{"href":"https:\/\/www.silverflame.eu\/et\/wp-json\/wp\/v2\/media?parent=3368"}],"wp:term":[{"taxonomy":"product_brand","embeddable":true,"href":"https:\/\/www.silverflame.eu\/et\/wp-json\/wp\/v2\/product_brand?post=3368"},{"taxonomy":"product_cat","embeddable":true,"href":"https:\/\/www.silverflame.eu\/et\/wp-json\/wp\/v2\/product_cat?post=3368"},{"taxonomy":"product_tag","embeddable":true,"href":"https:\/\/www.silverflame.eu\/et\/wp-json\/wp\/v2\/product_tag?post=3368"}],"curies":[{"name":"wp","href":"https:\/\/api.w.org\/{rel}","templated":true}]}}