{"id":4072,"date":"2022-10-17T13:31:47","date_gmt":"2022-10-17T10:31:47","guid":{"rendered":"http:\/\/www.silverflame.eu\/?post_type=product&#038;p=4072"},"modified":"2026-01-15T07:46:14","modified_gmt":"2026-01-15T05:46:14","slug":"wall-cabinet-fly-sbk-with-biofireplace","status":"publish","type":"product","link":"https:\/\/www.silverflame.eu\/et\/toode\/wall-cabinet-fly-sbk-with-biofireplace\/","title":{"rendered":"Biokaminaga seinakapp \u00abFly SBK\u00bb"},"content":{"rendered":"<h5><strong>Toote kohta:<\/strong><\/h5>\n<p><strong>Biokaminaga seinakapp \u00abFly SBK\u00bb<\/strong>: Biokaminaga m\u00f6\u00f6bel on disaini- ja interj\u00f6\u00f6rimaailmas uus s\u00f5na! See mitte ainult ei lisa teie toale elegantsi ja unikaalsust, vaid loob ka hubase atmosf\u00e4\u00e4ri t\u00e4nu biokamina elavale leegile.<\/p>\n<p>&nbsp;<\/p>\n<p>1 x TV alus: vasakul ja paremal \u00fcks kapp, mille sees on \u00fcks kamber. Keskel biokamin. \"Push-click\" avamiss\u00fcsteem \u2013 (KxLxS: <strong>40x160x40<\/strong>)<\/p>\n<p>&nbsp;<\/p>\n<p>Construction of body: <strong>LAMINATED FURNITURE BOARD<\/strong><br \/>\nBody design: <strong>MATT<\/strong><\/p>\n<p>Construction of fronts: <strong>MDF, PVC FOIL, BIOKAMIN<\/strong><br \/>\nFront design: <strong>GLOSS<\/strong><\/p>\n<p>&nbsp;<\/p>\n<h5><strong>Pakendite m\u00f5\u00f5tmed ja kaal:<br \/>\n<\/strong><\/h5>\n<p>Biokaminaga seinakapp \u00abFly SBK\u00bb: <strong>2 pakki<\/strong><\/p>\n<ul>\n<li><strong>\u2013 Pakett 1:<\/strong> 95\/40\/14 &#8211; 27kg<\/li>\n<li><strong>\u2013 Pakett 2:<\/strong> 95\/43\/14 &#8211; 12,5kg<\/li>\n<\/ul>\n<p>&nbsp;<\/p>\n<h5><strong>\u00d6koloogiline soojus:<\/strong><\/h5>\n<p class=\"data-item-hidden\">Me k\u00f5ik oleme seotud \u00f6koloogiaga! Ostes meie biokamina, hoolite keskkonnast. Sa ei aita kaasa sudu tekkele. K\u00f5ik see on tingitud asjaolust, et biok\u00fctuste p\u00f5lemisproduktid on ainult: soojus, veeaur ja v\u00e4ike kogus s\u00fcsihappegaasi (nagu inimeste poolt v\u00e4ljahingatavas \u00f5hus).<\/p>\n<p>Biokamin t\u00f5stab temperatuuri kuni mitme Celsiuse kraadini, olenevalt leegi k\u00f5rgusest ja sisemuse suurusest. 100% tekkiv soojus kandub edasi tuppa, t\u00e4nu millele saab biokamin olla lisak\u00fctteallikaks!<\/p>\n<h5><\/h5>\n<h5><strong>M\u00c4RKUS!<\/strong><\/h5>\n<ul>\n<li>P\u00f5lemisel ja peale kustutamist on biokonteiner v\u00e4ga kuum, seda ei tohi puudutada!<\/li>\n<li>\u00c4rge lisage biok\u00fctust t\u00f6\u00f6tavale v\u00f5i veel kuumale biokaminale!<\/li>\n<\/ul>\n<p>&nbsp;<\/p>\n<h5><strong>Aksessuaarid:<\/strong><\/h5>\n<p class=\"translation-block\">Samuti saate valida elegantsed ja uhked aksessuaarid, mis muudavad teie biokamina veelgi atraktiivsemaks.<a href=\"http:\/\/www.silverflame.eu\/et\/tootekategooria\/accessories\/\" target=\"_self\"> Vaata k\u00f5iki tarvikuid.<\/a><\/p>\n<p>&nbsp;<\/p>\n<p>Samuti v\u00f5ite vaadata <a href=\"http:\/\/www.silverflame.eu\/et\/toode\/wall-unit-flame-with-biofireplace\/\">Biokaminaga sektsioon \u00abFlame\u00bb<\/a><\/p>\n<p>&nbsp;<\/p>\n<p>&nbsp;<\/p>\n<p><strong><em>Loe meie toodete kohta veel palju huvitavaid fakte <a href=\"http:\/\/www.silverflame.eu\/et\/blog\/\">blogist!<\/a><\/em><\/strong><\/p>","protected":false},"excerpt":{"rendered":"<table style=\"font-weight: 400;\" data-tablestyle=\"MsoTableGrid\" data-tablelook=\"1696\" aria-rowcount=\"7\">\n<tbody>\n<tr aria-rowindex=\"1\">\n<td data-celllook=\"0\"><span data-contrast=\"auto\">Kaal NETTO (kg)<\/span><span data-ccp-props=\"{&quot;201341983&quot;:0,&quot;335559740&quot;:259}\">\u00a0<\/span><\/td>\n<td data-celllook=\"0\"><span data-contrast=\"auto\">38,315<\/span><span data-ccp-props=\"{&quot;201341983&quot;:0,&quot;335559740&quot;:259}\">\u00a0<\/span><\/td>\n<\/tr>\n<tr aria-rowindex=\"2\">\n<td data-celllook=\"0\"><span data-contrast=\"auto\">Karbi kaal (kg)<\/span><span data-ccp-props=\"{&quot;201341983&quot;:0,&quot;335559740&quot;:259}\">\u00a0<\/span><\/td>\n<td data-celllook=\"0\"><span data-contrast=\"auto\">1,185<\/span><span data-ccp-props=\"{&quot;201341983&quot;:0,&quot;335559740&quot;:259}\">\u00a0<\/span><\/td>\n<\/tr>\n<tr aria-rowindex=\"3\">\n<td data-celllook=\"0\"><span data-contrast=\"auto\">K\u00f5rgus (cm)\u00a0<\/span><span data-ccp-props=\"{&quot;201341983&quot;:0,&quot;335559740&quot;:259}\">\u00a0<\/span><\/td>\n<td data-celllook=\"0\"><span data-contrast=\"auto\">40<\/span><span data-ccp-props=\"{&quot;201341983&quot;:0,&quot;335559740&quot;:259}\">\u00a0<\/span><\/td>\n<\/tr>\n<tr aria-rowindex=\"4\">\n<td data-celllook=\"0\"><span data-contrast=\"auto\">Laius (cm)\u00a0<\/span><span data-ccp-props=\"{&quot;201341983&quot;:0,&quot;335559740&quot;:259}\">\u00a0<\/span><\/td>\n<td data-celllook=\"0\"><span data-contrast=\"auto\">160<\/span><span data-ccp-props=\"{&quot;201341983&quot;:0,&quot;335559740&quot;:259}\">\u00a0<\/span><\/td>\n<\/tr>\n<tr aria-rowindex=\"5\">\n<td data-celllook=\"0\"><span data-contrast=\"auto\">S\u00fcgavus (cm)\u00a0<\/span><span data-ccp-props=\"{&quot;201341983&quot;:0,&quot;335559740&quot;:259}\">\u00a0<\/span><\/td>\n<td data-celllook=\"0\"><span data-contrast=\"auto\">40<\/span><span data-ccp-props=\"{&quot;201341983&quot;:0,&quot;335559740&quot;:259}\">\u00a0<\/span><\/td>\n<\/tr>\n<tr aria-rowindex=\"6\">\n<td data-celllook=\"0\"><span data-contrast=\"auto\">Pakendite kogus\u00a0(tk)<\/span><span data-ccp-props=\"{&quot;201341983&quot;:0,&quot;335559740&quot;:259}\">\u00a0<\/span><\/td>\n<td data-celllook=\"0\"><span data-contrast=\"auto\">2<\/span><span data-ccp-props=\"{&quot;201341983&quot;:0,&quot;335559740&quot;:259}\">\u00a0<\/span><\/td>\n<\/tr>\n<tr aria-rowindex=\"7\">\n<td data-celllook=\"0\"><span data-contrast=\"auto\">Tarne aeg<\/span><span data-ccp-props=\"{&quot;201341983&quot;:0,&quot;335559740&quot;:259}\">\u00a0<\/span><\/td>\n<td data-celllook=\"0\"><span data-ccp-props=\"{&quot;201341983&quot;:0,&quot;335559740&quot;:259}\">10-20 p\u00e4eva <\/span><\/td>\n<\/tr>\n<\/tbody>\n<\/table>","protected":false},"featured_media":4186,"template":"","meta":{"_monsterinsights_skip_tracking":false,"_monsterinsights_sitenote_active":false,"_monsterinsights_sitenote_note":"","_monsterinsights_sitenote_category":0},"product_brand":[],"product_cat":[121],"product_tag":[54,127],"class_list":{"0":"post-4072","1":"product","2":"type-product","3":"status-publish","4":"has-post-thumbnail","6":"product_cat-furniture-with-biofireplaces","7":"product_tag-biofireplace","8":"product_tag-furniture","9":"product_shipping_class-wall-cabinet-sbk","10":"pa_color-black-color","11":"pa_color-black-white","12":"pa_color-white-color","13":"pa_color-white-black","14":"pa_glass-not-included","15":"pa_place-of-production-made-in-europe","16":"aux-has-gallery","18":"first","19":"instock","20":"taxable","21":"shipping-taxable","22":"purchasable","23":"product-type-variable"},"yoast_head":"<!-- This site is optimized with the Yoast SEO Premium plugin v24.1 (Yoast SEO v27.3) - https:\/\/yoast.com\/product\/yoast-seo-premium-wordpress\/ -->\n<title>Wall cabinet \u00abFly SBK\u00bb with biofireplace | SilverFlame<\/title>\n<meta name=\"description\" content=\"Wall cabinet \u00abFly SBK\u00bb with biofireplace will not only add elegance and uniqueness to your room, but also create a cozy atmosphere due to the live flame...\" \/>\n<meta name=\"robots\" content=\"index, follow, max-snippet:-1, max-image-preview:large, max-video-preview:-1\" \/>\n<link rel=\"canonical\" href=\"https:\/\/www.silverflame.eu\/et\/toode\/wall-cabinet-fly-sbk-with-biofireplace\/\" \/>\n<meta property=\"og:locale\" content=\"et_EE\" \/>\n<meta property=\"og:type\" content=\"article\" \/>\n<meta property=\"og:title\" content=\"Wall cabinet \u00abFly SBK\u00bb with biofireplace\" \/>\n<meta property=\"og:description\" content=\"Wall cabinet \u00abFly SBK\u00bb with biofireplace will not only add elegance and uniqueness to your room, but also create a cozy atmosphere due to the live flame...\" \/>\n<meta property=\"og:url\" content=\"https:\/\/www.silverflame.eu\/et\/toode\/wall-cabinet-fly-sbk-with-biofireplace\/\" \/>\n<meta property=\"og:site_name\" content=\"SilverFlame\" \/>\n<meta property=\"article:publisher\" content=\"https:\/\/www.facebook.com\/SilverFlameEurope\" \/>\n<meta property=\"article:modified_time\" content=\"2026-01-15T05:46:14+00:00\" \/>\n<meta property=\"og:image\" content=\"https:\/\/www.silverflame.eu\/wp-content\/uploads\/2022\/10\/wall-unit-fly-sbk-ws.png\" \/>\n\t<meta property=\"og:image:width\" content=\"881\" \/>\n\t<meta property=\"og:image:height\" content=\"866\" \/>\n\t<meta property=\"og:image:type\" content=\"image\/png\" \/>\n<meta name=\"twitter:card\" content=\"summary_large_image\" \/>\n<meta name=\"twitter:label1\" content=\"Est. reading time\" \/>\n\t<meta name=\"twitter:data1\" content=\"1 minut\" \/>\n<script type=\"application\/ld+json\" class=\"yoast-schema-graph\">{\"@context\":\"https:\\\/\\\/schema.org\",\"@graph\":[{\"@type\":\"WebPage\",\"@id\":\"https:\\\/\\\/www.silverflame.eu\\\/product\\\/wall-cabinet-fly-sbk-with-biofireplace\\\/\",\"url\":\"https:\\\/\\\/www.silverflame.eu\\\/product\\\/wall-cabinet-fly-sbk-with-biofireplace\\\/\",\"name\":\"Wall cabinet \u00abFly SBK\u00bb with biofireplace | SilverFlame\",\"isPartOf\":{\"@id\":\"https:\\\/\\\/www.silverflame.eu\\\/ru\\\/#website\"},\"primaryImageOfPage\":{\"@id\":\"https:\\\/\\\/www.silverflame.eu\\\/product\\\/wall-cabinet-fly-sbk-with-biofireplace\\\/#primaryimage\"},\"image\":{\"@id\":\"https:\\\/\\\/www.silverflame.eu\\\/product\\\/wall-cabinet-fly-sbk-with-biofireplace\\\/#primaryimage\"},\"thumbnailUrl\":\"https:\\\/\\\/www.silverflame.eu\\\/wp-content\\\/uploads\\\/2022\\\/10\\\/wall-unit-fly-sbk-ws.png\",\"datePublished\":\"2022-10-17T10:31:47+00:00\",\"dateModified\":\"2026-01-15T05:46:14+00:00\",\"description\":\"Wall cabinet \u00abFly SBK\u00bb with biofireplace will not only add elegance and uniqueness to your room, but also create a cozy atmosphere due to the live flame...\",\"breadcrumb\":{\"@id\":\"https:\\\/\\\/www.silverflame.eu\\\/product\\\/wall-cabinet-fly-sbk-with-biofireplace\\\/#breadcrumb\"},\"inLanguage\":\"et\",\"potentialAction\":[{\"@type\":\"ReadAction\",\"target\":[\"https:\\\/\\\/www.silverflame.eu\\\/product\\\/wall-cabinet-fly-sbk-with-biofireplace\\\/\"]}]},{\"@type\":\"ImageObject\",\"inLanguage\":\"et\",\"@id\":\"https:\\\/\\\/www.silverflame.eu\\\/product\\\/wall-cabinet-fly-sbk-with-biofireplace\\\/#primaryimage\",\"url\":\"https:\\\/\\\/www.silverflame.eu\\\/wp-content\\\/uploads\\\/2022\\\/10\\\/wall-unit-fly-sbk-ws.png\",\"contentUrl\":\"https:\\\/\\\/www.silverflame.eu\\\/wp-content\\\/uploads\\\/2022\\\/10\\\/wall-unit-fly-sbk-ws.png\",\"width\":881,\"height\":866,\"caption\":\"wall-unit-fly-sbk-ws\"},{\"@type\":\"BreadcrumbList\",\"@id\":\"https:\\\/\\\/www.silverflame.eu\\\/product\\\/wall-cabinet-fly-sbk-with-biofireplace\\\/#breadcrumb\",\"itemListElement\":[{\"@type\":\"ListItem\",\"position\":1,\"name\":\"Home page\",\"item\":\"https:\\\/\\\/www.silverflame.eu\\\/ru\\\/\"},{\"@type\":\"ListItem\",\"position\":2,\"name\":\"Shop\",\"item\":\"https:\\\/\\\/www.silverflame.eu\\\/ru\\\/shop\\\/\"},{\"@type\":\"ListItem\",\"position\":3,\"name\":\"Wall cabinet \u00abFly SBK\u00bb with biofireplace\"}]},{\"@type\":\"WebSite\",\"@id\":\"https:\\\/\\\/www.silverflame.eu\\\/ru\\\/#website\",\"url\":\"https:\\\/\\\/www.silverflame.eu\\\/ru\\\/\",\"name\":\"SilverFlame\",\"description\":\"Biofireplaces | biokaminad | biotakat | bioeldst\u00e4der\",\"publisher\":{\"@id\":\"https:\\\/\\\/www.silverflame.eu\\\/ru\\\/#organization\"},\"potentialAction\":[{\"@type\":\"SearchAction\",\"target\":{\"@type\":\"EntryPoint\",\"urlTemplate\":\"https:\\\/\\\/www.silverflame.eu\\\/ru\\\/?s={search_term_string}\"},\"query-input\":{\"@type\":\"PropertyValueSpecification\",\"valueRequired\":true,\"valueName\":\"search_term_string\"}}],\"inLanguage\":\"et\"},{\"@type\":\"Organization\",\"@id\":\"https:\\\/\\\/www.silverflame.eu\\\/ru\\\/#organization\",\"name\":\"Silsev O\u00dc\",\"url\":\"https:\\\/\\\/www.silverflame.eu\\\/ru\\\/\",\"logo\":{\"@type\":\"ImageObject\",\"inLanguage\":\"et\",\"@id\":\"https:\\\/\\\/www.silverflame.eu\\\/ru\\\/#\\\/schema\\\/logo\\\/image\\\/\",\"url\":\"http:\\\/\\\/www.silverflame.eu\\\/wp-content\\\/uploads\\\/2021\\\/11\\\/SilverFlame_Biofireplaces-shop-in-EU_Big-logo.png\",\"contentUrl\":\"http:\\\/\\\/www.silverflame.eu\\\/wp-content\\\/uploads\\\/2021\\\/11\\\/SilverFlame_Biofireplaces-shop-in-EU_Big-logo.png\",\"width\":349,\"height\":478,\"caption\":\"Silsev O\u00dc\"},\"image\":{\"@id\":\"https:\\\/\\\/www.silverflame.eu\\\/ru\\\/#\\\/schema\\\/logo\\\/image\\\/\"},\"sameAs\":[\"https:\\\/\\\/www.facebook.com\\\/SilverFlameEurope\",\"https:\\\/\\\/www.instagram.com\\\/silverflame.eu\\\/\",\"https:\\\/\\\/www.youtube.com\\\/@SilverFlame-Biofireplaces\"],\"description\":\"Welcome to our online store, your one-stop destination for high-quality bioethanol fireplaces, gas heaters, infrared heaters, pop-up tents, patio umbrellas, and more. We specialize in delivering eco-friendly heating solutions and outdoor living products across Europe. Our selection is designed for comfort, style, and sustainability, ensuring that your home and outdoor spaces are both cozy and modern. Enjoy fast shipping, competitive prices, and exceptional customer service with every purchase.\",\"email\":\"info@silverflame.eu\",\"legalName\":\"Silsev O\u00dc\",\"publishingPrinciples\":\"https:\\\/\\\/www.silverflame.eu\\\/ru\\\/about-us\\\/\"}]}<\/script>\n<!-- \/ Yoast SEO Premium plugin. -->","yoast_head_json":{"title":"Biokaminaga seinakapp \u00abFly SBK\u00bb | SilverFlame","description":"Biokaminaga seinakapp \u00abFly SBK\u00bb: Biokaminaga m\u00f6\u00f6bel on disaini- ja interj\u00f6\u00f6rimaailmas uus s\u00f5na! See mitte ainult ei lisa teie toale elegantsi ja unikaalsust, vaid loob ka hubase atmosf\u00e4\u00e4ri t\u00e4nu biokamina elavale leegile.","robots":{"index":"index","follow":"follow","max-snippet":"max-snippet:-1","max-image-preview":"max-image-preview:large","max-video-preview":"max-video-preview:-1"},"canonical":"https:\/\/www.silverflame.eu\/et\/toode\/wall-cabinet-fly-sbk-with-biofireplace\/","og_locale":"et_EE","og_type":"article","og_title":"Wall cabinet \u00abFly SBK\u00bb with biofireplace","og_description":"Wall cabinet \u00abFly SBK\u00bb with biofireplace will not only add elegance and uniqueness to your room, but also create a cozy atmosphere due to the live flame...","og_url":"https:\/\/www.silverflame.eu\/et\/toode\/wall-cabinet-fly-sbk-with-biofireplace\/","og_site_name":"SilverFlame","article_publisher":"https:\/\/www.facebook.com\/SilverFlameEurope","article_modified_time":"2026-01-15T05:46:14+00:00","og_image":[{"width":881,"height":866,"url":"https:\/\/www.silverflame.eu\/wp-content\/uploads\/2022\/10\/wall-unit-fly-sbk-ws.png","type":"image\/png"}],"twitter_card":"summary_large_image","twitter_misc":{"Est. reading time":"1 minut"},"schema":{"@context":"https:\/\/schema.org","@graph":[{"@type":"WebPage","@id":"https:\/\/www.silverflame.eu\/product\/wall-cabinet-fly-sbk-with-biofireplace\/","url":"https:\/\/www.silverflame.eu\/product\/wall-cabinet-fly-sbk-with-biofireplace\/","name":"Biokaminaga seinakapp \u00abFly SBK\u00bb | SilverFlame","isPartOf":{"@id":"https:\/\/www.silverflame.eu\/ru\/#website"},"primaryImageOfPage":{"@id":"https:\/\/www.silverflame.eu\/product\/wall-cabinet-fly-sbk-with-biofireplace\/#primaryimage"},"image":{"@id":"https:\/\/www.silverflame.eu\/product\/wall-cabinet-fly-sbk-with-biofireplace\/#primaryimage"},"thumbnailUrl":"https:\/\/www.silverflame.eu\/wp-content\/uploads\/2022\/10\/wall-unit-fly-sbk-ws.png","datePublished":"2022-10-17T10:31:47+00:00","dateModified":"2026-01-15T05:46:14+00:00","description":"Biokaminaga seinakapp \u00abFly SBK\u00bb: Biokaminaga m\u00f6\u00f6bel on disaini- ja interj\u00f6\u00f6rimaailmas uus s\u00f5na! See mitte ainult ei lisa teie toale elegantsi ja unikaalsust, vaid loob ka hubase atmosf\u00e4\u00e4ri t\u00e4nu biokamina elavale leegile.","breadcrumb":{"@id":"https:\/\/www.silverflame.eu\/product\/wall-cabinet-fly-sbk-with-biofireplace\/#breadcrumb"},"inLanguage":"et","potentialAction":[{"@type":"ReadAction","target":["https:\/\/www.silverflame.eu\/product\/wall-cabinet-fly-sbk-with-biofireplace\/"]}]},{"@type":"ImageObject","inLanguage":"et","@id":"https:\/\/www.silverflame.eu\/product\/wall-cabinet-fly-sbk-with-biofireplace\/#primaryimage","url":"https:\/\/www.silverflame.eu\/wp-content\/uploads\/2022\/10\/wall-unit-fly-sbk-ws.png","contentUrl":"https:\/\/www.silverflame.eu\/wp-content\/uploads\/2022\/10\/wall-unit-fly-sbk-ws.png","width":881,"height":866,"caption":"wall-unit-fly-sbk-ws"},{"@type":"BreadcrumbList","@id":"https:\/\/www.silverflame.eu\/product\/wall-cabinet-fly-sbk-with-biofireplace\/#breadcrumb","itemListElement":[{"@type":"ListItem","position":1,"name":"Home page","item":"https:\/\/www.silverflame.eu\/ru\/"},{"@type":"ListItem","position":2,"name":"Shop","item":"https:\/\/www.silverflame.eu\/ru\/shop\/"},{"@type":"ListItem","position":3,"name":"Wall cabinet \u00abFly SBK\u00bb with biofireplace"}]},{"@type":"WebSite","@id":"https:\/\/www.silverflame.eu\/ru\/#website","url":"https:\/\/www.silverflame.eu\/ru\/","name":"SilverFlame","description":"Biofireplaces | biokaminad | biotakat | bioeldst\u00e4der","publisher":{"@id":"https:\/\/www.silverflame.eu\/ru\/#organization"},"potentialAction":[{"@type":"SearchAction","target":{"@type":"EntryPoint","urlTemplate":"https:\/\/www.silverflame.eu\/ru\/?s={search_term_string}"},"query-input":{"@type":"PropertyValueSpecification","valueRequired":true,"valueName":"search_term_string"}}],"inLanguage":"et"},{"@type":"Organization","@id":"https:\/\/www.silverflame.eu\/ru\/#organization","name":"Silsev O\u00dc","url":"https:\/\/www.silverflame.eu\/ru\/","logo":{"@type":"ImageObject","inLanguage":"et","@id":"https:\/\/www.silverflame.eu\/ru\/#\/schema\/logo\/image\/","url":"http:\/\/www.silverflame.eu\/wp-content\/uploads\/2021\/11\/SilverFlame_Biofireplaces-shop-in-EU_Big-logo.png","contentUrl":"http:\/\/www.silverflame.eu\/wp-content\/uploads\/2021\/11\/SilverFlame_Biofireplaces-shop-in-EU_Big-logo.png","width":349,"height":478,"caption":"Silsev O\u00dc"},"image":{"@id":"https:\/\/www.silverflame.eu\/ru\/#\/schema\/logo\/image\/"},"sameAs":["https:\/\/www.facebook.com\/SilverFlameEurope","https:\/\/www.instagram.com\/silverflame.eu\/","https:\/\/www.youtube.com\/@SilverFlame-Biofireplaces"],"description":"Welcome to our online store, your one-stop destination for high-quality bioethanol fireplaces, gas heaters, infrared heaters, pop-up tents, patio umbrellas, and more. We specialize in delivering eco-friendly heating solutions and outdoor living products across Europe. Our selection is designed for comfort, style, and sustainability, ensuring that your home and outdoor spaces are both cozy and modern. Enjoy fast shipping, competitive prices, and exceptional customer service with every purchase.","email":"info@silverflame.eu","legalName":"Silsev O\u00dc","publishingPrinciples":"https:\/\/www.silverflame.eu\/ru\/about-us\/"}]}},"_links":{"self":[{"href":"https:\/\/www.silverflame.eu\/et\/wp-json\/wp\/v2\/product\/4072","targetHints":{"allow":["GET"]}}],"collection":[{"href":"https:\/\/www.silverflame.eu\/et\/wp-json\/wp\/v2\/product"}],"about":[{"href":"https:\/\/www.silverflame.eu\/et\/wp-json\/wp\/v2\/types\/product"}],"wp:featuredmedia":[{"embeddable":true,"href":"https:\/\/www.silverflame.eu\/et\/wp-json\/wp\/v2\/media\/4186"}],"wp:attachment":[{"href":"https:\/\/www.silverflame.eu\/et\/wp-json\/wp\/v2\/media?parent=4072"}],"wp:term":[{"taxonomy":"product_brand","embeddable":true,"href":"https:\/\/www.silverflame.eu\/et\/wp-json\/wp\/v2\/product_brand?post=4072"},{"taxonomy":"product_cat","embeddable":true,"href":"https:\/\/www.silverflame.eu\/et\/wp-json\/wp\/v2\/product_cat?post=4072"},{"taxonomy":"product_tag","embeddable":true,"href":"https:\/\/www.silverflame.eu\/et\/wp-json\/wp\/v2\/product_tag?post=4072"}],"curies":[{"name":"wp","href":"https:\/\/api.w.org\/{rel}","templated":true}]}}