{"id":4176,"date":"2022-10-18T01:53:18","date_gmt":"2022-10-17T22:53:18","guid":{"rendered":"http:\/\/www.silverflame.eu\/?post_type=product&#038;p=4176"},"modified":"2024-08-28T21:36:15","modified_gmt":"2024-08-28T18:36:15","slug":"wall-unit-flame-with-biofireplace","status":"publish","type":"product","link":"https:\/\/www.silverflame.eu\/et\/toode\/wall-unit-flame-with-biofireplace\/","title":{"rendered":"Biokaminaga sektsioon \u00abFlame\u00bb"},"content":{"rendered":"<h5><strong>Toote kohta:<\/strong><\/h5>\n<p><strong>Biokaminaga sektsioon \u00abFlame\u00bb<\/strong>: Biokaminaga m\u00f6\u00f6bel on disaini- ja interj\u00f6\u00f6rimaailmas uus s\u00f5na! See mitte ainult ei lisa teie toale elegantsi ja unikaalsust, vaid loob ka hubase atmosf\u00e4\u00e4ri t\u00e4nu biokamina elavale leegile.<\/p>\n<p>&nbsp;<\/p>\n<p>Wall panel on which are mounted:<\/p>\n<p>1x Shelf<br \/>\n1 x Biofireplace<br \/>\n1 x TV stand: on the right and left side there are flaps, behind them there is one space. In the middle is an open space divided by a glass shelf illuminated by blue LED lighting. &#8220;Push-click&#8221; opening system<\/p>\n<p>&nbsp;<\/p>\n<p>Construction of body: <strong>LAMINATED BOARD PVC<\/strong><br \/>\nBody design: <strong>MATT<\/strong><\/p>\n<p>Construction of fronts: <strong>LAMINATED BOARD, BIOFIREPLACE<\/strong><br \/>\nFront design: <strong>MATT<\/strong><\/p>\n<h5><\/h5>\n<h5><strong>Pakendite m\u00f5\u00f5tmed ja kaal:<br \/>\n<\/strong><\/h5>\n<p>Wall unit \u00abFlame\u00bb with biofireplace:<strong> 2\u00a0packages<\/strong><\/p>\n<ul>\n<li><strong>\u2013 Pakett 1:<\/strong> 192\/42\/11 &#8211; 40,5kg<\/li>\n<li><strong>\u2013 Pakett 2:<\/strong> 95\/43\/14 &#8211; 12,5kg<\/li>\n<\/ul>\n<p>&nbsp;<\/p>\n<h5><strong>\u00d6koloogiline soojus:<\/strong><\/h5>\n<p class=\"data-item-hidden\">Me k\u00f5ik oleme seotud \u00f6koloogiaga! Ostes meie biokamina, hoolite keskkonnast. Sa ei aita kaasa sudu tekkele. K\u00f5ik see on tingitud asjaolust, et biok\u00fctuste p\u00f5lemisproduktid on ainult: soojus, veeaur ja v\u00e4ike kogus s\u00fcsihappegaasi (nagu inimeste poolt v\u00e4ljahingatavas \u00f5hus).<\/p>\n<p>Biokamin t\u00f5stab temperatuuri kuni mitme Celsiuse kraadini, olenevalt leegi k\u00f5rgusest ja sisemuse suurusest. 100% tekkiv soojus kandub edasi tuppa, t\u00e4nu millele saab biokamin olla lisak\u00fctteallikaks!<\/p>\n<h5><\/h5>\n<h5><strong>M\u00c4RKUS!<\/strong><\/h5>\n<ul>\n<li>P\u00f5lemisel ja peale kustutamist on biokonteiner v\u00e4ga kuum, seda ei tohi puudutada!<\/li>\n<li>\u00c4rge lisage biok\u00fctust t\u00f6\u00f6tavale v\u00f5i veel kuumale biokaminale!<\/li>\n<\/ul>\n<p>&nbsp;<\/p>\n<h5><strong>Aksessuaarid:<\/strong><\/h5>\n<p class=\"translation-block\">Samuti saate valida elegantsed ja uhked aksessuaarid, mis muudavad teie biokamina veelgi atraktiivsemaks.<a href=\"http:\/\/www.silverflame.eu\/et\/tootekategooria\/accessories\/\" target=\"_self\"> Vaata k\u00f5iki tarvikuid.<\/a><\/p>\n<p>&nbsp;<\/p>\n<p>Samuti v\u00f5ite vaadata <a href=\"http:\/\/www.silverflame.eu\/et\/toode\/wall-cabinet-fly-sbk-with-biofireplace\/\">Biokaminaga seinakapp \u00abFly SBK\u00bb<\/a><\/p>\n<p>&nbsp;<\/p>\n<p>&nbsp;<\/p>\n<p><strong><em>Loe meie toodete kohta veel palju huvitavaid fakte <a href=\"http:\/\/www.silverflame.eu\/et\/blog\/\">blogist!<\/a><\/em><\/strong><\/p>","protected":false},"excerpt":{"rendered":"<table style=\"font-weight: 400;\" data-tablestyle=\"MsoTableGrid\" data-tablelook=\"1696\" aria-rowcount=\"8\">\n<tbody>\n<tr aria-rowindex=\"1\">\n<td data-celllook=\"0\"><span data-contrast=\"auto\">Kaal NETTO (kg)\u00a0<\/span><span data-ccp-props=\"{&quot;201341983&quot;:0,&quot;335551550&quot;:0,&quot;335551620&quot;:0,&quot;335559740&quot;:259}\">\u00a0<\/span><\/td>\n<td data-celllook=\"0\"><span data-contrast=\"none\">51,41<\/span><span data-ccp-props=\"{&quot;134233117&quot;:false,&quot;134233118&quot;:false,&quot;201341983&quot;:0,&quot;335551550&quot;:1,&quot;335551620&quot;:1,&quot;335559685&quot;:0,&quot;335559737&quot;:0,&quot;335559738&quot;:0,&quot;335559739&quot;:0,&quot;335559740&quot;:259}\">\u00a0<\/span><\/td>\n<\/tr>\n<tr aria-rowindex=\"2\">\n<td data-celllook=\"0\"><span data-contrast=\"auto\">Karbi kaal (kg)\u00a0<\/span><span data-ccp-props=\"{&quot;201341983&quot;:0,&quot;335551550&quot;:0,&quot;335551620&quot;:0,&quot;335559740&quot;:259}\">\u00a0<\/span><\/td>\n<td data-celllook=\"0\"><span data-contrast=\"auto\">1,59<\/span><span data-ccp-props=\"{&quot;201341983&quot;:0,&quot;335551550&quot;:0,&quot;335551620&quot;:0,&quot;335559740&quot;:259}\">\u00a0<\/span><\/td>\n<\/tr>\n<tr aria-rowindex=\"3\">\n<td data-celllook=\"0\"><span data-contrast=\"auto\">K\u00f5rgus (cm)\u00a0\u00a0<\/span><span data-ccp-props=\"{&quot;201341983&quot;:0,&quot;335551550&quot;:0,&quot;335551620&quot;:0,&quot;335559740&quot;:259}\">\u00a0<\/span><\/td>\n<td data-celllook=\"0\"><span data-contrast=\"auto\">170<\/span><span data-ccp-props=\"{&quot;201341983&quot;:0,&quot;335551550&quot;:0,&quot;335551620&quot;:0,&quot;335559740&quot;:259}\">\u00a0<\/span><\/td>\n<\/tr>\n<tr aria-rowindex=\"4\">\n<td data-celllook=\"0\"><span data-contrast=\"auto\">Laius (cm)\u00a0\u00a0<\/span><span data-ccp-props=\"{&quot;201341983&quot;:0,&quot;335551550&quot;:0,&quot;335551620&quot;:0,&quot;335559740&quot;:259}\">\u00a0<\/span><\/td>\n<td data-celllook=\"0\"><span data-contrast=\"auto\">250<\/span><span data-ccp-props=\"{&quot;201341983&quot;:0,&quot;335551550&quot;:0,&quot;335551620&quot;:0,&quot;335559740&quot;:259}\">\u00a0<\/span><\/td>\n<\/tr>\n<tr aria-rowindex=\"5\">\n<td data-celllook=\"0\"><span data-contrast=\"auto\">S\u00fcgavus (cm)\u00a0\u00a0<\/span><span data-ccp-props=\"{&quot;201341983&quot;:0,&quot;335551550&quot;:0,&quot;335551620&quot;:0,&quot;335559740&quot;:259}\">\u00a0<\/span><\/td>\n<td data-celllook=\"0\"><span data-contrast=\"auto\">40<\/span><span data-ccp-props=\"{&quot;201341983&quot;:0,&quot;335551550&quot;:0,&quot;335551620&quot;:0,&quot;335559740&quot;:259}\">\u00a0<\/span><\/td>\n<\/tr>\n<tr aria-rowindex=\"6\">\n<td data-celllook=\"0\"><span data-contrast=\"auto\">V\u00e4rv<\/span><span data-ccp-props=\"{&quot;201341983&quot;:0,&quot;335551550&quot;:0,&quot;335551620&quot;:0,&quot;335559740&quot;:259}\">\u00a0<\/span><\/td>\n<td data-celllook=\"0\"><span data-contrast=\"none\">Body: Black matt, perla gray<\/span><span data-ccp-props=\"{&quot;201341983&quot;:0,&quot;335551550&quot;:0,&quot;335551620&quot;:0,&quot;335559740&quot;:259}\">\u00a0<\/span><\/p>\n<p><span data-contrast=\"none\">Front: Black matt PVC<\/span><span data-ccp-props=\"{&quot;201341983&quot;:0,&quot;335551550&quot;:0,&quot;335551620&quot;:0,&quot;335559740&quot;:259}\">\u00a0<\/span><\/p>\n<p><span data-contrast=\"none\">Biokamin: Must<\/span><span data-ccp-props=\"{&quot;201341983&quot;:0,&quot;335551550&quot;:0,&quot;335551620&quot;:0,&quot;335559740&quot;:259}\">\u00a0<\/span><\/td>\n<\/tr>\n<tr aria-rowindex=\"7\">\n<td data-celllook=\"0\"><span data-contrast=\"auto\">Pakendite kogus\u00a0(tk)\u00a0<\/span><span data-ccp-props=\"{&quot;201341983&quot;:0,&quot;335551550&quot;:0,&quot;335551620&quot;:0,&quot;335559740&quot;:259}\">\u00a0<\/span><\/td>\n<td data-celllook=\"0\"><span data-contrast=\"auto\">2<\/span><span data-ccp-props=\"{&quot;201341983&quot;:0,&quot;335551550&quot;:0,&quot;335551620&quot;:0,&quot;335559740&quot;:259}\">\u00a0<\/span><\/td>\n<\/tr>\n<tr aria-rowindex=\"8\">\n<td data-celllook=\"0\"><span data-contrast=\"auto\">Tarne aeg\u00a0<\/span><span data-ccp-props=\"{&quot;201341983&quot;:0,&quot;335551550&quot;:0,&quot;335551620&quot;:0,&quot;335559740&quot;:259}\">\u00a0<\/span><\/td>\n<td data-celllook=\"0\"><span data-contrast=\"auto\">7-14 p\u00e4eva\u00a0<\/span><span data-ccp-props=\"{&quot;201341983&quot;:0,&quot;335551550&quot;:0,&quot;335551620&quot;:0,&quot;335559740&quot;:259}\">\u00a0<\/span><\/td>\n<\/tr>\n<\/tbody>\n<\/table>","protected":false},"featured_media":4177,"template":"","meta":{"_monsterinsights_skip_tracking":false,"_monsterinsights_sitenote_active":false,"_monsterinsights_sitenote_note":"","_monsterinsights_sitenote_category":0},"product_brand":[],"product_cat":[121],"product_tag":[54,127],"class_list":{"0":"post-4176","1":"product","2":"type-product","3":"status-publish","4":"has-post-thumbnail","6":"product_cat-furniture-with-biofireplaces","7":"product_tag-biofireplace","8":"product_tag-furniture","9":"product_shipping_class-wall-unit-flame","10":"pa_color-black-color","11":"pa_glass-not-included","12":"pa_place-of-production-made-in-europe","13":"aux-has-gallery","15":"first","16":"instock","17":"taxable","18":"shipping-taxable","19":"purchasable","20":"product-type-simple"},"yoast_head":"<!-- This site is optimized with the Yoast SEO Premium plugin v24.1 (Yoast SEO v27.3) - https:\/\/yoast.com\/product\/yoast-seo-premium-wordpress\/ -->\n<title>Wall unit \u00abFlame\u00bb with biofireplace | SilverFlame<\/title>\n<meta name=\"description\" content=\"Wall unit \u00abFlame\u00bb with biofireplace will not only add elegance and uniqueness to your room, but also create a cozy atmosphere due to the live flame of b...\" \/>\n<meta name=\"robots\" content=\"index, follow, max-snippet:-1, max-image-preview:large, max-video-preview:-1\" \/>\n<link rel=\"canonical\" href=\"https:\/\/www.silverflame.eu\/et\/produkt\/wall-unit-flame-with-biofireplace\/\" \/>\n<meta property=\"og:locale\" content=\"et_EE\" \/>\n<meta property=\"og:type\" content=\"article\" \/>\n<meta property=\"og:title\" content=\"Wall unit \u00abFlame\u00bb with biofireplace\" \/>\n<meta property=\"og:description\" content=\"Wall unit \u00abFlame\u00bb with biofireplace will not only add elegance and uniqueness to your room, but also create a cozy atmosphere due to the live flame of b...\" \/>\n<meta property=\"og:url\" content=\"https:\/\/www.silverflame.eu\/et\/produkt\/wall-unit-flame-with-biofireplace\/\" \/>\n<meta property=\"og:site_name\" content=\"SilverFlame\" \/>\n<meta property=\"article:publisher\" content=\"https:\/\/www.facebook.com\/SilverFlameEurope\" \/>\n<meta property=\"article:modified_time\" content=\"2024-08-28T18:36:15+00:00\" \/>\n<meta property=\"og:image\" content=\"https:\/\/www.silverflame.eu\/wp-content\/uploads\/2022\/10\/wall-unit-flame.png\" \/>\n\t<meta property=\"og:image:width\" content=\"900\" \/>\n\t<meta property=\"og:image:height\" content=\"900\" \/>\n\t<meta property=\"og:image:type\" content=\"image\/png\" \/>\n<meta name=\"twitter:card\" content=\"summary_large_image\" \/>\n<meta name=\"twitter:label1\" content=\"Est. reading time\" \/>\n\t<meta name=\"twitter:data1\" content=\"2 minutit\" \/>\n<script type=\"application\/ld+json\" class=\"yoast-schema-graph\">{\"@context\":\"https:\\\/\\\/schema.org\",\"@graph\":[{\"@type\":\"WebPage\",\"@id\":\"https:\\\/\\\/www.silverflame.eu\\\/sv\\\/produkt\\\/wall-unit-flame-with-biofireplace\\\/\",\"url\":\"https:\\\/\\\/www.silverflame.eu\\\/sv\\\/produkt\\\/wall-unit-flame-with-biofireplace\\\/\",\"name\":\"Wall unit \u00abFlame\u00bb with biofireplace | SilverFlame\",\"isPartOf\":{\"@id\":\"https:\\\/\\\/www.silverflame.eu\\\/ru\\\/#website\"},\"primaryImageOfPage\":{\"@id\":\"https:\\\/\\\/www.silverflame.eu\\\/sv\\\/produkt\\\/wall-unit-flame-with-biofireplace\\\/#primaryimage\"},\"image\":{\"@id\":\"https:\\\/\\\/www.silverflame.eu\\\/sv\\\/produkt\\\/wall-unit-flame-with-biofireplace\\\/#primaryimage\"},\"thumbnailUrl\":\"https:\\\/\\\/www.silverflame.eu\\\/wp-content\\\/uploads\\\/2022\\\/10\\\/wall-unit-flame.png\",\"datePublished\":\"2022-10-17T22:53:18+00:00\",\"dateModified\":\"2024-08-28T18:36:15+00:00\",\"description\":\"Wall unit \u00abFlame\u00bb with biofireplace will not only add elegance and uniqueness to your room, but also create a cozy atmosphere due to the live flame of b...\",\"breadcrumb\":{\"@id\":\"https:\\\/\\\/www.silverflame.eu\\\/sv\\\/produkt\\\/wall-unit-flame-with-biofireplace\\\/#breadcrumb\"},\"inLanguage\":\"et\",\"potentialAction\":[{\"@type\":\"ReadAction\",\"target\":[\"https:\\\/\\\/www.silverflame.eu\\\/sv\\\/produkt\\\/wall-unit-flame-with-biofireplace\\\/\"]}]},{\"@type\":\"ImageObject\",\"inLanguage\":\"et\",\"@id\":\"https:\\\/\\\/www.silverflame.eu\\\/sv\\\/produkt\\\/wall-unit-flame-with-biofireplace\\\/#primaryimage\",\"url\":\"https:\\\/\\\/www.silverflame.eu\\\/wp-content\\\/uploads\\\/2022\\\/10\\\/wall-unit-flame.png\",\"contentUrl\":\"https:\\\/\\\/www.silverflame.eu\\\/wp-content\\\/uploads\\\/2022\\\/10\\\/wall-unit-flame.png\",\"width\":900,\"height\":900,\"caption\":\"Wall unit \u00abFlame\u00bb with biofireplace\"},{\"@type\":\"BreadcrumbList\",\"@id\":\"https:\\\/\\\/www.silverflame.eu\\\/sv\\\/produkt\\\/wall-unit-flame-with-biofireplace\\\/#breadcrumb\",\"itemListElement\":[{\"@type\":\"ListItem\",\"position\":1,\"name\":\"Home page\",\"item\":\"https:\\\/\\\/www.silverflame.eu\\\/ru\\\/\"},{\"@type\":\"ListItem\",\"position\":2,\"name\":\"Shop\",\"item\":\"https:\\\/\\\/www.silverflame.eu\\\/ru\\\/shop\\\/\"},{\"@type\":\"ListItem\",\"position\":3,\"name\":\"Wall unit \u00abFlame\u00bb with biofireplace\"}]},{\"@type\":\"WebSite\",\"@id\":\"https:\\\/\\\/www.silverflame.eu\\\/ru\\\/#website\",\"url\":\"https:\\\/\\\/www.silverflame.eu\\\/ru\\\/\",\"name\":\"SilverFlame\",\"description\":\"Biofireplaces | biokaminad | biotakat | bioeldst\u00e4der\",\"publisher\":{\"@id\":\"https:\\\/\\\/www.silverflame.eu\\\/ru\\\/#organization\"},\"potentialAction\":[{\"@type\":\"SearchAction\",\"target\":{\"@type\":\"EntryPoint\",\"urlTemplate\":\"https:\\\/\\\/www.silverflame.eu\\\/ru\\\/?s={search_term_string}\"},\"query-input\":{\"@type\":\"PropertyValueSpecification\",\"valueRequired\":true,\"valueName\":\"search_term_string\"}}],\"inLanguage\":\"et\"},{\"@type\":\"Organization\",\"@id\":\"https:\\\/\\\/www.silverflame.eu\\\/ru\\\/#organization\",\"name\":\"Silsev O\u00dc\",\"url\":\"https:\\\/\\\/www.silverflame.eu\\\/ru\\\/\",\"logo\":{\"@type\":\"ImageObject\",\"inLanguage\":\"et\",\"@id\":\"https:\\\/\\\/www.silverflame.eu\\\/ru\\\/#\\\/schema\\\/logo\\\/image\\\/\",\"url\":\"http:\\\/\\\/www.silverflame.eu\\\/wp-content\\\/uploads\\\/2021\\\/11\\\/SilverFlame_Biofireplaces-shop-in-EU_Big-logo.png\",\"contentUrl\":\"http:\\\/\\\/www.silverflame.eu\\\/wp-content\\\/uploads\\\/2021\\\/11\\\/SilverFlame_Biofireplaces-shop-in-EU_Big-logo.png\",\"width\":349,\"height\":478,\"caption\":\"Silsev O\u00dc\"},\"image\":{\"@id\":\"https:\\\/\\\/www.silverflame.eu\\\/ru\\\/#\\\/schema\\\/logo\\\/image\\\/\"},\"sameAs\":[\"https:\\\/\\\/www.facebook.com\\\/SilverFlameEurope\",\"https:\\\/\\\/www.instagram.com\\\/silverflame.eu\\\/\",\"https:\\\/\\\/www.youtube.com\\\/@SilverFlame-Biofireplaces\"],\"description\":\"Welcome to our online store, your one-stop destination for high-quality bioethanol fireplaces, gas heaters, infrared heaters, pop-up tents, patio umbrellas, and more. We specialize in delivering eco-friendly heating solutions and outdoor living products across Europe. Our selection is designed for comfort, style, and sustainability, ensuring that your home and outdoor spaces are both cozy and modern. Enjoy fast shipping, competitive prices, and exceptional customer service with every purchase.\",\"email\":\"info@silverflame.eu\",\"legalName\":\"Silsev O\u00dc\",\"publishingPrinciples\":\"https:\\\/\\\/www.silverflame.eu\\\/ru\\\/about-us\\\/\"}]}<\/script>\n<!-- \/ Yoast SEO Premium plugin. -->","yoast_head_json":{"title":"Wall unit \u00abFlame\u00bb with biofireplace | SilverFlame","description":"Wall unit \u00abFlame\u00bb with biofireplace will not only add elegance and uniqueness to your room, but also create a cozy atmosphere due to the live flame of b...","robots":{"index":"index","follow":"follow","max-snippet":"max-snippet:-1","max-image-preview":"max-image-preview:large","max-video-preview":"max-video-preview:-1"},"canonical":"https:\/\/www.silverflame.eu\/et\/produkt\/wall-unit-flame-with-biofireplace\/","og_locale":"et_EE","og_type":"article","og_title":"Wall unit \u00abFlame\u00bb with biofireplace","og_description":"Wall unit \u00abFlame\u00bb with biofireplace will not only add elegance and uniqueness to your room, but also create a cozy atmosphere due to the live flame of b...","og_url":"https:\/\/www.silverflame.eu\/et\/produkt\/wall-unit-flame-with-biofireplace\/","og_site_name":"SilverFlame","article_publisher":"https:\/\/www.facebook.com\/SilverFlameEurope","article_modified_time":"2024-08-28T18:36:15+00:00","og_image":[{"width":900,"height":900,"url":"https:\/\/www.silverflame.eu\/wp-content\/uploads\/2022\/10\/wall-unit-flame.png","type":"image\/png"}],"twitter_card":"summary_large_image","twitter_misc":{"Est. reading time":"2 minutit"},"schema":{"@context":"https:\/\/schema.org","@graph":[{"@type":"WebPage","@id":"https:\/\/www.silverflame.eu\/sv\/produkt\/wall-unit-flame-with-biofireplace\/","url":"https:\/\/www.silverflame.eu\/sv\/produkt\/wall-unit-flame-with-biofireplace\/","name":"Wall unit \u00abFlame\u00bb with biofireplace | SilverFlame","isPartOf":{"@id":"https:\/\/www.silverflame.eu\/ru\/#website"},"primaryImageOfPage":{"@id":"https:\/\/www.silverflame.eu\/sv\/produkt\/wall-unit-flame-with-biofireplace\/#primaryimage"},"image":{"@id":"https:\/\/www.silverflame.eu\/sv\/produkt\/wall-unit-flame-with-biofireplace\/#primaryimage"},"thumbnailUrl":"https:\/\/www.silverflame.eu\/wp-content\/uploads\/2022\/10\/wall-unit-flame.png","datePublished":"2022-10-17T22:53:18+00:00","dateModified":"2024-08-28T18:36:15+00:00","description":"Wall unit \u00abFlame\u00bb with biofireplace will not only add elegance and uniqueness to your room, but also create a cozy atmosphere due to the live flame of b...","breadcrumb":{"@id":"https:\/\/www.silverflame.eu\/sv\/produkt\/wall-unit-flame-with-biofireplace\/#breadcrumb"},"inLanguage":"et","potentialAction":[{"@type":"ReadAction","target":["https:\/\/www.silverflame.eu\/sv\/produkt\/wall-unit-flame-with-biofireplace\/"]}]},{"@type":"ImageObject","inLanguage":"et","@id":"https:\/\/www.silverflame.eu\/sv\/produkt\/wall-unit-flame-with-biofireplace\/#primaryimage","url":"https:\/\/www.silverflame.eu\/wp-content\/uploads\/2022\/10\/wall-unit-flame.png","contentUrl":"https:\/\/www.silverflame.eu\/wp-content\/uploads\/2022\/10\/wall-unit-flame.png","width":900,"height":900,"caption":"Wall unit \u00abFlame\u00bb with biofireplace"},{"@type":"BreadcrumbList","@id":"https:\/\/www.silverflame.eu\/sv\/produkt\/wall-unit-flame-with-biofireplace\/#breadcrumb","itemListElement":[{"@type":"ListItem","position":1,"name":"Home page","item":"https:\/\/www.silverflame.eu\/ru\/"},{"@type":"ListItem","position":2,"name":"Shop","item":"https:\/\/www.silverflame.eu\/ru\/shop\/"},{"@type":"ListItem","position":3,"name":"Wall unit \u00abFlame\u00bb with biofireplace"}]},{"@type":"WebSite","@id":"https:\/\/www.silverflame.eu\/ru\/#website","url":"https:\/\/www.silverflame.eu\/ru\/","name":"SilverFlame","description":"Biofireplaces | biokaminad | biotakat | bioeldst\u00e4der","publisher":{"@id":"https:\/\/www.silverflame.eu\/ru\/#organization"},"potentialAction":[{"@type":"SearchAction","target":{"@type":"EntryPoint","urlTemplate":"https:\/\/www.silverflame.eu\/ru\/?s={search_term_string}"},"query-input":{"@type":"PropertyValueSpecification","valueRequired":true,"valueName":"search_term_string"}}],"inLanguage":"et"},{"@type":"Organization","@id":"https:\/\/www.silverflame.eu\/ru\/#organization","name":"Silsev O\u00dc","url":"https:\/\/www.silverflame.eu\/ru\/","logo":{"@type":"ImageObject","inLanguage":"et","@id":"https:\/\/www.silverflame.eu\/ru\/#\/schema\/logo\/image\/","url":"http:\/\/www.silverflame.eu\/wp-content\/uploads\/2021\/11\/SilverFlame_Biofireplaces-shop-in-EU_Big-logo.png","contentUrl":"http:\/\/www.silverflame.eu\/wp-content\/uploads\/2021\/11\/SilverFlame_Biofireplaces-shop-in-EU_Big-logo.png","width":349,"height":478,"caption":"Silsev O\u00dc"},"image":{"@id":"https:\/\/www.silverflame.eu\/ru\/#\/schema\/logo\/image\/"},"sameAs":["https:\/\/www.facebook.com\/SilverFlameEurope","https:\/\/www.instagram.com\/silverflame.eu\/","https:\/\/www.youtube.com\/@SilverFlame-Biofireplaces"],"description":"Welcome to our online store, your one-stop destination for high-quality bioethanol fireplaces, gas heaters, infrared heaters, pop-up tents, patio umbrellas, and more. We specialize in delivering eco-friendly heating solutions and outdoor living products across Europe. Our selection is designed for comfort, style, and sustainability, ensuring that your home and outdoor spaces are both cozy and modern. Enjoy fast shipping, competitive prices, and exceptional customer service with every purchase.","email":"info@silverflame.eu","legalName":"Silsev O\u00dc","publishingPrinciples":"https:\/\/www.silverflame.eu\/ru\/about-us\/"}]}},"_links":{"self":[{"href":"https:\/\/www.silverflame.eu\/et\/wp-json\/wp\/v2\/product\/4176","targetHints":{"allow":["GET"]}}],"collection":[{"href":"https:\/\/www.silverflame.eu\/et\/wp-json\/wp\/v2\/product"}],"about":[{"href":"https:\/\/www.silverflame.eu\/et\/wp-json\/wp\/v2\/types\/product"}],"wp:featuredmedia":[{"embeddable":true,"href":"https:\/\/www.silverflame.eu\/et\/wp-json\/wp\/v2\/media\/4177"}],"wp:attachment":[{"href":"https:\/\/www.silverflame.eu\/et\/wp-json\/wp\/v2\/media?parent=4176"}],"wp:term":[{"taxonomy":"product_brand","embeddable":true,"href":"https:\/\/www.silverflame.eu\/et\/wp-json\/wp\/v2\/product_brand?post=4176"},{"taxonomy":"product_cat","embeddable":true,"href":"https:\/\/www.silverflame.eu\/et\/wp-json\/wp\/v2\/product_cat?post=4176"},{"taxonomy":"product_tag","embeddable":true,"href":"https:\/\/www.silverflame.eu\/et\/wp-json\/wp\/v2\/product_tag?post=4176"}],"curies":[{"name":"wp","href":"https:\/\/api.w.org\/{rel}","templated":true}]}}