{"id":4623,"date":"2024-01-11T15:13:02","date_gmt":"2024-01-11T13:13:02","guid":{"rendered":"http:\/\/www.silverflame.eu\/?post_type=product&#038;p=4623"},"modified":"2026-01-15T07:46:25","modified_gmt":"2026-01-15T05:46:25","slug":"biofireplace-bora","status":"publish","type":"product","link":"https:\/\/www.silverflame.eu\/et\/toode\/biofireplace-bora\/","title":{"rendered":"Biokamin \u00ab\u200eBora\u00bb + T\u00e4iskomplekt"},"content":{"rendered":"<h5><strong>Toote kohta:<\/strong><\/h5>\n<p>Biokamin \u00ab\u200eBora\u00bb on t\u00e4iuslik kombinatsioon kaasaegsest disainist ja funktsionaalsusest. Selle lihtne, kuid stiilne vorm muudab selle ideaalseks lisandiks igat t\u00fc\u00fcpi interj\u00f6\u00f6ri, alates minimalistlikust kuni traditsioonilisemani. Kvaliteetsetest materjalidest valmistatud \u00ab\u200eBora\u00bb tagab vastupidavuse, stabiilsuse ja kasutusohutuse.<\/p>\n<p>Ei vaja \u00fchendamist korstnaga. Lihtsalt asetage, valage biok\u00fctus konteinerisse m\u00e4rgitud tasemeni ja nautige soojust ja kaunist vaadet t\u00f5elisele tulele! Leeki on v\u00f5imalik igal ajal reguleerida ja kustutada. \u00c4rge unustage ventileerida ruumi, kus asub biokamin. Kui ilmastikutingimused on soodsad, v\u00f5ib see olla terrassi v\u00f5i aia kaunistus.<\/p>\n<p>Biokamin \u00ab\u200eBora\u00bb on eraldiseisev ja ei vaja erilist kokkupanekut, piisab pakendisse lisatud elementide kokkupanekust vastavalt kasutusjuhendile.<\/p>\n<p>&nbsp;<\/p>\n<h5><strong>Kvaliteedi ja ohutuse garantii:<\/strong><\/h5>\n<p><b>Biokaminad on valmistatud Euroopa k\u00f5ige kaasaegsema standardi PN-EN 16647:15_11 j\u00e4rgi.\u00a0<\/b><\/p>\n<div>Mahuti keskele asetatud imav vahet\u00fckk v\u00e4hendab k\u00fctusekulu ja kaitseb seadme kallutamise korral biok\u00fctuste mahavalgumise eest. Biokaminal on korkpadi, mis hoiab \u00e4ra pinna, millel need seisavad, kriimustamise.<\/div>\n<div><\/div>\n<div>\n<p><strong><em>M\u00c4RKUS!<\/em> \u00c4rge lisage biok\u00fctust t\u00f6\u00f6tavale v\u00f5i veel kuumale biokaminale!<br \/>\n<em>M\u00c4RKUS!<\/em><\/strong> P\u00f5lemisel ja peale kustutamist on biokonteiner v\u00e4ga kuum, seda ei tohi puudutada!<\/p>\n<\/div>\n<p>&nbsp;<\/p>\n<div>\n<h5><strong>\u00d6koloogiline soojus:<\/strong><\/h5>\n<p class=\"data-item-hidden\">Me k\u00f5ik oleme seotud \u00f6koloogiaga! Ostes meie biokamina, hoolite keskkonnast. Sa ei aita kaasa sudu tekkele. K\u00f5ik see on tingitud asjaolust, et biok\u00fctuste p\u00f5lemisproduktid on ainult: soojus, veeaur ja v\u00e4ike kogus s\u00fcsihappegaasi (nagu inimeste poolt v\u00e4ljahingatavas \u00f5hus).<\/p>\n<p>Biokamin t\u00f5stab temperatuuri kuni mitme Celsiuse kraadini, olenevalt leegi k\u00f5rgusest ja sisemuse suurusest. 100% tekkiv soojus kandub edasi tuppa, t\u00e4nu millele saab biokamin olla lisak\u00fctteallikaks!<\/p>\n<p>&nbsp;<\/p>\n<h5><strong>Aksessuaarid:<\/strong><\/h5>\n<p class=\"translation-block\">Samuti saate valida elegantsed ja uhked aksessuaarid, mis muudavad teie biokamina veelgi atraktiivsemaks.<a href=\"http:\/\/www.silverflame.eu\/et\/tootekategooria\/accessories\/\" target=\"_self\"> Vaata k\u00f5iki tarvikuid.<\/a><\/p>\n<\/div>\n<p>&nbsp;<\/p>\n<p><span style=\"color: #ffffff;\">\u00ab\u200eBora\u00bb<\/span><\/p>\n<p><strong><em>Loe meie toodete kohta veel palju huvitavaid fakte <a href=\"http:\/\/www.silverflame.eu\/et\/blog\/\">blogist!<\/a><\/em><\/strong><\/p>","protected":false},"excerpt":{"rendered":"<h4><strong>T\u00e4ielik biokaminakomplekt sisaldab: biokamin \u00ab\u200eBora\u00bb, tikud, 1 liiter bioetanooli, lehter ja pipett.<\/strong><\/h4>\n<table data-tablestyle=\"MsoTableGrid\" data-tablelook=\"1696\" aria-rowcount=\"8\">\n<tbody>\n<tr aria-rowindex=\"1\">\n<td data-celllook=\"0\"><span data-contrast=\"auto\">Kaal (kg)<\/span><span data-ccp-props=\"{&quot;201341983&quot;:0,&quot;335559740&quot;:259}\">\u00a0<\/span><\/td>\n<td data-celllook=\"0\"><span data-contrast=\"auto\">5,5<\/span><span data-ccp-props=\"{&quot;201341983&quot;:0,&quot;335551550&quot;:1,&quot;335551620&quot;:1,&quot;335559740&quot;:259}\">\u00a0<\/span><\/td>\n<\/tr>\n<tr aria-rowindex=\"2\">\n<td data-celllook=\"0\"><span data-contrast=\"auto\">K\u00f5rgus (cm)<\/span><span data-ccp-props=\"{&quot;201341983&quot;:0,&quot;335559740&quot;:259}\">\u00a0<\/span><\/td>\n<td data-celllook=\"0\">10<\/td>\n<\/tr>\n<tr aria-rowindex=\"3\">\n<td data-celllook=\"0\"><span data-contrast=\"auto\">Laius (cm)<\/span><span data-ccp-props=\"{&quot;201341983&quot;:0,&quot;335559740&quot;:259}\">\u00a0<\/span><\/td>\n<td data-celllook=\"0\"><span data-contrast=\"auto\">20<\/span><\/td>\n<\/tr>\n<tr aria-rowindex=\"4\">\n<td data-celllook=\"0\"><span data-contrast=\"auto\">S\u00fcgavus (cm)<\/span><span data-ccp-props=\"{&quot;201341983&quot;:0,&quot;335559740&quot;:259}\">\u00a0<\/span><\/td>\n<td data-celllook=\"0\"><\/td>\n<\/tr>\n<tr aria-rowindex=\"5\">\n<td data-celllook=\"0\"><span data-contrast=\"auto\">Biomahuti maht (l)<\/span><span data-ccp-props=\"{&quot;201341983&quot;:0,&quot;335559740&quot;:259}\">\u00a0<\/span><\/td>\n<td data-celllook=\"0\"><span data-contrast=\"auto\">0,085<\/span><span data-ccp-props=\"{&quot;201341983&quot;:0,&quot;335551550&quot;:1,&quot;335551620&quot;:1,&quot;335559740&quot;:259}\">\u00a0<\/span><\/td>\n<\/tr>\n<tr aria-rowindex=\"6\">\n<td data-celllook=\"0\"><span data-contrast=\"auto\">Tulejoone pikkus (cm)<\/span><span data-ccp-props=\"{&quot;201341983&quot;:0,&quot;335559740&quot;:259}\">\u00a0<\/span><\/td>\n<td data-celllook=\"0\"><span data-ccp-props=\"{&quot;201341983&quot;:0,&quot;335551550&quot;:1,&quot;335551620&quot;:1,&quot;335559740&quot;:259}\">\u00a05<\/span><\/td>\n<\/tr>\n<tr aria-rowindex=\"7\">\n<td data-celllook=\"0\"><span data-contrast=\"auto\">Biokonteineri m\u00f5\u00f5tmed (L) (cm)<\/span><\/td>\n<td data-celllook=\"0\">12<\/td>\n<\/tr>\n<tr aria-rowindex=\"8\">\n<td data-celllook=\"0\"><span data-ccp-props=\"{&quot;201341983&quot;:0,&quot;335559740&quot;:259}\">\u00a0Tarne aeg<\/span><\/td>\n<td data-celllook=\"0\"><span data-ccp-props=\"{&quot;201341983&quot;:0,&quot;335551550&quot;:1,&quot;335551620&quot;:1,&quot;335559740&quot;:259}\">7-14 p\u00e4eva<\/span><\/td>\n<\/tr>\n<\/tbody>\n<\/table>","protected":false},"featured_media":4629,"template":"","meta":{"_monsterinsights_skip_tracking":false,"_monsterinsights_sitenote_active":false,"_monsterinsights_sitenote_note":"","_monsterinsights_sitenote_category":0},"product_brand":[],"product_cat":[140,62],"product_tag":[55,124,54,17,68],"class_list":{"0":"post-4623","1":"product","2":"type-product","3":"status-publish","4":"has-post-thumbnail","6":"product_cat-special-offers","7":"product_cat-table-biofireplaces","8":"product_tag-bio-fireplace","9":"product_tag-biocontainer","10":"product_tag-biofireplace","11":"product_tag-17","12":"product_tag-68","13":"product_shipping_class-kiini","14":"pa_aroma-lavender-aroma","15":"pa_aroma-universal-aroma","16":"pa_color-beige-color","17":"pa_color-black-color","18":"pa_color-graphite-color","19":"pa_color-gray-color","20":"pa_color-marble-color","21":"pa_color-white-color","22":"aux-has-gallery","24":"first","25":"instock","26":"sale","27":"taxable","28":"shipping-taxable","29":"purchasable","30":"product-type-variable"},"yoast_head":"<!-- This site is optimized with the Yoast SEO Premium plugin v24.1 (Yoast SEO v27.3) - https:\/\/yoast.com\/product\/yoast-seo-premium-wordpress\/ -->\n<title>Biofireplace \u00ab\u200eBora\u00bb + Full set | SilverFlame<\/title>\n<meta name=\"description\" content=\"Biofireplace \u00ab\u200eBora\u00bb is a perfect combination of modern design and functionality. Its simple but stylish form makes it a perfect addition to any type of ...\" \/>\n<meta name=\"robots\" content=\"index, follow, max-snippet:-1, max-image-preview:large, max-video-preview:-1\" \/>\n<link rel=\"canonical\" href=\"https:\/\/www.silverflame.eu\/et\/toode\/biofireplace-bora\/\" \/>\n<meta property=\"og:locale\" content=\"et_EE\" \/>\n<meta property=\"og:type\" content=\"article\" \/>\n<meta property=\"og:title\" content=\"Biofireplace \u00ab\u200eBora\u00bb + Full set\" \/>\n<meta property=\"og:description\" content=\"Biofireplace \u00ab\u200eBora\u00bb is a perfect combination of modern design and functionality. Its simple but stylish form makes it a perfect addition to any type of ...\" \/>\n<meta property=\"og:url\" content=\"https:\/\/www.silverflame.eu\/et\/toode\/biofireplace-bora\/\" \/>\n<meta property=\"og:site_name\" content=\"SilverFlame\" \/>\n<meta property=\"article:publisher\" content=\"https:\/\/www.facebook.com\/SilverFlameEurope\" \/>\n<meta property=\"article:modified_time\" content=\"2026-01-15T05:46:25+00:00\" \/>\n<meta property=\"og:image\" content=\"https:\/\/www.silverflame.eu\/wp-content\/uploads\/2024\/01\/BORA-marmurowy-scaled.jpg\" \/>\n\t<meta property=\"og:image:width\" content=\"2560\" \/>\n\t<meta property=\"og:image:height\" content=\"2560\" \/>\n\t<meta property=\"og:image:type\" content=\"image\/jpeg\" \/>\n<meta name=\"twitter:card\" content=\"summary_large_image\" \/>\n<meta name=\"twitter:label1\" content=\"Est. reading time\" \/>\n\t<meta name=\"twitter:data1\" content=\"2 minutit\" \/>\n<script type=\"application\/ld+json\" class=\"yoast-schema-graph\">{\"@context\":\"https:\\\/\\\/schema.org\",\"@graph\":[{\"@type\":\"WebPage\",\"@id\":\"https:\\\/\\\/www.silverflame.eu\\\/product\\\/biofireplace-bora\\\/\",\"url\":\"https:\\\/\\\/www.silverflame.eu\\\/product\\\/biofireplace-bora\\\/\",\"name\":\"Biofireplace \u00ab\u200eBora\u00bb + Full set | SilverFlame\",\"isPartOf\":{\"@id\":\"https:\\\/\\\/www.silverflame.eu\\\/ru\\\/#website\"},\"primaryImageOfPage\":{\"@id\":\"https:\\\/\\\/www.silverflame.eu\\\/product\\\/biofireplace-bora\\\/#primaryimage\"},\"image\":{\"@id\":\"https:\\\/\\\/www.silverflame.eu\\\/product\\\/biofireplace-bora\\\/#primaryimage\"},\"thumbnailUrl\":\"https:\\\/\\\/www.silverflame.eu\\\/wp-content\\\/uploads\\\/2024\\\/01\\\/BORA-marmurowy-scaled.jpg\",\"datePublished\":\"2024-01-11T13:13:02+00:00\",\"dateModified\":\"2026-01-15T05:46:25+00:00\",\"description\":\"Biofireplace \u00ab\u200eBora\u00bb is a perfect combination of modern design and functionality. Its simple but stylish form makes it a perfect addition to any type of ...\",\"breadcrumb\":{\"@id\":\"https:\\\/\\\/www.silverflame.eu\\\/product\\\/biofireplace-bora\\\/#breadcrumb\"},\"inLanguage\":\"et\",\"potentialAction\":[{\"@type\":\"ReadAction\",\"target\":[\"https:\\\/\\\/www.silverflame.eu\\\/product\\\/biofireplace-bora\\\/\"]}]},{\"@type\":\"ImageObject\",\"inLanguage\":\"et\",\"@id\":\"https:\\\/\\\/www.silverflame.eu\\\/product\\\/biofireplace-bora\\\/#primaryimage\",\"url\":\"https:\\\/\\\/www.silverflame.eu\\\/wp-content\\\/uploads\\\/2024\\\/01\\\/BORA-marmurowy-scaled.jpg\",\"contentUrl\":\"https:\\\/\\\/www.silverflame.eu\\\/wp-content\\\/uploads\\\/2024\\\/01\\\/BORA-marmurowy-scaled.jpg\",\"width\":2560,\"height\":2560,\"caption\":\"Biofireplace BORA marmurowy\"},{\"@type\":\"BreadcrumbList\",\"@id\":\"https:\\\/\\\/www.silverflame.eu\\\/product\\\/biofireplace-bora\\\/#breadcrumb\",\"itemListElement\":[{\"@type\":\"ListItem\",\"position\":1,\"name\":\"Home page\",\"item\":\"https:\\\/\\\/www.silverflame.eu\\\/ru\\\/\"},{\"@type\":\"ListItem\",\"position\":2,\"name\":\"Shop\",\"item\":\"https:\\\/\\\/www.silverflame.eu\\\/ru\\\/shop\\\/\"},{\"@type\":\"ListItem\",\"position\":3,\"name\":\"Biofireplace \u00ab\u200eBora\u00bb + Full set\"}]},{\"@type\":\"WebSite\",\"@id\":\"https:\\\/\\\/www.silverflame.eu\\\/ru\\\/#website\",\"url\":\"https:\\\/\\\/www.silverflame.eu\\\/ru\\\/\",\"name\":\"SilverFlame\",\"description\":\"Biofireplaces | biokaminad | biotakat | bioeldst\u00e4der\",\"publisher\":{\"@id\":\"https:\\\/\\\/www.silverflame.eu\\\/ru\\\/#organization\"},\"potentialAction\":[{\"@type\":\"SearchAction\",\"target\":{\"@type\":\"EntryPoint\",\"urlTemplate\":\"https:\\\/\\\/www.silverflame.eu\\\/ru\\\/?s={search_term_string}\"},\"query-input\":{\"@type\":\"PropertyValueSpecification\",\"valueRequired\":true,\"valueName\":\"search_term_string\"}}],\"inLanguage\":\"et\"},{\"@type\":\"Organization\",\"@id\":\"https:\\\/\\\/www.silverflame.eu\\\/ru\\\/#organization\",\"name\":\"Silsev O\u00dc\",\"url\":\"https:\\\/\\\/www.silverflame.eu\\\/ru\\\/\",\"logo\":{\"@type\":\"ImageObject\",\"inLanguage\":\"et\",\"@id\":\"https:\\\/\\\/www.silverflame.eu\\\/ru\\\/#\\\/schema\\\/logo\\\/image\\\/\",\"url\":\"http:\\\/\\\/www.silverflame.eu\\\/wp-content\\\/uploads\\\/2021\\\/11\\\/SilverFlame_Biofireplaces-shop-in-EU_Big-logo.png\",\"contentUrl\":\"http:\\\/\\\/www.silverflame.eu\\\/wp-content\\\/uploads\\\/2021\\\/11\\\/SilverFlame_Biofireplaces-shop-in-EU_Big-logo.png\",\"width\":349,\"height\":478,\"caption\":\"Silsev O\u00dc\"},\"image\":{\"@id\":\"https:\\\/\\\/www.silverflame.eu\\\/ru\\\/#\\\/schema\\\/logo\\\/image\\\/\"},\"sameAs\":[\"https:\\\/\\\/www.facebook.com\\\/SilverFlameEurope\",\"https:\\\/\\\/www.instagram.com\\\/silverflame.eu\\\/\",\"https:\\\/\\\/www.youtube.com\\\/@SilverFlame-Biofireplaces\"],\"description\":\"Welcome to our online store, your one-stop destination for high-quality bioethanol fireplaces, gas heaters, infrared heaters, pop-up tents, patio umbrellas, and more. We specialize in delivering eco-friendly heating solutions and outdoor living products across Europe. Our selection is designed for comfort, style, and sustainability, ensuring that your home and outdoor spaces are both cozy and modern. Enjoy fast shipping, competitive prices, and exceptional customer service with every purchase.\",\"email\":\"info@silverflame.eu\",\"legalName\":\"Silsev O\u00dc\",\"publishingPrinciples\":\"https:\\\/\\\/www.silverflame.eu\\\/ru\\\/about-us\\\/\"}]}<\/script>\n<!-- \/ Yoast SEO Premium plugin. -->","yoast_head_json":{"title":"Biofireplace \u00ab\u200eBora\u00bb + Full set | SilverFlame","description":"Biofireplace \u00ab\u200eBora\u00bb is a perfect combination of modern design and functionality. Its simple but stylish form makes it a perfect addition to any type of ...","robots":{"index":"index","follow":"follow","max-snippet":"max-snippet:-1","max-image-preview":"max-image-preview:large","max-video-preview":"max-video-preview:-1"},"canonical":"https:\/\/www.silverflame.eu\/et\/toode\/biofireplace-bora\/","og_locale":"et_EE","og_type":"article","og_title":"Biofireplace \u00ab\u200eBora\u00bb + Full set","og_description":"Biofireplace \u00ab\u200eBora\u00bb is a perfect combination of modern design and functionality. Its simple but stylish form makes it a perfect addition to any type of ...","og_url":"https:\/\/www.silverflame.eu\/et\/toode\/biofireplace-bora\/","og_site_name":"SilverFlame","article_publisher":"https:\/\/www.facebook.com\/SilverFlameEurope","article_modified_time":"2026-01-15T05:46:25+00:00","og_image":[{"width":2560,"height":2560,"url":"https:\/\/www.silverflame.eu\/wp-content\/uploads\/2024\/01\/BORA-marmurowy-scaled.jpg","type":"image\/jpeg"}],"twitter_card":"summary_large_image","twitter_misc":{"Est. reading time":"2 minutit"},"schema":{"@context":"https:\/\/schema.org","@graph":[{"@type":"WebPage","@id":"https:\/\/www.silverflame.eu\/product\/biofireplace-bora\/","url":"https:\/\/www.silverflame.eu\/product\/biofireplace-bora\/","name":"Biofireplace \u00ab\u200eBora\u00bb + Full set | SilverFlame","isPartOf":{"@id":"https:\/\/www.silverflame.eu\/ru\/#website"},"primaryImageOfPage":{"@id":"https:\/\/www.silverflame.eu\/product\/biofireplace-bora\/#primaryimage"},"image":{"@id":"https:\/\/www.silverflame.eu\/product\/biofireplace-bora\/#primaryimage"},"thumbnailUrl":"https:\/\/www.silverflame.eu\/wp-content\/uploads\/2024\/01\/BORA-marmurowy-scaled.jpg","datePublished":"2024-01-11T13:13:02+00:00","dateModified":"2026-01-15T05:46:25+00:00","description":"Biofireplace \u00ab\u200eBora\u00bb is a perfect combination of modern design and functionality. Its simple but stylish form makes it a perfect addition to any type of ...","breadcrumb":{"@id":"https:\/\/www.silverflame.eu\/product\/biofireplace-bora\/#breadcrumb"},"inLanguage":"et","potentialAction":[{"@type":"ReadAction","target":["https:\/\/www.silverflame.eu\/product\/biofireplace-bora\/"]}]},{"@type":"ImageObject","inLanguage":"et","@id":"https:\/\/www.silverflame.eu\/product\/biofireplace-bora\/#primaryimage","url":"https:\/\/www.silverflame.eu\/wp-content\/uploads\/2024\/01\/BORA-marmurowy-scaled.jpg","contentUrl":"https:\/\/www.silverflame.eu\/wp-content\/uploads\/2024\/01\/BORA-marmurowy-scaled.jpg","width":2560,"height":2560,"caption":"Biofireplace BORA marmurowy"},{"@type":"BreadcrumbList","@id":"https:\/\/www.silverflame.eu\/product\/biofireplace-bora\/#breadcrumb","itemListElement":[{"@type":"ListItem","position":1,"name":"Home page","item":"https:\/\/www.silverflame.eu\/ru\/"},{"@type":"ListItem","position":2,"name":"Shop","item":"https:\/\/www.silverflame.eu\/ru\/shop\/"},{"@type":"ListItem","position":3,"name":"Biofireplace \u00ab\u200eBora\u00bb + Full set"}]},{"@type":"WebSite","@id":"https:\/\/www.silverflame.eu\/ru\/#website","url":"https:\/\/www.silverflame.eu\/ru\/","name":"SilverFlame","description":"Biofireplaces | biokaminad | biotakat | bioeldst\u00e4der","publisher":{"@id":"https:\/\/www.silverflame.eu\/ru\/#organization"},"potentialAction":[{"@type":"SearchAction","target":{"@type":"EntryPoint","urlTemplate":"https:\/\/www.silverflame.eu\/ru\/?s={search_term_string}"},"query-input":{"@type":"PropertyValueSpecification","valueRequired":true,"valueName":"search_term_string"}}],"inLanguage":"et"},{"@type":"Organization","@id":"https:\/\/www.silverflame.eu\/ru\/#organization","name":"Silsev O\u00dc","url":"https:\/\/www.silverflame.eu\/ru\/","logo":{"@type":"ImageObject","inLanguage":"et","@id":"https:\/\/www.silverflame.eu\/ru\/#\/schema\/logo\/image\/","url":"http:\/\/www.silverflame.eu\/wp-content\/uploads\/2021\/11\/SilverFlame_Biofireplaces-shop-in-EU_Big-logo.png","contentUrl":"http:\/\/www.silverflame.eu\/wp-content\/uploads\/2021\/11\/SilverFlame_Biofireplaces-shop-in-EU_Big-logo.png","width":349,"height":478,"caption":"Silsev O\u00dc"},"image":{"@id":"https:\/\/www.silverflame.eu\/ru\/#\/schema\/logo\/image\/"},"sameAs":["https:\/\/www.facebook.com\/SilverFlameEurope","https:\/\/www.instagram.com\/silverflame.eu\/","https:\/\/www.youtube.com\/@SilverFlame-Biofireplaces"],"description":"Welcome to our online store, your one-stop destination for high-quality bioethanol fireplaces, gas heaters, infrared heaters, pop-up tents, patio umbrellas, and more. We specialize in delivering eco-friendly heating solutions and outdoor living products across Europe. Our selection is designed for comfort, style, and sustainability, ensuring that your home and outdoor spaces are both cozy and modern. Enjoy fast shipping, competitive prices, and exceptional customer service with every purchase.","email":"info@silverflame.eu","legalName":"Silsev O\u00dc","publishingPrinciples":"https:\/\/www.silverflame.eu\/ru\/about-us\/"}]}},"_links":{"self":[{"href":"https:\/\/www.silverflame.eu\/et\/wp-json\/wp\/v2\/product\/4623","targetHints":{"allow":["GET"]}}],"collection":[{"href":"https:\/\/www.silverflame.eu\/et\/wp-json\/wp\/v2\/product"}],"about":[{"href":"https:\/\/www.silverflame.eu\/et\/wp-json\/wp\/v2\/types\/product"}],"wp:featuredmedia":[{"embeddable":true,"href":"https:\/\/www.silverflame.eu\/et\/wp-json\/wp\/v2\/media\/4629"}],"wp:attachment":[{"href":"https:\/\/www.silverflame.eu\/et\/wp-json\/wp\/v2\/media?parent=4623"}],"wp:term":[{"taxonomy":"product_brand","embeddable":true,"href":"https:\/\/www.silverflame.eu\/et\/wp-json\/wp\/v2\/product_brand?post=4623"},{"taxonomy":"product_cat","embeddable":true,"href":"https:\/\/www.silverflame.eu\/et\/wp-json\/wp\/v2\/product_cat?post=4623"},{"taxonomy":"product_tag","embeddable":true,"href":"https:\/\/www.silverflame.eu\/et\/wp-json\/wp\/v2\/product_tag?post=4623"}],"curies":[{"name":"wp","href":"https:\/\/api.w.org\/{rel}","templated":true}]}}