{"id":4901,"date":"2024-02-25T09:43:05","date_gmt":"2024-02-25T07:43:05","guid":{"rendered":"http:\/\/www.silverflame.eu\/?post_type=product&#038;p=4901"},"modified":"2024-08-20T21:15:19","modified_gmt":"2024-08-20T18:15:19","slug":"fire-pit-basket","status":"publish","type":"product","link":"https:\/\/www.silverflame.eu\/et\/toode\/fire-pit-basket\/","title":{"rendered":"L\u00f5kkealus \u00abBASKET\u00bb"},"content":{"rendered":"<h5><strong>Toote kohta:<\/strong><\/h5>\n<p><strong>L\u00f5kkealus \u00abBASKET\u00bb<\/strong> sobib suurep\u00e4raselt l\u00f5kke tegemiseks, ilma aias lisaruumi korraldamata. Kaasaskantavuse v\u00f5imalus v\u00f5imaldab teil seda kaasa v\u00f5tta n\u00e4dalavahetuse v\u00e4ljas\u00f5idule s\u00f5prade v\u00f5i perega. Lihtne konstruktsioon tagab individuaalsete elementide lihtsa monteerimise ja puhastamise. Lai valik disainilahendusi v\u00f5imaldab valida iga\u00fchele sobiva mudeli ja suuruse.<\/p>\n<p>&nbsp;<\/p>\n<h5><strong>Ohutu kasutamine:<\/strong><\/h5>\n<p>L\u00f5kkealus on ideaalne lahendus k\u00f5igile, kes hindavad tule s\u00fc\u00fctamisel ohutust.<strong> L\u00f5kkealus \u00abBASKET\u00bb<\/strong>\u00a0v\u00f5ib olla praktiline koht tule s\u00fc\u00fctamiseks, kaasaskantav grill, soojusallikas ja stiilne valgustus.<\/p>\n<p>&nbsp;<\/p>\n<h5><strong>Kvaliteedi ja ohutuse garantii:<\/strong><\/h5>\n<p>Terase paksus: 3.0 mm<\/p>\n<p>Aia l\u00f5kkealus on valmistatud kvaliteetsetest materjalidest. Tootmisprotsess viiakse l\u00e4bi maailma standardite kohaselt. Soovitame kasutada kuiva puitu ja looduslikku s\u00fc\u00fctamist.<\/p>\n<p>&nbsp;<\/p>\n<h5><strong>Aksessuaarid:<\/strong><\/h5>\n<p>Samuti saate valida m\u00f5ned elegantsed ja kaunid lisatarvikud, mis muudavad teie l\u00f5kkealuse veelgi atraktiivsemaks.<a href=\"http:\/\/www.silverflame.eu\/et\/tootekategooria\/accessories\/\">\u00a0<a href=\"http:\/\/www.silverflame.eu\/et\/tootekategooria\/accessories\/\" target=\"_self\"> Vaata k\u00f5iki tarvikuid.<\/a><\/a><\/p>\n<p>&nbsp;<\/p>\n<p><strong><em>Loe meie toodete kohta veel palju huvitavaid fakte <a href=\"http:\/\/www.silverflame.eu\/et\/blog\/\">blogist!<\/a><\/em><\/strong><\/p>","protected":false},"excerpt":{"rendered":"<table dir=\"ltr\" style=\"height: 181px;\" border=\"1\" width=\"312\" cellspacing=\"0\" cellpadding=\"0\" data-sheets-root=\"1\">\n<colgroup>\n<col width=\"188\" \/>\n<col width=\"100\" \/><\/colgroup>\n<tbody>\n<tr>\n<td data-sheets-value=\"{&quot;1&quot;:2,&quot;2&quot;:&quot;Weight (kg)&quot;}\">Kaal (kg)<\/td>\n<td data-sheets-value=\"{&quot;1&quot;:3,&quot;3&quot;:14.4}\">14,4<\/td>\n<\/tr>\n<tr>\n<td data-sheets-value=\"{&quot;1&quot;:2,&quot;2&quot;:&quot;Height (cm)&quot;}\">K\u00f5rgus (cm)<\/td>\n<td data-sheets-value=\"{&quot;1&quot;:3,&quot;3&quot;:50}\">50<\/td>\n<\/tr>\n<tr>\n<td data-sheets-value=\"{&quot;1&quot;:2,&quot;2&quot;:&quot;Width (cm)&quot;}\">Laius (cm)<\/td>\n<td data-sheets-value=\"{&quot;1&quot;:3,&quot;3&quot;:55}\">55<\/td>\n<\/tr>\n<tr>\n<td data-sheets-value=\"{&quot;1&quot;:2,&quot;2&quot;:&quot;Depth (cm)&quot;}\">S\u00fcgavus (cm)<\/td>\n<td data-sheets-value=\"{&quot;1&quot;:3,&quot;3&quot;:55}\">55<\/td>\n<\/tr>\n<tr>\n<td data-sheets-value=\"{&quot;1&quot;:2,&quot;2&quot;:&quot;Steel thickness (mm)&quot;}\">Terase paksus (mm)<\/td>\n<td data-sheets-value=\"{&quot;1&quot;:3,&quot;3&quot;:3}\">3<\/td>\n<\/tr>\n<tr>\n<td data-sheets-value=\"{&quot;1&quot;:2,&quot;2&quot;:&quot;Shipping time&quot;}\">Tarne aeg<\/td>\n<td data-sheets-value=\"{&quot;1&quot;:2,&quot;2&quot;:&quot;10-20 days&quot;}\">10-20 p\u00e4eva<\/td>\n<\/tr>\n<\/tbody>\n<\/table>","protected":false},"featured_media":4913,"template":"","meta":{"_monsterinsights_skip_tracking":false,"_monsterinsights_sitenote_active":false,"_monsterinsights_sitenote_note":"","_monsterinsights_sitenote_category":0},"product_brand":[],"product_cat":[164],"product_tag":[],"class_list":{"0":"post-4901","1":"product","2":"type-product","3":"status-publish","4":"has-post-thumbnail","6":"product_cat-fire-pits","7":"product_shipping_class-delivery-in-a-parcel","8":"aux-has-gallery","10":"first","11":"instock","12":"sale","13":"taxable","14":"shipping-taxable","15":"purchasable","16":"product-type-simple"},"yoast_head":"<!-- This site is optimized with the Yoast SEO Premium plugin v24.1 (Yoast SEO v27.3) - https:\/\/yoast.com\/product\/yoast-seo-premium-wordpress\/ -->\n<title>Fire Pit \u00abBASKET\u00bb | SilverFlame<\/title>\n<meta name=\"description\" content=\"Fire Pit \u00abBASKET\u00bb is a perfect for a bonfire, without arranging additional space in the garden. The possibility of portability makes it possible to take ...\" \/>\n<meta name=\"robots\" content=\"index, follow, max-snippet:-1, max-image-preview:large, max-video-preview:-1\" \/>\n<link rel=\"canonical\" href=\"https:\/\/www.silverflame.eu\/et\/produkt\/fire-pit-basket\/\" \/>\n<meta property=\"og:locale\" content=\"et_EE\" \/>\n<meta property=\"og:type\" content=\"article\" \/>\n<meta property=\"og:title\" content=\"Fire Pit \u00abBASKET\u00bb\" \/>\n<meta property=\"og:description\" content=\"Fire Pit \u00abBASKET\u00bb is a perfect for a bonfire, without arranging additional space in the garden. The possibility of portability makes it possible to take ...\" \/>\n<meta property=\"og:url\" content=\"https:\/\/www.silverflame.eu\/et\/produkt\/fire-pit-basket\/\" \/>\n<meta property=\"og:site_name\" content=\"SilverFlame\" \/>\n<meta property=\"article:publisher\" content=\"https:\/\/www.facebook.com\/SilverFlameEurope\" \/>\n<meta property=\"article:modified_time\" content=\"2024-08-20T18:15:19+00:00\" \/>\n<meta property=\"og:image\" content=\"https:\/\/www.silverflame.eu\/wp-content\/uploads\/2024\/02\/silverflame-fire-pit-basket-0.png\" \/>\n\t<meta property=\"og:image:width\" content=\"600\" \/>\n\t<meta property=\"og:image:height\" content=\"600\" \/>\n\t<meta property=\"og:image:type\" content=\"image\/png\" \/>\n<meta name=\"twitter:card\" content=\"summary_large_image\" \/>\n<meta name=\"twitter:label1\" content=\"Est. reading time\" \/>\n\t<meta name=\"twitter:data1\" content=\"1 minut\" \/>\n<script type=\"application\/ld+json\" class=\"yoast-schema-graph\">{\"@context\":\"https:\\\/\\\/schema.org\",\"@graph\":[{\"@type\":\"WebPage\",\"@id\":\"https:\\\/\\\/www.silverflame.eu\\\/sv\\\/produkt\\\/fire-pit-basket\\\/\",\"url\":\"https:\\\/\\\/www.silverflame.eu\\\/sv\\\/produkt\\\/fire-pit-basket\\\/\",\"name\":\"Fire Pit \u00abBASKET\u00bb | SilverFlame\",\"isPartOf\":{\"@id\":\"https:\\\/\\\/www.silverflame.eu\\\/ru\\\/#website\"},\"primaryImageOfPage\":{\"@id\":\"https:\\\/\\\/www.silverflame.eu\\\/sv\\\/produkt\\\/fire-pit-basket\\\/#primaryimage\"},\"image\":{\"@id\":\"https:\\\/\\\/www.silverflame.eu\\\/sv\\\/produkt\\\/fire-pit-basket\\\/#primaryimage\"},\"thumbnailUrl\":\"https:\\\/\\\/www.silverflame.eu\\\/wp-content\\\/uploads\\\/2024\\\/02\\\/silverflame-fire-pit-basket-0.png\",\"datePublished\":\"2024-02-25T07:43:05+00:00\",\"dateModified\":\"2024-08-20T18:15:19+00:00\",\"description\":\"Fire Pit \u00abBASKET\u00bb is a perfect for a bonfire, without arranging additional space in the garden. The possibility of portability makes it possible to take ...\",\"breadcrumb\":{\"@id\":\"https:\\\/\\\/www.silverflame.eu\\\/sv\\\/produkt\\\/fire-pit-basket\\\/#breadcrumb\"},\"inLanguage\":\"et\",\"potentialAction\":[{\"@type\":\"ReadAction\",\"target\":[\"https:\\\/\\\/www.silverflame.eu\\\/sv\\\/produkt\\\/fire-pit-basket\\\/\"]}]},{\"@type\":\"ImageObject\",\"inLanguage\":\"et\",\"@id\":\"https:\\\/\\\/www.silverflame.eu\\\/sv\\\/produkt\\\/fire-pit-basket\\\/#primaryimage\",\"url\":\"https:\\\/\\\/www.silverflame.eu\\\/wp-content\\\/uploads\\\/2024\\\/02\\\/silverflame-fire-pit-basket-0.png\",\"contentUrl\":\"https:\\\/\\\/www.silverflame.eu\\\/wp-content\\\/uploads\\\/2024\\\/02\\\/silverflame-fire-pit-basket-0.png\",\"width\":600,\"height\":600,\"caption\":\"silverflame-fire-pit-basket-0\"},{\"@type\":\"BreadcrumbList\",\"@id\":\"https:\\\/\\\/www.silverflame.eu\\\/sv\\\/produkt\\\/fire-pit-basket\\\/#breadcrumb\",\"itemListElement\":[{\"@type\":\"ListItem\",\"position\":1,\"name\":\"Home page\",\"item\":\"https:\\\/\\\/www.silverflame.eu\\\/ru\\\/\"},{\"@type\":\"ListItem\",\"position\":2,\"name\":\"Shop\",\"item\":\"https:\\\/\\\/www.silverflame.eu\\\/ru\\\/shop\\\/\"},{\"@type\":\"ListItem\",\"position\":3,\"name\":\"Fire Pit \u00abBASKET\u00bb\"}]},{\"@type\":\"WebSite\",\"@id\":\"https:\\\/\\\/www.silverflame.eu\\\/ru\\\/#website\",\"url\":\"https:\\\/\\\/www.silverflame.eu\\\/ru\\\/\",\"name\":\"SilverFlame\",\"description\":\"Biofireplaces | biokaminad | biotakat | bioeldst\u00e4der\",\"publisher\":{\"@id\":\"https:\\\/\\\/www.silverflame.eu\\\/ru\\\/#organization\"},\"potentialAction\":[{\"@type\":\"SearchAction\",\"target\":{\"@type\":\"EntryPoint\",\"urlTemplate\":\"https:\\\/\\\/www.silverflame.eu\\\/ru\\\/?s={search_term_string}\"},\"query-input\":{\"@type\":\"PropertyValueSpecification\",\"valueRequired\":true,\"valueName\":\"search_term_string\"}}],\"inLanguage\":\"et\"},{\"@type\":\"Organization\",\"@id\":\"https:\\\/\\\/www.silverflame.eu\\\/ru\\\/#organization\",\"name\":\"Silsev O\u00dc\",\"url\":\"https:\\\/\\\/www.silverflame.eu\\\/ru\\\/\",\"logo\":{\"@type\":\"ImageObject\",\"inLanguage\":\"et\",\"@id\":\"https:\\\/\\\/www.silverflame.eu\\\/ru\\\/#\\\/schema\\\/logo\\\/image\\\/\",\"url\":\"http:\\\/\\\/www.silverflame.eu\\\/wp-content\\\/uploads\\\/2021\\\/11\\\/SilverFlame_Biofireplaces-shop-in-EU_Big-logo.png\",\"contentUrl\":\"http:\\\/\\\/www.silverflame.eu\\\/wp-content\\\/uploads\\\/2021\\\/11\\\/SilverFlame_Biofireplaces-shop-in-EU_Big-logo.png\",\"width\":349,\"height\":478,\"caption\":\"Silsev O\u00dc\"},\"image\":{\"@id\":\"https:\\\/\\\/www.silverflame.eu\\\/ru\\\/#\\\/schema\\\/logo\\\/image\\\/\"},\"sameAs\":[\"https:\\\/\\\/www.facebook.com\\\/SilverFlameEurope\",\"https:\\\/\\\/www.instagram.com\\\/silverflame.eu\\\/\",\"https:\\\/\\\/www.youtube.com\\\/@SilverFlame-Biofireplaces\"],\"description\":\"Welcome to our online store, your one-stop destination for high-quality bioethanol fireplaces, gas heaters, infrared heaters, pop-up tents, patio umbrellas, and more. We specialize in delivering eco-friendly heating solutions and outdoor living products across Europe. Our selection is designed for comfort, style, and sustainability, ensuring that your home and outdoor spaces are both cozy and modern. Enjoy fast shipping, competitive prices, and exceptional customer service with every purchase.\",\"email\":\"info@silverflame.eu\",\"legalName\":\"Silsev O\u00dc\",\"publishingPrinciples\":\"https:\\\/\\\/www.silverflame.eu\\\/ru\\\/about-us\\\/\"}]}<\/script>\n<!-- \/ Yoast SEO Premium plugin. -->","yoast_head_json":{"title":"Fire Pit \u00abBASKET\u00bb | SilverFlame","description":"Fire Pit \u00abBASKET\u00bb is a perfect for a bonfire, without arranging additional space in the garden. The possibility of portability makes it possible to take ...","robots":{"index":"index","follow":"follow","max-snippet":"max-snippet:-1","max-image-preview":"max-image-preview:large","max-video-preview":"max-video-preview:-1"},"canonical":"https:\/\/www.silverflame.eu\/et\/produkt\/fire-pit-basket\/","og_locale":"et_EE","og_type":"article","og_title":"Fire Pit \u00abBASKET\u00bb","og_description":"Fire Pit \u00abBASKET\u00bb is a perfect for a bonfire, without arranging additional space in the garden. The possibility of portability makes it possible to take ...","og_url":"https:\/\/www.silverflame.eu\/et\/produkt\/fire-pit-basket\/","og_site_name":"SilverFlame","article_publisher":"https:\/\/www.facebook.com\/SilverFlameEurope","article_modified_time":"2024-08-20T18:15:19+00:00","og_image":[{"width":600,"height":600,"url":"https:\/\/www.silverflame.eu\/wp-content\/uploads\/2024\/02\/silverflame-fire-pit-basket-0.png","type":"image\/png"}],"twitter_card":"summary_large_image","twitter_misc":{"Est. reading time":"1 minut"},"schema":{"@context":"https:\/\/schema.org","@graph":[{"@type":"WebPage","@id":"https:\/\/www.silverflame.eu\/sv\/produkt\/fire-pit-basket\/","url":"https:\/\/www.silverflame.eu\/sv\/produkt\/fire-pit-basket\/","name":"Fire Pit \u00abBASKET\u00bb | SilverFlame","isPartOf":{"@id":"https:\/\/www.silverflame.eu\/ru\/#website"},"primaryImageOfPage":{"@id":"https:\/\/www.silverflame.eu\/sv\/produkt\/fire-pit-basket\/#primaryimage"},"image":{"@id":"https:\/\/www.silverflame.eu\/sv\/produkt\/fire-pit-basket\/#primaryimage"},"thumbnailUrl":"https:\/\/www.silverflame.eu\/wp-content\/uploads\/2024\/02\/silverflame-fire-pit-basket-0.png","datePublished":"2024-02-25T07:43:05+00:00","dateModified":"2024-08-20T18:15:19+00:00","description":"Fire Pit \u00abBASKET\u00bb is a perfect for a bonfire, without arranging additional space in the garden. The possibility of portability makes it possible to take ...","breadcrumb":{"@id":"https:\/\/www.silverflame.eu\/sv\/produkt\/fire-pit-basket\/#breadcrumb"},"inLanguage":"et","potentialAction":[{"@type":"ReadAction","target":["https:\/\/www.silverflame.eu\/sv\/produkt\/fire-pit-basket\/"]}]},{"@type":"ImageObject","inLanguage":"et","@id":"https:\/\/www.silverflame.eu\/sv\/produkt\/fire-pit-basket\/#primaryimage","url":"https:\/\/www.silverflame.eu\/wp-content\/uploads\/2024\/02\/silverflame-fire-pit-basket-0.png","contentUrl":"https:\/\/www.silverflame.eu\/wp-content\/uploads\/2024\/02\/silverflame-fire-pit-basket-0.png","width":600,"height":600,"caption":"silverflame-fire-pit-basket-0"},{"@type":"BreadcrumbList","@id":"https:\/\/www.silverflame.eu\/sv\/produkt\/fire-pit-basket\/#breadcrumb","itemListElement":[{"@type":"ListItem","position":1,"name":"Home page","item":"https:\/\/www.silverflame.eu\/ru\/"},{"@type":"ListItem","position":2,"name":"Shop","item":"https:\/\/www.silverflame.eu\/ru\/shop\/"},{"@type":"ListItem","position":3,"name":"Fire Pit \u00abBASKET\u00bb"}]},{"@type":"WebSite","@id":"https:\/\/www.silverflame.eu\/ru\/#website","url":"https:\/\/www.silverflame.eu\/ru\/","name":"SilverFlame","description":"Biofireplaces | biokaminad | biotakat | bioeldst\u00e4der","publisher":{"@id":"https:\/\/www.silverflame.eu\/ru\/#organization"},"potentialAction":[{"@type":"SearchAction","target":{"@type":"EntryPoint","urlTemplate":"https:\/\/www.silverflame.eu\/ru\/?s={search_term_string}"},"query-input":{"@type":"PropertyValueSpecification","valueRequired":true,"valueName":"search_term_string"}}],"inLanguage":"et"},{"@type":"Organization","@id":"https:\/\/www.silverflame.eu\/ru\/#organization","name":"Silsev O\u00dc","url":"https:\/\/www.silverflame.eu\/ru\/","logo":{"@type":"ImageObject","inLanguage":"et","@id":"https:\/\/www.silverflame.eu\/ru\/#\/schema\/logo\/image\/","url":"http:\/\/www.silverflame.eu\/wp-content\/uploads\/2021\/11\/SilverFlame_Biofireplaces-shop-in-EU_Big-logo.png","contentUrl":"http:\/\/www.silverflame.eu\/wp-content\/uploads\/2021\/11\/SilverFlame_Biofireplaces-shop-in-EU_Big-logo.png","width":349,"height":478,"caption":"Silsev O\u00dc"},"image":{"@id":"https:\/\/www.silverflame.eu\/ru\/#\/schema\/logo\/image\/"},"sameAs":["https:\/\/www.facebook.com\/SilverFlameEurope","https:\/\/www.instagram.com\/silverflame.eu\/","https:\/\/www.youtube.com\/@SilverFlame-Biofireplaces"],"description":"Welcome to our online store, your one-stop destination for high-quality bioethanol fireplaces, gas heaters, infrared heaters, pop-up tents, patio umbrellas, and more. We specialize in delivering eco-friendly heating solutions and outdoor living products across Europe. Our selection is designed for comfort, style, and sustainability, ensuring that your home and outdoor spaces are both cozy and modern. Enjoy fast shipping, competitive prices, and exceptional customer service with every purchase.","email":"info@silverflame.eu","legalName":"Silsev O\u00dc","publishingPrinciples":"https:\/\/www.silverflame.eu\/ru\/about-us\/"}]}},"_links":{"self":[{"href":"https:\/\/www.silverflame.eu\/et\/wp-json\/wp\/v2\/product\/4901","targetHints":{"allow":["GET"]}}],"collection":[{"href":"https:\/\/www.silverflame.eu\/et\/wp-json\/wp\/v2\/product"}],"about":[{"href":"https:\/\/www.silverflame.eu\/et\/wp-json\/wp\/v2\/types\/product"}],"wp:featuredmedia":[{"embeddable":true,"href":"https:\/\/www.silverflame.eu\/et\/wp-json\/wp\/v2\/media\/4913"}],"wp:attachment":[{"href":"https:\/\/www.silverflame.eu\/et\/wp-json\/wp\/v2\/media?parent=4901"}],"wp:term":[{"taxonomy":"product_brand","embeddable":true,"href":"https:\/\/www.silverflame.eu\/et\/wp-json\/wp\/v2\/product_brand?post=4901"},{"taxonomy":"product_cat","embeddable":true,"href":"https:\/\/www.silverflame.eu\/et\/wp-json\/wp\/v2\/product_cat?post=4901"},{"taxonomy":"product_tag","embeddable":true,"href":"https:\/\/www.silverflame.eu\/et\/wp-json\/wp\/v2\/product_tag?post=4901"}],"curies":[{"name":"wp","href":"https:\/\/api.w.org\/{rel}","templated":true}]}}