{"id":5028,"date":"2024-03-03T21:34:40","date_gmt":"2024-03-03T19:34:40","guid":{"rendered":"http:\/\/www.silverflame.eu\/?post_type=product&#038;p=5028"},"modified":"2024-08-21T04:04:09","modified_gmt":"2024-08-21T01:04:09","slug":"quadrum-bbq-grill-vertical","status":"publish","type":"product","link":"https:\/\/www.silverflame.eu\/et\/toode\/quadrum-bbq-grill-vertical\/","title":{"rendered":"QUADRUM BBQ grill (Vertikaalne)"},"content":{"rendered":"<h5><strong>Toote kohta:<\/strong><\/h5>\n<p><strong>QUADRUM BBQ grill (Vertikaalne)<\/strong> on kvaliteetne ja professionaalne aia grill koos puiduk\u00fcttel kaminaga. See \u00fchendab k\u00f5ik \u00fches. Varustatud terasrestiga, k\u00e4ep\u00e4raste hoiukambritega t\u00f6\u00f6riistade ja maitseainete jaoks ning praktilise ja mahuka puidu s\u00fcvendiga. QUADRUM pole mitte ainult kaasaegne aia grill, vaid ka t\u00e4ielikult varustatud v\u00e4lisk\u00f6\u00f6k.<br \/>\nSee sobib suurep\u00e4raselt ka aiakaminana \u2013 t\u00f5hus soojusallikas k\u00fclmadel \u00f5htutel, aga ka stiilne ja loomulik viis aia valgustamiseks.<\/p>\n<p>&nbsp;<\/p>\n<h5><strong>Mugav kasutamine:<\/strong><\/h5>\n<p>Kas m\u00e4letate probleeme grilli puhastamisega? QUADRUMiga saate need unustada. Spetsiaalselt profileeritud k\u00fctteplaat v\u00f5imaldab mustusel voolata tulekolle. Kasutamise j\u00e4rel puhastage j\u00e4\u00e4gid lihtsalt spaatliga ja seej\u00e4rel p\u00fchkige niiske lapiga. Terasest konstruktsioon pole mitte ainult silmale atraktiivne, vaid ka vastupidav. T\u00e4nu sellele saab kaminat kasutada aastaringselt!<\/p>\n<p>&nbsp;<\/p>\n<h5><strong>Uus s\u00f5na grillimises:<\/strong><\/h5>\n<p>QUADRUM aiagrill v\u00f5imaldab teil valmistada suurep\u00e4raseid roogasid mugavates tingimustes. Varustatud terasest restiga, mis v\u00f5imaldab traditsioonilist grillimist. Puuk\u00fcttega tulekolde \u00fcmber olev plaat v\u00f5imaldab mitte ainult grillimist, vaid ka keetmist, praadimist ja kuumutamist. Takistab toidu p\u00f5letamist ja kuivamist. Siin valmistatud toidud ei puutu otseselt kokku suitsu ega tulega. Toidu valmistamine looduslikul lehtpuup\u00f5letusel grillil tagab, et road on tervislikud ja omavad unikaalset aroomi.<\/p>\n<p>QUADRUM ei ole ainult eksklusiivne grill, kus saate valmistada tervislikke toite. See on ruumi originaalne kaunistus, mis annab sellele erilise iseloomu. See on ajaveetmisviis, mis tagab, et hetked l\u00e4hedastega muutuvad unustamatuks.<\/p>\n<p>&nbsp;<\/p>\n<h5><strong>QUADRUM aiagrill:<\/strong><\/h5>\n<p>\u2013 grillimine, toiduvalmistamine, praadimine, k\u00fctmine<br \/>\n\u2013 p\u00f5hjalik aia k\u00f6\u00f6k<br \/>\n\u2013 ideaalselt valmistatud ja tervislikud road grillitud ilma suitsu ja tulega kokkupuutumata<br \/>\n\u2013 k\u00f5ik \u00fches: toiduvalmistamine, soojusallikas, ruumi valgustamine<br \/>\n\u2013 looduslik soojus puidust<br \/>\n\u2013 kasutamine aastaringselt<br \/>\n\u2013 vastupidav terasrest ja kamin<br \/>\n\u2013 funktsionaalsus ja professionaalsus<br \/>\n\u2013 ideaalne nii erakasutuseks kui ka \u00e4riruumides<br \/>\n\u2013 praktiline lahendus<br \/>\n\u2013 kasutamise ja puhastamise lihtsus<br \/>\n\u2013 kaasaegne stiil<br \/>\n\u2013 unikaalne kaunistus<br \/>\n\u2013 v\u00f5imalus veeta aega pere ja s\u00f5pradega<\/p>\n<p>&nbsp;<\/p>\n<p><span style=\"color: #ffffff;\">QUADRUM BBQ grill vertical<\/span><\/p>\n<p><strong><em>Loe meie toodete kohta veel palju huvitavaid fakte <a href=\"http:\/\/www.silverflame.eu\/et\/blog\/\">blogist!<\/a><\/em><\/strong><\/p>","protected":false},"excerpt":{"rendered":"<table dir=\"ltr\" border=\"1\" cellspacing=\"0\" cellpadding=\"0\" data-sheets-root=\"1\">\n<colgroup>\n<col width=\"188\" \/>\n<col width=\"100\" \/><\/colgroup>\n<tbody>\n<tr>\n<td data-sheets-value=\"{&quot;1&quot;:2,&quot;2&quot;:&quot;Weight (kg)&quot;}\">Kaal (kg)<\/td>\n<td data-sheets-value=\"{&quot;1&quot;:3,&quot;3&quot;:14.4}\">138,7<\/td>\n<\/tr>\n<tr>\n<td data-sheets-value=\"{&quot;1&quot;:2,&quot;2&quot;:&quot;Height (cm)&quot;}\">K\u00f5rgus (cm)<\/td>\n<td data-sheets-value=\"{&quot;1&quot;:3,&quot;3&quot;:50}\">115,4<\/td>\n<\/tr>\n<tr>\n<td data-sheets-value=\"{&quot;1&quot;:2,&quot;2&quot;:&quot;Width (cm)&quot;}\">Laius (cm)<\/td>\n<td data-sheets-value=\"{&quot;1&quot;:3,&quot;3&quot;:55}\">77,4<\/td>\n<\/tr>\n<tr>\n<td data-sheets-value=\"{&quot;1&quot;:2,&quot;2&quot;:&quot;Depth (cm)&quot;}\">S\u00fcgavus (cm)<\/td>\n<td data-sheets-value=\"{&quot;1&quot;:3,&quot;3&quot;:55}\">77,4<\/td>\n<\/tr>\n<tr>\n<td data-sheets-value=\"{&quot;1&quot;:2,&quot;2&quot;:&quot;Shipping time&quot;}\">Tarne aeg<\/td>\n<td data-sheets-value=\"{&quot;1&quot;:2,&quot;2&quot;:&quot;10-20 days&quot;}\">10-20 p\u00e4eva<\/td>\n<\/tr>\n<\/tbody>\n<\/table>\n<p>&nbsp;<\/p>","protected":false},"featured_media":5029,"template":"","meta":{"_monsterinsights_skip_tracking":false,"_monsterinsights_sitenote_active":false,"_monsterinsights_sitenote_note":"","_monsterinsights_sitenote_category":0},"product_brand":[],"product_cat":[165],"product_tag":[],"class_list":{"0":"post-5028","1":"product","2":"type-product","3":"status-publish","4":"has-post-thumbnail","6":"product_cat-bbq-grills","7":"product_shipping_class-delivery-on-a-pallet","8":"aux-has-gallery","10":"first","11":"instock","12":"sale","13":"taxable","14":"shipping-taxable","15":"purchasable","16":"product-type-simple"},"yoast_head":"<!-- This site is optimized with the Yoast SEO Premium plugin v24.1 (Yoast SEO v27.4) - https:\/\/yoast.com\/product\/yoast-seo-premium-wordpress\/ -->\n<title>QUADRUM BBQ grill (Vertical) | SilverFlame<\/title>\n<meta name=\"description\" content=\"QUADRUM BBQ grill (Vertical) is a high-quality, professional garden grill with a wood-burning fireplace. It combines everything in one. Equipped with a...\" \/>\n<meta name=\"robots\" content=\"index, follow, max-snippet:-1, max-image-preview:large, max-video-preview:-1\" \/>\n<link rel=\"canonical\" href=\"https:\/\/www.silverflame.eu\/et\/tuote\/quadrum-bbq-grill-vertical\/\" \/>\n<meta property=\"og:locale\" content=\"et_EE\" \/>\n<meta property=\"og:type\" content=\"article\" \/>\n<meta property=\"og:title\" content=\"QUADRUM BBQ grill (Vertical)\" \/>\n<meta property=\"og:description\" content=\"QUADRUM BBQ grill (Vertical) is a high-quality, professional garden grill with a wood-burning fireplace. It combines everything in one. Equipped with a...\" \/>\n<meta property=\"og:url\" content=\"https:\/\/www.silverflame.eu\/et\/tuote\/quadrum-bbq-grill-vertical\/\" \/>\n<meta property=\"og:site_name\" content=\"SilverFlame\" \/>\n<meta property=\"article:publisher\" content=\"https:\/\/www.facebook.com\/SilverFlameEurope\" \/>\n<meta property=\"article:modified_time\" content=\"2024-08-21T01:04:09+00:00\" \/>\n<meta property=\"og:image\" content=\"https:\/\/www.silverflame.eu\/wp-content\/uploads\/2024\/03\/silverflame-quadrum-bbq-vertical.png\" \/>\n\t<meta property=\"og:image:width\" content=\"600\" \/>\n\t<meta property=\"og:image:height\" content=\"600\" \/>\n\t<meta property=\"og:image:type\" content=\"image\/png\" \/>\n<meta name=\"twitter:card\" content=\"summary_large_image\" \/>\n<meta name=\"twitter:label1\" content=\"Est. reading time\" \/>\n\t<meta name=\"twitter:data1\" content=\"2 minutit\" \/>\n<script type=\"application\/ld+json\" class=\"yoast-schema-graph\">{\"@context\":\"https:\\\/\\\/schema.org\",\"@graph\":[{\"@type\":\"WebPage\",\"@id\":\"https:\\\/\\\/www.silverflame.eu\\\/fi\\\/tuote\\\/quadrum-bbq-grill-vertical\\\/\",\"url\":\"https:\\\/\\\/www.silverflame.eu\\\/fi\\\/tuote\\\/quadrum-bbq-grill-vertical\\\/\",\"name\":\"QUADRUM BBQ grill (Vertical) | SilverFlame\",\"isPartOf\":{\"@id\":\"https:\\\/\\\/www.silverflame.eu\\\/ru\\\/#website\"},\"primaryImageOfPage\":{\"@id\":\"https:\\\/\\\/www.silverflame.eu\\\/fi\\\/tuote\\\/quadrum-bbq-grill-vertical\\\/#primaryimage\"},\"image\":{\"@id\":\"https:\\\/\\\/www.silverflame.eu\\\/fi\\\/tuote\\\/quadrum-bbq-grill-vertical\\\/#primaryimage\"},\"thumbnailUrl\":\"https:\\\/\\\/www.silverflame.eu\\\/wp-content\\\/uploads\\\/2024\\\/03\\\/silverflame-quadrum-bbq-vertical.png\",\"datePublished\":\"2024-03-03T19:34:40+00:00\",\"dateModified\":\"2024-08-21T01:04:09+00:00\",\"description\":\"QUADRUM BBQ grill (Vertical) is a high-quality, professional garden grill with a wood-burning fireplace. It combines everything in one. Equipped with a...\",\"breadcrumb\":{\"@id\":\"https:\\\/\\\/www.silverflame.eu\\\/fi\\\/tuote\\\/quadrum-bbq-grill-vertical\\\/#breadcrumb\"},\"inLanguage\":\"et\",\"potentialAction\":[{\"@type\":\"ReadAction\",\"target\":[\"https:\\\/\\\/www.silverflame.eu\\\/fi\\\/tuote\\\/quadrum-bbq-grill-vertical\\\/\"]}]},{\"@type\":\"ImageObject\",\"inLanguage\":\"et\",\"@id\":\"https:\\\/\\\/www.silverflame.eu\\\/fi\\\/tuote\\\/quadrum-bbq-grill-vertical\\\/#primaryimage\",\"url\":\"https:\\\/\\\/www.silverflame.eu\\\/wp-content\\\/uploads\\\/2024\\\/03\\\/silverflame-quadrum-bbq-vertical.png\",\"contentUrl\":\"https:\\\/\\\/www.silverflame.eu\\\/wp-content\\\/uploads\\\/2024\\\/03\\\/silverflame-quadrum-bbq-vertical.png\",\"width\":600,\"height\":600,\"caption\":\"silverflame-quadrum-bbq-vertical\"},{\"@type\":\"BreadcrumbList\",\"@id\":\"https:\\\/\\\/www.silverflame.eu\\\/fi\\\/tuote\\\/quadrum-bbq-grill-vertical\\\/#breadcrumb\",\"itemListElement\":[{\"@type\":\"ListItem\",\"position\":1,\"name\":\"Home page\",\"item\":\"https:\\\/\\\/www.silverflame.eu\\\/ru\\\/\"},{\"@type\":\"ListItem\",\"position\":2,\"name\":\"Shop\",\"item\":\"https:\\\/\\\/www.silverflame.eu\\\/ru\\\/shop\\\/\"},{\"@type\":\"ListItem\",\"position\":3,\"name\":\"QUADRUM BBQ grill (Vertical)\"}]},{\"@type\":\"WebSite\",\"@id\":\"https:\\\/\\\/www.silverflame.eu\\\/ru\\\/#website\",\"url\":\"https:\\\/\\\/www.silverflame.eu\\\/ru\\\/\",\"name\":\"SilverFlame\",\"description\":\"Biofireplaces | biokaminad | biotakat | bioeldst\u00e4der\",\"publisher\":{\"@id\":\"https:\\\/\\\/www.silverflame.eu\\\/ru\\\/#organization\"},\"potentialAction\":[{\"@type\":\"SearchAction\",\"target\":{\"@type\":\"EntryPoint\",\"urlTemplate\":\"https:\\\/\\\/www.silverflame.eu\\\/ru\\\/?s={search_term_string}\"},\"query-input\":{\"@type\":\"PropertyValueSpecification\",\"valueRequired\":true,\"valueName\":\"search_term_string\"}}],\"inLanguage\":\"et\"},{\"@type\":\"Organization\",\"@id\":\"https:\\\/\\\/www.silverflame.eu\\\/ru\\\/#organization\",\"name\":\"Silsev O\u00dc\",\"url\":\"https:\\\/\\\/www.silverflame.eu\\\/ru\\\/\",\"logo\":{\"@type\":\"ImageObject\",\"inLanguage\":\"et\",\"@id\":\"https:\\\/\\\/www.silverflame.eu\\\/ru\\\/#\\\/schema\\\/logo\\\/image\\\/\",\"url\":\"http:\\\/\\\/www.silverflame.eu\\\/wp-content\\\/uploads\\\/2021\\\/11\\\/SilverFlame_Biofireplaces-shop-in-EU_Big-logo.png\",\"contentUrl\":\"http:\\\/\\\/www.silverflame.eu\\\/wp-content\\\/uploads\\\/2021\\\/11\\\/SilverFlame_Biofireplaces-shop-in-EU_Big-logo.png\",\"width\":349,\"height\":478,\"caption\":\"Silsev O\u00dc\"},\"image\":{\"@id\":\"https:\\\/\\\/www.silverflame.eu\\\/ru\\\/#\\\/schema\\\/logo\\\/image\\\/\"},\"sameAs\":[\"https:\\\/\\\/www.facebook.com\\\/SilverFlameEurope\",\"https:\\\/\\\/www.instagram.com\\\/silverflame.eu\\\/\",\"https:\\\/\\\/www.youtube.com\\\/@SilverFlame-Biofireplaces\"],\"description\":\"Welcome to our online store, your one-stop destination for high-quality bioethanol fireplaces, gas heaters, infrared heaters, pop-up tents, patio umbrellas, and more. We specialize in delivering eco-friendly heating solutions and outdoor living products across Europe. Our selection is designed for comfort, style, and sustainability, ensuring that your home and outdoor spaces are both cozy and modern. Enjoy fast shipping, competitive prices, and exceptional customer service with every purchase.\",\"email\":\"info@silverflame.eu\",\"legalName\":\"Silsev O\u00dc\",\"publishingPrinciples\":\"https:\\\/\\\/www.silverflame.eu\\\/ru\\\/about-us\\\/\"}]}<\/script>\n<!-- \/ Yoast SEO Premium plugin. -->","yoast_head_json":{"title":"QUADRUM BBQ grill (Vertical) | SilverFlame","description":"QUADRUM BBQ grill (Vertical) is a high-quality, professional garden grill with a wood-burning fireplace. It combines everything in one. Equipped with a...","robots":{"index":"index","follow":"follow","max-snippet":"max-snippet:-1","max-image-preview":"max-image-preview:large","max-video-preview":"max-video-preview:-1"},"canonical":"https:\/\/www.silverflame.eu\/et\/tuote\/quadrum-bbq-grill-vertical\/","og_locale":"et_EE","og_type":"article","og_title":"QUADRUM BBQ grill (Vertical)","og_description":"QUADRUM BBQ grill (Vertical) is a high-quality, professional garden grill with a wood-burning fireplace. It combines everything in one. Equipped with a...","og_url":"https:\/\/www.silverflame.eu\/et\/tuote\/quadrum-bbq-grill-vertical\/","og_site_name":"SilverFlame","article_publisher":"https:\/\/www.facebook.com\/SilverFlameEurope","article_modified_time":"2024-08-21T01:04:09+00:00","og_image":[{"width":600,"height":600,"url":"https:\/\/www.silverflame.eu\/wp-content\/uploads\/2024\/03\/silverflame-quadrum-bbq-vertical.png","type":"image\/png"}],"twitter_card":"summary_large_image","twitter_misc":{"Est. reading time":"2 minutit"},"schema":{"@context":"https:\/\/schema.org","@graph":[{"@type":"WebPage","@id":"https:\/\/www.silverflame.eu\/fi\/tuote\/quadrum-bbq-grill-vertical\/","url":"https:\/\/www.silverflame.eu\/fi\/tuote\/quadrum-bbq-grill-vertical\/","name":"QUADRUM BBQ grill (Vertical) | SilverFlame","isPartOf":{"@id":"https:\/\/www.silverflame.eu\/ru\/#website"},"primaryImageOfPage":{"@id":"https:\/\/www.silverflame.eu\/fi\/tuote\/quadrum-bbq-grill-vertical\/#primaryimage"},"image":{"@id":"https:\/\/www.silverflame.eu\/fi\/tuote\/quadrum-bbq-grill-vertical\/#primaryimage"},"thumbnailUrl":"https:\/\/www.silverflame.eu\/wp-content\/uploads\/2024\/03\/silverflame-quadrum-bbq-vertical.png","datePublished":"2024-03-03T19:34:40+00:00","dateModified":"2024-08-21T01:04:09+00:00","description":"QUADRUM BBQ grill (Vertical) is a high-quality, professional garden grill with a wood-burning fireplace. It combines everything in one. Equipped with a...","breadcrumb":{"@id":"https:\/\/www.silverflame.eu\/fi\/tuote\/quadrum-bbq-grill-vertical\/#breadcrumb"},"inLanguage":"et","potentialAction":[{"@type":"ReadAction","target":["https:\/\/www.silverflame.eu\/fi\/tuote\/quadrum-bbq-grill-vertical\/"]}]},{"@type":"ImageObject","inLanguage":"et","@id":"https:\/\/www.silverflame.eu\/fi\/tuote\/quadrum-bbq-grill-vertical\/#primaryimage","url":"https:\/\/www.silverflame.eu\/wp-content\/uploads\/2024\/03\/silverflame-quadrum-bbq-vertical.png","contentUrl":"https:\/\/www.silverflame.eu\/wp-content\/uploads\/2024\/03\/silverflame-quadrum-bbq-vertical.png","width":600,"height":600,"caption":"silverflame-quadrum-bbq-vertical"},{"@type":"BreadcrumbList","@id":"https:\/\/www.silverflame.eu\/fi\/tuote\/quadrum-bbq-grill-vertical\/#breadcrumb","itemListElement":[{"@type":"ListItem","position":1,"name":"Home page","item":"https:\/\/www.silverflame.eu\/ru\/"},{"@type":"ListItem","position":2,"name":"Shop","item":"https:\/\/www.silverflame.eu\/ru\/shop\/"},{"@type":"ListItem","position":3,"name":"QUADRUM BBQ grill (Vertical)"}]},{"@type":"WebSite","@id":"https:\/\/www.silverflame.eu\/ru\/#website","url":"https:\/\/www.silverflame.eu\/ru\/","name":"SilverFlame","description":"Biofireplaces | biokaminad | biotakat | bioeldst\u00e4der","publisher":{"@id":"https:\/\/www.silverflame.eu\/ru\/#organization"},"potentialAction":[{"@type":"SearchAction","target":{"@type":"EntryPoint","urlTemplate":"https:\/\/www.silverflame.eu\/ru\/?s={search_term_string}"},"query-input":{"@type":"PropertyValueSpecification","valueRequired":true,"valueName":"search_term_string"}}],"inLanguage":"et"},{"@type":"Organization","@id":"https:\/\/www.silverflame.eu\/ru\/#organization","name":"Silsev O\u00dc","url":"https:\/\/www.silverflame.eu\/ru\/","logo":{"@type":"ImageObject","inLanguage":"et","@id":"https:\/\/www.silverflame.eu\/ru\/#\/schema\/logo\/image\/","url":"http:\/\/www.silverflame.eu\/wp-content\/uploads\/2021\/11\/SilverFlame_Biofireplaces-shop-in-EU_Big-logo.png","contentUrl":"http:\/\/www.silverflame.eu\/wp-content\/uploads\/2021\/11\/SilverFlame_Biofireplaces-shop-in-EU_Big-logo.png","width":349,"height":478,"caption":"Silsev O\u00dc"},"image":{"@id":"https:\/\/www.silverflame.eu\/ru\/#\/schema\/logo\/image\/"},"sameAs":["https:\/\/www.facebook.com\/SilverFlameEurope","https:\/\/www.instagram.com\/silverflame.eu\/","https:\/\/www.youtube.com\/@SilverFlame-Biofireplaces"],"description":"Welcome to our online store, your one-stop destination for high-quality bioethanol fireplaces, gas heaters, infrared heaters, pop-up tents, patio umbrellas, and more. We specialize in delivering eco-friendly heating solutions and outdoor living products across Europe. Our selection is designed for comfort, style, and sustainability, ensuring that your home and outdoor spaces are both cozy and modern. Enjoy fast shipping, competitive prices, and exceptional customer service with every purchase.","email":"info@silverflame.eu","legalName":"Silsev O\u00dc","publishingPrinciples":"https:\/\/www.silverflame.eu\/ru\/about-us\/"}]}},"_links":{"self":[{"href":"https:\/\/www.silverflame.eu\/et\/wp-json\/wp\/v2\/product\/5028","targetHints":{"allow":["GET"]}}],"collection":[{"href":"https:\/\/www.silverflame.eu\/et\/wp-json\/wp\/v2\/product"}],"about":[{"href":"https:\/\/www.silverflame.eu\/et\/wp-json\/wp\/v2\/types\/product"}],"wp:featuredmedia":[{"embeddable":true,"href":"https:\/\/www.silverflame.eu\/et\/wp-json\/wp\/v2\/media\/5029"}],"wp:attachment":[{"href":"https:\/\/www.silverflame.eu\/et\/wp-json\/wp\/v2\/media?parent=5028"}],"wp:term":[{"taxonomy":"product_brand","embeddable":true,"href":"https:\/\/www.silverflame.eu\/et\/wp-json\/wp\/v2\/product_brand?post=5028"},{"taxonomy":"product_cat","embeddable":true,"href":"https:\/\/www.silverflame.eu\/et\/wp-json\/wp\/v2\/product_cat?post=5028"},{"taxonomy":"product_tag","embeddable":true,"href":"https:\/\/www.silverflame.eu\/et\/wp-json\/wp\/v2\/product_tag?post=5028"}],"curies":[{"name":"wp","href":"https:\/\/api.w.org\/{rel}","templated":true}]}}