{"id":6323,"date":"2024-03-10T01:07:34","date_gmt":"2024-03-09T23:07:34","guid":{"rendered":"http:\/\/www.silverflame.eu\/?post_type=product&#038;p=6323"},"modified":"2026-01-15T07:43:07","modified_gmt":"2026-01-15T05:43:07","slug":"pop-up-tent-2x2-ekostrong","status":"publish","type":"product","link":"https:\/\/www.silverflame.eu\/et\/toode\/pop-up-tent-2x2-ekostrong\/","title":{"rendered":"Pop-up telk 2x2 \u00abEKOSTRONG\u00bb"},"content":{"rendered":"<h5><strong>Toote kohta:<\/strong><\/h5>\n<p><strong>Pop-up telk 2x2 \u00abEKOSTRONG\u00bb<\/strong><\/p>\n<p>See pop-up telk on Sinu parim kaitse vihma eest! Telk on kerge ja kokkupanduna v\u00e4ga v\u00e4ike, seega saad selle alati k\u00f5ikjale kaasa v\u00f5tta. Telk on \u00abEKOSTRONG\u00bb t\u00fc\u00fcpi, millel on v\u00e4ga hea hinna ja kvaliteedi suhe. Telgile antakse 2-aastane garantii.<\/p>\n<p>&nbsp;<\/p>\n<p>&nbsp;<\/p>\n<h5><strong>Telgiraam<\/strong><\/h5>\n<p>Kokkupandava k\u00e4\u00e4rkonstruktsiooni loomiseks on kasutatud pulberv\u00e4rvitud 30 mm ruudukujulisi terasprofiile, mis on UV-, korrosiooni- ja ilmastikukindlad. Telgi raami osad on \u00fchendatud kvaliteetsete sertifitseeritud kruvidega. Telgi katte ja konstruktsiooni kontaktpunktid on t\u00e4iendavalt tugevdatud h\u00f5\u00f5rdumisvastase materjaliga, mis suurendavad nende kohtade kulumiskindlust. Telgi jalgadel on suhteliselt suured alusplaadid, et tagada telgi stabiilsus. Telgis kasutatakse v\u00e4ga vastupidavaid pol\u00fcmeerkomposiidist \u00fchendusi, mis on palju stabiilsemad ja vastupidavamad kui tavalised plast\u00fchendused. Jalgade k\u00f5rgust on v\u00f5imalik reguleerida. Telgi jalgade soovitud k\u00f5rguse saab lukustada kvaliteetse kl\u00f5psus\u00fcsteemi abil.<\/p>\n<p>&nbsp;<\/p>\n<p>&nbsp;<\/p>\n<h5><strong>Katus ja seinad<\/strong><\/h5>\n<p>Telgi katuse ja seinte kangas on sertifitseeritud vastavalt Euroopa UV-standardile 801. Telk on saanud maksimaalse koefitsiendi sertifikaadi v\u00e4\u00e4rtuse 80+. See on valmistatud pol\u00fcestrist koos t\u00e4iendava PVC-kattega vastavalt standardile DIN60905. Maksimaalse \u00f5mblustugevuse ja niiskuskindluse tagamiseks on kasutatud t\u00f6\u00f6stuslikke \u00f5mblustehnikaid. Kokkupandava telgi katuse nurgad on trosside kinnitamiseks aasadega tugevdatud. See t\u00e4hendab, et saad selle isegi v\u00e4ga halbades ilmastikutingimustes korralikult kinnitada ja tagada telgi stabiilsuse. Telgi seinad ja katus on 100% veekindlad.<\/p>\n<p>&nbsp;<\/p>\n<p>Katus kinnitatakse konstruktsiooni k\u00fclge nii takjapaela kui ka t\u00e4iendavalt lukkudega. K\u00f5ik seinad on eraldiseisvad, seega on vajadusel v\u00f5imalik m\u00f5ned seinad panemata j\u00e4tta. Seinad kinnitatakse \u00fcksteise ja katuse k\u00fclge takjapaeltega ning seej\u00e4rel veel eraldi kinnitustega konstruktsiooni k\u00fclge.<\/p>\n<p>&nbsp;<\/p>\n<p>&nbsp;<\/p>\n<h5><strong>Alusele kinnitamine<\/strong><\/h5>\n<p>Telk kinnitatakse pehmele alusele vaiade ja trossidega (kaasas). K\u00f5va aluse puhul tuleb jalgade k\u00fclge kinnitada t\u00e4iendavad raskused (m\u00fc\u00fcakse eraldi)<\/p>\n<p>&nbsp;<\/p>\n<p>&nbsp;<\/p>\n<h5><strong>Hooldus, kokkupanek ja hoiustamine<\/strong><\/h5>\n<p>Pop-up telki on v\u00e4ga kiire ja lihtne kokku panna. Enamasti ei ole telgi kokkupanekuks \u00fcksikasjalikke juhiseid vajagi, kuid lisame need sellegipoolest ja anname k\u00fcsimuste korral n\u00f5u. Telki on t\u00e4nu mustust h\u00fclgavale kvaliteetsele pol\u00fcestrile v\u00e4ga lihtne hooldada. Kokkupandav telk v\u00f5tab v\u00e4ga v\u00e4he ruumi, seega saad seda h\u00f5lpsasti autos transportida ja selle hoiustamiseks pole vaja palju ruumi.<\/p>\n<p>&nbsp;<\/p>\n<p>&nbsp;<\/p>\n<h5><strong>Telgi transpordikott<\/strong><\/h5>\n<p>Iga meie poolt m\u00fc\u00fcdava pop-up telgi p\u00f5hivarustusse kuulub kvaliteetne transpordikott, mis aitab Sul oma telki kiiresti ja lihtsalt \u00fchest kohast teise viia. Kott on valmistatud vastupidavast Oxfordi materjalist ja sellel on sisse\u00f5mmeldud kandesangad. Soovitame telki alati kotis hoida, see aitab panipaigas korda tagada.<\/p>\n<p>&nbsp;<\/p>\n<p>&nbsp;<\/p>\n<h5><strong>Lisateave<\/strong><\/h5>\n<p>Et tagada meie m\u00fc\u00fcdava telgi kvaliteet, on see enne pakkimist kontrollitud. Vajaduse korral tagame varuosade k\u00e4ttesaadavuse. Koos telgiga saad kaasa juhised telgi kokkupanekuks. Sellel telgil on 2-aastane garantii.<\/p>\n<p>&nbsp;<\/p>\n<p>&nbsp;<\/p>\n<p><strong><em>Loe meie toodete kohta veel palju huvitavaid fakte <a href=\"http:\/\/www.silverflame.eu\/et\/blog\/\">blogist!<\/a><\/em><\/strong><\/p>","protected":false},"excerpt":{"rendered":"<p><strong>Tarne aeg:<\/strong>\u00a03-6 p\u00e4eva<\/p>\n<table dir=\"ltr\" border=\"1\" cellspacing=\"0\" cellpadding=\"0\" data-sheets-root=\"1\">\n<colgroup>\n<col width=\"209\" \/>\n<col width=\"455\" \/><\/colgroup>\n<tbody>\n<tr>\n<td data-sheets-value=\"{&quot;1&quot;:2,&quot;2&quot;:&quot;Size&quot;}\">Suurus (m)<\/td>\n<td data-sheets-value=\"{&quot;1&quot;:2,&quot;2&quot;:&quot;2x2&quot;}\">2&#215;2<\/td>\n<\/tr>\n<tr>\n<td data-sheets-value=\"{&quot;1&quot;:2,&quot;2&quot;:&quot;Tent profile&quot;}\">Telgi profiil<\/td>\n<td data-sheets-value=\"{&quot;1&quot;:2,&quot;2&quot;:&quot;Steel square 30 mm&quot;}\">Terasest ruut 30 mm<\/td>\n<\/tr>\n<tr>\n<td data-sheets-value=\"{&quot;1&quot;:2,&quot;2&quot;:&quot;Set&quot;}\">Komplekt<\/td>\n<td data-sheets-value=\"{&quot;1&quot;:2,&quot;2&quot;:&quot;Tent structure, 4 walls and roof, pegs and ropes for fastening, transport bag&quot;}\">Telgi raam, 4 seina ja katus, kinnitusvaiad ja -k\u00f6ied, transpordikott<\/td>\n<\/tr>\n<tr>\n<td data-sheets-value=\"{&quot;1&quot;:2,&quot;2&quot;:&quot;Color&quot;}\">V\u00e4rv<\/td>\n<td data-sheets-value=\"{&quot;1&quot;:2,&quot;2&quot;:&quot;Black, Blue, Green, Red, White or Yellow &quot;}\">Must, sinine, roheline, punane, valge v\u00f5i kollane<\/td>\n<\/tr>\n<tr>\n<td data-sheets-value=\"{&quot;1&quot;:2,&quot;2&quot;:&quot;Installation time&quot;}\">\u00dclesseadmisele kuluv aeg<\/td>\n<td data-sheets-value=\"{&quot;1&quot;:2,&quot;2&quot;:&quot;Very fast, in just one-two minute&quot;}\">V\u00e4ga kiiresti, vaid m\u00f5ne minutiga<\/td>\n<\/tr>\n<tr>\n<td data-sheets-value=\"{&quot;1&quot;:2,&quot;2&quot;:&quot;Tent construction&quot;}\">Telgi konstruktsioon<\/td>\n<td data-sheets-value=\"{&quot;1&quot;:2,&quot;2&quot;:&quot;Metal profiles (30x30, 25x25, 23x12 mm), industrially coated with corrosion-resistant paint. The profiles are connected by strong metal connections&quot;}\">\n<div>\n<div>Metallprofiilid (30x30, 25x25, 23x12 mm), kuusnurksed, t\u00f6\u00f6stuslik pinnakate korrosioonikindlate v\u00e4rvidega. Profiilid on omavahel \u00fchendatud tugevate metall\u00fchendustega<\/div>\n<\/div>\n<\/td>\n<\/tr>\n<tr>\n<td data-sheets-value=\"{&quot;1&quot;:2,&quot;2&quot;:&quot;Profile connectors&quot;}\">Profiili \u00fchendused<\/td>\n<td data-sheets-value=\"{&quot;1&quot;:2,&quot;2&quot;:&quot;Metal. Adapted for extremely frequent use and load&quot;}\">Metall on loodud \u00e4\u00e4rmiselt sagedaseks kasutamiseks ja suure koormuse talumiseks<\/td>\n<\/tr>\n<tr>\n<td data-sheets-value=\"{&quot;1&quot;:2,&quot;2&quot;:&quot;Height of tent legs&quot;}\">Telgi jalgade k\u00f5rgus<\/td>\n<td data-sheets-value=\"{&quot;1&quot;:2,&quot;2&quot;:&quot;Easily adjustable&quot;}\">Lihtsasti reguleeritav<\/td>\n<\/tr>\n<tr>\n<td data-sheets-value=\"{&quot;1&quot;:2,&quot;2&quot;:&quot;Design features&quot;}\">Konstruktsiooni omadused<\/td>\n<td data-sheets-value=\"{&quot;1&quot;:2,&quot;2&quot;:&quot;Long-lived, strong, certified. Manufactured using the most advanced manufacturing technologies of structural profiles&quot;}\">\n<div>\n<div>Vastupidav, tugev, sertifitseeritud. Toodetud kasutades kaasaegseimat konstruktsiooni profiilide valmistamise tehnoloogiat<\/div>\n<\/div>\n<\/td>\n<\/tr>\n<tr>\n<td data-sheets-value=\"{&quot;1&quot;:2,&quot;2&quot;:&quot;Packaging&quot;}\">Pakend<\/td>\n<td data-sheets-value=\"{&quot;1&quot;:2,&quot;2&quot;:&quot;30 x 30 x 150 cm (16.3 kg)&quot;}\">30 x 30 x 150 cm (16.3 kg)<\/td>\n<\/tr>\n<\/tbody>\n<\/table>","protected":false},"featured_media":10480,"template":"","meta":{"_monsterinsights_skip_tracking":false,"_monsterinsights_sitenote_active":false,"_monsterinsights_sitenote_note":"","_monsterinsights_sitenote_category":0},"product_brand":[],"product_cat":[174],"product_tag":[226],"class_list":{"0":"post-6323","1":"product","2":"type-product","3":"status-publish","4":"has-post-thumbnail","6":"product_cat-pop-up-tents-and-pavilions","7":"product_tag-pop-up-tent","8":"product_shipping_class-heatum","9":"pa_color-black-color","10":"pa_color-blue-color","11":"pa_color-green-color","12":"pa_color-red-color","13":"pa_color-white-color","14":"pa_color-yellow-color","15":"pa_pop-up-size-2x2","16":"aux-has-gallery","18":"first","19":"instock","20":"sale","21":"taxable","22":"shipping-taxable","23":"purchasable","24":"product-type-variable"},"yoast_head":"<!-- This site is optimized with the Yoast SEO Premium plugin v24.1 (Yoast SEO v27.4) - https:\/\/yoast.com\/product\/yoast-seo-premium-wordpress\/ -->\n<title>Pop-up tent 2x2 \u00abEKOSTRONG\u00bb | SilverFlame<\/title>\n<meta name=\"description\" content=\"Pop-up tent 2x2 \u00abEKOSTRONG\u00bb This folding tent is your best protection from the rain! It is lightweight and very compact when folded, so you can alw...\" \/>\n<meta name=\"robots\" content=\"index, follow, max-snippet:-1, max-image-preview:large, max-video-preview:-1\" \/>\n<link rel=\"canonical\" href=\"https:\/\/www.silverflame.eu\/et\/toode\/pop-up-tent-2x2-ekostrong\/\" \/>\n<meta property=\"og:locale\" content=\"et_EE\" \/>\n<meta property=\"og:type\" content=\"article\" \/>\n<meta property=\"og:title\" content=\"Pop-up tent 2x2 \u00abEKOSTRONG\u00bb\" \/>\n<meta property=\"og:description\" content=\"Pop-up tent 2x2 \u00abEKOSTRONG\u00bb This folding tent is your best protection from the rain! It is lightweight and very compact when folded, so you can alw...\" \/>\n<meta property=\"og:url\" content=\"https:\/\/www.silverflame.eu\/et\/toode\/pop-up-tent-2x2-ekostrong\/\" \/>\n<meta property=\"og:site_name\" content=\"SilverFlame\" \/>\n<meta property=\"article:publisher\" content=\"https:\/\/www.facebook.com\/SilverFlameEurope\" \/>\n<meta property=\"article:modified_time\" content=\"2026-01-15T05:43:07+00:00\" \/>\n<meta property=\"og:image\" content=\"https:\/\/www.silverflame.eu\/wp-content\/uploads\/2024\/03\/pop-up-tent-2x2-blue-silverflame-ekostrong-1.png\" \/>\n\t<meta property=\"og:image:width\" content=\"733\" \/>\n\t<meta property=\"og:image:height\" content=\"734\" \/>\n\t<meta property=\"og:image:type\" content=\"image\/png\" \/>\n<meta name=\"twitter:card\" content=\"summary_large_image\" \/>\n<meta name=\"twitter:label1\" content=\"Est. reading time\" \/>\n\t<meta name=\"twitter:data1\" content=\"3 minutit\" \/>\n<script type=\"application\/ld+json\" class=\"yoast-schema-graph\">{\"@context\":\"https:\\\/\\\/schema.org\",\"@graph\":[{\"@type\":\"WebPage\",\"@id\":\"https:\\\/\\\/www.silverflame.eu\\\/product\\\/pop-up-tent-2x2-ekostrong\\\/\",\"url\":\"https:\\\/\\\/www.silverflame.eu\\\/product\\\/pop-up-tent-2x2-ekostrong\\\/\",\"name\":\"Pop-up tent 2x2 \u00abEKOSTRONG\u00bb | SilverFlame\",\"isPartOf\":{\"@id\":\"https:\\\/\\\/www.silverflame.eu\\\/ru\\\/#website\"},\"primaryImageOfPage\":{\"@id\":\"https:\\\/\\\/www.silverflame.eu\\\/product\\\/pop-up-tent-2x2-ekostrong\\\/#primaryimage\"},\"image\":{\"@id\":\"https:\\\/\\\/www.silverflame.eu\\\/product\\\/pop-up-tent-2x2-ekostrong\\\/#primaryimage\"},\"thumbnailUrl\":\"https:\\\/\\\/www.silverflame.eu\\\/wp-content\\\/uploads\\\/2024\\\/03\\\/pop-up-tent-2x2-blue-silverflame-ekostrong-1.png\",\"datePublished\":\"2024-03-09T23:07:34+00:00\",\"dateModified\":\"2026-01-15T05:43:07+00:00\",\"description\":\"Pop-up tent 2x2 \u00abEKOSTRONG\u00bb This folding tent is your best protection from the rain! It is lightweight and very compact when folded, so you can alw...\",\"breadcrumb\":{\"@id\":\"https:\\\/\\\/www.silverflame.eu\\\/product\\\/pop-up-tent-2x2-ekostrong\\\/#breadcrumb\"},\"inLanguage\":\"et\",\"potentialAction\":[{\"@type\":\"ReadAction\",\"target\":[\"https:\\\/\\\/www.silverflame.eu\\\/product\\\/pop-up-tent-2x2-ekostrong\\\/\"]}]},{\"@type\":\"ImageObject\",\"inLanguage\":\"et\",\"@id\":\"https:\\\/\\\/www.silverflame.eu\\\/product\\\/pop-up-tent-2x2-ekostrong\\\/#primaryimage\",\"url\":\"https:\\\/\\\/www.silverflame.eu\\\/wp-content\\\/uploads\\\/2024\\\/03\\\/pop-up-tent-2x2-blue-silverflame-ekostrong-1.png\",\"contentUrl\":\"https:\\\/\\\/www.silverflame.eu\\\/wp-content\\\/uploads\\\/2024\\\/03\\\/pop-up-tent-2x2-blue-silverflame-ekostrong-1.png\",\"width\":733,\"height\":734,\"caption\":\"pop-up-tent-2x2-blue-silverflame-ekostrong-1\"},{\"@type\":\"BreadcrumbList\",\"@id\":\"https:\\\/\\\/www.silverflame.eu\\\/product\\\/pop-up-tent-2x2-ekostrong\\\/#breadcrumb\",\"itemListElement\":[{\"@type\":\"ListItem\",\"position\":1,\"name\":\"Home page\",\"item\":\"https:\\\/\\\/www.silverflame.eu\\\/ru\\\/\"},{\"@type\":\"ListItem\",\"position\":2,\"name\":\"Shop\",\"item\":\"https:\\\/\\\/www.silverflame.eu\\\/ru\\\/shop\\\/\"},{\"@type\":\"ListItem\",\"position\":3,\"name\":\"Pop-up tent 2&#215;2 \u00abEKOSTRONG\u00bb\"}]},{\"@type\":\"WebSite\",\"@id\":\"https:\\\/\\\/www.silverflame.eu\\\/ru\\\/#website\",\"url\":\"https:\\\/\\\/www.silverflame.eu\\\/ru\\\/\",\"name\":\"SilverFlame\",\"description\":\"Biofireplaces | biokaminad | biotakat | bioeldst\u00e4der\",\"publisher\":{\"@id\":\"https:\\\/\\\/www.silverflame.eu\\\/ru\\\/#organization\"},\"potentialAction\":[{\"@type\":\"SearchAction\",\"target\":{\"@type\":\"EntryPoint\",\"urlTemplate\":\"https:\\\/\\\/www.silverflame.eu\\\/ru\\\/?s={search_term_string}\"},\"query-input\":{\"@type\":\"PropertyValueSpecification\",\"valueRequired\":true,\"valueName\":\"search_term_string\"}}],\"inLanguage\":\"et\"},{\"@type\":\"Organization\",\"@id\":\"https:\\\/\\\/www.silverflame.eu\\\/ru\\\/#organization\",\"name\":\"Silsev O\u00dc\",\"url\":\"https:\\\/\\\/www.silverflame.eu\\\/ru\\\/\",\"logo\":{\"@type\":\"ImageObject\",\"inLanguage\":\"et\",\"@id\":\"https:\\\/\\\/www.silverflame.eu\\\/ru\\\/#\\\/schema\\\/logo\\\/image\\\/\",\"url\":\"http:\\\/\\\/www.silverflame.eu\\\/wp-content\\\/uploads\\\/2021\\\/11\\\/SilverFlame_Biofireplaces-shop-in-EU_Big-logo.png\",\"contentUrl\":\"http:\\\/\\\/www.silverflame.eu\\\/wp-content\\\/uploads\\\/2021\\\/11\\\/SilverFlame_Biofireplaces-shop-in-EU_Big-logo.png\",\"width\":349,\"height\":478,\"caption\":\"Silsev O\u00dc\"},\"image\":{\"@id\":\"https:\\\/\\\/www.silverflame.eu\\\/ru\\\/#\\\/schema\\\/logo\\\/image\\\/\"},\"sameAs\":[\"https:\\\/\\\/www.facebook.com\\\/SilverFlameEurope\",\"https:\\\/\\\/www.instagram.com\\\/silverflame.eu\\\/\",\"https:\\\/\\\/www.youtube.com\\\/@SilverFlame-Biofireplaces\"],\"description\":\"Welcome to our online store, your one-stop destination for high-quality bioethanol fireplaces, gas heaters, infrared heaters, pop-up tents, patio umbrellas, and more. We specialize in delivering eco-friendly heating solutions and outdoor living products across Europe. Our selection is designed for comfort, style, and sustainability, ensuring that your home and outdoor spaces are both cozy and modern. Enjoy fast shipping, competitive prices, and exceptional customer service with every purchase.\",\"email\":\"info@silverflame.eu\",\"legalName\":\"Silsev O\u00dc\",\"publishingPrinciples\":\"https:\\\/\\\/www.silverflame.eu\\\/ru\\\/about-us\\\/\"}]}<\/script>\n<!-- \/ Yoast SEO Premium plugin. -->","yoast_head_json":{"title":"Pop-up tent 2x2 \u00abEKOSTRONG\u00bb | SilverFlame","description":"Pop-up tent 2x2 \u00abEKOSTRONG\u00bb This folding tent is your best protection from the rain! It is lightweight and very compact when folded, so you can alw...","robots":{"index":"index","follow":"follow","max-snippet":"max-snippet:-1","max-image-preview":"max-image-preview:large","max-video-preview":"max-video-preview:-1"},"canonical":"https:\/\/www.silverflame.eu\/et\/toode\/pop-up-tent-2x2-ekostrong\/","og_locale":"et_EE","og_type":"article","og_title":"Pop-up tent 2x2 \u00abEKOSTRONG\u00bb","og_description":"Pop-up tent 2x2 \u00abEKOSTRONG\u00bb This folding tent is your best protection from the rain! It is lightweight and very compact when folded, so you can alw...","og_url":"https:\/\/www.silverflame.eu\/et\/toode\/pop-up-tent-2x2-ekostrong\/","og_site_name":"SilverFlame","article_publisher":"https:\/\/www.facebook.com\/SilverFlameEurope","article_modified_time":"2026-01-15T05:43:07+00:00","og_image":[{"width":733,"height":734,"url":"https:\/\/www.silverflame.eu\/wp-content\/uploads\/2024\/03\/pop-up-tent-2x2-blue-silverflame-ekostrong-1.png","type":"image\/png"}],"twitter_card":"summary_large_image","twitter_misc":{"Est. reading time":"3 minutit"},"schema":{"@context":"https:\/\/schema.org","@graph":[{"@type":"WebPage","@id":"https:\/\/www.silverflame.eu\/product\/pop-up-tent-2x2-ekostrong\/","url":"https:\/\/www.silverflame.eu\/product\/pop-up-tent-2x2-ekostrong\/","name":"Pop-up tent 2x2 \u00abEKOSTRONG\u00bb | SilverFlame","isPartOf":{"@id":"https:\/\/www.silverflame.eu\/ru\/#website"},"primaryImageOfPage":{"@id":"https:\/\/www.silverflame.eu\/product\/pop-up-tent-2x2-ekostrong\/#primaryimage"},"image":{"@id":"https:\/\/www.silverflame.eu\/product\/pop-up-tent-2x2-ekostrong\/#primaryimage"},"thumbnailUrl":"https:\/\/www.silverflame.eu\/wp-content\/uploads\/2024\/03\/pop-up-tent-2x2-blue-silverflame-ekostrong-1.png","datePublished":"2024-03-09T23:07:34+00:00","dateModified":"2026-01-15T05:43:07+00:00","description":"Pop-up tent 2x2 \u00abEKOSTRONG\u00bb This folding tent is your best protection from the rain! It is lightweight and very compact when folded, so you can alw...","breadcrumb":{"@id":"https:\/\/www.silverflame.eu\/product\/pop-up-tent-2x2-ekostrong\/#breadcrumb"},"inLanguage":"et","potentialAction":[{"@type":"ReadAction","target":["https:\/\/www.silverflame.eu\/product\/pop-up-tent-2x2-ekostrong\/"]}]},{"@type":"ImageObject","inLanguage":"et","@id":"https:\/\/www.silverflame.eu\/product\/pop-up-tent-2x2-ekostrong\/#primaryimage","url":"https:\/\/www.silverflame.eu\/wp-content\/uploads\/2024\/03\/pop-up-tent-2x2-blue-silverflame-ekostrong-1.png","contentUrl":"https:\/\/www.silverflame.eu\/wp-content\/uploads\/2024\/03\/pop-up-tent-2x2-blue-silverflame-ekostrong-1.png","width":733,"height":734,"caption":"pop-up-tent-2x2-blue-silverflame-ekostrong-1"},{"@type":"BreadcrumbList","@id":"https:\/\/www.silverflame.eu\/product\/pop-up-tent-2x2-ekostrong\/#breadcrumb","itemListElement":[{"@type":"ListItem","position":1,"name":"Home page","item":"https:\/\/www.silverflame.eu\/ru\/"},{"@type":"ListItem","position":2,"name":"Shop","item":"https:\/\/www.silverflame.eu\/ru\/shop\/"},{"@type":"ListItem","position":3,"name":"Pop-up tent 2&#215;2 \u00abEKOSTRONG\u00bb"}]},{"@type":"WebSite","@id":"https:\/\/www.silverflame.eu\/ru\/#website","url":"https:\/\/www.silverflame.eu\/ru\/","name":"SilverFlame","description":"Biofireplaces | biokaminad | biotakat | bioeldst\u00e4der","publisher":{"@id":"https:\/\/www.silverflame.eu\/ru\/#organization"},"potentialAction":[{"@type":"SearchAction","target":{"@type":"EntryPoint","urlTemplate":"https:\/\/www.silverflame.eu\/ru\/?s={search_term_string}"},"query-input":{"@type":"PropertyValueSpecification","valueRequired":true,"valueName":"search_term_string"}}],"inLanguage":"et"},{"@type":"Organization","@id":"https:\/\/www.silverflame.eu\/ru\/#organization","name":"Silsev O\u00dc","url":"https:\/\/www.silverflame.eu\/ru\/","logo":{"@type":"ImageObject","inLanguage":"et","@id":"https:\/\/www.silverflame.eu\/ru\/#\/schema\/logo\/image\/","url":"http:\/\/www.silverflame.eu\/wp-content\/uploads\/2021\/11\/SilverFlame_Biofireplaces-shop-in-EU_Big-logo.png","contentUrl":"http:\/\/www.silverflame.eu\/wp-content\/uploads\/2021\/11\/SilverFlame_Biofireplaces-shop-in-EU_Big-logo.png","width":349,"height":478,"caption":"Silsev O\u00dc"},"image":{"@id":"https:\/\/www.silverflame.eu\/ru\/#\/schema\/logo\/image\/"},"sameAs":["https:\/\/www.facebook.com\/SilverFlameEurope","https:\/\/www.instagram.com\/silverflame.eu\/","https:\/\/www.youtube.com\/@SilverFlame-Biofireplaces"],"description":"Welcome to our online store, your one-stop destination for high-quality bioethanol fireplaces, gas heaters, infrared heaters, pop-up tents, patio umbrellas, and more. We specialize in delivering eco-friendly heating solutions and outdoor living products across Europe. Our selection is designed for comfort, style, and sustainability, ensuring that your home and outdoor spaces are both cozy and modern. Enjoy fast shipping, competitive prices, and exceptional customer service with every purchase.","email":"info@silverflame.eu","legalName":"Silsev O\u00dc","publishingPrinciples":"https:\/\/www.silverflame.eu\/ru\/about-us\/"}]}},"_links":{"self":[{"href":"https:\/\/www.silverflame.eu\/et\/wp-json\/wp\/v2\/product\/6323","targetHints":{"allow":["GET"]}}],"collection":[{"href":"https:\/\/www.silverflame.eu\/et\/wp-json\/wp\/v2\/product"}],"about":[{"href":"https:\/\/www.silverflame.eu\/et\/wp-json\/wp\/v2\/types\/product"}],"wp:featuredmedia":[{"embeddable":true,"href":"https:\/\/www.silverflame.eu\/et\/wp-json\/wp\/v2\/media\/10480"}],"wp:attachment":[{"href":"https:\/\/www.silverflame.eu\/et\/wp-json\/wp\/v2\/media?parent=6323"}],"wp:term":[{"taxonomy":"product_brand","embeddable":true,"href":"https:\/\/www.silverflame.eu\/et\/wp-json\/wp\/v2\/product_brand?post=6323"},{"taxonomy":"product_cat","embeddable":true,"href":"https:\/\/www.silverflame.eu\/et\/wp-json\/wp\/v2\/product_cat?post=6323"},{"taxonomy":"product_tag","embeddable":true,"href":"https:\/\/www.silverflame.eu\/et\/wp-json\/wp\/v2\/product_tag?post=6323"}],"curies":[{"name":"wp","href":"https:\/\/api.w.org\/{rel}","templated":true}]}}