{"id":7776,"date":"2024-03-10T01:21:21","date_gmt":"2024-03-09T23:21:21","guid":{"rendered":"http:\/\/www.silverflame.eu\/?post_type=product&#038;p=7776"},"modified":"2026-01-15T07:45:55","modified_gmt":"2026-01-15T05:45:55","slug":"gas-heater-athena","status":"publish","type":"product","link":"https:\/\/www.silverflame.eu\/et\/toode\/gas-heater-athena\/","title":{"rendered":"Gaasisoojendi \u00abATHENA\u00bb"},"content":{"rendered":"<h5><strong>Toote kohta:<\/strong><\/h5>\n<p><strong>Gaasisoojendi \u00abATHENA\u00bb<\/strong><\/p>\n<p>&nbsp;<\/p>\n<p>P\u00fcramiidikujuline soojendi on v\u00e4ga stiilne ja uuenduslik valik Sinu keskkonda. Need soojendid on valmistatud kvaliteetsest, vastupidavast ja kauakestvast roostevabast terasest, seega kestavad need aastaid ilma oma esteetilist v\u00e4limust kaotamata. Omap\u00e4rane p\u00fcramiidikujuline disain annab elegantse ja luksusliku v\u00e4\u00e4rtust, muutes need soojendid lemmikuks pulmades, t\u00e4htp\u00e4evadel, restoranides ja kodude terrassidel. Kui k\u00fcttekeha sisse l\u00fclitada, hakkab see koheselt meeldivat soojust kiirgama ning s\u00f5ltuvalt ilmastikutingimustest saad soojuse seadistust juhtpaneeliga h\u00f5lpsasti reguleerida. T\u00e4nu soojendile saad isegi k\u00fclmas kliimas rohkem aega \u00f5ues veeta ning lisaks selle otsesele funktsioonile lisab kogu soojendit l\u00e4biv leek valgust ja loob hubase tunde.<\/p>\n<p>&nbsp;<\/p>\n<p>&nbsp;<\/p>\n<h5><strong>Gaasisoojendi \u00abATHENA\u00bb on kasutusvalmis<\/strong><\/h5>\n<p>Soojendi valimisel p\u00f6\u00f6ra t\u00e4helepanu selle komponentidele. Kui Sa ei ole varem soojendit ostnud, v\u00f5id teistest kauplustest soetades pettuda, sest teatud tarvikud ei pruugi soojendi hinnas sisalduda. K\u00f5ige tavalisemad osad on regulaator ja gaasivoolik - ilma nende osadeta soojendi ei t\u00f6\u00f6ta. Soovime r\u00f5hutada, et meie soojendi on komplektne ja sisaldab k\u00f5iki seadmeid, mida soojendi kasutamiseks vajad. Pole vaja teha muud, kui osta lisaks gaasiballoon.<\/p>\n<p>&nbsp;<\/p>\n<p>&nbsp;<\/p>\n<h5><strong>Parem kui sarnase kujuga konkurendid<\/strong><\/h5>\n<p>Meie gaasisoojendil on teiste sarnase kujuga gaasisoojendite ees palju eeliseid. Soojendi on juba populaarne ja meie klientide poolt hinnatud. Siin on m\u00f5ned omadused, mis muudavad selle soojendi eriliseks:<\/p>\n<p>&nbsp;<\/p>\n<ul>\n<li>Sellel soojendil on v\u00e4ga vastupidavad ja kvaliteetsed transpordirattad, mis muudavad soojendi teise kohta \u00fcmberpaigutamise lihtsaks ja muretuteks. See on v\u00e4ga mugav, kui sinu soojendit kasutatakse erinevates kohtades. N\u00e4iteks restoranis valitakse selle asukoht see s\u00f5ltuvalt sellest, kus kliendid istuvad, v\u00f5i kodus, kui soovid soojendi garaa\u017ei v\u00f5i mujale paigutada, kui seda parasjagu ei kasuta.<\/li>\n<li>Selle soojendi konstruktsioon on t\u00e4iendavalt tugevdatud ja seda on lihtne kokku panna. Soojendi valmistamiseks kasutatud roostevaba teras on paksem kui enamikel sellisel kujul m\u00fc\u00fcdavate soojenditel. Seet\u00f5ttu v\u00f5ivad meie m\u00fc\u00fcdavad soojendid olla mitu kilogrammi raskemad kui teistel tootjatel. Kaaluerinevus pole transportimisel v\u00f5i \u00fclesseadmisel m\u00e4rgatav, kuid see m\u00f5jutab oluliselt k\u00fcttekeha enda vastupidavust, eriti tuulisel p\u00e4eval.<\/li>\n<li>Soojendi on korrosioonikindel. Seet\u00f5ttu v\u00f5id olla kindel, et saad vastupidava ja usaldusv\u00e4\u00e4rse k\u00fcttelahenduse.<\/li>\n<\/ul>\n<p>&nbsp;<\/p>\n<p>&nbsp;<\/p>\n<h5><strong>Efektiivsem. Kaitseb loodust<\/strong><\/h5>\n<p>See mudel p\u00f5letab 100% gaasi, tagades k\u00f5rge k\u00fctteefektiivsuse. P\u00f5lemiskolbi kohale on paigaldatud lisap\u00f5leti p\u00f5lemata gaasile ja p\u00f5lemisproduktidele, mis muudab k\u00fctteseadme veelgi t\u00f5husamaks.<\/p>\n<p>Teine efektiivsuse element on \u00f5ige p\u00f5lemiskolvi valik, millel oleks k\u00f5rge soojusjuhtivus.<\/p>\n<p>&nbsp;<\/p>\n<p>&nbsp;<\/p>\n<h5><strong>Loodud kasutusmugavuse tagamiseks<\/strong><\/h5>\n<p>Selle soojendi v\u00e4ljat\u00f6\u00f6tamisel on arvesse v\u00f5etud tootja aastatepikkust kogemust k\u00fctteseadmete turul. See soojendi sisaldab palju elemente, mis pole k\u00fcll n\u00e4htavad, kuid on kasutajale kasulikud:<\/p>\n<ul>\n<li>\u00c4\u00e4rmiselt lihtne kasutada. Soojendi sissel\u00fclitamiseks piisab gaasiballooni \u00fchendamisest, gaasi v\u00e4ljal\u00fclitamisest ja s\u00fc\u00fctenupu vajutamisest. K\u00fctte intensiivsust saab reguleerida hoova abil.<\/li>\n<li>Uue p\u00f5lvkonna niiskuskindel PIEZO s\u00fc\u00fcteelement. Seda s\u00fc\u00fcteelementi toidab patarei, mida saab osta igast poest. Vaid \u00fche patarei toel kestab k\u00fctteseade pikka aega ja kui oled sellele kord patarei sisse pannud, v\u00f5id selle t\u00e4iesti \u00e4ra unustada.<\/li>\n<li>\u2013 Eriti mugav funktsioon avalikes kohtades kasutamiseks on see, et gaasiballooni uks on ketiga soojendi k\u00fclge kinnitatud.<\/li>\n<\/ul>\n<p>&nbsp;<\/p>\n<p>&nbsp;<\/p>\n<h5><strong>Turvaline soojendi. Ideaalne nii koduseks kui ka kaubanduslikuks kasutamiseks<\/strong><\/h5>\n<ul>\n<li>\u2013 Soojendi v\u00f5re, mis katab lampi, on valmistatud kuumakindlast roostevabast terasest. Need v\u00f5red ei l\u00e4he kuumaks, seega oled sa kaitstud juhusliku kokkupuute eest k\u00fctteseadme kuumade osadega. See funktsioon muudab need soojendid populaarseks lahenduseks avalikes kohtades, restoranides v\u00f5i paikades, kus v\u00f5ivad viibida lapsed.<\/li>\n<li>Soojendi kustutab automaatselt tule ja katkestab gaasivarustuse, kui soojendi on kallutatud 45-kraadise v\u00f5i suurema nurga all.<\/li>\n<li>K\u00fctteseade on konstrueeritud nii, et see takistab lahtise leegi levikut.<\/li>\n<li>Gaasiballoonil on integreeritud balloonikinnitused gaasiballooni mahuti jaoks. Kui soojendi on kallutatud v\u00f5i kukub \u00fcmber, j\u00e4\u00e4b gaasiballoon mahutisse ja ei kuku v\u00e4lja.<\/li>\n<\/ul>\n<p>&nbsp;<\/p>\n<p>&nbsp;<\/p>\n<p><strong><em>Loe meie toodete kohta veel palju huvitavaid fakte <a href=\"http:\/\/www.silverflame.eu\/et\/blog\/\">blogist!<\/a><\/em><\/strong><\/p>","protected":false},"excerpt":{"rendered":"<p><strong>Tarne aeg:<\/strong>\u00a03-6 p\u00e4eva<\/p>\n<table dir=\"ltr\" border=\"1\" cellspacing=\"0\" cellpadding=\"0\" data-sheets-root=\"1\">\n<colgroup>\n<col width=\"182\" \/>\n<col width=\"380\" \/><\/colgroup>\n<tbody>\n<tr>\n<td data-sheets-value=\"{&quot;1&quot;:2,&quot;2&quot;:&quot;Heated area (m\u00b2)&quot;}\">K\u00f6etav pind (m\u00b2)<\/td>\n<td data-sheets-value=\"{&quot;1&quot;:3,&quot;3&quot;:24}\">24<\/td>\n<\/tr>\n<tr>\n<td data-sheets-value=\"{&quot;1&quot;:2,&quot;2&quot;:&quot;Heating power&quot;}\">K\u00fcttev\u00f5imsus<\/td>\n<td data-sheets-value=\"{&quot;1&quot;:2,&quot;2&quot;:&quot;Up to 13500 W&quot;}\">Kuni 13000 W<\/td>\n<\/tr>\n<tr>\n<td data-sheets-value=\"{&quot;1&quot;:2,&quot;2&quot;:&quot;Gas type&quot;}\">Gaasi t\u00fc\u00fcp<\/td>\n<td data-sheets-value=\"{&quot;1&quot;:2,&quot;2&quot;:&quot;Butane\/propane or their mixture&quot;}\">Butaan\/propaan v\u00f5i nende segu<\/td>\n<\/tr>\n<tr>\n<td data-sheets-value=\"{&quot;1&quot;:2,&quot;2&quot;:&quot;Gas consumption&quot;}\">Gaasi kulu<\/td>\n<td data-sheets-value=\"{&quot;1&quot;:2,&quot;2&quot;:&quot;0.45 kg\/h - 0.87 kg\/h&quot;}\">0.45 kg\/h &#8211; 0.945 kg\/h<\/td>\n<\/tr>\n<tr>\n<td data-sheets-value=\"{&quot;1&quot;:2,&quot;2&quot;:&quot;Automatic shutdown&quot;}\">Automaatne v\u00e4ljal\u00fclitamine<\/td>\n<td data-sheets-value=\"{&quot;1&quot;:2,&quot;2&quot;:&quot;Yes. If the gas heater tips over, it automatically shuts off&quot;}\">Jah. Kui gaasisoojendi \u00fcmber l\u00e4heb, l\u00fclitub see automaatselt v\u00e4lja<\/td>\n<\/tr>\n<tr>\n<td data-sheets-value=\"{&quot;1&quot;:2,&quot;2&quot;:&quot;Protection against gas leaks&quot;}\">Kaitse gaasilekke eest<\/td>\n<td data-sheets-value=\"{&quot;1&quot;:2,&quot;2&quot;:&quot;Yes&quot;}\">Jah<\/td>\n<\/tr>\n<tr>\n<td data-sheets-value=\"{&quot;1&quot;:2,&quot;2&quot;:&quot;Heater set&quot;}\">Soojendi komplekt<\/td>\n<td data-sheets-value=\"{&quot;1&quot;:2,&quot;2&quot;:&quot;Heater, gas pressure regulator, reducer, hose, transport wheels&quot;}\">Soojendi, gaasir\u00f5hu regulaator, reduktor, voolik, transpordirattad<\/td>\n<\/tr>\n<tr>\n<td data-sheets-value=\"{&quot;1&quot;:2,&quot;2&quot;:&quot;Heater body&quot;}\">Soojendi korpus<\/td>\n<td data-sheets-value=\"{&quot;1&quot;:2,&quot;2&quot;:&quot;Stainless steel&quot;}\">Roostevaba teras<\/td>\n<\/tr>\n<tr>\n<td data-sheets-value=\"{&quot;1&quot;:2,&quot;2&quot;:&quot;Height (cm)&quot;}\">K\u00f5rgus (cm)<\/td>\n<td data-sheets-value=\"{&quot;1&quot;:3,&quot;3&quot;:225}\">225<\/td>\n<\/tr>\n<tr>\n<td data-sheets-value=\"{&quot;1&quot;:2,&quot;2&quot;:&quot;Base diameter (cm)&quot;}\">Width x Length (cm)<\/td>\n<td data-sheets-value=\"{&quot;1&quot;:3,&quot;3&quot;:46}\">52 x 52<\/td>\n<\/tr>\n<tr>\n<td data-sheets-value=\"{&quot;1&quot;:2,&quot;2&quot;:&quot;Weight (kg)&quot;}\">Kaal (kg)<\/td>\n<td data-sheets-value=\"{&quot;1&quot;:3,&quot;3&quot;:18}\">30<\/td>\n<\/tr>\n<tr>\n<td data-sheets-value=\"{&quot;1&quot;:2,&quot;2&quot;:&quot;Color&quot;}\">V\u00e4rv<\/td>\n<td data-sheets-value=\"{&quot;1&quot;:2,&quot;2&quot;:&quot;Silver&quot;}\">H\u00f5bedane v\u00f5i must<\/td>\n<\/tr>\n<tr>\n<td data-sheets-value=\"{&quot;1&quot;:2,&quot;2&quot;:&quot;Packaging&quot;}\">Pakend<\/td>\n<td data-sheets-value=\"{&quot;1&quot;:2,&quot;2&quot;:&quot;45 x 88 x 45 cm (18 kg)&quot;}\">54 x 33 x 135 cm (30 kg)<\/td>\n<\/tr>\n<tr>\n<td data-sheets-value=\"{&quot;1&quot;:2,&quot;2&quot;:&quot;Bulb (glass)&quot;}\">Bulb (glass)<\/td>\n<td data-sheets-value=\"{&quot;1&quot;:2,&quot;2&quot;:&quot;10x125 cm&quot;}\">10 x 125 cm<\/td>\n<\/tr>\n<\/tbody>\n<\/table>","protected":false},"featured_media":10744,"template":"","meta":{"_monsterinsights_skip_tracking":false,"_monsterinsights_sitenote_active":false,"_monsterinsights_sitenote_note":"","_monsterinsights_sitenote_category":0},"product_brand":[],"product_cat":[123],"product_tag":[230],"class_list":{"0":"post-7776","1":"product","2":"type-product","3":"status-publish","4":"has-post-thumbnail","6":"product_cat-gas-and-infrared-heaters","7":"product_tag-gas-heater","8":"product_shipping_class-heatum","9":"pa_color-black-color","10":"pa_color-silver-color","11":"aux-has-gallery","13":"first","14":"instock","15":"sale","16":"taxable","17":"shipping-taxable","18":"purchasable","19":"product-type-variable"},"yoast_head":"<!-- This site is optimized with the Yoast SEO Premium plugin v24.1 (Yoast SEO v27.4) - https:\/\/yoast.com\/product\/yoast-seo-premium-wordpress\/ -->\n<title>Gas heater \u00abATHENA\u00bb | SilverFlame<\/title>\n<meta name=\"description\" content=\"Gas heater \u00abATHENA\u00bbThe pyramid-shaped heater is a very stylish and innovative choice for your environment. These heaters are made of high-quality, durable..\" \/>\n<meta name=\"robots\" content=\"index, follow, max-snippet:-1, max-image-preview:large, max-video-preview:-1\" \/>\n<link rel=\"canonical\" href=\"http:\/\/www.silverflame.eu\/et\/tuote\/gas-heater-athena\/\" \/>\n<meta property=\"og:locale\" content=\"et_EE\" \/>\n<meta property=\"og:type\" content=\"article\" \/>\n<meta property=\"og:title\" content=\"Gas heater \u00abATHENA\u00bb\" \/>\n<meta property=\"og:description\" content=\"Gas heater \u00abATHENA\u00bbThe pyramid-shaped heater is a very stylish and innovative choice for your environment. These heaters are made of high-quality, durable..\" \/>\n<meta property=\"og:url\" content=\"http:\/\/www.silverflame.eu\/et\/tuote\/gas-heater-athena\/\" \/>\n<meta property=\"og:site_name\" content=\"SilverFlame\" \/>\n<meta property=\"article:publisher\" content=\"https:\/\/www.facebook.com\/SilverFlameEurope\" \/>\n<meta property=\"article:modified_time\" content=\"2026-01-15T05:45:55+00:00\" \/>\n<meta property=\"og:image\" content=\"https:\/\/www.silverflame.eu\/wp-content\/uploads\/2024\/03\/gas-heater-silverflame-athena-black.png\" \/>\n\t<meta property=\"og:image:width\" content=\"733\" \/>\n\t<meta property=\"og:image:height\" content=\"734\" \/>\n\t<meta property=\"og:image:type\" content=\"image\/png\" \/>\n<meta name=\"twitter:card\" content=\"summary_large_image\" \/>\n<meta name=\"twitter:label1\" content=\"Est. reading time\" \/>\n\t<meta name=\"twitter:data1\" content=\"4 minutit\" \/>\n<script type=\"application\/ld+json\" class=\"yoast-schema-graph\">{\"@context\":\"https:\\\/\\\/schema.org\",\"@graph\":[{\"@type\":\"WebPage\",\"@id\":\"http:\\\/\\\/www.silverflame.eu\\\/fi\\\/tuote\\\/gas-heater-athena\\\/\",\"url\":\"http:\\\/\\\/www.silverflame.eu\\\/fi\\\/tuote\\\/gas-heater-athena\\\/\",\"name\":\"Gas heater \u00abATHENA\u00bb | SilverFlame\",\"isPartOf\":{\"@id\":\"https:\\\/\\\/www.silverflame.eu\\\/ru\\\/#website\"},\"primaryImageOfPage\":{\"@id\":\"http:\\\/\\\/www.silverflame.eu\\\/fi\\\/tuote\\\/gas-heater-athena\\\/#primaryimage\"},\"image\":{\"@id\":\"http:\\\/\\\/www.silverflame.eu\\\/fi\\\/tuote\\\/gas-heater-athena\\\/#primaryimage\"},\"thumbnailUrl\":\"https:\\\/\\\/www.silverflame.eu\\\/wp-content\\\/uploads\\\/2024\\\/03\\\/gas-heater-silverflame-athena-black.png\",\"datePublished\":\"2024-03-09T23:21:21+00:00\",\"dateModified\":\"2026-01-15T05:45:55+00:00\",\"description\":\"Gas heater \u00abATHENA\u00bbThe pyramid-shaped heater is a very stylish and innovative choice for your environment. These heaters are made of high-quality, durable..\",\"breadcrumb\":{\"@id\":\"http:\\\/\\\/www.silverflame.eu\\\/fi\\\/tuote\\\/gas-heater-athena\\\/#breadcrumb\"},\"inLanguage\":\"et\",\"potentialAction\":[{\"@type\":\"ReadAction\",\"target\":[\"http:\\\/\\\/www.silverflame.eu\\\/fi\\\/tuote\\\/gas-heater-athena\\\/\"]}]},{\"@type\":\"ImageObject\",\"inLanguage\":\"et\",\"@id\":\"http:\\\/\\\/www.silverflame.eu\\\/fi\\\/tuote\\\/gas-heater-athena\\\/#primaryimage\",\"url\":\"https:\\\/\\\/www.silverflame.eu\\\/wp-content\\\/uploads\\\/2024\\\/03\\\/gas-heater-silverflame-athena-black.png\",\"contentUrl\":\"https:\\\/\\\/www.silverflame.eu\\\/wp-content\\\/uploads\\\/2024\\\/03\\\/gas-heater-silverflame-athena-black.png\",\"width\":733,\"height\":734,\"caption\":\"SilverFlame's Athena gas heater offers efficient warmth with a sleek design, perfect for home or commercial use.\"},{\"@type\":\"BreadcrumbList\",\"@id\":\"http:\\\/\\\/www.silverflame.eu\\\/fi\\\/tuote\\\/gas-heater-athena\\\/#breadcrumb\",\"itemListElement\":[{\"@type\":\"ListItem\",\"position\":1,\"name\":\"Home page\",\"item\":\"https:\\\/\\\/www.silverflame.eu\\\/ru\\\/\"},{\"@type\":\"ListItem\",\"position\":2,\"name\":\"Shop\",\"item\":\"https:\\\/\\\/www.silverflame.eu\\\/ru\\\/shop\\\/\"},{\"@type\":\"ListItem\",\"position\":3,\"name\":\"Gas heater \u00abATHENA\u00bb\"}]},{\"@type\":\"WebSite\",\"@id\":\"https:\\\/\\\/www.silverflame.eu\\\/ru\\\/#website\",\"url\":\"https:\\\/\\\/www.silverflame.eu\\\/ru\\\/\",\"name\":\"SilverFlame\",\"description\":\"Biofireplaces | biokaminad | biotakat | bioeldst\u00e4der\",\"publisher\":{\"@id\":\"https:\\\/\\\/www.silverflame.eu\\\/ru\\\/#organization\"},\"potentialAction\":[{\"@type\":\"SearchAction\",\"target\":{\"@type\":\"EntryPoint\",\"urlTemplate\":\"https:\\\/\\\/www.silverflame.eu\\\/ru\\\/?s={search_term_string}\"},\"query-input\":{\"@type\":\"PropertyValueSpecification\",\"valueRequired\":true,\"valueName\":\"search_term_string\"}}],\"inLanguage\":\"et\"},{\"@type\":\"Organization\",\"@id\":\"https:\\\/\\\/www.silverflame.eu\\\/ru\\\/#organization\",\"name\":\"Silsev O\u00dc\",\"url\":\"https:\\\/\\\/www.silverflame.eu\\\/ru\\\/\",\"logo\":{\"@type\":\"ImageObject\",\"inLanguage\":\"et\",\"@id\":\"https:\\\/\\\/www.silverflame.eu\\\/ru\\\/#\\\/schema\\\/logo\\\/image\\\/\",\"url\":\"http:\\\/\\\/www.silverflame.eu\\\/wp-content\\\/uploads\\\/2021\\\/11\\\/SilverFlame_Biofireplaces-shop-in-EU_Big-logo.png\",\"contentUrl\":\"http:\\\/\\\/www.silverflame.eu\\\/wp-content\\\/uploads\\\/2021\\\/11\\\/SilverFlame_Biofireplaces-shop-in-EU_Big-logo.png\",\"width\":349,\"height\":478,\"caption\":\"Silsev O\u00dc\"},\"image\":{\"@id\":\"https:\\\/\\\/www.silverflame.eu\\\/ru\\\/#\\\/schema\\\/logo\\\/image\\\/\"},\"sameAs\":[\"https:\\\/\\\/www.facebook.com\\\/SilverFlameEurope\",\"https:\\\/\\\/www.instagram.com\\\/silverflame.eu\\\/\",\"https:\\\/\\\/www.youtube.com\\\/@SilverFlame-Biofireplaces\"],\"description\":\"Welcome to our online store, your one-stop destination for high-quality bioethanol fireplaces, gas heaters, infrared heaters, pop-up tents, patio umbrellas, and more. We specialize in delivering eco-friendly heating solutions and outdoor living products across Europe. Our selection is designed for comfort, style, and sustainability, ensuring that your home and outdoor spaces are both cozy and modern. Enjoy fast shipping, competitive prices, and exceptional customer service with every purchase.\",\"email\":\"info@silverflame.eu\",\"legalName\":\"Silsev O\u00dc\",\"publishingPrinciples\":\"https:\\\/\\\/www.silverflame.eu\\\/ru\\\/about-us\\\/\"}]}<\/script>\n<!-- \/ Yoast SEO Premium plugin. -->","yoast_head_json":{"title":"Gas heater \u00abATHENA\u00bb | SilverFlame","description":"Gas heater \u00abATHENA\u00bbThe pyramid-shaped heater is a very stylish and innovative choice for your environment. These heaters are made of high-quality, durable..","robots":{"index":"index","follow":"follow","max-snippet":"max-snippet:-1","max-image-preview":"max-image-preview:large","max-video-preview":"max-video-preview:-1"},"canonical":"http:\/\/www.silverflame.eu\/et\/tuote\/gas-heater-athena\/","og_locale":"et_EE","og_type":"article","og_title":"Gas heater \u00abATHENA\u00bb","og_description":"Gas heater \u00abATHENA\u00bbThe pyramid-shaped heater is a very stylish and innovative choice for your environment. These heaters are made of high-quality, durable..","og_url":"http:\/\/www.silverflame.eu\/et\/tuote\/gas-heater-athena\/","og_site_name":"SilverFlame","article_publisher":"https:\/\/www.facebook.com\/SilverFlameEurope","article_modified_time":"2026-01-15T05:45:55+00:00","og_image":[{"width":733,"height":734,"url":"https:\/\/www.silverflame.eu\/wp-content\/uploads\/2024\/03\/gas-heater-silverflame-athena-black.png","type":"image\/png"}],"twitter_card":"summary_large_image","twitter_misc":{"Est. reading time":"4 minutit"},"schema":{"@context":"https:\/\/schema.org","@graph":[{"@type":"WebPage","@id":"http:\/\/www.silverflame.eu\/fi\/tuote\/gas-heater-athena\/","url":"http:\/\/www.silverflame.eu\/fi\/tuote\/gas-heater-athena\/","name":"Gas heater \u00abATHENA\u00bb | SilverFlame","isPartOf":{"@id":"https:\/\/www.silverflame.eu\/ru\/#website"},"primaryImageOfPage":{"@id":"http:\/\/www.silverflame.eu\/fi\/tuote\/gas-heater-athena\/#primaryimage"},"image":{"@id":"http:\/\/www.silverflame.eu\/fi\/tuote\/gas-heater-athena\/#primaryimage"},"thumbnailUrl":"https:\/\/www.silverflame.eu\/wp-content\/uploads\/2024\/03\/gas-heater-silverflame-athena-black.png","datePublished":"2024-03-09T23:21:21+00:00","dateModified":"2026-01-15T05:45:55+00:00","description":"Gas heater \u00abATHENA\u00bbThe pyramid-shaped heater is a very stylish and innovative choice for your environment. These heaters are made of high-quality, durable..","breadcrumb":{"@id":"http:\/\/www.silverflame.eu\/fi\/tuote\/gas-heater-athena\/#breadcrumb"},"inLanguage":"et","potentialAction":[{"@type":"ReadAction","target":["http:\/\/www.silverflame.eu\/fi\/tuote\/gas-heater-athena\/"]}]},{"@type":"ImageObject","inLanguage":"et","@id":"http:\/\/www.silverflame.eu\/fi\/tuote\/gas-heater-athena\/#primaryimage","url":"https:\/\/www.silverflame.eu\/wp-content\/uploads\/2024\/03\/gas-heater-silverflame-athena-black.png","contentUrl":"https:\/\/www.silverflame.eu\/wp-content\/uploads\/2024\/03\/gas-heater-silverflame-athena-black.png","width":733,"height":734,"caption":"SilverFlame's Athena gas heater offers efficient warmth with a sleek design, perfect for home or commercial use."},{"@type":"BreadcrumbList","@id":"http:\/\/www.silverflame.eu\/fi\/tuote\/gas-heater-athena\/#breadcrumb","itemListElement":[{"@type":"ListItem","position":1,"name":"Home page","item":"https:\/\/www.silverflame.eu\/ru\/"},{"@type":"ListItem","position":2,"name":"Shop","item":"https:\/\/www.silverflame.eu\/ru\/shop\/"},{"@type":"ListItem","position":3,"name":"Gas heater \u00abATHENA\u00bb"}]},{"@type":"WebSite","@id":"https:\/\/www.silverflame.eu\/ru\/#website","url":"https:\/\/www.silverflame.eu\/ru\/","name":"SilverFlame","description":"Biofireplaces | biokaminad | biotakat | bioeldst\u00e4der","publisher":{"@id":"https:\/\/www.silverflame.eu\/ru\/#organization"},"potentialAction":[{"@type":"SearchAction","target":{"@type":"EntryPoint","urlTemplate":"https:\/\/www.silverflame.eu\/ru\/?s={search_term_string}"},"query-input":{"@type":"PropertyValueSpecification","valueRequired":true,"valueName":"search_term_string"}}],"inLanguage":"et"},{"@type":"Organization","@id":"https:\/\/www.silverflame.eu\/ru\/#organization","name":"Silsev O\u00dc","url":"https:\/\/www.silverflame.eu\/ru\/","logo":{"@type":"ImageObject","inLanguage":"et","@id":"https:\/\/www.silverflame.eu\/ru\/#\/schema\/logo\/image\/","url":"http:\/\/www.silverflame.eu\/wp-content\/uploads\/2021\/11\/SilverFlame_Biofireplaces-shop-in-EU_Big-logo.png","contentUrl":"http:\/\/www.silverflame.eu\/wp-content\/uploads\/2021\/11\/SilverFlame_Biofireplaces-shop-in-EU_Big-logo.png","width":349,"height":478,"caption":"Silsev O\u00dc"},"image":{"@id":"https:\/\/www.silverflame.eu\/ru\/#\/schema\/logo\/image\/"},"sameAs":["https:\/\/www.facebook.com\/SilverFlameEurope","https:\/\/www.instagram.com\/silverflame.eu\/","https:\/\/www.youtube.com\/@SilverFlame-Biofireplaces"],"description":"Welcome to our online store, your one-stop destination for high-quality bioethanol fireplaces, gas heaters, infrared heaters, pop-up tents, patio umbrellas, and more. We specialize in delivering eco-friendly heating solutions and outdoor living products across Europe. Our selection is designed for comfort, style, and sustainability, ensuring that your home and outdoor spaces are both cozy and modern. Enjoy fast shipping, competitive prices, and exceptional customer service with every purchase.","email":"info@silverflame.eu","legalName":"Silsev O\u00dc","publishingPrinciples":"https:\/\/www.silverflame.eu\/ru\/about-us\/"}]}},"_links":{"self":[{"href":"https:\/\/www.silverflame.eu\/et\/wp-json\/wp\/v2\/product\/7776","targetHints":{"allow":["GET"]}}],"collection":[{"href":"https:\/\/www.silverflame.eu\/et\/wp-json\/wp\/v2\/product"}],"about":[{"href":"https:\/\/www.silverflame.eu\/et\/wp-json\/wp\/v2\/types\/product"}],"wp:featuredmedia":[{"embeddable":true,"href":"https:\/\/www.silverflame.eu\/et\/wp-json\/wp\/v2\/media\/10744"}],"wp:attachment":[{"href":"https:\/\/www.silverflame.eu\/et\/wp-json\/wp\/v2\/media?parent=7776"}],"wp:term":[{"taxonomy":"product_brand","embeddable":true,"href":"https:\/\/www.silverflame.eu\/et\/wp-json\/wp\/v2\/product_brand?post=7776"},{"taxonomy":"product_cat","embeddable":true,"href":"https:\/\/www.silverflame.eu\/et\/wp-json\/wp\/v2\/product_cat?post=7776"},{"taxonomy":"product_tag","embeddable":true,"href":"https:\/\/www.silverflame.eu\/et\/wp-json\/wp\/v2\/product_tag?post=7776"}],"curies":[{"name":"wp","href":"https:\/\/api.w.org\/{rel}","templated":true}]}}