{"id":10613,"date":"2024-03-25T22:21:04","date_gmt":"2024-03-25T20:21:04","guid":{"rendered":"http:\/\/www.silverflame.eu\/?post_type=product&#038;p=10613"},"modified":"2026-01-15T07:46:30","modified_gmt":"2026-01-15T05:46:30","slug":"pop-up-tent-4x6-premium","status":"publish","type":"product","link":"https:\/\/www.silverflame.eu\/fi\/tuote\/pop-up-tent-4x6-premium\/","title":{"rendered":"Pop-up teltta 4\u00d76 \u00abPREMIUM+\u00bb"},"content":{"rendered":"<h5><strong>Tietoja tuotteesta:<\/strong><\/h5>\n<p><strong>Pop-up teltta 4\u00d76 \u00abPREMIUM+\u00bb<\/strong><\/p>\n<p>The \u00abPREMIUM+\u00bb pop-up tent is our strongest folding tent. They are designed for professional and frequent use in all weather conditions. The tents are made of exceptionally strong and high-quality materials.<\/p>\n<p>&nbsp;<\/p>\n<p>&nbsp;<\/p>\n<h5><strong>Teltan runko<\/strong><\/h5>\n<p>The frame is made of 6063-T5 anodized aluminum profiles, which are UV and corrosion resistant and resistant to various weather conditions. The aluminum used in the production process is processed according to the DIN 17611 E2 standard. The parts of the tent frame are connected with high-quality certified screws. The contact points between the tent cover and the frame are additionally reinforced with wear-resistant material to increase their durability. The tent legs have relatively large support plates to provide stability. The tent uses high-strength polymer composite joints, which are much more stable and durable than conventional plastic joints. The height of the legs can be adjusted, and the desired height can be fixed using a high-quality locking system.<\/p>\n<p>&nbsp;<\/p>\n<p>&nbsp;<\/p>\n<h5><strong>Huolto, kokoonpano ja varastointi<\/strong><\/h5>\n<p>The pop-up tent is very quick and easy to assemble. In most cases, detailed instructions for assembling the tent are not necessary, but we include them nonetheless and provide guidance if needed. Thanks to the dirt-repellent high-quality polyester, the tent is very easy to maintain. The foldable tent takes up very little space, so you can easily transport it in your car, and it doesn&#8217;t require much space for storage.<\/p>\n<p>&nbsp;<\/p>\n<p>&nbsp;<\/p>\n<h5><strong>Katto ja sein\u00e4t<\/strong><\/h5>\n<p>The fabric of the tent roof and walls is certified according to European UV standard 801, receiving a maximum coefficient value certification of 80+. It is made of polyester with an additional PVC coating according to standard DIN60905. Industrial sewing techniques are used to ensure maximum seam strength and moisture resistance. The corners of the collapsible tent roof are reinforced with eyelets for securing ropes. This means that you can properly secure it even in very bad weather conditions and ensure the stability of the tent. The tent walls and roof are 100% waterproof.<\/p>\n<p>&nbsp;<\/p>\n<p>The roof is attached to the frame with both hook and loop fasteners and additional locks. All walls are separate, so it is possible to leave some walls off if necessary. The walls are attached to each other and to the roof with hook and loop fasteners, and then separately secured to the frame with additional fasteners.<\/p>\n<p>&nbsp;<\/p>\n<p>&nbsp;<\/p>\n<h5><strong>Teltan kuljetuslaukku<\/strong><\/h5>\n<p>The basic equipment of every pop-up tent we sell includes a high-quality transport bag that helps you move your tent quickly and easily from one place to another. The bag is made of durable Oxford material and features built-in carrying handles. We recommend always storing the tent in the bag to help maintain order in storage.<\/p>\n<p>&nbsp;<\/p>\n<p>&nbsp;<\/p>\n<h5><strong>Lis\u00e4informaatio<\/strong><\/h5>\n<p>To ensure the quality of our tents, they are inspected before packaging. Spare parts availability is ensured if needed. Along with the tent, you will receive clear instructions for assembly. This tent comes with a 2-year warranty.<\/p>\n<p>&nbsp;<\/p>\n<p><span style=\"color: #ffffff;\">Pop-up teltta 4\u00d76 \u00abPREMIUM+\u00bb<\/span><\/p>\n<p><strong><em>Lue lis\u00e4\u00e4 mielenkiintoisia faktoja tuotteistamme <a href=\"http:\/\/www.silverflame.eu\/fi\/blog\/\">blogistamme!<\/a><\/em><\/strong><\/p>","protected":false},"excerpt":{"rendered":"<p><strong>Toimitusaika:<\/strong>\u00a03-6 p\u00e4iv\u00e4\u00e4<\/p>\n<table class=\"yoast-text-mark\" dir=\"ltr\" border=\"1\" cellspacing=\"0\" cellpadding=\"\">\n<colgroup>\n<col width=\"209\" \/>\n<col width=\"455\" \/><\/colgroup>\n<tbody>\n<tr>\n<td data-sheets-value=\"{&quot;1&quot;:2,&quot;2&quot;:&quot;Size&quot;}\">Koko (m)<\/td>\n<td data-sheets-value=\"{&quot;1&quot;:2,&quot;2&quot;:&quot;2x2&quot;}\">4&#215;6<\/td>\n<\/tr>\n<tr>\n<td data-sheets-value=\"{&quot;1&quot;:2,&quot;2&quot;:&quot;Tent profile&quot;}\">Teltan profiili<\/td>\n<td data-sheets-value=\"{&quot;1&quot;:2,&quot;2&quot;:&quot;Steel square 30 mm&quot;}\">Alumiiniprofiilit (50mm), kuusikulmainen<\/td>\n<\/tr>\n<tr>\n<td data-sheets-value=\"{&quot;1&quot;:2,&quot;2&quot;:&quot;Set&quot;}\">Aseta<\/td>\n<td data-sheets-value=\"{&quot;1&quot;:2,&quot;2&quot;:&quot;Tent structure, 4 walls and roof, pegs and ropes for fastening, transport bag&quot;}\">Teltan runko, 4 sein\u00e4\u00e4 ja katto, tapit ja k\u00f6ydet kiinnitykseen, laukku kuljetusta varten<\/td>\n<\/tr>\n<tr>\n<td data-sheets-value=\"{&quot;1&quot;:2,&quot;2&quot;:&quot;Color&quot;}\">V\u00e4ri<\/td>\n<td data-sheets-value=\"{&quot;1&quot;:2,&quot;2&quot;:&quot;Black, Blue, Green, Red, White or Yellow &quot;}\">Musta, sininen, vihre\u00e4, punainen, valkoinen tai keltainen<\/td>\n<\/tr>\n<tr>\n<td data-sheets-value=\"{&quot;1&quot;:2,&quot;2&quot;:&quot;Installation time&quot;}\">Asennusaika<\/td>\n<td data-sheets-value=\"{&quot;1&quot;:2,&quot;2&quot;:&quot;Very fast, in just one-two minute&quot;}\">Eritt\u00e4in nopea, vain muutama minuutti<\/td>\n<\/tr>\n<tr>\n<td data-sheets-value=\"{&quot;1&quot;:2,&quot;2&quot;:&quot;Tent construction&quot;}\">Teltan runko<\/td>\n<td data-sheets-value=\"{&quot;1&quot;:2,&quot;2&quot;:&quot;Metal profiles (30x30, 25x25, 23x12 mm), industrially coated with corrosion-resistant paint. The profiles are connected by strong metal connections&quot;}\">\n<div>\n<div>Kuusikulmaiset alumiiniprofiilit (50 mm). Runko on valmistettu 6063-T5 anodisoiduista alumiiniprofiileista, jotka ovat UV- ja korroosionkest\u00e4vi\u00e4 ja kest\u00e4v\u00e4t erilaisia s\u00e4\u00e4olosuhteita<\/div>\n<\/div>\n<\/td>\n<\/tr>\n<tr>\n<td data-sheets-value=\"{&quot;1&quot;:2,&quot;2&quot;:&quot;Profile connectors&quot;}\">Profiililiit\u00e4nn\u00e4t<\/td>\n<td data-sheets-value=\"{&quot;1&quot;:2,&quot;2&quot;:&quot;Metal. Adapted for extremely frequent use and load&quot;}\">Suunniteltu jatkuvaan asennukseen ja ammattik\u00e4ytt\u00f6\u00f6n<\/td>\n<\/tr>\n<tr>\n<td data-sheets-value=\"{&quot;1&quot;:2,&quot;2&quot;:&quot;Height of tent legs&quot;}\">Teltan jalkojen korkeus<\/td>\n<td data-sheets-value=\"{&quot;1&quot;:2,&quot;2&quot;:&quot;Easily adjustable&quot;}\">Helposti s\u00e4\u00e4dett\u00e4v\u00e4<\/td>\n<\/tr>\n<tr>\n<td data-sheets-value=\"{&quot;1&quot;:2,&quot;2&quot;:&quot;Design features&quot;}\">Suunnitteluominaisuuksia<\/td>\n<td data-sheets-value=\"{&quot;1&quot;:2,&quot;2&quot;:&quot;Long-lived, strong, certified. Manufactured using the most advanced manufacturing technologies of structural profiles&quot;}\">\n<div>\n<div>Pitk\u00e4ik\u00e4inen, vahva, sertifioitu. Valmistettu k\u00e4ytt\u00e4m\u00e4ll\u00e4 edistyneimpi\u00e4 rakenneprofiilien valmistustekniikoita<\/div>\n<\/div>\n<\/td>\n<\/tr>\n<tr>\n<td data-sheets-value=\"{&quot;1&quot;:2,&quot;2&quot;:&quot;Packaging&quot;}\">Pakkaus<\/td>\n<td data-sheets-value=\"{&quot;1&quot;:2,&quot;2&quot;:&quot;30 x 30 x 150 cm (16.3 kg)&quot;}\">30 x 30 x 150 cm (57,1 kg)<\/td>\n<\/tr>\n<\/tbody>\n<\/table>","protected":false},"featured_media":10622,"template":"","meta":{"_monsterinsights_skip_tracking":false,"_monsterinsights_sitenote_active":false,"_monsterinsights_sitenote_note":"","_monsterinsights_sitenote_category":0},"product_brand":[],"product_cat":[174],"product_tag":[226],"class_list":{"0":"post-10613","1":"product","2":"type-product","3":"status-publish","4":"has-post-thumbnail","6":"product_cat-pop-up-tents-and-pavilions","7":"product_tag-pop-up-tent","8":"product_shipping_class-heatum","9":"pa_color-black-color","10":"pa_color-blue-color","11":"pa_color-green-color","12":"pa_color-red-color","13":"pa_color-white-color","14":"pa_color-yellow-color","15":"pa_pop-up-size-4x6","16":"aux-has-gallery","18":"first","19":"instock","20":"sale","21":"taxable","22":"shipping-taxable","23":"purchasable","24":"product-type-variable"},"yoast_head":"<!-- This site is optimized with the Yoast SEO Premium plugin v24.1 (Yoast SEO v27.4) - https:\/\/yoast.com\/product\/yoast-seo-premium-wordpress\/ -->\n<title>Pop-up tent 4\u00d76 \u00abPREMIUM+\u00bb | SilverFlame<\/title>\n<meta name=\"description\" content=\"The pop-up tent 4\u00d76 PREMIUM+ is our strongest folding tent. They are designed for professional and frequent use in all weather conditions. The te...\" \/>\n<meta name=\"robots\" content=\"index, follow, max-snippet:-1, max-image-preview:large, max-video-preview:-1\" \/>\n<link rel=\"canonical\" href=\"https:\/\/www.silverflame.eu\/fi\/toode\/pop-up-tent-4x6-premium\/\" \/>\n<meta property=\"og:locale\" content=\"fi_FI\" \/>\n<meta property=\"og:type\" content=\"article\" \/>\n<meta property=\"og:title\" content=\"Pop-up tent 4\u00d76 \u00abPREMIUM+\u00bb\" \/>\n<meta property=\"og:description\" content=\"The pop-up tent 4\u00d76 PREMIUM+ is our strongest folding tent. They are designed for professional and frequent use in all weather conditions. The te...\" \/>\n<meta property=\"og:url\" content=\"https:\/\/www.silverflame.eu\/fi\/toode\/pop-up-tent-4x6-premium\/\" \/>\n<meta property=\"og:site_name\" content=\"SilverFlame\" \/>\n<meta property=\"article:publisher\" content=\"https:\/\/www.facebook.com\/SilverFlameEurope\" \/>\n<meta property=\"article:modified_time\" content=\"2026-01-15T05:46:30+00:00\" \/>\n<meta property=\"og:image\" content=\"https:\/\/www.silverflame.eu\/wp-content\/uploads\/2024\/03\/pop-up-tent-4x6-green-silverflame-premium.png\" \/>\n\t<meta property=\"og:image:width\" content=\"733\" \/>\n\t<meta property=\"og:image:height\" content=\"734\" \/>\n\t<meta property=\"og:image:type\" content=\"image\/png\" \/>\n<meta name=\"twitter:card\" content=\"summary_large_image\" \/>\n<meta name=\"twitter:label1\" content=\"Arvioitu lukuaika\" \/>\n\t<meta name=\"twitter:data1\" content=\"3 minuuttia\" \/>\n<script type=\"application\/ld+json\" class=\"yoast-schema-graph\">{\"@context\":\"https:\\\/\\\/schema.org\",\"@graph\":[{\"@type\":\"WebPage\",\"@id\":\"https:\\\/\\\/www.silverflame.eu\\\/et\\\/toode\\\/pop-up-tent-4x6-premium\\\/\",\"url\":\"https:\\\/\\\/www.silverflame.eu\\\/et\\\/toode\\\/pop-up-tent-4x6-premium\\\/\",\"name\":\"Pop-up tent 4\u00d76 \u00abPREMIUM+\u00bb | SilverFlame\",\"isPartOf\":{\"@id\":\"https:\\\/\\\/www.silverflame.eu\\\/ru\\\/#website\"},\"primaryImageOfPage\":{\"@id\":\"https:\\\/\\\/www.silverflame.eu\\\/et\\\/toode\\\/pop-up-tent-4x6-premium\\\/#primaryimage\"},\"image\":{\"@id\":\"https:\\\/\\\/www.silverflame.eu\\\/et\\\/toode\\\/pop-up-tent-4x6-premium\\\/#primaryimage\"},\"thumbnailUrl\":\"https:\\\/\\\/www.silverflame.eu\\\/wp-content\\\/uploads\\\/2024\\\/03\\\/pop-up-tent-4x6-green-silverflame-premium.png\",\"datePublished\":\"2024-03-25T20:21:04+00:00\",\"dateModified\":\"2026-01-15T05:46:30+00:00\",\"description\":\"The pop-up tent 4\u00d76 PREMIUM+ is our strongest folding tent. They are designed for professional and frequent use in all weather conditions. The te...\",\"breadcrumb\":{\"@id\":\"https:\\\/\\\/www.silverflame.eu\\\/et\\\/toode\\\/pop-up-tent-4x6-premium\\\/#breadcrumb\"},\"inLanguage\":\"fi\",\"potentialAction\":[{\"@type\":\"ReadAction\",\"target\":[\"https:\\\/\\\/www.silverflame.eu\\\/et\\\/toode\\\/pop-up-tent-4x6-premium\\\/\"]}]},{\"@type\":\"ImageObject\",\"inLanguage\":\"fi\",\"@id\":\"https:\\\/\\\/www.silverflame.eu\\\/et\\\/toode\\\/pop-up-tent-4x6-premium\\\/#primaryimage\",\"url\":\"https:\\\/\\\/www.silverflame.eu\\\/wp-content\\\/uploads\\\/2024\\\/03\\\/pop-up-tent-4x6-green-silverflame-premium.png\",\"contentUrl\":\"https:\\\/\\\/www.silverflame.eu\\\/wp-content\\\/uploads\\\/2024\\\/03\\\/pop-up-tent-4x6-green-silverflame-premium.png\",\"width\":733,\"height\":734,\"caption\":\"pop-up-tent-4x6-green-silverflame-premium\"},{\"@type\":\"BreadcrumbList\",\"@id\":\"https:\\\/\\\/www.silverflame.eu\\\/et\\\/toode\\\/pop-up-tent-4x6-premium\\\/#breadcrumb\",\"itemListElement\":[{\"@type\":\"ListItem\",\"position\":1,\"name\":\"Home page\",\"item\":\"https:\\\/\\\/www.silverflame.eu\\\/ru\\\/\"},{\"@type\":\"ListItem\",\"position\":2,\"name\":\"Shop\",\"item\":\"https:\\\/\\\/www.silverflame.eu\\\/ru\\\/shop\\\/\"},{\"@type\":\"ListItem\",\"position\":3,\"name\":\"Pop-up tent 4\u00d76 \u00abPREMIUM+\u00bb\"}]},{\"@type\":\"WebSite\",\"@id\":\"https:\\\/\\\/www.silverflame.eu\\\/ru\\\/#website\",\"url\":\"https:\\\/\\\/www.silverflame.eu\\\/ru\\\/\",\"name\":\"SilverFlame\",\"description\":\"Biofireplaces | biokaminad | biotakat | bioeldst\u00e4der\",\"publisher\":{\"@id\":\"https:\\\/\\\/www.silverflame.eu\\\/ru\\\/#organization\"},\"potentialAction\":[{\"@type\":\"SearchAction\",\"target\":{\"@type\":\"EntryPoint\",\"urlTemplate\":\"https:\\\/\\\/www.silverflame.eu\\\/ru\\\/?s={search_term_string}\"},\"query-input\":{\"@type\":\"PropertyValueSpecification\",\"valueRequired\":true,\"valueName\":\"search_term_string\"}}],\"inLanguage\":\"fi\"},{\"@type\":\"Organization\",\"@id\":\"https:\\\/\\\/www.silverflame.eu\\\/ru\\\/#organization\",\"name\":\"Silsev O\u00dc\",\"url\":\"https:\\\/\\\/www.silverflame.eu\\\/ru\\\/\",\"logo\":{\"@type\":\"ImageObject\",\"inLanguage\":\"fi\",\"@id\":\"https:\\\/\\\/www.silverflame.eu\\\/ru\\\/#\\\/schema\\\/logo\\\/image\\\/\",\"url\":\"http:\\\/\\\/www.silverflame.eu\\\/wp-content\\\/uploads\\\/2021\\\/11\\\/SilverFlame_Biofireplaces-shop-in-EU_Big-logo.png\",\"contentUrl\":\"http:\\\/\\\/www.silverflame.eu\\\/wp-content\\\/uploads\\\/2021\\\/11\\\/SilverFlame_Biofireplaces-shop-in-EU_Big-logo.png\",\"width\":349,\"height\":478,\"caption\":\"Silsev O\u00dc\"},\"image\":{\"@id\":\"https:\\\/\\\/www.silverflame.eu\\\/ru\\\/#\\\/schema\\\/logo\\\/image\\\/\"},\"sameAs\":[\"https:\\\/\\\/www.facebook.com\\\/SilverFlameEurope\",\"https:\\\/\\\/www.instagram.com\\\/silverflame.eu\\\/\",\"https:\\\/\\\/www.youtube.com\\\/@SilverFlame-Biofireplaces\"],\"description\":\"Welcome to our online store, your one-stop destination for high-quality bioethanol fireplaces, gas heaters, infrared heaters, pop-up tents, patio umbrellas, and more. We specialize in delivering eco-friendly heating solutions and outdoor living products across Europe. Our selection is designed for comfort, style, and sustainability, ensuring that your home and outdoor spaces are both cozy and modern. Enjoy fast shipping, competitive prices, and exceptional customer service with every purchase.\",\"email\":\"info@silverflame.eu\",\"legalName\":\"Silsev O\u00dc\",\"publishingPrinciples\":\"https:\\\/\\\/www.silverflame.eu\\\/ru\\\/about-us\\\/\"}]}<\/script>\n<!-- \/ Yoast SEO Premium plugin. -->","yoast_head_json":{"title":"Pop-up tent 4\u00d76 \u00abPREMIUM+\u00bb | SilverFlame","description":"The pop-up tent 4\u00d76 PREMIUM+ is our strongest folding tent. They are designed for professional and frequent use in all weather conditions. The te...","robots":{"index":"index","follow":"follow","max-snippet":"max-snippet:-1","max-image-preview":"max-image-preview:large","max-video-preview":"max-video-preview:-1"},"canonical":"https:\/\/www.silverflame.eu\/fi\/toode\/pop-up-tent-4x6-premium\/","og_locale":"fi_FI","og_type":"article","og_title":"Pop-up tent 4\u00d76 \u00abPREMIUM+\u00bb","og_description":"The pop-up tent 4\u00d76 PREMIUM+ is our strongest folding tent. They are designed for professional and frequent use in all weather conditions. The te...","og_url":"https:\/\/www.silverflame.eu\/fi\/toode\/pop-up-tent-4x6-premium\/","og_site_name":"SilverFlame","article_publisher":"https:\/\/www.facebook.com\/SilverFlameEurope","article_modified_time":"2026-01-15T05:46:30+00:00","og_image":[{"width":733,"height":734,"url":"https:\/\/www.silverflame.eu\/wp-content\/uploads\/2024\/03\/pop-up-tent-4x6-green-silverflame-premium.png","type":"image\/png"}],"twitter_card":"summary_large_image","twitter_misc":{"Arvioitu lukuaika":"3 minuuttia"},"schema":{"@context":"https:\/\/schema.org","@graph":[{"@type":"WebPage","@id":"https:\/\/www.silverflame.eu\/et\/toode\/pop-up-tent-4x6-premium\/","url":"https:\/\/www.silverflame.eu\/et\/toode\/pop-up-tent-4x6-premium\/","name":"Pop-up tent 4\u00d76 \u00abPREMIUM+\u00bb | SilverFlame","isPartOf":{"@id":"https:\/\/www.silverflame.eu\/ru\/#website"},"primaryImageOfPage":{"@id":"https:\/\/www.silverflame.eu\/et\/toode\/pop-up-tent-4x6-premium\/#primaryimage"},"image":{"@id":"https:\/\/www.silverflame.eu\/et\/toode\/pop-up-tent-4x6-premium\/#primaryimage"},"thumbnailUrl":"https:\/\/www.silverflame.eu\/wp-content\/uploads\/2024\/03\/pop-up-tent-4x6-green-silverflame-premium.png","datePublished":"2024-03-25T20:21:04+00:00","dateModified":"2026-01-15T05:46:30+00:00","description":"The pop-up tent 4\u00d76 PREMIUM+ is our strongest folding tent. They are designed for professional and frequent use in all weather conditions. The te...","breadcrumb":{"@id":"https:\/\/www.silverflame.eu\/et\/toode\/pop-up-tent-4x6-premium\/#breadcrumb"},"inLanguage":"fi","potentialAction":[{"@type":"ReadAction","target":["https:\/\/www.silverflame.eu\/et\/toode\/pop-up-tent-4x6-premium\/"]}]},{"@type":"ImageObject","inLanguage":"fi","@id":"https:\/\/www.silverflame.eu\/et\/toode\/pop-up-tent-4x6-premium\/#primaryimage","url":"https:\/\/www.silverflame.eu\/wp-content\/uploads\/2024\/03\/pop-up-tent-4x6-green-silverflame-premium.png","contentUrl":"https:\/\/www.silverflame.eu\/wp-content\/uploads\/2024\/03\/pop-up-tent-4x6-green-silverflame-premium.png","width":733,"height":734,"caption":"pop-up-tent-4x6-green-silverflame-premium"},{"@type":"BreadcrumbList","@id":"https:\/\/www.silverflame.eu\/et\/toode\/pop-up-tent-4x6-premium\/#breadcrumb","itemListElement":[{"@type":"ListItem","position":1,"name":"Home page","item":"https:\/\/www.silverflame.eu\/ru\/"},{"@type":"ListItem","position":2,"name":"Shop","item":"https:\/\/www.silverflame.eu\/ru\/shop\/"},{"@type":"ListItem","position":3,"name":"Pop-up tent 4\u00d76 \u00abPREMIUM+\u00bb"}]},{"@type":"WebSite","@id":"https:\/\/www.silverflame.eu\/ru\/#website","url":"https:\/\/www.silverflame.eu\/ru\/","name":"SilverFlame","description":"Biofireplaces | biokaminad | biotakat | bioeldst\u00e4der","publisher":{"@id":"https:\/\/www.silverflame.eu\/ru\/#organization"},"potentialAction":[{"@type":"SearchAction","target":{"@type":"EntryPoint","urlTemplate":"https:\/\/www.silverflame.eu\/ru\/?s={search_term_string}"},"query-input":{"@type":"PropertyValueSpecification","valueRequired":true,"valueName":"search_term_string"}}],"inLanguage":"fi"},{"@type":"Organization","@id":"https:\/\/www.silverflame.eu\/ru\/#organization","name":"Silsev O\u00dc","url":"https:\/\/www.silverflame.eu\/ru\/","logo":{"@type":"ImageObject","inLanguage":"fi","@id":"https:\/\/www.silverflame.eu\/ru\/#\/schema\/logo\/image\/","url":"http:\/\/www.silverflame.eu\/wp-content\/uploads\/2021\/11\/SilverFlame_Biofireplaces-shop-in-EU_Big-logo.png","contentUrl":"http:\/\/www.silverflame.eu\/wp-content\/uploads\/2021\/11\/SilverFlame_Biofireplaces-shop-in-EU_Big-logo.png","width":349,"height":478,"caption":"Silsev O\u00dc"},"image":{"@id":"https:\/\/www.silverflame.eu\/ru\/#\/schema\/logo\/image\/"},"sameAs":["https:\/\/www.facebook.com\/SilverFlameEurope","https:\/\/www.instagram.com\/silverflame.eu\/","https:\/\/www.youtube.com\/@SilverFlame-Biofireplaces"],"description":"Welcome to our online store, your one-stop destination for high-quality bioethanol fireplaces, gas heaters, infrared heaters, pop-up tents, patio umbrellas, and more. We specialize in delivering eco-friendly heating solutions and outdoor living products across Europe. Our selection is designed for comfort, style, and sustainability, ensuring that your home and outdoor spaces are both cozy and modern. Enjoy fast shipping, competitive prices, and exceptional customer service with every purchase.","email":"info@silverflame.eu","legalName":"Silsev O\u00dc","publishingPrinciples":"https:\/\/www.silverflame.eu\/ru\/about-us\/"}]}},"_links":{"self":[{"href":"https:\/\/www.silverflame.eu\/fi\/wp-json\/wp\/v2\/product\/10613","targetHints":{"allow":["GET"]}}],"collection":[{"href":"https:\/\/www.silverflame.eu\/fi\/wp-json\/wp\/v2\/product"}],"about":[{"href":"https:\/\/www.silverflame.eu\/fi\/wp-json\/wp\/v2\/types\/product"}],"wp:featuredmedia":[{"embeddable":true,"href":"https:\/\/www.silverflame.eu\/fi\/wp-json\/wp\/v2\/media\/10622"}],"wp:attachment":[{"href":"https:\/\/www.silverflame.eu\/fi\/wp-json\/wp\/v2\/media?parent=10613"}],"wp:term":[{"taxonomy":"product_brand","embeddable":true,"href":"https:\/\/www.silverflame.eu\/fi\/wp-json\/wp\/v2\/product_brand?post=10613"},{"taxonomy":"product_cat","embeddable":true,"href":"https:\/\/www.silverflame.eu\/fi\/wp-json\/wp\/v2\/product_cat?post=10613"},{"taxonomy":"product_tag","embeddable":true,"href":"https:\/\/www.silverflame.eu\/fi\/wp-json\/wp\/v2\/product_tag?post=10613"}],"curies":[{"name":"wp","href":"https:\/\/api.w.org\/{rel}","templated":true}]}}