{"id":10796,"date":"2024-03-31T01:34:31","date_gmt":"2024-03-30T23:34:31","guid":{"rendered":"http:\/\/www.silverflame.eu\/?post_type=product&#038;p=10796"},"modified":"2024-10-22T12:59:08","modified_gmt":"2024-10-22T09:59:08","slug":"gas-heater-alonzo","status":"publish","type":"product","link":"https:\/\/www.silverflame.eu\/fi\/tuote\/gas-heater-alonzo\/","title":{"rendered":"Kaasul\u00e4mmitin \u00abALONZO\u00bb"},"content":{"rendered":"<h5><strong>Tietoja tuotteesta:<\/strong><\/h5>\n<p><strong>Kaasul\u00e4mmitin \u00abALONZO\u00bb<\/strong><\/p>\n<p>&nbsp;<\/p>\n<p>This heater offers the best combination of quality, price, and design. These heaters are made of extremely durable, long-lasting, and heat-resistant stainless steel material, so they last for years without losing their aesthetic appearance. The wheels at the bottom of the heater make it easy to move around. When the heating element is turned on, it immediately starts radiating pleasant heat, and depending on the weather conditions, you can easily adjust the heat setting with the control panel. In addition to its direct function, the heaters also create a cozy atmosphere and pleasant light.<\/p>\n<p>&nbsp;<\/p>\n<p>&nbsp;<\/p>\n<h5><strong>Kaasul\u00e4mmitin \u00abALONZO\u00bb on k\u00e4ytt\u00f6valmis<\/strong><\/h5>\n<p>When choosing a heater, pay attention to its components. If you haven&#8217;t bought a heater before, you may be disappointed when purchasing from other stores because certain accessories may not be included in the price. The most common parts are the regulator and gas hose &#8211; without these parts, the heater will not work. We want to emphasize that our heater is complete and includes all the equipment you need to use the heater. You just need to buy a gas cylinder additionally.<\/p>\n<p>&nbsp;<\/p>\n<p>&nbsp;<\/p>\n<h5><strong>Better than similar-shaped competitors<\/strong><\/h5>\n<p>Our gas heater has many advantages over other similar-shaped gas heaters. The heater is already popular and appreciated by our customers. Here are some features that make this heater special:<\/p>\n<p>&nbsp;<\/p>\n<ul>\n<li>&#8211; This heater has very durable and high-quality transport wheels, making it easy and hassle-free to move the heater to another location. This is very convenient when your heater is used in different places. For example, in a restaurant, its location may vary depending on where the customers are seated, or at home, if you want to move the heater to the garage or elsewhere when not in use.<\/li>\n<li>&#8211; The construction of this heater is additionally reinforced and easy to assemble. The stainless steel used to make the heater is thicker than most heaters of this shape sold elsewhere. Therefore, our heaters may be several kilograms heavier than those of other manufacturers. The weight difference is not noticeable during transportation or assembly, but it significantly affects the durability of the heating element itself, especially on windy days.<\/li>\n<li>&#8211; The heater is corrosion-resistant. Therefore, you can be sure that you will get a durable and reliable heating solution.<\/li>\n<\/ul>\n<p>&nbsp;<\/p>\n<p>&nbsp;<\/p>\n<h5><strong>Designed for ease of use<\/strong><\/h5>\n<p>The development of this heater takes into account the manufacturer&#8217;s years of experience in the heating equipment market. This heater contains many elements that are not visible but are useful for the user:<\/p>\n<ul>\n<li>&#8211; Extremely easy to use. To turn on the heater, simply connect the gas cylinder, turn on the gas, and press the ignition button. The heat intensity can be adjusted using the lever.<\/li>\n<li>&#8211; Next-generation waterproof PIEZO ignition element. This ignition element is powered by a battery that can be purchased from any store. With just one battery, the heater will last a long time, and once you have inserted the battery, you can completely forget about it.<\/li>\n<\/ul>\n<p>&nbsp;<\/p>\n<p>&nbsp;<\/p>\n<h5><strong>Safe heater. Ideal for both home and commercial use<\/strong><\/h5>\n<ul>\n<li>&#8211; The heater automatically extinguishes the flame and cuts off the gas supply if the heater is tilted at an angle of 45 degrees or more.<\/li>\n<li>&#8211; The heater is designed to prevent the spread of an open flame.<\/li>\n<li>&#8211; The gas cylinder has integrated fittings for the gas cylinder container. If the heater is tilted or falls over, the gas cylinder remains in the container and does not fall out.<\/li>\n<\/ul>\n<p>&nbsp;<\/p>\n<p><strong><em>Lue lis\u00e4\u00e4 mielenkiintoisia faktoja tuotteistamme <a href=\"http:\/\/www.silverflame.eu\/fi\/blog\/\">blogistamme!<\/a><\/em><\/strong><\/p>","protected":false},"excerpt":{"rendered":"<p><strong>Toimitusaika:<\/strong>\u00a03-6 p\u00e4iv\u00e4\u00e4<\/p>\n<table dir=\"ltr\" border=\"1\" cellspacing=\"0\" cellpadding=\"0\" data-sheets-root=\"1\">\n<colgroup>\n<col width=\"182\" \/>\n<col width=\"380\" \/><\/colgroup>\n<tbody>\n<tr>\n<td data-sheets-value=\"{&quot;1&quot;:2,&quot;2&quot;:&quot;Heated area (m\u00b2)&quot;}\">L\u00e4mmitetty alue (m\u00b2)<\/td>\n<td data-sheets-value=\"{&quot;1&quot;:3,&quot;3&quot;:24}\">24<\/td>\n<\/tr>\n<tr>\n<td data-sheets-value=\"{&quot;1&quot;:2,&quot;2&quot;:&quot;Heating power&quot;}\">L\u00e4mmitysteho<\/td>\n<td data-sheets-value=\"{&quot;1&quot;:2,&quot;2&quot;:&quot;Up to 13500 W&quot;}\">Jopa 13500 W<\/td>\n<\/tr>\n<tr>\n<td data-sheets-value=\"{&quot;1&quot;:2,&quot;2&quot;:&quot;Gas type&quot;}\">Kaasutyyppi<\/td>\n<td data-sheets-value=\"{&quot;1&quot;:2,&quot;2&quot;:&quot;Butane\/propane or their mixture&quot;}\">Butaani\/propaani tai niiden seos<\/td>\n<\/tr>\n<tr>\n<td data-sheets-value=\"{&quot;1&quot;:2,&quot;2&quot;:&quot;Gas consumption&quot;}\">Kaasun kulutus<\/td>\n<td data-sheets-value=\"{&quot;1&quot;:2,&quot;2&quot;:&quot;0.45 kg\/h - 0.87 kg\/h&quot;}\">0.45 kg\/h &#8211; 0.87 kg\/h<\/td>\n<\/tr>\n<tr>\n<td data-sheets-value=\"{&quot;1&quot;:2,&quot;2&quot;:&quot;Automatic shutdown&quot;}\">Automaattinen sammutus<\/td>\n<td data-sheets-value=\"{&quot;1&quot;:2,&quot;2&quot;:&quot;Yes. If the gas heater tips over, it automatically shuts off&quot;}\">Joo. Jos kaasul\u00e4mmitin kaatuu, se sammuu automaattisesti<\/td>\n<\/tr>\n<tr>\n<td data-sheets-value=\"{&quot;1&quot;:2,&quot;2&quot;:&quot;Protection against gas leaks&quot;}\">Suojaus kaasuvuotoja vastaan<\/td>\n<td data-sheets-value=\"{&quot;1&quot;:2,&quot;2&quot;:&quot;Yes&quot;}\">Joo<\/td>\n<\/tr>\n<tr>\n<td data-sheets-value=\"{&quot;1&quot;:2,&quot;2&quot;:&quot;Heater set&quot;}\">L\u00e4mmityssarja<\/td>\n<td data-sheets-value=\"{&quot;1&quot;:2,&quot;2&quot;:&quot;Heater, gas pressure regulator, reducer, hose, transport wheels&quot;}\">L\u00e4mmitin, kaasupaineens\u00e4\u00e4din, v\u00e4hennysventtiili, letku, kuljetuspy\u00f6r\u00e4t<\/td>\n<\/tr>\n<tr>\n<td data-sheets-value=\"{&quot;1&quot;:2,&quot;2&quot;:&quot;Heater body&quot;}\">L\u00e4mmittimen runko<\/td>\n<td data-sheets-value=\"{&quot;1&quot;:2,&quot;2&quot;:&quot;Stainless steel&quot;}\">Ruostumaton ter\u00e4s<\/td>\n<\/tr>\n<tr>\n<td data-sheets-value=\"{&quot;1&quot;:2,&quot;2&quot;:&quot;Height (cm)&quot;}\">Korkeus (cm)<\/td>\n<td data-sheets-value=\"{&quot;1&quot;:3,&quot;3&quot;:225}\">225<\/td>\n<\/tr>\n<tr>\n<td data-sheets-value=\"{&quot;1&quot;:2,&quot;2&quot;:&quot;Base diameter (cm)&quot;}\">Pohjan halkaisija (cm)<\/td>\n<td data-sheets-value=\"{&quot;1&quot;:3,&quot;3&quot;:46}\">46<\/td>\n<\/tr>\n<tr>\n<td data-sheets-value=\"{&quot;1&quot;:2,&quot;2&quot;:&quot;Weight (kg)&quot;}\">Paino (kg)<\/td>\n<td data-sheets-value=\"{&quot;1&quot;:3,&quot;3&quot;:18}\">18<\/td>\n<\/tr>\n<tr>\n<td data-sheets-value=\"{&quot;1&quot;:2,&quot;2&quot;:&quot;Color&quot;}\">V\u00e4ri<\/td>\n<td data-sheets-value=\"{&quot;1&quot;:2,&quot;2&quot;:&quot;Silver&quot;}\">Hopea<\/td>\n<\/tr>\n<tr>\n<td data-sheets-value=\"{&quot;1&quot;:2,&quot;2&quot;:&quot;Packaging&quot;}\">Pakkaus<\/td>\n<td data-sheets-value=\"{&quot;1&quot;:2,&quot;2&quot;:&quot;30 x 30 x 120 cm (16,3 kg)&quot;}\">45 x 88 x 45 cm (18 kg)<\/td>\n<\/tr>\n<\/tbody>\n<\/table>\n<p>&nbsp;<\/p>","protected":false},"featured_media":10812,"template":"","meta":{"_monsterinsights_skip_tracking":false,"_monsterinsights_sitenote_active":false,"_monsterinsights_sitenote_note":"","_monsterinsights_sitenote_category":0},"product_brand":[],"product_cat":[123],"product_tag":[230],"class_list":{"0":"post-10796","1":"product","2":"type-product","3":"status-publish","4":"has-post-thumbnail","6":"product_cat-gas-and-infrared-heaters","7":"product_tag-gas-heater","8":"product_shipping_class-heatum","9":"pa_color-silver-color","10":"aux-has-gallery","12":"first","13":"instock","14":"sale","15":"taxable","16":"shipping-taxable","17":"purchasable","18":"product-type-simple"},"yoast_head":"<!-- This site is optimized with the Yoast SEO Premium plugin v24.1 (Yoast SEO v27.4) - https:\/\/yoast.com\/product\/yoast-seo-premium-wordpress\/ -->\n<title>Gas heater \u00abALONZO\u00bb | SilverFlame<\/title>\n<meta name=\"description\" content=\"Gas heater \u00abALONZO\u00bbThis heater offers the best combination of quality, price, and design. These heaters are made of extremely durable, long-lasting, and ...\" \/>\n<meta name=\"robots\" content=\"index, follow, max-snippet:-1, max-image-preview:large, max-video-preview:-1\" \/>\n<link rel=\"canonical\" href=\"https:\/\/www.silverflame.eu\/fi\/toode\/gas-heater-alonzo\/\" \/>\n<meta property=\"og:locale\" content=\"fi_FI\" \/>\n<meta property=\"og:type\" content=\"article\" \/>\n<meta property=\"og:title\" content=\"Gas heater \u00abALONZO\u00bb\" \/>\n<meta property=\"og:description\" content=\"Gas heater \u00abALONZO\u00bbThis heater offers the best combination of quality, price, and design. These heaters are made of extremely durable, long-lasting, and ...\" \/>\n<meta property=\"og:url\" content=\"https:\/\/www.silverflame.eu\/fi\/toode\/gas-heater-alonzo\/\" \/>\n<meta property=\"og:site_name\" content=\"SilverFlame\" \/>\n<meta property=\"article:publisher\" content=\"https:\/\/www.facebook.com\/SilverFlameEurope\" \/>\n<meta property=\"article:modified_time\" content=\"2024-10-22T09:59:08+00:00\" \/>\n<meta property=\"og:image\" content=\"https:\/\/www.silverflame.eu\/wp-content\/uploads\/2024\/03\/gas-heater-silverflame-alonzo.png\" \/>\n\t<meta property=\"og:image:width\" content=\"733\" \/>\n\t<meta property=\"og:image:height\" content=\"734\" \/>\n\t<meta property=\"og:image:type\" content=\"image\/png\" \/>\n<meta name=\"twitter:card\" content=\"summary_large_image\" \/>\n<meta name=\"twitter:label1\" content=\"Arvioitu lukuaika\" \/>\n\t<meta name=\"twitter:data1\" content=\"3 minuuttia\" \/>\n<script type=\"application\/ld+json\" class=\"yoast-schema-graph\">{\"@context\":\"https:\\\/\\\/schema.org\",\"@graph\":[{\"@type\":\"WebPage\",\"@id\":\"https:\\\/\\\/www.silverflame.eu\\\/et\\\/toode\\\/gas-heater-alonzo\\\/\",\"url\":\"https:\\\/\\\/www.silverflame.eu\\\/et\\\/toode\\\/gas-heater-alonzo\\\/\",\"name\":\"Gas heater \u00abALONZO\u00bb | SilverFlame\",\"isPartOf\":{\"@id\":\"https:\\\/\\\/www.silverflame.eu\\\/ru\\\/#website\"},\"primaryImageOfPage\":{\"@id\":\"https:\\\/\\\/www.silverflame.eu\\\/et\\\/toode\\\/gas-heater-alonzo\\\/#primaryimage\"},\"image\":{\"@id\":\"https:\\\/\\\/www.silverflame.eu\\\/et\\\/toode\\\/gas-heater-alonzo\\\/#primaryimage\"},\"thumbnailUrl\":\"https:\\\/\\\/www.silverflame.eu\\\/wp-content\\\/uploads\\\/2024\\\/03\\\/gas-heater-silverflame-alonzo.png\",\"datePublished\":\"2024-03-30T23:34:31+00:00\",\"dateModified\":\"2024-10-22T09:59:08+00:00\",\"description\":\"Gas heater \u00abALONZO\u00bbThis heater offers the best combination of quality, price, and design. These heaters are made of extremely durable, long-lasting, and ...\",\"breadcrumb\":{\"@id\":\"https:\\\/\\\/www.silverflame.eu\\\/et\\\/toode\\\/gas-heater-alonzo\\\/#breadcrumb\"},\"inLanguage\":\"fi\",\"potentialAction\":[{\"@type\":\"ReadAction\",\"target\":[\"https:\\\/\\\/www.silverflame.eu\\\/et\\\/toode\\\/gas-heater-alonzo\\\/\"]}]},{\"@type\":\"ImageObject\",\"inLanguage\":\"fi\",\"@id\":\"https:\\\/\\\/www.silverflame.eu\\\/et\\\/toode\\\/gas-heater-alonzo\\\/#primaryimage\",\"url\":\"https:\\\/\\\/www.silverflame.eu\\\/wp-content\\\/uploads\\\/2024\\\/03\\\/gas-heater-silverflame-alonzo.png\",\"contentUrl\":\"https:\\\/\\\/www.silverflame.eu\\\/wp-content\\\/uploads\\\/2024\\\/03\\\/gas-heater-silverflame-alonzo.png\",\"width\":733,\"height\":734,\"caption\":\"Portable gas heater Alonzo with adjustable height and high power output, ideal for indoor heating solutions.\"},{\"@type\":\"BreadcrumbList\",\"@id\":\"https:\\\/\\\/www.silverflame.eu\\\/et\\\/toode\\\/gas-heater-alonzo\\\/#breadcrumb\",\"itemListElement\":[{\"@type\":\"ListItem\",\"position\":1,\"name\":\"Home page\",\"item\":\"https:\\\/\\\/www.silverflame.eu\\\/ru\\\/\"},{\"@type\":\"ListItem\",\"position\":2,\"name\":\"Shop\",\"item\":\"https:\\\/\\\/www.silverflame.eu\\\/ru\\\/shop\\\/\"},{\"@type\":\"ListItem\",\"position\":3,\"name\":\"Gas heater \u00abALONZO\u00bb\"}]},{\"@type\":\"WebSite\",\"@id\":\"https:\\\/\\\/www.silverflame.eu\\\/ru\\\/#website\",\"url\":\"https:\\\/\\\/www.silverflame.eu\\\/ru\\\/\",\"name\":\"SilverFlame\",\"description\":\"Biofireplaces | biokaminad | biotakat | bioeldst\u00e4der\",\"publisher\":{\"@id\":\"https:\\\/\\\/www.silverflame.eu\\\/ru\\\/#organization\"},\"potentialAction\":[{\"@type\":\"SearchAction\",\"target\":{\"@type\":\"EntryPoint\",\"urlTemplate\":\"https:\\\/\\\/www.silverflame.eu\\\/ru\\\/?s={search_term_string}\"},\"query-input\":{\"@type\":\"PropertyValueSpecification\",\"valueRequired\":true,\"valueName\":\"search_term_string\"}}],\"inLanguage\":\"fi\"},{\"@type\":\"Organization\",\"@id\":\"https:\\\/\\\/www.silverflame.eu\\\/ru\\\/#organization\",\"name\":\"Silsev O\u00dc\",\"url\":\"https:\\\/\\\/www.silverflame.eu\\\/ru\\\/\",\"logo\":{\"@type\":\"ImageObject\",\"inLanguage\":\"fi\",\"@id\":\"https:\\\/\\\/www.silverflame.eu\\\/ru\\\/#\\\/schema\\\/logo\\\/image\\\/\",\"url\":\"http:\\\/\\\/www.silverflame.eu\\\/wp-content\\\/uploads\\\/2021\\\/11\\\/SilverFlame_Biofireplaces-shop-in-EU_Big-logo.png\",\"contentUrl\":\"http:\\\/\\\/www.silverflame.eu\\\/wp-content\\\/uploads\\\/2021\\\/11\\\/SilverFlame_Biofireplaces-shop-in-EU_Big-logo.png\",\"width\":349,\"height\":478,\"caption\":\"Silsev O\u00dc\"},\"image\":{\"@id\":\"https:\\\/\\\/www.silverflame.eu\\\/ru\\\/#\\\/schema\\\/logo\\\/image\\\/\"},\"sameAs\":[\"https:\\\/\\\/www.facebook.com\\\/SilverFlameEurope\",\"https:\\\/\\\/www.instagram.com\\\/silverflame.eu\\\/\",\"https:\\\/\\\/www.youtube.com\\\/@SilverFlame-Biofireplaces\"],\"description\":\"Welcome to our online store, your one-stop destination for high-quality bioethanol fireplaces, gas heaters, infrared heaters, pop-up tents, patio umbrellas, and more. We specialize in delivering eco-friendly heating solutions and outdoor living products across Europe. Our selection is designed for comfort, style, and sustainability, ensuring that your home and outdoor spaces are both cozy and modern. Enjoy fast shipping, competitive prices, and exceptional customer service with every purchase.\",\"email\":\"info@silverflame.eu\",\"legalName\":\"Silsev O\u00dc\",\"publishingPrinciples\":\"https:\\\/\\\/www.silverflame.eu\\\/ru\\\/about-us\\\/\"}]}<\/script>\n<!-- \/ Yoast SEO Premium plugin. -->","yoast_head_json":{"title":"Gas heater \u00abALONZO\u00bb | SilverFlame","description":"Gas heater \u00abALONZO\u00bbThis heater offers the best combination of quality, price, and design. These heaters are made of extremely durable, long-lasting, and ...","robots":{"index":"index","follow":"follow","max-snippet":"max-snippet:-1","max-image-preview":"max-image-preview:large","max-video-preview":"max-video-preview:-1"},"canonical":"https:\/\/www.silverflame.eu\/fi\/toode\/gas-heater-alonzo\/","og_locale":"fi_FI","og_type":"article","og_title":"Gas heater \u00abALONZO\u00bb","og_description":"Gas heater \u00abALONZO\u00bbThis heater offers the best combination of quality, price, and design. These heaters are made of extremely durable, long-lasting, and ...","og_url":"https:\/\/www.silverflame.eu\/fi\/toode\/gas-heater-alonzo\/","og_site_name":"SilverFlame","article_publisher":"https:\/\/www.facebook.com\/SilverFlameEurope","article_modified_time":"2024-10-22T09:59:08+00:00","og_image":[{"width":733,"height":734,"url":"https:\/\/www.silverflame.eu\/wp-content\/uploads\/2024\/03\/gas-heater-silverflame-alonzo.png","type":"image\/png"}],"twitter_card":"summary_large_image","twitter_misc":{"Arvioitu lukuaika":"3 minuuttia"},"schema":{"@context":"https:\/\/schema.org","@graph":[{"@type":"WebPage","@id":"https:\/\/www.silverflame.eu\/et\/toode\/gas-heater-alonzo\/","url":"https:\/\/www.silverflame.eu\/et\/toode\/gas-heater-alonzo\/","name":"Gas heater \u00abALONZO\u00bb | SilverFlame","isPartOf":{"@id":"https:\/\/www.silverflame.eu\/ru\/#website"},"primaryImageOfPage":{"@id":"https:\/\/www.silverflame.eu\/et\/toode\/gas-heater-alonzo\/#primaryimage"},"image":{"@id":"https:\/\/www.silverflame.eu\/et\/toode\/gas-heater-alonzo\/#primaryimage"},"thumbnailUrl":"https:\/\/www.silverflame.eu\/wp-content\/uploads\/2024\/03\/gas-heater-silverflame-alonzo.png","datePublished":"2024-03-30T23:34:31+00:00","dateModified":"2024-10-22T09:59:08+00:00","description":"Gas heater \u00abALONZO\u00bbThis heater offers the best combination of quality, price, and design. These heaters are made of extremely durable, long-lasting, and ...","breadcrumb":{"@id":"https:\/\/www.silverflame.eu\/et\/toode\/gas-heater-alonzo\/#breadcrumb"},"inLanguage":"fi","potentialAction":[{"@type":"ReadAction","target":["https:\/\/www.silverflame.eu\/et\/toode\/gas-heater-alonzo\/"]}]},{"@type":"ImageObject","inLanguage":"fi","@id":"https:\/\/www.silverflame.eu\/et\/toode\/gas-heater-alonzo\/#primaryimage","url":"https:\/\/www.silverflame.eu\/wp-content\/uploads\/2024\/03\/gas-heater-silverflame-alonzo.png","contentUrl":"https:\/\/www.silverflame.eu\/wp-content\/uploads\/2024\/03\/gas-heater-silverflame-alonzo.png","width":733,"height":734,"caption":"Portable gas heater Alonzo with adjustable height and high power output, ideal for indoor heating solutions."},{"@type":"BreadcrumbList","@id":"https:\/\/www.silverflame.eu\/et\/toode\/gas-heater-alonzo\/#breadcrumb","itemListElement":[{"@type":"ListItem","position":1,"name":"Home page","item":"https:\/\/www.silverflame.eu\/ru\/"},{"@type":"ListItem","position":2,"name":"Shop","item":"https:\/\/www.silverflame.eu\/ru\/shop\/"},{"@type":"ListItem","position":3,"name":"Gas heater \u00abALONZO\u00bb"}]},{"@type":"WebSite","@id":"https:\/\/www.silverflame.eu\/ru\/#website","url":"https:\/\/www.silverflame.eu\/ru\/","name":"SilverFlame","description":"Biofireplaces | biokaminad | biotakat | bioeldst\u00e4der","publisher":{"@id":"https:\/\/www.silverflame.eu\/ru\/#organization"},"potentialAction":[{"@type":"SearchAction","target":{"@type":"EntryPoint","urlTemplate":"https:\/\/www.silverflame.eu\/ru\/?s={search_term_string}"},"query-input":{"@type":"PropertyValueSpecification","valueRequired":true,"valueName":"search_term_string"}}],"inLanguage":"fi"},{"@type":"Organization","@id":"https:\/\/www.silverflame.eu\/ru\/#organization","name":"Silsev O\u00dc","url":"https:\/\/www.silverflame.eu\/ru\/","logo":{"@type":"ImageObject","inLanguage":"fi","@id":"https:\/\/www.silverflame.eu\/ru\/#\/schema\/logo\/image\/","url":"http:\/\/www.silverflame.eu\/wp-content\/uploads\/2021\/11\/SilverFlame_Biofireplaces-shop-in-EU_Big-logo.png","contentUrl":"http:\/\/www.silverflame.eu\/wp-content\/uploads\/2021\/11\/SilverFlame_Biofireplaces-shop-in-EU_Big-logo.png","width":349,"height":478,"caption":"Silsev O\u00dc"},"image":{"@id":"https:\/\/www.silverflame.eu\/ru\/#\/schema\/logo\/image\/"},"sameAs":["https:\/\/www.facebook.com\/SilverFlameEurope","https:\/\/www.instagram.com\/silverflame.eu\/","https:\/\/www.youtube.com\/@SilverFlame-Biofireplaces"],"description":"Welcome to our online store, your one-stop destination for high-quality bioethanol fireplaces, gas heaters, infrared heaters, pop-up tents, patio umbrellas, and more. We specialize in delivering eco-friendly heating solutions and outdoor living products across Europe. Our selection is designed for comfort, style, and sustainability, ensuring that your home and outdoor spaces are both cozy and modern. Enjoy fast shipping, competitive prices, and exceptional customer service with every purchase.","email":"info@silverflame.eu","legalName":"Silsev O\u00dc","publishingPrinciples":"https:\/\/www.silverflame.eu\/ru\/about-us\/"}]}},"_links":{"self":[{"href":"https:\/\/www.silverflame.eu\/fi\/wp-json\/wp\/v2\/product\/10796","targetHints":{"allow":["GET"]}}],"collection":[{"href":"https:\/\/www.silverflame.eu\/fi\/wp-json\/wp\/v2\/product"}],"about":[{"href":"https:\/\/www.silverflame.eu\/fi\/wp-json\/wp\/v2\/types\/product"}],"wp:featuredmedia":[{"embeddable":true,"href":"https:\/\/www.silverflame.eu\/fi\/wp-json\/wp\/v2\/media\/10812"}],"wp:attachment":[{"href":"https:\/\/www.silverflame.eu\/fi\/wp-json\/wp\/v2\/media?parent=10796"}],"wp:term":[{"taxonomy":"product_brand","embeddable":true,"href":"https:\/\/www.silverflame.eu\/fi\/wp-json\/wp\/v2\/product_brand?post=10796"},{"taxonomy":"product_cat","embeddable":true,"href":"https:\/\/www.silverflame.eu\/fi\/wp-json\/wp\/v2\/product_cat?post=10796"},{"taxonomy":"product_tag","embeddable":true,"href":"https:\/\/www.silverflame.eu\/fi\/wp-json\/wp\/v2\/product_tag?post=10796"}],"curies":[{"name":"wp","href":"https:\/\/api.w.org\/{rel}","templated":true}]}}