{"id":10894,"date":"2024-03-31T21:26:31","date_gmt":"2024-03-31T18:26:31","guid":{"rendered":"http:\/\/www.silverflame.eu\/?post_type=product&#038;p=10894"},"modified":"2024-10-22T13:06:27","modified_gmt":"2024-10-22T10:06:27","slug":"infrared-heater-evolution","status":"publish","type":"product","link":"https:\/\/www.silverflame.eu\/fi\/tuote\/infrared-heater-evolution\/","title":{"rendered":"Infrapunal\u00e4mmitin \u00abEVOLUTION\u00bb"},"content":{"rendered":"<h5><strong>Tietoja tuotteesta:<\/strong><\/h5>\n<p>A top-tier infrared heater from a reliable manufacturer is perfectly suited for both indoor and outdoor use. Compared to its counterparts, this heater is the most efficient, enabling significant cost savings. The EVOLUTION infrared heater is a unique, cozy, standalone heating device that not only enhances your surroundings but also creates a warm and inviting atmosphere. <strong>The EVOLUTION is the only infrared heating device that emits no light at all!<\/strong><\/p>\n<p>&nbsp;<\/p>\n<p>&nbsp;<\/p>\n<h5><strong>Save up to 30-40% on electricity costs!<\/strong><\/h5>\n<p>Our infrared heaters are crafted from modern, high-quality materials. The solutions and materials used in the manufacturing process allow for savings of up to 30-40% on electricity costs compared to other manufacturers&#8217; counterparts.<\/p>\n<p>&nbsp;<\/p>\n<p>&nbsp;<\/p>\n<h5><strong>Heats an area of up to 18 m\u00b2!<\/strong><\/h5>\n<p>The EVOLUTION infrared heater warms an area of up to 18 m\u00b2. The heating is adjustable, with 2 heat levels available, ranging from maximum warmth to gentle, light heating<\/p>\n<p>&nbsp;<\/p>\n<p>&nbsp;<\/p>\n<h5><strong>Suitable for outdoor use<\/strong><\/h5>\n<p>This infrared heating device has an IP67 moisture resistance rating, meaning you can confidently use it outdoors. It&#8217;s ideal for heating terraces and other outdoor spaces.<\/p>\n<p>&nbsp;<\/p>\n<p>&nbsp;<\/p>\n<h5><strong>Easy to use. With remote control and timer!<\/strong><\/h5>\n<p>Our heaters are designed for easy setup and use. The EVOLUTION heaters come with easy-to-follow instructions. It is equipped with wall mounts and a remote control, making operation even easier. With just a touch, you can turn the heater on\/off and adjust the heat setting. The heater also features a timer, allowing you to set how long you want the heater to be on.<\/p>\n<p>&nbsp;<\/p>\n<p>&nbsp;<\/p>\n<h5><strong>Turvallisuus<\/strong><\/h5>\n<p>Infrared heaters are safe, and their bodies do not get hot. The heater has several safety certificates (see technical data). The heater is certified with moisture resistance standard IP67 and can therefore be used outdoors.<\/p>\n<p>&nbsp;<\/p>\n<p>&nbsp;<\/p>\n<h5><strong>Low brightness &#8211; doesn&#8217;t strain the eyes<\/strong><\/h5>\n<p>This infrared heater features an integrated MICA heating element. The heating element absorbs light completely, so it won&#8217;t strain your eyes, and you&#8217;ll feel comfortable around the heater.<\/p>\n<p>&nbsp;<\/p>\n<p>&nbsp;<\/p>\n<h5><strong>Installation<\/strong><\/h5>\n<p>These infrared heaters can be easily and effortlessly mounted on the wall or ceiling. Mounting hardware and installation instructions are included in the heater&#8217;s package.<\/p>\n<p>&nbsp;<\/p>\n<p>&nbsp;<\/p>\n<p><strong><em>Lue lis\u00e4\u00e4 mielenkiintoisia faktoja tuotteistamme <a href=\"http:\/\/www.silverflame.eu\/fi\/blog\/\">blogistamme!<\/a><\/em><\/strong><\/p>\n<p>&nbsp;<\/p>\n<p>If needed, feel free to contact us for assistance when selecting a heater. We advise and help you choose the most suitable heater that fits your budget, heating area, location, and design preferences.<\/p>","protected":false},"excerpt":{"rendered":"<p><strong>Toimitusaika:<\/strong>\u00a03-6 p\u00e4iv\u00e4\u00e4<\/p>\n<table dir=\"ltr\" border=\"1\" cellspacing=\"0\" cellpadding=\"0\" data-sheets-root=\"1\">\n<colgroup>\n<col width=\"182\" \/>\n<col width=\"260\" \/><\/colgroup>\n<tbody>\n<tr>\n<td data-sheets-value=\"{&quot;1&quot;:2,&quot;2&quot;:&quot;Heated area (m\u00b2)&quot;}\">L\u00e4mmitetty alue (m\u00b2)<\/td>\n<td data-sheets-value=\"{&quot;1&quot;:3,&quot;3&quot;:16}\">18<\/td>\n<\/tr>\n<tr>\n<td data-sheets-value=\"{&quot;1&quot;:2,&quot;2&quot;:&quot;Heating power&quot;}\">L\u00e4mmitysteho<\/td>\n<td data-sheets-value=\"{&quot;1&quot;:2,&quot;2&quot;:&quot;2000 W&quot;}\">2600 W<\/td>\n<\/tr>\n<tr>\n<td data-sheets-value=\"{&quot;1&quot;:2,&quot;2&quot;:&quot;Heating element&quot;}\">L\u00e4mmityselementti<\/td>\n<td data-sheets-value=\"{&quot;1&quot;:2,&quot;2&quot;:&quot;Halogen lamp&quot;}\">Mica-system<\/td>\n<\/tr>\n<tr>\n<td data-sheets-value=\"{&quot;1&quot;:2,&quot;2&quot;:&quot;Certificates of Infrared Heater&quot;}\">Sertifikaatit<\/td>\n<td data-sheets-value=\"{&quot;1&quot;:2,&quot;2&quot;:&quot;CE, cETL, ETL, IP34, ROHS&quot;}\">CB, CE, cETL, ERP, ETL, GS, IP65, ROHS, SAA<\/td>\n<\/tr>\n<tr>\n<td data-sheets-value=\"{&quot;1&quot;:2,&quot;2&quot;:&quot;Heat levels&quot;}\">L\u00e4mm\u00f6n tasot<\/td>\n<td data-sheets-value=\"{&quot;1&quot;:2,&quot;2&quot;:&quot;2 heat levels (1000W, 2000W)&quot;}\">2 l\u00e4mp\u00f6tasoa (1300W, 2600W)<\/td>\n<\/tr>\n<tr>\n<td data-sheets-value=\"{&quot;1&quot;:2,&quot;2&quot;:&quot;Infrared heater protection&quot;}\">Suojaus<\/td>\n<td data-sheets-value=\"{&quot;1&quot;:2,&quot;2&quot;:&quot;Tip-over protection, Overheating protection&quot;}\">Ylikuumenemissuoja<\/td>\n<\/tr>\n<tr>\n<td data-sheets-value=\"{&quot;1&quot;:2,&quot;2&quot;:&quot;Moisture resistance&quot;}\">Kosteudenkest\u00e4vyys<\/td>\n<td data-sheets-value=\"{&quot;1&quot;:2,&quot;2&quot;:&quot;IP34&quot;}\">IP67<\/td>\n<\/tr>\n<tr>\n<td data-sheets-value=\"{&quot;1&quot;:2,&quot;2&quot;:&quot;Heater size (cm)&quot;}\">L\u00e4mmittimen koko (cm)<\/td>\n<td data-sheets-value=\"{&quot;1&quot;:2,&quot;2&quot;:&quot;50 x 230&quot;}\">151 x 16 x 4,5<\/td>\n<\/tr>\n<tr>\n<td data-sheets-value=\"{&quot;1&quot;:2,&quot;2&quot;:&quot;Color&quot;}\">V\u00e4ri<\/td>\n<td data-sheets-value=\"{&quot;1&quot;:2,&quot;2&quot;:&quot;Black&quot;}\">Musta<\/td>\n<\/tr>\n<tr>\n<td data-sheets-value=\"{&quot;1&quot;:2,&quot;2&quot;:&quot;Heat regulator&quot;}\">L\u00e4mm\u00f6n s\u00e4\u00e4din<\/td>\n<td data-sheets-value=\"{&quot;1&quot;:2,&quot;2&quot;:&quot;Available&quot;}\">Saatavana<\/td>\n<\/tr>\n<tr>\n<td data-sheets-value=\"{&quot;1&quot;:2,&quot;2&quot;:&quot;Weight (kg)&quot;}\">Paino (kg)<\/td>\n<td data-sheets-value=\"{&quot;1&quot;:3,&quot;3&quot;:10.5}\">9,5<\/td>\n<\/tr>\n<tr>\n<td data-sheets-value=\"{&quot;1&quot;:2,&quot;2&quot;:&quot;Heater set&quot;}\">L\u00e4mmityssarja<\/td>\n<td data-sheets-value=\"{&quot;1&quot;:2,&quot;2&quot;:&quot;Infrared heater, infrared heater leg, base&quot;}\">Kaukos\u00e4\u00e4timell\u00e4 varustettu infrapunal\u00e4mmitin, asennuskomponentit<\/td>\n<\/tr>\n<tr>\n<td data-sheets-value=\"{&quot;1&quot;:2,&quot;2&quot;:&quot;Heater body&quot;}\">Lis\u00e4toiminnot<\/td>\n<td data-sheets-value=\"{&quot;1&quot;:2,&quot;2&quot;:&quot;Stainless steel&quot;}\">S\u00e4\u00e4dett\u00e4v\u00e4 ajastin, kaukos\u00e4\u00e4din on\/off-s\u00e4\u00e4din, 2 eri l\u00e4mp\u00f6tasoa voidaan s\u00e4\u00e4t\u00e4\u00e4 et\u00e4n\u00e4<\/td>\n<\/tr>\n<tr>\n<td data-sheets-value=\"{&quot;1&quot;:2,&quot;2&quot;:&quot;Packaging&quot;}\">Pakkaus<\/td>\n<td data-sheets-value=\"{&quot;1&quot;:2,&quot;2&quot;:&quot;30 x 30 x 120 cm (16,3 kg)&quot;}\">20 x 20 x 160 cm (11 kg)<\/td>\n<\/tr>\n<\/tbody>\n<\/table>","protected":false},"featured_media":10899,"template":"","meta":{"_monsterinsights_skip_tracking":false,"_monsterinsights_sitenote_active":false,"_monsterinsights_sitenote_note":"","_monsterinsights_sitenote_category":0},"product_brand":[],"product_cat":[123],"product_tag":[231],"class_list":{"0":"post-10894","1":"product","2":"type-product","3":"status-publish","4":"has-post-thumbnail","6":"product_cat-gas-and-infrared-heaters","7":"product_tag-infrared-heater","8":"product_shipping_class-heatum","9":"pa_color-black-color","10":"aux-has-gallery","12":"first","13":"instock","14":"sale","15":"taxable","16":"shipping-taxable","17":"purchasable","18":"product-type-simple"},"yoast_head":"<!-- This site is optimized with the Yoast SEO Premium plugin v24.1 (Yoast SEO v27.4) - https:\/\/yoast.com\/product\/yoast-seo-premium-wordpress\/ -->\n<title>Infrared heater \u00abEVOLUTION\u00bb | SilverFlame<\/title>\n<meta name=\"description\" content=\"The EVOLUTION infrared heater is a unique, cozy, standalone heating device that not only enhances your surroundings but also creates a warm and inviting ...\" \/>\n<meta name=\"robots\" content=\"index, follow, max-snippet:-1, max-image-preview:large, max-video-preview:-1\" \/>\n<link rel=\"canonical\" href=\"https:\/\/www.silverflame.eu\/fi\/tuote\/infrared-heater-evolution\/\" \/>\n<meta property=\"og:locale\" content=\"fi_FI\" \/>\n<meta property=\"og:type\" content=\"article\" \/>\n<meta property=\"og:title\" content=\"Infrared heater \u00abEVOLUTION\u00bb\" \/>\n<meta property=\"og:description\" content=\"The EVOLUTION infrared heater is a unique, cozy, standalone heating device that not only enhances your surroundings but also creates a warm and inviting ...\" \/>\n<meta property=\"og:url\" content=\"https:\/\/www.silverflame.eu\/fi\/tuote\/infrared-heater-evolution\/\" \/>\n<meta property=\"og:site_name\" content=\"SilverFlame\" \/>\n<meta property=\"article:publisher\" content=\"https:\/\/www.facebook.com\/SilverFlameEurope\" \/>\n<meta property=\"article:modified_time\" content=\"2024-10-22T10:06:27+00:00\" \/>\n<meta property=\"og:image\" content=\"https:\/\/www.silverflame.eu\/wp-content\/uploads\/2024\/03\/infrared-heater-silverflame-evolution.png\" \/>\n\t<meta property=\"og:image:width\" content=\"829\" \/>\n\t<meta property=\"og:image:height\" content=\"829\" \/>\n\t<meta property=\"og:image:type\" content=\"image\/png\" \/>\n<meta name=\"twitter:card\" content=\"summary_large_image\" \/>\n<meta name=\"twitter:label1\" content=\"Arvioitu lukuaika\" \/>\n\t<meta name=\"twitter:data1\" content=\"2 minuuttia\" \/>\n<script type=\"application\/ld+json\" class=\"yoast-schema-graph\">{\"@context\":\"https:\\\/\\\/schema.org\",\"@graph\":[{\"@type\":\"WebPage\",\"@id\":\"https:\\\/\\\/www.silverflame.eu\\\/product\\\/infrared-heater-evolution\\\/\",\"url\":\"https:\\\/\\\/www.silverflame.eu\\\/product\\\/infrared-heater-evolution\\\/\",\"name\":\"Infrared heater \u00abEVOLUTION\u00bb | SilverFlame\",\"isPartOf\":{\"@id\":\"https:\\\/\\\/www.silverflame.eu\\\/ru\\\/#website\"},\"primaryImageOfPage\":{\"@id\":\"https:\\\/\\\/www.silverflame.eu\\\/product\\\/infrared-heater-evolution\\\/#primaryimage\"},\"image\":{\"@id\":\"https:\\\/\\\/www.silverflame.eu\\\/product\\\/infrared-heater-evolution\\\/#primaryimage\"},\"thumbnailUrl\":\"https:\\\/\\\/www.silverflame.eu\\\/wp-content\\\/uploads\\\/2024\\\/03\\\/infrared-heater-silverflame-evolution.png\",\"datePublished\":\"2024-03-31T18:26:31+00:00\",\"dateModified\":\"2024-10-22T10:06:27+00:00\",\"description\":\"The EVOLUTION infrared heater is a unique, cozy, standalone heating device that not only enhances your surroundings but also creates a warm and inviting ...\",\"breadcrumb\":{\"@id\":\"https:\\\/\\\/www.silverflame.eu\\\/product\\\/infrared-heater-evolution\\\/#breadcrumb\"},\"inLanguage\":\"fi\",\"potentialAction\":[{\"@type\":\"ReadAction\",\"target\":[\"https:\\\/\\\/www.silverflame.eu\\\/product\\\/infrared-heater-evolution\\\/\"]}]},{\"@type\":\"ImageObject\",\"inLanguage\":\"fi\",\"@id\":\"https:\\\/\\\/www.silverflame.eu\\\/product\\\/infrared-heater-evolution\\\/#primaryimage\",\"url\":\"https:\\\/\\\/www.silverflame.eu\\\/wp-content\\\/uploads\\\/2024\\\/03\\\/infrared-heater-silverflame-evolution.png\",\"contentUrl\":\"https:\\\/\\\/www.silverflame.eu\\\/wp-content\\\/uploads\\\/2024\\\/03\\\/infrared-heater-silverflame-evolution.png\",\"width\":829,\"height\":829,\"caption\":\"Modern infrared heater \u00abEVOLUTION\u00bb designed for efficient space heating with remote control and high IP rating.\"},{\"@type\":\"BreadcrumbList\",\"@id\":\"https:\\\/\\\/www.silverflame.eu\\\/product\\\/infrared-heater-evolution\\\/#breadcrumb\",\"itemListElement\":[{\"@type\":\"ListItem\",\"position\":1,\"name\":\"Home page\",\"item\":\"https:\\\/\\\/www.silverflame.eu\\\/ru\\\/\"},{\"@type\":\"ListItem\",\"position\":2,\"name\":\"Shop\",\"item\":\"https:\\\/\\\/www.silverflame.eu\\\/ru\\\/shop\\\/\"},{\"@type\":\"ListItem\",\"position\":3,\"name\":\"Infrared heater \u00abEVOLUTION\u00bb\"}]},{\"@type\":\"WebSite\",\"@id\":\"https:\\\/\\\/www.silverflame.eu\\\/ru\\\/#website\",\"url\":\"https:\\\/\\\/www.silverflame.eu\\\/ru\\\/\",\"name\":\"SilverFlame\",\"description\":\"Biofireplaces | biokaminad | biotakat | bioeldst\u00e4der\",\"publisher\":{\"@id\":\"https:\\\/\\\/www.silverflame.eu\\\/ru\\\/#organization\"},\"potentialAction\":[{\"@type\":\"SearchAction\",\"target\":{\"@type\":\"EntryPoint\",\"urlTemplate\":\"https:\\\/\\\/www.silverflame.eu\\\/ru\\\/?s={search_term_string}\"},\"query-input\":{\"@type\":\"PropertyValueSpecification\",\"valueRequired\":true,\"valueName\":\"search_term_string\"}}],\"inLanguage\":\"fi\"},{\"@type\":\"Organization\",\"@id\":\"https:\\\/\\\/www.silverflame.eu\\\/ru\\\/#organization\",\"name\":\"Silsev O\u00dc\",\"url\":\"https:\\\/\\\/www.silverflame.eu\\\/ru\\\/\",\"logo\":{\"@type\":\"ImageObject\",\"inLanguage\":\"fi\",\"@id\":\"https:\\\/\\\/www.silverflame.eu\\\/ru\\\/#\\\/schema\\\/logo\\\/image\\\/\",\"url\":\"http:\\\/\\\/www.silverflame.eu\\\/wp-content\\\/uploads\\\/2021\\\/11\\\/SilverFlame_Biofireplaces-shop-in-EU_Big-logo.png\",\"contentUrl\":\"http:\\\/\\\/www.silverflame.eu\\\/wp-content\\\/uploads\\\/2021\\\/11\\\/SilverFlame_Biofireplaces-shop-in-EU_Big-logo.png\",\"width\":349,\"height\":478,\"caption\":\"Silsev O\u00dc\"},\"image\":{\"@id\":\"https:\\\/\\\/www.silverflame.eu\\\/ru\\\/#\\\/schema\\\/logo\\\/image\\\/\"},\"sameAs\":[\"https:\\\/\\\/www.facebook.com\\\/SilverFlameEurope\",\"https:\\\/\\\/www.instagram.com\\\/silverflame.eu\\\/\",\"https:\\\/\\\/www.youtube.com\\\/@SilverFlame-Biofireplaces\"],\"description\":\"Welcome to our online store, your one-stop destination for high-quality bioethanol fireplaces, gas heaters, infrared heaters, pop-up tents, patio umbrellas, and more. We specialize in delivering eco-friendly heating solutions and outdoor living products across Europe. Our selection is designed for comfort, style, and sustainability, ensuring that your home and outdoor spaces are both cozy and modern. Enjoy fast shipping, competitive prices, and exceptional customer service with every purchase.\",\"email\":\"info@silverflame.eu\",\"legalName\":\"Silsev O\u00dc\",\"publishingPrinciples\":\"https:\\\/\\\/www.silverflame.eu\\\/ru\\\/about-us\\\/\"}]}<\/script>\n<!-- \/ Yoast SEO Premium plugin. -->","yoast_head_json":{"title":"Infrared heater \u00abEVOLUTION\u00bb | SilverFlame","description":"The EVOLUTION infrared heater is a unique, cozy, standalone heating device that not only enhances your surroundings but also creates a warm and inviting ...","robots":{"index":"index","follow":"follow","max-snippet":"max-snippet:-1","max-image-preview":"max-image-preview:large","max-video-preview":"max-video-preview:-1"},"canonical":"https:\/\/www.silverflame.eu\/fi\/tuote\/infrared-heater-evolution\/","og_locale":"fi_FI","og_type":"article","og_title":"Infrared heater \u00abEVOLUTION\u00bb","og_description":"The EVOLUTION infrared heater is a unique, cozy, standalone heating device that not only enhances your surroundings but also creates a warm and inviting ...","og_url":"https:\/\/www.silverflame.eu\/fi\/tuote\/infrared-heater-evolution\/","og_site_name":"SilverFlame","article_publisher":"https:\/\/www.facebook.com\/SilverFlameEurope","article_modified_time":"2024-10-22T10:06:27+00:00","og_image":[{"width":829,"height":829,"url":"https:\/\/www.silverflame.eu\/wp-content\/uploads\/2024\/03\/infrared-heater-silverflame-evolution.png","type":"image\/png"}],"twitter_card":"summary_large_image","twitter_misc":{"Arvioitu lukuaika":"2 minuuttia"},"schema":{"@context":"https:\/\/schema.org","@graph":[{"@type":"WebPage","@id":"https:\/\/www.silverflame.eu\/product\/infrared-heater-evolution\/","url":"https:\/\/www.silverflame.eu\/product\/infrared-heater-evolution\/","name":"Infrared heater \u00abEVOLUTION\u00bb | SilverFlame","isPartOf":{"@id":"https:\/\/www.silverflame.eu\/ru\/#website"},"primaryImageOfPage":{"@id":"https:\/\/www.silverflame.eu\/product\/infrared-heater-evolution\/#primaryimage"},"image":{"@id":"https:\/\/www.silverflame.eu\/product\/infrared-heater-evolution\/#primaryimage"},"thumbnailUrl":"https:\/\/www.silverflame.eu\/wp-content\/uploads\/2024\/03\/infrared-heater-silverflame-evolution.png","datePublished":"2024-03-31T18:26:31+00:00","dateModified":"2024-10-22T10:06:27+00:00","description":"The EVOLUTION infrared heater is a unique, cozy, standalone heating device that not only enhances your surroundings but also creates a warm and inviting ...","breadcrumb":{"@id":"https:\/\/www.silverflame.eu\/product\/infrared-heater-evolution\/#breadcrumb"},"inLanguage":"fi","potentialAction":[{"@type":"ReadAction","target":["https:\/\/www.silverflame.eu\/product\/infrared-heater-evolution\/"]}]},{"@type":"ImageObject","inLanguage":"fi","@id":"https:\/\/www.silverflame.eu\/product\/infrared-heater-evolution\/#primaryimage","url":"https:\/\/www.silverflame.eu\/wp-content\/uploads\/2024\/03\/infrared-heater-silverflame-evolution.png","contentUrl":"https:\/\/www.silverflame.eu\/wp-content\/uploads\/2024\/03\/infrared-heater-silverflame-evolution.png","width":829,"height":829,"caption":"Modern infrared heater \u00abEVOLUTION\u00bb designed for efficient space heating with remote control and high IP rating."},{"@type":"BreadcrumbList","@id":"https:\/\/www.silverflame.eu\/product\/infrared-heater-evolution\/#breadcrumb","itemListElement":[{"@type":"ListItem","position":1,"name":"Home page","item":"https:\/\/www.silverflame.eu\/ru\/"},{"@type":"ListItem","position":2,"name":"Shop","item":"https:\/\/www.silverflame.eu\/ru\/shop\/"},{"@type":"ListItem","position":3,"name":"Infrared heater \u00abEVOLUTION\u00bb"}]},{"@type":"WebSite","@id":"https:\/\/www.silverflame.eu\/ru\/#website","url":"https:\/\/www.silverflame.eu\/ru\/","name":"SilverFlame","description":"Biofireplaces | biokaminad | biotakat | bioeldst\u00e4der","publisher":{"@id":"https:\/\/www.silverflame.eu\/ru\/#organization"},"potentialAction":[{"@type":"SearchAction","target":{"@type":"EntryPoint","urlTemplate":"https:\/\/www.silverflame.eu\/ru\/?s={search_term_string}"},"query-input":{"@type":"PropertyValueSpecification","valueRequired":true,"valueName":"search_term_string"}}],"inLanguage":"fi"},{"@type":"Organization","@id":"https:\/\/www.silverflame.eu\/ru\/#organization","name":"Silsev O\u00dc","url":"https:\/\/www.silverflame.eu\/ru\/","logo":{"@type":"ImageObject","inLanguage":"fi","@id":"https:\/\/www.silverflame.eu\/ru\/#\/schema\/logo\/image\/","url":"http:\/\/www.silverflame.eu\/wp-content\/uploads\/2021\/11\/SilverFlame_Biofireplaces-shop-in-EU_Big-logo.png","contentUrl":"http:\/\/www.silverflame.eu\/wp-content\/uploads\/2021\/11\/SilverFlame_Biofireplaces-shop-in-EU_Big-logo.png","width":349,"height":478,"caption":"Silsev O\u00dc"},"image":{"@id":"https:\/\/www.silverflame.eu\/ru\/#\/schema\/logo\/image\/"},"sameAs":["https:\/\/www.facebook.com\/SilverFlameEurope","https:\/\/www.instagram.com\/silverflame.eu\/","https:\/\/www.youtube.com\/@SilverFlame-Biofireplaces"],"description":"Welcome to our online store, your one-stop destination for high-quality bioethanol fireplaces, gas heaters, infrared heaters, pop-up tents, patio umbrellas, and more. We specialize in delivering eco-friendly heating solutions and outdoor living products across Europe. Our selection is designed for comfort, style, and sustainability, ensuring that your home and outdoor spaces are both cozy and modern. Enjoy fast shipping, competitive prices, and exceptional customer service with every purchase.","email":"info@silverflame.eu","legalName":"Silsev O\u00dc","publishingPrinciples":"https:\/\/www.silverflame.eu\/ru\/about-us\/"}]}},"_links":{"self":[{"href":"https:\/\/www.silverflame.eu\/fi\/wp-json\/wp\/v2\/product\/10894","targetHints":{"allow":["GET"]}}],"collection":[{"href":"https:\/\/www.silverflame.eu\/fi\/wp-json\/wp\/v2\/product"}],"about":[{"href":"https:\/\/www.silverflame.eu\/fi\/wp-json\/wp\/v2\/types\/product"}],"wp:featuredmedia":[{"embeddable":true,"href":"https:\/\/www.silverflame.eu\/fi\/wp-json\/wp\/v2\/media\/10899"}],"wp:attachment":[{"href":"https:\/\/www.silverflame.eu\/fi\/wp-json\/wp\/v2\/media?parent=10894"}],"wp:term":[{"taxonomy":"product_brand","embeddable":true,"href":"https:\/\/www.silverflame.eu\/fi\/wp-json\/wp\/v2\/product_brand?post=10894"},{"taxonomy":"product_cat","embeddable":true,"href":"https:\/\/www.silverflame.eu\/fi\/wp-json\/wp\/v2\/product_cat?post=10894"},{"taxonomy":"product_tag","embeddable":true,"href":"https:\/\/www.silverflame.eu\/fi\/wp-json\/wp\/v2\/product_tag?post=10894"}],"curies":[{"name":"wp","href":"https:\/\/api.w.org\/{rel}","templated":true}]}}