{"id":2590,"date":"2022-02-08T05:51:08","date_gmt":"2022-02-08T03:51:08","guid":{"rendered":"http:\/\/www.silverflame.eu\/?post_type=product&#038;p=2590"},"modified":"2024-02-12T11:09:04","modified_gmt":"2024-02-12T09:09:04","slug":"biofireplace-plank","status":"publish","type":"product","link":"https:\/\/www.silverflame.eu\/fi\/tuote\/biofireplace-plank\/","title":{"rendered":"Biotakka \u00abPlank\u00bb"},"content":{"rendered":"<h5><strong>Tietoja tuotteesta:<\/strong><\/h5>\n<p>Biotakka <strong><em>\u00abPlank\u00bb<\/em><\/strong> \u2013 moderni muotoilu ja helppo asennus tekev\u00e4t siit\u00e4 t\u00e4ydellisen jokaiseen sisustukseen. Sen englantilainen tyyli, eleganssi ja modernius antavat huoneelle alkuper\u00e4isen ulottuvuuden. Ekologinen takka antaa todellisen tulen, joka ei vain luo ainutlaatuista tunnelmaa, vaan my\u00f6s l\u00e4mmitt\u00e4\u00e4. Ei vaadi liitt\u00e4mist\u00e4 savupiippuun. Aseta vain, kaada biopolttoainetta astiaan merkittyyn tasoon asti ja nauti l\u00e4mm\u00f6st\u00e4 ja kauniista n\u00e4kymist\u00e4 aidolle tulelle! Liekki\u00e4 on mahdollista s\u00e4\u00e4t\u00e4\u00e4 ja sammuttaa milloin tahansa. Muista tuulettaa huone, jossa biotakka sijaitsee. Jos s\u00e4\u00e4olosuhteet ovat suotuisat, se voi olla terassin tai puutarhan koristelu.<\/p>\n<h5><\/h5>\n<h5><strong>Tunnelma<\/strong><\/h5>\n<p>Biotakka \u00abPlank\u00bb her\u00e4tt\u00e4\u00e4 huomion t\u00e4ydellisill\u00e4 mittasuhteillaan ja minimalismillaan. Lasitus korostaa lis\u00e4ksi tulen kaunista n\u00e4ky\u00e4 ja lis\u00e4\u00e4 my\u00f6s k\u00e4ytt\u00f6turvallisuutta.<\/p>\n<p>\u00abPlank\u00bb tekee sisustuksestasi ainutlaatuisen. Kaikki luoksesi vierailevat ihastuvat biotakasi kauneudesta ja l\u00e4mm\u00f6st\u00e4!<\/p>\n<p>&nbsp;<\/p>\n<h5 class=\"data-item-hidden\"><strong>Helppo asennus ja k\u00e4ytt\u00f6<\/strong><\/h5>\n<p class=\"data-item-hidden\">Biotakan asennus on triviaalisen yksinkertaista. Se vie kirjaimellisesti 5 minuuttia. Sinun tarvitsee vain ripustaa se sein\u00e4lle asennustappien avulla ja asettaa lasi ja biotakka sille varattuihin paikkoihin.<\/p>\n<p><strong><em>HUOMAA!<\/em> \u00c4l\u00e4 lis\u00e4\u00e4 biopolttoainetta k\u00e4ynniss\u00e4 olevaan tai viel\u00e4 kuumaan biotakkaan!<br \/>\n<em>HUOMAA!<\/em><\/strong> Bios\u00e4ili\u00f6 on palamisen aikana ja sammutuksen j\u00e4lkeen eritt\u00e4in kuuma, \u00e4l\u00e4 koske siihen!<\/p>\n<p>&nbsp;<\/p>\n<h5><strong>Ekologinen l\u00e4mp\u00f6:<\/strong><\/h5>\n<p class=\"data-item-hidden\">Olemme kaikki ekologiasta! Ostaessasi biotakkamme v\u00e4lit\u00e4t ymp\u00e4rist\u00f6st\u00e4. Et edist\u00e4 savusumun muodostumista. Kaikki t\u00e4m\u00e4 johtuu siit\u00e4, ett\u00e4 biopolttoaineiden palamistuotteet ovat vain: l\u00e4mp\u00f6\u00e4, vesih\u00f6yry\u00e4 ja mit\u00e4t\u00f6n m\u00e4\u00e4r\u00e4 hiilidioksidia (kuten meid\u00e4n uloshengitetyss\u00e4 ilmassa).<\/p>\n<p>Biotakka nostaa l\u00e4mp\u00f6tilaa useisiin celsiusasteisiin riippuen liekin korkeudesta ja sis\u00e4tilan koosta. 100 % tuotettu l\u00e4mp\u00f6 siirtyy huoneeseen, mink\u00e4 ansiosta biotakka voi olla lis\u00e4l\u00e4mm\u00f6nl\u00e4hde!<\/p>\n<p>&nbsp;<\/p>\n<h5><strong>Lis\u00e4tarvikkeet:<\/strong><\/h5>\n<p class=\"translation-block\">Voit my\u00f6s valita tyylikk\u00e4it\u00e4 ja upeita asusteita, jotka tekev\u00e4t biotakkasi entist\u00e4 houkuttelevamman.<a href=\"http:\/\/www.silverflame.eu\/fi\/tuote-osasto\/accessories\/\" target=\"_self\"> Katso kaikki lis\u00e4varusteet.<\/a><\/p>","protected":false},"excerpt":{"rendered":"<table data-tablestyle=\"MsoTableGrid\" data-tablelook=\"1696\" aria-rowcount=\"8\">\n<tbody>\n<tr aria-rowindex=\"1\">\n<td data-celllook=\"0\"><span data-contrast=\"auto\">Paino (kg)<\/span><span data-ccp-props=\"{&quot;201341983&quot;:0,&quot;335559740&quot;:259}\">\u00a0<\/span><\/td>\n<td data-celllook=\"0\"><span data-contrast=\"auto\">16<\/span><span data-ccp-props=\"{&quot;201341983&quot;:0,&quot;335551550&quot;:1,&quot;335551620&quot;:1,&quot;335559740&quot;:259}\">\u00a0<\/span><\/td>\n<\/tr>\n<tr aria-rowindex=\"2\">\n<td data-celllook=\"0\"><span data-contrast=\"auto\">Korkeus (cm)<\/span><span data-ccp-props=\"{&quot;201341983&quot;:0,&quot;335559740&quot;:259}\">\u00a0<\/span><\/td>\n<td data-celllook=\"0\"><span data-contrast=\"auto\">45,2<\/span><span data-ccp-props=\"{&quot;201341983&quot;:0,&quot;335551550&quot;:1,&quot;335551620&quot;:1,&quot;335559740&quot;:259}\">\u00a0<\/span><\/td>\n<\/tr>\n<tr aria-rowindex=\"3\">\n<td data-celllook=\"0\"><span data-contrast=\"auto\">Leveys (cm)<\/span><span data-ccp-props=\"{&quot;201341983&quot;:0,&quot;335559740&quot;:259}\">\u00a0<\/span><\/td>\n<td data-celllook=\"0\"><span data-contrast=\"auto\">45<\/span><span data-ccp-props=\"{&quot;201341983&quot;:0,&quot;335551550&quot;:1,&quot;335551620&quot;:1,&quot;335559740&quot;:259}\">\u00a0<\/span><\/td>\n<\/tr>\n<tr aria-rowindex=\"4\">\n<td data-celllook=\"0\"><span data-contrast=\"auto\">Syvyys (cm)<\/span><span data-ccp-props=\"{&quot;201341983&quot;:0,&quot;335559740&quot;:259}\">\u00a0<\/span><\/td>\n<td data-celllook=\"0\"><span data-contrast=\"auto\">16,6<\/span><span data-ccp-props=\"{&quot;201341983&quot;:0,&quot;335551550&quot;:1,&quot;335551620&quot;:1,&quot;335559740&quot;:259}\">\u00a0<\/span><\/td>\n<\/tr>\n<tr aria-rowindex=\"5\">\n<td data-celllook=\"0\"><span data-contrast=\"auto\">Bios\u00e4ili\u00f6n kapasiteetti (l)<\/span><span data-ccp-props=\"{&quot;201341983&quot;:0,&quot;335559740&quot;:259}\">\u00a0<\/span><\/td>\n<td data-celllook=\"0\"><span data-contrast=\"auto\">0,33<\/span><span data-ccp-props=\"{&quot;201341983&quot;:0,&quot;335551550&quot;:1,&quot;335551620&quot;:1,&quot;335559740&quot;:259}\">\u00a0<\/span><\/td>\n<\/tr>\n<tr aria-rowindex=\"6\">\n<td data-celllook=\"0\"><span data-contrast=\"auto\">Paloviivan pituus (cm)<\/span><span data-ccp-props=\"{&quot;201341983&quot;:0,&quot;335559740&quot;:259}\">\u00a0<\/span><\/td>\n<td data-celllook=\"0\"><span data-contrast=\"auto\">22<\/span><span data-ccp-props=\"{&quot;201341983&quot;:0,&quot;335551550&quot;:1,&quot;335551620&quot;:1,&quot;335559740&quot;:259}\">\u00a0<\/span><\/td>\n<\/tr>\n<tr aria-rowindex=\"7\">\n<td data-celllook=\"0\"><span data-contrast=\"auto\">Biokontin mitat (K x L x S) (cm)<\/span><\/td>\n<td data-celllook=\"0\"><span data-ccp-props=\"{&quot;201341983&quot;:0,&quot;335559740&quot;:259}\">4,5 x 25,7\u00a0x 6,4<\/span><\/td>\n<\/tr>\n<tr aria-rowindex=\"8\">\n<td data-celllook=\"0\"><span data-ccp-props=\"{&quot;201341983&quot;:0,&quot;335559740&quot;:259}\">\u00a0Toimitusaika<\/span><\/td>\n<td data-celllook=\"0\"><span data-ccp-props=\"{&quot;201341983&quot;:0,&quot;335559740&quot;:259}\"> 10-20 p\u00e4iv\u00e4\u00e4<\/span><\/td>\n<\/tr>\n<\/tbody>\n<\/table>","protected":false},"featured_media":2592,"template":"","meta":{"_monsterinsights_skip_tracking":false,"_monsterinsights_sitenote_active":false,"_monsterinsights_sitenote_note":"","_monsterinsights_sitenote_category":0},"product_brand":[],"product_cat":[140,16],"product_tag":[55,54,57,87,17,18,81],"class_list":{"0":"post-2590","1":"product","2":"type-product","3":"status-publish","4":"has-post-thumbnail","6":"product_cat-special-offers","7":"product_cat-wall-mounted-biofireplaces","8":"product_tag-bio-fireplace","9":"product_tag-biofireplace","10":"product_tag-black","11":"product_tag-wall","12":"product_tag-17","13":"product_tag-18","14":"product_tag-81","15":"product_shipping_class-delivery-in-a-parcel","16":"pa_color-black-color","17":"pa_glass-included","18":"pa_tuv-no","19":"pa_type-of-biofireplace-wall-mounted","20":"aux-has-gallery","22":"first","23":"instock","24":"sale","25":"taxable","26":"shipping-taxable","27":"purchasable","28":"product-type-simple"},"yoast_head":"<!-- This site is optimized with the Yoast SEO Premium plugin v24.1 (Yoast SEO v27.3) - https:\/\/yoast.com\/product\/yoast-seo-premium-wordpress\/ -->\n<title>Biofireplace \u00abPlank\u00bb | SilverFlame<\/title>\n<meta name=\"description\" content=\"Biofireplace \u00abPlank\u00bb modern design and ease of installation makes it perfect for every interior.\u00a0Its English style, elegance and modernity...\" \/>\n<meta name=\"robots\" content=\"index, follow, max-snippet:-1, max-image-preview:large, max-video-preview:-1\" \/>\n<link rel=\"canonical\" href=\"https:\/\/www.silverflame.eu\/fi\/tuote\/biofireplace-plank\/\" \/>\n<meta property=\"og:locale\" content=\"fi_FI\" \/>\n<meta property=\"og:type\" content=\"article\" \/>\n<meta property=\"og:title\" content=\"Biofireplace \u00abPlank\u00bb\" \/>\n<meta property=\"og:description\" content=\"Biofireplace \u00abPlank\u00bb modern design and ease of installation makes it perfect for every interior.\u00a0Its English style, elegance and modernity...\" \/>\n<meta property=\"og:url\" content=\"https:\/\/www.silverflame.eu\/fi\/tuote\/biofireplace-plank\/\" \/>\n<meta property=\"og:site_name\" content=\"SilverFlame\" \/>\n<meta property=\"article:publisher\" content=\"https:\/\/www.facebook.com\/SilverFlameEurope\" \/>\n<meta property=\"article:modified_time\" content=\"2024-02-12T09:09:04+00:00\" \/>\n<meta property=\"og:image\" content=\"https:\/\/www.silverflame.eu\/wp-content\/uploads\/2022\/02\/silverflame-biofireplace-plank.png\" \/>\n\t<meta property=\"og:image:width\" content=\"600\" \/>\n\t<meta property=\"og:image:height\" content=\"600\" \/>\n\t<meta property=\"og:image:type\" content=\"image\/png\" \/>\n<meta name=\"twitter:card\" content=\"summary_large_image\" \/>\n<meta name=\"twitter:label1\" content=\"Arvioitu lukuaika\" \/>\n\t<meta name=\"twitter:data1\" content=\"2 minuuttia\" \/>\n<script type=\"application\/ld+json\" class=\"yoast-schema-graph\">{\"@context\":\"https:\\\/\\\/schema.org\",\"@graph\":[{\"@type\":\"WebPage\",\"@id\":\"https:\\\/\\\/www.silverflame.eu\\\/fi\\\/tuote\\\/biofireplace-plank\\\/\",\"url\":\"https:\\\/\\\/www.silverflame.eu\\\/fi\\\/tuote\\\/biofireplace-plank\\\/\",\"name\":\"Biofireplace \u00abPlank\u00bb | SilverFlame\",\"isPartOf\":{\"@id\":\"https:\\\/\\\/www.silverflame.eu\\\/ru\\\/#website\"},\"primaryImageOfPage\":{\"@id\":\"https:\\\/\\\/www.silverflame.eu\\\/fi\\\/tuote\\\/biofireplace-plank\\\/#primaryimage\"},\"image\":{\"@id\":\"https:\\\/\\\/www.silverflame.eu\\\/fi\\\/tuote\\\/biofireplace-plank\\\/#primaryimage\"},\"thumbnailUrl\":\"https:\\\/\\\/www.silverflame.eu\\\/wp-content\\\/uploads\\\/2022\\\/02\\\/silverflame-biofireplace-plank.png\",\"datePublished\":\"2022-02-08T03:51:08+00:00\",\"dateModified\":\"2024-02-12T09:09:04+00:00\",\"description\":\"Biofireplace \u00abPlank\u00bb modern design and ease of installation makes it perfect for every interior.\u00a0Its English style, elegance and modernity...\",\"breadcrumb\":{\"@id\":\"https:\\\/\\\/www.silverflame.eu\\\/fi\\\/tuote\\\/biofireplace-plank\\\/#breadcrumb\"},\"inLanguage\":\"fi\",\"potentialAction\":[{\"@type\":\"ReadAction\",\"target\":[\"https:\\\/\\\/www.silverflame.eu\\\/fi\\\/tuote\\\/biofireplace-plank\\\/\"]}]},{\"@type\":\"ImageObject\",\"inLanguage\":\"fi\",\"@id\":\"https:\\\/\\\/www.silverflame.eu\\\/fi\\\/tuote\\\/biofireplace-plank\\\/#primaryimage\",\"url\":\"https:\\\/\\\/www.silverflame.eu\\\/wp-content\\\/uploads\\\/2022\\\/02\\\/silverflame-biofireplace-plank.png\",\"contentUrl\":\"https:\\\/\\\/www.silverflame.eu\\\/wp-content\\\/uploads\\\/2022\\\/02\\\/silverflame-biofireplace-plank.png\",\"width\":600,\"height\":600,\"caption\":\"silverflame-biofireplace-plank\"},{\"@type\":\"BreadcrumbList\",\"@id\":\"https:\\\/\\\/www.silverflame.eu\\\/fi\\\/tuote\\\/biofireplace-plank\\\/#breadcrumb\",\"itemListElement\":[{\"@type\":\"ListItem\",\"position\":1,\"name\":\"Home page\",\"item\":\"https:\\\/\\\/www.silverflame.eu\\\/ru\\\/\"},{\"@type\":\"ListItem\",\"position\":2,\"name\":\"Shop\",\"item\":\"https:\\\/\\\/www.silverflame.eu\\\/ru\\\/shop\\\/\"},{\"@type\":\"ListItem\",\"position\":3,\"name\":\"Biofireplace \u00abPlank\u00bb\"}]},{\"@type\":\"WebSite\",\"@id\":\"https:\\\/\\\/www.silverflame.eu\\\/ru\\\/#website\",\"url\":\"https:\\\/\\\/www.silverflame.eu\\\/ru\\\/\",\"name\":\"SilverFlame\",\"description\":\"Biofireplaces | biokaminad | biotakat | bioeldst\u00e4der\",\"publisher\":{\"@id\":\"https:\\\/\\\/www.silverflame.eu\\\/ru\\\/#organization\"},\"potentialAction\":[{\"@type\":\"SearchAction\",\"target\":{\"@type\":\"EntryPoint\",\"urlTemplate\":\"https:\\\/\\\/www.silverflame.eu\\\/ru\\\/?s={search_term_string}\"},\"query-input\":{\"@type\":\"PropertyValueSpecification\",\"valueRequired\":true,\"valueName\":\"search_term_string\"}}],\"inLanguage\":\"fi\"},{\"@type\":\"Organization\",\"@id\":\"https:\\\/\\\/www.silverflame.eu\\\/ru\\\/#organization\",\"name\":\"Silsev O\u00dc\",\"url\":\"https:\\\/\\\/www.silverflame.eu\\\/ru\\\/\",\"logo\":{\"@type\":\"ImageObject\",\"inLanguage\":\"fi\",\"@id\":\"https:\\\/\\\/www.silverflame.eu\\\/ru\\\/#\\\/schema\\\/logo\\\/image\\\/\",\"url\":\"http:\\\/\\\/www.silverflame.eu\\\/wp-content\\\/uploads\\\/2021\\\/11\\\/SilverFlame_Biofireplaces-shop-in-EU_Big-logo.png\",\"contentUrl\":\"http:\\\/\\\/www.silverflame.eu\\\/wp-content\\\/uploads\\\/2021\\\/11\\\/SilverFlame_Biofireplaces-shop-in-EU_Big-logo.png\",\"width\":349,\"height\":478,\"caption\":\"Silsev O\u00dc\"},\"image\":{\"@id\":\"https:\\\/\\\/www.silverflame.eu\\\/ru\\\/#\\\/schema\\\/logo\\\/image\\\/\"},\"sameAs\":[\"https:\\\/\\\/www.facebook.com\\\/SilverFlameEurope\",\"https:\\\/\\\/www.instagram.com\\\/silverflame.eu\\\/\",\"https:\\\/\\\/www.youtube.com\\\/@SilverFlame-Biofireplaces\"],\"description\":\"Welcome to our online store, your one-stop destination for high-quality bioethanol fireplaces, gas heaters, infrared heaters, pop-up tents, patio umbrellas, and more. We specialize in delivering eco-friendly heating solutions and outdoor living products across Europe. Our selection is designed for comfort, style, and sustainability, ensuring that your home and outdoor spaces are both cozy and modern. Enjoy fast shipping, competitive prices, and exceptional customer service with every purchase.\",\"email\":\"info@silverflame.eu\",\"legalName\":\"Silsev O\u00dc\",\"publishingPrinciples\":\"https:\\\/\\\/www.silverflame.eu\\\/ru\\\/about-us\\\/\"}]}<\/script>\n<!-- \/ Yoast SEO Premium plugin. -->","yoast_head_json":{"title":"Biotakka \u00abPlank\u00bb | SilverFlame","description":"Biotakka \u00abPlank\u00bb \u2013 moderni muotoilu ja helppo asennus tekev\u00e4t siit\u00e4 t\u00e4ydellisen jokaiseen sisustukseen. Sen englantilainen tyyli, eleganssi ja modernius antavat huoneelle alkuper\u00e4isen ulottuvuuden.","robots":{"index":"index","follow":"follow","max-snippet":"max-snippet:-1","max-image-preview":"max-image-preview:large","max-video-preview":"max-video-preview:-1"},"canonical":"https:\/\/www.silverflame.eu\/fi\/tuote\/biofireplace-plank\/","og_locale":"fi_FI","og_type":"article","og_title":"Biofireplace \u00abPlank\u00bb","og_description":"Biofireplace \u00abPlank\u00bb modern design and ease of installation makes it perfect for every interior.\u00a0Its English style, elegance and modernity...","og_url":"https:\/\/www.silverflame.eu\/fi\/tuote\/biofireplace-plank\/","og_site_name":"SilverFlame","article_publisher":"https:\/\/www.facebook.com\/SilverFlameEurope","article_modified_time":"2024-02-12T09:09:04+00:00","og_image":[{"width":600,"height":600,"url":"https:\/\/www.silverflame.eu\/wp-content\/uploads\/2022\/02\/silverflame-biofireplace-plank.png","type":"image\/png"}],"twitter_card":"summary_large_image","twitter_misc":{"Arvioitu lukuaika":"2 minuuttia"},"schema":{"@context":"https:\/\/schema.org","@graph":[{"@type":"WebPage","@id":"https:\/\/www.silverflame.eu\/fi\/tuote\/biofireplace-plank\/","url":"https:\/\/www.silverflame.eu\/fi\/tuote\/biofireplace-plank\/","name":"Biotakka \u00abPlank\u00bb | SilverFlame","isPartOf":{"@id":"https:\/\/www.silverflame.eu\/ru\/#website"},"primaryImageOfPage":{"@id":"https:\/\/www.silverflame.eu\/fi\/tuote\/biofireplace-plank\/#primaryimage"},"image":{"@id":"https:\/\/www.silverflame.eu\/fi\/tuote\/biofireplace-plank\/#primaryimage"},"thumbnailUrl":"https:\/\/www.silverflame.eu\/wp-content\/uploads\/2022\/02\/silverflame-biofireplace-plank.png","datePublished":"2022-02-08T03:51:08+00:00","dateModified":"2024-02-12T09:09:04+00:00","description":"Biotakka \u00abPlank\u00bb \u2013 moderni muotoilu ja helppo asennus tekev\u00e4t siit\u00e4 t\u00e4ydellisen jokaiseen sisustukseen. Sen englantilainen tyyli, eleganssi ja modernius antavat huoneelle alkuper\u00e4isen ulottuvuuden.","breadcrumb":{"@id":"https:\/\/www.silverflame.eu\/fi\/tuote\/biofireplace-plank\/#breadcrumb"},"inLanguage":"fi","potentialAction":[{"@type":"ReadAction","target":["https:\/\/www.silverflame.eu\/fi\/tuote\/biofireplace-plank\/"]}]},{"@type":"ImageObject","inLanguage":"fi","@id":"https:\/\/www.silverflame.eu\/fi\/tuote\/biofireplace-plank\/#primaryimage","url":"https:\/\/www.silverflame.eu\/wp-content\/uploads\/2022\/02\/silverflame-biofireplace-plank.png","contentUrl":"https:\/\/www.silverflame.eu\/wp-content\/uploads\/2022\/02\/silverflame-biofireplace-plank.png","width":600,"height":600,"caption":"silverflame-biofireplace-plank"},{"@type":"BreadcrumbList","@id":"https:\/\/www.silverflame.eu\/fi\/tuote\/biofireplace-plank\/#breadcrumb","itemListElement":[{"@type":"ListItem","position":1,"name":"Home page","item":"https:\/\/www.silverflame.eu\/ru\/"},{"@type":"ListItem","position":2,"name":"Shop","item":"https:\/\/www.silverflame.eu\/ru\/shop\/"},{"@type":"ListItem","position":3,"name":"Biofireplace \u00abPlank\u00bb"}]},{"@type":"WebSite","@id":"https:\/\/www.silverflame.eu\/ru\/#website","url":"https:\/\/www.silverflame.eu\/ru\/","name":"SilverFlame","description":"Biofireplaces | biokaminad | biotakat | bioeldst\u00e4der","publisher":{"@id":"https:\/\/www.silverflame.eu\/ru\/#organization"},"potentialAction":[{"@type":"SearchAction","target":{"@type":"EntryPoint","urlTemplate":"https:\/\/www.silverflame.eu\/ru\/?s={search_term_string}"},"query-input":{"@type":"PropertyValueSpecification","valueRequired":true,"valueName":"search_term_string"}}],"inLanguage":"fi"},{"@type":"Organization","@id":"https:\/\/www.silverflame.eu\/ru\/#organization","name":"Silsev O\u00dc","url":"https:\/\/www.silverflame.eu\/ru\/","logo":{"@type":"ImageObject","inLanguage":"fi","@id":"https:\/\/www.silverflame.eu\/ru\/#\/schema\/logo\/image\/","url":"http:\/\/www.silverflame.eu\/wp-content\/uploads\/2021\/11\/SilverFlame_Biofireplaces-shop-in-EU_Big-logo.png","contentUrl":"http:\/\/www.silverflame.eu\/wp-content\/uploads\/2021\/11\/SilverFlame_Biofireplaces-shop-in-EU_Big-logo.png","width":349,"height":478,"caption":"Silsev O\u00dc"},"image":{"@id":"https:\/\/www.silverflame.eu\/ru\/#\/schema\/logo\/image\/"},"sameAs":["https:\/\/www.facebook.com\/SilverFlameEurope","https:\/\/www.instagram.com\/silverflame.eu\/","https:\/\/www.youtube.com\/@SilverFlame-Biofireplaces"],"description":"Welcome to our online store, your one-stop destination for high-quality bioethanol fireplaces, gas heaters, infrared heaters, pop-up tents, patio umbrellas, and more. We specialize in delivering eco-friendly heating solutions and outdoor living products across Europe. Our selection is designed for comfort, style, and sustainability, ensuring that your home and outdoor spaces are both cozy and modern. Enjoy fast shipping, competitive prices, and exceptional customer service with every purchase.","email":"info@silverflame.eu","legalName":"Silsev O\u00dc","publishingPrinciples":"https:\/\/www.silverflame.eu\/ru\/about-us\/"}]}},"_links":{"self":[{"href":"https:\/\/www.silverflame.eu\/fi\/wp-json\/wp\/v2\/product\/2590","targetHints":{"allow":["GET"]}}],"collection":[{"href":"https:\/\/www.silverflame.eu\/fi\/wp-json\/wp\/v2\/product"}],"about":[{"href":"https:\/\/www.silverflame.eu\/fi\/wp-json\/wp\/v2\/types\/product"}],"wp:featuredmedia":[{"embeddable":true,"href":"https:\/\/www.silverflame.eu\/fi\/wp-json\/wp\/v2\/media\/2592"}],"wp:attachment":[{"href":"https:\/\/www.silverflame.eu\/fi\/wp-json\/wp\/v2\/media?parent=2590"}],"wp:term":[{"taxonomy":"product_brand","embeddable":true,"href":"https:\/\/www.silverflame.eu\/fi\/wp-json\/wp\/v2\/product_brand?post=2590"},{"taxonomy":"product_cat","embeddable":true,"href":"https:\/\/www.silverflame.eu\/fi\/wp-json\/wp\/v2\/product_cat?post=2590"},{"taxonomy":"product_tag","embeddable":true,"href":"https:\/\/www.silverflame.eu\/fi\/wp-json\/wp\/v2\/product_tag?post=2590"}],"curies":[{"name":"wp","href":"https:\/\/api.w.org\/{rel}","templated":true}]}}