{"id":3331,"date":"2022-05-12T00:53:16","date_gmt":"2022-05-11T21:53:16","guid":{"rendered":"http:\/\/www.silverflame.eu\/?post_type=product&#038;p=3331"},"modified":"2024-02-12T11:37:14","modified_gmt":"2024-02-12T09:37:14","slug":"mix-of-wood-pieces","status":"publish","type":"product","link":"https:\/\/www.silverflame.eu\/fi\/tuote\/mix-of-wood-pieces\/","title":{"rendered":"Puupalojen sekoitus"},"content":{"rendered":"","protected":false},"excerpt":{"rendered":"<h5><strong>Setti sis\u00e4lt\u00e4\u00e4 5 esinett\u00e4<\/strong><\/h5>\n<h5>______________________________<\/h5>\n<h5><strong>Tietoja tuotteesta:<\/strong><\/h5>\n<p>Puupalojen sekoitus biotakkaan on erinomainen koristelu sek\u00e4 sein\u00e4- ett\u00e4 seisoviin biotakkoihin. Sen ulkon\u00e4k\u00f6 j\u00e4ljittelee erilaisia puita. Puupalojen sekoitus kest\u00e4\u00e4 korkeita l\u00e4mp\u00f6tiloja, joten ne voidaan sijoittaa bios\u00e4ili\u00f6\u00f6n, l\u00e4helle tulta.<\/p>\n<h5>______________________________<\/h5>\n<h5><strong>Turvallinen k\u00e4ytt\u00f6:\u00a0<\/strong><\/h5>\n<p>Koriste-elementit eiv\u00e4t saa tukkia poltinta. Koristeiden asettaminen liekkiin voi vaikuttaa noen muodostumiseen. \u00c4l\u00e4 koske koristeeseen ennen kuin se on j\u00e4\u00e4htynyt, v\u00e4hint\u00e4\u00e4n 30 minuuttia liekin sammumisen j\u00e4lkeen. Turvallisuussyist\u00e4 \u00e4l\u00e4 k\u00e4yt\u00e4 muita koristemateriaaleja kuin sopivia tarvikkeita.<\/p>\n<h5>______________________________<\/h5>\n<h5><strong>Mitat:<\/strong><\/h5>\n<p>\u2013 pituus: 170-240 mm<\/p>\n<p class=\"data-item-hidden\">\u2013 leveys: 30-70 mm<\/p>\n<h5>______________________________<\/h5>\n<h5><strong>Toimitusaika: 10-20 p\u00e4iv\u00e4\u00e4<\/strong><\/h5>","protected":false},"featured_media":3332,"template":"","meta":{"_monsterinsights_skip_tracking":false,"_monsterinsights_sitenote_active":false,"_monsterinsights_sitenote_note":"","_monsterinsights_sitenote_category":0},"product_brand":[],"product_cat":[53],"product_tag":[95,96],"class_list":{"0":"post-3331","1":"product","2":"type-product","3":"status-publish","4":"has-post-thumbnail","6":"product_cat-accessories","7":"product_tag-accessories","8":"product_tag-wood","9":"product_shipping_class-delivery-in-a-parcel-small-items","11":"first","12":"instock","13":"taxable","14":"shipping-taxable","15":"purchasable","16":"product-type-simple"},"yoast_head":"<!-- This site is optimized with the Yoast SEO Premium plugin v24.1 (Yoast SEO v27.3) - https:\/\/yoast.com\/product\/yoast-seo-premium-wordpress\/ -->\n<title>Mix of wood pieces | SilverFlame<\/title>\n<meta name=\"description\" content=\"Mix of wood pieces for biofireplaces is an excellent decoration for both wall-mounted and standing bio-fireplaces. Its appearance imitates...\" \/>\n<meta name=\"robots\" content=\"index, follow, max-snippet:-1, max-image-preview:large, max-video-preview:-1\" \/>\n<link rel=\"canonical\" href=\"https:\/\/www.silverflame.eu\/fi\/tuote\/mix-of-wood-pieces\/\" \/>\n<meta property=\"og:locale\" content=\"fi_FI\" \/>\n<meta property=\"og:type\" content=\"article\" \/>\n<meta property=\"og:title\" content=\"Mix of wood pieces\" \/>\n<meta property=\"og:description\" content=\"Mix of wood pieces for biofireplaces is an excellent decoration for both wall-mounted and standing bio-fireplaces. Its appearance imitates...\" \/>\n<meta property=\"og:url\" content=\"https:\/\/www.silverflame.eu\/fi\/tuote\/mix-of-wood-pieces\/\" \/>\n<meta property=\"og:site_name\" content=\"SilverFlame\" \/>\n<meta property=\"article:publisher\" content=\"https:\/\/www.facebook.com\/SilverFlameEurope\" \/>\n<meta property=\"article:modified_time\" content=\"2024-02-12T09:37:14+00:00\" \/>\n<meta property=\"og:image\" content=\"https:\/\/www.silverflame.eu\/wp-content\/uploads\/2022\/05\/mix-of-wood-pieces-silverflame.png\" \/>\n\t<meta property=\"og:image:width\" content=\"600\" \/>\n\t<meta property=\"og:image:height\" content=\"600\" \/>\n\t<meta property=\"og:image:type\" content=\"image\/png\" \/>\n<meta name=\"twitter:card\" content=\"summary_large_image\" \/>\n<script type=\"application\/ld+json\" class=\"yoast-schema-graph\">{\"@context\":\"https:\\\/\\\/schema.org\",\"@graph\":[{\"@type\":\"WebPage\",\"@id\":\"https:\\\/\\\/www.silverflame.eu\\\/fi\\\/tuote\\\/mix-of-wood-pieces\\\/\",\"url\":\"https:\\\/\\\/www.silverflame.eu\\\/fi\\\/tuote\\\/mix-of-wood-pieces\\\/\",\"name\":\"Mix of wood pieces | SilverFlame\",\"isPartOf\":{\"@id\":\"https:\\\/\\\/www.silverflame.eu\\\/ru\\\/#website\"},\"primaryImageOfPage\":{\"@id\":\"https:\\\/\\\/www.silverflame.eu\\\/fi\\\/tuote\\\/mix-of-wood-pieces\\\/#primaryimage\"},\"image\":{\"@id\":\"https:\\\/\\\/www.silverflame.eu\\\/fi\\\/tuote\\\/mix-of-wood-pieces\\\/#primaryimage\"},\"thumbnailUrl\":\"https:\\\/\\\/www.silverflame.eu\\\/wp-content\\\/uploads\\\/2022\\\/05\\\/mix-of-wood-pieces-silverflame.png\",\"datePublished\":\"2022-05-11T21:53:16+00:00\",\"dateModified\":\"2024-02-12T09:37:14+00:00\",\"description\":\"Mix of wood pieces for biofireplaces is an excellent decoration for both wall-mounted and standing bio-fireplaces. Its appearance imitates...\",\"breadcrumb\":{\"@id\":\"https:\\\/\\\/www.silverflame.eu\\\/fi\\\/tuote\\\/mix-of-wood-pieces\\\/#breadcrumb\"},\"inLanguage\":\"fi\",\"potentialAction\":[{\"@type\":\"ReadAction\",\"target\":[\"https:\\\/\\\/www.silverflame.eu\\\/fi\\\/tuote\\\/mix-of-wood-pieces\\\/\"]}]},{\"@type\":\"ImageObject\",\"inLanguage\":\"fi\",\"@id\":\"https:\\\/\\\/www.silverflame.eu\\\/fi\\\/tuote\\\/mix-of-wood-pieces\\\/#primaryimage\",\"url\":\"https:\\\/\\\/www.silverflame.eu\\\/wp-content\\\/uploads\\\/2022\\\/05\\\/mix-of-wood-pieces-silverflame.png\",\"contentUrl\":\"https:\\\/\\\/www.silverflame.eu\\\/wp-content\\\/uploads\\\/2022\\\/05\\\/mix-of-wood-pieces-silverflame.png\",\"width\":600,\"height\":600,\"caption\":\"mix-of-wood-pieces-silverflame\"},{\"@type\":\"BreadcrumbList\",\"@id\":\"https:\\\/\\\/www.silverflame.eu\\\/fi\\\/tuote\\\/mix-of-wood-pieces\\\/#breadcrumb\",\"itemListElement\":[{\"@type\":\"ListItem\",\"position\":1,\"name\":\"Home page\",\"item\":\"https:\\\/\\\/www.silverflame.eu\\\/ru\\\/\"},{\"@type\":\"ListItem\",\"position\":2,\"name\":\"Shop\",\"item\":\"https:\\\/\\\/www.silverflame.eu\\\/ru\\\/shop\\\/\"},{\"@type\":\"ListItem\",\"position\":3,\"name\":\"Mix of wood pieces\"}]},{\"@type\":\"WebSite\",\"@id\":\"https:\\\/\\\/www.silverflame.eu\\\/ru\\\/#website\",\"url\":\"https:\\\/\\\/www.silverflame.eu\\\/ru\\\/\",\"name\":\"SilverFlame\",\"description\":\"Biofireplaces | biokaminad | biotakat | bioeldst\u00e4der\",\"publisher\":{\"@id\":\"https:\\\/\\\/www.silverflame.eu\\\/ru\\\/#organization\"},\"potentialAction\":[{\"@type\":\"SearchAction\",\"target\":{\"@type\":\"EntryPoint\",\"urlTemplate\":\"https:\\\/\\\/www.silverflame.eu\\\/ru\\\/?s={search_term_string}\"},\"query-input\":{\"@type\":\"PropertyValueSpecification\",\"valueRequired\":true,\"valueName\":\"search_term_string\"}}],\"inLanguage\":\"fi\"},{\"@type\":\"Organization\",\"@id\":\"https:\\\/\\\/www.silverflame.eu\\\/ru\\\/#organization\",\"name\":\"Silsev O\u00dc\",\"url\":\"https:\\\/\\\/www.silverflame.eu\\\/ru\\\/\",\"logo\":{\"@type\":\"ImageObject\",\"inLanguage\":\"fi\",\"@id\":\"https:\\\/\\\/www.silverflame.eu\\\/ru\\\/#\\\/schema\\\/logo\\\/image\\\/\",\"url\":\"http:\\\/\\\/www.silverflame.eu\\\/wp-content\\\/uploads\\\/2021\\\/11\\\/SilverFlame_Biofireplaces-shop-in-EU_Big-logo.png\",\"contentUrl\":\"http:\\\/\\\/www.silverflame.eu\\\/wp-content\\\/uploads\\\/2021\\\/11\\\/SilverFlame_Biofireplaces-shop-in-EU_Big-logo.png\",\"width\":349,\"height\":478,\"caption\":\"Silsev O\u00dc\"},\"image\":{\"@id\":\"https:\\\/\\\/www.silverflame.eu\\\/ru\\\/#\\\/schema\\\/logo\\\/image\\\/\"},\"sameAs\":[\"https:\\\/\\\/www.facebook.com\\\/SilverFlameEurope\",\"https:\\\/\\\/www.instagram.com\\\/silverflame.eu\\\/\",\"https:\\\/\\\/www.youtube.com\\\/@SilverFlame-Biofireplaces\"],\"description\":\"Welcome to our online store, your one-stop destination for high-quality bioethanol fireplaces, gas heaters, infrared heaters, pop-up tents, patio umbrellas, and more. We specialize in delivering eco-friendly heating solutions and outdoor living products across Europe. Our selection is designed for comfort, style, and sustainability, ensuring that your home and outdoor spaces are both cozy and modern. Enjoy fast shipping, competitive prices, and exceptional customer service with every purchase.\",\"email\":\"info@silverflame.eu\",\"legalName\":\"Silsev O\u00dc\",\"publishingPrinciples\":\"https:\\\/\\\/www.silverflame.eu\\\/ru\\\/about-us\\\/\"}]}<\/script>\n<!-- \/ Yoast SEO Premium plugin. -->","yoast_head_json":{"title":"Mix of wood pieces | SilverFlame","description":"Mix of wood pieces for biofireplaces is an excellent decoration for both wall-mounted and standing bio-fireplaces. Its appearance imitates...","robots":{"index":"index","follow":"follow","max-snippet":"max-snippet:-1","max-image-preview":"max-image-preview:large","max-video-preview":"max-video-preview:-1"},"canonical":"https:\/\/www.silverflame.eu\/fi\/tuote\/mix-of-wood-pieces\/","og_locale":"fi_FI","og_type":"article","og_title":"Mix of wood pieces","og_description":"Mix of wood pieces for biofireplaces is an excellent decoration for both wall-mounted and standing bio-fireplaces. Its appearance imitates...","og_url":"https:\/\/www.silverflame.eu\/fi\/tuote\/mix-of-wood-pieces\/","og_site_name":"SilverFlame","article_publisher":"https:\/\/www.facebook.com\/SilverFlameEurope","article_modified_time":"2024-02-12T09:37:14+00:00","og_image":[{"width":600,"height":600,"url":"https:\/\/www.silverflame.eu\/wp-content\/uploads\/2022\/05\/mix-of-wood-pieces-silverflame.png","type":"image\/png"}],"twitter_card":"summary_large_image","schema":{"@context":"https:\/\/schema.org","@graph":[{"@type":"WebPage","@id":"https:\/\/www.silverflame.eu\/fi\/tuote\/mix-of-wood-pieces\/","url":"https:\/\/www.silverflame.eu\/fi\/tuote\/mix-of-wood-pieces\/","name":"Mix of wood pieces | SilverFlame","isPartOf":{"@id":"https:\/\/www.silverflame.eu\/ru\/#website"},"primaryImageOfPage":{"@id":"https:\/\/www.silverflame.eu\/fi\/tuote\/mix-of-wood-pieces\/#primaryimage"},"image":{"@id":"https:\/\/www.silverflame.eu\/fi\/tuote\/mix-of-wood-pieces\/#primaryimage"},"thumbnailUrl":"https:\/\/www.silverflame.eu\/wp-content\/uploads\/2022\/05\/mix-of-wood-pieces-silverflame.png","datePublished":"2022-05-11T21:53:16+00:00","dateModified":"2024-02-12T09:37:14+00:00","description":"Mix of wood pieces for biofireplaces is an excellent decoration for both wall-mounted and standing bio-fireplaces. Its appearance imitates...","breadcrumb":{"@id":"https:\/\/www.silverflame.eu\/fi\/tuote\/mix-of-wood-pieces\/#breadcrumb"},"inLanguage":"fi","potentialAction":[{"@type":"ReadAction","target":["https:\/\/www.silverflame.eu\/fi\/tuote\/mix-of-wood-pieces\/"]}]},{"@type":"ImageObject","inLanguage":"fi","@id":"https:\/\/www.silverflame.eu\/fi\/tuote\/mix-of-wood-pieces\/#primaryimage","url":"https:\/\/www.silverflame.eu\/wp-content\/uploads\/2022\/05\/mix-of-wood-pieces-silverflame.png","contentUrl":"https:\/\/www.silverflame.eu\/wp-content\/uploads\/2022\/05\/mix-of-wood-pieces-silverflame.png","width":600,"height":600,"caption":"mix-of-wood-pieces-silverflame"},{"@type":"BreadcrumbList","@id":"https:\/\/www.silverflame.eu\/fi\/tuote\/mix-of-wood-pieces\/#breadcrumb","itemListElement":[{"@type":"ListItem","position":1,"name":"Home page","item":"https:\/\/www.silverflame.eu\/ru\/"},{"@type":"ListItem","position":2,"name":"Shop","item":"https:\/\/www.silverflame.eu\/ru\/shop\/"},{"@type":"ListItem","position":3,"name":"Mix of wood pieces"}]},{"@type":"WebSite","@id":"https:\/\/www.silverflame.eu\/ru\/#website","url":"https:\/\/www.silverflame.eu\/ru\/","name":"SilverFlame","description":"Biofireplaces | biokaminad | biotakat | bioeldst\u00e4der","publisher":{"@id":"https:\/\/www.silverflame.eu\/ru\/#organization"},"potentialAction":[{"@type":"SearchAction","target":{"@type":"EntryPoint","urlTemplate":"https:\/\/www.silverflame.eu\/ru\/?s={search_term_string}"},"query-input":{"@type":"PropertyValueSpecification","valueRequired":true,"valueName":"search_term_string"}}],"inLanguage":"fi"},{"@type":"Organization","@id":"https:\/\/www.silverflame.eu\/ru\/#organization","name":"Silsev O\u00dc","url":"https:\/\/www.silverflame.eu\/ru\/","logo":{"@type":"ImageObject","inLanguage":"fi","@id":"https:\/\/www.silverflame.eu\/ru\/#\/schema\/logo\/image\/","url":"http:\/\/www.silverflame.eu\/wp-content\/uploads\/2021\/11\/SilverFlame_Biofireplaces-shop-in-EU_Big-logo.png","contentUrl":"http:\/\/www.silverflame.eu\/wp-content\/uploads\/2021\/11\/SilverFlame_Biofireplaces-shop-in-EU_Big-logo.png","width":349,"height":478,"caption":"Silsev O\u00dc"},"image":{"@id":"https:\/\/www.silverflame.eu\/ru\/#\/schema\/logo\/image\/"},"sameAs":["https:\/\/www.facebook.com\/SilverFlameEurope","https:\/\/www.instagram.com\/silverflame.eu\/","https:\/\/www.youtube.com\/@SilverFlame-Biofireplaces"],"description":"Welcome to our online store, your one-stop destination for high-quality bioethanol fireplaces, gas heaters, infrared heaters, pop-up tents, patio umbrellas, and more. We specialize in delivering eco-friendly heating solutions and outdoor living products across Europe. Our selection is designed for comfort, style, and sustainability, ensuring that your home and outdoor spaces are both cozy and modern. Enjoy fast shipping, competitive prices, and exceptional customer service with every purchase.","email":"info@silverflame.eu","legalName":"Silsev O\u00dc","publishingPrinciples":"https:\/\/www.silverflame.eu\/ru\/about-us\/"}]}},"_links":{"self":[{"href":"https:\/\/www.silverflame.eu\/fi\/wp-json\/wp\/v2\/product\/3331","targetHints":{"allow":["GET"]}}],"collection":[{"href":"https:\/\/www.silverflame.eu\/fi\/wp-json\/wp\/v2\/product"}],"about":[{"href":"https:\/\/www.silverflame.eu\/fi\/wp-json\/wp\/v2\/types\/product"}],"wp:featuredmedia":[{"embeddable":true,"href":"https:\/\/www.silverflame.eu\/fi\/wp-json\/wp\/v2\/media\/3332"}],"wp:attachment":[{"href":"https:\/\/www.silverflame.eu\/fi\/wp-json\/wp\/v2\/media?parent=3331"}],"wp:term":[{"taxonomy":"product_brand","embeddable":true,"href":"https:\/\/www.silverflame.eu\/fi\/wp-json\/wp\/v2\/product_brand?post=3331"},{"taxonomy":"product_cat","embeddable":true,"href":"https:\/\/www.silverflame.eu\/fi\/wp-json\/wp\/v2\/product_cat?post=3331"},{"taxonomy":"product_tag","embeddable":true,"href":"https:\/\/www.silverflame.eu\/fi\/wp-json\/wp\/v2\/product_tag?post=3331"}],"curies":[{"name":"wp","href":"https:\/\/api.w.org\/{rel}","templated":true}]}}