{"id":3368,"date":"2022-05-13T03:04:32","date_gmt":"2022-05-13T00:04:32","guid":{"rendered":"http:\/\/www.silverflame.eu\/?post_type=product&#038;p=3368"},"modified":"2024-02-12T11:42:34","modified_gmt":"2024-02-12T09:42:34","slug":"bioethanol-romance-1l","status":"publish","type":"product","link":"https:\/\/www.silverflame.eu\/fi\/tuote\/bioethanol-romance-1l\/","title":{"rendered":"Bioetanoli \u00abRomance\u00bb 1L"},"content":{"rendered":"<h5><strong>Tietoja tuotteesta:<\/strong><\/h5>\n<p>\"Romance\" aromillinen bioetanoli on erikoisneste k\u00e4ytett\u00e4v\u00e4ksi biotakoissa ekologisena energianl\u00e4hteen\u00e4. Biologisesta alkoholista johdettu, se palaa t\u00e4ysin ilman savua. Palamistuotteet ovat: vesih\u00f6yry\u00e4 ja hiilidioksidia saman verran kuin ihmisen uloshengitt\u00e4m\u00e4\u00e4 ilmaa. Siksi se on t\u00e4ysin turvallista terveydelle. Polttoaine on testattu ja hyv\u00e4ksytty k\u00e4ytett\u00e4v\u00e4ksi Kansanterveyslaitoksen toimesta.<\/p>\n<p>&nbsp;<\/p>\n<p>&nbsp;<\/p>\n<h5><strong>Biopolttoaineen poltto:<\/strong><\/h5>\n<p>1 litra  \u201cRomance\u201d aromillista bioetanolia palaa 2-5 tunnissa \u2013 liekin koosta riippuen. Se on tehokas ja suhteellisen halpa energial\u00e4hde. Muutaman minuutin k\u00e4yt\u00f6n j\u00e4lkeen huoneen l\u00e4mp\u00f6tila nousee huomattavasti. Biopolttoaineiden lis\u00e4etu on se, ett\u00e4 perinteisiss\u00e4 tulisijoissa poltettaessa ei muodostu nokea ja tuhkaa. Biopolttoaineiden polttaminen ei vaadi savupiippuja. Kaikki mit\u00e4 tarvitaan, kuten muissakin avotulella toimivissa laitteissa, on mahdollinen jatkuva ilmansy\u00f6tt\u00f6. Biotakkaa voidaan k\u00e4ytt\u00e4\u00e4 my\u00f6s aromaterapiaan. Biopolttoaineet eiv\u00e4t kuivaa ilmaa, vaan kostuttavat sit\u00e4. Biotakan taika ja vieh\u00e4tys luo kodikkaan tunnelman taloon ja on rentoutumisen l\u00e4hde. Biopolttoaineemme on Puolasta ja se on 100 % ekologista.<\/p>\n<p>&nbsp;<\/p>\n<p>&nbsp;<\/p>\n<h5><strong>K\u00e4ytt\u00f6ohjeet:<\/strong><\/h5>\n<ul>\n<li>\u2013 Kaada neste metalliastiaan polttamista varten.<\/li>\n<li>\u2013 S\u00e4ili\u00f6 voidaan t\u00e4ytt\u00e4\u00e4 vain 2\/3 tilavuudestaan.<\/li>\n<li>\u2013 Varmista, ett\u00e4 neste ei l\u00e4iky s\u00e4ili\u00f6st\u00e4 ja sytyt\u00e4 se tuleen.<\/li>\n<\/ul>\n<p><strong>HUOMAA: \u00c4l\u00e4 lis\u00e4\u00e4 biopolttoainetta k\u00e4ynniss\u00e4 olevaan tai viel\u00e4 kuumaan biotakkaan!<\/strong><\/p>","protected":false},"excerpt":{"rendered":"<p class=\"translation-block\">1 litra ekologista bioetanolia <strong>\u00abRomance\u00bb aromilla<\/strong> biotakkaan. 1 litran biopolttoaineen palamisaika on noin 2-5 tuntia (riippuen biotakan koosta).<\/p>\n<p>&nbsp;<\/p>\n<p>Toimitusaika: 10-20 p\u00e4iv\u00e4\u00e4<\/p>\n<p>&nbsp;<\/p>\n<p>Voit lukea lis\u00e4\u00e4 tuotteesta sen kuvauksesta alla.<\/p>","protected":false},"featured_media":3369,"template":"","meta":{"_monsterinsights_skip_tracking":false,"_monsterinsights_sitenote_active":false,"_monsterinsights_sitenote_note":"","_monsterinsights_sitenote_category":0},"product_brand":[],"product_cat":[52],"product_tag":[98,99],"class_list":{"0":"post-3368","1":"product","2":"type-product","3":"status-publish","4":"has-post-thumbnail","6":"product_cat-biofuel","7":"product_tag-bioethanol","8":"product_tag-biofuel","9":"product_shipping_class-delivery-in-a-parcel-small-items","11":"first","12":"instock","13":"taxable","14":"shipping-taxable","15":"purchasable","16":"product-type-simple"},"yoast_head":"<!-- This site is optimized with the Yoast SEO Premium plugin v24.1 (Yoast SEO v27.3) - https:\/\/yoast.com\/product\/yoast-seo-premium-wordpress\/ -->\n<title>Bioethanol \u00abRomance\u00bb 1L | SilverFlame<\/title>\n<meta name=\"description\" content=\"Bioethanol with &quot;Romance&quot; aroma is a special liquid for use in biofireplaces as an ecological source of energy. Derived from biological al...\" \/>\n<meta name=\"robots\" content=\"index, follow, max-snippet:-1, max-image-preview:large, max-video-preview:-1\" \/>\n<link rel=\"canonical\" href=\"https:\/\/www.silverflame.eu\/fi\/tuote\/bioethanol-romance-1l\/\" \/>\n<meta property=\"og:locale\" content=\"fi_FI\" \/>\n<meta property=\"og:type\" content=\"article\" \/>\n<meta property=\"og:title\" content=\"Bioethanol \u00abRomance\u00bb 1L\" \/>\n<meta property=\"og:description\" content=\"Bioethanol with &quot;Romance&quot; aroma is a special liquid for use in biofireplaces as an ecological source of energy. Derived from biological al...\" \/>\n<meta property=\"og:url\" content=\"https:\/\/www.silverflame.eu\/fi\/tuote\/bioethanol-romance-1l\/\" \/>\n<meta property=\"og:site_name\" content=\"SilverFlame\" \/>\n<meta property=\"article:publisher\" content=\"https:\/\/www.facebook.com\/SilverFlameEurope\" \/>\n<meta property=\"article:modified_time\" content=\"2024-02-12T09:42:34+00:00\" \/>\n<meta property=\"og:image\" content=\"https:\/\/www.silverflame.eu\/wp-content\/uploads\/2022\/05\/bioethanol-romance-1l-silverflame.png\" \/>\n\t<meta property=\"og:image:width\" content=\"600\" \/>\n\t<meta property=\"og:image:height\" content=\"600\" \/>\n\t<meta property=\"og:image:type\" content=\"image\/png\" \/>\n<meta name=\"twitter:card\" content=\"summary_large_image\" \/>\n<meta name=\"twitter:label1\" content=\"Arvioitu lukuaika\" \/>\n\t<meta name=\"twitter:data1\" content=\"1 minuutti\" \/>\n<script type=\"application\/ld+json\" class=\"yoast-schema-graph\">{\"@context\":\"https:\\\/\\\/schema.org\",\"@graph\":[{\"@type\":\"WebPage\",\"@id\":\"https:\\\/\\\/www.silverflame.eu\\\/fi\\\/tuote\\\/bioethanol-romance-1l\\\/\",\"url\":\"https:\\\/\\\/www.silverflame.eu\\\/fi\\\/tuote\\\/bioethanol-romance-1l\\\/\",\"name\":\"Bioethanol \u00abRomance\u00bb 1L | SilverFlame\",\"isPartOf\":{\"@id\":\"https:\\\/\\\/www.silverflame.eu\\\/ru\\\/#website\"},\"primaryImageOfPage\":{\"@id\":\"https:\\\/\\\/www.silverflame.eu\\\/fi\\\/tuote\\\/bioethanol-romance-1l\\\/#primaryimage\"},\"image\":{\"@id\":\"https:\\\/\\\/www.silverflame.eu\\\/fi\\\/tuote\\\/bioethanol-romance-1l\\\/#primaryimage\"},\"thumbnailUrl\":\"https:\\\/\\\/www.silverflame.eu\\\/wp-content\\\/uploads\\\/2022\\\/05\\\/bioethanol-romance-1l-silverflame.png\",\"datePublished\":\"2022-05-13T00:04:32+00:00\",\"dateModified\":\"2024-02-12T09:42:34+00:00\",\"description\":\"Bioethanol with \\\"Romance\\\" aroma is a special liquid for use in biofireplaces as an ecological source of energy. Derived from biological al...\",\"breadcrumb\":{\"@id\":\"https:\\\/\\\/www.silverflame.eu\\\/fi\\\/tuote\\\/bioethanol-romance-1l\\\/#breadcrumb\"},\"inLanguage\":\"fi\",\"potentialAction\":[{\"@type\":\"ReadAction\",\"target\":[\"https:\\\/\\\/www.silverflame.eu\\\/fi\\\/tuote\\\/bioethanol-romance-1l\\\/\"]}]},{\"@type\":\"ImageObject\",\"inLanguage\":\"fi\",\"@id\":\"https:\\\/\\\/www.silverflame.eu\\\/fi\\\/tuote\\\/bioethanol-romance-1l\\\/#primaryimage\",\"url\":\"https:\\\/\\\/www.silverflame.eu\\\/wp-content\\\/uploads\\\/2022\\\/05\\\/bioethanol-romance-1l-silverflame.png\",\"contentUrl\":\"https:\\\/\\\/www.silverflame.eu\\\/wp-content\\\/uploads\\\/2022\\\/05\\\/bioethanol-romance-1l-silverflame.png\",\"width\":600,\"height\":600,\"caption\":\"bioethanol-romance-1l-silverflame\"},{\"@type\":\"BreadcrumbList\",\"@id\":\"https:\\\/\\\/www.silverflame.eu\\\/fi\\\/tuote\\\/bioethanol-romance-1l\\\/#breadcrumb\",\"itemListElement\":[{\"@type\":\"ListItem\",\"position\":1,\"name\":\"Home page\",\"item\":\"https:\\\/\\\/www.silverflame.eu\\\/ru\\\/\"},{\"@type\":\"ListItem\",\"position\":2,\"name\":\"Shop\",\"item\":\"https:\\\/\\\/www.silverflame.eu\\\/ru\\\/shop\\\/\"},{\"@type\":\"ListItem\",\"position\":3,\"name\":\"Bioethanol \u00abRomance\u00bb 1L\"}]},{\"@type\":\"WebSite\",\"@id\":\"https:\\\/\\\/www.silverflame.eu\\\/ru\\\/#website\",\"url\":\"https:\\\/\\\/www.silverflame.eu\\\/ru\\\/\",\"name\":\"SilverFlame\",\"description\":\"Biofireplaces | biokaminad | biotakat | bioeldst\u00e4der\",\"publisher\":{\"@id\":\"https:\\\/\\\/www.silverflame.eu\\\/ru\\\/#organization\"},\"potentialAction\":[{\"@type\":\"SearchAction\",\"target\":{\"@type\":\"EntryPoint\",\"urlTemplate\":\"https:\\\/\\\/www.silverflame.eu\\\/ru\\\/?s={search_term_string}\"},\"query-input\":{\"@type\":\"PropertyValueSpecification\",\"valueRequired\":true,\"valueName\":\"search_term_string\"}}],\"inLanguage\":\"fi\"},{\"@type\":\"Organization\",\"@id\":\"https:\\\/\\\/www.silverflame.eu\\\/ru\\\/#organization\",\"name\":\"Silsev O\u00dc\",\"url\":\"https:\\\/\\\/www.silverflame.eu\\\/ru\\\/\",\"logo\":{\"@type\":\"ImageObject\",\"inLanguage\":\"fi\",\"@id\":\"https:\\\/\\\/www.silverflame.eu\\\/ru\\\/#\\\/schema\\\/logo\\\/image\\\/\",\"url\":\"http:\\\/\\\/www.silverflame.eu\\\/wp-content\\\/uploads\\\/2021\\\/11\\\/SilverFlame_Biofireplaces-shop-in-EU_Big-logo.png\",\"contentUrl\":\"http:\\\/\\\/www.silverflame.eu\\\/wp-content\\\/uploads\\\/2021\\\/11\\\/SilverFlame_Biofireplaces-shop-in-EU_Big-logo.png\",\"width\":349,\"height\":478,\"caption\":\"Silsev O\u00dc\"},\"image\":{\"@id\":\"https:\\\/\\\/www.silverflame.eu\\\/ru\\\/#\\\/schema\\\/logo\\\/image\\\/\"},\"sameAs\":[\"https:\\\/\\\/www.facebook.com\\\/SilverFlameEurope\",\"https:\\\/\\\/www.instagram.com\\\/silverflame.eu\\\/\",\"https:\\\/\\\/www.youtube.com\\\/@SilverFlame-Biofireplaces\"],\"description\":\"Welcome to our online store, your one-stop destination for high-quality bioethanol fireplaces, gas heaters, infrared heaters, pop-up tents, patio umbrellas, and more. We specialize in delivering eco-friendly heating solutions and outdoor living products across Europe. Our selection is designed for comfort, style, and sustainability, ensuring that your home and outdoor spaces are both cozy and modern. Enjoy fast shipping, competitive prices, and exceptional customer service with every purchase.\",\"email\":\"info@silverflame.eu\",\"legalName\":\"Silsev O\u00dc\",\"publishingPrinciples\":\"https:\\\/\\\/www.silverflame.eu\\\/ru\\\/about-us\\\/\"}]}<\/script>\n<!-- \/ Yoast SEO Premium plugin. -->","yoast_head_json":{"title":"Bioetanoli \u00abRomance\u00bb 1L | SilverFlame","description":"1 litra ekologista bioetanolia \u00abRomance\u00bb aromilla biotakkaan. 1 litran biopolttoaineen palamisaika on noin 2-5 tuntia (riippuen biotakan koosta).","robots":{"index":"index","follow":"follow","max-snippet":"max-snippet:-1","max-image-preview":"max-image-preview:large","max-video-preview":"max-video-preview:-1"},"canonical":"https:\/\/www.silverflame.eu\/fi\/tuote\/bioethanol-romance-1l\/","og_locale":"fi_FI","og_type":"article","og_title":"Bioethanol \u00abRomance\u00bb 1L","og_description":"Bioethanol with \"Romance\" aroma is a special liquid for use in biofireplaces as an ecological source of energy. Derived from biological al...","og_url":"https:\/\/www.silverflame.eu\/fi\/tuote\/bioethanol-romance-1l\/","og_site_name":"SilverFlame","article_publisher":"https:\/\/www.facebook.com\/SilverFlameEurope","article_modified_time":"2024-02-12T09:42:34+00:00","og_image":[{"width":600,"height":600,"url":"https:\/\/www.silverflame.eu\/wp-content\/uploads\/2022\/05\/bioethanol-romance-1l-silverflame.png","type":"image\/png"}],"twitter_card":"summary_large_image","twitter_misc":{"Arvioitu lukuaika":"1 minuutti"},"schema":{"@context":"https:\/\/schema.org","@graph":[{"@type":"WebPage","@id":"https:\/\/www.silverflame.eu\/fi\/tuote\/bioethanol-romance-1l\/","url":"https:\/\/www.silverflame.eu\/fi\/tuote\/bioethanol-romance-1l\/","name":"Bioetanoli \u00abRomance\u00bb 1L | SilverFlame","isPartOf":{"@id":"https:\/\/www.silverflame.eu\/ru\/#website"},"primaryImageOfPage":{"@id":"https:\/\/www.silverflame.eu\/fi\/tuote\/bioethanol-romance-1l\/#primaryimage"},"image":{"@id":"https:\/\/www.silverflame.eu\/fi\/tuote\/bioethanol-romance-1l\/#primaryimage"},"thumbnailUrl":"https:\/\/www.silverflame.eu\/wp-content\/uploads\/2022\/05\/bioethanol-romance-1l-silverflame.png","datePublished":"2022-05-13T00:04:32+00:00","dateModified":"2024-02-12T09:42:34+00:00","description":"1 litra ekologista bioetanolia \u00abRomance\u00bb aromilla biotakkaan. 1 litran biopolttoaineen palamisaika on noin 2-5 tuntia (riippuen biotakan koosta).","breadcrumb":{"@id":"https:\/\/www.silverflame.eu\/fi\/tuote\/bioethanol-romance-1l\/#breadcrumb"},"inLanguage":"fi","potentialAction":[{"@type":"ReadAction","target":["https:\/\/www.silverflame.eu\/fi\/tuote\/bioethanol-romance-1l\/"]}]},{"@type":"ImageObject","inLanguage":"fi","@id":"https:\/\/www.silverflame.eu\/fi\/tuote\/bioethanol-romance-1l\/#primaryimage","url":"https:\/\/www.silverflame.eu\/wp-content\/uploads\/2022\/05\/bioethanol-romance-1l-silverflame.png","contentUrl":"https:\/\/www.silverflame.eu\/wp-content\/uploads\/2022\/05\/bioethanol-romance-1l-silverflame.png","width":600,"height":600,"caption":"bioethanol-romance-1l-silverflame"},{"@type":"BreadcrumbList","@id":"https:\/\/www.silverflame.eu\/fi\/tuote\/bioethanol-romance-1l\/#breadcrumb","itemListElement":[{"@type":"ListItem","position":1,"name":"Home page","item":"https:\/\/www.silverflame.eu\/ru\/"},{"@type":"ListItem","position":2,"name":"Shop","item":"https:\/\/www.silverflame.eu\/ru\/shop\/"},{"@type":"ListItem","position":3,"name":"Bioethanol \u00abRomance\u00bb 1L"}]},{"@type":"WebSite","@id":"https:\/\/www.silverflame.eu\/ru\/#website","url":"https:\/\/www.silverflame.eu\/ru\/","name":"SilverFlame","description":"Biofireplaces | biokaminad | biotakat | bioeldst\u00e4der","publisher":{"@id":"https:\/\/www.silverflame.eu\/ru\/#organization"},"potentialAction":[{"@type":"SearchAction","target":{"@type":"EntryPoint","urlTemplate":"https:\/\/www.silverflame.eu\/ru\/?s={search_term_string}"},"query-input":{"@type":"PropertyValueSpecification","valueRequired":true,"valueName":"search_term_string"}}],"inLanguage":"fi"},{"@type":"Organization","@id":"https:\/\/www.silverflame.eu\/ru\/#organization","name":"Silsev O\u00dc","url":"https:\/\/www.silverflame.eu\/ru\/","logo":{"@type":"ImageObject","inLanguage":"fi","@id":"https:\/\/www.silverflame.eu\/ru\/#\/schema\/logo\/image\/","url":"http:\/\/www.silverflame.eu\/wp-content\/uploads\/2021\/11\/SilverFlame_Biofireplaces-shop-in-EU_Big-logo.png","contentUrl":"http:\/\/www.silverflame.eu\/wp-content\/uploads\/2021\/11\/SilverFlame_Biofireplaces-shop-in-EU_Big-logo.png","width":349,"height":478,"caption":"Silsev O\u00dc"},"image":{"@id":"https:\/\/www.silverflame.eu\/ru\/#\/schema\/logo\/image\/"},"sameAs":["https:\/\/www.facebook.com\/SilverFlameEurope","https:\/\/www.instagram.com\/silverflame.eu\/","https:\/\/www.youtube.com\/@SilverFlame-Biofireplaces"],"description":"Welcome to our online store, your one-stop destination for high-quality bioethanol fireplaces, gas heaters, infrared heaters, pop-up tents, patio umbrellas, and more. We specialize in delivering eco-friendly heating solutions and outdoor living products across Europe. Our selection is designed for comfort, style, and sustainability, ensuring that your home and outdoor spaces are both cozy and modern. Enjoy fast shipping, competitive prices, and exceptional customer service with every purchase.","email":"info@silverflame.eu","legalName":"Silsev O\u00dc","publishingPrinciples":"https:\/\/www.silverflame.eu\/ru\/about-us\/"}]}},"_links":{"self":[{"href":"https:\/\/www.silverflame.eu\/fi\/wp-json\/wp\/v2\/product\/3368","targetHints":{"allow":["GET"]}}],"collection":[{"href":"https:\/\/www.silverflame.eu\/fi\/wp-json\/wp\/v2\/product"}],"about":[{"href":"https:\/\/www.silverflame.eu\/fi\/wp-json\/wp\/v2\/types\/product"}],"wp:featuredmedia":[{"embeddable":true,"href":"https:\/\/www.silverflame.eu\/fi\/wp-json\/wp\/v2\/media\/3369"}],"wp:attachment":[{"href":"https:\/\/www.silverflame.eu\/fi\/wp-json\/wp\/v2\/media?parent=3368"}],"wp:term":[{"taxonomy":"product_brand","embeddable":true,"href":"https:\/\/www.silverflame.eu\/fi\/wp-json\/wp\/v2\/product_brand?post=3368"},{"taxonomy":"product_cat","embeddable":true,"href":"https:\/\/www.silverflame.eu\/fi\/wp-json\/wp\/v2\/product_cat?post=3368"},{"taxonomy":"product_tag","embeddable":true,"href":"https:\/\/www.silverflame.eu\/fi\/wp-json\/wp\/v2\/product_tag?post=3368"}],"curies":[{"name":"wp","href":"https:\/\/api.w.org\/{rel}","templated":true}]}}