{"id":4135,"date":"2022-10-17T23:47:11","date_gmt":"2022-10-17T20:47:11","guid":{"rendered":"http:\/\/www.silverflame.eu\/?post_type=product&#038;p=4135"},"modified":"2026-01-15T07:46:04","modified_gmt":"2026-01-15T05:46:04","slug":"wall-unit-fly-m2-with-biofireplace","status":"publish","type":"product","link":"https:\/\/www.silverflame.eu\/fi\/tuote\/wall-unit-fly-m2-with-biofireplace\/","title":{"rendered":"Sektionaali \u00abFly M2\u00bb biotakalla"},"content":{"rendered":"<h5><strong>Tietoja tuotteesta:<\/strong><\/h5>\n<p><strong>Sektionaali \u00abFly M2\u00bb biotakalla<\/strong>: Biotakalla varustetut huonekalut ovat uusi sana muotoilun ja sisustuksen maailmassa! Se ei vain lis\u00e4\u00e4 eleganssia ja ainutlaatuisuutta huoneeseesi, vaan luo my\u00f6s kodikkaan tunnelman biotakan el\u00e4v\u00e4n liekin ansiosta.<\/p>\n<p>&nbsp;<\/p>\n<p>2x Sein\u00e4kaappi 1 lasiovella (3 lasihylly\u00e4 sis\u00e4ll\u00e4). Led-valaistus mukana. \"Push-click\" avausj\u00e4rjestelm\u00e4 \u2013 (KxLxS: <strong>170x40x29<\/strong>)<br \/>\n1 x TV-taso: vasemmalla ja oikealla yksi kaappi, jossa yksi kammio sis\u00e4ll\u00e4. Keskell\u00e4 biotakka. \"Push-click\" avausj\u00e4rjestelm\u00e4 \u2013 (KxLxS: <strong>40x160x40<\/strong>)<br \/>\n2x sein\u00e4hylly\u00e4 setiss\u00e4 \u2013 (KxLxS: <strong>20&#215;100-120&#215;20<\/strong>)<\/p>\n<p>&nbsp;<\/p>\n<p>Construction of body: <strong>LAMINATED FURNITURE BOARD<\/strong><br \/>\nBody design: <strong>MATTA<\/strong><\/p>\n<p>Construction of fronts: <strong>MDF, PVC FOIL, GLASS, BIOFIREPLACE<\/strong><br \/>\nFront design: <strong>KIILTO<\/strong><\/p>\n<h5><\/h5>\n<h5><strong>Pakkausten mitat ja paino:<br \/>\n<\/strong><\/h5>\n<p>Sektionaali \u00abFly M2\u00bb biotakalla: <strong>5 pakettia<\/strong><\/p>\n<ul>\n<li><strong>\u2013 Paketti 1:<\/strong> 185\/43\/8 &#8211; 32kg<\/li>\n<li><strong>\u2013 Paketti 2:<\/strong> 185\/43\/8 &#8211; 32kg<\/li>\n<li><strong>\u2013 Paketti 3:<\/strong> 95\/40\/14 &#8211; 27kg<\/li>\n<li><strong>\u2013 Paketti 4: <\/strong>95\/43\/14 &#8211; 12,5kg<\/li>\n<li><strong>\u2013 Paketti 5: <\/strong>112\/23\/9 &#8211; 9kg<\/li>\n<\/ul>\n<p>&nbsp;<\/p>\n<h5><strong>Ekologinen l\u00e4mp\u00f6:<\/strong><\/h5>\n<p class=\"data-item-hidden\">Olemme kaikki ekologiasta! Ostaessasi biotakkamme v\u00e4lit\u00e4t ymp\u00e4rist\u00f6st\u00e4. Et edist\u00e4 savusumun muodostumista. Kaikki t\u00e4m\u00e4 johtuu siit\u00e4, ett\u00e4 biopolttoaineiden palamistuotteet ovat vain: l\u00e4mp\u00f6\u00e4, vesih\u00f6yry\u00e4 ja mit\u00e4t\u00f6n m\u00e4\u00e4r\u00e4 hiilidioksidia (kuten meid\u00e4n uloshengitetyss\u00e4 ilmassa).<\/p>\n<p>Biotakka nostaa l\u00e4mp\u00f6tilaa useisiin celsiusasteisiin riippuen liekin korkeudesta ja sis\u00e4tilan koosta. 100 % tuotettu l\u00e4mp\u00f6 siirtyy huoneeseen, mink\u00e4 ansiosta biotakka voi olla lis\u00e4l\u00e4mm\u00f6nl\u00e4hde!<\/p>\n<h5><\/h5>\n<h5><strong>HUOMAA!<\/strong><\/h5>\n<ul>\n<li>Bios\u00e4ili\u00f6 on palamisen aikana ja sammutuksen j\u00e4lkeen eritt\u00e4in kuuma, \u00e4l\u00e4 koske siihen!<\/li>\n<li>\u00c4l\u00e4 lis\u00e4\u00e4 biopolttoainetta k\u00e4ynniss\u00e4 olevaan tai viel\u00e4 kuumaan biotakkaan!<\/li>\n<\/ul>\n<p>&nbsp;<\/p>\n<h5><strong>Lis\u00e4tarvikkeet:<\/strong><\/h5>\n<p class=\"translation-block\">Voit my\u00f6s valita tyylikk\u00e4it\u00e4 ja upeita asusteita, jotka tekev\u00e4t biotakkasi entist\u00e4 houkuttelevamman.<a href=\"http:\/\/www.silverflame.eu\/fi\/tuote-osasto\/accessories\/\" target=\"_self\"> Katso kaikki lis\u00e4varusteet.<\/a><\/p>\n<p>&nbsp;<\/p>\n<p>Voit my\u00f6s tutustua <a href=\"http:\/\/www.silverflame.eu\/fi\/tuote\/wall-unit-fly-m1-with-biofireplace\/\">Sektionaali \u00abFly M1\u00bb biotakalla<\/a> \/ <a href=\"http:\/\/www.silverflame.eu\/fi\/tuote\/wall-unit-fly-m2-with-biofireplace\/\">Sektionaali \u00abFly M3\u00bb biotakalla<\/a><\/p>\n<p>&nbsp;<\/p>\n<p>&nbsp;<\/p>\n<p><strong><em>Lue lis\u00e4\u00e4 mielenkiintoisia faktoja tuotteistamme <a href=\"http:\/\/www.silverflame.eu\/fi\/blog\/\">blogistamme!<\/a><\/em><\/strong><\/p>","protected":false},"excerpt":{"rendered":"<table style=\"font-weight: 400;\" data-tablestyle=\"MsoTableGrid\" data-tablelook=\"1696\" aria-rowcount=\"7\">\n<tbody>\n<tr aria-rowindex=\"1\">\n<td data-celllook=\"0\"><span data-contrast=\"auto\">Paino NETTO (kg)<\/span><span data-ccp-props=\"{&quot;201341983&quot;:0,&quot;335559740&quot;:259}\">\u00a0<\/span><\/td>\n<td data-celllook=\"0\"><span data-contrast=\"none\">109,125<\/span><span data-ccp-props=\"{&quot;201341983&quot;:0,&quot;335559740&quot;:259}\">\u00a0<\/span><\/td>\n<\/tr>\n<tr aria-rowindex=\"2\">\n<td data-celllook=\"0\"><span data-contrast=\"auto\">Laatikon paino (kg)<\/span><span data-ccp-props=\"{&quot;201341983&quot;:0,&quot;335559740&quot;:259}\">\u00a0<\/span><\/td>\n<td data-celllook=\"0\"><span data-contrast=\"auto\">3,375<\/span><span data-ccp-props=\"{&quot;134233117&quot;:false,&quot;134233118&quot;:false,&quot;201341983&quot;:0,&quot;335551550&quot;:1,&quot;335551620&quot;:1,&quot;335559685&quot;:0,&quot;335559737&quot;:0,&quot;335559738&quot;:0,&quot;335559739&quot;:0,&quot;335559740&quot;:259}\">\u00a0<\/span><\/td>\n<\/tr>\n<tr aria-rowindex=\"3\">\n<td data-celllook=\"0\"><span data-contrast=\"auto\">Korkeus (cm)\u00a0<\/span><span data-ccp-props=\"{&quot;201341983&quot;:0,&quot;335559740&quot;:259}\">\u00a0<\/span><\/td>\n<td data-celllook=\"0\"><span data-contrast=\"auto\">170<\/span><span data-ccp-props=\"{&quot;201341983&quot;:0,&quot;335559740&quot;:259}\">\u00a0<\/span><\/td>\n<\/tr>\n<tr aria-rowindex=\"4\">\n<td data-celllook=\"0\"><span data-contrast=\"auto\">Leveys (cm)\u00a0<\/span><span data-ccp-props=\"{&quot;201341983&quot;:0,&quot;335559740&quot;:259}\">\u00a0<\/span><\/td>\n<td data-celllook=\"0\"><span data-contrast=\"auto\">~260<\/span><span data-ccp-props=\"{&quot;201341983&quot;:0,&quot;335559740&quot;:259}\">\u00a0<\/span><\/td>\n<\/tr>\n<tr aria-rowindex=\"5\">\n<td data-celllook=\"0\"><span data-contrast=\"auto\">Syvyys (cm)\u00a0<\/span><span data-ccp-props=\"{&quot;201341983&quot;:0,&quot;335559740&quot;:259}\">\u00a0<\/span><\/td>\n<td data-celllook=\"0\"><span data-contrast=\"auto\">40<\/span><span data-ccp-props=\"{&quot;201341983&quot;:0,&quot;335559740&quot;:259}\">\u00a0<\/span><\/td>\n<\/tr>\n<tr aria-rowindex=\"6\">\n<td data-celllook=\"0\"><span data-contrast=\"auto\">Pakettien m\u00e4\u00e4r\u00e4\u00a0(kpl)<\/span><span data-ccp-props=\"{&quot;201341983&quot;:0,&quot;335559740&quot;:259}\">\u00a0<\/span><\/td>\n<td data-celllook=\"0\"><span data-contrast=\"auto\">5<\/span><span data-ccp-props=\"{&quot;201341983&quot;:0,&quot;335559740&quot;:259}\">\u00a0<\/span><\/td>\n<\/tr>\n<tr aria-rowindex=\"7\">\n<td data-celllook=\"0\"><span data-contrast=\"auto\">Toimitusaika<\/span><span data-ccp-props=\"{&quot;201341983&quot;:0,&quot;335559740&quot;:259}\">\u00a0<\/span><\/td>\n<td data-celllook=\"0\"><span data-ccp-props=\"{&quot;201341983&quot;:0,&quot;335559740&quot;:259}\">10-20 p\u00e4iv\u00e4\u00e4 <\/span><\/td>\n<\/tr>\n<\/tbody>\n<\/table>","protected":false},"featured_media":4143,"template":"","meta":{"_monsterinsights_skip_tracking":false,"_monsterinsights_sitenote_active":false,"_monsterinsights_sitenote_note":"","_monsterinsights_sitenote_category":0},"product_brand":[],"product_cat":[121],"product_tag":[54,127],"class_list":{"0":"post-4135","1":"product","2":"type-product","3":"status-publish","4":"has-post-thumbnail","6":"product_cat-furniture-with-biofireplaces","7":"product_tag-biofireplace","8":"product_tag-furniture","9":"product_shipping_class-wall-unit-fly-m","10":"pa_color-black-color","11":"pa_color-black-white","12":"pa_color-white-color","13":"pa_color-white-black","14":"pa_glass-included","15":"pa_place-of-production-made-in-europe","16":"aux-has-gallery","18":"first","19":"instock","20":"taxable","21":"shipping-taxable","22":"purchasable","23":"product-type-variable"},"yoast_head":"<!-- This site is optimized with the Yoast SEO Premium plugin v24.1 (Yoast SEO v27.3) - https:\/\/yoast.com\/product\/yoast-seo-premium-wordpress\/ -->\n<title>Wall unit \u00abFly M2\u00bb with biofireplace | SilverFlame<\/title>\n<meta name=\"description\" content=\"Wall unit \u00abFly M2\u00bb with biofireplace will not only add elegance and uniqueness to your room, but also create a cozy atmosphere due to the live flame of b...\" \/>\n<meta name=\"robots\" content=\"index, follow, max-snippet:-1, max-image-preview:large, max-video-preview:-1\" \/>\n<link rel=\"canonical\" href=\"https:\/\/www.silverflame.eu\/fi\/tuote\/wall-unit-fly-m2-with-biofireplace\/\" \/>\n<meta property=\"og:locale\" content=\"fi_FI\" \/>\n<meta property=\"og:type\" content=\"article\" \/>\n<meta property=\"og:title\" content=\"Wall unit \u00abFly M2\u00bb with biofireplace\" \/>\n<meta property=\"og:description\" content=\"Wall unit \u00abFly M2\u00bb with biofireplace will not only add elegance and uniqueness to your room, but also create a cozy atmosphere due to the live flame of b...\" \/>\n<meta property=\"og:url\" content=\"https:\/\/www.silverflame.eu\/fi\/tuote\/wall-unit-fly-m2-with-biofireplace\/\" \/>\n<meta property=\"og:site_name\" content=\"SilverFlame\" \/>\n<meta property=\"article:publisher\" content=\"https:\/\/www.facebook.com\/SilverFlameEurope\" \/>\n<meta property=\"article:modified_time\" content=\"2026-01-15T05:46:04+00:00\" \/>\n<meta property=\"og:image\" content=\"https:\/\/www.silverflame.eu\/wp-content\/uploads\/2022\/10\/wall-unit-fly-m2-zz.png\" \/>\n\t<meta property=\"og:image:width\" content=\"843\" \/>\n\t<meta property=\"og:image:height\" content=\"848\" \/>\n\t<meta property=\"og:image:type\" content=\"image\/png\" \/>\n<meta name=\"twitter:card\" content=\"summary_large_image\" \/>\n<meta name=\"twitter:label1\" content=\"Arvioitu lukuaika\" \/>\n\t<meta name=\"twitter:data1\" content=\"2 minuuttia\" \/>\n<script type=\"application\/ld+json\" class=\"yoast-schema-graph\">{\"@context\":\"https:\\\/\\\/schema.org\",\"@graph\":[{\"@type\":\"WebPage\",\"@id\":\"https:\\\/\\\/www.silverflame.eu\\\/fi\\\/tuote\\\/wall-unit-fly-m2-with-biofireplace\\\/\",\"url\":\"https:\\\/\\\/www.silverflame.eu\\\/fi\\\/tuote\\\/wall-unit-fly-m2-with-biofireplace\\\/\",\"name\":\"Wall unit \u00abFly M2\u00bb with biofireplace | SilverFlame\",\"isPartOf\":{\"@id\":\"https:\\\/\\\/www.silverflame.eu\\\/ru\\\/#website\"},\"primaryImageOfPage\":{\"@id\":\"https:\\\/\\\/www.silverflame.eu\\\/fi\\\/tuote\\\/wall-unit-fly-m2-with-biofireplace\\\/#primaryimage\"},\"image\":{\"@id\":\"https:\\\/\\\/www.silverflame.eu\\\/fi\\\/tuote\\\/wall-unit-fly-m2-with-biofireplace\\\/#primaryimage\"},\"thumbnailUrl\":\"https:\\\/\\\/www.silverflame.eu\\\/wp-content\\\/uploads\\\/2022\\\/10\\\/wall-unit-fly-m2-zz.png\",\"datePublished\":\"2022-10-17T20:47:11+00:00\",\"dateModified\":\"2026-01-15T05:46:04+00:00\",\"description\":\"Wall unit \u00abFly M2\u00bb with biofireplace will not only add elegance and uniqueness to your room, but also create a cozy atmosphere due to the live flame of b...\",\"breadcrumb\":{\"@id\":\"https:\\\/\\\/www.silverflame.eu\\\/fi\\\/tuote\\\/wall-unit-fly-m2-with-biofireplace\\\/#breadcrumb\"},\"inLanguage\":\"fi\",\"potentialAction\":[{\"@type\":\"ReadAction\",\"target\":[\"https:\\\/\\\/www.silverflame.eu\\\/fi\\\/tuote\\\/wall-unit-fly-m2-with-biofireplace\\\/\"]}]},{\"@type\":\"ImageObject\",\"inLanguage\":\"fi\",\"@id\":\"https:\\\/\\\/www.silverflame.eu\\\/fi\\\/tuote\\\/wall-unit-fly-m2-with-biofireplace\\\/#primaryimage\",\"url\":\"https:\\\/\\\/www.silverflame.eu\\\/wp-content\\\/uploads\\\/2022\\\/10\\\/wall-unit-fly-m2-zz.png\",\"contentUrl\":\"https:\\\/\\\/www.silverflame.eu\\\/wp-content\\\/uploads\\\/2022\\\/10\\\/wall-unit-fly-m2-zz.png\",\"width\":843,\"height\":848,\"caption\":\"Wall unit \u00abFly M2\u00bb with biofireplace-zz\"},{\"@type\":\"BreadcrumbList\",\"@id\":\"https:\\\/\\\/www.silverflame.eu\\\/fi\\\/tuote\\\/wall-unit-fly-m2-with-biofireplace\\\/#breadcrumb\",\"itemListElement\":[{\"@type\":\"ListItem\",\"position\":1,\"name\":\"Home page\",\"item\":\"https:\\\/\\\/www.silverflame.eu\\\/ru\\\/\"},{\"@type\":\"ListItem\",\"position\":2,\"name\":\"Shop\",\"item\":\"https:\\\/\\\/www.silverflame.eu\\\/ru\\\/shop\\\/\"},{\"@type\":\"ListItem\",\"position\":3,\"name\":\"Wall unit \u00abFly M2\u00bb with biofireplace\"}]},{\"@type\":\"WebSite\",\"@id\":\"https:\\\/\\\/www.silverflame.eu\\\/ru\\\/#website\",\"url\":\"https:\\\/\\\/www.silverflame.eu\\\/ru\\\/\",\"name\":\"SilverFlame\",\"description\":\"Biofireplaces | biokaminad | biotakat | bioeldst\u00e4der\",\"publisher\":{\"@id\":\"https:\\\/\\\/www.silverflame.eu\\\/ru\\\/#organization\"},\"potentialAction\":[{\"@type\":\"SearchAction\",\"target\":{\"@type\":\"EntryPoint\",\"urlTemplate\":\"https:\\\/\\\/www.silverflame.eu\\\/ru\\\/?s={search_term_string}\"},\"query-input\":{\"@type\":\"PropertyValueSpecification\",\"valueRequired\":true,\"valueName\":\"search_term_string\"}}],\"inLanguage\":\"fi\"},{\"@type\":\"Organization\",\"@id\":\"https:\\\/\\\/www.silverflame.eu\\\/ru\\\/#organization\",\"name\":\"Silsev O\u00dc\",\"url\":\"https:\\\/\\\/www.silverflame.eu\\\/ru\\\/\",\"logo\":{\"@type\":\"ImageObject\",\"inLanguage\":\"fi\",\"@id\":\"https:\\\/\\\/www.silverflame.eu\\\/ru\\\/#\\\/schema\\\/logo\\\/image\\\/\",\"url\":\"http:\\\/\\\/www.silverflame.eu\\\/wp-content\\\/uploads\\\/2021\\\/11\\\/SilverFlame_Biofireplaces-shop-in-EU_Big-logo.png\",\"contentUrl\":\"http:\\\/\\\/www.silverflame.eu\\\/wp-content\\\/uploads\\\/2021\\\/11\\\/SilverFlame_Biofireplaces-shop-in-EU_Big-logo.png\",\"width\":349,\"height\":478,\"caption\":\"Silsev O\u00dc\"},\"image\":{\"@id\":\"https:\\\/\\\/www.silverflame.eu\\\/ru\\\/#\\\/schema\\\/logo\\\/image\\\/\"},\"sameAs\":[\"https:\\\/\\\/www.facebook.com\\\/SilverFlameEurope\",\"https:\\\/\\\/www.instagram.com\\\/silverflame.eu\\\/\",\"https:\\\/\\\/www.youtube.com\\\/@SilverFlame-Biofireplaces\"],\"description\":\"Welcome to our online store, your one-stop destination for high-quality bioethanol fireplaces, gas heaters, infrared heaters, pop-up tents, patio umbrellas, and more. We specialize in delivering eco-friendly heating solutions and outdoor living products across Europe. Our selection is designed for comfort, style, and sustainability, ensuring that your home and outdoor spaces are both cozy and modern. Enjoy fast shipping, competitive prices, and exceptional customer service with every purchase.\",\"email\":\"info@silverflame.eu\",\"legalName\":\"Silsev O\u00dc\",\"publishingPrinciples\":\"https:\\\/\\\/www.silverflame.eu\\\/ru\\\/about-us\\\/\"}]}<\/script>\n<!-- \/ Yoast SEO Premium plugin. -->","yoast_head_json":{"title":"Sektionaali \u00abFly M2\u00bb biotakalla | SilverFlame","description":"Sektionaali \u00abFly M2\u00bb biotakalla: Biotakalla varustetut huonekalut ovat uusi sana muotoilun ja sisustuksen maailmassa! Se ei vain lis\u00e4\u00e4 eleganssia ja ainutlaatuisuutta huoneeseesi, vaan luo my\u00f6s kodikkaan tunnelman biotakan el\u00e4v\u00e4n liekin ansiosta.","robots":{"index":"index","follow":"follow","max-snippet":"max-snippet:-1","max-image-preview":"max-image-preview:large","max-video-preview":"max-video-preview:-1"},"canonical":"https:\/\/www.silverflame.eu\/fi\/tuote\/wall-unit-fly-m2-with-biofireplace\/","og_locale":"fi_FI","og_type":"article","og_title":"Wall unit \u00abFly M2\u00bb with biofireplace","og_description":"Wall unit \u00abFly M2\u00bb with biofireplace will not only add elegance and uniqueness to your room, but also create a cozy atmosphere due to the live flame of b...","og_url":"https:\/\/www.silverflame.eu\/fi\/tuote\/wall-unit-fly-m2-with-biofireplace\/","og_site_name":"SilverFlame","article_publisher":"https:\/\/www.facebook.com\/SilverFlameEurope","article_modified_time":"2026-01-15T05:46:04+00:00","og_image":[{"width":843,"height":848,"url":"https:\/\/www.silverflame.eu\/wp-content\/uploads\/2022\/10\/wall-unit-fly-m2-zz.png","type":"image\/png"}],"twitter_card":"summary_large_image","twitter_misc":{"Arvioitu lukuaika":"2 minuuttia"},"schema":{"@context":"https:\/\/schema.org","@graph":[{"@type":"WebPage","@id":"https:\/\/www.silverflame.eu\/fi\/tuote\/wall-unit-fly-m2-with-biofireplace\/","url":"https:\/\/www.silverflame.eu\/fi\/tuote\/wall-unit-fly-m2-with-biofireplace\/","name":"Sektionaali \u00abFly M2\u00bb biotakalla | SilverFlame","isPartOf":{"@id":"https:\/\/www.silverflame.eu\/ru\/#website"},"primaryImageOfPage":{"@id":"https:\/\/www.silverflame.eu\/fi\/tuote\/wall-unit-fly-m2-with-biofireplace\/#primaryimage"},"image":{"@id":"https:\/\/www.silverflame.eu\/fi\/tuote\/wall-unit-fly-m2-with-biofireplace\/#primaryimage"},"thumbnailUrl":"https:\/\/www.silverflame.eu\/wp-content\/uploads\/2022\/10\/wall-unit-fly-m2-zz.png","datePublished":"2022-10-17T20:47:11+00:00","dateModified":"2026-01-15T05:46:04+00:00","description":"Sektionaali \u00abFly M2\u00bb biotakalla: Biotakalla varustetut huonekalut ovat uusi sana muotoilun ja sisustuksen maailmassa! Se ei vain lis\u00e4\u00e4 eleganssia ja ainutlaatuisuutta huoneeseesi, vaan luo my\u00f6s kodikkaan tunnelman biotakan el\u00e4v\u00e4n liekin ansiosta.","breadcrumb":{"@id":"https:\/\/www.silverflame.eu\/fi\/tuote\/wall-unit-fly-m2-with-biofireplace\/#breadcrumb"},"inLanguage":"fi","potentialAction":[{"@type":"ReadAction","target":["https:\/\/www.silverflame.eu\/fi\/tuote\/wall-unit-fly-m2-with-biofireplace\/"]}]},{"@type":"ImageObject","inLanguage":"fi","@id":"https:\/\/www.silverflame.eu\/fi\/tuote\/wall-unit-fly-m2-with-biofireplace\/#primaryimage","url":"https:\/\/www.silverflame.eu\/wp-content\/uploads\/2022\/10\/wall-unit-fly-m2-zz.png","contentUrl":"https:\/\/www.silverflame.eu\/wp-content\/uploads\/2022\/10\/wall-unit-fly-m2-zz.png","width":843,"height":848,"caption":"Wall unit \u00abFly M2\u00bb with biofireplace-zz"},{"@type":"BreadcrumbList","@id":"https:\/\/www.silverflame.eu\/fi\/tuote\/wall-unit-fly-m2-with-biofireplace\/#breadcrumb","itemListElement":[{"@type":"ListItem","position":1,"name":"Home page","item":"https:\/\/www.silverflame.eu\/ru\/"},{"@type":"ListItem","position":2,"name":"Shop","item":"https:\/\/www.silverflame.eu\/ru\/shop\/"},{"@type":"ListItem","position":3,"name":"Wall unit \u00abFly M2\u00bb with biofireplace"}]},{"@type":"WebSite","@id":"https:\/\/www.silverflame.eu\/ru\/#website","url":"https:\/\/www.silverflame.eu\/ru\/","name":"SilverFlame","description":"Biofireplaces | biokaminad | biotakat | bioeldst\u00e4der","publisher":{"@id":"https:\/\/www.silverflame.eu\/ru\/#organization"},"potentialAction":[{"@type":"SearchAction","target":{"@type":"EntryPoint","urlTemplate":"https:\/\/www.silverflame.eu\/ru\/?s={search_term_string}"},"query-input":{"@type":"PropertyValueSpecification","valueRequired":true,"valueName":"search_term_string"}}],"inLanguage":"fi"},{"@type":"Organization","@id":"https:\/\/www.silverflame.eu\/ru\/#organization","name":"Silsev O\u00dc","url":"https:\/\/www.silverflame.eu\/ru\/","logo":{"@type":"ImageObject","inLanguage":"fi","@id":"https:\/\/www.silverflame.eu\/ru\/#\/schema\/logo\/image\/","url":"http:\/\/www.silverflame.eu\/wp-content\/uploads\/2021\/11\/SilverFlame_Biofireplaces-shop-in-EU_Big-logo.png","contentUrl":"http:\/\/www.silverflame.eu\/wp-content\/uploads\/2021\/11\/SilverFlame_Biofireplaces-shop-in-EU_Big-logo.png","width":349,"height":478,"caption":"Silsev O\u00dc"},"image":{"@id":"https:\/\/www.silverflame.eu\/ru\/#\/schema\/logo\/image\/"},"sameAs":["https:\/\/www.facebook.com\/SilverFlameEurope","https:\/\/www.instagram.com\/silverflame.eu\/","https:\/\/www.youtube.com\/@SilverFlame-Biofireplaces"],"description":"Welcome to our online store, your one-stop destination for high-quality bioethanol fireplaces, gas heaters, infrared heaters, pop-up tents, patio umbrellas, and more. We specialize in delivering eco-friendly heating solutions and outdoor living products across Europe. Our selection is designed for comfort, style, and sustainability, ensuring that your home and outdoor spaces are both cozy and modern. Enjoy fast shipping, competitive prices, and exceptional customer service with every purchase.","email":"info@silverflame.eu","legalName":"Silsev O\u00dc","publishingPrinciples":"https:\/\/www.silverflame.eu\/ru\/about-us\/"}]}},"_links":{"self":[{"href":"https:\/\/www.silverflame.eu\/fi\/wp-json\/wp\/v2\/product\/4135","targetHints":{"allow":["GET"]}}],"collection":[{"href":"https:\/\/www.silverflame.eu\/fi\/wp-json\/wp\/v2\/product"}],"about":[{"href":"https:\/\/www.silverflame.eu\/fi\/wp-json\/wp\/v2\/types\/product"}],"wp:featuredmedia":[{"embeddable":true,"href":"https:\/\/www.silverflame.eu\/fi\/wp-json\/wp\/v2\/media\/4143"}],"wp:attachment":[{"href":"https:\/\/www.silverflame.eu\/fi\/wp-json\/wp\/v2\/media?parent=4135"}],"wp:term":[{"taxonomy":"product_brand","embeddable":true,"href":"https:\/\/www.silverflame.eu\/fi\/wp-json\/wp\/v2\/product_brand?post=4135"},{"taxonomy":"product_cat","embeddable":true,"href":"https:\/\/www.silverflame.eu\/fi\/wp-json\/wp\/v2\/product_cat?post=4135"},{"taxonomy":"product_tag","embeddable":true,"href":"https:\/\/www.silverflame.eu\/fi\/wp-json\/wp\/v2\/product_tag?post=4135"}],"curies":[{"name":"wp","href":"https:\/\/api.w.org\/{rel}","templated":true}]}}