{"id":5084,"date":"2024-03-04T22:16:03","date_gmt":"2024-03-04T20:16:03","guid":{"rendered":"http:\/\/www.silverflame.eu\/?post_type=product&#038;p=5084"},"modified":"2026-01-15T07:46:24","modified_gmt":"2026-01-15T05:46:24","slug":"biofireplace-glory","status":"publish","type":"product","link":"https:\/\/www.silverflame.eu\/fi\/tuote\/biofireplace-glory\/","title":{"rendered":"Biotakka \u00abGlory\u00bb"},"content":{"rendered":"<h5><strong>Tietoja tuotteesta:<\/strong><\/h5>\n<p><strong>Biotakka \u00abGlory\u00bb<\/strong>\u00a0on ihanteellinen viihtyis\u00e4n ymp\u00e4rist\u00f6n luomiseen. Biotakka on muodoltaan lieri\u00f6m\u00e4inen, joten se sopii sek\u00e4 klassiseen ett\u00e4 moderniin sisustukseen tai ulkoterassille. Ei vaadi liitt\u00e4mist\u00e4 savupiippuun. Aseta vain, kaada biopolttoainetta astiaan merkittyyn tasoon asti ja nauti l\u00e4mm\u00f6st\u00e4 ja kauniista n\u00e4kymist\u00e4 aidolle tulelle! Liekki\u00e4 on mahdollista s\u00e4\u00e4t\u00e4\u00e4 ja sammuttaa milloin tahansa. Muista tuulettaa huone, jossa biotakka sijaitsee. Jos s\u00e4\u00e4olosuhteet ovat suotuisat, se voi olla terassin tai puutarhan koristelu.<\/p>\n<p>Biotakka \u00abGlory\u00bb on itsen\u00e4inen eik\u00e4 vaadi erityist\u00e4 kokoonpanoa, riitt\u00e4\u00e4, kun pakkaukseen lis\u00e4tyt elementit kootaan k\u00e4ytt\u00f6ohjeen mukaisesti. Biotakka on valmistettu ruostumattomasta ter\u00e4ksest\u00e4 ja ter\u00e4sosista on pinnoitettu kuumuutta kest\u00e4v\u00e4ll\u00e4 maalilla. P\u00f6yt\u00e4biotakka on varustettu l\u00e4mm\u00f6nkest\u00e4v\u00e4st\u00e4 karkaistusta lasista valmistetulla liekkisuojalla, joka antaa takalle my\u00f6s ylellisen ilmeen.<\/p>\n<p>T\u00e4ss\u00e4 biotakassa liekin ymp\u00e4rill\u00e4 on lis\u00e4jalusta koristekivien sijoittamista varten. N\u00e4iden kivien ansiosta biotakka n\u00e4ytt\u00e4\u00e4 entist\u00e4 tyylikk\u00e4\u00e4mm\u00e4lt\u00e4 ja kodikkaammalta.\u00a0<strong>Sinun ei tarvitse ostaa kivi\u00e4 erikseen, ne ovat osa tavallista biotakkapakettia.<\/strong><\/p>\n<p>&nbsp;<\/p>\n<h5><strong>Laatu- ja turvallisuustakuu:<\/strong><\/h5>\n<ul class=\"woocommerce-Tabs-panel--description tabs-content panel entry-content\">\n<li style=\"list-style-type: none;\">\n<ul class=\"woocommerce-Tabs-panel--description tabs-content panel entry-content\">\n<li style=\"list-style-type: none;\">\n<ul>\n<li>\u2013 Biofireplaces are made of high quality materials. The production process is carried out according to world standards, that is confirmed by obtained ISO 9001:2015 certification.<\/li>\n<li>\u2013 Biofireplace has the certificate: CE, EN 16647:2015\n<p class=\"data-item-hidden\">S\u00e4ili\u00f6n keskelle sijoitettu imukykyinen sis\u00e4osa v\u00e4hent\u00e4\u00e4 polttoaineen kulutusta ja suojaa biopolttoaineiden roiskumiselta laitteen kallistuessa.<\/p>\n<\/li>\n<\/ul>\n<\/li>\n<\/ul>\n<\/li>\n<\/ul>\n<p><strong><em>HUOMAA!<\/em>\u00a0\u00c4l\u00e4 lis\u00e4\u00e4 biopolttoainetta k\u00e4ynniss\u00e4 olevaan tai viel\u00e4 kuumaan biotakkaan!<br \/>\n<em>HUOMAA!<\/em><\/strong>\u00a0Bios\u00e4ili\u00f6 on palamisen aikana ja sammutuksen j\u00e4lkeen eritt\u00e4in kuuma, \u00e4l\u00e4 koske siihen!<\/p>\n<p>&nbsp;<\/p>\n<h5><strong>Ekologinen l\u00e4mp\u00f6:<\/strong><\/h5>\n<p class=\"data-item-hidden\">Olemme kaikki ekologiasta! Ostaessasi biotakkamme v\u00e4lit\u00e4t ymp\u00e4rist\u00f6st\u00e4. Et edist\u00e4 savusumun muodostumista. Kaikki t\u00e4m\u00e4 johtuu siit\u00e4, ett\u00e4 biopolttoaineiden palamistuotteet ovat vain: l\u00e4mp\u00f6\u00e4, vesih\u00f6yry\u00e4 ja mit\u00e4t\u00f6n m\u00e4\u00e4r\u00e4 hiilidioksidia (kuten meid\u00e4n uloshengitetyss\u00e4 ilmassa).<\/p>\n<p>Biotakka nostaa l\u00e4mp\u00f6tilaa useisiin celsiusasteisiin riippuen liekin korkeudesta ja sis\u00e4tilan koosta. 100 % tuotettu l\u00e4mp\u00f6 siirtyy huoneeseen, mink\u00e4 ansiosta biotakka voi olla lis\u00e4l\u00e4mm\u00f6nl\u00e4hde!<\/p>\n<p>&nbsp;<\/p>\n<h5><strong>Lis\u00e4tarvikkeet:<\/strong><\/h5>\n<p class=\"translation-block\">Voit my\u00f6s valita tyylikk\u00e4it\u00e4 ja upeita asusteita, jotka tekev\u00e4t biotakkasi entist\u00e4 houkuttelevamman.<a href=\"http:\/\/www.silverflame.eu\/fi\/tuote-osasto\/accessories\/\" target=\"_self\"> Katso kaikki lis\u00e4varusteet.<\/a><\/p>\n<p>&nbsp;<\/p>\n<p><strong><em>Lue lis\u00e4\u00e4 mielenkiintoisia faktoja tuotteistamme <a href=\"http:\/\/www.silverflame.eu\/fi\/blog\/\">blogistamme!<\/a><\/em><\/strong><\/p>","protected":false},"excerpt":{"rendered":"<table dir=\"ltr\" border=\"1\" cellspacing=\"0\" cellpadding=\"0\" data-sheets-root=\"1\">\n<colgroup>\n<col width=\"188\" \/>\n<col width=\"100\" \/><\/colgroup>\n<tbody>\n<tr>\n<td data-sheets-value=\"{&quot;1&quot;:2,&quot;2&quot;:&quot;Weight (kg)&quot;}\">Paino (kg)<\/td>\n<td data-sheets-value=\"{&quot;1&quot;:3,&quot;3&quot;:14.4}\">1,3<\/td>\n<\/tr>\n<tr>\n<td data-sheets-value=\"{&quot;1&quot;:2,&quot;2&quot;:&quot;Height (cm)&quot;}\">Korkeus (cm)<\/td>\n<td data-sheets-value=\"{&quot;1&quot;:3,&quot;3&quot;:50}\">27<\/td>\n<\/tr>\n<tr>\n<td data-sheets-value=\"{&quot;1&quot;:2,&quot;2&quot;:&quot;Width (cm)&quot;}\">Leveys (cm)<\/td>\n<td data-sheets-value=\"{&quot;1&quot;:3,&quot;3&quot;:55}\">16<\/td>\n<\/tr>\n<tr>\n<td data-sheets-value=\"{&quot;1&quot;:2,&quot;2&quot;:&quot;Depth (cm)&quot;}\">Syvyys (cm)<\/td>\n<td data-sheets-value=\"{&quot;1&quot;:3,&quot;3&quot;:55}\">16<\/td>\n<\/tr>\n<tr>\n<td data-sheets-value=\"{&quot;1&quot;:2,&quot;2&quot;:&quot;Shipping time&quot;}\">Toimitusaika<\/td>\n<td data-sheets-value=\"{&quot;1&quot;:2,&quot;2&quot;:&quot;10-20 days&quot;}\">5-10 p\u00e4iv\u00e4\u00e4<\/td>\n<\/tr>\n<\/tbody>\n<\/table>","protected":false},"featured_media":5087,"template":"","meta":{"_monsterinsights_skip_tracking":false,"_monsterinsights_sitenote_active":false,"_monsterinsights_sitenote_note":"","_monsterinsights_sitenote_category":0},"product_brand":[],"product_cat":[62],"product_tag":[55,54,17,68],"class_list":{"0":"post-5084","1":"product","2":"type-product","3":"status-publish","4":"has-post-thumbnail","6":"product_cat-table-biofireplaces","7":"product_tag-bio-fireplace","8":"product_tag-biofireplace","9":"product_tag-17","10":"product_tag-68","11":"product_shipping_class-heatum","12":"pa_color-black-color","13":"pa_color-white-color","14":"pa_glass-included","15":"pa_material-stainless-steel","16":"pa_quality-certificate-ce-en-16647-2015","17":"pa_type-of-biofireplace-table","18":"aux-has-gallery","20":"first","21":"instock","22":"sale","23":"taxable","24":"shipping-taxable","25":"purchasable","26":"product-type-variable"},"yoast_head":"<!-- This site is optimized with the Yoast SEO Premium plugin v24.1 (Yoast SEO v27.4) - https:\/\/yoast.com\/product\/yoast-seo-premium-wordpress\/ -->\n<title>Biofireplace \u00abGlory\u00bb | SilverFlame<\/title>\n<meta name=\"description\" content=\"Biofireplace \u00abGlory\u00bb is ideal for creating a cozy environment. The biofireplace has a cylindrical shape, so it is ideal for both classic and modern inte...\" \/>\n<meta name=\"robots\" content=\"index, follow, max-snippet:-1, max-image-preview:large, max-video-preview:-1\" \/>\n<link rel=\"canonical\" href=\"https:\/\/www.silverflame.eu\/fi\/produkt\/biofireplace-glory\/\" \/>\n<meta property=\"og:locale\" content=\"fi_FI\" \/>\n<meta property=\"og:type\" content=\"article\" \/>\n<meta property=\"og:title\" content=\"Biofireplace \u00abGlory\u00bb\" \/>\n<meta property=\"og:description\" content=\"Biofireplace \u00abGlory\u00bb is ideal for creating a cozy environment. The biofireplace has a cylindrical shape, so it is ideal for both classic and modern inte...\" \/>\n<meta property=\"og:url\" content=\"https:\/\/www.silverflame.eu\/fi\/produkt\/biofireplace-glory\/\" \/>\n<meta property=\"og:site_name\" content=\"SilverFlame\" \/>\n<meta property=\"article:publisher\" content=\"https:\/\/www.facebook.com\/SilverFlameEurope\" \/>\n<meta property=\"article:modified_time\" content=\"2026-01-15T05:46:24+00:00\" \/>\n<meta property=\"og:image\" content=\"https:\/\/www.silverflame.eu\/wp-content\/uploads\/2024\/03\/silverflame-biofireplace-glory-white-1.png\" \/>\n\t<meta property=\"og:image:width\" content=\"700\" \/>\n\t<meta property=\"og:image:height\" content=\"700\" \/>\n\t<meta property=\"og:image:type\" content=\"image\/png\" \/>\n<meta name=\"twitter:card\" content=\"summary_large_image\" \/>\n<meta name=\"twitter:label1\" content=\"Arvioitu lukuaika\" \/>\n\t<meta name=\"twitter:data1\" content=\"2 minuuttia\" \/>\n<script type=\"application\/ld+json\" class=\"yoast-schema-graph\">{\"@context\":\"https:\\\/\\\/schema.org\",\"@graph\":[{\"@type\":\"WebPage\",\"@id\":\"https:\\\/\\\/www.silverflame.eu\\\/sv\\\/produkt\\\/biofireplace-glory\\\/\",\"url\":\"https:\\\/\\\/www.silverflame.eu\\\/sv\\\/produkt\\\/biofireplace-glory\\\/\",\"name\":\"Biofireplace \u00abGlory\u00bb | SilverFlame\",\"isPartOf\":{\"@id\":\"https:\\\/\\\/www.silverflame.eu\\\/ru\\\/#website\"},\"primaryImageOfPage\":{\"@id\":\"https:\\\/\\\/www.silverflame.eu\\\/sv\\\/produkt\\\/biofireplace-glory\\\/#primaryimage\"},\"image\":{\"@id\":\"https:\\\/\\\/www.silverflame.eu\\\/sv\\\/produkt\\\/biofireplace-glory\\\/#primaryimage\"},\"thumbnailUrl\":\"https:\\\/\\\/www.silverflame.eu\\\/wp-content\\\/uploads\\\/2024\\\/03\\\/silverflame-biofireplace-glory-white-1.png\",\"datePublished\":\"2024-03-04T20:16:03+00:00\",\"dateModified\":\"2026-01-15T05:46:24+00:00\",\"description\":\"Biofireplace \u00abGlory\u00bb is ideal for creating a cozy environment. The biofireplace has a cylindrical shape, so it is ideal for both classic and modern inte...\",\"breadcrumb\":{\"@id\":\"https:\\\/\\\/www.silverflame.eu\\\/sv\\\/produkt\\\/biofireplace-glory\\\/#breadcrumb\"},\"inLanguage\":\"fi\",\"potentialAction\":[{\"@type\":\"ReadAction\",\"target\":[\"https:\\\/\\\/www.silverflame.eu\\\/sv\\\/produkt\\\/biofireplace-glory\\\/\"]}]},{\"@type\":\"ImageObject\",\"inLanguage\":\"fi\",\"@id\":\"https:\\\/\\\/www.silverflame.eu\\\/sv\\\/produkt\\\/biofireplace-glory\\\/#primaryimage\",\"url\":\"https:\\\/\\\/www.silverflame.eu\\\/wp-content\\\/uploads\\\/2024\\\/03\\\/silverflame-biofireplace-glory-white-1.png\",\"contentUrl\":\"https:\\\/\\\/www.silverflame.eu\\\/wp-content\\\/uploads\\\/2024\\\/03\\\/silverflame-biofireplace-glory-white-1.png\",\"width\":700,\"height\":700,\"caption\":\"silverflame-biofireplace-glory-white-1\"},{\"@type\":\"BreadcrumbList\",\"@id\":\"https:\\\/\\\/www.silverflame.eu\\\/sv\\\/produkt\\\/biofireplace-glory\\\/#breadcrumb\",\"itemListElement\":[{\"@type\":\"ListItem\",\"position\":1,\"name\":\"Home page\",\"item\":\"https:\\\/\\\/www.silverflame.eu\\\/ru\\\/\"},{\"@type\":\"ListItem\",\"position\":2,\"name\":\"Shop\",\"item\":\"https:\\\/\\\/www.silverflame.eu\\\/ru\\\/shop\\\/\"},{\"@type\":\"ListItem\",\"position\":3,\"name\":\"Biofireplace \u00abGlory\u00bb\"}]},{\"@type\":\"WebSite\",\"@id\":\"https:\\\/\\\/www.silverflame.eu\\\/ru\\\/#website\",\"url\":\"https:\\\/\\\/www.silverflame.eu\\\/ru\\\/\",\"name\":\"SilverFlame\",\"description\":\"Biofireplaces | biokaminad | biotakat | bioeldst\u00e4der\",\"publisher\":{\"@id\":\"https:\\\/\\\/www.silverflame.eu\\\/ru\\\/#organization\"},\"potentialAction\":[{\"@type\":\"SearchAction\",\"target\":{\"@type\":\"EntryPoint\",\"urlTemplate\":\"https:\\\/\\\/www.silverflame.eu\\\/ru\\\/?s={search_term_string}\"},\"query-input\":{\"@type\":\"PropertyValueSpecification\",\"valueRequired\":true,\"valueName\":\"search_term_string\"}}],\"inLanguage\":\"fi\"},{\"@type\":\"Organization\",\"@id\":\"https:\\\/\\\/www.silverflame.eu\\\/ru\\\/#organization\",\"name\":\"Silsev O\u00dc\",\"url\":\"https:\\\/\\\/www.silverflame.eu\\\/ru\\\/\",\"logo\":{\"@type\":\"ImageObject\",\"inLanguage\":\"fi\",\"@id\":\"https:\\\/\\\/www.silverflame.eu\\\/ru\\\/#\\\/schema\\\/logo\\\/image\\\/\",\"url\":\"http:\\\/\\\/www.silverflame.eu\\\/wp-content\\\/uploads\\\/2021\\\/11\\\/SilverFlame_Biofireplaces-shop-in-EU_Big-logo.png\",\"contentUrl\":\"http:\\\/\\\/www.silverflame.eu\\\/wp-content\\\/uploads\\\/2021\\\/11\\\/SilverFlame_Biofireplaces-shop-in-EU_Big-logo.png\",\"width\":349,\"height\":478,\"caption\":\"Silsev O\u00dc\"},\"image\":{\"@id\":\"https:\\\/\\\/www.silverflame.eu\\\/ru\\\/#\\\/schema\\\/logo\\\/image\\\/\"},\"sameAs\":[\"https:\\\/\\\/www.facebook.com\\\/SilverFlameEurope\",\"https:\\\/\\\/www.instagram.com\\\/silverflame.eu\\\/\",\"https:\\\/\\\/www.youtube.com\\\/@SilverFlame-Biofireplaces\"],\"description\":\"Welcome to our online store, your one-stop destination for high-quality bioethanol fireplaces, gas heaters, infrared heaters, pop-up tents, patio umbrellas, and more. We specialize in delivering eco-friendly heating solutions and outdoor living products across Europe. Our selection is designed for comfort, style, and sustainability, ensuring that your home and outdoor spaces are both cozy and modern. Enjoy fast shipping, competitive prices, and exceptional customer service with every purchase.\",\"email\":\"info@silverflame.eu\",\"legalName\":\"Silsev O\u00dc\",\"publishingPrinciples\":\"https:\\\/\\\/www.silverflame.eu\\\/ru\\\/about-us\\\/\"}]}<\/script>\n<!-- \/ Yoast SEO Premium plugin. -->","yoast_head_json":{"title":"Biofireplace \u00abGlory\u00bb | SilverFlame","description":"Biofireplace \u00abGlory\u00bb is ideal for creating a cozy environment. The biofireplace has a cylindrical shape, so it is ideal for both classic and modern inte...","robots":{"index":"index","follow":"follow","max-snippet":"max-snippet:-1","max-image-preview":"max-image-preview:large","max-video-preview":"max-video-preview:-1"},"canonical":"https:\/\/www.silverflame.eu\/fi\/produkt\/biofireplace-glory\/","og_locale":"fi_FI","og_type":"article","og_title":"Biofireplace \u00abGlory\u00bb","og_description":"Biofireplace \u00abGlory\u00bb is ideal for creating a cozy environment. The biofireplace has a cylindrical shape, so it is ideal for both classic and modern inte...","og_url":"https:\/\/www.silverflame.eu\/fi\/produkt\/biofireplace-glory\/","og_site_name":"SilverFlame","article_publisher":"https:\/\/www.facebook.com\/SilverFlameEurope","article_modified_time":"2026-01-15T05:46:24+00:00","og_image":[{"width":700,"height":700,"url":"https:\/\/www.silverflame.eu\/wp-content\/uploads\/2024\/03\/silverflame-biofireplace-glory-white-1.png","type":"image\/png"}],"twitter_card":"summary_large_image","twitter_misc":{"Arvioitu lukuaika":"2 minuuttia"},"schema":{"@context":"https:\/\/schema.org","@graph":[{"@type":"WebPage","@id":"https:\/\/www.silverflame.eu\/sv\/produkt\/biofireplace-glory\/","url":"https:\/\/www.silverflame.eu\/sv\/produkt\/biofireplace-glory\/","name":"Biofireplace \u00abGlory\u00bb | SilverFlame","isPartOf":{"@id":"https:\/\/www.silverflame.eu\/ru\/#website"},"primaryImageOfPage":{"@id":"https:\/\/www.silverflame.eu\/sv\/produkt\/biofireplace-glory\/#primaryimage"},"image":{"@id":"https:\/\/www.silverflame.eu\/sv\/produkt\/biofireplace-glory\/#primaryimage"},"thumbnailUrl":"https:\/\/www.silverflame.eu\/wp-content\/uploads\/2024\/03\/silverflame-biofireplace-glory-white-1.png","datePublished":"2024-03-04T20:16:03+00:00","dateModified":"2026-01-15T05:46:24+00:00","description":"Biofireplace \u00abGlory\u00bb is ideal for creating a cozy environment. The biofireplace has a cylindrical shape, so it is ideal for both classic and modern inte...","breadcrumb":{"@id":"https:\/\/www.silverflame.eu\/sv\/produkt\/biofireplace-glory\/#breadcrumb"},"inLanguage":"fi","potentialAction":[{"@type":"ReadAction","target":["https:\/\/www.silverflame.eu\/sv\/produkt\/biofireplace-glory\/"]}]},{"@type":"ImageObject","inLanguage":"fi","@id":"https:\/\/www.silverflame.eu\/sv\/produkt\/biofireplace-glory\/#primaryimage","url":"https:\/\/www.silverflame.eu\/wp-content\/uploads\/2024\/03\/silverflame-biofireplace-glory-white-1.png","contentUrl":"https:\/\/www.silverflame.eu\/wp-content\/uploads\/2024\/03\/silverflame-biofireplace-glory-white-1.png","width":700,"height":700,"caption":"silverflame-biofireplace-glory-white-1"},{"@type":"BreadcrumbList","@id":"https:\/\/www.silverflame.eu\/sv\/produkt\/biofireplace-glory\/#breadcrumb","itemListElement":[{"@type":"ListItem","position":1,"name":"Home page","item":"https:\/\/www.silverflame.eu\/ru\/"},{"@type":"ListItem","position":2,"name":"Shop","item":"https:\/\/www.silverflame.eu\/ru\/shop\/"},{"@type":"ListItem","position":3,"name":"Biofireplace \u00abGlory\u00bb"}]},{"@type":"WebSite","@id":"https:\/\/www.silverflame.eu\/ru\/#website","url":"https:\/\/www.silverflame.eu\/ru\/","name":"SilverFlame","description":"Biofireplaces | biokaminad | biotakat | bioeldst\u00e4der","publisher":{"@id":"https:\/\/www.silverflame.eu\/ru\/#organization"},"potentialAction":[{"@type":"SearchAction","target":{"@type":"EntryPoint","urlTemplate":"https:\/\/www.silverflame.eu\/ru\/?s={search_term_string}"},"query-input":{"@type":"PropertyValueSpecification","valueRequired":true,"valueName":"search_term_string"}}],"inLanguage":"fi"},{"@type":"Organization","@id":"https:\/\/www.silverflame.eu\/ru\/#organization","name":"Silsev O\u00dc","url":"https:\/\/www.silverflame.eu\/ru\/","logo":{"@type":"ImageObject","inLanguage":"fi","@id":"https:\/\/www.silverflame.eu\/ru\/#\/schema\/logo\/image\/","url":"http:\/\/www.silverflame.eu\/wp-content\/uploads\/2021\/11\/SilverFlame_Biofireplaces-shop-in-EU_Big-logo.png","contentUrl":"http:\/\/www.silverflame.eu\/wp-content\/uploads\/2021\/11\/SilverFlame_Biofireplaces-shop-in-EU_Big-logo.png","width":349,"height":478,"caption":"Silsev O\u00dc"},"image":{"@id":"https:\/\/www.silverflame.eu\/ru\/#\/schema\/logo\/image\/"},"sameAs":["https:\/\/www.facebook.com\/SilverFlameEurope","https:\/\/www.instagram.com\/silverflame.eu\/","https:\/\/www.youtube.com\/@SilverFlame-Biofireplaces"],"description":"Welcome to our online store, your one-stop destination for high-quality bioethanol fireplaces, gas heaters, infrared heaters, pop-up tents, patio umbrellas, and more. We specialize in delivering eco-friendly heating solutions and outdoor living products across Europe. Our selection is designed for comfort, style, and sustainability, ensuring that your home and outdoor spaces are both cozy and modern. Enjoy fast shipping, competitive prices, and exceptional customer service with every purchase.","email":"info@silverflame.eu","legalName":"Silsev O\u00dc","publishingPrinciples":"https:\/\/www.silverflame.eu\/ru\/about-us\/"}]}},"_links":{"self":[{"href":"https:\/\/www.silverflame.eu\/fi\/wp-json\/wp\/v2\/product\/5084","targetHints":{"allow":["GET"]}}],"collection":[{"href":"https:\/\/www.silverflame.eu\/fi\/wp-json\/wp\/v2\/product"}],"about":[{"href":"https:\/\/www.silverflame.eu\/fi\/wp-json\/wp\/v2\/types\/product"}],"wp:featuredmedia":[{"embeddable":true,"href":"https:\/\/www.silverflame.eu\/fi\/wp-json\/wp\/v2\/media\/5087"}],"wp:attachment":[{"href":"https:\/\/www.silverflame.eu\/fi\/wp-json\/wp\/v2\/media?parent=5084"}],"wp:term":[{"taxonomy":"product_brand","embeddable":true,"href":"https:\/\/www.silverflame.eu\/fi\/wp-json\/wp\/v2\/product_brand?post=5084"},{"taxonomy":"product_cat","embeddable":true,"href":"https:\/\/www.silverflame.eu\/fi\/wp-json\/wp\/v2\/product_cat?post=5084"},{"taxonomy":"product_tag","embeddable":true,"href":"https:\/\/www.silverflame.eu\/fi\/wp-json\/wp\/v2\/product_tag?post=5084"}],"curies":[{"name":"wp","href":"https:\/\/api.w.org\/{rel}","templated":true}]}}