{"id":10372,"date":"2024-03-20T03:25:19","date_gmt":"2024-03-20T01:25:19","guid":{"rendered":"http:\/\/www.silverflame.eu\/?post_type=product&#038;p=10372"},"modified":"2026-01-15T07:46:15","modified_gmt":"2026-01-15T05:46:15","slug":"pop-up-tent-3x2-proframe","status":"publish","type":"product","link":"https:\/\/www.silverflame.eu\/sv\/produkt\/pop-up-tent-3x2-proframe\/","title":{"rendered":"Pop-up t\u00e4lt 3\u00d72 \u00abPROFRAME\u00bb"},"content":{"rendered":"<h5><strong>Om produkten:<\/strong><\/h5>\n<p><strong>Pop-up t\u00e4lt 3\u00d72 \u00abPROFRAME\u00bb<\/strong><\/p>\n<p>High-quality, durable pop-up tent \u00abPROFRAME\u00bb &#8211; the most common choice in Europe. They are ideal for outdoor commercial activities, garden use or PROMO events. The pop-up tent is 100% waterproof, so it offers reliable protection in bad weather.<\/p>\n<p>&nbsp;<\/p>\n<p>&nbsp;<\/p>\n<h5><strong>T\u00e4ltstomme<\/strong><\/h5>\n<p>The \u00abPROFRAME\u00bb pop-up tent is made of 40 mm hexagonal steel profiles, powder coated UV, corrosion and weather resistant. The parts of the tent frame are connected with high-quality certified screws. The contact points between the tent cover and the frame are additionally reinforced with wear-resistant material to increase their durability. The tent legs have relatively large support plates to provide stability. The tent uses high-strength polymer composite joints, which are much more stable and durable than conventional plastic joints. The height of the legs can be adjusted, and the desired height can be fixed using a high-quality locking system.<\/p>\n<p>&nbsp;<\/p>\n<p>&nbsp;<\/p>\n<h5><strong>Tak och v\u00e4ggar<\/strong><\/h5>\n<p>The fabric of the tent roof and walls is certified according to European UV standard 801, receiving a maximum coefficient value certification of 80+. It is made of polyester with an additional PVC coating according to standard DIN60905. Industrial sewing techniques are used to ensure maximum seam strength and moisture resistance. The corners of the collapsible tent roof are reinforced with eyelets for securing ropes. This means that you can properly secure it even in very bad weather conditions and ensure the stability of the tent. The tent walls and roof are 100% waterproof.<\/p>\n<p>&nbsp;<\/p>\n<p>The roof is attached to the frame with both hook and loop fasteners and additional locks. All walls are separate, so it is possible to leave some walls off if necessary. The walls are attached to each other and to the roof with hook and loop fasteners, and then separately secured to the frame with additional fasteners.<\/p>\n<p>&nbsp;<\/p>\n<p>&nbsp;<\/p>\n<h5><strong>Securing to the Ground<\/strong><\/h5>\n<p>When installing a tent on a soft base, it is secured with pins and ropes (these fastening elements are included in the kit). If building on a solid foundation, additional ballasts will be required (sold separately).<\/p>\n<p>&nbsp;<\/p>\n<p>&nbsp;<\/p>\n<h5><strong>Underh\u00e5ll, montering och f\u00f6rvaring<\/strong><\/h5>\n<p>The pop-up tent is very quick and easy to assemble. In most cases, detailed instructions for assembling the tent are not necessary, but we include them nonetheless and provide guidance if needed. Thanks to the dirt-repellent high-quality polyester, the tent is very easy to maintain. The foldable tent takes up very little space, so you can easily transport it in your car, and it doesn&#8217;t require much space for storage.<\/p>\n<p>&nbsp;<\/p>\n<p>&nbsp;<\/p>\n<h5><strong>T\u00e4lttransportv\u00e4ska<\/strong><\/h5>\n<p>The basic equipment of every pop-up tent we sell includes a high-quality transport bag that helps you move your tent quickly and easily from one place to another. The bag is made of durable Oxford material and features built-in carrying handles. We recommend always storing the tent in the bag to help maintain order in storage.<\/p>\n<p>&nbsp;<\/p>\n<p>&nbsp;<\/p>\n<h5><strong>Ytterligare information<\/strong><\/h5>\n<p>To ensure the quality of our tents, they are inspected before packaging. Spare parts availability is ensured if needed. Along with the tent, you will receive clear instructions for assembly. This tent comes with a 2-year warranty.<\/p>\n<p>&nbsp;<\/p>\n<p>&nbsp;<\/p>\n<p><strong><em>L\u00e4s fler intressanta fakta om v\u00e5ra produkter p\u00e5 v\u00e5r <a href=\"http:\/\/www.silverflame.eu\/sv\/blog\/\">blogg!<\/a><\/em><\/strong><\/p>","protected":false},"excerpt":{"rendered":"<p><strong>Leveranstid:<\/strong>\u00a03-6 dagar<\/p>\n<table dir=\"ltr\" border=\"1\" cellspacing=\"0\" cellpadding=\"0\" data-sheets-root=\"1\">\n<colgroup>\n<col width=\"209\" \/>\n<col width=\"455\" \/><\/colgroup>\n<tbody>\n<tr>\n<td data-sheets-value=\"{&quot;1&quot;:2,&quot;2&quot;:&quot;Size&quot;}\">Storlek (m)<\/td>\n<td data-sheets-value=\"{&quot;1&quot;:2,&quot;2&quot;:&quot;2x2&quot;}\">3&#215;2<\/td>\n<\/tr>\n<tr>\n<td data-sheets-value=\"{&quot;1&quot;:2,&quot;2&quot;:&quot;Tent profile&quot;}\">T\u00e4ltprofil<\/td>\n<td data-sheets-value=\"{&quot;1&quot;:2,&quot;2&quot;:&quot;Steel square 30 mm&quot;}\">Sexkantigt st\u00e5l (40 mm)<\/td>\n<\/tr>\n<tr>\n<td data-sheets-value=\"{&quot;1&quot;:2,&quot;2&quot;:&quot;Set&quot;}\">Upps\u00e4ttning<\/td>\n<td data-sheets-value=\"{&quot;1&quot;:2,&quot;2&quot;:&quot;Tent structure, 4 walls and roof, pegs and ropes for fastening, transport bag&quot;}\">T\u00e4ltkropp, 4 v\u00e4ggar och tak, pinnar och rep f\u00f6r fasts\u00e4ttning, v\u00e4ska f\u00f6r transport<\/td>\n<\/tr>\n<tr>\n<td data-sheets-value=\"{&quot;1&quot;:2,&quot;2&quot;:&quot;Color&quot;}\">F\u00e4rg<\/td>\n<td data-sheets-value=\"{&quot;1&quot;:2,&quot;2&quot;:&quot;Black, Blue, Green, Red, White or Yellow &quot;}\">Svart, bl\u00e5, gr\u00f6n, r\u00f6d, vit eller gul<\/td>\n<\/tr>\n<tr>\n<td data-sheets-value=\"{&quot;1&quot;:2,&quot;2&quot;:&quot;Installation time&quot;}\">Installationstid<\/td>\n<td data-sheets-value=\"{&quot;1&quot;:2,&quot;2&quot;:&quot;Very fast, in just one-two minute&quot;}\">V\u00e4ldigt snabbt, bara n\u00e5gra minuter<\/td>\n<\/tr>\n<tr>\n<td data-sheets-value=\"{&quot;1&quot;:2,&quot;2&quot;:&quot;Tent construction&quot;}\">T\u00e4ltkropp<\/td>\n<td data-sheets-value=\"{&quot;1&quot;:2,&quot;2&quot;:&quot;Metal profiles (30x30, 25x25, 23x12 mm), industrially coated with corrosion-resistant paint. The profiles are connected by strong metal connections&quot;}\">\n<div>\n<div>Sexkantiga metallprofiler (40 mm), med industriell ytbel\u00e4ggning med rostskyddsf\u00e4rg. Profilerna \u00e4r f\u00f6rbundna med kraftiga plastfogar<\/div>\n<\/div>\n<\/td>\n<\/tr>\n<tr>\n<td data-sheets-value=\"{&quot;1&quot;:2,&quot;2&quot;:&quot;Profile connectors&quot;}\">Profilanslutningar<\/td>\n<td data-sheets-value=\"{&quot;1&quot;:2,&quot;2&quot;:&quot;Metal. Adapted for extremely frequent use and load&quot;}\">Designad f\u00f6r frekvent montering och professionell anv\u00e4ndning<\/td>\n<\/tr>\n<tr>\n<td data-sheets-value=\"{&quot;1&quot;:2,&quot;2&quot;:&quot;Height of tent legs&quot;}\">H\u00f6jd p\u00e5 t\u00e4ltben<\/td>\n<td data-sheets-value=\"{&quot;1&quot;:2,&quot;2&quot;:&quot;Easily adjustable&quot;}\">L\u00e4tt justerbar<\/td>\n<\/tr>\n<tr>\n<td data-sheets-value=\"{&quot;1&quot;:2,&quot;2&quot;:&quot;Design features&quot;}\">Design egenskaper<\/td>\n<td data-sheets-value=\"{&quot;1&quot;:2,&quot;2&quot;:&quot;Long-lived, strong, certified. Manufactured using the most advanced manufacturing technologies of structural profiles&quot;}\">\n<div>\n<div>L\u00e5nglivad, stark, certifierad. Tillverkad med hj\u00e4lp av de mest avancerade tillverkningsteknikerna f\u00f6r strukturella profiler<\/div>\n<\/div>\n<\/td>\n<\/tr>\n<tr>\n<td data-sheets-value=\"{&quot;1&quot;:2,&quot;2&quot;:&quot;Packaging&quot;}\">F\u00f6rpackning<\/td>\n<td data-sheets-value=\"{&quot;1&quot;:2,&quot;2&quot;:&quot;30 x 30 x 150 cm (16.3 kg)&quot;}\">30 x 30 x 150 cm (36 kg)<\/td>\n<\/tr>\n<\/tbody>\n<\/table>","protected":false},"featured_media":10481,"template":"","meta":{"_monsterinsights_skip_tracking":false,"_monsterinsights_sitenote_active":false,"_monsterinsights_sitenote_note":"","_monsterinsights_sitenote_category":0},"product_brand":[],"product_cat":[174],"product_tag":[226],"class_list":{"0":"post-10372","1":"product","2":"type-product","3":"status-publish","4":"has-post-thumbnail","6":"product_cat-pop-up-tents-and-pavilions","7":"product_tag-pop-up-tent","8":"product_shipping_class-heatum","9":"pa_color-black-color","10":"pa_color-blue-color","11":"pa_color-green-color","12":"pa_color-red-color","13":"pa_color-white-color","14":"pa_color-yellow-color","15":"pa_pop-up-size-3x2","16":"aux-has-gallery","18":"first","19":"instock","20":"sale","21":"taxable","22":"shipping-taxable","23":"purchasable","24":"product-type-variable"},"yoast_head":"<!-- This site is optimized with the Yoast SEO Premium plugin v24.1 (Yoast SEO v27.3) - https:\/\/yoast.com\/product\/yoast-seo-premium-wordpress\/ -->\n<title>Pop-up tent 3\u00d72 \u00abPROFRAME\u00bb | SilverFlame<\/title>\n<meta name=\"description\" content=\"High-quality, durable pop-up tent \u00abPROFRAME\u00bb - the most common choice in Europe. They are ideal for outdoor commercial activities, garden use or PROMO ev...\" \/>\n<meta name=\"robots\" content=\"index, follow, max-snippet:-1, max-image-preview:large, max-video-preview:-1\" \/>\n<link rel=\"canonical\" href=\"https:\/\/www.silverflame.eu\/sv\/produkt\/pop-up-tent-3x2-proframe\/\" \/>\n<meta property=\"og:locale\" content=\"sv_SE\" \/>\n<meta property=\"og:type\" content=\"article\" \/>\n<meta property=\"og:title\" content=\"Pop-up tent 3\u00d72 \u00abPROFRAME\u00bb\" \/>\n<meta property=\"og:description\" content=\"High-quality, durable pop-up tent \u00abPROFRAME\u00bb - the most common choice in Europe. They are ideal for outdoor commercial activities, garden use or PROMO ev...\" \/>\n<meta property=\"og:url\" content=\"https:\/\/www.silverflame.eu\/sv\/produkt\/pop-up-tent-3x2-proframe\/\" \/>\n<meta property=\"og:site_name\" content=\"SilverFlame\" \/>\n<meta property=\"article:publisher\" content=\"https:\/\/www.facebook.com\/SilverFlameEurope\" \/>\n<meta property=\"article:modified_time\" content=\"2026-01-15T05:46:15+00:00\" \/>\n<meta property=\"og:image\" content=\"https:\/\/www.silverflame.eu\/wp-content\/uploads\/2024\/03\/pop-up-tent-3x2-black-silverflame-proframe-10.png\" \/>\n\t<meta property=\"og:image:width\" content=\"733\" \/>\n\t<meta property=\"og:image:height\" content=\"734\" \/>\n\t<meta property=\"og:image:type\" content=\"image\/png\" \/>\n<meta name=\"twitter:card\" content=\"summary_large_image\" \/>\n<meta name=\"twitter:label1\" content=\"Ber\u00e4knad l\u00e4stid\" \/>\n\t<meta name=\"twitter:data1\" content=\"3 minuter\" \/>\n<script type=\"application\/ld+json\" class=\"yoast-schema-graph\">{\"@context\":\"https:\\\/\\\/schema.org\",\"@graph\":[{\"@type\":\"WebPage\",\"@id\":\"https:\\\/\\\/www.silverflame.eu\\\/product\\\/pop-up-tent-3x2-proframe\\\/\",\"url\":\"https:\\\/\\\/www.silverflame.eu\\\/product\\\/pop-up-tent-3x2-proframe\\\/\",\"name\":\"Pop-up tent 3\u00d72 \u00abPROFRAME\u00bb | SilverFlame\",\"isPartOf\":{\"@id\":\"https:\\\/\\\/www.silverflame.eu\\\/ru\\\/#website\"},\"primaryImageOfPage\":{\"@id\":\"https:\\\/\\\/www.silverflame.eu\\\/product\\\/pop-up-tent-3x2-proframe\\\/#primaryimage\"},\"image\":{\"@id\":\"https:\\\/\\\/www.silverflame.eu\\\/product\\\/pop-up-tent-3x2-proframe\\\/#primaryimage\"},\"thumbnailUrl\":\"https:\\\/\\\/www.silverflame.eu\\\/wp-content\\\/uploads\\\/2024\\\/03\\\/pop-up-tent-3x2-black-silverflame-proframe-10.png\",\"datePublished\":\"2024-03-20T01:25:19+00:00\",\"dateModified\":\"2026-01-15T05:46:15+00:00\",\"description\":\"High-quality, durable pop-up tent \u00abPROFRAME\u00bb - the most common choice in Europe. They are ideal for outdoor commercial activities, garden use or PROMO ev...\",\"breadcrumb\":{\"@id\":\"https:\\\/\\\/www.silverflame.eu\\\/product\\\/pop-up-tent-3x2-proframe\\\/#breadcrumb\"},\"inLanguage\":\"sv-SE\",\"potentialAction\":[{\"@type\":\"ReadAction\",\"target\":[\"https:\\\/\\\/www.silverflame.eu\\\/product\\\/pop-up-tent-3x2-proframe\\\/\"]}]},{\"@type\":\"ImageObject\",\"inLanguage\":\"sv-SE\",\"@id\":\"https:\\\/\\\/www.silverflame.eu\\\/product\\\/pop-up-tent-3x2-proframe\\\/#primaryimage\",\"url\":\"https:\\\/\\\/www.silverflame.eu\\\/wp-content\\\/uploads\\\/2024\\\/03\\\/pop-up-tent-3x2-black-silverflame-proframe-10.png\",\"contentUrl\":\"https:\\\/\\\/www.silverflame.eu\\\/wp-content\\\/uploads\\\/2024\\\/03\\\/pop-up-tent-3x2-black-silverflame-proframe-10.png\",\"width\":733,\"height\":734,\"caption\":\"pop-up-tent-3x2--black-silverflame-proframe\"},{\"@type\":\"BreadcrumbList\",\"@id\":\"https:\\\/\\\/www.silverflame.eu\\\/product\\\/pop-up-tent-3x2-proframe\\\/#breadcrumb\",\"itemListElement\":[{\"@type\":\"ListItem\",\"position\":1,\"name\":\"Home page\",\"item\":\"https:\\\/\\\/www.silverflame.eu\\\/ru\\\/\"},{\"@type\":\"ListItem\",\"position\":2,\"name\":\"Shop\",\"item\":\"https:\\\/\\\/www.silverflame.eu\\\/ru\\\/shop\\\/\"},{\"@type\":\"ListItem\",\"position\":3,\"name\":\"Pop-up tent 3\u00d72 \u00abPROFRAME\u00bb\"}]},{\"@type\":\"WebSite\",\"@id\":\"https:\\\/\\\/www.silverflame.eu\\\/ru\\\/#website\",\"url\":\"https:\\\/\\\/www.silverflame.eu\\\/ru\\\/\",\"name\":\"SilverFlame\",\"description\":\"Biofireplaces | biokaminad | biotakat | bioeldst\u00e4der\",\"publisher\":{\"@id\":\"https:\\\/\\\/www.silverflame.eu\\\/ru\\\/#organization\"},\"potentialAction\":[{\"@type\":\"SearchAction\",\"target\":{\"@type\":\"EntryPoint\",\"urlTemplate\":\"https:\\\/\\\/www.silverflame.eu\\\/ru\\\/?s={search_term_string}\"},\"query-input\":{\"@type\":\"PropertyValueSpecification\",\"valueRequired\":true,\"valueName\":\"search_term_string\"}}],\"inLanguage\":\"sv-SE\"},{\"@type\":\"Organization\",\"@id\":\"https:\\\/\\\/www.silverflame.eu\\\/ru\\\/#organization\",\"name\":\"Silsev O\u00dc\",\"url\":\"https:\\\/\\\/www.silverflame.eu\\\/ru\\\/\",\"logo\":{\"@type\":\"ImageObject\",\"inLanguage\":\"sv-SE\",\"@id\":\"https:\\\/\\\/www.silverflame.eu\\\/ru\\\/#\\\/schema\\\/logo\\\/image\\\/\",\"url\":\"http:\\\/\\\/www.silverflame.eu\\\/wp-content\\\/uploads\\\/2021\\\/11\\\/SilverFlame_Biofireplaces-shop-in-EU_Big-logo.png\",\"contentUrl\":\"http:\\\/\\\/www.silverflame.eu\\\/wp-content\\\/uploads\\\/2021\\\/11\\\/SilverFlame_Biofireplaces-shop-in-EU_Big-logo.png\",\"width\":349,\"height\":478,\"caption\":\"Silsev O\u00dc\"},\"image\":{\"@id\":\"https:\\\/\\\/www.silverflame.eu\\\/ru\\\/#\\\/schema\\\/logo\\\/image\\\/\"},\"sameAs\":[\"https:\\\/\\\/www.facebook.com\\\/SilverFlameEurope\",\"https:\\\/\\\/www.instagram.com\\\/silverflame.eu\\\/\",\"https:\\\/\\\/www.youtube.com\\\/@SilverFlame-Biofireplaces\"],\"description\":\"Welcome to our online store, your one-stop destination for high-quality bioethanol fireplaces, gas heaters, infrared heaters, pop-up tents, patio umbrellas, and more. We specialize in delivering eco-friendly heating solutions and outdoor living products across Europe. Our selection is designed for comfort, style, and sustainability, ensuring that your home and outdoor spaces are both cozy and modern. Enjoy fast shipping, competitive prices, and exceptional customer service with every purchase.\",\"email\":\"info@silverflame.eu\",\"legalName\":\"Silsev O\u00dc\",\"publishingPrinciples\":\"https:\\\/\\\/www.silverflame.eu\\\/ru\\\/about-us\\\/\"}]}<\/script>\n<!-- \/ Yoast SEO Premium plugin. -->","yoast_head_json":{"title":"Pop-up tent 3\u00d72 \u00abPROFRAME\u00bb | SilverFlame","description":"High-quality, durable pop-up tent \u00abPROFRAME\u00bb - the most common choice in Europe. They are ideal for outdoor commercial activities, garden use or PROMO ev...","robots":{"index":"index","follow":"follow","max-snippet":"max-snippet:-1","max-image-preview":"max-image-preview:large","max-video-preview":"max-video-preview:-1"},"canonical":"https:\/\/www.silverflame.eu\/sv\/produkt\/pop-up-tent-3x2-proframe\/","og_locale":"sv_SE","og_type":"article","og_title":"Pop-up tent 3\u00d72 \u00abPROFRAME\u00bb","og_description":"High-quality, durable pop-up tent \u00abPROFRAME\u00bb - the most common choice in Europe. They are ideal for outdoor commercial activities, garden use or PROMO ev...","og_url":"https:\/\/www.silverflame.eu\/sv\/produkt\/pop-up-tent-3x2-proframe\/","og_site_name":"SilverFlame","article_publisher":"https:\/\/www.facebook.com\/SilverFlameEurope","article_modified_time":"2026-01-15T05:46:15+00:00","og_image":[{"width":733,"height":734,"url":"https:\/\/www.silverflame.eu\/wp-content\/uploads\/2024\/03\/pop-up-tent-3x2-black-silverflame-proframe-10.png","type":"image\/png"}],"twitter_card":"summary_large_image","twitter_misc":{"Ber\u00e4knad l\u00e4stid":"3 minuter"},"schema":{"@context":"https:\/\/schema.org","@graph":[{"@type":"WebPage","@id":"https:\/\/www.silverflame.eu\/product\/pop-up-tent-3x2-proframe\/","url":"https:\/\/www.silverflame.eu\/product\/pop-up-tent-3x2-proframe\/","name":"Pop-up tent 3\u00d72 \u00abPROFRAME\u00bb | SilverFlame","isPartOf":{"@id":"https:\/\/www.silverflame.eu\/ru\/#website"},"primaryImageOfPage":{"@id":"https:\/\/www.silverflame.eu\/product\/pop-up-tent-3x2-proframe\/#primaryimage"},"image":{"@id":"https:\/\/www.silverflame.eu\/product\/pop-up-tent-3x2-proframe\/#primaryimage"},"thumbnailUrl":"https:\/\/www.silverflame.eu\/wp-content\/uploads\/2024\/03\/pop-up-tent-3x2-black-silverflame-proframe-10.png","datePublished":"2024-03-20T01:25:19+00:00","dateModified":"2026-01-15T05:46:15+00:00","description":"High-quality, durable pop-up tent \u00abPROFRAME\u00bb - the most common choice in Europe. They are ideal for outdoor commercial activities, garden use or PROMO ev...","breadcrumb":{"@id":"https:\/\/www.silverflame.eu\/product\/pop-up-tent-3x2-proframe\/#breadcrumb"},"inLanguage":"sv-SE","potentialAction":[{"@type":"ReadAction","target":["https:\/\/www.silverflame.eu\/product\/pop-up-tent-3x2-proframe\/"]}]},{"@type":"ImageObject","inLanguage":"sv-SE","@id":"https:\/\/www.silverflame.eu\/product\/pop-up-tent-3x2-proframe\/#primaryimage","url":"https:\/\/www.silverflame.eu\/wp-content\/uploads\/2024\/03\/pop-up-tent-3x2-black-silverflame-proframe-10.png","contentUrl":"https:\/\/www.silverflame.eu\/wp-content\/uploads\/2024\/03\/pop-up-tent-3x2-black-silverflame-proframe-10.png","width":733,"height":734,"caption":"pop-up-tent-3x2--black-silverflame-proframe"},{"@type":"BreadcrumbList","@id":"https:\/\/www.silverflame.eu\/product\/pop-up-tent-3x2-proframe\/#breadcrumb","itemListElement":[{"@type":"ListItem","position":1,"name":"Home page","item":"https:\/\/www.silverflame.eu\/ru\/"},{"@type":"ListItem","position":2,"name":"Shop","item":"https:\/\/www.silverflame.eu\/ru\/shop\/"},{"@type":"ListItem","position":3,"name":"Pop-up tent 3\u00d72 \u00abPROFRAME\u00bb"}]},{"@type":"WebSite","@id":"https:\/\/www.silverflame.eu\/ru\/#website","url":"https:\/\/www.silverflame.eu\/ru\/","name":"SilverFlame","description":"Biofireplaces | biokaminad | biotakat | bioeldst\u00e4der","publisher":{"@id":"https:\/\/www.silverflame.eu\/ru\/#organization"},"potentialAction":[{"@type":"SearchAction","target":{"@type":"EntryPoint","urlTemplate":"https:\/\/www.silverflame.eu\/ru\/?s={search_term_string}"},"query-input":{"@type":"PropertyValueSpecification","valueRequired":true,"valueName":"search_term_string"}}],"inLanguage":"sv-SE"},{"@type":"Organization","@id":"https:\/\/www.silverflame.eu\/ru\/#organization","name":"Silsev O\u00dc","url":"https:\/\/www.silverflame.eu\/ru\/","logo":{"@type":"ImageObject","inLanguage":"sv-SE","@id":"https:\/\/www.silverflame.eu\/ru\/#\/schema\/logo\/image\/","url":"http:\/\/www.silverflame.eu\/wp-content\/uploads\/2021\/11\/SilverFlame_Biofireplaces-shop-in-EU_Big-logo.png","contentUrl":"http:\/\/www.silverflame.eu\/wp-content\/uploads\/2021\/11\/SilverFlame_Biofireplaces-shop-in-EU_Big-logo.png","width":349,"height":478,"caption":"Silsev O\u00dc"},"image":{"@id":"https:\/\/www.silverflame.eu\/ru\/#\/schema\/logo\/image\/"},"sameAs":["https:\/\/www.facebook.com\/SilverFlameEurope","https:\/\/www.instagram.com\/silverflame.eu\/","https:\/\/www.youtube.com\/@SilverFlame-Biofireplaces"],"description":"Welcome to our online store, your one-stop destination for high-quality bioethanol fireplaces, gas heaters, infrared heaters, pop-up tents, patio umbrellas, and more. We specialize in delivering eco-friendly heating solutions and outdoor living products across Europe. Our selection is designed for comfort, style, and sustainability, ensuring that your home and outdoor spaces are both cozy and modern. Enjoy fast shipping, competitive prices, and exceptional customer service with every purchase.","email":"info@silverflame.eu","legalName":"Silsev O\u00dc","publishingPrinciples":"https:\/\/www.silverflame.eu\/ru\/about-us\/"}]}},"_links":{"self":[{"href":"https:\/\/www.silverflame.eu\/sv\/wp-json\/wp\/v2\/product\/10372","targetHints":{"allow":["GET"]}}],"collection":[{"href":"https:\/\/www.silverflame.eu\/sv\/wp-json\/wp\/v2\/product"}],"about":[{"href":"https:\/\/www.silverflame.eu\/sv\/wp-json\/wp\/v2\/types\/product"}],"wp:featuredmedia":[{"embeddable":true,"href":"https:\/\/www.silverflame.eu\/sv\/wp-json\/wp\/v2\/media\/10481"}],"wp:attachment":[{"href":"https:\/\/www.silverflame.eu\/sv\/wp-json\/wp\/v2\/media?parent=10372"}],"wp:term":[{"taxonomy":"product_brand","embeddable":true,"href":"https:\/\/www.silverflame.eu\/sv\/wp-json\/wp\/v2\/product_brand?post=10372"},{"taxonomy":"product_cat","embeddable":true,"href":"https:\/\/www.silverflame.eu\/sv\/wp-json\/wp\/v2\/product_cat?post=10372"},{"taxonomy":"product_tag","embeddable":true,"href":"https:\/\/www.silverflame.eu\/sv\/wp-json\/wp\/v2\/product_tag?post=10372"}],"curies":[{"name":"wp","href":"https:\/\/api.w.org\/{rel}","templated":true}]}}