{"id":10763,"date":"2024-03-30T23:09:10","date_gmt":"2024-03-30T21:09:10","guid":{"rendered":"http:\/\/www.silverflame.eu\/?post_type=product&#038;p=10763"},"modified":"2024-10-22T13:06:05","modified_gmt":"2024-10-22T10:06:05","slug":"gas-heater-legacy","status":"publish","type":"product","link":"https:\/\/www.silverflame.eu\/sv\/produkt\/gas-heater-legacy\/","title":{"rendered":"Gasolv\u00e4rmare \u00abLEGACY\u00bb"},"content":{"rendered":"<h5><strong>Om produkten:<\/strong><\/h5>\n<p><strong>Gasolv\u00e4rmare \u00abLEGACY\u00bb<\/strong><\/p>\n<p>&nbsp;<\/p>\n<p>This gas heater is very popular due to its affordable price and quality. These heaters are made of durable and long-lasting steel, coated with a black color suitable for various environments. When the heating element is turned on, it immediately starts radiating pleasant heat, and depending on the weather conditions, you can easily adjust the heat setting with the control panel. Thanks to the heater, you can spend even more time outdoors, and in addition to its direct function, it also creates a cozy atmosphere by providing pleasant light.<\/p>\n<p>&nbsp;<\/p>\n<p>&nbsp;<\/p>\n<h5><strong>Gasv\u00e4rmare \u00abLEGACY\u00bb \u00e4r redo att anv\u00e4ndas<\/strong><\/h5>\n<p>When choosing a heater, pay attention to its components. If you haven&#8217;t bought a heater before, you may be disappointed when purchasing from other stores because certain accessories may not be included in the price. The most common parts are the regulator and gas hose &#8211; without these parts, the heater will not work. We want to emphasize that our heater is complete and includes all the equipment you need to use the heater. You just need to buy a gas cylinder additionally.<\/p>\n<p>&nbsp;<\/p>\n<p>&nbsp;<\/p>\n<h5><strong>Designed for ease of use<\/strong><\/h5>\n<p>The development of this heater takes into account the manufacturer&#8217;s years of experience in the heating equipment market. This heater contains many elements that are not visible but are useful for the user:<\/p>\n<ul>\n<li>&#8211; Extremely easy to use. To turn on the heater, simply connect the gas cylinder, turn on the gas, and press the ignition button. The heat intensity can be adjusted using the lever.<\/li>\n<li>&#8211; Next-generation waterproof PIEZO ignition element. This ignition element is powered by a battery that can be purchased from any store. With just one battery, the heater will last a long time, and once you have inserted the battery, you can completely forget about it.<\/li>\n<\/ul>\n<p>&nbsp;<\/p>\n<p>&nbsp;<\/p>\n<h5><strong>Safe heater. Ideal for both home and commercial use<\/strong><\/h5>\n<ul>\n<li>&#8211; The heater automatically extinguishes the flame and cuts off the gas supply if the heater is tilted at an angle of 45 degrees or more.<\/li>\n<li>&#8211; The heater is designed to prevent the spread of an open flame.<\/li>\n<li>&#8211; The gas cylinder has integrated fittings for the gas cylinder container. If the heater is tilted or falls over, the gas cylinder remains in the container and does not fall out.<\/li>\n<\/ul>\n<p>&nbsp;<\/p>\n<p>&nbsp;<\/p>\n<p><strong><em>L\u00e4s fler intressanta fakta om v\u00e5ra produkter p\u00e5 v\u00e5r <a href=\"http:\/\/www.silverflame.eu\/sv\/blog\/\">blogg!<\/a><\/em><\/strong><\/p>","protected":false},"excerpt":{"rendered":"<p><strong>Leveranstid:<\/strong>\u00a03-6 dagar<\/p>\n<table dir=\"ltr\" border=\"1\" cellspacing=\"0\" cellpadding=\"0\" data-sheets-root=\"1\">\n<colgroup>\n<col width=\"182\" \/>\n<col width=\"380\" \/><\/colgroup>\n<tbody>\n<tr>\n<td data-sheets-value=\"{&quot;1&quot;:2,&quot;2&quot;:&quot;Heated area (m\u00b2)&quot;}\">Uppv\u00e4rmt omr\u00e5de (m\u00b2)<\/td>\n<td data-sheets-value=\"{&quot;1&quot;:3,&quot;3&quot;:24}\">18<\/td>\n<\/tr>\n<tr>\n<td data-sheets-value=\"{&quot;1&quot;:2,&quot;2&quot;:&quot;Heating power&quot;}\">Effekt<\/td>\n<td data-sheets-value=\"{&quot;1&quot;:2,&quot;2&quot;:&quot;Up to 13500 W&quot;}\">Upp till 10000 W<\/td>\n<\/tr>\n<tr>\n<td data-sheets-value=\"{&quot;1&quot;:2,&quot;2&quot;:&quot;Gas type&quot;}\">Gas typ<\/td>\n<td data-sheets-value=\"{&quot;1&quot;:2,&quot;2&quot;:&quot;Butane\/propane or their mixture&quot;}\">Butan\/propan eller deras blandning<\/td>\n<\/tr>\n<tr>\n<td data-sheets-value=\"{&quot;1&quot;:2,&quot;2&quot;:&quot;Gas consumption&quot;}\">Gasf\u00f6rbrukning<\/td>\n<td data-sheets-value=\"{&quot;1&quot;:2,&quot;2&quot;:&quot;0.45 kg\/h - 0.87 kg\/h&quot;}\">0.45 kg\/h &#8211; 0.87 kg\/h<\/td>\n<\/tr>\n<tr>\n<td data-sheets-value=\"{&quot;1&quot;:2,&quot;2&quot;:&quot;Automatic shutdown&quot;}\">Automatisk avst\u00e4ngning<\/td>\n<td data-sheets-value=\"{&quot;1&quot;:2,&quot;2&quot;:&quot;Yes. If the gas heater tips over, it automatically shuts off&quot;}\">Ja. Om gasolv\u00e4rmaren v\u00e4lter st\u00e4ngs den av automatiskt<\/td>\n<\/tr>\n<tr>\n<td data-sheets-value=\"{&quot;1&quot;:2,&quot;2&quot;:&quot;Protection against gas leaks&quot;}\">Skydd mot gasl\u00e4ckor<\/td>\n<td data-sheets-value=\"{&quot;1&quot;:2,&quot;2&quot;:&quot;Yes&quot;}\">Ja<\/td>\n<\/tr>\n<tr>\n<td data-sheets-value=\"{&quot;1&quot;:2,&quot;2&quot;:&quot;Heater set&quot;}\">V\u00e4rmare set<\/td>\n<td data-sheets-value=\"{&quot;1&quot;:2,&quot;2&quot;:&quot;Heater, gas pressure regulator, reducer, hose, transport wheels&quot;}\">V\u00e4rmare, gastrycksregulator, reducering, slang, transporthjul<\/td>\n<\/tr>\n<tr>\n<td data-sheets-value=\"{&quot;1&quot;:2,&quot;2&quot;:&quot;Heater body&quot;}\">V\u00e4rmarkropp<\/td>\n<td data-sheets-value=\"{&quot;1&quot;:2,&quot;2&quot;:&quot;Stainless steel&quot;}\">St\u00e5l<\/td>\n<\/tr>\n<tr>\n<td data-sheets-value=\"{&quot;1&quot;:2,&quot;2&quot;:&quot;Height (cm)&quot;}\">H\u00f6jd (cm)<\/td>\n<td data-sheets-value=\"{&quot;1&quot;:3,&quot;3&quot;:225}\">138<\/td>\n<\/tr>\n<tr>\n<td data-sheets-value=\"{&quot;1&quot;:2,&quot;2&quot;:&quot;Base diameter (cm)&quot;}\">Basens diameter (cm)<\/td>\n<td data-sheets-value=\"{&quot;1&quot;:3,&quot;3&quot;:46}\">46<\/td>\n<\/tr>\n<tr>\n<td data-sheets-value=\"{&quot;1&quot;:2,&quot;2&quot;:&quot;Weight (kg)&quot;}\">Vikt (kg)<\/td>\n<td data-sheets-value=\"{&quot;1&quot;:3,&quot;3&quot;:18}\">17<\/td>\n<\/tr>\n<tr>\n<td data-sheets-value=\"{&quot;1&quot;:2,&quot;2&quot;:&quot;Color&quot;}\">F\u00e4rg<\/td>\n<td data-sheets-value=\"{&quot;1&quot;:2,&quot;2&quot;:&quot;Silver&quot;}\">Svart<\/td>\n<\/tr>\n<tr>\n<td data-sheets-value=\"{&quot;1&quot;:2,&quot;2&quot;:&quot;Packaging&quot;}\">F\u00f6rpackning<\/td>\n<td data-sheets-value=\"{&quot;1&quot;:2,&quot;2&quot;:&quot;30 x 30 x 120 cm (16,3 kg)&quot;}\">45 x 88 x 45 cm (17 kg)<\/td>\n<\/tr>\n<\/tbody>\n<\/table>","protected":false},"featured_media":10768,"template":"","meta":{"_monsterinsights_skip_tracking":false,"_monsterinsights_sitenote_active":false,"_monsterinsights_sitenote_note":"","_monsterinsights_sitenote_category":0},"product_brand":[],"product_cat":[123],"product_tag":[230],"class_list":{"0":"post-10763","1":"product","2":"type-product","3":"status-publish","4":"has-post-thumbnail","6":"product_cat-gas-and-infrared-heaters","7":"product_tag-gas-heater","8":"product_shipping_class-heatum","9":"pa_color-black-color","10":"aux-has-gallery","12":"first","13":"instock","14":"sale","15":"taxable","16":"shipping-taxable","17":"purchasable","18":"product-type-simple"},"yoast_head":"<!-- This site is optimized with the Yoast SEO Premium plugin v24.1 (Yoast SEO v27.4) - https:\/\/yoast.com\/product\/yoast-seo-premium-wordpress\/ -->\n<title>Gas heater \u00abLEGACY\u00bb | SilverFlame<\/title>\n<meta name=\"description\" content=\"Gas heater \u00abLEGACY\u00bb This gas heater is very popular due to its affordable price and quality. These heaters are made of durable and long-lasting steel, co...\" \/>\n<meta name=\"robots\" content=\"index, follow, max-snippet:-1, max-image-preview:large, max-video-preview:-1\" \/>\n<link rel=\"canonical\" href=\"https:\/\/www.silverflame.eu\/sv\/produkt\/gas-heater-legacy\/\" \/>\n<meta property=\"og:locale\" content=\"sv_SE\" \/>\n<meta property=\"og:type\" content=\"article\" \/>\n<meta property=\"og:title\" content=\"Gas heater \u00abLEGACY\u00bb\" \/>\n<meta property=\"og:description\" content=\"Gas heater \u00abLEGACY\u00bb This gas heater is very popular due to its affordable price and quality. These heaters are made of durable and long-lasting steel, co...\" \/>\n<meta property=\"og:url\" content=\"https:\/\/www.silverflame.eu\/sv\/produkt\/gas-heater-legacy\/\" \/>\n<meta property=\"og:site_name\" content=\"SilverFlame\" \/>\n<meta property=\"article:publisher\" content=\"https:\/\/www.facebook.com\/SilverFlameEurope\" \/>\n<meta property=\"article:modified_time\" content=\"2024-10-22T10:06:05+00:00\" \/>\n<meta property=\"og:image\" content=\"https:\/\/www.silverflame.eu\/wp-content\/uploads\/2024\/03\/gas-heater-silverflame-legacy.png\" \/>\n\t<meta property=\"og:image:width\" content=\"733\" \/>\n\t<meta property=\"og:image:height\" content=\"734\" \/>\n\t<meta property=\"og:image:type\" content=\"image\/png\" \/>\n<meta name=\"twitter:card\" content=\"summary_large_image\" \/>\n<meta name=\"twitter:label1\" content=\"Ber\u00e4knad l\u00e4stid\" \/>\n\t<meta name=\"twitter:data1\" content=\"2 minuter\" \/>\n<script type=\"application\/ld+json\" class=\"yoast-schema-graph\">{\"@context\":\"https:\\\/\\\/schema.org\",\"@graph\":[{\"@type\":\"WebPage\",\"@id\":\"https:\\\/\\\/www.silverflame.eu\\\/sv\\\/produkt\\\/gas-heater-legacy\\\/\",\"url\":\"https:\\\/\\\/www.silverflame.eu\\\/sv\\\/produkt\\\/gas-heater-legacy\\\/\",\"name\":\"Gas heater \u00abLEGACY\u00bb | SilverFlame\",\"isPartOf\":{\"@id\":\"https:\\\/\\\/www.silverflame.eu\\\/ru\\\/#website\"},\"primaryImageOfPage\":{\"@id\":\"https:\\\/\\\/www.silverflame.eu\\\/sv\\\/produkt\\\/gas-heater-legacy\\\/#primaryimage\"},\"image\":{\"@id\":\"https:\\\/\\\/www.silverflame.eu\\\/sv\\\/produkt\\\/gas-heater-legacy\\\/#primaryimage\"},\"thumbnailUrl\":\"https:\\\/\\\/www.silverflame.eu\\\/wp-content\\\/uploads\\\/2024\\\/03\\\/gas-heater-silverflame-legacy.png\",\"datePublished\":\"2024-03-30T21:09:10+00:00\",\"dateModified\":\"2024-10-22T10:06:05+00:00\",\"description\":\"Gas heater \u00abLEGACY\u00bb This gas heater is very popular due to its affordable price and quality. These heaters are made of durable and long-lasting steel, co...\",\"breadcrumb\":{\"@id\":\"https:\\\/\\\/www.silverflame.eu\\\/sv\\\/produkt\\\/gas-heater-legacy\\\/#breadcrumb\"},\"inLanguage\":\"sv-SE\",\"potentialAction\":[{\"@type\":\"ReadAction\",\"target\":[\"https:\\\/\\\/www.silverflame.eu\\\/sv\\\/produkt\\\/gas-heater-legacy\\\/\"]}]},{\"@type\":\"ImageObject\",\"inLanguage\":\"sv-SE\",\"@id\":\"https:\\\/\\\/www.silverflame.eu\\\/sv\\\/produkt\\\/gas-heater-legacy\\\/#primaryimage\",\"url\":\"https:\\\/\\\/www.silverflame.eu\\\/wp-content\\\/uploads\\\/2024\\\/03\\\/gas-heater-silverflame-legacy.png\",\"contentUrl\":\"https:\\\/\\\/www.silverflame.eu\\\/wp-content\\\/uploads\\\/2024\\\/03\\\/gas-heater-silverflame-legacy.png\",\"width\":733,\"height\":734,\"caption\":\"SilverFlame LEGACY gas heater with safety guard, 138 cm tall, 10 kW power, ideal for indoor heating solutions.\"},{\"@type\":\"BreadcrumbList\",\"@id\":\"https:\\\/\\\/www.silverflame.eu\\\/sv\\\/produkt\\\/gas-heater-legacy\\\/#breadcrumb\",\"itemListElement\":[{\"@type\":\"ListItem\",\"position\":1,\"name\":\"Home page\",\"item\":\"https:\\\/\\\/www.silverflame.eu\\\/ru\\\/\"},{\"@type\":\"ListItem\",\"position\":2,\"name\":\"Shop\",\"item\":\"https:\\\/\\\/www.silverflame.eu\\\/ru\\\/shop\\\/\"},{\"@type\":\"ListItem\",\"position\":3,\"name\":\"Gas heater \u00abLEGACY\u00bb\"}]},{\"@type\":\"WebSite\",\"@id\":\"https:\\\/\\\/www.silverflame.eu\\\/ru\\\/#website\",\"url\":\"https:\\\/\\\/www.silverflame.eu\\\/ru\\\/\",\"name\":\"SilverFlame\",\"description\":\"Biofireplaces | biokaminad | biotakat | bioeldst\u00e4der\",\"publisher\":{\"@id\":\"https:\\\/\\\/www.silverflame.eu\\\/ru\\\/#organization\"},\"potentialAction\":[{\"@type\":\"SearchAction\",\"target\":{\"@type\":\"EntryPoint\",\"urlTemplate\":\"https:\\\/\\\/www.silverflame.eu\\\/ru\\\/?s={search_term_string}\"},\"query-input\":{\"@type\":\"PropertyValueSpecification\",\"valueRequired\":true,\"valueName\":\"search_term_string\"}}],\"inLanguage\":\"sv-SE\"},{\"@type\":\"Organization\",\"@id\":\"https:\\\/\\\/www.silverflame.eu\\\/ru\\\/#organization\",\"name\":\"Silsev O\u00dc\",\"url\":\"https:\\\/\\\/www.silverflame.eu\\\/ru\\\/\",\"logo\":{\"@type\":\"ImageObject\",\"inLanguage\":\"sv-SE\",\"@id\":\"https:\\\/\\\/www.silverflame.eu\\\/ru\\\/#\\\/schema\\\/logo\\\/image\\\/\",\"url\":\"http:\\\/\\\/www.silverflame.eu\\\/wp-content\\\/uploads\\\/2021\\\/11\\\/SilverFlame_Biofireplaces-shop-in-EU_Big-logo.png\",\"contentUrl\":\"http:\\\/\\\/www.silverflame.eu\\\/wp-content\\\/uploads\\\/2021\\\/11\\\/SilverFlame_Biofireplaces-shop-in-EU_Big-logo.png\",\"width\":349,\"height\":478,\"caption\":\"Silsev O\u00dc\"},\"image\":{\"@id\":\"https:\\\/\\\/www.silverflame.eu\\\/ru\\\/#\\\/schema\\\/logo\\\/image\\\/\"},\"sameAs\":[\"https:\\\/\\\/www.facebook.com\\\/SilverFlameEurope\",\"https:\\\/\\\/www.instagram.com\\\/silverflame.eu\\\/\",\"https:\\\/\\\/www.youtube.com\\\/@SilverFlame-Biofireplaces\"],\"description\":\"Welcome to our online store, your one-stop destination for high-quality bioethanol fireplaces, gas heaters, infrared heaters, pop-up tents, patio umbrellas, and more. We specialize in delivering eco-friendly heating solutions and outdoor living products across Europe. Our selection is designed for comfort, style, and sustainability, ensuring that your home and outdoor spaces are both cozy and modern. Enjoy fast shipping, competitive prices, and exceptional customer service with every purchase.\",\"email\":\"info@silverflame.eu\",\"legalName\":\"Silsev O\u00dc\",\"publishingPrinciples\":\"https:\\\/\\\/www.silverflame.eu\\\/ru\\\/about-us\\\/\"}]}<\/script>\n<!-- \/ Yoast SEO Premium plugin. -->","yoast_head_json":{"title":"Gas heater \u00abLEGACY\u00bb | SilverFlame","description":"Gas heater \u00abLEGACY\u00bb This gas heater is very popular due to its affordable price and quality. These heaters are made of durable and long-lasting steel, co...","robots":{"index":"index","follow":"follow","max-snippet":"max-snippet:-1","max-image-preview":"max-image-preview:large","max-video-preview":"max-video-preview:-1"},"canonical":"https:\/\/www.silverflame.eu\/sv\/produkt\/gas-heater-legacy\/","og_locale":"sv_SE","og_type":"article","og_title":"Gas heater \u00abLEGACY\u00bb","og_description":"Gas heater \u00abLEGACY\u00bb This gas heater is very popular due to its affordable price and quality. These heaters are made of durable and long-lasting steel, co...","og_url":"https:\/\/www.silverflame.eu\/sv\/produkt\/gas-heater-legacy\/","og_site_name":"SilverFlame","article_publisher":"https:\/\/www.facebook.com\/SilverFlameEurope","article_modified_time":"2024-10-22T10:06:05+00:00","og_image":[{"width":733,"height":734,"url":"https:\/\/www.silverflame.eu\/wp-content\/uploads\/2024\/03\/gas-heater-silverflame-legacy.png","type":"image\/png"}],"twitter_card":"summary_large_image","twitter_misc":{"Ber\u00e4knad l\u00e4stid":"2 minuter"},"schema":{"@context":"https:\/\/schema.org","@graph":[{"@type":"WebPage","@id":"https:\/\/www.silverflame.eu\/sv\/produkt\/gas-heater-legacy\/","url":"https:\/\/www.silverflame.eu\/sv\/produkt\/gas-heater-legacy\/","name":"Gas heater \u00abLEGACY\u00bb | SilverFlame","isPartOf":{"@id":"https:\/\/www.silverflame.eu\/ru\/#website"},"primaryImageOfPage":{"@id":"https:\/\/www.silverflame.eu\/sv\/produkt\/gas-heater-legacy\/#primaryimage"},"image":{"@id":"https:\/\/www.silverflame.eu\/sv\/produkt\/gas-heater-legacy\/#primaryimage"},"thumbnailUrl":"https:\/\/www.silverflame.eu\/wp-content\/uploads\/2024\/03\/gas-heater-silverflame-legacy.png","datePublished":"2024-03-30T21:09:10+00:00","dateModified":"2024-10-22T10:06:05+00:00","description":"Gas heater \u00abLEGACY\u00bb This gas heater is very popular due to its affordable price and quality. These heaters are made of durable and long-lasting steel, co...","breadcrumb":{"@id":"https:\/\/www.silverflame.eu\/sv\/produkt\/gas-heater-legacy\/#breadcrumb"},"inLanguage":"sv-SE","potentialAction":[{"@type":"ReadAction","target":["https:\/\/www.silverflame.eu\/sv\/produkt\/gas-heater-legacy\/"]}]},{"@type":"ImageObject","inLanguage":"sv-SE","@id":"https:\/\/www.silverflame.eu\/sv\/produkt\/gas-heater-legacy\/#primaryimage","url":"https:\/\/www.silverflame.eu\/wp-content\/uploads\/2024\/03\/gas-heater-silverflame-legacy.png","contentUrl":"https:\/\/www.silverflame.eu\/wp-content\/uploads\/2024\/03\/gas-heater-silverflame-legacy.png","width":733,"height":734,"caption":"SilverFlame LEGACY gas heater with safety guard, 138 cm tall, 10 kW power, ideal for indoor heating solutions."},{"@type":"BreadcrumbList","@id":"https:\/\/www.silverflame.eu\/sv\/produkt\/gas-heater-legacy\/#breadcrumb","itemListElement":[{"@type":"ListItem","position":1,"name":"Home page","item":"https:\/\/www.silverflame.eu\/ru\/"},{"@type":"ListItem","position":2,"name":"Shop","item":"https:\/\/www.silverflame.eu\/ru\/shop\/"},{"@type":"ListItem","position":3,"name":"Gas heater \u00abLEGACY\u00bb"}]},{"@type":"WebSite","@id":"https:\/\/www.silverflame.eu\/ru\/#website","url":"https:\/\/www.silverflame.eu\/ru\/","name":"SilverFlame","description":"Biofireplaces | biokaminad | biotakat | bioeldst\u00e4der","publisher":{"@id":"https:\/\/www.silverflame.eu\/ru\/#organization"},"potentialAction":[{"@type":"SearchAction","target":{"@type":"EntryPoint","urlTemplate":"https:\/\/www.silverflame.eu\/ru\/?s={search_term_string}"},"query-input":{"@type":"PropertyValueSpecification","valueRequired":true,"valueName":"search_term_string"}}],"inLanguage":"sv-SE"},{"@type":"Organization","@id":"https:\/\/www.silverflame.eu\/ru\/#organization","name":"Silsev O\u00dc","url":"https:\/\/www.silverflame.eu\/ru\/","logo":{"@type":"ImageObject","inLanguage":"sv-SE","@id":"https:\/\/www.silverflame.eu\/ru\/#\/schema\/logo\/image\/","url":"http:\/\/www.silverflame.eu\/wp-content\/uploads\/2021\/11\/SilverFlame_Biofireplaces-shop-in-EU_Big-logo.png","contentUrl":"http:\/\/www.silverflame.eu\/wp-content\/uploads\/2021\/11\/SilverFlame_Biofireplaces-shop-in-EU_Big-logo.png","width":349,"height":478,"caption":"Silsev O\u00dc"},"image":{"@id":"https:\/\/www.silverflame.eu\/ru\/#\/schema\/logo\/image\/"},"sameAs":["https:\/\/www.facebook.com\/SilverFlameEurope","https:\/\/www.instagram.com\/silverflame.eu\/","https:\/\/www.youtube.com\/@SilverFlame-Biofireplaces"],"description":"Welcome to our online store, your one-stop destination for high-quality bioethanol fireplaces, gas heaters, infrared heaters, pop-up tents, patio umbrellas, and more. We specialize in delivering eco-friendly heating solutions and outdoor living products across Europe. Our selection is designed for comfort, style, and sustainability, ensuring that your home and outdoor spaces are both cozy and modern. Enjoy fast shipping, competitive prices, and exceptional customer service with every purchase.","email":"info@silverflame.eu","legalName":"Silsev O\u00dc","publishingPrinciples":"https:\/\/www.silverflame.eu\/ru\/about-us\/"}]}},"_links":{"self":[{"href":"https:\/\/www.silverflame.eu\/sv\/wp-json\/wp\/v2\/product\/10763","targetHints":{"allow":["GET"]}}],"collection":[{"href":"https:\/\/www.silverflame.eu\/sv\/wp-json\/wp\/v2\/product"}],"about":[{"href":"https:\/\/www.silverflame.eu\/sv\/wp-json\/wp\/v2\/types\/product"}],"wp:featuredmedia":[{"embeddable":true,"href":"https:\/\/www.silverflame.eu\/sv\/wp-json\/wp\/v2\/media\/10768"}],"wp:attachment":[{"href":"https:\/\/www.silverflame.eu\/sv\/wp-json\/wp\/v2\/media?parent=10763"}],"wp:term":[{"taxonomy":"product_brand","embeddable":true,"href":"https:\/\/www.silverflame.eu\/sv\/wp-json\/wp\/v2\/product_brand?post=10763"},{"taxonomy":"product_cat","embeddable":true,"href":"https:\/\/www.silverflame.eu\/sv\/wp-json\/wp\/v2\/product_cat?post=10763"},{"taxonomy":"product_tag","embeddable":true,"href":"https:\/\/www.silverflame.eu\/sv\/wp-json\/wp\/v2\/product_tag?post=10763"}],"curies":[{"name":"wp","href":"https:\/\/api.w.org\/{rel}","templated":true}]}}