{"id":11647,"date":"2024-09-03T23:36:29","date_gmt":"2024-09-03T20:36:29","guid":{"rendered":"http:\/\/www.silverflame.eu\/?post_type=product&#038;p=11647"},"modified":"2024-09-04T00:06:59","modified_gmt":"2024-09-03T21:06:59","slug":"fire-pit-fire","status":"publish","type":"product","link":"https:\/\/www.silverflame.eu\/sv\/produkt\/fire-pit-fire\/","title":{"rendered":"Eldstad \u00abFIRE\u00bb"},"content":{"rendered":"<h5><strong>Om produkten:<\/strong><\/h5>\n<p><strong>Eldstad \u00abFIRE\u00bb <\/strong>\u00e4r en h\u00f6gkvalitativ produkt tillverkad i Europa. Den k\u00e4nnetecknas av detaljerad finish och en stor sk\u00e5l gjord av tjockt st\u00e5l. Hela konstruktionen \u00e4r mycket stabil och robust. Alla delar har svetsats samman, vilket resulterar i en otroligt stabil produkt.<\/p>\n<p>&nbsp;<\/p>\n<p>&nbsp;<\/p>\n<h5><strong>S\u00e4ker anv\u00e4ndning:<\/strong><\/h5>\n<p>Eldstaden \u00e4r en idealisk l\u00f6sning f\u00f6r alla som v\u00e4rdes\u00e4tter s\u00e4kerhet vid eldning. Den kan fungera som en praktisk plats f\u00f6r att g\u00f6ra upp eld, en b\u00e4rbar grill, en v\u00e4rmek\u00e4lla och en stilfull belysning. Formen p\u00e5 sk\u00e5len f\u00f6rhindrar att brinnande ved sprider sig, till exempel vid starka vindar. Eldsk\u00e5lens kant \u00e4r utskuren ur ett tjockt st\u00e5lpl\u00e5t med CNC-laser. N\u00e4r du t\u00e4nder elden i sk\u00e5len, kommer du att se ett unikt och oemotst\u00e5ndligt sken fr\u00e5n den utskurna kanten, och skuggorna som kastas skapar en behaglig atmosf\u00e4r. Vi rekommenderar att du eldar med torr ved och endast anv\u00e4nder naturliga t\u00e4ndmedel.<\/p>\n<p>&nbsp;<\/p>\n<p>&nbsp;<\/p>\n<h5><strong>\"HANDGJORD\" H\u00f6g Kvalitet P\u00e5 Produkten \/ Tillverkad i Europa<\/strong><\/h5>\n<p><strong>Eldstad \u00abFIRE\u00bb <\/strong>\u00e4r tillverkad av r\u00e5st\u00e5l, vilket kan g\u00f6ra att f\u00e4rgnyansen skiljer sig fr\u00e5n den som visas p\u00e5 fotografierna. Det \u00e4r en naturlig egenskap hos st\u00e5l och p\u00e5verkar inte produktens funktionalitet eller stabilitet negativt.<\/p>\n<p>&nbsp;<\/p>\n<p>&nbsp;<\/p>\n<h5><strong>Tillbeh\u00f6r:<\/strong><\/h5>\n<p>Du kan ocks\u00e5 v\u00e4lja n\u00e5gra eleganta och vackra tillbeh\u00f6r som g\u00f6r din eldstad \u00e4nnu mer attraktiv.<a href=\"http:\/\/www.silverflame.eu\/sv\/produkt-kategori\/accessories\/\">\u00a0<a href=\"http:\/\/www.silverflame.eu\/sv\/produkt-kategori\/accessories\/\" target=\"_self\"> Se alla tillbeh\u00f6r.<\/a><\/a><\/p>\n<p>&nbsp;<\/p>\n<p>Du kanske ocks\u00e5 vill kolla in <a href=\"http:\/\/www.silverflame.eu\/sv\/produkt\/fire-pit-brasil\/\">Eldstad \u00abBRASIL\u00bb<\/a><\/p>\n<p>&nbsp;<\/p>\n<p>&nbsp;<\/p>\n<p><strong><em>L\u00e4s fler intressanta fakta om v\u00e5ra produkter p\u00e5 v\u00e5r <a href=\"http:\/\/www.silverflame.eu\/sv\/blog\/\">blogg!<\/a><\/em><\/strong><\/p>","protected":false},"excerpt":{"rendered":"<table dir=\"ltr\" border=\"1\" cellspacing=\"0\" cellpadding=\"0\" data-sheets-root=\"1\">\n<colgroup>\n<col width=\"286\" \/>\n<col width=\"100\" \/><\/colgroup>\n<tbody>\n<tr>\n<td data-sheets-value=\"{&quot;1&quot;:2,&quot;2&quot;:&quot;Dimensions (cm): &quot;}\">Diameter (cm):<\/td>\n<td data-sheets-value=\"{&quot;1&quot;:2,&quot;2&quot;:&quot;70 x 70&quot;}\">80<\/td>\n<\/tr>\n<tr>\n<td data-sheets-value=\"{&quot;1&quot;:2,&quot;2&quot;:&quot;Weight (kg): &quot;}\">Vikt (kg):<\/td>\n<td data-sheets-value=\"{&quot;1&quot;:3,&quot;3&quot;:14.5}\">17<\/td>\n<\/tr>\n<tr>\n<td data-sheets-value=\"{&quot;1&quot;:2,&quot;2&quot;:&quot;Height (cm): &quot;}\">H\u00f6jd (cm):<\/td>\n<td data-sheets-value=\"{&quot;1&quot;:3,&quot;3&quot;:30}\">33<\/td>\n<\/tr>\n<tr>\n<td data-sheets-value=\"{&quot;1&quot;:2,&quot;2&quot;:&quot;Steel thickness (mm)&quot;}\">St\u00e5ltjocklek (mm)<\/td>\n<td data-sheets-value=\"{&quot;1&quot;:3,&quot;3&quot;:2}\">2<\/td>\n<\/tr>\n<tr>\n<td data-sheets-value=\"{&quot;1&quot;:2,&quot;2&quot;:&quot;Material&quot;}\">Material<\/td>\n<td data-sheets-value=\"{&quot;1&quot;:2,&quot;2&quot;:&quot;natural steel&quot;}\">st\u00e5l<\/td>\n<\/tr>\n<tr>\n<td data-sheets-value=\"{&quot;1&quot;:2,&quot;2&quot;:&quot;Shipping time&quot;}\">Leveranstid<\/td>\n<td data-sheets-value=\"{&quot;1&quot;:2,&quot;2&quot;:&quot;7-14 days&quot;}\">7-14 dagar<\/td>\n<\/tr>\n<\/tbody>\n<\/table>","protected":false},"featured_media":11649,"template":"","meta":{"_monsterinsights_skip_tracking":false,"_monsterinsights_sitenote_active":false,"_monsterinsights_sitenote_note":"","_monsterinsights_sitenote_category":0},"product_brand":[],"product_cat":[164],"product_tag":[232],"class_list":{"0":"post-11647","1":"product","2":"type-product","3":"status-publish","4":"has-post-thumbnail","6":"product_cat-fire-pits","7":"product_tag-fire-pit","8":"product_shipping_class-cook-king","9":"aux-has-gallery","11":"first","12":"instock","13":"sale","14":"taxable","15":"shipping-taxable","16":"purchasable","17":"product-type-simple"},"yoast_head":"<!-- This site is optimized with the Yoast SEO Premium plugin v24.1 (Yoast SEO v27.3) - https:\/\/yoast.com\/product\/yoast-seo-premium-wordpress\/ -->\n<title>Fire pit \u00abFIRE\u00bb | SilverFlame<\/title>\n<meta name=\"description\" content=\"Fire pit \u00abFIRE\u00bb is a high-quality product produced in Europe. It\u2019s characterized by detailed finishings and a large bowl made of thick steel. The whole s...\" \/>\n<meta name=\"robots\" content=\"index, follow, max-snippet:-1, max-image-preview:large, max-video-preview:-1\" \/>\n<link rel=\"canonical\" href=\"https:\/\/www.silverflame.eu\/sv\/produkt\/fire-pit-fire\/\" \/>\n<meta property=\"og:locale\" content=\"sv_SE\" \/>\n<meta property=\"og:type\" content=\"article\" \/>\n<meta property=\"og:title\" content=\"Fire pit \u00abFIRE\u00bb\" \/>\n<meta property=\"og:description\" content=\"Fire pit \u00abFIRE\u00bb is a high-quality product produced in Europe. It\u2019s characterized by detailed finishings and a large bowl made of thick steel. The whole s...\" \/>\n<meta property=\"og:url\" content=\"https:\/\/www.silverflame.eu\/sv\/produkt\/fire-pit-fire\/\" \/>\n<meta property=\"og:site_name\" content=\"SilverFlame\" \/>\n<meta property=\"article:publisher\" content=\"https:\/\/www.facebook.com\/SilverFlameEurope\" \/>\n<meta property=\"article:modified_time\" content=\"2024-09-03T21:06:59+00:00\" \/>\n<meta property=\"og:image\" content=\"https:\/\/www.silverflame.eu\/wp-content\/uploads\/2024\/09\/fire-pit-fire.png\" \/>\n\t<meta property=\"og:image:width\" content=\"600\" \/>\n\t<meta property=\"og:image:height\" content=\"581\" \/>\n\t<meta property=\"og:image:type\" content=\"image\/png\" \/>\n<meta name=\"twitter:card\" content=\"summary_large_image\" \/>\n<meta name=\"twitter:label1\" content=\"Ber\u00e4knad l\u00e4stid\" \/>\n\t<meta name=\"twitter:data1\" content=\"1 minut\" \/>\n<script type=\"application\/ld+json\" class=\"yoast-schema-graph\">{\"@context\":\"https:\\\/\\\/schema.org\",\"@graph\":[{\"@type\":\"WebPage\",\"@id\":\"https:\\\/\\\/www.silverflame.eu\\\/product\\\/fire-pit-fire\\\/\",\"url\":\"https:\\\/\\\/www.silverflame.eu\\\/product\\\/fire-pit-fire\\\/\",\"name\":\"Fire pit \u00abFIRE\u00bb | SilverFlame\",\"isPartOf\":{\"@id\":\"https:\\\/\\\/www.silverflame.eu\\\/ru\\\/#website\"},\"primaryImageOfPage\":{\"@id\":\"https:\\\/\\\/www.silverflame.eu\\\/product\\\/fire-pit-fire\\\/#primaryimage\"},\"image\":{\"@id\":\"https:\\\/\\\/www.silverflame.eu\\\/product\\\/fire-pit-fire\\\/#primaryimage\"},\"thumbnailUrl\":\"https:\\\/\\\/www.silverflame.eu\\\/wp-content\\\/uploads\\\/2024\\\/09\\\/fire-pit-fire.png\",\"datePublished\":\"2024-09-03T20:36:29+00:00\",\"dateModified\":\"2024-09-03T21:06:59+00:00\",\"description\":\"Fire pit \u00abFIRE\u00bb is a high-quality product produced in Europe. It\u2019s characterized by detailed finishings and a large bowl made of thick steel. The whole s...\",\"breadcrumb\":{\"@id\":\"https:\\\/\\\/www.silverflame.eu\\\/product\\\/fire-pit-fire\\\/#breadcrumb\"},\"inLanguage\":\"sv-SE\",\"potentialAction\":[{\"@type\":\"ReadAction\",\"target\":[\"https:\\\/\\\/www.silverflame.eu\\\/product\\\/fire-pit-fire\\\/\"]}]},{\"@type\":\"ImageObject\",\"inLanguage\":\"sv-SE\",\"@id\":\"https:\\\/\\\/www.silverflame.eu\\\/product\\\/fire-pit-fire\\\/#primaryimage\",\"url\":\"https:\\\/\\\/www.silverflame.eu\\\/wp-content\\\/uploads\\\/2024\\\/09\\\/fire-pit-fire.png\",\"contentUrl\":\"https:\\\/\\\/www.silverflame.eu\\\/wp-content\\\/uploads\\\/2024\\\/09\\\/fire-pit-fire.png\",\"width\":600,\"height\":581,\"caption\":\"Stylish black fire pit with flame cutouts, perfect for outdoor gatherings and creating a cozy fire feature.\"},{\"@type\":\"BreadcrumbList\",\"@id\":\"https:\\\/\\\/www.silverflame.eu\\\/product\\\/fire-pit-fire\\\/#breadcrumb\",\"itemListElement\":[{\"@type\":\"ListItem\",\"position\":1,\"name\":\"Home page\",\"item\":\"https:\\\/\\\/www.silverflame.eu\\\/ru\\\/\"},{\"@type\":\"ListItem\",\"position\":2,\"name\":\"Shop\",\"item\":\"https:\\\/\\\/www.silverflame.eu\\\/ru\\\/shop\\\/\"},{\"@type\":\"ListItem\",\"position\":3,\"name\":\"Fire pit \u00abFIRE\u00bb\"}]},{\"@type\":\"WebSite\",\"@id\":\"https:\\\/\\\/www.silverflame.eu\\\/ru\\\/#website\",\"url\":\"https:\\\/\\\/www.silverflame.eu\\\/ru\\\/\",\"name\":\"SilverFlame\",\"description\":\"Biofireplaces | biokaminad | biotakat | bioeldst\u00e4der\",\"publisher\":{\"@id\":\"https:\\\/\\\/www.silverflame.eu\\\/ru\\\/#organization\"},\"potentialAction\":[{\"@type\":\"SearchAction\",\"target\":{\"@type\":\"EntryPoint\",\"urlTemplate\":\"https:\\\/\\\/www.silverflame.eu\\\/ru\\\/?s={search_term_string}\"},\"query-input\":{\"@type\":\"PropertyValueSpecification\",\"valueRequired\":true,\"valueName\":\"search_term_string\"}}],\"inLanguage\":\"sv-SE\"},{\"@type\":\"Organization\",\"@id\":\"https:\\\/\\\/www.silverflame.eu\\\/ru\\\/#organization\",\"name\":\"Silsev O\u00dc\",\"url\":\"https:\\\/\\\/www.silverflame.eu\\\/ru\\\/\",\"logo\":{\"@type\":\"ImageObject\",\"inLanguage\":\"sv-SE\",\"@id\":\"https:\\\/\\\/www.silverflame.eu\\\/ru\\\/#\\\/schema\\\/logo\\\/image\\\/\",\"url\":\"http:\\\/\\\/www.silverflame.eu\\\/wp-content\\\/uploads\\\/2021\\\/11\\\/SilverFlame_Biofireplaces-shop-in-EU_Big-logo.png\",\"contentUrl\":\"http:\\\/\\\/www.silverflame.eu\\\/wp-content\\\/uploads\\\/2021\\\/11\\\/SilverFlame_Biofireplaces-shop-in-EU_Big-logo.png\",\"width\":349,\"height\":478,\"caption\":\"Silsev O\u00dc\"},\"image\":{\"@id\":\"https:\\\/\\\/www.silverflame.eu\\\/ru\\\/#\\\/schema\\\/logo\\\/image\\\/\"},\"sameAs\":[\"https:\\\/\\\/www.facebook.com\\\/SilverFlameEurope\",\"https:\\\/\\\/www.instagram.com\\\/silverflame.eu\\\/\",\"https:\\\/\\\/www.youtube.com\\\/@SilverFlame-Biofireplaces\"],\"description\":\"Welcome to our online store, your one-stop destination for high-quality bioethanol fireplaces, gas heaters, infrared heaters, pop-up tents, patio umbrellas, and more. We specialize in delivering eco-friendly heating solutions and outdoor living products across Europe. Our selection is designed for comfort, style, and sustainability, ensuring that your home and outdoor spaces are both cozy and modern. Enjoy fast shipping, competitive prices, and exceptional customer service with every purchase.\",\"email\":\"info@silverflame.eu\",\"legalName\":\"Silsev O\u00dc\",\"publishingPrinciples\":\"https:\\\/\\\/www.silverflame.eu\\\/ru\\\/about-us\\\/\"}]}<\/script>\n<!-- \/ Yoast SEO Premium plugin. -->","yoast_head_json":{"title":"Fire pit \u00abFIRE\u00bb | SilverFlame","description":"Fire pit \u00abFIRE\u00bb is a high-quality product produced in Europe. It\u2019s characterized by detailed finishings and a large bowl made of thick steel. The whole s...","robots":{"index":"index","follow":"follow","max-snippet":"max-snippet:-1","max-image-preview":"max-image-preview:large","max-video-preview":"max-video-preview:-1"},"canonical":"https:\/\/www.silverflame.eu\/sv\/produkt\/fire-pit-fire\/","og_locale":"sv_SE","og_type":"article","og_title":"Fire pit \u00abFIRE\u00bb","og_description":"Fire pit \u00abFIRE\u00bb is a high-quality product produced in Europe. It\u2019s characterized by detailed finishings and a large bowl made of thick steel. The whole s...","og_url":"https:\/\/www.silverflame.eu\/sv\/produkt\/fire-pit-fire\/","og_site_name":"SilverFlame","article_publisher":"https:\/\/www.facebook.com\/SilverFlameEurope","article_modified_time":"2024-09-03T21:06:59+00:00","og_image":[{"width":600,"height":581,"url":"https:\/\/www.silverflame.eu\/wp-content\/uploads\/2024\/09\/fire-pit-fire.png","type":"image\/png"}],"twitter_card":"summary_large_image","twitter_misc":{"Ber\u00e4knad l\u00e4stid":"1 minut"},"schema":{"@context":"https:\/\/schema.org","@graph":[{"@type":"WebPage","@id":"https:\/\/www.silverflame.eu\/product\/fire-pit-fire\/","url":"https:\/\/www.silverflame.eu\/product\/fire-pit-fire\/","name":"Fire pit \u00abFIRE\u00bb | SilverFlame","isPartOf":{"@id":"https:\/\/www.silverflame.eu\/ru\/#website"},"primaryImageOfPage":{"@id":"https:\/\/www.silverflame.eu\/product\/fire-pit-fire\/#primaryimage"},"image":{"@id":"https:\/\/www.silverflame.eu\/product\/fire-pit-fire\/#primaryimage"},"thumbnailUrl":"https:\/\/www.silverflame.eu\/wp-content\/uploads\/2024\/09\/fire-pit-fire.png","datePublished":"2024-09-03T20:36:29+00:00","dateModified":"2024-09-03T21:06:59+00:00","description":"Fire pit \u00abFIRE\u00bb is a high-quality product produced in Europe. It\u2019s characterized by detailed finishings and a large bowl made of thick steel. The whole s...","breadcrumb":{"@id":"https:\/\/www.silverflame.eu\/product\/fire-pit-fire\/#breadcrumb"},"inLanguage":"sv-SE","potentialAction":[{"@type":"ReadAction","target":["https:\/\/www.silverflame.eu\/product\/fire-pit-fire\/"]}]},{"@type":"ImageObject","inLanguage":"sv-SE","@id":"https:\/\/www.silverflame.eu\/product\/fire-pit-fire\/#primaryimage","url":"https:\/\/www.silverflame.eu\/wp-content\/uploads\/2024\/09\/fire-pit-fire.png","contentUrl":"https:\/\/www.silverflame.eu\/wp-content\/uploads\/2024\/09\/fire-pit-fire.png","width":600,"height":581,"caption":"Stylish black fire pit with flame cutouts, perfect for outdoor gatherings and creating a cozy fire feature."},{"@type":"BreadcrumbList","@id":"https:\/\/www.silverflame.eu\/product\/fire-pit-fire\/#breadcrumb","itemListElement":[{"@type":"ListItem","position":1,"name":"Home page","item":"https:\/\/www.silverflame.eu\/ru\/"},{"@type":"ListItem","position":2,"name":"Shop","item":"https:\/\/www.silverflame.eu\/ru\/shop\/"},{"@type":"ListItem","position":3,"name":"Fire pit \u00abFIRE\u00bb"}]},{"@type":"WebSite","@id":"https:\/\/www.silverflame.eu\/ru\/#website","url":"https:\/\/www.silverflame.eu\/ru\/","name":"SilverFlame","description":"Biofireplaces | biokaminad | biotakat | bioeldst\u00e4der","publisher":{"@id":"https:\/\/www.silverflame.eu\/ru\/#organization"},"potentialAction":[{"@type":"SearchAction","target":{"@type":"EntryPoint","urlTemplate":"https:\/\/www.silverflame.eu\/ru\/?s={search_term_string}"},"query-input":{"@type":"PropertyValueSpecification","valueRequired":true,"valueName":"search_term_string"}}],"inLanguage":"sv-SE"},{"@type":"Organization","@id":"https:\/\/www.silverflame.eu\/ru\/#organization","name":"Silsev O\u00dc","url":"https:\/\/www.silverflame.eu\/ru\/","logo":{"@type":"ImageObject","inLanguage":"sv-SE","@id":"https:\/\/www.silverflame.eu\/ru\/#\/schema\/logo\/image\/","url":"http:\/\/www.silverflame.eu\/wp-content\/uploads\/2021\/11\/SilverFlame_Biofireplaces-shop-in-EU_Big-logo.png","contentUrl":"http:\/\/www.silverflame.eu\/wp-content\/uploads\/2021\/11\/SilverFlame_Biofireplaces-shop-in-EU_Big-logo.png","width":349,"height":478,"caption":"Silsev O\u00dc"},"image":{"@id":"https:\/\/www.silverflame.eu\/ru\/#\/schema\/logo\/image\/"},"sameAs":["https:\/\/www.facebook.com\/SilverFlameEurope","https:\/\/www.instagram.com\/silverflame.eu\/","https:\/\/www.youtube.com\/@SilverFlame-Biofireplaces"],"description":"Welcome to our online store, your one-stop destination for high-quality bioethanol fireplaces, gas heaters, infrared heaters, pop-up tents, patio umbrellas, and more. We specialize in delivering eco-friendly heating solutions and outdoor living products across Europe. Our selection is designed for comfort, style, and sustainability, ensuring that your home and outdoor spaces are both cozy and modern. Enjoy fast shipping, competitive prices, and exceptional customer service with every purchase.","email":"info@silverflame.eu","legalName":"Silsev O\u00dc","publishingPrinciples":"https:\/\/www.silverflame.eu\/ru\/about-us\/"}]}},"_links":{"self":[{"href":"https:\/\/www.silverflame.eu\/sv\/wp-json\/wp\/v2\/product\/11647","targetHints":{"allow":["GET"]}}],"collection":[{"href":"https:\/\/www.silverflame.eu\/sv\/wp-json\/wp\/v2\/product"}],"about":[{"href":"https:\/\/www.silverflame.eu\/sv\/wp-json\/wp\/v2\/types\/product"}],"wp:featuredmedia":[{"embeddable":true,"href":"https:\/\/www.silverflame.eu\/sv\/wp-json\/wp\/v2\/media\/11649"}],"wp:attachment":[{"href":"https:\/\/www.silverflame.eu\/sv\/wp-json\/wp\/v2\/media?parent=11647"}],"wp:term":[{"taxonomy":"product_brand","embeddable":true,"href":"https:\/\/www.silverflame.eu\/sv\/wp-json\/wp\/v2\/product_brand?post=11647"},{"taxonomy":"product_cat","embeddable":true,"href":"https:\/\/www.silverflame.eu\/sv\/wp-json\/wp\/v2\/product_cat?post=11647"},{"taxonomy":"product_tag","embeddable":true,"href":"https:\/\/www.silverflame.eu\/sv\/wp-json\/wp\/v2\/product_tag?post=11647"}],"curies":[{"name":"wp","href":"https:\/\/api.w.org\/{rel}","templated":true}]}}