{"id":11688,"date":"2024-09-04T02:15:38","date_gmt":"2024-09-03T23:15:38","guid":{"rendered":"http:\/\/www.silverflame.eu\/?post_type=product&#038;p=11688"},"modified":"2024-09-04T22:24:03","modified_gmt":"2024-09-04T19:24:03","slug":"garden-stove-lima","status":"publish","type":"product","link":"https:\/\/www.silverflame.eu\/sv\/produkt\/garden-stove-lima\/","title":{"rendered":"Tr\u00e4dg\u00e5rdsugn \u00abLIMA\u00bb"},"content":{"rendered":"<h5><strong>Om produkten:<\/strong><\/h5>\n<p><strong>Tr\u00e4dg\u00e5rdsugn \u00abLIMA\u00bb<\/strong> hj\u00e4lper dig att skapa en fantastisk atmosf\u00e4r b\u00e5de i din tr\u00e4dg\u00e5rd och under helgutflykter hemifr\u00e5n. Tack vare sin massiva struktur, tillverkad av ett tjockt metallark, v\u00e4rms ugnen snabbt upp till h\u00f6ga temperaturer och avger samtidigt sin v\u00e4rme till omgivningen; du kan d\u00e4rf\u00f6r bekv\u00e4mt v\u00e4rma dig genom att st\u00e5 n\u00e4ra den. Ugnens kant har skurits ut ur ett tjockt st\u00e5lark med en CNC-laser. <strong><em>\"HANDGJORD\" H\u00d6GKVALITATIV PRODUKT, TILLVERKAD I EUROPA.<\/em><\/strong><\/p>\n<p>&nbsp;<\/p>\n<p>&nbsp;<\/p>\n<h5><strong>Atmosf\u00e4r:<\/strong><\/h5>\n<p>N\u00e4r du g\u00f6r upp eld kommer du att se en unik och oemotst\u00e5ndlig gl\u00f6d fr\u00e5n ugnen, och skuggan som faller skapar en behaglig atmosf\u00e4r. Ugnens ljus och v\u00e4rme blir tr\u00e4dg\u00e5rdens mittpunkt och skapar en unik, mysig atmosf\u00e4r. <strong>Tr\u00e4dg\u00e5rdsugn \u00abLIMA\u00bb<\/strong> kommer att f\u00f6rb\u00e4ttra omr\u00e5det ytterligare och ge det stil och elegans.<\/p>\n<p>&nbsp;<\/p>\n<p>&nbsp;<\/p>\n<h5><strong>S\u00e4ker anv\u00e4ndning:<\/strong><\/h5>\n<p>Hela konstruktionen \u00e4r mycket stabil och robust. Alla delar har svetsats samman, vilket har resulterat i en otroligt stabil produkt. Kaminen har en bred skorsten som evakuerar gaser under anv\u00e4ndning. Det \u00e4r ocks\u00e5 m\u00f6jligt att anv\u00e4nda kaminens \u00f6vre panel f\u00f6r matlagning och stekning. F\u00f6r detta \u00e4ndam\u00e5l kan du anv\u00e4nda en stekpanna, en gryta f\u00f6r gulasch eller en vanlig kastrull.<\/p>\n<p>&nbsp;<\/p>\n<p>&nbsp;<\/p>\n<h5><strong>Tillbeh\u00f6r:<\/strong><\/h5>\n<p>Du kan ocks\u00e5 v\u00e4lja n\u00e5gra eleganta och vackra tillbeh\u00f6r som g\u00f6r din eldstad \u00e4nnu mer attraktiv.<a href=\"http:\/\/www.silverflame.eu\/sv\/produkt-kategori\/accessories\/\">\u00a0<a href=\"http:\/\/www.silverflame.eu\/sv\/produkt-kategori\/accessories\/\" target=\"_self\"> Se alla tillbeh\u00f6r.<\/a><\/a><\/p>\n<p>&nbsp;<\/p>\n<p>Du kanske ocks\u00e5 vill kolla in <a class=\"sc-jTVQyt bhIRUc\" href=\"http:\/\/www.silverflame.eu\/sv\/produkt\/fire-pit-pit\/\" target=\"_blank\" rel=\"noopener\">Eldstad \u00abPIT\u00bb<\/a><\/p>\n<p>&nbsp;<\/p>\n<p>&nbsp;<\/p>\n<p><strong><em>L\u00e4s fler intressanta fakta om v\u00e5ra produkter p\u00e5 v\u00e5r <a href=\"http:\/\/www.silverflame.eu\/sv\/blog\/\">blogg!<\/a><\/em><\/strong><\/p>","protected":false},"excerpt":{"rendered":"<table dir=\"ltr\" border=\"1\" cellspacing=\"0\" cellpadding=\"0\" data-sheets-root=\"1\">\n<colgroup>\n<col width=\"286\" \/>\n<col width=\"100\" \/><\/colgroup>\n<tbody>\n<tr>\n<td data-sheets-value=\"{&quot;1&quot;:2,&quot;2&quot;:&quot;Dimensions (cm): &quot;}\">M\u00e5tt (cm):<\/td>\n<td data-sheets-value=\"{&quot;1&quot;:2,&quot;2&quot;:&quot;70 x 70&quot;}\">50 x 33<\/td>\n<\/tr>\n<tr>\n<td data-sheets-value=\"{&quot;1&quot;:2,&quot;2&quot;:&quot;Weight (kg): &quot;}\">Vikt (kg):<\/td>\n<td data-sheets-value=\"{&quot;1&quot;:3,&quot;3&quot;:14.5}\">20<\/td>\n<\/tr>\n<tr>\n<td data-sheets-value=\"{&quot;1&quot;:2,&quot;2&quot;:&quot;Height (cm): &quot;}\">H\u00f6jd (cm):<\/td>\n<td data-sheets-value=\"{&quot;1&quot;:3,&quot;3&quot;:30}\">108<\/td>\n<\/tr>\n<tr>\n<td data-sheets-value=\"{&quot;1&quot;:2,&quot;2&quot;:&quot;Steel thickness (mm)&quot;}\">St\u00e5ltjocklek (mm)<\/td>\n<td data-sheets-value=\"{&quot;1&quot;:3,&quot;3&quot;:2}\">1,5<\/td>\n<\/tr>\n<tr>\n<td data-sheets-value=\"{&quot;1&quot;:2,&quot;2&quot;:&quot;Material&quot;}\">Material<\/td>\n<td data-sheets-value=\"{&quot;1&quot;:2,&quot;2&quot;:&quot;natural steel&quot;}\">st\u00e5l<\/td>\n<\/tr>\n<tr>\n<td data-sheets-value=\"{&quot;1&quot;:2,&quot;2&quot;:&quot;Shipping time&quot;}\">Leveranstid<\/td>\n<td data-sheets-value=\"{&quot;1&quot;:2,&quot;2&quot;:&quot;7-14 days&quot;}\">7-14 dagar<\/td>\n<\/tr>\n<\/tbody>\n<\/table>","protected":false},"featured_media":11690,"template":"","meta":{"_monsterinsights_skip_tracking":false,"_monsterinsights_sitenote_active":false,"_monsterinsights_sitenote_note":"","_monsterinsights_sitenote_category":0},"product_brand":[],"product_cat":[241],"product_tag":[240],"class_list":{"0":"post-11688","1":"product","2":"type-product","3":"status-publish","4":"has-post-thumbnail","6":"product_cat-garden-stoves","7":"product_tag-garden-stove","8":"product_shipping_class-cook-king","9":"aux-has-gallery","11":"first","12":"instock","13":"sale","14":"taxable","15":"shipping-taxable","16":"purchasable","17":"product-type-simple"},"yoast_head":"<!-- This site is optimized with the Yoast SEO Premium plugin v24.1 (Yoast SEO v27.4) - https:\/\/yoast.com\/product\/yoast-seo-premium-wordpress\/ -->\n<title>Garden stove \u00abLIMA\u00bb | SilverFlame<\/title>\n<meta name=\"description\" content=\"Garden stove \u00abLIMA\u00bb will help you create an incredible atmosphere both in your garden and during weekend excursions away from home. Thanks to its massive...\" \/>\n<meta name=\"robots\" content=\"index, follow, max-snippet:-1, max-image-preview:large, max-video-preview:-1\" \/>\n<link rel=\"canonical\" href=\"http:\/\/www.silverflame.eu\/sv\/produkt\/garden-stove-lima\/\" \/>\n<meta property=\"og:locale\" content=\"sv_SE\" \/>\n<meta property=\"og:type\" content=\"article\" \/>\n<meta property=\"og:title\" content=\"Garden stove \u00abLIMA\u00bb\" \/>\n<meta property=\"og:description\" content=\"Garden stove \u00abLIMA\u00bb will help you create an incredible atmosphere both in your garden and during weekend excursions away from home. Thanks to its massive...\" \/>\n<meta property=\"og:url\" content=\"http:\/\/www.silverflame.eu\/sv\/produkt\/garden-stove-lima\/\" \/>\n<meta property=\"og:site_name\" content=\"SilverFlame\" \/>\n<meta property=\"article:publisher\" content=\"https:\/\/www.facebook.com\/SilverFlameEurope\" \/>\n<meta property=\"article:modified_time\" content=\"2024-09-04T19:24:03+00:00\" \/>\n<meta property=\"og:image\" content=\"https:\/\/www.silverflame.eu\/wp-content\/uploads\/2024\/09\/garden-stove-lima-0.png\" \/>\n\t<meta property=\"og:image:width\" content=\"600\" \/>\n\t<meta property=\"og:image:height\" content=\"571\" \/>\n\t<meta property=\"og:image:type\" content=\"image\/png\" \/>\n<meta name=\"twitter:card\" content=\"summary_large_image\" \/>\n<meta name=\"twitter:label1\" content=\"Ber\u00e4knad l\u00e4stid\" \/>\n\t<meta name=\"twitter:data1\" content=\"1 minut\" \/>\n<script type=\"application\/ld+json\" class=\"yoast-schema-graph\">{\"@context\":\"https:\\\/\\\/schema.org\",\"@graph\":[{\"@type\":\"WebPage\",\"@id\":\"http:\\\/\\\/www.silverflame.eu\\\/ru\\\/product\\\/garden-stove-lima\\\/\",\"url\":\"http:\\\/\\\/www.silverflame.eu\\\/ru\\\/product\\\/garden-stove-lima\\\/\",\"name\":\"Garden stove \u00abLIMA\u00bb | SilverFlame\",\"isPartOf\":{\"@id\":\"https:\\\/\\\/www.silverflame.eu\\\/ru\\\/#website\"},\"primaryImageOfPage\":{\"@id\":\"http:\\\/\\\/www.silverflame.eu\\\/ru\\\/product\\\/garden-stove-lima\\\/#primaryimage\"},\"image\":{\"@id\":\"http:\\\/\\\/www.silverflame.eu\\\/ru\\\/product\\\/garden-stove-lima\\\/#primaryimage\"},\"thumbnailUrl\":\"https:\\\/\\\/www.silverflame.eu\\\/wp-content\\\/uploads\\\/2024\\\/09\\\/garden-stove-lima-0.png\",\"datePublished\":\"2024-09-03T23:15:38+00:00\",\"dateModified\":\"2024-09-04T19:24:03+00:00\",\"description\":\"Garden stove \u00abLIMA\u00bb will help you create an incredible atmosphere both in your garden and during weekend excursions away from home. Thanks to its massive...\",\"breadcrumb\":{\"@id\":\"http:\\\/\\\/www.silverflame.eu\\\/ru\\\/product\\\/garden-stove-lima\\\/#breadcrumb\"},\"inLanguage\":\"sv-SE\",\"potentialAction\":[{\"@type\":\"ReadAction\",\"target\":[\"http:\\\/\\\/www.silverflame.eu\\\/ru\\\/product\\\/garden-stove-lima\\\/\"]}]},{\"@type\":\"ImageObject\",\"inLanguage\":\"sv-SE\",\"@id\":\"http:\\\/\\\/www.silverflame.eu\\\/ru\\\/product\\\/garden-stove-lima\\\/#primaryimage\",\"url\":\"https:\\\/\\\/www.silverflame.eu\\\/wp-content\\\/uploads\\\/2024\\\/09\\\/garden-stove-lima-0.png\",\"contentUrl\":\"https:\\\/\\\/www.silverflame.eu\\\/wp-content\\\/uploads\\\/2024\\\/09\\\/garden-stove-lima-0.png\",\"width\":600,\"height\":571,\"caption\":\"Elegant black garden stove \u00abLIMA\u00bb designed for outdoor heating, perfect for garden ambiance.\"},{\"@type\":\"BreadcrumbList\",\"@id\":\"http:\\\/\\\/www.silverflame.eu\\\/ru\\\/product\\\/garden-stove-lima\\\/#breadcrumb\",\"itemListElement\":[{\"@type\":\"ListItem\",\"position\":1,\"name\":\"Home page\",\"item\":\"https:\\\/\\\/www.silverflame.eu\\\/ru\\\/\"},{\"@type\":\"ListItem\",\"position\":2,\"name\":\"Shop\",\"item\":\"https:\\\/\\\/www.silverflame.eu\\\/ru\\\/shop\\\/\"},{\"@type\":\"ListItem\",\"position\":3,\"name\":\"Garden stove \u00abLIMA\u00bb\"}]},{\"@type\":\"WebSite\",\"@id\":\"https:\\\/\\\/www.silverflame.eu\\\/ru\\\/#website\",\"url\":\"https:\\\/\\\/www.silverflame.eu\\\/ru\\\/\",\"name\":\"SilverFlame\",\"description\":\"Biofireplaces | biokaminad | biotakat | bioeldst\u00e4der\",\"publisher\":{\"@id\":\"https:\\\/\\\/www.silverflame.eu\\\/ru\\\/#organization\"},\"potentialAction\":[{\"@type\":\"SearchAction\",\"target\":{\"@type\":\"EntryPoint\",\"urlTemplate\":\"https:\\\/\\\/www.silverflame.eu\\\/ru\\\/?s={search_term_string}\"},\"query-input\":{\"@type\":\"PropertyValueSpecification\",\"valueRequired\":true,\"valueName\":\"search_term_string\"}}],\"inLanguage\":\"sv-SE\"},{\"@type\":\"Organization\",\"@id\":\"https:\\\/\\\/www.silverflame.eu\\\/ru\\\/#organization\",\"name\":\"Silsev O\u00dc\",\"url\":\"https:\\\/\\\/www.silverflame.eu\\\/ru\\\/\",\"logo\":{\"@type\":\"ImageObject\",\"inLanguage\":\"sv-SE\",\"@id\":\"https:\\\/\\\/www.silverflame.eu\\\/ru\\\/#\\\/schema\\\/logo\\\/image\\\/\",\"url\":\"http:\\\/\\\/www.silverflame.eu\\\/wp-content\\\/uploads\\\/2021\\\/11\\\/SilverFlame_Biofireplaces-shop-in-EU_Big-logo.png\",\"contentUrl\":\"http:\\\/\\\/www.silverflame.eu\\\/wp-content\\\/uploads\\\/2021\\\/11\\\/SilverFlame_Biofireplaces-shop-in-EU_Big-logo.png\",\"width\":349,\"height\":478,\"caption\":\"Silsev O\u00dc\"},\"image\":{\"@id\":\"https:\\\/\\\/www.silverflame.eu\\\/ru\\\/#\\\/schema\\\/logo\\\/image\\\/\"},\"sameAs\":[\"https:\\\/\\\/www.facebook.com\\\/SilverFlameEurope\",\"https:\\\/\\\/www.instagram.com\\\/silverflame.eu\\\/\",\"https:\\\/\\\/www.youtube.com\\\/@SilverFlame-Biofireplaces\"],\"description\":\"Welcome to our online store, your one-stop destination for high-quality bioethanol fireplaces, gas heaters, infrared heaters, pop-up tents, patio umbrellas, and more. We specialize in delivering eco-friendly heating solutions and outdoor living products across Europe. Our selection is designed for comfort, style, and sustainability, ensuring that your home and outdoor spaces are both cozy and modern. Enjoy fast shipping, competitive prices, and exceptional customer service with every purchase.\",\"email\":\"info@silverflame.eu\",\"legalName\":\"Silsev O\u00dc\",\"publishingPrinciples\":\"https:\\\/\\\/www.silverflame.eu\\\/ru\\\/about-us\\\/\"}]}<\/script>\n<!-- \/ Yoast SEO Premium plugin. -->","yoast_head_json":{"title":"Garden stove \u00abLIMA\u00bb | SilverFlame","description":"Garden stove \u00abLIMA\u00bb will help you create an incredible atmosphere both in your garden and during weekend excursions away from home. Thanks to its massive...","robots":{"index":"index","follow":"follow","max-snippet":"max-snippet:-1","max-image-preview":"max-image-preview:large","max-video-preview":"max-video-preview:-1"},"canonical":"http:\/\/www.silverflame.eu\/sv\/produkt\/garden-stove-lima\/","og_locale":"sv_SE","og_type":"article","og_title":"Garden stove \u00abLIMA\u00bb","og_description":"Garden stove \u00abLIMA\u00bb will help you create an incredible atmosphere both in your garden and during weekend excursions away from home. Thanks to its massive...","og_url":"http:\/\/www.silverflame.eu\/sv\/produkt\/garden-stove-lima\/","og_site_name":"SilverFlame","article_publisher":"https:\/\/www.facebook.com\/SilverFlameEurope","article_modified_time":"2024-09-04T19:24:03+00:00","og_image":[{"width":600,"height":571,"url":"https:\/\/www.silverflame.eu\/wp-content\/uploads\/2024\/09\/garden-stove-lima-0.png","type":"image\/png"}],"twitter_card":"summary_large_image","twitter_misc":{"Ber\u00e4knad l\u00e4stid":"1 minut"},"schema":{"@context":"https:\/\/schema.org","@graph":[{"@type":"WebPage","@id":"http:\/\/www.silverflame.eu\/ru\/product\/garden-stove-lima\/","url":"http:\/\/www.silverflame.eu\/ru\/product\/garden-stove-lima\/","name":"Garden stove \u00abLIMA\u00bb | SilverFlame","isPartOf":{"@id":"https:\/\/www.silverflame.eu\/ru\/#website"},"primaryImageOfPage":{"@id":"http:\/\/www.silverflame.eu\/ru\/product\/garden-stove-lima\/#primaryimage"},"image":{"@id":"http:\/\/www.silverflame.eu\/ru\/product\/garden-stove-lima\/#primaryimage"},"thumbnailUrl":"https:\/\/www.silverflame.eu\/wp-content\/uploads\/2024\/09\/garden-stove-lima-0.png","datePublished":"2024-09-03T23:15:38+00:00","dateModified":"2024-09-04T19:24:03+00:00","description":"Garden stove \u00abLIMA\u00bb will help you create an incredible atmosphere both in your garden and during weekend excursions away from home. Thanks to its massive...","breadcrumb":{"@id":"http:\/\/www.silverflame.eu\/ru\/product\/garden-stove-lima\/#breadcrumb"},"inLanguage":"sv-SE","potentialAction":[{"@type":"ReadAction","target":["http:\/\/www.silverflame.eu\/ru\/product\/garden-stove-lima\/"]}]},{"@type":"ImageObject","inLanguage":"sv-SE","@id":"http:\/\/www.silverflame.eu\/ru\/product\/garden-stove-lima\/#primaryimage","url":"https:\/\/www.silverflame.eu\/wp-content\/uploads\/2024\/09\/garden-stove-lima-0.png","contentUrl":"https:\/\/www.silverflame.eu\/wp-content\/uploads\/2024\/09\/garden-stove-lima-0.png","width":600,"height":571,"caption":"Elegant black garden stove \u00abLIMA\u00bb designed for outdoor heating, perfect for garden ambiance."},{"@type":"BreadcrumbList","@id":"http:\/\/www.silverflame.eu\/ru\/product\/garden-stove-lima\/#breadcrumb","itemListElement":[{"@type":"ListItem","position":1,"name":"Home page","item":"https:\/\/www.silverflame.eu\/ru\/"},{"@type":"ListItem","position":2,"name":"Shop","item":"https:\/\/www.silverflame.eu\/ru\/shop\/"},{"@type":"ListItem","position":3,"name":"Garden stove \u00abLIMA\u00bb"}]},{"@type":"WebSite","@id":"https:\/\/www.silverflame.eu\/ru\/#website","url":"https:\/\/www.silverflame.eu\/ru\/","name":"SilverFlame","description":"Biofireplaces | biokaminad | biotakat | bioeldst\u00e4der","publisher":{"@id":"https:\/\/www.silverflame.eu\/ru\/#organization"},"potentialAction":[{"@type":"SearchAction","target":{"@type":"EntryPoint","urlTemplate":"https:\/\/www.silverflame.eu\/ru\/?s={search_term_string}"},"query-input":{"@type":"PropertyValueSpecification","valueRequired":true,"valueName":"search_term_string"}}],"inLanguage":"sv-SE"},{"@type":"Organization","@id":"https:\/\/www.silverflame.eu\/ru\/#organization","name":"Silsev O\u00dc","url":"https:\/\/www.silverflame.eu\/ru\/","logo":{"@type":"ImageObject","inLanguage":"sv-SE","@id":"https:\/\/www.silverflame.eu\/ru\/#\/schema\/logo\/image\/","url":"http:\/\/www.silverflame.eu\/wp-content\/uploads\/2021\/11\/SilverFlame_Biofireplaces-shop-in-EU_Big-logo.png","contentUrl":"http:\/\/www.silverflame.eu\/wp-content\/uploads\/2021\/11\/SilverFlame_Biofireplaces-shop-in-EU_Big-logo.png","width":349,"height":478,"caption":"Silsev O\u00dc"},"image":{"@id":"https:\/\/www.silverflame.eu\/ru\/#\/schema\/logo\/image\/"},"sameAs":["https:\/\/www.facebook.com\/SilverFlameEurope","https:\/\/www.instagram.com\/silverflame.eu\/","https:\/\/www.youtube.com\/@SilverFlame-Biofireplaces"],"description":"Welcome to our online store, your one-stop destination for high-quality bioethanol fireplaces, gas heaters, infrared heaters, pop-up tents, patio umbrellas, and more. We specialize in delivering eco-friendly heating solutions and outdoor living products across Europe. Our selection is designed for comfort, style, and sustainability, ensuring that your home and outdoor spaces are both cozy and modern. Enjoy fast shipping, competitive prices, and exceptional customer service with every purchase.","email":"info@silverflame.eu","legalName":"Silsev O\u00dc","publishingPrinciples":"https:\/\/www.silverflame.eu\/ru\/about-us\/"}]}},"_links":{"self":[{"href":"https:\/\/www.silverflame.eu\/sv\/wp-json\/wp\/v2\/product\/11688","targetHints":{"allow":["GET"]}}],"collection":[{"href":"https:\/\/www.silverflame.eu\/sv\/wp-json\/wp\/v2\/product"}],"about":[{"href":"https:\/\/www.silverflame.eu\/sv\/wp-json\/wp\/v2\/types\/product"}],"wp:featuredmedia":[{"embeddable":true,"href":"https:\/\/www.silverflame.eu\/sv\/wp-json\/wp\/v2\/media\/11690"}],"wp:attachment":[{"href":"https:\/\/www.silverflame.eu\/sv\/wp-json\/wp\/v2\/media?parent=11688"}],"wp:term":[{"taxonomy":"product_brand","embeddable":true,"href":"https:\/\/www.silverflame.eu\/sv\/wp-json\/wp\/v2\/product_brand?post=11688"},{"taxonomy":"product_cat","embeddable":true,"href":"https:\/\/www.silverflame.eu\/sv\/wp-json\/wp\/v2\/product_cat?post=11688"},{"taxonomy":"product_tag","embeddable":true,"href":"https:\/\/www.silverflame.eu\/sv\/wp-json\/wp\/v2\/product_tag?post=11688"}],"curies":[{"name":"wp","href":"https:\/\/api.w.org\/{rel}","templated":true}]}}