{"id":2604,"date":"2022-02-08T06:13:05","date_gmt":"2022-02-08T04:13:05","guid":{"rendered":"http:\/\/www.silverflame.eu\/?post_type=product&#038;p=2604"},"modified":"2024-08-28T23:17:46","modified_gmt":"2024-08-28T20:17:46","slug":"biofireplace-besta","status":"publish","type":"product","link":"https:\/\/www.silverflame.eu\/sv\/produkt\/biofireplace-besta\/","title":{"rendered":"Bioeldstad \u00abBesta\u00bb"},"content":{"rendered":"<h5><strong>Om produkten:<\/strong><\/h5>\n<p>Bioeldstad <strong><em>\u00abBesta\u00bb &#8211;<\/em><\/strong> modern design och enkel installation g\u00f6r den perfekt f\u00f6r varje interi\u00f6r. Dess engelska stil, elegans och modernitet kommer att ge rummet en originell dimension. En ekologisk eldstad ger en riktig eld, som inte bara skapar en unik atmosf\u00e4r, utan ocks\u00e5 v\u00e4rmer. Kr\u00e4ver ingen anslutning till en skorsten. Det \u00e4r bara att placera, h\u00e4lla biobr\u00e4nsle upp till den niv\u00e5 som \u00e4r markerad i beh\u00e5llaren och njut av v\u00e4rmen och den vackra utsikten \u00f6ver en riktig brasa! Det \u00e4r m\u00f6jligt att reglera och sl\u00e4cka l\u00e5gan n\u00e4r som helst. T\u00e4nk p\u00e5 att ventilera rummet d\u00e4r bioeldstaden \u00e4r placerad. Om v\u00e4derf\u00f6rh\u00e5llandena \u00e4r gynnsamma kan det vara en dekoration av terrassen eller tr\u00e4dg\u00e5rden.<\/p>\n<h5><\/h5>\n<h5><strong>Atmosf\u00e4r<\/strong><\/h5>\n<p>Bioeldstaden \u00abBesta\u00bb v\u00e4cker uppm\u00e4rksamhet med sina perfekta proportioner och minimalism. Glasering framh\u00e4ver dessutom den vackra sikten av elden och \u00f6kar ocks\u00e5 s\u00e4kerheten vid anv\u00e4ndning.<\/p>\n<p>\u00abBesta\u00bb kommer att g\u00f6ra din inredning unik. Alla som bes\u00f6ker dig kommer att bli f\u00f6rtrollade av sk\u00f6nheten och v\u00e4rmen som kommer fr\u00e5n din bioeldstad!<\/p>\n<p>&nbsp;<\/p>\n<h5 class=\"data-item-hidden\"><strong>Enkel installation och anv\u00e4ndning<\/strong><\/h5>\n<p class=\"data-item-hidden\">Installationen av en bio-eldstad \u00e4r trivialt enkel. Det tar dig bokstavligen 5 minuter. Allt du beh\u00f6ver g\u00f6ra \u00e4r att h\u00e4nga upp den p\u00e5 v\u00e4ggen med hj\u00e4lp av f\u00e4stpinnar och s\u00e4tta in glaset och bioeldstaden p\u00e5 anvisade platser.<\/p>\n<p><strong><em>OBS!<\/em> Tills\u00e4tt inte biobr\u00e4nsle till en bioeldstad som \u00e4r ig\u00e5ng eller fortfarande het!<br \/>\n<em>OBS!<\/em><\/strong> Vid f\u00f6rbr\u00e4nning och efter sl\u00e4ckning \u00e4r biobeh\u00e5llaren v\u00e4ldigt varm, r\u00f6r den inte!<\/p>\n<p>&nbsp;<\/p>\n<h5><strong>Ekologisk v\u00e4rme:<\/strong><\/h5>\n<p class=\"data-item-hidden\">Vi handlar alla om ekologi! Genom att k\u00f6pa v\u00e5r bioeldstad bryr du dig om milj\u00f6n. Du bidrar inte till att det bildas smog. Allt detta beror p\u00e5 det faktum att produkterna fr\u00e5n biobr\u00e4nslef\u00f6rbr\u00e4nning endast \u00e4r: v\u00e4rme, vatten\u00e5nga och en f\u00f6rsumbar m\u00e4ngd koldioxid (som i luften som andas ut av oss).<\/p>\n<p>Bioeldstad h\u00f6jer temperaturen upp till flera grader Celsius, beroende p\u00e5 h\u00f6jden p\u00e5 l\u00e5gan och storleken p\u00e5 insidan. 100 % genererad v\u00e4rme f\u00f6rs vidare till rummet, tack vare vilken bioeldstaden kan vara en extra v\u00e4rmek\u00e4lla!<\/p>\n<p>&nbsp;<\/p>\n<h5><strong>Tillbeh\u00f6r:<\/strong><\/h5>\n<p class=\"translation-block\">Du kan ocks\u00e5 v\u00e4lja n\u00e5gra eleganta och snygga tillbeh\u00f6r som g\u00f6r din bioeldstad \u00e4nnu mer attraktiv.<a href=\"http:\/\/www.silverflame.eu\/sv\/produkt-kategori\/accessories\/\" target=\"_self\"> Se alla tillbeh\u00f6r.<\/a><\/p>\n<p>&nbsp;<\/p>\n<p>&nbsp;<\/p>\n<p><strong><em>L\u00e4s fler intressanta fakta om v\u00e5ra produkter p\u00e5 v\u00e5r <a href=\"http:\/\/www.silverflame.eu\/sv\/blog\/\">blogg!<\/a><\/em><\/strong><\/p>","protected":false},"excerpt":{"rendered":"<table data-tablestyle=\"MsoTableGrid\" data-tablelook=\"1696\" aria-rowcount=\"8\">\n<tbody>\n<tr aria-rowindex=\"1\">\n<td data-celllook=\"0\"><span data-contrast=\"auto\">Vikt (kg)<\/span><span data-ccp-props=\"{&quot;201341983&quot;:0,&quot;335559740&quot;:259}\">\u00a0<\/span><\/td>\n<td data-celllook=\"0\"><span data-contrast=\"auto\">16<\/span><span data-ccp-props=\"{&quot;201341983&quot;:0,&quot;335551550&quot;:1,&quot;335551620&quot;:1,&quot;335559740&quot;:259}\">\u00a0<\/span><\/td>\n<\/tr>\n<tr aria-rowindex=\"2\">\n<td data-celllook=\"0\"><span data-contrast=\"auto\">H\u00f6jd (cm)<\/span><span data-ccp-props=\"{&quot;201341983&quot;:0,&quot;335559740&quot;:259}\">\u00a0<\/span><\/td>\n<td data-celllook=\"0\"><span data-contrast=\"auto\">45<\/span><span data-ccp-props=\"{&quot;201341983&quot;:0,&quot;335551550&quot;:1,&quot;335551620&quot;:1,&quot;335559740&quot;:259}\">\u00a0<\/span><\/td>\n<\/tr>\n<tr aria-rowindex=\"3\">\n<td data-celllook=\"0\"><span data-contrast=\"auto\">Bredd (cm)<\/span><span data-ccp-props=\"{&quot;201341983&quot;:0,&quot;335559740&quot;:259}\">\u00a0<\/span><\/td>\n<td data-celllook=\"0\"><span data-contrast=\"auto\">45<\/span><span data-ccp-props=\"{&quot;201341983&quot;:0,&quot;335551550&quot;:1,&quot;335551620&quot;:1,&quot;335559740&quot;:259}\">\u00a0<\/span><\/td>\n<\/tr>\n<tr aria-rowindex=\"4\">\n<td data-celllook=\"0\"><span data-contrast=\"auto\">Djup (cm)<\/span><span data-ccp-props=\"{&quot;201341983&quot;:0,&quot;335559740&quot;:259}\">\u00a0<\/span><\/td>\n<td data-celllook=\"0\"><span data-contrast=\"auto\">15,2<\/span><span data-ccp-props=\"{&quot;201341983&quot;:0,&quot;335551550&quot;:1,&quot;335551620&quot;:1,&quot;335559740&quot;:259}\">\u00a0<\/span><\/td>\n<\/tr>\n<tr aria-rowindex=\"5\">\n<td data-celllook=\"0\"><span data-contrast=\"auto\">Biobeh\u00e5llarens kapacitet (l)<\/span><span data-ccp-props=\"{&quot;201341983&quot;:0,&quot;335559740&quot;:259}\">\u00a0<\/span><\/td>\n<td data-celllook=\"0\"><span data-contrast=\"auto\">0,25<\/span><span data-ccp-props=\"{&quot;201341983&quot;:0,&quot;335551550&quot;:1,&quot;335551620&quot;:1,&quot;335559740&quot;:259}\">\u00a0<\/span><\/td>\n<\/tr>\n<tr aria-rowindex=\"6\">\n<td data-celllook=\"0\"><span data-contrast=\"auto\">Eldledningsl\u00e4ngd (cm)<\/span><span data-ccp-props=\"{&quot;201341983&quot;:0,&quot;335559740&quot;:259}\">\u00a0<\/span><\/td>\n<td data-celllook=\"0\"><span data-contrast=\"auto\">23<\/span><span data-ccp-props=\"{&quot;201341983&quot;:0,&quot;335551550&quot;:1,&quot;335551620&quot;:1,&quot;335559740&quot;:259}\">\u00a0<\/span><\/td>\n<\/tr>\n<tr aria-rowindex=\"7\">\n<td data-celllook=\"0\"><span data-contrast=\"auto\">M\u00e5tt p\u00e5 biobeh\u00e5llaren (H x B x D)(cm)<\/span><span data-ccp-props=\"{&quot;201341983&quot;:0,&quot;335559740&quot;:259}\">\u00a0<\/span><\/td>\n<td data-celllook=\"0\"><span data-ccp-props=\"{&quot;201341983&quot;:0,&quot;335559740&quot;:259}\">4,4 x 29,7\u00a0x 5,3\u00a0<\/span><\/td>\n<\/tr>\n<tr aria-rowindex=\"8\">\n<td data-celllook=\"0\">Leveranstid<\/td>\n<td data-celllook=\"0\"><span data-ccp-props=\"{&quot;201341983&quot;:0,&quot;335551550&quot;:1,&quot;335551620&quot;:1,&quot;335559740&quot;:259}\">10-20 dagar<\/span><\/td>\n<\/tr>\n<\/tbody>\n<\/table>","protected":false},"featured_media":2606,"template":"","meta":{"_monsterinsights_skip_tracking":false,"_monsterinsights_sitenote_active":false,"_monsterinsights_sitenote_note":"","_monsterinsights_sitenote_category":0},"product_brand":[],"product_cat":[140,16],"product_tag":[55,54,57,87,17,18,81],"class_list":{"0":"post-2604","1":"product","2":"type-product","3":"status-publish","4":"has-post-thumbnail","6":"product_cat-special-offers","7":"product_cat-wall-mounted-biofireplaces","8":"product_tag-bio-fireplace","9":"product_tag-biofireplace","10":"product_tag-black","11":"product_tag-wall","12":"product_tag-17","13":"product_tag-18","14":"product_tag-81","15":"product_shipping_class-delivery-in-a-parcel","16":"pa_color-black-color","17":"pa_glass-not-included","18":"pa_tuv-no","19":"pa_type-of-biofireplace-wall-mounted","20":"aux-has-gallery","22":"first","23":"instock","24":"sale","25":"taxable","26":"shipping-taxable","27":"purchasable","28":"product-type-simple"},"yoast_head":"<!-- This site is optimized with the Yoast SEO Premium plugin v24.1 (Yoast SEO v27.3) - https:\/\/yoast.com\/product\/yoast-seo-premium-wordpress\/ -->\n<title>Biofireplace \u00abBesta\u00bb | SilverFlame<\/title>\n<meta name=\"description\" content=\"Biofireplace \u00abBesta\u00bb modern design and ease of installation makes it perfect for every interior.\u00a0Its English style, elegance and modernity...\" \/>\n<meta name=\"robots\" content=\"index, follow, max-snippet:-1, max-image-preview:large, max-video-preview:-1\" \/>\n<link rel=\"canonical\" href=\"https:\/\/www.silverflame.eu\/sv\/tuote\/biofireplace-besta\/\" \/>\n<meta property=\"og:locale\" content=\"sv_SE\" \/>\n<meta property=\"og:type\" content=\"article\" \/>\n<meta property=\"og:title\" content=\"Biofireplace \u00abBesta\u00bb\" \/>\n<meta property=\"og:description\" content=\"Biofireplace \u00abBesta\u00bb modern design and ease of installation makes it perfect for every interior.\u00a0Its English style, elegance and modernity...\" \/>\n<meta property=\"og:url\" content=\"https:\/\/www.silverflame.eu\/sv\/tuote\/biofireplace-besta\/\" \/>\n<meta property=\"og:site_name\" content=\"SilverFlame\" \/>\n<meta property=\"article:publisher\" content=\"https:\/\/www.facebook.com\/SilverFlameEurope\" \/>\n<meta property=\"article:modified_time\" content=\"2024-08-28T20:17:46+00:00\" \/>\n<meta property=\"og:image\" content=\"https:\/\/www.silverflame.eu\/wp-content\/uploads\/2022\/02\/silverflame-biofireplace-besta.png\" \/>\n\t<meta property=\"og:image:width\" content=\"600\" \/>\n\t<meta property=\"og:image:height\" content=\"600\" \/>\n\t<meta property=\"og:image:type\" content=\"image\/png\" \/>\n<meta name=\"twitter:card\" content=\"summary_large_image\" \/>\n<meta name=\"twitter:label1\" content=\"Ber\u00e4knad l\u00e4stid\" \/>\n\t<meta name=\"twitter:data1\" content=\"2 minuter\" \/>\n<script type=\"application\/ld+json\" class=\"yoast-schema-graph\">{\"@context\":\"https:\\\/\\\/schema.org\",\"@graph\":[{\"@type\":\"WebPage\",\"@id\":\"https:\\\/\\\/www.silverflame.eu\\\/fi\\\/tuote\\\/biofireplace-besta\\\/\",\"url\":\"https:\\\/\\\/www.silverflame.eu\\\/fi\\\/tuote\\\/biofireplace-besta\\\/\",\"name\":\"Biofireplace \u00abBesta\u00bb | SilverFlame\",\"isPartOf\":{\"@id\":\"https:\\\/\\\/www.silverflame.eu\\\/ru\\\/#website\"},\"primaryImageOfPage\":{\"@id\":\"https:\\\/\\\/www.silverflame.eu\\\/fi\\\/tuote\\\/biofireplace-besta\\\/#primaryimage\"},\"image\":{\"@id\":\"https:\\\/\\\/www.silverflame.eu\\\/fi\\\/tuote\\\/biofireplace-besta\\\/#primaryimage\"},\"thumbnailUrl\":\"https:\\\/\\\/www.silverflame.eu\\\/wp-content\\\/uploads\\\/2022\\\/02\\\/silverflame-biofireplace-besta.png\",\"datePublished\":\"2022-02-08T04:13:05+00:00\",\"dateModified\":\"2024-08-28T20:17:46+00:00\",\"description\":\"Biofireplace \u00abBesta\u00bb modern design and ease of installation makes it perfect for every interior.\u00a0Its English style, elegance and modernity...\",\"breadcrumb\":{\"@id\":\"https:\\\/\\\/www.silverflame.eu\\\/fi\\\/tuote\\\/biofireplace-besta\\\/#breadcrumb\"},\"inLanguage\":\"sv-SE\",\"potentialAction\":[{\"@type\":\"ReadAction\",\"target\":[\"https:\\\/\\\/www.silverflame.eu\\\/fi\\\/tuote\\\/biofireplace-besta\\\/\"]}]},{\"@type\":\"ImageObject\",\"inLanguage\":\"sv-SE\",\"@id\":\"https:\\\/\\\/www.silverflame.eu\\\/fi\\\/tuote\\\/biofireplace-besta\\\/#primaryimage\",\"url\":\"https:\\\/\\\/www.silverflame.eu\\\/wp-content\\\/uploads\\\/2022\\\/02\\\/silverflame-biofireplace-besta.png\",\"contentUrl\":\"https:\\\/\\\/www.silverflame.eu\\\/wp-content\\\/uploads\\\/2022\\\/02\\\/silverflame-biofireplace-besta.png\",\"width\":600,\"height\":600,\"caption\":\"silverflame-biofireplace-besta\"},{\"@type\":\"BreadcrumbList\",\"@id\":\"https:\\\/\\\/www.silverflame.eu\\\/fi\\\/tuote\\\/biofireplace-besta\\\/#breadcrumb\",\"itemListElement\":[{\"@type\":\"ListItem\",\"position\":1,\"name\":\"Home page\",\"item\":\"https:\\\/\\\/www.silverflame.eu\\\/ru\\\/\"},{\"@type\":\"ListItem\",\"position\":2,\"name\":\"Shop\",\"item\":\"https:\\\/\\\/www.silverflame.eu\\\/ru\\\/shop\\\/\"},{\"@type\":\"ListItem\",\"position\":3,\"name\":\"Biofireplace \u00abBesta\u00bb\"}]},{\"@type\":\"WebSite\",\"@id\":\"https:\\\/\\\/www.silverflame.eu\\\/ru\\\/#website\",\"url\":\"https:\\\/\\\/www.silverflame.eu\\\/ru\\\/\",\"name\":\"SilverFlame\",\"description\":\"Biofireplaces | biokaminad | biotakat | bioeldst\u00e4der\",\"publisher\":{\"@id\":\"https:\\\/\\\/www.silverflame.eu\\\/ru\\\/#organization\"},\"potentialAction\":[{\"@type\":\"SearchAction\",\"target\":{\"@type\":\"EntryPoint\",\"urlTemplate\":\"https:\\\/\\\/www.silverflame.eu\\\/ru\\\/?s={search_term_string}\"},\"query-input\":{\"@type\":\"PropertyValueSpecification\",\"valueRequired\":true,\"valueName\":\"search_term_string\"}}],\"inLanguage\":\"sv-SE\"},{\"@type\":\"Organization\",\"@id\":\"https:\\\/\\\/www.silverflame.eu\\\/ru\\\/#organization\",\"name\":\"Silsev O\u00dc\",\"url\":\"https:\\\/\\\/www.silverflame.eu\\\/ru\\\/\",\"logo\":{\"@type\":\"ImageObject\",\"inLanguage\":\"sv-SE\",\"@id\":\"https:\\\/\\\/www.silverflame.eu\\\/ru\\\/#\\\/schema\\\/logo\\\/image\\\/\",\"url\":\"http:\\\/\\\/www.silverflame.eu\\\/wp-content\\\/uploads\\\/2021\\\/11\\\/SilverFlame_Biofireplaces-shop-in-EU_Big-logo.png\",\"contentUrl\":\"http:\\\/\\\/www.silverflame.eu\\\/wp-content\\\/uploads\\\/2021\\\/11\\\/SilverFlame_Biofireplaces-shop-in-EU_Big-logo.png\",\"width\":349,\"height\":478,\"caption\":\"Silsev O\u00dc\"},\"image\":{\"@id\":\"https:\\\/\\\/www.silverflame.eu\\\/ru\\\/#\\\/schema\\\/logo\\\/image\\\/\"},\"sameAs\":[\"https:\\\/\\\/www.facebook.com\\\/SilverFlameEurope\",\"https:\\\/\\\/www.instagram.com\\\/silverflame.eu\\\/\",\"https:\\\/\\\/www.youtube.com\\\/@SilverFlame-Biofireplaces\"],\"description\":\"Welcome to our online store, your one-stop destination for high-quality bioethanol fireplaces, gas heaters, infrared heaters, pop-up tents, patio umbrellas, and more. We specialize in delivering eco-friendly heating solutions and outdoor living products across Europe. Our selection is designed for comfort, style, and sustainability, ensuring that your home and outdoor spaces are both cozy and modern. Enjoy fast shipping, competitive prices, and exceptional customer service with every purchase.\",\"email\":\"info@silverflame.eu\",\"legalName\":\"Silsev O\u00dc\",\"publishingPrinciples\":\"https:\\\/\\\/www.silverflame.eu\\\/ru\\\/about-us\\\/\"}]}<\/script>\n<!-- \/ Yoast SEO Premium plugin. -->","yoast_head_json":{"title":"Bioeldstad \u00abBesta\u00bb | SilverFlame","description":"Bioeldstad \u00abBesta\u00bb \u2013 modern design och enkel installation g\u00f6r den perfekt f\u00f6r varje interi\u00f6r. Dess engelska stil, elegans och modernitet kommer att ge rummet en originell dimension","robots":{"index":"index","follow":"follow","max-snippet":"max-snippet:-1","max-image-preview":"max-image-preview:large","max-video-preview":"max-video-preview:-1"},"canonical":"https:\/\/www.silverflame.eu\/sv\/tuote\/biofireplace-besta\/","og_locale":"sv_SE","og_type":"article","og_title":"Biofireplace \u00abBesta\u00bb","og_description":"Biofireplace \u00abBesta\u00bb modern design and ease of installation makes it perfect for every interior.\u00a0Its English style, elegance and modernity...","og_url":"https:\/\/www.silverflame.eu\/sv\/tuote\/biofireplace-besta\/","og_site_name":"SilverFlame","article_publisher":"https:\/\/www.facebook.com\/SilverFlameEurope","article_modified_time":"2024-08-28T20:17:46+00:00","og_image":[{"width":600,"height":600,"url":"https:\/\/www.silverflame.eu\/wp-content\/uploads\/2022\/02\/silverflame-biofireplace-besta.png","type":"image\/png"}],"twitter_card":"summary_large_image","twitter_misc":{"Ber\u00e4knad l\u00e4stid":"2 minuter"},"schema":{"@context":"https:\/\/schema.org","@graph":[{"@type":"WebPage","@id":"https:\/\/www.silverflame.eu\/fi\/tuote\/biofireplace-besta\/","url":"https:\/\/www.silverflame.eu\/fi\/tuote\/biofireplace-besta\/","name":"Bioeldstad \u00abBesta\u00bb | SilverFlame","isPartOf":{"@id":"https:\/\/www.silverflame.eu\/ru\/#website"},"primaryImageOfPage":{"@id":"https:\/\/www.silverflame.eu\/fi\/tuote\/biofireplace-besta\/#primaryimage"},"image":{"@id":"https:\/\/www.silverflame.eu\/fi\/tuote\/biofireplace-besta\/#primaryimage"},"thumbnailUrl":"https:\/\/www.silverflame.eu\/wp-content\/uploads\/2022\/02\/silverflame-biofireplace-besta.png","datePublished":"2022-02-08T04:13:05+00:00","dateModified":"2024-08-28T20:17:46+00:00","description":"Bioeldstad \u00abBesta\u00bb \u2013 modern design och enkel installation g\u00f6r den perfekt f\u00f6r varje interi\u00f6r. Dess engelska stil, elegans och modernitet kommer att ge rummet en originell dimension","breadcrumb":{"@id":"https:\/\/www.silverflame.eu\/fi\/tuote\/biofireplace-besta\/#breadcrumb"},"inLanguage":"sv-SE","potentialAction":[{"@type":"ReadAction","target":["https:\/\/www.silverflame.eu\/fi\/tuote\/biofireplace-besta\/"]}]},{"@type":"ImageObject","inLanguage":"sv-SE","@id":"https:\/\/www.silverflame.eu\/fi\/tuote\/biofireplace-besta\/#primaryimage","url":"https:\/\/www.silverflame.eu\/wp-content\/uploads\/2022\/02\/silverflame-biofireplace-besta.png","contentUrl":"https:\/\/www.silverflame.eu\/wp-content\/uploads\/2022\/02\/silverflame-biofireplace-besta.png","width":600,"height":600,"caption":"silverflame-biofireplace-besta"},{"@type":"BreadcrumbList","@id":"https:\/\/www.silverflame.eu\/fi\/tuote\/biofireplace-besta\/#breadcrumb","itemListElement":[{"@type":"ListItem","position":1,"name":"Home page","item":"https:\/\/www.silverflame.eu\/ru\/"},{"@type":"ListItem","position":2,"name":"Shop","item":"https:\/\/www.silverflame.eu\/ru\/shop\/"},{"@type":"ListItem","position":3,"name":"Biofireplace \u00abBesta\u00bb"}]},{"@type":"WebSite","@id":"https:\/\/www.silverflame.eu\/ru\/#website","url":"https:\/\/www.silverflame.eu\/ru\/","name":"SilverFlame","description":"Biofireplaces | biokaminad | biotakat | bioeldst\u00e4der","publisher":{"@id":"https:\/\/www.silverflame.eu\/ru\/#organization"},"potentialAction":[{"@type":"SearchAction","target":{"@type":"EntryPoint","urlTemplate":"https:\/\/www.silverflame.eu\/ru\/?s={search_term_string}"},"query-input":{"@type":"PropertyValueSpecification","valueRequired":true,"valueName":"search_term_string"}}],"inLanguage":"sv-SE"},{"@type":"Organization","@id":"https:\/\/www.silverflame.eu\/ru\/#organization","name":"Silsev O\u00dc","url":"https:\/\/www.silverflame.eu\/ru\/","logo":{"@type":"ImageObject","inLanguage":"sv-SE","@id":"https:\/\/www.silverflame.eu\/ru\/#\/schema\/logo\/image\/","url":"http:\/\/www.silverflame.eu\/wp-content\/uploads\/2021\/11\/SilverFlame_Biofireplaces-shop-in-EU_Big-logo.png","contentUrl":"http:\/\/www.silverflame.eu\/wp-content\/uploads\/2021\/11\/SilverFlame_Biofireplaces-shop-in-EU_Big-logo.png","width":349,"height":478,"caption":"Silsev O\u00dc"},"image":{"@id":"https:\/\/www.silverflame.eu\/ru\/#\/schema\/logo\/image\/"},"sameAs":["https:\/\/www.facebook.com\/SilverFlameEurope","https:\/\/www.instagram.com\/silverflame.eu\/","https:\/\/www.youtube.com\/@SilverFlame-Biofireplaces"],"description":"Welcome to our online store, your one-stop destination for high-quality bioethanol fireplaces, gas heaters, infrared heaters, pop-up tents, patio umbrellas, and more. We specialize in delivering eco-friendly heating solutions and outdoor living products across Europe. Our selection is designed for comfort, style, and sustainability, ensuring that your home and outdoor spaces are both cozy and modern. Enjoy fast shipping, competitive prices, and exceptional customer service with every purchase.","email":"info@silverflame.eu","legalName":"Silsev O\u00dc","publishingPrinciples":"https:\/\/www.silverflame.eu\/ru\/about-us\/"}]}},"_links":{"self":[{"href":"https:\/\/www.silverflame.eu\/sv\/wp-json\/wp\/v2\/product\/2604","targetHints":{"allow":["GET"]}}],"collection":[{"href":"https:\/\/www.silverflame.eu\/sv\/wp-json\/wp\/v2\/product"}],"about":[{"href":"https:\/\/www.silverflame.eu\/sv\/wp-json\/wp\/v2\/types\/product"}],"wp:featuredmedia":[{"embeddable":true,"href":"https:\/\/www.silverflame.eu\/sv\/wp-json\/wp\/v2\/media\/2606"}],"wp:attachment":[{"href":"https:\/\/www.silverflame.eu\/sv\/wp-json\/wp\/v2\/media?parent=2604"}],"wp:term":[{"taxonomy":"product_brand","embeddable":true,"href":"https:\/\/www.silverflame.eu\/sv\/wp-json\/wp\/v2\/product_brand?post=2604"},{"taxonomy":"product_cat","embeddable":true,"href":"https:\/\/www.silverflame.eu\/sv\/wp-json\/wp\/v2\/product_cat?post=2604"},{"taxonomy":"product_tag","embeddable":true,"href":"https:\/\/www.silverflame.eu\/sv\/wp-json\/wp\/v2\/product_tag?post=2604"}],"curies":[{"name":"wp","href":"https:\/\/api.w.org\/{rel}","templated":true}]}}