{"id":3368,"date":"2022-05-13T03:04:32","date_gmt":"2022-05-13T00:04:32","guid":{"rendered":"http:\/\/www.silverflame.eu\/?post_type=product&#038;p=3368"},"modified":"2024-02-12T11:42:34","modified_gmt":"2024-02-12T09:42:34","slug":"bioethanol-romance-1l","status":"publish","type":"product","link":"https:\/\/www.silverflame.eu\/sv\/produkt\/bioethanol-romance-1l\/","title":{"rendered":"Bioetanol \u00abRomance\u00bb 1L"},"content":{"rendered":"<h5><strong>Om produkten:<\/strong><\/h5>\n<p>Bioetanol med \"Romantisk\" arom \u00e4r en speciell v\u00e4tska f\u00f6r anv\u00e4ndning i bioeldst\u00e4der som en ekologisk energik\u00e4lla. Den kommer fr\u00e5n biologisk alkohol och brinner helt utan att avge r\u00f6k. F\u00f6rbr\u00e4nningsprodukterna \u00e4r: vatten\u00e5nga och koldioxid i en m\u00e4ngd som liknar luften som andas ut av en person. D\u00e4rf\u00f6r \u00e4r det helt s\u00e4kert f\u00f6r h\u00e4lsan. Br\u00e4nslet har testats och godk\u00e4nts f\u00f6r anv\u00e4ndning av Folkh\u00e4lsoinstitutet.<\/p>\n<p>&nbsp;<\/p>\n<p>&nbsp;<\/p>\n<h5><strong>Biobr\u00e4nslef\u00f6rbr\u00e4nning:<\/strong><\/h5>\n<p>1 liter bioetanol med \"Romance\"-arom brinner p\u00e5 2-5 timmar \u2013 beroende p\u00e5 l\u00e5gans storlek. Det \u00e4r en effektiv och relativt billig energik\u00e4lla. Efter n\u00e5gra minuters anv\u00e4ndning sker en m\u00e4rkbar \u00f6kning av temperaturen i rummet. En ytterligare f\u00f6rdel med biobr\u00e4nslen \u00e4r fr\u00e5nvaron av sot och aska som produceras vid f\u00f6rbr\u00e4nning i traditionella eldst\u00e4der. Att br\u00e4nna biobr\u00e4nslen kr\u00e4ver inga skorstenar. Allt som beh\u00f6vs, som i andra apparater med \u00f6ppen eld, \u00e4r varje m\u00f6jlig konstant tillf\u00f6rsel av luft. Bioeldstad kan ocks\u00e5 anv\u00e4ndas f\u00f6r aromaterapi. Biobr\u00e4nslen torkar inte luften utan fuktar den. Magin och charmen med bioeldstadsl\u00e5gan skapar en mysig atmosf\u00e4r i huset och \u00e4r en k\u00e4lla till avkoppling. V\u00e5rt biobr\u00e4nsle \u00e4r fr\u00e5n Polen och det \u00e4r 100 % ekologiskt.<\/p>\n<p>&nbsp;<\/p>\n<p>&nbsp;<\/p>\n<h5><strong>Anv\u00e4ndningsinstruktioner:<\/strong><\/h5>\n<ul>\n<li>\u2013 H\u00e4ll v\u00e4tskan i en metallbeh\u00e5llare f\u00f6r br\u00e4nning.<\/li>\n<li>\u2013 Beh\u00e5llaren kan endast fyllas till 2\/3 av sin volym.<\/li>\n<li>\u2013 Se till att v\u00e4tskan inte rinner ut ur beh\u00e5llaren och s\u00e4tt i brand.<\/li>\n<\/ul>\n<p><strong>OBS: Tills\u00e4tt inte biobr\u00e4nsle till en bioeldstad som \u00e4r ig\u00e5ng eller fortfarande het!<\/strong><\/p>","protected":false},"excerpt":{"rendered":"<p class=\"translation-block\">1 liter ekologisk bioetanol med <strong>\u00abRomance\u00bb arom<\/strong> f\u00f6r bioeldst\u00e4der. Den ungef\u00e4rliga f\u00f6rbr\u00e4nningstiden f\u00f6r 1 liter biobr\u00e4nsle \u00e4r cirka 2-5 timmar (beroende p\u00e5 storleken p\u00e5 bioeldstaden).<\/p>\n<p>&nbsp;<\/p>\n<p>Leveranstid: 10-20 dagar<\/p>\n<p>&nbsp;<\/p>\n<p>Du kan l\u00e4sa mer om produkten i dess beskrivning nedan.<\/p>","protected":false},"featured_media":3369,"template":"","meta":{"_monsterinsights_skip_tracking":false,"_monsterinsights_sitenote_active":false,"_monsterinsights_sitenote_note":"","_monsterinsights_sitenote_category":0},"product_brand":[],"product_cat":[52],"product_tag":[98,99],"class_list":{"0":"post-3368","1":"product","2":"type-product","3":"status-publish","4":"has-post-thumbnail","6":"product_cat-biofuel","7":"product_tag-bioethanol","8":"product_tag-biofuel","9":"product_shipping_class-delivery-in-a-parcel-small-items","11":"first","12":"instock","13":"taxable","14":"shipping-taxable","15":"purchasable","16":"product-type-simple"},"yoast_head":"<!-- This site is optimized with the Yoast SEO Premium plugin v24.1 (Yoast SEO v27.4) - https:\/\/yoast.com\/product\/yoast-seo-premium-wordpress\/ -->\n<title>Bioethanol \u00abRomance\u00bb 1L | SilverFlame<\/title>\n<meta name=\"description\" content=\"Bioethanol with &quot;Romance&quot; aroma is a special liquid for use in biofireplaces as an ecological source of energy. Derived from biological al...\" \/>\n<meta name=\"robots\" content=\"index, follow, max-snippet:-1, max-image-preview:large, max-video-preview:-1\" \/>\n<link rel=\"canonical\" href=\"https:\/\/www.silverflame.eu\/sv\/tuote\/bioethanol-romance-1l\/\" \/>\n<meta property=\"og:locale\" content=\"sv_SE\" \/>\n<meta property=\"og:type\" content=\"article\" \/>\n<meta property=\"og:title\" content=\"Bioethanol \u00abRomance\u00bb 1L\" \/>\n<meta property=\"og:description\" content=\"Bioethanol with &quot;Romance&quot; aroma is a special liquid for use in biofireplaces as an ecological source of energy. Derived from biological al...\" \/>\n<meta property=\"og:url\" content=\"https:\/\/www.silverflame.eu\/sv\/tuote\/bioethanol-romance-1l\/\" \/>\n<meta property=\"og:site_name\" content=\"SilverFlame\" \/>\n<meta property=\"article:publisher\" content=\"https:\/\/www.facebook.com\/SilverFlameEurope\" \/>\n<meta property=\"article:modified_time\" content=\"2024-02-12T09:42:34+00:00\" \/>\n<meta property=\"og:image\" content=\"https:\/\/www.silverflame.eu\/wp-content\/uploads\/2022\/05\/bioethanol-romance-1l-silverflame.png\" \/>\n\t<meta property=\"og:image:width\" content=\"600\" \/>\n\t<meta property=\"og:image:height\" content=\"600\" \/>\n\t<meta property=\"og:image:type\" content=\"image\/png\" \/>\n<meta name=\"twitter:card\" content=\"summary_large_image\" \/>\n<meta name=\"twitter:label1\" content=\"Ber\u00e4knad l\u00e4stid\" \/>\n\t<meta name=\"twitter:data1\" content=\"1 minut\" \/>\n<script type=\"application\/ld+json\" class=\"yoast-schema-graph\">{\"@context\":\"https:\\\/\\\/schema.org\",\"@graph\":[{\"@type\":\"WebPage\",\"@id\":\"https:\\\/\\\/www.silverflame.eu\\\/fi\\\/tuote\\\/bioethanol-romance-1l\\\/\",\"url\":\"https:\\\/\\\/www.silverflame.eu\\\/fi\\\/tuote\\\/bioethanol-romance-1l\\\/\",\"name\":\"Bioethanol \u00abRomance\u00bb 1L | SilverFlame\",\"isPartOf\":{\"@id\":\"https:\\\/\\\/www.silverflame.eu\\\/ru\\\/#website\"},\"primaryImageOfPage\":{\"@id\":\"https:\\\/\\\/www.silverflame.eu\\\/fi\\\/tuote\\\/bioethanol-romance-1l\\\/#primaryimage\"},\"image\":{\"@id\":\"https:\\\/\\\/www.silverflame.eu\\\/fi\\\/tuote\\\/bioethanol-romance-1l\\\/#primaryimage\"},\"thumbnailUrl\":\"https:\\\/\\\/www.silverflame.eu\\\/wp-content\\\/uploads\\\/2022\\\/05\\\/bioethanol-romance-1l-silverflame.png\",\"datePublished\":\"2022-05-13T00:04:32+00:00\",\"dateModified\":\"2024-02-12T09:42:34+00:00\",\"description\":\"Bioethanol with \\\"Romance\\\" aroma is a special liquid for use in biofireplaces as an ecological source of energy. Derived from biological al...\",\"breadcrumb\":{\"@id\":\"https:\\\/\\\/www.silverflame.eu\\\/fi\\\/tuote\\\/bioethanol-romance-1l\\\/#breadcrumb\"},\"inLanguage\":\"sv-SE\",\"potentialAction\":[{\"@type\":\"ReadAction\",\"target\":[\"https:\\\/\\\/www.silverflame.eu\\\/fi\\\/tuote\\\/bioethanol-romance-1l\\\/\"]}]},{\"@type\":\"ImageObject\",\"inLanguage\":\"sv-SE\",\"@id\":\"https:\\\/\\\/www.silverflame.eu\\\/fi\\\/tuote\\\/bioethanol-romance-1l\\\/#primaryimage\",\"url\":\"https:\\\/\\\/www.silverflame.eu\\\/wp-content\\\/uploads\\\/2022\\\/05\\\/bioethanol-romance-1l-silverflame.png\",\"contentUrl\":\"https:\\\/\\\/www.silverflame.eu\\\/wp-content\\\/uploads\\\/2022\\\/05\\\/bioethanol-romance-1l-silverflame.png\",\"width\":600,\"height\":600,\"caption\":\"bioethanol-romance-1l-silverflame\"},{\"@type\":\"BreadcrumbList\",\"@id\":\"https:\\\/\\\/www.silverflame.eu\\\/fi\\\/tuote\\\/bioethanol-romance-1l\\\/#breadcrumb\",\"itemListElement\":[{\"@type\":\"ListItem\",\"position\":1,\"name\":\"Home page\",\"item\":\"https:\\\/\\\/www.silverflame.eu\\\/ru\\\/\"},{\"@type\":\"ListItem\",\"position\":2,\"name\":\"Shop\",\"item\":\"https:\\\/\\\/www.silverflame.eu\\\/ru\\\/shop\\\/\"},{\"@type\":\"ListItem\",\"position\":3,\"name\":\"Bioethanol \u00abRomance\u00bb 1L\"}]},{\"@type\":\"WebSite\",\"@id\":\"https:\\\/\\\/www.silverflame.eu\\\/ru\\\/#website\",\"url\":\"https:\\\/\\\/www.silverflame.eu\\\/ru\\\/\",\"name\":\"SilverFlame\",\"description\":\"Biofireplaces | biokaminad | biotakat | bioeldst\u00e4der\",\"publisher\":{\"@id\":\"https:\\\/\\\/www.silverflame.eu\\\/ru\\\/#organization\"},\"potentialAction\":[{\"@type\":\"SearchAction\",\"target\":{\"@type\":\"EntryPoint\",\"urlTemplate\":\"https:\\\/\\\/www.silverflame.eu\\\/ru\\\/?s={search_term_string}\"},\"query-input\":{\"@type\":\"PropertyValueSpecification\",\"valueRequired\":true,\"valueName\":\"search_term_string\"}}],\"inLanguage\":\"sv-SE\"},{\"@type\":\"Organization\",\"@id\":\"https:\\\/\\\/www.silverflame.eu\\\/ru\\\/#organization\",\"name\":\"Silsev O\u00dc\",\"url\":\"https:\\\/\\\/www.silverflame.eu\\\/ru\\\/\",\"logo\":{\"@type\":\"ImageObject\",\"inLanguage\":\"sv-SE\",\"@id\":\"https:\\\/\\\/www.silverflame.eu\\\/ru\\\/#\\\/schema\\\/logo\\\/image\\\/\",\"url\":\"http:\\\/\\\/www.silverflame.eu\\\/wp-content\\\/uploads\\\/2021\\\/11\\\/SilverFlame_Biofireplaces-shop-in-EU_Big-logo.png\",\"contentUrl\":\"http:\\\/\\\/www.silverflame.eu\\\/wp-content\\\/uploads\\\/2021\\\/11\\\/SilverFlame_Biofireplaces-shop-in-EU_Big-logo.png\",\"width\":349,\"height\":478,\"caption\":\"Silsev O\u00dc\"},\"image\":{\"@id\":\"https:\\\/\\\/www.silverflame.eu\\\/ru\\\/#\\\/schema\\\/logo\\\/image\\\/\"},\"sameAs\":[\"https:\\\/\\\/www.facebook.com\\\/SilverFlameEurope\",\"https:\\\/\\\/www.instagram.com\\\/silverflame.eu\\\/\",\"https:\\\/\\\/www.youtube.com\\\/@SilverFlame-Biofireplaces\"],\"description\":\"Welcome to our online store, your one-stop destination for high-quality bioethanol fireplaces, gas heaters, infrared heaters, pop-up tents, patio umbrellas, and more. We specialize in delivering eco-friendly heating solutions and outdoor living products across Europe. Our selection is designed for comfort, style, and sustainability, ensuring that your home and outdoor spaces are both cozy and modern. Enjoy fast shipping, competitive prices, and exceptional customer service with every purchase.\",\"email\":\"info@silverflame.eu\",\"legalName\":\"Silsev O\u00dc\",\"publishingPrinciples\":\"https:\\\/\\\/www.silverflame.eu\\\/ru\\\/about-us\\\/\"}]}<\/script>\n<!-- \/ Yoast SEO Premium plugin. -->","yoast_head_json":{"title":"Bioetanol \u00abRomance\u00bb 1L | SilverFlame","description":"1 liter ekologisk bioetanol med \u00abRomance\u00bb arom f\u00f6r bioeldst\u00e4der. Den ungef\u00e4rliga f\u00f6rbr\u00e4nningstiden f\u00f6r 1 liter biobr\u00e4nsle \u00e4r cirka 2-5 timmar (beroende p\u00e5 storleken p\u00e5 bioeldstaden).","robots":{"index":"index","follow":"follow","max-snippet":"max-snippet:-1","max-image-preview":"max-image-preview:large","max-video-preview":"max-video-preview:-1"},"canonical":"https:\/\/www.silverflame.eu\/sv\/tuote\/bioethanol-romance-1l\/","og_locale":"sv_SE","og_type":"article","og_title":"Bioethanol \u00abRomance\u00bb 1L","og_description":"Bioethanol with \"Romance\" aroma is a special liquid for use in biofireplaces as an ecological source of energy. Derived from biological al...","og_url":"https:\/\/www.silverflame.eu\/sv\/tuote\/bioethanol-romance-1l\/","og_site_name":"SilverFlame","article_publisher":"https:\/\/www.facebook.com\/SilverFlameEurope","article_modified_time":"2024-02-12T09:42:34+00:00","og_image":[{"width":600,"height":600,"url":"https:\/\/www.silverflame.eu\/wp-content\/uploads\/2022\/05\/bioethanol-romance-1l-silverflame.png","type":"image\/png"}],"twitter_card":"summary_large_image","twitter_misc":{"Ber\u00e4knad l\u00e4stid":"1 minut"},"schema":{"@context":"https:\/\/schema.org","@graph":[{"@type":"WebPage","@id":"https:\/\/www.silverflame.eu\/fi\/tuote\/bioethanol-romance-1l\/","url":"https:\/\/www.silverflame.eu\/fi\/tuote\/bioethanol-romance-1l\/","name":"Bioetanol \u00abRomance\u00bb 1L | SilverFlame","isPartOf":{"@id":"https:\/\/www.silverflame.eu\/ru\/#website"},"primaryImageOfPage":{"@id":"https:\/\/www.silverflame.eu\/fi\/tuote\/bioethanol-romance-1l\/#primaryimage"},"image":{"@id":"https:\/\/www.silverflame.eu\/fi\/tuote\/bioethanol-romance-1l\/#primaryimage"},"thumbnailUrl":"https:\/\/www.silverflame.eu\/wp-content\/uploads\/2022\/05\/bioethanol-romance-1l-silverflame.png","datePublished":"2022-05-13T00:04:32+00:00","dateModified":"2024-02-12T09:42:34+00:00","description":"1 liter ekologisk bioetanol med \u00abRomance\u00bb arom f\u00f6r bioeldst\u00e4der. Den ungef\u00e4rliga f\u00f6rbr\u00e4nningstiden f\u00f6r 1 liter biobr\u00e4nsle \u00e4r cirka 2-5 timmar (beroende p\u00e5 storleken p\u00e5 bioeldstaden).","breadcrumb":{"@id":"https:\/\/www.silverflame.eu\/fi\/tuote\/bioethanol-romance-1l\/#breadcrumb"},"inLanguage":"sv-SE","potentialAction":[{"@type":"ReadAction","target":["https:\/\/www.silverflame.eu\/fi\/tuote\/bioethanol-romance-1l\/"]}]},{"@type":"ImageObject","inLanguage":"sv-SE","@id":"https:\/\/www.silverflame.eu\/fi\/tuote\/bioethanol-romance-1l\/#primaryimage","url":"https:\/\/www.silverflame.eu\/wp-content\/uploads\/2022\/05\/bioethanol-romance-1l-silverflame.png","contentUrl":"https:\/\/www.silverflame.eu\/wp-content\/uploads\/2022\/05\/bioethanol-romance-1l-silverflame.png","width":600,"height":600,"caption":"bioethanol-romance-1l-silverflame"},{"@type":"BreadcrumbList","@id":"https:\/\/www.silverflame.eu\/fi\/tuote\/bioethanol-romance-1l\/#breadcrumb","itemListElement":[{"@type":"ListItem","position":1,"name":"Home page","item":"https:\/\/www.silverflame.eu\/ru\/"},{"@type":"ListItem","position":2,"name":"Shop","item":"https:\/\/www.silverflame.eu\/ru\/shop\/"},{"@type":"ListItem","position":3,"name":"Bioethanol \u00abRomance\u00bb 1L"}]},{"@type":"WebSite","@id":"https:\/\/www.silverflame.eu\/ru\/#website","url":"https:\/\/www.silverflame.eu\/ru\/","name":"SilverFlame","description":"Biofireplaces | biokaminad | biotakat | bioeldst\u00e4der","publisher":{"@id":"https:\/\/www.silverflame.eu\/ru\/#organization"},"potentialAction":[{"@type":"SearchAction","target":{"@type":"EntryPoint","urlTemplate":"https:\/\/www.silverflame.eu\/ru\/?s={search_term_string}"},"query-input":{"@type":"PropertyValueSpecification","valueRequired":true,"valueName":"search_term_string"}}],"inLanguage":"sv-SE"},{"@type":"Organization","@id":"https:\/\/www.silverflame.eu\/ru\/#organization","name":"Silsev O\u00dc","url":"https:\/\/www.silverflame.eu\/ru\/","logo":{"@type":"ImageObject","inLanguage":"sv-SE","@id":"https:\/\/www.silverflame.eu\/ru\/#\/schema\/logo\/image\/","url":"http:\/\/www.silverflame.eu\/wp-content\/uploads\/2021\/11\/SilverFlame_Biofireplaces-shop-in-EU_Big-logo.png","contentUrl":"http:\/\/www.silverflame.eu\/wp-content\/uploads\/2021\/11\/SilverFlame_Biofireplaces-shop-in-EU_Big-logo.png","width":349,"height":478,"caption":"Silsev O\u00dc"},"image":{"@id":"https:\/\/www.silverflame.eu\/ru\/#\/schema\/logo\/image\/"},"sameAs":["https:\/\/www.facebook.com\/SilverFlameEurope","https:\/\/www.instagram.com\/silverflame.eu\/","https:\/\/www.youtube.com\/@SilverFlame-Biofireplaces"],"description":"Welcome to our online store, your one-stop destination for high-quality bioethanol fireplaces, gas heaters, infrared heaters, pop-up tents, patio umbrellas, and more. We specialize in delivering eco-friendly heating solutions and outdoor living products across Europe. Our selection is designed for comfort, style, and sustainability, ensuring that your home and outdoor spaces are both cozy and modern. Enjoy fast shipping, competitive prices, and exceptional customer service with every purchase.","email":"info@silverflame.eu","legalName":"Silsev O\u00dc","publishingPrinciples":"https:\/\/www.silverflame.eu\/ru\/about-us\/"}]}},"_links":{"self":[{"href":"https:\/\/www.silverflame.eu\/sv\/wp-json\/wp\/v2\/product\/3368","targetHints":{"allow":["GET"]}}],"collection":[{"href":"https:\/\/www.silverflame.eu\/sv\/wp-json\/wp\/v2\/product"}],"about":[{"href":"https:\/\/www.silverflame.eu\/sv\/wp-json\/wp\/v2\/types\/product"}],"wp:featuredmedia":[{"embeddable":true,"href":"https:\/\/www.silverflame.eu\/sv\/wp-json\/wp\/v2\/media\/3369"}],"wp:attachment":[{"href":"https:\/\/www.silverflame.eu\/sv\/wp-json\/wp\/v2\/media?parent=3368"}],"wp:term":[{"taxonomy":"product_brand","embeddable":true,"href":"https:\/\/www.silverflame.eu\/sv\/wp-json\/wp\/v2\/product_brand?post=3368"},{"taxonomy":"product_cat","embeddable":true,"href":"https:\/\/www.silverflame.eu\/sv\/wp-json\/wp\/v2\/product_cat?post=3368"},{"taxonomy":"product_tag","embeddable":true,"href":"https:\/\/www.silverflame.eu\/sv\/wp-json\/wp\/v2\/product_tag?post=3368"}],"curies":[{"name":"wp","href":"https:\/\/api.w.org\/{rel}","templated":true}]}}