{"id":3497,"date":"2022-06-06T23:05:57","date_gmt":"2022-06-06T20:05:57","guid":{"rendered":"http:\/\/www.silverflame.eu\/?post_type=product&#038;p=3497"},"modified":"2024-02-12T11:55:01","modified_gmt":"2024-02-12T09:55:01","slug":"glazing-november-quaerere","status":"publish","type":"product","link":"https:\/\/www.silverflame.eu\/sv\/produkt\/glazing-november-quaerere\/","title":{"rendered":"Glas f\u00f6r bioeldst\u00e4der \u00abNovember \/ Quaerere\u00bb"},"content":{"rendered":"","protected":false},"excerpt":{"rendered":"<h5><strong>Om produkten:<\/strong><\/h5>\n<p>Glasning f\u00f6r bioeldstad \u00ab<a href=\"http:\/\/www.silverflame.eu\/sv\/produkt\/biofireplace-november-black\/\">November<\/a> \/ <a href=\"http:\/\/www.silverflame.eu\/sv\/produkt\/biofireplace-quaerere-black\/\">Quaerere<\/a>\u00bb, vilket \u00f6kar s\u00e4kerheten vid anv\u00e4ndning, s\u00e4rskilt f\u00f6r barn och husdjur. Glaset kan enkelt tas bort och reng\u00f6ras vid behov.<\/p>\n<h5>______________________________<\/h5>\n<h5><strong>Satsen inneh\u00e5ller:<\/strong><\/h5>\n<p>\u2013 h\u00e4rdat glas (4 mm tjockt)<\/p>\n<p>\u2013 svart st\u00e5lbas f\u00f6r glas (svart pulverlackerad)<\/p>\n<p>Det finns ingen anledning att k\u00f6pa n\u00e5gon extra utrustning f\u00f6r glasinstallation.<\/p>\n<h5>______________________________<\/h5>\n<h5><strong>M\u00e5tt:<\/strong><\/h5>\n<p>H\u00f6jd \u2013 10,2 cm<\/p>\n<p>Bredd \u2013 73 cm<\/p>\n<p>Djup \u2013 17 cm<\/p>\n<h5>______________________________<\/h5>\n<h5><strong>Leveranstid: 10-20 dagar<\/strong><\/h5>","protected":false},"featured_media":3500,"template":"","meta":{"_monsterinsights_skip_tracking":false,"_monsterinsights_sitenote_active":false,"_monsterinsights_sitenote_note":"","_monsterinsights_sitenote_category":0},"product_brand":[],"product_cat":[61],"product_tag":[100],"class_list":{"0":"post-3497","1":"product","2":"type-product","3":"status-publish","4":"has-post-thumbnail","6":"product_cat-glazing","7":"product_tag-glazing","8":"product_shipping_class-delivery-in-a-parcel","9":"aux-has-gallery","11":"first","12":"instock","13":"taxable","14":"shipping-taxable","15":"purchasable","16":"product-type-simple"},"yoast_head":"<!-- This site is optimized with the Yoast SEO Premium plugin v24.1 (Yoast SEO v27.4) - https:\/\/yoast.com\/product\/yoast-seo-premium-wordpress\/ -->\n<title>Glazing for biofireplaces \u00abNovember \/ Quaerere\u00bb | SilverFlame<\/title>\n<meta name=\"description\" content=\"Glazing for biofireplaces \u00abNovember \/ Quaerere\u00bb, which increases the safety of use, especially for children and pets. The glazing can be ea...\" \/>\n<meta name=\"robots\" content=\"index, follow, max-snippet:-1, max-image-preview:large, max-video-preview:-1\" \/>\n<link rel=\"canonical\" href=\"https:\/\/www.silverflame.eu\/sv\/toode\/glazing-november-quaerere\/\" \/>\n<meta property=\"og:locale\" content=\"sv_SE\" \/>\n<meta property=\"og:type\" content=\"article\" \/>\n<meta property=\"og:title\" content=\"Glazing for biofireplaces \u00abNovember \/ Quaerere\u00bb\" \/>\n<meta property=\"og:description\" content=\"Glazing for biofireplaces \u00abNovember \/ Quaerere\u00bb, which increases the safety of use, especially for children and pets. The glazing can be ea...\" \/>\n<meta property=\"og:url\" content=\"https:\/\/www.silverflame.eu\/sv\/toode\/glazing-november-quaerere\/\" \/>\n<meta property=\"og:site_name\" content=\"SilverFlame\" \/>\n<meta property=\"article:publisher\" content=\"https:\/\/www.facebook.com\/SilverFlameEurope\" \/>\n<meta property=\"article:modified_time\" content=\"2024-02-12T09:55:01+00:00\" \/>\n<meta property=\"og:image\" content=\"https:\/\/www.silverflame.eu\/wp-content\/uploads\/2022\/06\/november-quaerere-glazing-silverflame.png\" \/>\n\t<meta property=\"og:image:width\" content=\"600\" \/>\n\t<meta property=\"og:image:height\" content=\"600\" \/>\n\t<meta property=\"og:image:type\" content=\"image\/png\" \/>\n<meta name=\"twitter:card\" content=\"summary_large_image\" \/>\n<script type=\"application\/ld+json\" class=\"yoast-schema-graph\">{\"@context\":\"https:\\\/\\\/schema.org\",\"@graph\":[{\"@type\":\"WebPage\",\"@id\":\"https:\\\/\\\/www.silverflame.eu\\\/et\\\/toode\\\/glazing-november-quaerere\\\/\",\"url\":\"https:\\\/\\\/www.silverflame.eu\\\/et\\\/toode\\\/glazing-november-quaerere\\\/\",\"name\":\"Glazing for biofireplaces \u00abNovember \\\/ Quaerere\u00bb | SilverFlame\",\"isPartOf\":{\"@id\":\"https:\\\/\\\/www.silverflame.eu\\\/ru\\\/#website\"},\"primaryImageOfPage\":{\"@id\":\"https:\\\/\\\/www.silverflame.eu\\\/et\\\/toode\\\/glazing-november-quaerere\\\/#primaryimage\"},\"image\":{\"@id\":\"https:\\\/\\\/www.silverflame.eu\\\/et\\\/toode\\\/glazing-november-quaerere\\\/#primaryimage\"},\"thumbnailUrl\":\"https:\\\/\\\/www.silverflame.eu\\\/wp-content\\\/uploads\\\/2022\\\/06\\\/november-quaerere-glazing-silverflame.png\",\"datePublished\":\"2022-06-06T20:05:57+00:00\",\"dateModified\":\"2024-02-12T09:55:01+00:00\",\"description\":\"Glazing for biofireplaces \u00abNovember \\\/ Quaerere\u00bb, which increases the safety of use, especially for children and pets. The glazing can be ea...\",\"breadcrumb\":{\"@id\":\"https:\\\/\\\/www.silverflame.eu\\\/et\\\/toode\\\/glazing-november-quaerere\\\/#breadcrumb\"},\"inLanguage\":\"sv-SE\",\"potentialAction\":[{\"@type\":\"ReadAction\",\"target\":[\"https:\\\/\\\/www.silverflame.eu\\\/et\\\/toode\\\/glazing-november-quaerere\\\/\"]}]},{\"@type\":\"ImageObject\",\"inLanguage\":\"sv-SE\",\"@id\":\"https:\\\/\\\/www.silverflame.eu\\\/et\\\/toode\\\/glazing-november-quaerere\\\/#primaryimage\",\"url\":\"https:\\\/\\\/www.silverflame.eu\\\/wp-content\\\/uploads\\\/2022\\\/06\\\/november-quaerere-glazing-silverflame.png\",\"contentUrl\":\"https:\\\/\\\/www.silverflame.eu\\\/wp-content\\\/uploads\\\/2022\\\/06\\\/november-quaerere-glazing-silverflame.png\",\"width\":600,\"height\":600,\"caption\":\"november-quaerere-glazing-silverflame\"},{\"@type\":\"BreadcrumbList\",\"@id\":\"https:\\\/\\\/www.silverflame.eu\\\/et\\\/toode\\\/glazing-november-quaerere\\\/#breadcrumb\",\"itemListElement\":[{\"@type\":\"ListItem\",\"position\":1,\"name\":\"Home page\",\"item\":\"https:\\\/\\\/www.silverflame.eu\\\/ru\\\/\"},{\"@type\":\"ListItem\",\"position\":2,\"name\":\"Shop\",\"item\":\"https:\\\/\\\/www.silverflame.eu\\\/ru\\\/shop\\\/\"},{\"@type\":\"ListItem\",\"position\":3,\"name\":\"Glazing for biofireplaces \u00abNovember \\\/ Quaerere\u00bb\"}]},{\"@type\":\"WebSite\",\"@id\":\"https:\\\/\\\/www.silverflame.eu\\\/ru\\\/#website\",\"url\":\"https:\\\/\\\/www.silverflame.eu\\\/ru\\\/\",\"name\":\"SilverFlame\",\"description\":\"Biofireplaces | biokaminad | biotakat | bioeldst\u00e4der\",\"publisher\":{\"@id\":\"https:\\\/\\\/www.silverflame.eu\\\/ru\\\/#organization\"},\"potentialAction\":[{\"@type\":\"SearchAction\",\"target\":{\"@type\":\"EntryPoint\",\"urlTemplate\":\"https:\\\/\\\/www.silverflame.eu\\\/ru\\\/?s={search_term_string}\"},\"query-input\":{\"@type\":\"PropertyValueSpecification\",\"valueRequired\":true,\"valueName\":\"search_term_string\"}}],\"inLanguage\":\"sv-SE\"},{\"@type\":\"Organization\",\"@id\":\"https:\\\/\\\/www.silverflame.eu\\\/ru\\\/#organization\",\"name\":\"Silsev O\u00dc\",\"url\":\"https:\\\/\\\/www.silverflame.eu\\\/ru\\\/\",\"logo\":{\"@type\":\"ImageObject\",\"inLanguage\":\"sv-SE\",\"@id\":\"https:\\\/\\\/www.silverflame.eu\\\/ru\\\/#\\\/schema\\\/logo\\\/image\\\/\",\"url\":\"http:\\\/\\\/www.silverflame.eu\\\/wp-content\\\/uploads\\\/2021\\\/11\\\/SilverFlame_Biofireplaces-shop-in-EU_Big-logo.png\",\"contentUrl\":\"http:\\\/\\\/www.silverflame.eu\\\/wp-content\\\/uploads\\\/2021\\\/11\\\/SilverFlame_Biofireplaces-shop-in-EU_Big-logo.png\",\"width\":349,\"height\":478,\"caption\":\"Silsev O\u00dc\"},\"image\":{\"@id\":\"https:\\\/\\\/www.silverflame.eu\\\/ru\\\/#\\\/schema\\\/logo\\\/image\\\/\"},\"sameAs\":[\"https:\\\/\\\/www.facebook.com\\\/SilverFlameEurope\",\"https:\\\/\\\/www.instagram.com\\\/silverflame.eu\\\/\",\"https:\\\/\\\/www.youtube.com\\\/@SilverFlame-Biofireplaces\"],\"description\":\"Welcome to our online store, your one-stop destination for high-quality bioethanol fireplaces, gas heaters, infrared heaters, pop-up tents, patio umbrellas, and more. We specialize in delivering eco-friendly heating solutions and outdoor living products across Europe. Our selection is designed for comfort, style, and sustainability, ensuring that your home and outdoor spaces are both cozy and modern. Enjoy fast shipping, competitive prices, and exceptional customer service with every purchase.\",\"email\":\"info@silverflame.eu\",\"legalName\":\"Silsev O\u00dc\",\"publishingPrinciples\":\"https:\\\/\\\/www.silverflame.eu\\\/ru\\\/about-us\\\/\"}]}<\/script>\n<!-- \/ Yoast SEO Premium plugin. -->","yoast_head_json":{"title":"Glazing for biofireplaces \u00abNovember \/ Quaerere\u00bb | SilverFlame","description":"Glazing for biofireplaces \u00abNovember \/ Quaerere\u00bb, which increases the safety of use, especially for children and pets. The glazing can be ea...","robots":{"index":"index","follow":"follow","max-snippet":"max-snippet:-1","max-image-preview":"max-image-preview:large","max-video-preview":"max-video-preview:-1"},"canonical":"https:\/\/www.silverflame.eu\/sv\/toode\/glazing-november-quaerere\/","og_locale":"sv_SE","og_type":"article","og_title":"Glazing for biofireplaces \u00abNovember \/ Quaerere\u00bb","og_description":"Glazing for biofireplaces \u00abNovember \/ Quaerere\u00bb, which increases the safety of use, especially for children and pets. The glazing can be ea...","og_url":"https:\/\/www.silverflame.eu\/sv\/toode\/glazing-november-quaerere\/","og_site_name":"SilverFlame","article_publisher":"https:\/\/www.facebook.com\/SilverFlameEurope","article_modified_time":"2024-02-12T09:55:01+00:00","og_image":[{"width":600,"height":600,"url":"https:\/\/www.silverflame.eu\/wp-content\/uploads\/2022\/06\/november-quaerere-glazing-silverflame.png","type":"image\/png"}],"twitter_card":"summary_large_image","schema":{"@context":"https:\/\/schema.org","@graph":[{"@type":"WebPage","@id":"https:\/\/www.silverflame.eu\/et\/toode\/glazing-november-quaerere\/","url":"https:\/\/www.silverflame.eu\/et\/toode\/glazing-november-quaerere\/","name":"Glazing for biofireplaces \u00abNovember \/ Quaerere\u00bb | SilverFlame","isPartOf":{"@id":"https:\/\/www.silverflame.eu\/ru\/#website"},"primaryImageOfPage":{"@id":"https:\/\/www.silverflame.eu\/et\/toode\/glazing-november-quaerere\/#primaryimage"},"image":{"@id":"https:\/\/www.silverflame.eu\/et\/toode\/glazing-november-quaerere\/#primaryimage"},"thumbnailUrl":"https:\/\/www.silverflame.eu\/wp-content\/uploads\/2022\/06\/november-quaerere-glazing-silverflame.png","datePublished":"2022-06-06T20:05:57+00:00","dateModified":"2024-02-12T09:55:01+00:00","description":"Glazing for biofireplaces \u00abNovember \/ Quaerere\u00bb, which increases the safety of use, especially for children and pets. The glazing can be ea...","breadcrumb":{"@id":"https:\/\/www.silverflame.eu\/et\/toode\/glazing-november-quaerere\/#breadcrumb"},"inLanguage":"sv-SE","potentialAction":[{"@type":"ReadAction","target":["https:\/\/www.silverflame.eu\/et\/toode\/glazing-november-quaerere\/"]}]},{"@type":"ImageObject","inLanguage":"sv-SE","@id":"https:\/\/www.silverflame.eu\/et\/toode\/glazing-november-quaerere\/#primaryimage","url":"https:\/\/www.silverflame.eu\/wp-content\/uploads\/2022\/06\/november-quaerere-glazing-silverflame.png","contentUrl":"https:\/\/www.silverflame.eu\/wp-content\/uploads\/2022\/06\/november-quaerere-glazing-silverflame.png","width":600,"height":600,"caption":"november-quaerere-glazing-silverflame"},{"@type":"BreadcrumbList","@id":"https:\/\/www.silverflame.eu\/et\/toode\/glazing-november-quaerere\/#breadcrumb","itemListElement":[{"@type":"ListItem","position":1,"name":"Home page","item":"https:\/\/www.silverflame.eu\/ru\/"},{"@type":"ListItem","position":2,"name":"Shop","item":"https:\/\/www.silverflame.eu\/ru\/shop\/"},{"@type":"ListItem","position":3,"name":"Glazing for biofireplaces \u00abNovember \/ Quaerere\u00bb"}]},{"@type":"WebSite","@id":"https:\/\/www.silverflame.eu\/ru\/#website","url":"https:\/\/www.silverflame.eu\/ru\/","name":"SilverFlame","description":"Biofireplaces | biokaminad | biotakat | bioeldst\u00e4der","publisher":{"@id":"https:\/\/www.silverflame.eu\/ru\/#organization"},"potentialAction":[{"@type":"SearchAction","target":{"@type":"EntryPoint","urlTemplate":"https:\/\/www.silverflame.eu\/ru\/?s={search_term_string}"},"query-input":{"@type":"PropertyValueSpecification","valueRequired":true,"valueName":"search_term_string"}}],"inLanguage":"sv-SE"},{"@type":"Organization","@id":"https:\/\/www.silverflame.eu\/ru\/#organization","name":"Silsev O\u00dc","url":"https:\/\/www.silverflame.eu\/ru\/","logo":{"@type":"ImageObject","inLanguage":"sv-SE","@id":"https:\/\/www.silverflame.eu\/ru\/#\/schema\/logo\/image\/","url":"http:\/\/www.silverflame.eu\/wp-content\/uploads\/2021\/11\/SilverFlame_Biofireplaces-shop-in-EU_Big-logo.png","contentUrl":"http:\/\/www.silverflame.eu\/wp-content\/uploads\/2021\/11\/SilverFlame_Biofireplaces-shop-in-EU_Big-logo.png","width":349,"height":478,"caption":"Silsev O\u00dc"},"image":{"@id":"https:\/\/www.silverflame.eu\/ru\/#\/schema\/logo\/image\/"},"sameAs":["https:\/\/www.facebook.com\/SilverFlameEurope","https:\/\/www.instagram.com\/silverflame.eu\/","https:\/\/www.youtube.com\/@SilverFlame-Biofireplaces"],"description":"Welcome to our online store, your one-stop destination for high-quality bioethanol fireplaces, gas heaters, infrared heaters, pop-up tents, patio umbrellas, and more. We specialize in delivering eco-friendly heating solutions and outdoor living products across Europe. Our selection is designed for comfort, style, and sustainability, ensuring that your home and outdoor spaces are both cozy and modern. Enjoy fast shipping, competitive prices, and exceptional customer service with every purchase.","email":"info@silverflame.eu","legalName":"Silsev O\u00dc","publishingPrinciples":"https:\/\/www.silverflame.eu\/ru\/about-us\/"}]}},"_links":{"self":[{"href":"https:\/\/www.silverflame.eu\/sv\/wp-json\/wp\/v2\/product\/3497","targetHints":{"allow":["GET"]}}],"collection":[{"href":"https:\/\/www.silverflame.eu\/sv\/wp-json\/wp\/v2\/product"}],"about":[{"href":"https:\/\/www.silverflame.eu\/sv\/wp-json\/wp\/v2\/types\/product"}],"wp:featuredmedia":[{"embeddable":true,"href":"https:\/\/www.silverflame.eu\/sv\/wp-json\/wp\/v2\/media\/3500"}],"wp:attachment":[{"href":"https:\/\/www.silverflame.eu\/sv\/wp-json\/wp\/v2\/media?parent=3497"}],"wp:term":[{"taxonomy":"product_brand","embeddable":true,"href":"https:\/\/www.silverflame.eu\/sv\/wp-json\/wp\/v2\/product_brand?post=3497"},{"taxonomy":"product_cat","embeddable":true,"href":"https:\/\/www.silverflame.eu\/sv\/wp-json\/wp\/v2\/product_cat?post=3497"},{"taxonomy":"product_tag","embeddable":true,"href":"https:\/\/www.silverflame.eu\/sv\/wp-json\/wp\/v2\/product_tag?post=3497"}],"curies":[{"name":"wp","href":"https:\/\/api.w.org\/{rel}","templated":true}]}}