{"id":4144,"date":"2022-10-17T23:55:52","date_gmt":"2022-10-17T20:55:52","guid":{"rendered":"http:\/\/www.silverflame.eu\/?post_type=product&#038;p=4144"},"modified":"2026-01-15T07:46:04","modified_gmt":"2026-01-15T05:46:04","slug":"wall-unit-fly-m3-with-biofireplace","status":"publish","type":"product","link":"https:\/\/www.silverflame.eu\/sv\/produkt\/wall-unit-fly-m3-with-biofireplace\/","title":{"rendered":"V\u00e4ggsk\u00e5p \u00abFly M3\u00bb med bioeldstad"},"content":{"rendered":"<h5><strong>Om produkten:<\/strong><\/h5>\n<p><strong>V\u00e4ggsk\u00e5p \u00abFly M3\u00bb med bioeldstad<\/strong>: M\u00f6bler med bioeldstad \u00e4r ett nytt ord i design- och inredningsv\u00e4rlden! Det kommer inte bara att l\u00e4gga till elegans och unikhet till ditt rum, utan ocks\u00e5 skapa en mysig atmosf\u00e4r p\u00e5 grund av den levande l\u00e5gan fr\u00e5n en bioeldstad.<\/p>\n<p>&nbsp;<\/p>\n<p>2x V\u00e4ggsk\u00e5p med 1 glasd\u00f6rr (3 glashyllor inuti). Led-belysning ing\u00e5r. \"Push-click\" \u00f6ppningssystem \u2013 (HxBxD: <strong>170x40x29<\/strong>)<br \/>\n1 x TV-b\u00e4nk: till v\u00e4nster och h\u00f6ger ett sk\u00e5p med en kammare inuti. I mitten bioeldstad. \"Push-click\" \u00f6ppningssystem \u2013 (HxBxD: <strong>40x160x40<\/strong>)<br \/>\n2x V\u00e4gghyllor i setet \u2013 (HxBxD: <strong>20&#215;100-120&#215;20<\/strong>)<\/p>\n<p>&nbsp;<\/p>\n<p>Construction of body: <strong>LAMINATED FURNITURE BOARD<\/strong><br \/>\nBody design: <strong>MATT<\/strong><\/p>\n<p>Construction of fronts: <strong>MDF, PVC FOIL, GLASS, BIOFIREPLACE<\/strong><br \/>\nFront design: <strong>GLANS<\/strong><\/p>\n<h5><\/h5>\n<h5><strong>M\u00e5tt och vikt p\u00e5 paket:<br \/>\n<\/strong><\/h5>\n<p>V\u00e4ggsk\u00e5p \u00abFly M3\u00bb med bioeldstad: <strong>5 paket<\/strong><\/p>\n<ul>\n<li><strong>\u2013 Paket 1:<\/strong> 185\/43\/8 &#8211; 31kg<\/li>\n<li><strong>\u2013 Paket 2:<\/strong> 185\/43\/8 &#8211; 31kg<\/li>\n<li><strong>\u2013 Paket 3:<\/strong> 95\/40\/14 &#8211; 27kg<\/li>\n<li><strong>\u2013 Paket 4: <\/strong>95\/43\/14 &#8211; 12,5kg<\/li>\n<li><strong>\u2013 Paket 5: <\/strong>112\/23\/9 &#8211; 9kg<\/li>\n<\/ul>\n<p>&nbsp;<\/p>\n<h5><strong>Ekologisk v\u00e4rme:<\/strong><\/h5>\n<p class=\"data-item-hidden\">Vi handlar alla om ekologi! Genom att k\u00f6pa v\u00e5r bioeldstad bryr du dig om milj\u00f6n. Du bidrar inte till att det bildas smog. Allt detta beror p\u00e5 det faktum att produkterna fr\u00e5n biobr\u00e4nslef\u00f6rbr\u00e4nning endast \u00e4r: v\u00e4rme, vatten\u00e5nga och en f\u00f6rsumbar m\u00e4ngd koldioxid (som i luften som andas ut av oss).<\/p>\n<p>Bioeldstad h\u00f6jer temperaturen upp till flera grader Celsius, beroende p\u00e5 h\u00f6jden p\u00e5 l\u00e5gan och storleken p\u00e5 insidan. 100 % genererad v\u00e4rme f\u00f6rs vidare till rummet, tack vare vilken bioeldstaden kan vara en extra v\u00e4rmek\u00e4lla!<\/p>\n<h5><\/h5>\n<h5><strong>OBS!<\/strong><\/h5>\n<ul>\n<li>Vid f\u00f6rbr\u00e4nning och efter sl\u00e4ckning \u00e4r biobeh\u00e5llaren v\u00e4ldigt varm, r\u00f6r den inte!<\/li>\n<li>Tills\u00e4tt inte biobr\u00e4nsle till en bioeldstad som \u00e4r ig\u00e5ng eller fortfarande het!<\/li>\n<\/ul>\n<p>&nbsp;<\/p>\n<h5><strong>Tillbeh\u00f6r:<\/strong><\/h5>\n<p class=\"translation-block\">Du kan ocks\u00e5 v\u00e4lja n\u00e5gra eleganta och snygga tillbeh\u00f6r som g\u00f6r din bioeldstad \u00e4nnu mer attraktiv.<a href=\"http:\/\/www.silverflame.eu\/sv\/produkt-kategori\/accessories\/\" target=\"_self\"> Se alla tillbeh\u00f6r.<\/a><\/p>\n<p>&nbsp;<\/p>\n<p>Du kanske ocks\u00e5 vill kolla in <a href=\"http:\/\/www.silverflame.eu\/sv\/produkt\/wall-unit-fly-m2-with-biofireplace\/\">V\u00e4ggsk\u00e5p \u00abFly M2\u00bb med bioeldstad<\/a> \/ <a href=\"http:\/\/www.silverflame.eu\/sv\/produkt\/wall-unit-fly-m1-with-biofireplace\/\">V\u00e4ggsk\u00e5p \u00abFly M1\u00bb med bioeldstad<\/a><\/p>\n<p>&nbsp;<\/p>\n<p>&nbsp;<\/p>\n<p><strong><em>L\u00e4s fler intressanta fakta om v\u00e5ra produkter p\u00e5 v\u00e5r <a href=\"http:\/\/www.silverflame.eu\/sv\/blog\/\">blogg!<\/a><\/em><\/strong><\/p>","protected":false},"excerpt":{"rendered":"<table style=\"font-weight: 400;\" data-tablestyle=\"MsoTableGrid\" data-tablelook=\"1696\" aria-rowcount=\"7\">\n<tbody>\n<tr aria-rowindex=\"1\">\n<td data-celllook=\"0\"><span data-contrast=\"auto\">Vikt NETTO (kg)<\/span><span data-ccp-props=\"{&quot;201341983&quot;:0,&quot;335559740&quot;:259}\">\u00a0<\/span><\/td>\n<td data-celllook=\"0\"><span data-contrast=\"none\">107,185<\/span><span data-ccp-props=\"{&quot;201341983&quot;:0,&quot;335559740&quot;:259}\">\u00a0<\/span><\/td>\n<\/tr>\n<tr aria-rowindex=\"2\">\n<td data-celllook=\"0\"><span data-contrast=\"auto\">Kartongvikt (kg)<\/span><span data-ccp-props=\"{&quot;201341983&quot;:0,&quot;335559740&quot;:259}\">\u00a0<\/span><\/td>\n<td data-celllook=\"0\"><span data-contrast=\"auto\">3,315<\/span><\/td>\n<\/tr>\n<tr aria-rowindex=\"3\">\n<td data-celllook=\"0\"><span data-contrast=\"auto\">H\u00f6jd (cm)\u00a0<\/span><span data-ccp-props=\"{&quot;201341983&quot;:0,&quot;335559740&quot;:259}\">\u00a0<\/span><\/td>\n<td data-celllook=\"0\"><span data-contrast=\"auto\">170<\/span><span data-ccp-props=\"{&quot;201341983&quot;:0,&quot;335559740&quot;:259}\">\u00a0<\/span><\/td>\n<\/tr>\n<tr aria-rowindex=\"4\">\n<td data-celllook=\"0\"><span data-contrast=\"auto\">Bredd (cm)\u00a0<\/span><span data-ccp-props=\"{&quot;201341983&quot;:0,&quot;335559740&quot;:259}\">\u00a0<\/span><\/td>\n<td data-celllook=\"0\"><span data-contrast=\"auto\">~260<\/span><span data-ccp-props=\"{&quot;201341983&quot;:0,&quot;335559740&quot;:259}\">\u00a0<\/span><\/td>\n<\/tr>\n<tr aria-rowindex=\"5\">\n<td data-celllook=\"0\"><span data-contrast=\"auto\">Djup (cm)\u00a0<\/span><span data-ccp-props=\"{&quot;201341983&quot;:0,&quot;335559740&quot;:259}\">\u00a0<\/span><\/td>\n<td data-celllook=\"0\"><span data-contrast=\"auto\">40<\/span><span data-ccp-props=\"{&quot;201341983&quot;:0,&quot;335559740&quot;:259}\">\u00a0<\/span><\/td>\n<\/tr>\n<tr aria-rowindex=\"6\">\n<td data-celllook=\"0\"><span data-contrast=\"auto\">Antal paket\u00a0(st)<\/span><span data-ccp-props=\"{&quot;201341983&quot;:0,&quot;335559740&quot;:259}\">\u00a0<\/span><\/td>\n<td data-celllook=\"0\"><span data-contrast=\"auto\">5<\/span><span data-ccp-props=\"{&quot;201341983&quot;:0,&quot;335559740&quot;:259}\">\u00a0<\/span><\/td>\n<\/tr>\n<tr aria-rowindex=\"7\">\n<td data-celllook=\"0\"><span data-contrast=\"auto\">Leveranstid<\/span><span data-ccp-props=\"{&quot;201341983&quot;:0,&quot;335559740&quot;:259}\">\u00a0<\/span><\/td>\n<td data-celllook=\"0\"><span data-ccp-props=\"{&quot;201341983&quot;:0,&quot;335559740&quot;:259}\">10-20 dagar <\/span><\/td>\n<\/tr>\n<\/tbody>\n<\/table>","protected":false},"featured_media":4150,"template":"","meta":{"_monsterinsights_skip_tracking":false,"_monsterinsights_sitenote_active":false,"_monsterinsights_sitenote_note":"","_monsterinsights_sitenote_category":0},"product_brand":[],"product_cat":[121],"product_tag":[54,127],"class_list":{"0":"post-4144","1":"product","2":"type-product","3":"status-publish","4":"has-post-thumbnail","6":"product_cat-furniture-with-biofireplaces","7":"product_tag-biofireplace","8":"product_tag-furniture","9":"product_shipping_class-wall-unit-fly-m","10":"pa_color-black-color","11":"pa_color-black-white","12":"pa_color-white-color","13":"pa_color-white-black","14":"pa_glass-included","15":"pa_place-of-production-made-in-europe","16":"aux-has-gallery","18":"first","19":"instock","20":"taxable","21":"shipping-taxable","22":"purchasable","23":"product-type-variable"},"yoast_head":"<!-- This site is optimized with the Yoast SEO Premium plugin v24.1 (Yoast SEO v27.3) - https:\/\/yoast.com\/product\/yoast-seo-premium-wordpress\/ -->\n<title>Wall unit \u00abFly M3\u00bb with biofireplace | SilverFlame<\/title>\n<meta name=\"description\" content=\"Wall unit \u00abFly M3\u00bb with biofireplace will not only add elegance and uniqueness to your room, but also create a cozy atmosphere due to the live flame of b...\" \/>\n<meta name=\"robots\" content=\"index, follow, max-snippet:-1, max-image-preview:large, max-video-preview:-1\" \/>\n<link rel=\"canonical\" href=\"https:\/\/www.silverflame.eu\/sv\/produkt\/wall-unit-fly-m3-with-biofireplace\/\" \/>\n<meta property=\"og:locale\" content=\"sv_SE\" \/>\n<meta property=\"og:type\" content=\"article\" \/>\n<meta property=\"og:title\" content=\"Wall unit \u00abFly M3\u00bb with biofireplace\" \/>\n<meta property=\"og:description\" content=\"Wall unit \u00abFly M3\u00bb with biofireplace will not only add elegance and uniqueness to your room, but also create a cozy atmosphere due to the live flame of b...\" \/>\n<meta property=\"og:url\" content=\"https:\/\/www.silverflame.eu\/sv\/produkt\/wall-unit-fly-m3-with-biofireplace\/\" \/>\n<meta property=\"og:site_name\" content=\"SilverFlame\" \/>\n<meta property=\"article:publisher\" content=\"https:\/\/www.facebook.com\/SilverFlameEurope\" \/>\n<meta property=\"article:modified_time\" content=\"2026-01-15T05:46:04+00:00\" \/>\n<meta property=\"og:image\" content=\"https:\/\/www.silverflame.eu\/wp-content\/uploads\/2022\/10\/wall-unit-fly-m3-ww.png\" \/>\n\t<meta property=\"og:image:width\" content=\"844\" \/>\n\t<meta property=\"og:image:height\" content=\"848\" \/>\n\t<meta property=\"og:image:type\" content=\"image\/png\" \/>\n<meta name=\"twitter:card\" content=\"summary_large_image\" \/>\n<meta name=\"twitter:label1\" content=\"Ber\u00e4knad l\u00e4stid\" \/>\n\t<meta name=\"twitter:data1\" content=\"2 minuter\" \/>\n<script type=\"application\/ld+json\" class=\"yoast-schema-graph\">{\"@context\":\"https:\\\/\\\/schema.org\",\"@graph\":[{\"@type\":\"WebPage\",\"@id\":\"https:\\\/\\\/www.silverflame.eu\\\/product\\\/wall-unit-fly-m3-with-biofireplace\\\/\",\"url\":\"https:\\\/\\\/www.silverflame.eu\\\/product\\\/wall-unit-fly-m3-with-biofireplace\\\/\",\"name\":\"Wall unit \u00abFly M3\u00bb with biofireplace | SilverFlame\",\"isPartOf\":{\"@id\":\"https:\\\/\\\/www.silverflame.eu\\\/ru\\\/#website\"},\"primaryImageOfPage\":{\"@id\":\"https:\\\/\\\/www.silverflame.eu\\\/product\\\/wall-unit-fly-m3-with-biofireplace\\\/#primaryimage\"},\"image\":{\"@id\":\"https:\\\/\\\/www.silverflame.eu\\\/product\\\/wall-unit-fly-m3-with-biofireplace\\\/#primaryimage\"},\"thumbnailUrl\":\"https:\\\/\\\/www.silverflame.eu\\\/wp-content\\\/uploads\\\/2022\\\/10\\\/wall-unit-fly-m3-ww.png\",\"datePublished\":\"2022-10-17T20:55:52+00:00\",\"dateModified\":\"2026-01-15T05:46:04+00:00\",\"description\":\"Wall unit \u00abFly M3\u00bb with biofireplace will not only add elegance and uniqueness to your room, but also create a cozy atmosphere due to the live flame of b...\",\"breadcrumb\":{\"@id\":\"https:\\\/\\\/www.silverflame.eu\\\/product\\\/wall-unit-fly-m3-with-biofireplace\\\/#breadcrumb\"},\"inLanguage\":\"sv-SE\",\"potentialAction\":[{\"@type\":\"ReadAction\",\"target\":[\"https:\\\/\\\/www.silverflame.eu\\\/product\\\/wall-unit-fly-m3-with-biofireplace\\\/\"]}]},{\"@type\":\"ImageObject\",\"inLanguage\":\"sv-SE\",\"@id\":\"https:\\\/\\\/www.silverflame.eu\\\/product\\\/wall-unit-fly-m3-with-biofireplace\\\/#primaryimage\",\"url\":\"https:\\\/\\\/www.silverflame.eu\\\/wp-content\\\/uploads\\\/2022\\\/10\\\/wall-unit-fly-m3-ww.png\",\"contentUrl\":\"https:\\\/\\\/www.silverflame.eu\\\/wp-content\\\/uploads\\\/2022\\\/10\\\/wall-unit-fly-m3-ww.png\",\"width\":844,\"height\":848,\"caption\":\"Wall unit \u00abFly M3\u00bb with biofireplace-ww\"},{\"@type\":\"BreadcrumbList\",\"@id\":\"https:\\\/\\\/www.silverflame.eu\\\/product\\\/wall-unit-fly-m3-with-biofireplace\\\/#breadcrumb\",\"itemListElement\":[{\"@type\":\"ListItem\",\"position\":1,\"name\":\"Home page\",\"item\":\"https:\\\/\\\/www.silverflame.eu\\\/ru\\\/\"},{\"@type\":\"ListItem\",\"position\":2,\"name\":\"Shop\",\"item\":\"https:\\\/\\\/www.silverflame.eu\\\/ru\\\/shop\\\/\"},{\"@type\":\"ListItem\",\"position\":3,\"name\":\"Wall unit \u00abFly M3\u00bb with biofireplace\"}]},{\"@type\":\"WebSite\",\"@id\":\"https:\\\/\\\/www.silverflame.eu\\\/ru\\\/#website\",\"url\":\"https:\\\/\\\/www.silverflame.eu\\\/ru\\\/\",\"name\":\"SilverFlame\",\"description\":\"Biofireplaces | biokaminad | biotakat | bioeldst\u00e4der\",\"publisher\":{\"@id\":\"https:\\\/\\\/www.silverflame.eu\\\/ru\\\/#organization\"},\"potentialAction\":[{\"@type\":\"SearchAction\",\"target\":{\"@type\":\"EntryPoint\",\"urlTemplate\":\"https:\\\/\\\/www.silverflame.eu\\\/ru\\\/?s={search_term_string}\"},\"query-input\":{\"@type\":\"PropertyValueSpecification\",\"valueRequired\":true,\"valueName\":\"search_term_string\"}}],\"inLanguage\":\"sv-SE\"},{\"@type\":\"Organization\",\"@id\":\"https:\\\/\\\/www.silverflame.eu\\\/ru\\\/#organization\",\"name\":\"Silsev O\u00dc\",\"url\":\"https:\\\/\\\/www.silverflame.eu\\\/ru\\\/\",\"logo\":{\"@type\":\"ImageObject\",\"inLanguage\":\"sv-SE\",\"@id\":\"https:\\\/\\\/www.silverflame.eu\\\/ru\\\/#\\\/schema\\\/logo\\\/image\\\/\",\"url\":\"http:\\\/\\\/www.silverflame.eu\\\/wp-content\\\/uploads\\\/2021\\\/11\\\/SilverFlame_Biofireplaces-shop-in-EU_Big-logo.png\",\"contentUrl\":\"http:\\\/\\\/www.silverflame.eu\\\/wp-content\\\/uploads\\\/2021\\\/11\\\/SilverFlame_Biofireplaces-shop-in-EU_Big-logo.png\",\"width\":349,\"height\":478,\"caption\":\"Silsev O\u00dc\"},\"image\":{\"@id\":\"https:\\\/\\\/www.silverflame.eu\\\/ru\\\/#\\\/schema\\\/logo\\\/image\\\/\"},\"sameAs\":[\"https:\\\/\\\/www.facebook.com\\\/SilverFlameEurope\",\"https:\\\/\\\/www.instagram.com\\\/silverflame.eu\\\/\",\"https:\\\/\\\/www.youtube.com\\\/@SilverFlame-Biofireplaces\"],\"description\":\"Welcome to our online store, your one-stop destination for high-quality bioethanol fireplaces, gas heaters, infrared heaters, pop-up tents, patio umbrellas, and more. We specialize in delivering eco-friendly heating solutions and outdoor living products across Europe. Our selection is designed for comfort, style, and sustainability, ensuring that your home and outdoor spaces are both cozy and modern. Enjoy fast shipping, competitive prices, and exceptional customer service with every purchase.\",\"email\":\"info@silverflame.eu\",\"legalName\":\"Silsev O\u00dc\",\"publishingPrinciples\":\"https:\\\/\\\/www.silverflame.eu\\\/ru\\\/about-us\\\/\"}]}<\/script>\n<!-- \/ Yoast SEO Premium plugin. -->","yoast_head_json":{"title":"V\u00e4ggsk\u00e5p \u00abFly M3\u00bb med bioeldstad | SilverFlame","description":"V\u00e4ggsk\u00e5p \u00abFly M3\u00bb med bioeldstad: M\u00f6bler med bioeldstad \u00e4r ett nytt ord i design- och inredningsv\u00e4rlden! Det kommer inte bara att l\u00e4gga till elegans och unikhet till ditt rum, utan ocks\u00e5 skapa en mysig atmosf\u00e4r p\u00e5 grund av den levande l\u00e5gan fr\u00e5n en bioeldstad.","robots":{"index":"index","follow":"follow","max-snippet":"max-snippet:-1","max-image-preview":"max-image-preview:large","max-video-preview":"max-video-preview:-1"},"canonical":"https:\/\/www.silverflame.eu\/sv\/produkt\/wall-unit-fly-m3-with-biofireplace\/","og_locale":"sv_SE","og_type":"article","og_title":"Wall unit \u00abFly M3\u00bb with biofireplace","og_description":"Wall unit \u00abFly M3\u00bb with biofireplace will not only add elegance and uniqueness to your room, but also create a cozy atmosphere due to the live flame of b...","og_url":"https:\/\/www.silverflame.eu\/sv\/produkt\/wall-unit-fly-m3-with-biofireplace\/","og_site_name":"SilverFlame","article_publisher":"https:\/\/www.facebook.com\/SilverFlameEurope","article_modified_time":"2026-01-15T05:46:04+00:00","og_image":[{"width":844,"height":848,"url":"https:\/\/www.silverflame.eu\/wp-content\/uploads\/2022\/10\/wall-unit-fly-m3-ww.png","type":"image\/png"}],"twitter_card":"summary_large_image","twitter_misc":{"Ber\u00e4knad l\u00e4stid":"2 minuter"},"schema":{"@context":"https:\/\/schema.org","@graph":[{"@type":"WebPage","@id":"https:\/\/www.silverflame.eu\/product\/wall-unit-fly-m3-with-biofireplace\/","url":"https:\/\/www.silverflame.eu\/product\/wall-unit-fly-m3-with-biofireplace\/","name":"V\u00e4ggsk\u00e5p \u00abFly M3\u00bb med bioeldstad | SilverFlame","isPartOf":{"@id":"https:\/\/www.silverflame.eu\/ru\/#website"},"primaryImageOfPage":{"@id":"https:\/\/www.silverflame.eu\/product\/wall-unit-fly-m3-with-biofireplace\/#primaryimage"},"image":{"@id":"https:\/\/www.silverflame.eu\/product\/wall-unit-fly-m3-with-biofireplace\/#primaryimage"},"thumbnailUrl":"https:\/\/www.silverflame.eu\/wp-content\/uploads\/2022\/10\/wall-unit-fly-m3-ww.png","datePublished":"2022-10-17T20:55:52+00:00","dateModified":"2026-01-15T05:46:04+00:00","description":"V\u00e4ggsk\u00e5p \u00abFly M3\u00bb med bioeldstad: M\u00f6bler med bioeldstad \u00e4r ett nytt ord i design- och inredningsv\u00e4rlden! Det kommer inte bara att l\u00e4gga till elegans och unikhet till ditt rum, utan ocks\u00e5 skapa en mysig atmosf\u00e4r p\u00e5 grund av den levande l\u00e5gan fr\u00e5n en bioeldstad.","breadcrumb":{"@id":"https:\/\/www.silverflame.eu\/product\/wall-unit-fly-m3-with-biofireplace\/#breadcrumb"},"inLanguage":"sv-SE","potentialAction":[{"@type":"ReadAction","target":["https:\/\/www.silverflame.eu\/product\/wall-unit-fly-m3-with-biofireplace\/"]}]},{"@type":"ImageObject","inLanguage":"sv-SE","@id":"https:\/\/www.silverflame.eu\/product\/wall-unit-fly-m3-with-biofireplace\/#primaryimage","url":"https:\/\/www.silverflame.eu\/wp-content\/uploads\/2022\/10\/wall-unit-fly-m3-ww.png","contentUrl":"https:\/\/www.silverflame.eu\/wp-content\/uploads\/2022\/10\/wall-unit-fly-m3-ww.png","width":844,"height":848,"caption":"Wall unit \u00abFly M3\u00bb with biofireplace-ww"},{"@type":"BreadcrumbList","@id":"https:\/\/www.silverflame.eu\/product\/wall-unit-fly-m3-with-biofireplace\/#breadcrumb","itemListElement":[{"@type":"ListItem","position":1,"name":"Home page","item":"https:\/\/www.silverflame.eu\/ru\/"},{"@type":"ListItem","position":2,"name":"Shop","item":"https:\/\/www.silverflame.eu\/ru\/shop\/"},{"@type":"ListItem","position":3,"name":"Wall unit \u00abFly M3\u00bb with biofireplace"}]},{"@type":"WebSite","@id":"https:\/\/www.silverflame.eu\/ru\/#website","url":"https:\/\/www.silverflame.eu\/ru\/","name":"SilverFlame","description":"Biofireplaces | biokaminad | biotakat | bioeldst\u00e4der","publisher":{"@id":"https:\/\/www.silverflame.eu\/ru\/#organization"},"potentialAction":[{"@type":"SearchAction","target":{"@type":"EntryPoint","urlTemplate":"https:\/\/www.silverflame.eu\/ru\/?s={search_term_string}"},"query-input":{"@type":"PropertyValueSpecification","valueRequired":true,"valueName":"search_term_string"}}],"inLanguage":"sv-SE"},{"@type":"Organization","@id":"https:\/\/www.silverflame.eu\/ru\/#organization","name":"Silsev O\u00dc","url":"https:\/\/www.silverflame.eu\/ru\/","logo":{"@type":"ImageObject","inLanguage":"sv-SE","@id":"https:\/\/www.silverflame.eu\/ru\/#\/schema\/logo\/image\/","url":"http:\/\/www.silverflame.eu\/wp-content\/uploads\/2021\/11\/SilverFlame_Biofireplaces-shop-in-EU_Big-logo.png","contentUrl":"http:\/\/www.silverflame.eu\/wp-content\/uploads\/2021\/11\/SilverFlame_Biofireplaces-shop-in-EU_Big-logo.png","width":349,"height":478,"caption":"Silsev O\u00dc"},"image":{"@id":"https:\/\/www.silverflame.eu\/ru\/#\/schema\/logo\/image\/"},"sameAs":["https:\/\/www.facebook.com\/SilverFlameEurope","https:\/\/www.instagram.com\/silverflame.eu\/","https:\/\/www.youtube.com\/@SilverFlame-Biofireplaces"],"description":"Welcome to our online store, your one-stop destination for high-quality bioethanol fireplaces, gas heaters, infrared heaters, pop-up tents, patio umbrellas, and more. We specialize in delivering eco-friendly heating solutions and outdoor living products across Europe. Our selection is designed for comfort, style, and sustainability, ensuring that your home and outdoor spaces are both cozy and modern. Enjoy fast shipping, competitive prices, and exceptional customer service with every purchase.","email":"info@silverflame.eu","legalName":"Silsev O\u00dc","publishingPrinciples":"https:\/\/www.silverflame.eu\/ru\/about-us\/"}]}},"_links":{"self":[{"href":"https:\/\/www.silverflame.eu\/sv\/wp-json\/wp\/v2\/product\/4144","targetHints":{"allow":["GET"]}}],"collection":[{"href":"https:\/\/www.silverflame.eu\/sv\/wp-json\/wp\/v2\/product"}],"about":[{"href":"https:\/\/www.silverflame.eu\/sv\/wp-json\/wp\/v2\/types\/product"}],"wp:featuredmedia":[{"embeddable":true,"href":"https:\/\/www.silverflame.eu\/sv\/wp-json\/wp\/v2\/media\/4150"}],"wp:attachment":[{"href":"https:\/\/www.silverflame.eu\/sv\/wp-json\/wp\/v2\/media?parent=4144"}],"wp:term":[{"taxonomy":"product_brand","embeddable":true,"href":"https:\/\/www.silverflame.eu\/sv\/wp-json\/wp\/v2\/product_brand?post=4144"},{"taxonomy":"product_cat","embeddable":true,"href":"https:\/\/www.silverflame.eu\/sv\/wp-json\/wp\/v2\/product_cat?post=4144"},{"taxonomy":"product_tag","embeddable":true,"href":"https:\/\/www.silverflame.eu\/sv\/wp-json\/wp\/v2\/product_tag?post=4144"}],"curies":[{"name":"wp","href":"https:\/\/api.w.org\/{rel}","templated":true}]}}