{"id":4640,"date":"2024-01-12T15:27:11","date_gmt":"2024-01-12T13:27:11","guid":{"rendered":"http:\/\/www.silverflame.eu\/?post_type=product&#038;p=4640"},"modified":"2026-01-15T07:46:25","modified_gmt":"2026-01-15T05:46:25","slug":"biofireplace-imara","status":"publish","type":"product","link":"https:\/\/www.silverflame.eu\/sv\/produkt\/biofireplace-imara\/","title":{"rendered":"Bioeldstad \u00ab\u200eImara\u00bb + komplett set"},"content":{"rendered":"<h5><span style=\"color: #000000;\"><strong>Om produkten:<\/strong><\/span><\/h5>\n<p>Bioeldstad \u00ab\u200eImara\u00bb \u00e4r en perfekt kombination av stil, funktionalitet och modern teknik. Dess minimalistiska design och enkla form g\u00f6r att den passar in i alla typer av interi\u00f6rer, vilket ger elegans och karakt\u00e4r. Tillverkad av material av h\u00f6g kvalitet, \u00ab\u200eImara\u00bb garanterar h\u00e5llbarhet, stabilitet och s\u00e4kerhet vid anv\u00e4ndning.<\/p>\n<p>Kr\u00e4ver ingen anslutning till en skorsten. Det \u00e4r bara att placera, h\u00e4lla biobr\u00e4nsle upp till den niv\u00e5 som \u00e4r markerad i beh\u00e5llaren och njut av v\u00e4rmen och den vackra utsikten \u00f6ver en riktig brasa! Det \u00e4r m\u00f6jligt att reglera och sl\u00e4cka l\u00e5gan n\u00e4r som helst. T\u00e4nk p\u00e5 att ventilera rummet d\u00e4r bioeldstaden \u00e4r placerad. Om v\u00e4derf\u00f6rh\u00e5llandena \u00e4r gynnsamma kan det vara en dekoration av terrassen eller tr\u00e4dg\u00e5rden.<\/p>\n<p>Bioeldstad \u00abImara\u200e\u00bb \u00e4r frist\u00e5ende och kr\u00e4ver ingen speciell montering, det r\u00e4cker med att montera elementen som l\u00e4ggs till i f\u00f6rpackningen i enlighet med bruksanvisningen.<\/p>\n<p>&nbsp;<\/p>\n<h5><strong>Kvalitets- och s\u00e4kerhetsgaranti:<\/strong><\/h5>\n<p><b>Bioeldst\u00e4der tillverkas enligt den senaste europeiska standarden PN-EN 16647:15_11.\u00a0<\/b><\/p>\n<div>Absorberande insats placerad i mitten av beh\u00e5llaren minskar br\u00e4nslef\u00f6rbrukningen och skyddar mot spill av biobr\u00e4nslen vid lutning av enheten. Bioeldstad har en korkdyna f\u00f6r att f\u00f6rhindra repor p\u00e5 ytan som de st\u00e5r p\u00e5.<\/div>\n<div><\/div>\n<div>\n<p><strong><em>OBS!<\/em> Tills\u00e4tt inte biobr\u00e4nsle till en bioeldstad som \u00e4r ig\u00e5ng eller fortfarande het!<br \/>\n<em>OBS!<\/em><\/strong> Vid f\u00f6rbr\u00e4nning och efter sl\u00e4ckning \u00e4r biobeh\u00e5llaren v\u00e4ldigt varm, r\u00f6r den inte!<\/p>\n<\/div>\n<p>&nbsp;<\/p>\n<div>\n<h5><strong>Ekologisk v\u00e4rme:<\/strong><\/h5>\n<p class=\"data-item-hidden\">Vi handlar alla om ekologi! Genom att k\u00f6pa v\u00e5r bioeldstad bryr du dig om milj\u00f6n. Du bidrar inte till att det bildas smog. Allt detta beror p\u00e5 det faktum att produkterna fr\u00e5n biobr\u00e4nslef\u00f6rbr\u00e4nning endast \u00e4r: v\u00e4rme, vatten\u00e5nga och en f\u00f6rsumbar m\u00e4ngd koldioxid (som i luften som andas ut av oss).<\/p>\n<p>Bioeldstad h\u00f6jer temperaturen upp till flera grader Celsius, beroende p\u00e5 h\u00f6jden p\u00e5 l\u00e5gan och storleken p\u00e5 insidan. 100 % genererad v\u00e4rme f\u00f6rs vidare till rummet, tack vare vilken bioeldstaden kan vara en extra v\u00e4rmek\u00e4lla!<\/p>\n<p>&nbsp;<\/p>\n<h5><strong>Tillbeh\u00f6r:<\/strong><\/h5>\n<p class=\"translation-block\">Du kan ocks\u00e5 v\u00e4lja n\u00e5gra eleganta och snygga tillbeh\u00f6r som g\u00f6r din bioeldstad \u00e4nnu mer attraktiv.<a href=\"http:\/\/www.silverflame.eu\/sv\/produkt-kategori\/accessories\/\" target=\"_self\"> Se alla tillbeh\u00f6r.<\/a><\/p>\n<\/div>\n<p>&nbsp;<\/p>\n<p><span style=\"color: #ffffff;\">\u00ab\u200eImara\u00bb<\/span><\/p>\n<p><strong><em>L\u00e4s fler intressanta fakta om v\u00e5ra produkter p\u00e5 v\u00e5r <a href=\"http:\/\/www.silverflame.eu\/sv\/blog\/\">blogg!<\/a><\/em><\/strong><\/p>","protected":false},"excerpt":{"rendered":"<h4><strong>Den kompletta biokaminen inneh\u00e5ller: bioeldstad \u00abImara\u200e\u00bb, t\u00e4ndstickor, 1 liter bioetanol, en tratt och en pipett.<\/strong><\/h4>\n<table data-tablestyle=\"MsoTableGrid\" data-tablelook=\"1696\" aria-rowcount=\"8\">\n<tbody>\n<tr aria-rowindex=\"1\">\n<td data-celllook=\"0\"><span data-contrast=\"auto\">Vikt (kg)<\/span><span data-ccp-props=\"{&quot;201341983&quot;:0,&quot;335559740&quot;:259}\">\u00a0<\/span><\/td>\n<td data-celllook=\"0\"><span data-contrast=\"auto\">5,7<\/span><\/td>\n<\/tr>\n<tr aria-rowindex=\"2\">\n<td data-celllook=\"0\"><span data-contrast=\"auto\">H\u00f6jd (cm)<\/span><span data-ccp-props=\"{&quot;201341983&quot;:0,&quot;335559740&quot;:259}\">\u00a0<\/span><\/td>\n<td data-celllook=\"0\">9<\/td>\n<\/tr>\n<tr aria-rowindex=\"3\">\n<td data-celllook=\"0\"><span data-contrast=\"auto\">Bredd (cm)<\/span><span data-ccp-props=\"{&quot;201341983&quot;:0,&quot;335559740&quot;:259}\">\u00a0<\/span><\/td>\n<td data-celllook=\"0\"><span data-contrast=\"auto\">30<\/span><\/td>\n<\/tr>\n<tr aria-rowindex=\"4\">\n<td data-celllook=\"0\"><span data-contrast=\"auto\">Djup (cm)<\/span><span data-ccp-props=\"{&quot;201341983&quot;:0,&quot;335559740&quot;:259}\">\u00a0<\/span><\/td>\n<td data-celllook=\"0\">15<\/td>\n<\/tr>\n<tr aria-rowindex=\"5\">\n<td data-celllook=\"0\"><span data-contrast=\"auto\">Biobeh\u00e5llarens kapacitet (l)<\/span><span data-ccp-props=\"{&quot;201341983&quot;:0,&quot;335559740&quot;:259}\">\u00a0<\/span><\/td>\n<td data-celllook=\"0\"><span data-contrast=\"auto\">0,2<\/span><\/td>\n<\/tr>\n<tr aria-rowindex=\"6\">\n<td data-celllook=\"0\"><span data-contrast=\"auto\">Eldledningsl\u00e4ngd (cm)<\/span><span data-ccp-props=\"{&quot;201341983&quot;:0,&quot;335559740&quot;:259}\">\u00a0<\/span><\/td>\n<td data-celllook=\"0\"><span data-ccp-props=\"{&quot;201341983&quot;:0,&quot;335551550&quot;:1,&quot;335551620&quot;:1,&quot;335559740&quot;:259}\">20<\/span><\/td>\n<\/tr>\n<tr aria-rowindex=\"7\">\n<td data-celllook=\"0\"><span data-contrast=\"auto\">M\u00e5tt p\u00e5 biobeh\u00e5llaren (B x D)(cm)<\/span><\/td>\n<td data-celllook=\"0\">25,5 x 9<\/td>\n<\/tr>\n<tr aria-rowindex=\"8\">\n<td data-celllook=\"0\"><span data-ccp-props=\"{&quot;201341983&quot;:0,&quot;335559740&quot;:259}\">\u00a0Leveranstid<\/span><\/td>\n<td data-celllook=\"0\"><span data-ccp-props=\"{&quot;201341983&quot;:0,&quot;335551550&quot;:1,&quot;335551620&quot;:1,&quot;335559740&quot;:259}\">7-14 dagar<\/span><\/td>\n<\/tr>\n<\/tbody>\n<\/table>","protected":false},"featured_media":4650,"template":"","meta":{"_monsterinsights_skip_tracking":false,"_monsterinsights_sitenote_active":false,"_monsterinsights_sitenote_note":"","_monsterinsights_sitenote_category":0},"product_brand":[],"product_cat":[140,62],"product_tag":[55,124,54,17,68],"class_list":{"0":"post-4640","1":"product","2":"type-product","3":"status-publish","4":"has-post-thumbnail","6":"product_cat-special-offers","7":"product_cat-table-biofireplaces","8":"product_tag-bio-fireplace","9":"product_tag-biocontainer","10":"product_tag-biofireplace","11":"product_tag-17","12":"product_tag-68","13":"product_shipping_class-kiini","14":"pa_aroma-lavender-aroma","15":"pa_aroma-universal-aroma","16":"pa_color-beige-color","17":"pa_color-black-color","18":"pa_color-graphite-color","19":"pa_color-gray-color","20":"pa_color-marble-color","21":"pa_color-white-color","22":"aux-has-gallery","24":"first","25":"instock","26":"sale","27":"taxable","28":"shipping-taxable","29":"purchasable","30":"product-type-variable"},"yoast_head":"<!-- This site is optimized with the Yoast SEO Premium plugin v24.1 (Yoast SEO v27.3) - https:\/\/yoast.com\/product\/yoast-seo-premium-wordpress\/ -->\n<title>Biofireplace \u00ab\u200eImara\u00bb + Full set | SilverFlame<\/title>\n<meta name=\"description\" content=\"Biofireplace \u00ab\u200eImara\u00bb is a perfect combination of style, functionality and modern technology.\u00a0Its minimalist design and simple form make it fit into any ...\" \/>\n<meta name=\"robots\" content=\"index, follow, max-snippet:-1, max-image-preview:large, max-video-preview:-1\" \/>\n<link rel=\"canonical\" href=\"https:\/\/www.silverflame.eu\/sv\/produkt\/biofireplace-imara\/\" \/>\n<meta property=\"og:locale\" content=\"sv_SE\" \/>\n<meta property=\"og:type\" content=\"article\" \/>\n<meta property=\"og:title\" content=\"Biofireplace \u00ab\u200eImara\u00bb + Full set\" \/>\n<meta property=\"og:description\" content=\"Biofireplace \u00ab\u200eImara\u00bb is a perfect combination of style, functionality and modern technology.\u00a0Its minimalist design and simple form make it fit into any ...\" \/>\n<meta property=\"og:url\" content=\"https:\/\/www.silverflame.eu\/sv\/produkt\/biofireplace-imara\/\" \/>\n<meta property=\"og:site_name\" content=\"SilverFlame\" \/>\n<meta property=\"article:publisher\" content=\"https:\/\/www.facebook.com\/SilverFlameEurope\" \/>\n<meta property=\"article:modified_time\" content=\"2026-01-15T05:46:25+00:00\" \/>\n<meta property=\"og:image\" content=\"https:\/\/www.silverflame.eu\/wp-content\/uploads\/2024\/01\/IMARA-grafitowy-scaled.jpg\" \/>\n\t<meta property=\"og:image:width\" content=\"2560\" \/>\n\t<meta property=\"og:image:height\" content=\"2560\" \/>\n\t<meta property=\"og:image:type\" content=\"image\/jpeg\" \/>\n<meta name=\"twitter:card\" content=\"summary_large_image\" \/>\n<meta name=\"twitter:label1\" content=\"Ber\u00e4knad l\u00e4stid\" \/>\n\t<meta name=\"twitter:data1\" content=\"2 minuter\" \/>\n<script type=\"application\/ld+json\" class=\"yoast-schema-graph\">{\"@context\":\"https:\\\/\\\/schema.org\",\"@graph\":[{\"@type\":\"WebPage\",\"@id\":\"https:\\\/\\\/www.silverflame.eu\\\/sv\\\/produkt\\\/biofireplace-imara\\\/\",\"url\":\"https:\\\/\\\/www.silverflame.eu\\\/sv\\\/produkt\\\/biofireplace-imara\\\/\",\"name\":\"Biofireplace \u00ab\u200eImara\u00bb + Full set | SilverFlame\",\"isPartOf\":{\"@id\":\"https:\\\/\\\/www.silverflame.eu\\\/ru\\\/#website\"},\"primaryImageOfPage\":{\"@id\":\"https:\\\/\\\/www.silverflame.eu\\\/sv\\\/produkt\\\/biofireplace-imara\\\/#primaryimage\"},\"image\":{\"@id\":\"https:\\\/\\\/www.silverflame.eu\\\/sv\\\/produkt\\\/biofireplace-imara\\\/#primaryimage\"},\"thumbnailUrl\":\"https:\\\/\\\/www.silverflame.eu\\\/wp-content\\\/uploads\\\/2024\\\/01\\\/IMARA-grafitowy-scaled.jpg\",\"datePublished\":\"2024-01-12T13:27:11+00:00\",\"dateModified\":\"2026-01-15T05:46:25+00:00\",\"description\":\"Biofireplace \u00ab\u200eImara\u00bb is a perfect combination of style, functionality and modern technology.\u00a0Its minimalist design and simple form make it fit into any ...\",\"breadcrumb\":{\"@id\":\"https:\\\/\\\/www.silverflame.eu\\\/sv\\\/produkt\\\/biofireplace-imara\\\/#breadcrumb\"},\"inLanguage\":\"sv-SE\",\"potentialAction\":[{\"@type\":\"ReadAction\",\"target\":[\"https:\\\/\\\/www.silverflame.eu\\\/sv\\\/produkt\\\/biofireplace-imara\\\/\"]}]},{\"@type\":\"ImageObject\",\"inLanguage\":\"sv-SE\",\"@id\":\"https:\\\/\\\/www.silverflame.eu\\\/sv\\\/produkt\\\/biofireplace-imara\\\/#primaryimage\",\"url\":\"https:\\\/\\\/www.silverflame.eu\\\/wp-content\\\/uploads\\\/2024\\\/01\\\/IMARA-grafitowy-scaled.jpg\",\"contentUrl\":\"https:\\\/\\\/www.silverflame.eu\\\/wp-content\\\/uploads\\\/2024\\\/01\\\/IMARA-grafitowy-scaled.jpg\",\"width\":2560,\"height\":2560,\"caption\":\"Biofireplace_Imara_Graphite\"},{\"@type\":\"BreadcrumbList\",\"@id\":\"https:\\\/\\\/www.silverflame.eu\\\/sv\\\/produkt\\\/biofireplace-imara\\\/#breadcrumb\",\"itemListElement\":[{\"@type\":\"ListItem\",\"position\":1,\"name\":\"Home page\",\"item\":\"https:\\\/\\\/www.silverflame.eu\\\/ru\\\/\"},{\"@type\":\"ListItem\",\"position\":2,\"name\":\"Shop\",\"item\":\"https:\\\/\\\/www.silverflame.eu\\\/ru\\\/shop\\\/\"},{\"@type\":\"ListItem\",\"position\":3,\"name\":\"Biofireplace \u00ab\u200eImara\u00bb + Full set\"}]},{\"@type\":\"WebSite\",\"@id\":\"https:\\\/\\\/www.silverflame.eu\\\/ru\\\/#website\",\"url\":\"https:\\\/\\\/www.silverflame.eu\\\/ru\\\/\",\"name\":\"SilverFlame\",\"description\":\"Biofireplaces | biokaminad | biotakat | bioeldst\u00e4der\",\"publisher\":{\"@id\":\"https:\\\/\\\/www.silverflame.eu\\\/ru\\\/#organization\"},\"potentialAction\":[{\"@type\":\"SearchAction\",\"target\":{\"@type\":\"EntryPoint\",\"urlTemplate\":\"https:\\\/\\\/www.silverflame.eu\\\/ru\\\/?s={search_term_string}\"},\"query-input\":{\"@type\":\"PropertyValueSpecification\",\"valueRequired\":true,\"valueName\":\"search_term_string\"}}],\"inLanguage\":\"sv-SE\"},{\"@type\":\"Organization\",\"@id\":\"https:\\\/\\\/www.silverflame.eu\\\/ru\\\/#organization\",\"name\":\"Silsev O\u00dc\",\"url\":\"https:\\\/\\\/www.silverflame.eu\\\/ru\\\/\",\"logo\":{\"@type\":\"ImageObject\",\"inLanguage\":\"sv-SE\",\"@id\":\"https:\\\/\\\/www.silverflame.eu\\\/ru\\\/#\\\/schema\\\/logo\\\/image\\\/\",\"url\":\"http:\\\/\\\/www.silverflame.eu\\\/wp-content\\\/uploads\\\/2021\\\/11\\\/SilverFlame_Biofireplaces-shop-in-EU_Big-logo.png\",\"contentUrl\":\"http:\\\/\\\/www.silverflame.eu\\\/wp-content\\\/uploads\\\/2021\\\/11\\\/SilverFlame_Biofireplaces-shop-in-EU_Big-logo.png\",\"width\":349,\"height\":478,\"caption\":\"Silsev O\u00dc\"},\"image\":{\"@id\":\"https:\\\/\\\/www.silverflame.eu\\\/ru\\\/#\\\/schema\\\/logo\\\/image\\\/\"},\"sameAs\":[\"https:\\\/\\\/www.facebook.com\\\/SilverFlameEurope\",\"https:\\\/\\\/www.instagram.com\\\/silverflame.eu\\\/\",\"https:\\\/\\\/www.youtube.com\\\/@SilverFlame-Biofireplaces\"],\"description\":\"Welcome to our online store, your one-stop destination for high-quality bioethanol fireplaces, gas heaters, infrared heaters, pop-up tents, patio umbrellas, and more. We specialize in delivering eco-friendly heating solutions and outdoor living products across Europe. Our selection is designed for comfort, style, and sustainability, ensuring that your home and outdoor spaces are both cozy and modern. Enjoy fast shipping, competitive prices, and exceptional customer service with every purchase.\",\"email\":\"info@silverflame.eu\",\"legalName\":\"Silsev O\u00dc\",\"publishingPrinciples\":\"https:\\\/\\\/www.silverflame.eu\\\/ru\\\/about-us\\\/\"}]}<\/script>\n<!-- \/ Yoast SEO Premium plugin. -->","yoast_head_json":{"title":"Biofireplace \u00ab\u200eImara\u00bb + Full set | SilverFlame","description":"Biofireplace \u00ab\u200eImara\u00bb is a perfect combination of style, functionality and modern technology.\u00a0Its minimalist design and simple form make it fit into any ...","robots":{"index":"index","follow":"follow","max-snippet":"max-snippet:-1","max-image-preview":"max-image-preview:large","max-video-preview":"max-video-preview:-1"},"canonical":"https:\/\/www.silverflame.eu\/sv\/produkt\/biofireplace-imara\/","og_locale":"sv_SE","og_type":"article","og_title":"Biofireplace \u00ab\u200eImara\u00bb + Full set","og_description":"Biofireplace \u00ab\u200eImara\u00bb is a perfect combination of style, functionality and modern technology.\u00a0Its minimalist design and simple form make it fit into any ...","og_url":"https:\/\/www.silverflame.eu\/sv\/produkt\/biofireplace-imara\/","og_site_name":"SilverFlame","article_publisher":"https:\/\/www.facebook.com\/SilverFlameEurope","article_modified_time":"2026-01-15T05:46:25+00:00","og_image":[{"width":2560,"height":2560,"url":"https:\/\/www.silverflame.eu\/wp-content\/uploads\/2024\/01\/IMARA-grafitowy-scaled.jpg","type":"image\/jpeg"}],"twitter_card":"summary_large_image","twitter_misc":{"Ber\u00e4knad l\u00e4stid":"2 minuter"},"schema":{"@context":"https:\/\/schema.org","@graph":[{"@type":"WebPage","@id":"https:\/\/www.silverflame.eu\/sv\/produkt\/biofireplace-imara\/","url":"https:\/\/www.silverflame.eu\/sv\/produkt\/biofireplace-imara\/","name":"Biofireplace \u00ab\u200eImara\u00bb + Full set | SilverFlame","isPartOf":{"@id":"https:\/\/www.silverflame.eu\/ru\/#website"},"primaryImageOfPage":{"@id":"https:\/\/www.silverflame.eu\/sv\/produkt\/biofireplace-imara\/#primaryimage"},"image":{"@id":"https:\/\/www.silverflame.eu\/sv\/produkt\/biofireplace-imara\/#primaryimage"},"thumbnailUrl":"https:\/\/www.silverflame.eu\/wp-content\/uploads\/2024\/01\/IMARA-grafitowy-scaled.jpg","datePublished":"2024-01-12T13:27:11+00:00","dateModified":"2026-01-15T05:46:25+00:00","description":"Biofireplace \u00ab\u200eImara\u00bb is a perfect combination of style, functionality and modern technology.\u00a0Its minimalist design and simple form make it fit into any ...","breadcrumb":{"@id":"https:\/\/www.silverflame.eu\/sv\/produkt\/biofireplace-imara\/#breadcrumb"},"inLanguage":"sv-SE","potentialAction":[{"@type":"ReadAction","target":["https:\/\/www.silverflame.eu\/sv\/produkt\/biofireplace-imara\/"]}]},{"@type":"ImageObject","inLanguage":"sv-SE","@id":"https:\/\/www.silverflame.eu\/sv\/produkt\/biofireplace-imara\/#primaryimage","url":"https:\/\/www.silverflame.eu\/wp-content\/uploads\/2024\/01\/IMARA-grafitowy-scaled.jpg","contentUrl":"https:\/\/www.silverflame.eu\/wp-content\/uploads\/2024\/01\/IMARA-grafitowy-scaled.jpg","width":2560,"height":2560,"caption":"Biofireplace_Imara_Graphite"},{"@type":"BreadcrumbList","@id":"https:\/\/www.silverflame.eu\/sv\/produkt\/biofireplace-imara\/#breadcrumb","itemListElement":[{"@type":"ListItem","position":1,"name":"Home page","item":"https:\/\/www.silverflame.eu\/ru\/"},{"@type":"ListItem","position":2,"name":"Shop","item":"https:\/\/www.silverflame.eu\/ru\/shop\/"},{"@type":"ListItem","position":3,"name":"Biofireplace \u00ab\u200eImara\u00bb + Full set"}]},{"@type":"WebSite","@id":"https:\/\/www.silverflame.eu\/ru\/#website","url":"https:\/\/www.silverflame.eu\/ru\/","name":"SilverFlame","description":"Biofireplaces | biokaminad | biotakat | bioeldst\u00e4der","publisher":{"@id":"https:\/\/www.silverflame.eu\/ru\/#organization"},"potentialAction":[{"@type":"SearchAction","target":{"@type":"EntryPoint","urlTemplate":"https:\/\/www.silverflame.eu\/ru\/?s={search_term_string}"},"query-input":{"@type":"PropertyValueSpecification","valueRequired":true,"valueName":"search_term_string"}}],"inLanguage":"sv-SE"},{"@type":"Organization","@id":"https:\/\/www.silverflame.eu\/ru\/#organization","name":"Silsev O\u00dc","url":"https:\/\/www.silverflame.eu\/ru\/","logo":{"@type":"ImageObject","inLanguage":"sv-SE","@id":"https:\/\/www.silverflame.eu\/ru\/#\/schema\/logo\/image\/","url":"http:\/\/www.silverflame.eu\/wp-content\/uploads\/2021\/11\/SilverFlame_Biofireplaces-shop-in-EU_Big-logo.png","contentUrl":"http:\/\/www.silverflame.eu\/wp-content\/uploads\/2021\/11\/SilverFlame_Biofireplaces-shop-in-EU_Big-logo.png","width":349,"height":478,"caption":"Silsev O\u00dc"},"image":{"@id":"https:\/\/www.silverflame.eu\/ru\/#\/schema\/logo\/image\/"},"sameAs":["https:\/\/www.facebook.com\/SilverFlameEurope","https:\/\/www.instagram.com\/silverflame.eu\/","https:\/\/www.youtube.com\/@SilverFlame-Biofireplaces"],"description":"Welcome to our online store, your one-stop destination for high-quality bioethanol fireplaces, gas heaters, infrared heaters, pop-up tents, patio umbrellas, and more. We specialize in delivering eco-friendly heating solutions and outdoor living products across Europe. Our selection is designed for comfort, style, and sustainability, ensuring that your home and outdoor spaces are both cozy and modern. Enjoy fast shipping, competitive prices, and exceptional customer service with every purchase.","email":"info@silverflame.eu","legalName":"Silsev O\u00dc","publishingPrinciples":"https:\/\/www.silverflame.eu\/ru\/about-us\/"}]}},"_links":{"self":[{"href":"https:\/\/www.silverflame.eu\/sv\/wp-json\/wp\/v2\/product\/4640","targetHints":{"allow":["GET"]}}],"collection":[{"href":"https:\/\/www.silverflame.eu\/sv\/wp-json\/wp\/v2\/product"}],"about":[{"href":"https:\/\/www.silverflame.eu\/sv\/wp-json\/wp\/v2\/types\/product"}],"wp:featuredmedia":[{"embeddable":true,"href":"https:\/\/www.silverflame.eu\/sv\/wp-json\/wp\/v2\/media\/4650"}],"wp:attachment":[{"href":"https:\/\/www.silverflame.eu\/sv\/wp-json\/wp\/v2\/media?parent=4640"}],"wp:term":[{"taxonomy":"product_brand","embeddable":true,"href":"https:\/\/www.silverflame.eu\/sv\/wp-json\/wp\/v2\/product_brand?post=4640"},{"taxonomy":"product_cat","embeddable":true,"href":"https:\/\/www.silverflame.eu\/sv\/wp-json\/wp\/v2\/product_cat?post=4640"},{"taxonomy":"product_tag","embeddable":true,"href":"https:\/\/www.silverflame.eu\/sv\/wp-json\/wp\/v2\/product_tag?post=4640"}],"curies":[{"name":"wp","href":"https:\/\/api.w.org\/{rel}","templated":true}]}}