{"id":5036,"date":"2024-03-03T22:38:41","date_gmt":"2024-03-03T20:38:41","guid":{"rendered":"http:\/\/www.silverflame.eu\/?post_type=product&#038;p=5036"},"modified":"2024-08-21T04:13:19","modified_gmt":"2024-08-21T01:13:19","slug":"quadrum-grill","status":"publish","type":"product","link":"https:\/\/www.silverflame.eu\/sv\/produkt\/quadrum-grill\/","title":{"rendered":"QUADRUM grill"},"content":{"rendered":"<h5><strong>Om produkten:<\/strong><\/h5>\n<p><strong>QUADRUM grill<\/strong>\u00a0is a high-quality, professional garden grill with a wood-burning fireplace. It combines everything in one. Equipped with a steel grate, handy storage compartments for utensils and spices, and a practical\/capacious recess for wood. QUADRUM is not only a modern garden grill, but also a fully equipped outdoor kitchen.<br \/>\nIt will also work great as a garden fireplace &#8211; an effective source of heat on cold evenings, as well as a stylish and natural way to illuminate the garden.<\/p>\n<p>&nbsp;<\/p>\n<h5><strong>Comfortable operation:<\/strong><\/h5>\n<p>Do you remember the problems with cleaning the grill? With QUADRUM you can forget about it. A specially profiled heating plate allows dirt to flow into the hearth. After use, simply clean the residue with a spatula and then wipe it with a damp cloth. The steel construction is not only attractive to the eye, but also durable. Thanks to this, the fireplace can be used all year round!<\/p>\n<p>&nbsp;<\/p>\n<h5><strong>A new dimension of grilling:<\/strong><\/h5>\n<p>The QUADRUM garden grill will allow you to prepare excellent dishes in comfortable conditions. Equipped with a steel grate that allows traditional grilling. The plate around the wood fireplace allows not only grilling, but also cooking, frying and heating. Prevents food from burning and drying out. Meals here do not come into direct contact with smoke or fire. Preparing food on a grill fired with natural hardwood ensures that the dishes are healthy and have a unique aroma.<\/p>\n<p>QUADRUM is not only an exclusive grill where you can prepare healthy meals. This is an original decoration of the space that will give it a distinctive character. It&#8217;s a way of spending time that guarantees that moments with your loved ones will become unforgettable.<\/p>\n<p>&nbsp;<\/p>\n<h5><strong>QUADRUM garden grill:<\/strong><\/h5>\n<p>&#8211; grilling, cooking, frying, heating<br \/>\n&#8211; comprehensive garden kitchen,<br \/>\n&#8211; perfectly prepared and healthy dishes grilled without contact with smoke and fire,<br \/>\n&#8211; all in one: preparing meals, source of heat, illuminating the space,<br \/>\n&#8211; natural heat from traditional wood,<br \/>\n&#8211; use all year round,<br \/>\n&#8211; durable steel grate and fireplace,<br \/>\n&#8211; functionality and professionalism<br \/>\n&#8211; perfect for private and commercial spaces,<br \/>\n&#8211; practical solutions<br \/>\n&#8211; ease of use and cleaning,<br \/>\n&#8211; modern style<br \/>\n&#8211; unique decoration,<br \/>\n&#8211; a way to spend time with family and friends.<\/p>\n<p>&nbsp;<\/p>\n<p>&nbsp;<\/p>\n<p><strong><em>L\u00e4s fler intressanta fakta om v\u00e5ra produkter p\u00e5 v\u00e5r <a href=\"http:\/\/www.silverflame.eu\/sv\/blog\/\">blogg!<\/a><\/em><\/strong><\/p>","protected":false},"excerpt":{"rendered":"<table dir=\"ltr\" border=\"1\" cellspacing=\"0\" cellpadding=\"0\" data-sheets-root=\"1\">\n<colgroup>\n<col width=\"188\" \/>\n<col width=\"100\" \/><\/colgroup>\n<tbody>\n<tr>\n<td data-sheets-value=\"{&quot;1&quot;:2,&quot;2&quot;:&quot;Weight (kg)&quot;}\">Vikt (kg)<\/td>\n<td data-sheets-value=\"{&quot;1&quot;:3,&quot;3&quot;:14.4}\">95,18<\/td>\n<\/tr>\n<tr>\n<td data-sheets-value=\"{&quot;1&quot;:2,&quot;2&quot;:&quot;Height (cm)&quot;}\">H\u00f6jd (cm)<\/td>\n<td data-sheets-value=\"{&quot;1&quot;:3,&quot;3&quot;:50}\">46,8<\/td>\n<\/tr>\n<tr>\n<td data-sheets-value=\"{&quot;1&quot;:2,&quot;2&quot;:&quot;Width (cm)&quot;}\">Bredd (cm)<\/td>\n<td data-sheets-value=\"{&quot;1&quot;:3,&quot;3&quot;:55}\">77,4<\/td>\n<\/tr>\n<tr>\n<td data-sheets-value=\"{&quot;1&quot;:2,&quot;2&quot;:&quot;Depth (cm)&quot;}\">Djup (cm)<\/td>\n<td data-sheets-value=\"{&quot;1&quot;:3,&quot;3&quot;:55}\">77,4<\/td>\n<\/tr>\n<tr>\n<td data-sheets-value=\"{&quot;1&quot;:2,&quot;2&quot;:&quot;Shipping time&quot;}\">Leveranstid<\/td>\n<td data-sheets-value=\"{&quot;1&quot;:2,&quot;2&quot;:&quot;10-20 days&quot;}\">10-20 dagar<\/td>\n<\/tr>\n<\/tbody>\n<\/table>\n<p>&nbsp;<\/p>","protected":false},"featured_media":5037,"template":"","meta":{"_monsterinsights_skip_tracking":false,"_monsterinsights_sitenote_active":false,"_monsterinsights_sitenote_note":"","_monsterinsights_sitenote_category":0},"product_brand":[],"product_cat":[165],"product_tag":[238,239],"class_list":{"0":"post-5036","1":"product","2":"type-product","3":"status-publish","4":"has-post-thumbnail","6":"product_cat-bbq-grills","7":"product_tag-bbq","8":"product_tag-quadrum","9":"product_shipping_class-delivery-on-a-pallet","10":"aux-has-gallery","12":"first","13":"instock","14":"sale","15":"taxable","16":"shipping-taxable","17":"purchasable","18":"product-type-simple"},"yoast_head":"<!-- This site is optimized with the Yoast SEO Premium plugin v24.1 (Yoast SEO v27.3) - https:\/\/yoast.com\/product\/yoast-seo-premium-wordpress\/ -->\n<title>QUADRUM grill | SilverFlame<\/title>\n<meta name=\"description\" content=\"QUADRUM grill\u00a0is a high-quality, professional garden grill with a wood-burning fireplace. It combines everything in one. Equipped with a steel grate, ha...\" \/>\n<meta name=\"robots\" content=\"index, follow, max-snippet:-1, max-image-preview:large, max-video-preview:-1\" \/>\n<link rel=\"canonical\" href=\"https:\/\/www.silverflame.eu\/sv\/tuote\/quadrum-grill\/\" \/>\n<meta property=\"og:locale\" content=\"sv_SE\" \/>\n<meta property=\"og:type\" content=\"article\" \/>\n<meta property=\"og:title\" content=\"QUADRUM grill\" \/>\n<meta property=\"og:description\" content=\"QUADRUM grill\u00a0is a high-quality, professional garden grill with a wood-burning fireplace. It combines everything in one. Equipped with a steel grate, ha...\" \/>\n<meta property=\"og:url\" content=\"https:\/\/www.silverflame.eu\/sv\/tuote\/quadrum-grill\/\" \/>\n<meta property=\"og:site_name\" content=\"SilverFlame\" \/>\n<meta property=\"article:publisher\" content=\"https:\/\/www.facebook.com\/SilverFlameEurope\" \/>\n<meta property=\"article:modified_time\" content=\"2024-08-21T01:13:19+00:00\" \/>\n<meta property=\"og:image\" content=\"https:\/\/www.silverflame.eu\/wp-content\/uploads\/2024\/03\/silverflame-quadrum-grill.png\" \/>\n\t<meta property=\"og:image:width\" content=\"700\" \/>\n\t<meta property=\"og:image:height\" content=\"700\" \/>\n\t<meta property=\"og:image:type\" content=\"image\/png\" \/>\n<meta name=\"twitter:card\" content=\"summary_large_image\" \/>\n<meta name=\"twitter:label1\" content=\"Ber\u00e4knad l\u00e4stid\" \/>\n\t<meta name=\"twitter:data1\" content=\"2 minuter\" \/>\n<script type=\"application\/ld+json\" class=\"yoast-schema-graph\">{\"@context\":\"https:\\\/\\\/schema.org\",\"@graph\":[{\"@type\":\"WebPage\",\"@id\":\"https:\\\/\\\/www.silverflame.eu\\\/fi\\\/tuote\\\/quadrum-grill\\\/\",\"url\":\"https:\\\/\\\/www.silverflame.eu\\\/fi\\\/tuote\\\/quadrum-grill\\\/\",\"name\":\"QUADRUM grill | SilverFlame\",\"isPartOf\":{\"@id\":\"https:\\\/\\\/www.silverflame.eu\\\/ru\\\/#website\"},\"primaryImageOfPage\":{\"@id\":\"https:\\\/\\\/www.silverflame.eu\\\/fi\\\/tuote\\\/quadrum-grill\\\/#primaryimage\"},\"image\":{\"@id\":\"https:\\\/\\\/www.silverflame.eu\\\/fi\\\/tuote\\\/quadrum-grill\\\/#primaryimage\"},\"thumbnailUrl\":\"https:\\\/\\\/www.silverflame.eu\\\/wp-content\\\/uploads\\\/2024\\\/03\\\/silverflame-quadrum-grill.png\",\"datePublished\":\"2024-03-03T20:38:41+00:00\",\"dateModified\":\"2024-08-21T01:13:19+00:00\",\"description\":\"QUADRUM grill\u00a0is a high-quality, professional garden grill with a wood-burning fireplace. It combines everything in one. Equipped with a steel grate, ha...\",\"breadcrumb\":{\"@id\":\"https:\\\/\\\/www.silverflame.eu\\\/fi\\\/tuote\\\/quadrum-grill\\\/#breadcrumb\"},\"inLanguage\":\"sv-SE\",\"potentialAction\":[{\"@type\":\"ReadAction\",\"target\":[\"https:\\\/\\\/www.silverflame.eu\\\/fi\\\/tuote\\\/quadrum-grill\\\/\"]}]},{\"@type\":\"ImageObject\",\"inLanguage\":\"sv-SE\",\"@id\":\"https:\\\/\\\/www.silverflame.eu\\\/fi\\\/tuote\\\/quadrum-grill\\\/#primaryimage\",\"url\":\"https:\\\/\\\/www.silverflame.eu\\\/wp-content\\\/uploads\\\/2024\\\/03\\\/silverflame-quadrum-grill.png\",\"contentUrl\":\"https:\\\/\\\/www.silverflame.eu\\\/wp-content\\\/uploads\\\/2024\\\/03\\\/silverflame-quadrum-grill.png\",\"width\":700,\"height\":700,\"caption\":\"silverflame-quadrum-grill\"},{\"@type\":\"BreadcrumbList\",\"@id\":\"https:\\\/\\\/www.silverflame.eu\\\/fi\\\/tuote\\\/quadrum-grill\\\/#breadcrumb\",\"itemListElement\":[{\"@type\":\"ListItem\",\"position\":1,\"name\":\"Home page\",\"item\":\"https:\\\/\\\/www.silverflame.eu\\\/ru\\\/\"},{\"@type\":\"ListItem\",\"position\":2,\"name\":\"Shop\",\"item\":\"https:\\\/\\\/www.silverflame.eu\\\/ru\\\/shop\\\/\"},{\"@type\":\"ListItem\",\"position\":3,\"name\":\"QUADRUM grill\"}]},{\"@type\":\"WebSite\",\"@id\":\"https:\\\/\\\/www.silverflame.eu\\\/ru\\\/#website\",\"url\":\"https:\\\/\\\/www.silverflame.eu\\\/ru\\\/\",\"name\":\"SilverFlame\",\"description\":\"Biofireplaces | biokaminad | biotakat | bioeldst\u00e4der\",\"publisher\":{\"@id\":\"https:\\\/\\\/www.silverflame.eu\\\/ru\\\/#organization\"},\"potentialAction\":[{\"@type\":\"SearchAction\",\"target\":{\"@type\":\"EntryPoint\",\"urlTemplate\":\"https:\\\/\\\/www.silverflame.eu\\\/ru\\\/?s={search_term_string}\"},\"query-input\":{\"@type\":\"PropertyValueSpecification\",\"valueRequired\":true,\"valueName\":\"search_term_string\"}}],\"inLanguage\":\"sv-SE\"},{\"@type\":\"Organization\",\"@id\":\"https:\\\/\\\/www.silverflame.eu\\\/ru\\\/#organization\",\"name\":\"Silsev O\u00dc\",\"url\":\"https:\\\/\\\/www.silverflame.eu\\\/ru\\\/\",\"logo\":{\"@type\":\"ImageObject\",\"inLanguage\":\"sv-SE\",\"@id\":\"https:\\\/\\\/www.silverflame.eu\\\/ru\\\/#\\\/schema\\\/logo\\\/image\\\/\",\"url\":\"http:\\\/\\\/www.silverflame.eu\\\/wp-content\\\/uploads\\\/2021\\\/11\\\/SilverFlame_Biofireplaces-shop-in-EU_Big-logo.png\",\"contentUrl\":\"http:\\\/\\\/www.silverflame.eu\\\/wp-content\\\/uploads\\\/2021\\\/11\\\/SilverFlame_Biofireplaces-shop-in-EU_Big-logo.png\",\"width\":349,\"height\":478,\"caption\":\"Silsev O\u00dc\"},\"image\":{\"@id\":\"https:\\\/\\\/www.silverflame.eu\\\/ru\\\/#\\\/schema\\\/logo\\\/image\\\/\"},\"sameAs\":[\"https:\\\/\\\/www.facebook.com\\\/SilverFlameEurope\",\"https:\\\/\\\/www.instagram.com\\\/silverflame.eu\\\/\",\"https:\\\/\\\/www.youtube.com\\\/@SilverFlame-Biofireplaces\"],\"description\":\"Welcome to our online store, your one-stop destination for high-quality bioethanol fireplaces, gas heaters, infrared heaters, pop-up tents, patio umbrellas, and more. We specialize in delivering eco-friendly heating solutions and outdoor living products across Europe. Our selection is designed for comfort, style, and sustainability, ensuring that your home and outdoor spaces are both cozy and modern. Enjoy fast shipping, competitive prices, and exceptional customer service with every purchase.\",\"email\":\"info@silverflame.eu\",\"legalName\":\"Silsev O\u00dc\",\"publishingPrinciples\":\"https:\\\/\\\/www.silverflame.eu\\\/ru\\\/about-us\\\/\"}]}<\/script>\n<!-- \/ Yoast SEO Premium plugin. -->","yoast_head_json":{"title":"QUADRUM grill | SilverFlame","description":"QUADRUM grill\u00a0is a high-quality, professional garden grill with a wood-burning fireplace. It combines everything in one. Equipped with a steel grate, ha...","robots":{"index":"index","follow":"follow","max-snippet":"max-snippet:-1","max-image-preview":"max-image-preview:large","max-video-preview":"max-video-preview:-1"},"canonical":"https:\/\/www.silverflame.eu\/sv\/tuote\/quadrum-grill\/","og_locale":"sv_SE","og_type":"article","og_title":"QUADRUM grill","og_description":"QUADRUM grill\u00a0is a high-quality, professional garden grill with a wood-burning fireplace. It combines everything in one. Equipped with a steel grate, ha...","og_url":"https:\/\/www.silverflame.eu\/sv\/tuote\/quadrum-grill\/","og_site_name":"SilverFlame","article_publisher":"https:\/\/www.facebook.com\/SilverFlameEurope","article_modified_time":"2024-08-21T01:13:19+00:00","og_image":[{"width":700,"height":700,"url":"https:\/\/www.silverflame.eu\/wp-content\/uploads\/2024\/03\/silverflame-quadrum-grill.png","type":"image\/png"}],"twitter_card":"summary_large_image","twitter_misc":{"Ber\u00e4knad l\u00e4stid":"2 minuter"},"schema":{"@context":"https:\/\/schema.org","@graph":[{"@type":"WebPage","@id":"https:\/\/www.silverflame.eu\/fi\/tuote\/quadrum-grill\/","url":"https:\/\/www.silverflame.eu\/fi\/tuote\/quadrum-grill\/","name":"QUADRUM grill | SilverFlame","isPartOf":{"@id":"https:\/\/www.silverflame.eu\/ru\/#website"},"primaryImageOfPage":{"@id":"https:\/\/www.silverflame.eu\/fi\/tuote\/quadrum-grill\/#primaryimage"},"image":{"@id":"https:\/\/www.silverflame.eu\/fi\/tuote\/quadrum-grill\/#primaryimage"},"thumbnailUrl":"https:\/\/www.silverflame.eu\/wp-content\/uploads\/2024\/03\/silverflame-quadrum-grill.png","datePublished":"2024-03-03T20:38:41+00:00","dateModified":"2024-08-21T01:13:19+00:00","description":"QUADRUM grill\u00a0is a high-quality, professional garden grill with a wood-burning fireplace. It combines everything in one. Equipped with a steel grate, ha...","breadcrumb":{"@id":"https:\/\/www.silverflame.eu\/fi\/tuote\/quadrum-grill\/#breadcrumb"},"inLanguage":"sv-SE","potentialAction":[{"@type":"ReadAction","target":["https:\/\/www.silverflame.eu\/fi\/tuote\/quadrum-grill\/"]}]},{"@type":"ImageObject","inLanguage":"sv-SE","@id":"https:\/\/www.silverflame.eu\/fi\/tuote\/quadrum-grill\/#primaryimage","url":"https:\/\/www.silverflame.eu\/wp-content\/uploads\/2024\/03\/silverflame-quadrum-grill.png","contentUrl":"https:\/\/www.silverflame.eu\/wp-content\/uploads\/2024\/03\/silverflame-quadrum-grill.png","width":700,"height":700,"caption":"silverflame-quadrum-grill"},{"@type":"BreadcrumbList","@id":"https:\/\/www.silverflame.eu\/fi\/tuote\/quadrum-grill\/#breadcrumb","itemListElement":[{"@type":"ListItem","position":1,"name":"Home page","item":"https:\/\/www.silverflame.eu\/ru\/"},{"@type":"ListItem","position":2,"name":"Shop","item":"https:\/\/www.silverflame.eu\/ru\/shop\/"},{"@type":"ListItem","position":3,"name":"QUADRUM grill"}]},{"@type":"WebSite","@id":"https:\/\/www.silverflame.eu\/ru\/#website","url":"https:\/\/www.silverflame.eu\/ru\/","name":"SilverFlame","description":"Biofireplaces | biokaminad | biotakat | bioeldst\u00e4der","publisher":{"@id":"https:\/\/www.silverflame.eu\/ru\/#organization"},"potentialAction":[{"@type":"SearchAction","target":{"@type":"EntryPoint","urlTemplate":"https:\/\/www.silverflame.eu\/ru\/?s={search_term_string}"},"query-input":{"@type":"PropertyValueSpecification","valueRequired":true,"valueName":"search_term_string"}}],"inLanguage":"sv-SE"},{"@type":"Organization","@id":"https:\/\/www.silverflame.eu\/ru\/#organization","name":"Silsev O\u00dc","url":"https:\/\/www.silverflame.eu\/ru\/","logo":{"@type":"ImageObject","inLanguage":"sv-SE","@id":"https:\/\/www.silverflame.eu\/ru\/#\/schema\/logo\/image\/","url":"http:\/\/www.silverflame.eu\/wp-content\/uploads\/2021\/11\/SilverFlame_Biofireplaces-shop-in-EU_Big-logo.png","contentUrl":"http:\/\/www.silverflame.eu\/wp-content\/uploads\/2021\/11\/SilverFlame_Biofireplaces-shop-in-EU_Big-logo.png","width":349,"height":478,"caption":"Silsev O\u00dc"},"image":{"@id":"https:\/\/www.silverflame.eu\/ru\/#\/schema\/logo\/image\/"},"sameAs":["https:\/\/www.facebook.com\/SilverFlameEurope","https:\/\/www.instagram.com\/silverflame.eu\/","https:\/\/www.youtube.com\/@SilverFlame-Biofireplaces"],"description":"Welcome to our online store, your one-stop destination for high-quality bioethanol fireplaces, gas heaters, infrared heaters, pop-up tents, patio umbrellas, and more. We specialize in delivering eco-friendly heating solutions and outdoor living products across Europe. Our selection is designed for comfort, style, and sustainability, ensuring that your home and outdoor spaces are both cozy and modern. Enjoy fast shipping, competitive prices, and exceptional customer service with every purchase.","email":"info@silverflame.eu","legalName":"Silsev O\u00dc","publishingPrinciples":"https:\/\/www.silverflame.eu\/ru\/about-us\/"}]}},"_links":{"self":[{"href":"https:\/\/www.silverflame.eu\/sv\/wp-json\/wp\/v2\/product\/5036","targetHints":{"allow":["GET"]}}],"collection":[{"href":"https:\/\/www.silverflame.eu\/sv\/wp-json\/wp\/v2\/product"}],"about":[{"href":"https:\/\/www.silverflame.eu\/sv\/wp-json\/wp\/v2\/types\/product"}],"wp:featuredmedia":[{"embeddable":true,"href":"https:\/\/www.silverflame.eu\/sv\/wp-json\/wp\/v2\/media\/5037"}],"wp:attachment":[{"href":"https:\/\/www.silverflame.eu\/sv\/wp-json\/wp\/v2\/media?parent=5036"}],"wp:term":[{"taxonomy":"product_brand","embeddable":true,"href":"https:\/\/www.silverflame.eu\/sv\/wp-json\/wp\/v2\/product_brand?post=5036"},{"taxonomy":"product_cat","embeddable":true,"href":"https:\/\/www.silverflame.eu\/sv\/wp-json\/wp\/v2\/product_cat?post=5036"},{"taxonomy":"product_tag","embeddable":true,"href":"https:\/\/www.silverflame.eu\/sv\/wp-json\/wp\/v2\/product_tag?post=5036"}],"curies":[{"name":"wp","href":"https:\/\/api.w.org\/{rel}","templated":true}]}}